{"id":6169,"date":"2023-01-17T11:15:59","date_gmt":"2023-01-17T17:15:59","guid":{"rendered":"https:\/\/ipautomationinc.com\/?page_id=6169"},"modified":"2024-08-09T13:28:47","modified_gmt":"2024-08-09T18:28:47","slug":"robotyka","status":"publish","type":"page","link":"https:\/\/ipautomationinc.com\/pl\/accessories\/robotics\/","title":{"rendered":"Inteligentne rozwi\u0105zania robotyczne"},"content":{"rendered":"<h6 class=\"wp-block-heading\"><strong>Inteligentne rozwi\u0105zania robotyczne otwieraj\u0105 nowy \u015bwiat proces\u00f3w o warto\u015bci dodanej bez dodatkowych koszt\u00f3w pracy. Bezproblemowa integracja robot\u00f3w jest cech\u0105 charakterystyczn\u0105 naszych gi\u0119tarek drutu CNC, a nasza wiedza specjalistyczna w zakresie integracji robot\u00f3w do form drutu nie ma sobie r\u00f3wnych. Roboty to nasze najpopularniejsze akcesorium. Opracowali\u015bmy obszern\u0105 bibliotek\u0119 konfigurowalnych konfiguracji chwytak\u00f3w oraz nasze w\u0142asne narz\u0119dzie do szybkiej wymiany EOAT (oprzyrz\u0105dowanie ko\u0144ca ramienia), kt\u00f3re pozwala na zmian\u0119 oprzyrz\u0105dowania chwytaka w mniej ni\u017c minut\u0119.<\/strong><\/h6>\n\n\n\n<p>&gt;wr\u00f3\u0107 do akcesori\u00f3w<br>h2<br><a href=\"https:\/\/ipautomationinc.com\/pl\/akcesoria\/\">https:\/\/ipautomationinc.com\/accessories\/<\/a><br>lewy<br>#949494<br>ukrywa\u0107<br><br>Inteligentne rozwi\u0105zania robotyczne<br>h1<br><br>lewy<br>ukrywa\u0107<br>zanikanie<br><br><img decoding=\"async\" src=\"https:\/\/ipautomationinc.com\/wp-content\/uploads\/2022\/06\/machine-options_robot.png\" alt=\"opcje_komputera_robot\"><br>pe\u0142ny<br>zawiera\u0107<br><br>ukrywa\u0107<br><br><h4>Inteligentne rozwi\u0105zania robotyczne otwieraj\u0105 nowy \u015bwiat proces\u00f3w o warto\u015bci dodanej bez dodatkowych koszt\u00f3w pracy. Bezproblemowa integracja robot\u00f3w jest cech\u0105 charakterystyczn\u0105 naszych gi\u0119tarek drutu CNC, a nasza wiedza specjalistyczna w zakresie integracji robot\u00f3w do form drutu nie ma sobie r\u00f3wnych.<\/h4> <br><h4>Roboty to nasze najpopularniejsze akcesorium. Opracowali\u015bmy obszern\u0105 bibliotek\u0119 konfigurowalnych konfiguracji chwytak\u00f3w oraz w\u0142asne narz\u0119dzie do szybkiej wymiany EOAT (oprzyrz\u0105dowanie ko\u0144ca ramienia), kt\u00f3re pozwala na zmian\u0119 oprzyrz\u0105dowania chwytaka w mniej ni\u017c minut\u0119.<\/h4><br>#000000<br>ukrywa\u0107<br><br>210,445,602<br>Miniaturka<br>4<br>solidny<br>#0455B3<br>3px 3px 3px 3px<br>ukryj tablet<br>ukrywa\u0107<br><br>210,445,602<br>Miniaturka<br>3<br>solidny<br>#0455B3<br>3px 3px 3px 3px<br>ukrywa\u0107<br><br>40<br>ukrywa\u0107<br><br>G\u0142oska bezd\u017awi\u0119czna<br>h3<br><br>ukrywa\u0107<br><br>789124480<br>zawiera\u0107<br><br>ukrywa\u0107<br><br>40<br>ukrywa\u0107<br><br>Cechy<br>h3<br><br>ukrywa\u0107<br><br>Kluczowe cechy<br>Detale<br>Dodatki<br> <br>Sprawdzone w bran\u017cy roboty 6-osiowe FANUC <br>Zawiera EOAT na 1 cz\u0119\u015b\u0107 <br>Bezproblemowa integracja z naszymi maszynami do gi\u0119cia drutu <br> <br><br>Profesjonalne i bezpieczne rozwi\u0105zanie robotyczne zaczyna si\u0119 od naszej dobrze zaprojektowanej i dok\u0142adnie przetestowanej podstawy, kt\u00f3ra zapewnia funkcje zarz\u0105dzania kablami, poziomowania i kotwiczenia. Dost\u0119pne s\u0105 r\u00f3wnie\u017c konstrukcje z ruchomymi podstawami.  <br> <br> <br>Nasi eksperci w dziedzinie robotyki zdejm\u0105 z Ciebie ca\u0142\u0105 niepewno\u015b\u0107 i in\u017cynieri\u0119, a nasi technicy pomog\u0105 przeszkoli\u0107 operator\u00f3w i przygotowa\u0107 personel w celu zdobycia wiedzy na temat potrzebnych robot\u00f3w steruj\u0105cych. <br> <br> <br>Jeste\u015bmy certyfikowanym integratorem Fanuc, a Fanuc jest naszym preferowanym partnerem. Zakup robota obejmuje zaliczenie szkole\u0144 w plac\u00f3wkach szkoleniowych firmy Fanuc na ca\u0142ym \u015bwiecie.<br> <br>W zestawie os\u0142ony zabezpieczaj\u0105ce <br>Opcjonalna integracja przeno\u015bnika z opakowaniem warstwowym <br>Opcjonalny skaner pod\u0142ogowy <br><br><br>#EBEBEB<br>#222222<br>ukrywa\u0107<br><br>40<br>ukrywa\u0107<br><br>Koniec oprzyrz\u0105dowania ramienia<br>h3<br><br>ukrywa\u0107<br><br><img decoding=\"async\" src=\"https:\/\/ipautomationinc.com\/wp-content\/uploads\/2023\/01\/all-robot-EOATs-1.jpg\" alt=\"wszystkie roboty EOAT 1\"><br>pe\u0142ny<br>https:\/\/ipautomationinc.com\/wp-content\/uploads\/2023\/01\/all-robot-EOATs-1.jpg<br>zawiera\u0107<br><br>ukrywa\u0107<br><br>4 Oprzyrz\u0105dowanie chwytaka<br>h4<br><br>ukrywa\u0107<br><br><img decoding=\"async\" src=\"https:\/\/ipautomationinc.com\/wp-content\/uploads\/2023\/01\/all-robot-EOATs-2.jpg\" alt=\"wszystkie roboty EOAT 2\"><br>pe\u0142ny<br>https:\/\/ipautomationinc.com\/wp-content\/uploads\/2023\/01\/all-robot-EOATs-2.jpg<br>zawiera\u0107<br>centrum centrum<br>ukrywa\u0107<br><br>Oprzyrz\u0105dowanie z pojedynczym chwytakiem<br>h4<br>centrum centrum<br>Centrum<br>ukrywa\u0107<br><br><img decoding=\"async\" src=\"https:\/\/ipautomationinc.com\/wp-content\/uploads\/2023\/01\/all-robot-EOATs-3.jpg\" alt=\"wszystkie roboty EOAT 3\"><br>pe\u0142ny<br>https:\/\/ipautomationinc.com\/wp-content\/uploads\/2023\/01\/all-robot-EOATs-3.jpg<br>zawiera\u0107<br>centrum centrum<br>ukrywa\u0107<br><br>Oprzyrz\u0105dowanie chwytaka dwucz\u0119\u015bciowego<br>h4<br>centrum centrum<br>Centrum<br>ukrywa\u0107<br><br><\/p>","protected":false},"excerpt":{"rendered":"<p>Intellimate robotic solutions open a new world of value-added processes with no extra labor cost. Seamless robotic integration is native<span class=\"excerpt-hellip\"> [\u2026]<\/span><\/p>\n","protected":false},"author":3,"featured_media":0,"parent":7745,"menu_order":0,"comment_status":"closed","ping_status":"closed","template":"","meta":{"footnotes":""},"class_list":["post-6169","page","type-page","status-publish","hentry"],"yoast_head":"<!-- This site is optimized with the Yoast SEO plugin v27.3 - https:\/\/yoast.com\/product\/yoast-seo-wordpress\/ -->\n<title>Intellimate Robotic Solutions | IP Automation Inc<\/title>\n<meta name=\"description\" content=\"Our robotic solutions open a new world of value-added processes with no extra labor cost. Seamless robotic integration with our wire benders.\" \/>\n<meta name=\"robots\" content=\"index, follow, max-snippet:-1, max-image-preview:large, max-video-preview:-1\" \/>\n<link rel=\"canonical\" href=\"https:\/\/ipautomationinc.com\/pl\/akcesoria\/robotyka\/\" \/>\n<meta property=\"og:locale\" content=\"pl_PL\" \/>\n<meta property=\"og:type\" content=\"article\" \/>\n<meta property=\"og:title\" content=\"Intellimate Robotic Solutions | IP Automation Inc\" \/>\n<meta property=\"og:description\" content=\"Our robotic solutions open a new world of value-added processes with no extra labor cost. Seamless robotic integration with our wire benders.\" \/>\n<meta property=\"og:url\" content=\"https:\/\/ipautomationinc.com\/pl\/akcesoria\/robotyka\/\" \/>\n<meta property=\"og:site_name\" content=\"IP Automation Inc\" \/>\n<meta property=\"article:publisher\" content=\"https:\/\/www.facebook.com\/ipautomationinc\/\" \/>\n<meta property=\"article:modified_time\" content=\"2024-08-09T18:28:47+00:00\" \/>\n<meta property=\"og:image\" content=\"https:\/\/ipautomationinc.com\/wp-content\/uploads\/2022\/06\/machine-options_robot.png\" \/>\n<script type=\"application\/ld+json\" class=\"yoast-schema-graph\">{\"@context\":\"https:\\\/\\\/schema.org\",\"@graph\":[{\"@type\":\"WebPage\",\"@id\":\"https:\\\/\\\/ipautomationinc.com\\\/accessories\\\/robotics\\\/\",\"url\":\"https:\\\/\\\/ipautomationinc.com\\\/accessories\\\/robotics\\\/\",\"name\":\"Intellimate Robotic Solutions | IP Automation Inc\",\"isPartOf\":{\"@id\":\"https:\\\/\\\/ipautomationinc.com\\\/#website\"},\"primaryImageOfPage\":{\"@id\":\"https:\\\/\\\/ipautomationinc.com\\\/accessories\\\/robotics\\\/#primaryimage\"},\"image\":{\"@id\":\"https:\\\/\\\/ipautomationinc.com\\\/accessories\\\/robotics\\\/#primaryimage\"},\"thumbnailUrl\":\"https:\\\/\\\/ipautomationinc.com\\\/wp-content\\\/uploads\\\/2022\\\/06\\\/machine-options_robot.png\",\"datePublished\":\"2023-01-17T17:15:59+00:00\",\"dateModified\":\"2024-08-09T18:28:47+00:00\",\"description\":\"Our robotic solutions open a new world of value-added processes with no extra labor cost. Seamless robotic integration with our wire benders.\",\"breadcrumb\":{\"@id\":\"https:\\\/\\\/ipautomationinc.com\\\/accessories\\\/robotics\\\/#breadcrumb\"},\"inLanguage\":\"pl-PL\",\"potentialAction\":[{\"@type\":\"ReadAction\",\"target\":[\"https:\\\/\\\/ipautomationinc.com\\\/accessories\\\/robotics\\\/\"]}]},{\"@type\":\"ImageObject\",\"inLanguage\":\"pl-PL\",\"@id\":\"https:\\\/\\\/ipautomationinc.com\\\/accessories\\\/robotics\\\/#primaryimage\",\"url\":\"https:\\\/\\\/ipautomationinc.com\\\/wp-content\\\/uploads\\\/2022\\\/06\\\/machine-options_robot.png\",\"contentUrl\":\"https:\\\/\\\/ipautomationinc.com\\\/wp-content\\\/uploads\\\/2022\\\/06\\\/machine-options_robot.png\"},{\"@type\":\"BreadcrumbList\",\"@id\":\"https:\\\/\\\/ipautomationinc.com\\\/accessories\\\/robotics\\\/#breadcrumb\",\"itemListElement\":[{\"@type\":\"ListItem\",\"position\":1,\"name\":\"Accessories\",\"item\":\"https:\\\/\\\/ipautomationinc.com\\\/accessories\\\/\"},{\"@type\":\"ListItem\",\"position\":2,\"name\":\"Intellimate Robotic Solutions\"}]},{\"@type\":\"WebSite\",\"@id\":\"https:\\\/\\\/ipautomationinc.com\\\/#website\",\"url\":\"https:\\\/\\\/ipautomationinc.com\\\/\",\"name\":\"IP Automation Inc\",\"description\":\"Concept... Creation... Reality...\",\"publisher\":{\"@id\":\"https:\\\/\\\/ipautomationinc.com\\\/#organization\"},\"potentialAction\":[{\"@type\":\"SearchAction\",\"target\":{\"@type\":\"EntryPoint\",\"urlTemplate\":\"https:\\\/\\\/ipautomationinc.com\\\/?s={search_term_string}\"},\"query-input\":{\"@type\":\"PropertyValueSpecification\",\"valueRequired\":true,\"valueName\":\"search_term_string\"}}],\"inLanguage\":\"pl-PL\"},{\"@type\":\"Organization\",\"@id\":\"https:\\\/\\\/ipautomationinc.com\\\/#organization\",\"name\":\"IP Automation Inc\",\"url\":\"https:\\\/\\\/ipautomationinc.com\\\/\",\"logo\":{\"@type\":\"ImageObject\",\"inLanguage\":\"pl-PL\",\"@id\":\"https:\\\/\\\/ipautomationinc.com\\\/#\\\/schema\\\/logo\\\/image\\\/\",\"url\":\"https:\\\/\\\/ipautomationinc.com\\\/wp-content\\\/uploads\\\/2022\\\/05\\\/IPA-Favicon.png\",\"contentUrl\":\"https:\\\/\\\/ipautomationinc.com\\\/wp-content\\\/uploads\\\/2022\\\/05\\\/IPA-Favicon.png\",\"width\":513,\"height\":513,\"caption\":\"IP Automation Inc\"},\"image\":{\"@id\":\"https:\\\/\\\/ipautomationinc.com\\\/#\\\/schema\\\/logo\\\/image\\\/\"},\"sameAs\":[\"https:\\\/\\\/www.facebook.com\\\/ipautomationinc\\\/\",\"https:\\\/\\\/www.linkedin.com\\\/company\\\/ip-automation-inc\\\/\",\"https:\\\/\\\/www.youtube.com\\\/@IPAutomation\"]}]}<\/script>\n<!-- \/ Yoast SEO plugin. -->","yoast_head_json":{"title":"Inteligentne rozwi\u0105zania robotyczne | Firma IP Automation Inc","description":"Nasze zrobotyzowane rozwi\u0105zania otwieraj\u0105 nowy \u015bwiat proces\u00f3w o warto\u015bci dodanej bez dodatkowych koszt\u00f3w pracy. Bezproblemowa integracja robot\u00f3w z naszymi gi\u0119tarkami drutu.","robots":{"index":"index","follow":"follow","max-snippet":"max-snippet:-1","max-image-preview":"max-image-preview:large","max-video-preview":"max-video-preview:-1"},"canonical":"https:\/\/ipautomationinc.com\/pl\/akcesoria\/robotyka\/","og_locale":"pl_PL","og_type":"article","og_title":"Intellimate Robotic Solutions | IP Automation Inc","og_description":"Our robotic solutions open a new world of value-added processes with no extra labor cost. Seamless robotic integration with our wire benders.","og_url":"https:\/\/ipautomationinc.com\/pl\/akcesoria\/robotyka\/","og_site_name":"IP Automation Inc","article_publisher":"https:\/\/www.facebook.com\/ipautomationinc\/","article_modified_time":"2024-08-09T18:28:47+00:00","og_image":[{"url":"https:\/\/ipautomationinc.com\/wp-content\/uploads\/2022\/06\/machine-options_robot.png","type":"","width":"","height":""}],"schema":{"@context":"https:\/\/schema.org","@graph":[{"@type":"WebPage","@id":"https:\/\/ipautomationinc.com\/accessories\/robotics\/","url":"https:\/\/ipautomationinc.com\/accessories\/robotics\/","name":"Inteligentne rozwi\u0105zania robotyczne | Firma IP Automation Inc","isPartOf":{"@id":"https:\/\/ipautomationinc.com\/#website"},"primaryImageOfPage":{"@id":"https:\/\/ipautomationinc.com\/accessories\/robotics\/#primaryimage"},"image":{"@id":"https:\/\/ipautomationinc.com\/accessories\/robotics\/#primaryimage"},"thumbnailUrl":"https:\/\/ipautomationinc.com\/wp-content\/uploads\/2022\/06\/machine-options_robot.png","datePublished":"2023-01-17T17:15:59+00:00","dateModified":"2024-08-09T18:28:47+00:00","description":"Nasze zrobotyzowane rozwi\u0105zania otwieraj\u0105 nowy \u015bwiat proces\u00f3w o warto\u015bci dodanej bez dodatkowych koszt\u00f3w pracy. Bezproblemowa integracja robot\u00f3w z naszymi gi\u0119tarkami drutu.","breadcrumb":{"@id":"https:\/\/ipautomationinc.com\/accessories\/robotics\/#breadcrumb"},"inLanguage":"pl-PL","potentialAction":[{"@type":"ReadAction","target":["https:\/\/ipautomationinc.com\/accessories\/robotics\/"]}]},{"@type":"ImageObject","inLanguage":"pl-PL","@id":"https:\/\/ipautomationinc.com\/accessories\/robotics\/#primaryimage","url":"https:\/\/ipautomationinc.com\/wp-content\/uploads\/2022\/06\/machine-options_robot.png","contentUrl":"https:\/\/ipautomationinc.com\/wp-content\/uploads\/2022\/06\/machine-options_robot.png"},{"@type":"BreadcrumbList","@id":"https:\/\/ipautomationinc.com\/accessories\/robotics\/#breadcrumb","itemListElement":[{"@type":"ListItem","position":1,"name":"Accessories","item":"https:\/\/ipautomationinc.com\/accessories\/"},{"@type":"ListItem","position":2,"name":"Intellimate Robotic Solutions"}]},{"@type":"WebSite","@id":"https:\/\/ipautomationinc.com\/#website","url":"https:\/\/ipautomationinc.com\/","name":"Firma IP Automation Inc","description":"Koncepcja... Kreacja... Rzeczywisto\u015b\u0107...","publisher":{"@id":"https:\/\/ipautomationinc.com\/#organization"},"potentialAction":[{"@type":"SearchAction","target":{"@type":"EntryPoint","urlTemplate":"https:\/\/ipautomationinc.com\/?s={search_term_string}"},"query-input":{"@type":"PropertyValueSpecification","valueRequired":true,"valueName":"search_term_string"}}],"inLanguage":"pl-PL"},{"@type":"Organization","@id":"https:\/\/ipautomationinc.com\/#organization","name":"Firma IP Automation Inc","url":"https:\/\/ipautomationinc.com\/","logo":{"@type":"ImageObject","inLanguage":"pl-PL","@id":"https:\/\/ipautomationinc.com\/#\/schema\/logo\/image\/","url":"https:\/\/ipautomationinc.com\/wp-content\/uploads\/2022\/05\/IPA-Favicon.png","contentUrl":"https:\/\/ipautomationinc.com\/wp-content\/uploads\/2022\/05\/IPA-Favicon.png","width":513,"height":513,"caption":"IP Automation Inc"},"image":{"@id":"https:\/\/ipautomationinc.com\/#\/schema\/logo\/image\/"},"sameAs":["https:\/\/www.facebook.com\/ipautomationinc\/","https:\/\/www.linkedin.com\/company\/ip-automation-inc\/","https:\/\/www.youtube.com\/@IPAutomation"]}]}},"_links":{"self":[{"href":"https:\/\/ipautomationinc.com\/pl\/wp-json\/wp\/v2\/pages\/6169","targetHints":{"allow":["GET"]}}],"collection":[{"href":"https:\/\/ipautomationinc.com\/pl\/wp-json\/wp\/v2\/pages"}],"about":[{"href":"https:\/\/ipautomationinc.com\/pl\/wp-json\/wp\/v2\/types\/page"}],"author":[{"embeddable":true,"href":"https:\/\/ipautomationinc.com\/pl\/wp-json\/wp\/v2\/users\/3"}],"replies":[{"embeddable":true,"href":"https:\/\/ipautomationinc.com\/pl\/wp-json\/wp\/v2\/comments?post=6169"}],"version-history":[{"count":1,"href":"https:\/\/ipautomationinc.com\/pl\/wp-json\/wp\/v2\/pages\/6169\/revisions"}],"predecessor-version":[{"id":36744,"href":"https:\/\/ipautomationinc.com\/pl\/wp-json\/wp\/v2\/pages\/6169\/revisions\/36744"}],"up":[{"embeddable":true,"href":"https:\/\/ipautomationinc.com\/pl\/wp-json\/wp\/v2\/pages\/7745"}],"wp:attachment":[{"href":"https:\/\/ipautomationinc.com\/pl\/wp-json\/wp\/v2\/media?parent=6169"}],"curies":[{"name":"wp","href":"https:\/\/api.w.org\/{rel}","templated":true}]}}