{"id":5808,"date":"2023-01-10T16:30:03","date_gmt":"2023-01-10T22:30:03","guid":{"rendered":"https:\/\/ipautomationinc.com\/?page_id=5808"},"modified":"2025-06-27T10:08:34","modified_gmt":"2025-06-27T15:08:34","slug":"polityka-prywatnosci","status":"publish","type":"page","link":"https:\/\/ipautomationinc.com\/pl\/privacy-policy\/","title":{"rendered":"Polityka prywatno\u015bci"},"content":{"rendered":"<h1>Polityka prywatno\u015bci<\/h1>\n<p><span style=\"font-size: revert; color: initial;\">Last Updated: January 1, 2025<\/span><\/p>\n<p>Effective Date: January 1, 2025 IP Automation Inc. (\u201cwe,\u201d \u201cour,\u201d or \u201cus\u201d) is committed to protecting your privacy. This Privacy Policy outlines how we collect, use, and safeguard your personal information when you visit <a href=\"https:\/\/ipautomationinc.com\/pl\/\" target=\"_blank\" rel=\"noopener\">https:\/\/ipautomationinc.com<\/a> (\u201eUs\u0142uga\u201d).<br \/>Korzystaj\u0105c z Us\u0142ugi, wyra\u017casz zgod\u0119 na praktyki opisane w niniejszej Polityce Prywatno\u015bci. Je\u015bli si\u0119 z ni\u0105 nie zgadzasz, nie uzyskuj dost\u0119pu do Us\u0142ugi ani nie korzystaj z niej.<br \/>Information We CollectInformation You Provide When you fill out a form on our website, we may collect your name, email address, phone number, company name, and any message you include.<br \/>Automatically Collected InformationAnalytics: We use services like Google Analytics and Vimeo Analytics to collect information such as IP address, browser type, referring pages, and engagement with videos.<br \/><br \/>Cookies: We use cookies and similar technologies to enhance your experience and gather usage data.<br \/><br \/><span style=\"color: revert; font-size: revert; font-weight: revert;\">Jak wykorzystujemy Twoje dane<\/span><br \/>Aby odpowiedzie\u0107 na zapytania przes\u0142ane za po\u015brednictwem naszych formularzy kontaktowych<br \/><br \/>Aby analizowa\u0107 wykorzystanie witryny i poprawia\u0107 jej wydajno\u015b\u0107<br \/><br \/>Aby monitorowa\u0107 zaanga\u017cowanie w ogl\u0105danie film\u00f3w i funkcjonalno\u015b\u0107 techniczn\u0105<br \/><br \/>Aby pom\u00f3c w utrzymaniu bezpiecze\u0144stwa i zapobiega\u0107 niew\u0142a\u015bciwemu wykorzystaniu<br \/><br \/><\/p>\n<p>Je\u017celi zamierzamy wykorzysta\u0107 Twoje dane w jakimkolwiek celu, kt\u00f3ry nie zosta\u0142 wymieniony powy\u017cej, najpierw poprosimy Ci\u0119 o wyra\u017an\u0105 zgod\u0119.<br \/><br \/>Udost\u0119pnianie informacji<br \/>Nie sprzedajemy ani nie wynajmujemy Twoich danych osobowych marketerom ani innym stronom trzecim. Mo\u017cemy jednak udost\u0119pnia\u0107 Twoje dane zaufanym dostawcom us\u0142ug (np. Google, Vimeo) wy\u0142\u0105cznie w celach analitycznych i monitorowania wydajno\u015bci.<br \/><br \/><br \/>Mo\u017cemy r\u00f3wnie\u017c ujawni\u0107 Twoje dane, je\u017celi wymaga tego prawo, post\u0119powanie prawne lub w przypadku przeniesienia przedsi\u0119biorstwa, np. fuzji lub przej\u0119cia.<br \/><br \/>Przechowywanie danych<br \/>Przechowujemy dane osobowe tak d\u0142ugo, jak jest to konieczne do realizacji cel\u00f3w, dla kt\u00f3rych zosta\u0142y zebrane, lub zgodnie z wymogami prawa. Zazwyczaj oznacza to, \u017ce dane s\u0105 przechowywane od 90 dni do 2 lat po ostatniej interakcji z nami.<br \/><br \/><br \/>Anonimowe lub zagregowane dane, kt\u00f3re nie identyfikuj\u0105 Twojej osoby, mog\u0105 by\u0107 przechowywane bezterminowo.<br \/><br \/>Twoje prawa<br \/>W zale\u017cno\u015bci od Twojej lokalizacji i obowi\u0105zuj\u0105cego prawa mo\u017cesz mie\u0107 prawo do:<br \/><br \/><\/p>\n<p><br \/><br \/>Uzyskaj dost\u0119p do danych osobowych, kt\u00f3re o Tobie posiadamy<br \/><br \/>Popro\u015b o korekt\u0119 lub usuni\u0119cie swoich danych<br \/><br \/>Cofnij zgod\u0119 na przetwarzanie danych<br \/><br \/>Popro\u015b o przeniesienie danych (do innego podmiotu)<br \/><br \/>Z\u0142\u00f3\u017c skarg\u0119 do organu regulacyjnego<br \/><br \/><\/p>\n<p>Aby skorzysta\u0107 ze swoich praw, skontaktuj si\u0119 z nami pod adresem <a href=\"mailto:info@ipautomationinc.com\">info@ipautomationinc.com<\/a>.<br \/><br \/>Cookies Cookies are small files placed on your device to enhance functionality and track usage. For more information about how we use cookies and how you can manage them, please visit our <a href=\"https:\/\/ipautomationinc.com\/pl\/polityka-plikow-cookie\/\" target=\"_blank\" rel=\"noopener\">Polityka Cookie<\/a>.<br \/><br \/>Security We take reasonable precautions to protect your information from unauthorized access, use, or disclosure. However, no system is entirely secure. You use the Service at your own risk.<br \/><br \/>Linki do stron trzecich<br \/>Nasza strona internetowa mo\u017ce zawiera\u0107 linki do zewn\u0119trznych stron, nad kt\u00f3rymi nie mamy kontroli. Nie ponosimy odpowiedzialno\u015bci za ich praktyki dotycz\u0105ce prywatno\u015bci. Zalecamy zapoznanie si\u0119 z polityk\u0105 prywatno\u015bci ka\u017cdej odwiedzanej zewn\u0119trznej strony.<br \/><br \/>Zmiany w niniejszej Polityce<br \/>Mo\u017cemy okresowo aktualizowa\u0107 niniejsz\u0105 Polityk\u0119 prywatno\u015bci. Je\u015bli wprowadzimy istotne zmiany, zamie\u015bcimy powiadomienie na tej stronie. Dalsze korzystanie z Us\u0142ugi po aktualizacjach oznacza akceptacj\u0119 zmienionej polityki.<br \/>Contact UsIf you have questions or concerns, please reach out:<br \/>Automatyzacja IP Inc.<br \/><br \/>400 E Fullerton Avenue<br \/><br \/>Carol Stream, Illinois 60188<br \/><br \/>E-mail: <a href=\"mailto:info@ipautomationinc.com\">info@ipautomationinc.com<\/a><br \/><br \/>Telefon: 630-656-1215<\/p>\n\n\n<p><h1>Privacy PolicyLast Updated: January 1, 2025<\/h1><br><br>  <p>Effective Date: January 1, 2025<\/p><br><br><br><br>  <p><br><br>    IP Automation Inc. (\u201emy\u201d, \u201enasz\u201d lub \u201enas\u201d) zobowi\u0105zuje si\u0119 do ochrony Twojej prywatno\u015bci. Niniejsza Polityka prywatno\u015bci okre\u015bla spos\u00f3b, w jaki zbieramy, wykorzystujemy i chronimy Twoje dane osobowe, gdy odwiedzasz <a href=\"https:\/\/ipautomationinc.com\/pl\/\" target=\"_blank\">https:\/\/ipautomationinc.com<\/a> (\u201eUs\u0142uga\u201d).<br><br>  <\/p><br><br><br><br>  <p><br><br>    Korzystaj\u0105c z Us\u0142ugi, wyra\u017casz zgod\u0119 na praktyki opisane w niniejszej Polityce Prywatno\u015bci. Je\u015bli si\u0119 z ni\u0105 nie zgadzasz, nie uzyskuj dost\u0119pu do Us\u0142ugi ani nie korzystaj z niej.<br><br>  <\/p><br><br><br><br>  <h2>Informacje, kt\u00f3re zbieramy<\/h2><br><br><br><br>  <h3>Informacje, kt\u00f3re podajesz<\/h3><br><br>  <p><br><br>    Gdy wype\u0142niasz formularz na naszej stronie internetowej, mo\u017cemy gromadzi\u0107 Twoje imi\u0119 i nazwisko, adres e-mail, numer telefonu, nazw\u0119 firmy i wszelkie zawarte w nim wiadomo\u015bci.<br><br>  <\/p><br><br><br><br>  <h3>Informacje zbierane automatycznie<\/h3><br><br>  <br><br>    Analytics: We use services like Google Analytics and Vimeo Analytics to collect information such as IP address, browser type, referring pages, and engagement with videos.<br><br>    Cookies: We use cookies and similar technologies to enhance your experience and gather usage data.<br><br>  <br><br><br><br>  <h2>Jak wykorzystujemy Twoje dane<\/h2><br><br>  <br><br>    Aby odpowiedzie\u0107 na zapytania przes\u0142ane za po\u015brednictwem naszych formularzy kontaktowych<br><br>    Aby analizowa\u0107 wykorzystanie witryny i poprawia\u0107 jej wydajno\u015b\u0107<br><br>    Aby monitorowa\u0107 zaanga\u017cowanie w ogl\u0105danie film\u00f3w i funkcjonalno\u015b\u0107 techniczn\u0105<br><br>    Aby pom\u00f3c w utrzymaniu bezpiecze\u0144stwa i zapobiega\u0107 niew\u0142a\u015bciwemu wykorzystaniu<br><br>  <br><br><br><br>  <p><br><br>    Je\u017celi zamierzamy wykorzysta\u0107 Twoje dane w jakimkolwiek celu, kt\u00f3ry nie zosta\u0142 wymieniony powy\u017cej, najpierw poprosimy Ci\u0119 o wyra\u017an\u0105 zgod\u0119.<br><br>  <\/p><br><br><br><br>  <h2>Udost\u0119pnianie informacji<\/h2><br><br>  <p><br><br>    Nie sprzedajemy ani nie wynajmujemy Twoich danych osobowych marketerom ani innym stronom trzecim. Mo\u017cemy jednak udost\u0119pnia\u0107 Twoje dane zaufanym dostawcom us\u0142ug (np. Google, Vimeo) wy\u0142\u0105cznie w celach analitycznych i monitorowania wydajno\u015bci.<br><br>  <\/p><br><br>  <p><br><br>    Mo\u017cemy r\u00f3wnie\u017c ujawni\u0107 Twoje dane, je\u017celi wymaga tego prawo, post\u0119powanie prawne lub w przypadku przeniesienia przedsi\u0119biorstwa, np. fuzji lub przej\u0119cia.<br><br>  <\/p><br><br><br><br>  <h2>Przechowywanie danych<\/h2><br><br>  <p><br><br>    Przechowujemy dane osobowe tak d\u0142ugo, jak jest to konieczne do realizacji cel\u00f3w, dla kt\u00f3rych zosta\u0142y zebrane, lub zgodnie z wymogami prawa. Zazwyczaj oznacza to, \u017ce dane s\u0105 przechowywane od 90 dni do 2 lat po ostatniej interakcji z nami.<br><br>  <\/p><br><br>  <p><br><br>    Anonimowe lub zagregowane dane, kt\u00f3re nie identyfikuj\u0105 Twojej osoby, mog\u0105 by\u0107 przechowywane bezterminowo.<br><br>  <\/p><br><br><br><br>  <h2>Twoje prawa<\/h2><br><br>  <p><br><br>    W zale\u017cno\u015bci od Twojej lokalizacji i obowi\u0105zuj\u0105cego prawa mo\u017cesz mie\u0107 prawo do:<br><br>  <\/p><br><br>  <br><br>    Uzyskaj dost\u0119p do danych osobowych, kt\u00f3re o Tobie posiadamy<br><br>    Popro\u015b o korekt\u0119 lub usuni\u0119cie swoich danych<br><br>    Cofnij zgod\u0119 na przetwarzanie danych<br><br>    Popro\u015b o przeniesienie danych (do innego podmiotu)<br><br>    Z\u0142\u00f3\u017c skarg\u0119 do organu regulacyjnego<br><br>  <br><br>  <p><br><br>    Aby skorzysta\u0107 ze swoich praw, skontaktuj si\u0119 z nami pod adresem <a href=\"mailto:info@ipautomationinc.com\">info@ipautomationinc.com<\/a>.<br><br>  <\/p><br><br><br><br>   <h2>Ciastka<\/h2><br><br>  <p><br><br>    Pliki cookie to ma\u0142e pliki umieszczane na Twoim urz\u0105dzeniu w celu zwi\u0119kszenia funkcjonalno\u015bci i \u015bledzenia u\u017cytkowania. Aby uzyska\u0107 wi\u0119cej informacji o tym, jak u\u017cywamy plik\u00f3w cookie i jak mo\u017cesz nimi zarz\u0105dza\u0107, odwied\u017a nasz\u0105 stron\u0119 <a href=\"https:\/\/ipautomationinc.com\/pl\/polityka-plikow-cookie\/\" target=\"_blank\">Polityka Cookie<\/a>.<br><br>  <\/p><br><br><br><br>  <h2>Bezpiecze\u0144stwo<\/h2><br><br>  <p><br><br>    Podejmujemy rozs\u0105dne \u015brodki ostro\u017cno\u015bci, aby chroni\u0107 Twoje informacje przed nieautoryzowanym dost\u0119pem, u\u017cyciem lub ujawnieniem. Jednak \u017caden system nie jest ca\u0142kowicie bezpieczny. Korzystasz z Us\u0142ugi na w\u0142asne ryzyko.<br><br>  <\/p><br><br><br><br>  <h2>Linki do stron trzecich<\/h2><br><br>  <p><br><br>    Nasza strona internetowa mo\u017ce zawiera\u0107 linki do zewn\u0119trznych stron, nad kt\u00f3rymi nie mamy kontroli. Nie ponosimy odpowiedzialno\u015bci za ich praktyki dotycz\u0105ce prywatno\u015bci. Zalecamy zapoznanie si\u0119 z polityk\u0105 prywatno\u015bci ka\u017cdej odwiedzanej zewn\u0119trznej strony.<br><br>  <\/p><br><br><br><br>  <h2>Zmiany w niniejszej Polityce<\/h2><br><br>  <p><br><br>    Mo\u017cemy okresowo aktualizowa\u0107 niniejsz\u0105 Polityk\u0119 prywatno\u015bci. Je\u015bli wprowadzimy istotne zmiany, zamie\u015bcimy powiadomienie na tej stronie. Dalsze korzystanie z Us\u0142ugi po aktualizacjach oznacza akceptacj\u0119 zmienionej polityki.<br><br>  <\/p><br><br><br><br>  <h2>Skontaktuj si\u0119 z nami<\/h2><br><br>  <p>Je\u015bli masz pytania lub w\u0105tpliwo\u015bci, skontaktuj si\u0119 z nami:<\/p><br><br>  <p><br><br>    Automatyzacja IP Inc.<br><br>    400 E Fullerton Avenue<br><br>    Carol Stream, Illinois 60188<br><br>     E-mail: <a href=\"mailto:info@ipautomationinc.com\">info@ipautomationinc.com<\/a><br><br>    Telefon: 630-656-1215<br><br>  <\/p><br><br><br><br><\/p>","protected":false},"excerpt":{"rendered":"<p>Privacy Policy Last Updated: January 1, 2025 Effective Date: January 1, 2025 IP Automation Inc. (\u201cwe,\u201d \u201cour,\u201d or \u201cus\u201d) is<span class=\"excerpt-hellip\"> [\u2026]<\/span><\/p>\n","protected":false},"author":3,"featured_media":0,"parent":0,"menu_order":0,"comment_status":"closed","ping_status":"closed","template":"","meta":{"footnotes":""},"class_list":["post-5808","page","type-page","status-publish","hentry"],"yoast_head":"<!-- This site is optimized with the Yoast SEO plugin v27.3 - https:\/\/yoast.com\/product\/yoast-seo-wordpress\/ -->\n<title>Privacy Policy | IP Automation Inc<\/title>\n<meta name=\"description\" content=\"IP Automation Privacy Policy\" \/>\n<meta name=\"robots\" content=\"index, follow, max-snippet:-1, max-image-preview:large, max-video-preview:-1\" \/>\n<link rel=\"canonical\" href=\"https:\/\/ipautomationinc.com\/pl\/polityka-prywatnosci\/\" \/>\n<meta property=\"og:locale\" content=\"pl_PL\" \/>\n<meta property=\"og:type\" content=\"article\" \/>\n<meta property=\"og:title\" content=\"Privacy Policy | IP Automation Inc\" \/>\n<meta property=\"og:description\" content=\"IP Automation Privacy Policy\" \/>\n<meta property=\"og:url\" content=\"https:\/\/ipautomationinc.com\/pl\/polityka-prywatnosci\/\" \/>\n<meta property=\"og:site_name\" content=\"IP Automation Inc\" \/>\n<meta property=\"article:publisher\" content=\"https:\/\/www.facebook.com\/ipautomationinc\/\" \/>\n<meta property=\"article:modified_time\" content=\"2025-06-27T15:08:34+00:00\" \/>\n<script type=\"application\/ld+json\" class=\"yoast-schema-graph\">{\"@context\":\"https:\\\/\\\/schema.org\",\"@graph\":[{\"@type\":\"WebPage\",\"@id\":\"https:\\\/\\\/ipautomationinc.com\\\/privacy-policy\\\/\",\"url\":\"https:\\\/\\\/ipautomationinc.com\\\/privacy-policy\\\/\",\"name\":\"Privacy Policy | IP Automation Inc\",\"isPartOf\":{\"@id\":\"https:\\\/\\\/ipautomationinc.com\\\/#website\"},\"datePublished\":\"2023-01-10T22:30:03+00:00\",\"dateModified\":\"2025-06-27T15:08:34+00:00\",\"description\":\"IP Automation Privacy Policy\",\"inLanguage\":\"pl-PL\",\"potentialAction\":[{\"@type\":\"ReadAction\",\"target\":[\"https:\\\/\\\/ipautomationinc.com\\\/privacy-policy\\\/\"]}]},{\"@type\":\"WebSite\",\"@id\":\"https:\\\/\\\/ipautomationinc.com\\\/#website\",\"url\":\"https:\\\/\\\/ipautomationinc.com\\\/\",\"name\":\"IP Automation Inc\",\"description\":\"Concept... Creation... Reality...\",\"publisher\":{\"@id\":\"https:\\\/\\\/ipautomationinc.com\\\/#organization\"},\"potentialAction\":[{\"@type\":\"SearchAction\",\"target\":{\"@type\":\"EntryPoint\",\"urlTemplate\":\"https:\\\/\\\/ipautomationinc.com\\\/?s={search_term_string}\"},\"query-input\":{\"@type\":\"PropertyValueSpecification\",\"valueRequired\":true,\"valueName\":\"search_term_string\"}}],\"inLanguage\":\"pl-PL\"},{\"@type\":\"Organization\",\"@id\":\"https:\\\/\\\/ipautomationinc.com\\\/#organization\",\"name\":\"IP Automation Inc\",\"url\":\"https:\\\/\\\/ipautomationinc.com\\\/\",\"logo\":{\"@type\":\"ImageObject\",\"inLanguage\":\"pl-PL\",\"@id\":\"https:\\\/\\\/ipautomationinc.com\\\/#\\\/schema\\\/logo\\\/image\\\/\",\"url\":\"https:\\\/\\\/ipautomationinc.com\\\/wp-content\\\/uploads\\\/2022\\\/05\\\/IPA-Favicon.png\",\"contentUrl\":\"https:\\\/\\\/ipautomationinc.com\\\/wp-content\\\/uploads\\\/2022\\\/05\\\/IPA-Favicon.png\",\"width\":513,\"height\":513,\"caption\":\"IP Automation Inc\"},\"image\":{\"@id\":\"https:\\\/\\\/ipautomationinc.com\\\/#\\\/schema\\\/logo\\\/image\\\/\"},\"sameAs\":[\"https:\\\/\\\/www.facebook.com\\\/ipautomationinc\\\/\",\"https:\\\/\\\/www.linkedin.com\\\/company\\\/ip-automation-inc\\\/\",\"https:\\\/\\\/www.youtube.com\\\/@IPAutomation\"]}]}<\/script>\n<!-- \/ Yoast SEO plugin. -->","yoast_head_json":{"title":"Polityka prywatno\u015bci | Firma IP Automation Inc","description":"Polityka prywatno\u015bci IP Automation","robots":{"index":"index","follow":"follow","max-snippet":"max-snippet:-1","max-image-preview":"max-image-preview:large","max-video-preview":"max-video-preview:-1"},"canonical":"https:\/\/ipautomationinc.com\/pl\/polityka-prywatnosci\/","og_locale":"pl_PL","og_type":"article","og_title":"Privacy Policy | IP Automation Inc","og_description":"IP Automation Privacy Policy","og_url":"https:\/\/ipautomationinc.com\/pl\/polityka-prywatnosci\/","og_site_name":"IP Automation Inc","article_publisher":"https:\/\/www.facebook.com\/ipautomationinc\/","article_modified_time":"2025-06-27T15:08:34+00:00","schema":{"@context":"https:\/\/schema.org","@graph":[{"@type":"WebPage","@id":"https:\/\/ipautomationinc.com\/privacy-policy\/","url":"https:\/\/ipautomationinc.com\/privacy-policy\/","name":"Polityka prywatno\u015bci | Firma IP Automation Inc","isPartOf":{"@id":"https:\/\/ipautomationinc.com\/#website"},"datePublished":"2023-01-10T22:30:03+00:00","dateModified":"2025-06-27T15:08:34+00:00","description":"Polityka prywatno\u015bci IP Automation","inLanguage":"pl-PL","potentialAction":[{"@type":"ReadAction","target":["https:\/\/ipautomationinc.com\/privacy-policy\/"]}]},{"@type":"WebSite","@id":"https:\/\/ipautomationinc.com\/#website","url":"https:\/\/ipautomationinc.com\/","name":"Firma IP Automation Inc","description":"Koncepcja... Kreacja... Rzeczywisto\u015b\u0107...","publisher":{"@id":"https:\/\/ipautomationinc.com\/#organization"},"potentialAction":[{"@type":"SearchAction","target":{"@type":"EntryPoint","urlTemplate":"https:\/\/ipautomationinc.com\/?s={search_term_string}"},"query-input":{"@type":"PropertyValueSpecification","valueRequired":true,"valueName":"search_term_string"}}],"inLanguage":"pl-PL"},{"@type":"Organization","@id":"https:\/\/ipautomationinc.com\/#organization","name":"Firma IP Automation Inc","url":"https:\/\/ipautomationinc.com\/","logo":{"@type":"ImageObject","inLanguage":"pl-PL","@id":"https:\/\/ipautomationinc.com\/#\/schema\/logo\/image\/","url":"https:\/\/ipautomationinc.com\/wp-content\/uploads\/2022\/05\/IPA-Favicon.png","contentUrl":"https:\/\/ipautomationinc.com\/wp-content\/uploads\/2022\/05\/IPA-Favicon.png","width":513,"height":513,"caption":"IP Automation Inc"},"image":{"@id":"https:\/\/ipautomationinc.com\/#\/schema\/logo\/image\/"},"sameAs":["https:\/\/www.facebook.com\/ipautomationinc\/","https:\/\/www.linkedin.com\/company\/ip-automation-inc\/","https:\/\/www.youtube.com\/@IPAutomation"]}]}},"_links":{"self":[{"href":"https:\/\/ipautomationinc.com\/pl\/wp-json\/wp\/v2\/pages\/5808","targetHints":{"allow":["GET"]}}],"collection":[{"href":"https:\/\/ipautomationinc.com\/pl\/wp-json\/wp\/v2\/pages"}],"about":[{"href":"https:\/\/ipautomationinc.com\/pl\/wp-json\/wp\/v2\/types\/page"}],"author":[{"embeddable":true,"href":"https:\/\/ipautomationinc.com\/pl\/wp-json\/wp\/v2\/users\/3"}],"replies":[{"embeddable":true,"href":"https:\/\/ipautomationinc.com\/pl\/wp-json\/wp\/v2\/comments?post=5808"}],"version-history":[{"count":5,"href":"https:\/\/ipautomationinc.com\/pl\/wp-json\/wp\/v2\/pages\/5808\/revisions"}],"predecessor-version":[{"id":37847,"href":"https:\/\/ipautomationinc.com\/pl\/wp-json\/wp\/v2\/pages\/5808\/revisions\/37847"}],"wp:attachment":[{"href":"https:\/\/ipautomationinc.com\/pl\/wp-json\/wp\/v2\/media?parent=5808"}],"curies":[{"name":"wp","href":"https:\/\/api.w.org\/{rel}","templated":true}]}}