{"id":4739,"date":"2023-01-17T10:42:03","date_gmt":"2023-01-17T16:42:03","guid":{"rendered":"https:\/\/ipautomationinc.com\/?page_id=4739"},"modified":"2025-09-10T15:42:08","modified_gmt":"2025-09-10T20:42:08","slug":"centrum-obrobcze","status":"publish","type":"page","link":"https:\/\/ipautomationinc.com\/pl\/accessories\/machining-center\/","title":{"rendered":"Centrum obr\u00f3bcze iFM"},"content":{"rendered":"<h6 class=\"wp-block-heading\">Centrum obr\u00f3bcze drutu serii iFM. <strong>iFM-10-4 i iFM-13-4 stanowi\u0105 innowacyjny prze\u0142om w zakresie operacji wt\u00f3rnych na drutach, takich jak fazowanie, zmniejszanie \u015brednicy, gwintowanie, frezowanie i wiercenie otwor\u00f3w poprzecznych<\/strong>. Pierwsza w swoim rodzaju maszyna iFM zosta\u0142a zaprojektowana z my\u015bl\u0105 o bezproblemowej integracji robotycznej z nasz\u0105 lini\u0105 gi\u0119tarek CNC do drutu i jest w pe\u0142ni programowalna, aby dostosowa\u0107 si\u0119 do szerokiego zakresu wyzwa\u0144.<\/h6>\n\n\n\n<p><span class=\"builder2seo\"><\/span>&lt; back to accessories<br><a href=\"https:\/\/ipautomationinc.com\/pl\/akcesoria\/\">https:\/\/ipautomationinc.com\/accessories\/<\/a><br>#949494<br><br>Centrum obr\u00f3bcze drutowe serii iFM<br><br><img decoding=\"async\" src=\"https:\/\/ipautomationinc.com\/wp-content\/uploads\/2023\/11\/ifm-with-robot.png#35419\" alt=\"ifm with robot\"><br><br><h4>iFM-10-4 i iFM-13-4 stanowi\u0105 innowacyjny prze\u0142om w zakresie operacji wt\u00f3rnych na drutach, takich jak fazowanie, zmniejszanie \u015brednicy, gwintowanie, frezowanie i wiercenie otwor\u00f3w krzy\u017cowych.<\/h4><br><br><h4>Pierwsza w swoim rodzaju maszyna iFM zosta\u0142a zaprojektowana z my\u015bl\u0105 o bezproblemowej integracji robotycznej z nasz\u0105 lini\u0105 gi\u0119tarek do drutu CNC i jest w pe\u0142ni programowalna, aby dostosowa\u0107 si\u0119 do szerokiego zakresu wyzwa\u0144.<\/h4><br><br>5893,5890,5889,6045,6046,6047<br>#0455B3<br>3px 3px 3px 3px<br><br>Kliknij tutaj, aby pobra\u0107 ulotk\u0119 w formacie PDF<br><a href=\"https:\/\/ipautomationinc.com\/wp-content\/uploads\/2025\/09\/2025-iFM-Flyer.pdf\">https:\/\/ipautomationinc.com\/wp-content\/uploads\/2025\/09\/2025-iFM-Flyer.pdf<\/a><br>fas fa-plik-pdf<br>motyw_przycisku<br>https:\/\/ipautomationinc.com\/wp-content\/uploads\/2025\/09\/2025-iFM-Flyer.pdf<br><br><br>G\u0142oska bezd\u017awi\u0119czna<br><br><br>567,6218,6219,602<br>\u015bredni<br>#0455B3<br>3px 3px 3px 3px<br><br><br>Cechy<br><br>Kluczowe cechy<br>Detale<br>Uk\u0142ad maszyny<br><br><br>2-osiowe centrum obr\u00f3bcze z opcjonaln\u0105 3. osi\u0105<br><br>4 wrzeciona dla wydajnej pracy<br><br>Fazowanie, toczenie, gwintowanie, frezowanie lub wiercenie w jednej maszynie<br><br>Panel HMI z ekranem dotykowym 10\u2033 (25,4 cm) z obudow\u0105. Wiele opcji monta\u017cu w zasi\u0119gu p\u0119powiny<br><br>Automatyczne drzwi przesuwne<br><br><br>Automatyczne mocowanie pneumatyczne zabezpiecza lub zwalnia cz\u0119\u015bci podczas ich ustawiania przez robota. Konstrukcja z 4 wrzecionami umo\u017cliwia u\u017cytkownikom szybk\u0105 wymian\u0119 narz\u0119dzi ze standardowymi oprawkami narz\u0119dziowymi. Program kreatora na zdalnie zamontowanej obudowie HMI zapewnia kontrol\u0119 na poziomie CNC z uproszczonymi opcjami menu. Opcja 3 osi zapewnia mo\u017cliwo\u015b\u0107 interpolacji wok\u00f3\u0142 ko\u0144ca dla frezowanych kszta\u0142t\u00f3w i profili specjalnych.<br><br><br><br><br><br>Wyrafinowana prostota naszego inteligentnego oprzyrz\u0105dowania na ko\u0144cu ramienia robota i nasz format programowania sprawiaj\u0105, \u017ce programowanie i konfiguracja s\u0105 \u0142atwe przy minimalnym przeszkoleniu.<br><br><br><br><br><br>U\u017cytkownicy mog\u0105 zredukowa\u0107 dodatkowe koszty pracy niemal do zera, wyeliminowa\u0107 WIP i stworzy\u0107 ca\u0142kowicie zautomatyzowan\u0105, odchudzon\u0105 kom\u00f3rk\u0119, kt\u00f3ra w przesz\u0142o\u015bci by\u0142a tylko marzeniem.<br><div class=\"image_frame image_item scale-with-grid element_classes no_border hover-disable mfn-img-box\"  role=\"link\" aria-label=\"Obraz z linkami\" tabindex=\"0\"><div class=\"image_wrapper\"><a href=\"https:\/\/ipautomationinc.com\/wp-content\/uploads\/2023\/01\/ifm-cell-layout-1.jpg\" rel=\"prettyphoto\"   class=\"\"  tabindex=\"-1\" title=\"\"><div class=\"mask\"><\/div><img decoding=\"async\" class=\"scale-with-grid\" src=\"https:\/\/ipautomationinc.com\/wp-content\/uploads\/2023\/01\/ifm-cell-layout-1.jpg\" fetchpriority=\"high\" alt=\"uk\u0142ad kom\u00f3rek ifm\" title=\"\" width=\"350\" height=\"584\" style=\"\"\/><\/a><div class=\"image_links\"><a href=\"https:\/\/ipautomationinc.com\/wp-content\/uploads\/2023\/01\/ifm-cell-layout-1.jpg\" class=\"zoom\" rel=\"prettyphoto\" tabindex=\"-1\" aria-label=\"powi\u0119ksz obraz\" title=\"\"><svg viewbox=\"0 0 26 26\"><defs><style>.path{fill:none;stroke:#333;stroke-miterlimit:10;stroke-width:1.5px;}<\/style><\/defs><circle cx=\"11.35\" cy=\"11.35\" r=\"6\" class=\"path\"\/><line x1=\"15.59\" y1=\"15.59\" x2=\"20.65\" y2=\"20.65\" class=\"path\"\/><\/svg><\/a><\/div><\/div><\/div>\n<br><br><br><br><div class=\"image_frame image_item scale-with-grid element_classes no_border hover-disable mfn-img-box\"  role=\"link\" aria-label=\"Obraz z linkami\" tabindex=\"0\"><div class=\"image_wrapper\"><a href=\"https:\/\/ipautomationinc.com\/wp-content\/uploads\/2022\/12\/Layer-4.jpg\" rel=\"prettyphoto\"   class=\"\"  tabindex=\"-1\" title=\"\"><div class=\"mask\"><\/div><img decoding=\"async\" class=\"scale-with-grid\" src=\"https:\/\/ipautomationinc.com\/wp-content\/uploads\/2022\/12\/Layer-4.jpg\" fetchpriority=\"high\" alt=\"Warstwa 4\" title=\"\" width=\"140\" height=\"506\" style=\"\"\/><\/a><div class=\"image_links\"><a href=\"https:\/\/ipautomationinc.com\/wp-content\/uploads\/2022\/12\/Layer-4.jpg\" class=\"zoom\" rel=\"prettyphoto\" tabindex=\"-1\" aria-label=\"powi\u0119ksz obraz\" title=\"\"><svg viewbox=\"0 0 26 26\"><defs><style>.path{fill:none;stroke:#333;stroke-miterlimit:10;stroke-width:1.5px;}<\/style><\/defs><circle cx=\"11.35\" cy=\"11.35\" r=\"6\" class=\"path\"\/><line x1=\"15.59\" y1=\"15.59\" x2=\"20.65\" y2=\"20.65\" class=\"path\"\/><\/svg><\/a><\/div><\/div><\/div>\n<br><br><br><br><div class=\"image_frame image_item scale-with-grid element_classes no_border hover-disable mfn-img-box\"  role=\"link\" aria-label=\"Obraz z linkami\" tabindex=\"0\"><div class=\"image_wrapper\"><a href=\"https:\/\/ipautomationinc.com\/wp-content\/uploads\/2023\/01\/ifm6-measurements.jpg\" rel=\"prettyphoto\"   class=\"\"  tabindex=\"-1\" title=\"\"><div class=\"mask\"><\/div><img decoding=\"async\" class=\"scale-with-grid\" src=\"https:\/\/ipautomationinc.com\/wp-content\/uploads\/2023\/01\/ifm6-measurements.jpg\" fetchpriority=\"high\" alt=\"pomiary ifm6\" title=\"\" width=\"200\" height=\"408\" style=\"\"\/><\/a><div class=\"image_links\"><a href=\"https:\/\/ipautomationinc.com\/wp-content\/uploads\/2023\/01\/ifm6-measurements.jpg\" class=\"zoom\" rel=\"prettyphoto\" tabindex=\"-1\" aria-label=\"powi\u0119ksz obraz\" title=\"\"><svg viewbox=\"0 0 26 26\"><defs><style>.path{fill:none;stroke:#333;stroke-miterlimit:10;stroke-width:1.5px;}<\/style><\/defs><circle cx=\"11.35\" cy=\"11.35\" r=\"6\" class=\"path\"\/><line x1=\"15.59\" y1=\"15.59\" x2=\"20.65\" y2=\"20.65\" class=\"path\"\/><\/svg><\/a><\/div><\/div><\/div>\n<br><br><br><br><div class=\"image_frame image_item scale-with-grid element_classes no_border hover-disable mfn-img-box\"  role=\"link\" aria-label=\"Obraz z linkami\" tabindex=\"0\"><div class=\"image_wrapper\"><a href=\"https:\/\/ipautomationinc.com\/wp-content\/uploads\/2022\/12\/Layer-8.jpg\" rel=\"prettyphoto\"   class=\"\"  tabindex=\"-1\" title=\"\"><div class=\"mask\"><\/div><img decoding=\"async\" class=\"scale-with-grid\" src=\"https:\/\/ipautomationinc.com\/wp-content\/uploads\/2022\/12\/Layer-8.jpg\" fetchpriority=\"high\" alt=\"Warstwa 8\" title=\"\" width=\"140\" height=\"460\" style=\"\"\/><\/a><div class=\"image_links\"><a href=\"https:\/\/ipautomationinc.com\/wp-content\/uploads\/2022\/12\/Layer-8.jpg\" class=\"zoom\" rel=\"prettyphoto\" tabindex=\"-1\" aria-label=\"powi\u0119ksz obraz\" title=\"\"><svg viewbox=\"0 0 26 26\"><defs><style>.path{fill:none;stroke:#333;stroke-miterlimit:10;stroke-width:1.5px;}<\/style><\/defs><circle cx=\"11.35\" cy=\"11.35\" r=\"6\" class=\"path\"\/><line x1=\"15.59\" y1=\"15.59\" x2=\"20.65\" y2=\"20.65\" class=\"path\"\/><\/svg><\/a><\/div><\/div><\/div>\n<br><br><br><br><div class=\"image_frame image_item scale-with-grid element_classes no_border hover-disable mfn-img-box\"  role=\"link\" aria-label=\"Obraz z linkami\" tabindex=\"0\"><div class=\"image_wrapper\"><a href=\"https:\/\/ipautomationinc.com\/wp-content\/uploads\/2022\/12\/Layer-10.jpg\" rel=\"prettyphoto\"   class=\"\"  tabindex=\"-1\" title=\"\"><div class=\"mask\"><\/div><img decoding=\"async\" class=\"scale-with-grid\" src=\"https:\/\/ipautomationinc.com\/wp-content\/uploads\/2022\/12\/Layer-10.jpg\" fetchpriority=\"high\" alt=\"Warstwa 10\" title=\"\" width=\"140\" height=\"408\" style=\"\"\/><\/a><div class=\"image_links\"><a href=\"https:\/\/ipautomationinc.com\/wp-content\/uploads\/2022\/12\/Layer-10.jpg\" class=\"zoom\" rel=\"prettyphoto\" tabindex=\"-1\" aria-label=\"powi\u0119ksz obraz\" title=\"\"><svg viewbox=\"0 0 26 26\"><defs><style>.path{fill:none;stroke:#333;stroke-miterlimit:10;stroke-width:1.5px;}<\/style><\/defs><circle cx=\"11.35\" cy=\"11.35\" r=\"6\" class=\"path\"\/><line x1=\"15.59\" y1=\"15.59\" x2=\"20.65\" y2=\"20.65\" class=\"path\"\/><\/svg><\/a><\/div><\/div><\/div>\n<br>#EBEBEB<br>#222222<br><br><br>Dane techniczne<br><br><br><br><\/p>","protected":false},"excerpt":{"rendered":"<p>iFM Series Wire Form Machining Center. The iFM-10-4, and iFM-13-4 are an innovative breakthrough for wire form secondary operations like<span class=\"excerpt-hellip\"> [\u2026]<\/span><\/p>\n","protected":false},"author":3,"featured_media":0,"parent":7745,"menu_order":0,"comment_status":"closed","ping_status":"closed","template":"","meta":{"footnotes":""},"class_list":["post-4739","page","type-page","status-publish","hentry"],"yoast_head":"<!-- This site is optimized with the Yoast SEO plugin v27.2 - https:\/\/yoast.com\/product\/yoast-seo-wordpress\/ -->\n<title>iFM Machining Center | IP Automation Inc<\/title>\n<meta name=\"description\" content=\"The iFM machining center is an innovative breakthrough for wire form secondary operations like chamfering, threading, and more.\" \/>\n<meta name=\"robots\" content=\"index, follow, max-snippet:-1, max-image-preview:large, max-video-preview:-1\" \/>\n<link rel=\"canonical\" href=\"https:\/\/ipautomationinc.com\/pl\/akcesoria\/centrum-obrobcze\/\" \/>\n<meta property=\"og:locale\" content=\"pl_PL\" \/>\n<meta property=\"og:type\" content=\"article\" \/>\n<meta property=\"og:title\" content=\"iFM Machining Center | IP Automation Inc\" \/>\n<meta property=\"og:description\" content=\"The iFM machining center is an innovative breakthrough for wire form secondary operations like chamfering, threading, and more.\" \/>\n<meta property=\"og:url\" content=\"https:\/\/ipautomationinc.com\/pl\/akcesoria\/centrum-obrobcze\/\" \/>\n<meta property=\"og:site_name\" content=\"IP Automation Inc\" \/>\n<meta property=\"article:publisher\" content=\"https:\/\/www.facebook.com\/ipautomationinc\/\" \/>\n<meta property=\"article:modified_time\" content=\"2025-09-10T20:42:08+00:00\" \/>\n<meta property=\"og:image\" content=\"https:\/\/ipautomationinc.com\/wp-content\/uploads\/2023\/11\/ifm-with-robot.png#35419\" \/>\n<script type=\"application\/ld+json\" class=\"yoast-schema-graph\">{\"@context\":\"https:\/\/schema.org\",\"@graph\":[{\"@type\":\"WebPage\",\"@id\":\"https:\/\/ipautomationinc.com\/accessories\/machining-center\/\",\"url\":\"https:\/\/ipautomationinc.com\/accessories\/machining-center\/\",\"name\":\"iFM Machining Center | IP Automation Inc\",\"isPartOf\":{\"@id\":\"https:\/\/ipautomationinc.com\/#website\"},\"primaryImageOfPage\":{\"@id\":\"https:\/\/ipautomationinc.com\/accessories\/machining-center\/#primaryimage\"},\"image\":{\"@id\":\"https:\/\/ipautomationinc.com\/accessories\/machining-center\/#primaryimage\"},\"thumbnailUrl\":\"https:\/\/ipautomationinc.com\/wp-content\/uploads\/2023\/11\/ifm-with-robot.png#35419\",\"datePublished\":\"2023-01-17T16:42:03+00:00\",\"dateModified\":\"2025-09-10T20:42:08+00:00\",\"description\":\"The iFM machining center is an innovative breakthrough for wire form secondary operations like chamfering, threading, and more.\",\"breadcrumb\":{\"@id\":\"https:\/\/ipautomationinc.com\/accessories\/machining-center\/#breadcrumb\"},\"inLanguage\":\"pl-PL\",\"potentialAction\":[{\"@type\":\"ReadAction\",\"target\":[\"https:\/\/ipautomationinc.com\/accessories\/machining-center\/\"]}]},{\"@type\":\"ImageObject\",\"inLanguage\":\"pl-PL\",\"@id\":\"https:\/\/ipautomationinc.com\/accessories\/machining-center\/#primaryimage\",\"url\":\"https:\/\/ipautomationinc.com\/wp-content\/uploads\/2023\/11\/ifm-with-robot.png#35419\",\"contentUrl\":\"https:\/\/ipautomationinc.com\/wp-content\/uploads\/2023\/11\/ifm-with-robot.png#35419\"},{\"@type\":\"BreadcrumbList\",\"@id\":\"https:\/\/ipautomationinc.com\/accessories\/machining-center\/#breadcrumb\",\"itemListElement\":[{\"@type\":\"ListItem\",\"position\":1,\"name\":\"Accessories\",\"item\":\"https:\/\/ipautomationinc.com\/accessories\/\"},{\"@type\":\"ListItem\",\"position\":2,\"name\":\"iFM Machining Center\"}]},{\"@type\":\"WebSite\",\"@id\":\"https:\/\/ipautomationinc.com\/#website\",\"url\":\"https:\/\/ipautomationinc.com\/\",\"name\":\"IP Automation Inc\",\"description\":\"Concept... Creation... Reality...\",\"publisher\":{\"@id\":\"https:\/\/ipautomationinc.com\/#organization\"},\"potentialAction\":[{\"@type\":\"SearchAction\",\"target\":{\"@type\":\"EntryPoint\",\"urlTemplate\":\"https:\/\/ipautomationinc.com\/?s={search_term_string}\"},\"query-input\":{\"@type\":\"PropertyValueSpecification\",\"valueRequired\":true,\"valueName\":\"search_term_string\"}}],\"inLanguage\":\"pl-PL\"},{\"@type\":\"Organization\",\"@id\":\"https:\/\/ipautomationinc.com\/#organization\",\"name\":\"IP Automation Inc\",\"url\":\"https:\/\/ipautomationinc.com\/\",\"logo\":{\"@type\":\"ImageObject\",\"inLanguage\":\"pl-PL\",\"@id\":\"https:\/\/ipautomationinc.com\/#\/schema\/logo\/image\/\",\"url\":\"https:\/\/ipautomationinc.com\/wp-content\/uploads\/2022\/05\/IPA-Favicon.png\",\"contentUrl\":\"https:\/\/ipautomationinc.com\/wp-content\/uploads\/2022\/05\/IPA-Favicon.png\",\"width\":513,\"height\":513,\"caption\":\"IP Automation Inc\"},\"image\":{\"@id\":\"https:\/\/ipautomationinc.com\/#\/schema\/logo\/image\/\"},\"sameAs\":[\"https:\/\/www.facebook.com\/ipautomationinc\/\",\"https:\/\/www.linkedin.com\/company\/ip-automation-inc\/\",\"https:\/\/www.youtube.com\/@IPAutomation\"]}]}<\/script>\n<!-- \/ Yoast SEO plugin. -->","yoast_head_json":{"title":"Centrum obr\u00f3bcze iFM | Firma IP Automation Inc","description":"Centrum obr\u00f3bcze iFM to innowacyjny prze\u0142om w operacjach wt\u00f3rnych formowania drutu, takich jak fazowanie, gwintowanie i inne.","robots":{"index":"index","follow":"follow","max-snippet":"max-snippet:-1","max-image-preview":"max-image-preview:large","max-video-preview":"max-video-preview:-1"},"canonical":"https:\/\/ipautomationinc.com\/pl\/akcesoria\/centrum-obrobcze\/","og_locale":"pl_PL","og_type":"article","og_title":"iFM Machining Center | IP Automation Inc","og_description":"The iFM machining center is an innovative breakthrough for wire form secondary operations like chamfering, threading, and more.","og_url":"https:\/\/ipautomationinc.com\/pl\/akcesoria\/centrum-obrobcze\/","og_site_name":"IP Automation Inc","article_publisher":"https:\/\/www.facebook.com\/ipautomationinc\/","article_modified_time":"2025-09-10T20:42:08+00:00","og_image":[{"url":"https:\/\/ipautomationinc.com\/wp-content\/uploads\/2023\/11\/ifm-with-robot.png#35419","type":"","width":"","height":""}],"schema":{"@context":"https:\/\/schema.org","@graph":[{"@type":"WebPage","@id":"https:\/\/ipautomationinc.com\/accessories\/machining-center\/","url":"https:\/\/ipautomationinc.com\/accessories\/machining-center\/","name":"Centrum obr\u00f3bcze iFM | Firma IP Automation Inc","isPartOf":{"@id":"https:\/\/ipautomationinc.com\/#website"},"primaryImageOfPage":{"@id":"https:\/\/ipautomationinc.com\/accessories\/machining-center\/#primaryimage"},"image":{"@id":"https:\/\/ipautomationinc.com\/accessories\/machining-center\/#primaryimage"},"thumbnailUrl":"https:\/\/ipautomationinc.com\/wp-content\/uploads\/2023\/11\/ifm-with-robot.png#35419","datePublished":"2023-01-17T16:42:03+00:00","dateModified":"2025-09-10T20:42:08+00:00","description":"Centrum obr\u00f3bcze iFM to innowacyjny prze\u0142om w operacjach wt\u00f3rnych formowania drutu, takich jak fazowanie, gwintowanie i inne.","breadcrumb":{"@id":"https:\/\/ipautomationinc.com\/accessories\/machining-center\/#breadcrumb"},"inLanguage":"pl-PL","potentialAction":[{"@type":"ReadAction","target":["https:\/\/ipautomationinc.com\/accessories\/machining-center\/"]}]},{"@type":"ImageObject","inLanguage":"pl-PL","@id":"https:\/\/ipautomationinc.com\/accessories\/machining-center\/#primaryimage","url":"https:\/\/ipautomationinc.com\/wp-content\/uploads\/2023\/11\/ifm-with-robot.png#35419","contentUrl":"https:\/\/ipautomationinc.com\/wp-content\/uploads\/2023\/11\/ifm-with-robot.png#35419"},{"@type":"BreadcrumbList","@id":"https:\/\/ipautomationinc.com\/accessories\/machining-center\/#breadcrumb","itemListElement":[{"@type":"ListItem","position":1,"name":"Accessories","item":"https:\/\/ipautomationinc.com\/accessories\/"},{"@type":"ListItem","position":2,"name":"iFM Machining Center"}]},{"@type":"WebSite","@id":"https:\/\/ipautomationinc.com\/#website","url":"https:\/\/ipautomationinc.com\/","name":"Firma IP Automation Inc","description":"Koncepcja... Kreacja... Rzeczywisto\u015b\u0107...","publisher":{"@id":"https:\/\/ipautomationinc.com\/#organization"},"potentialAction":[{"@type":"SearchAction","target":{"@type":"EntryPoint","urlTemplate":"https:\/\/ipautomationinc.com\/?s={search_term_string}"},"query-input":{"@type":"PropertyValueSpecification","valueRequired":true,"valueName":"search_term_string"}}],"inLanguage":"pl-PL"},{"@type":"Organization","@id":"https:\/\/ipautomationinc.com\/#organization","name":"Firma IP Automation Inc","url":"https:\/\/ipautomationinc.com\/","logo":{"@type":"ImageObject","inLanguage":"pl-PL","@id":"https:\/\/ipautomationinc.com\/#\/schema\/logo\/image\/","url":"https:\/\/ipautomationinc.com\/wp-content\/uploads\/2022\/05\/IPA-Favicon.png","contentUrl":"https:\/\/ipautomationinc.com\/wp-content\/uploads\/2022\/05\/IPA-Favicon.png","width":513,"height":513,"caption":"IP Automation Inc"},"image":{"@id":"https:\/\/ipautomationinc.com\/#\/schema\/logo\/image\/"},"sameAs":["https:\/\/www.facebook.com\/ipautomationinc\/","https:\/\/www.linkedin.com\/company\/ip-automation-inc\/","https:\/\/www.youtube.com\/@IPAutomation"]}]}},"_links":{"self":[{"href":"https:\/\/ipautomationinc.com\/pl\/wp-json\/wp\/v2\/pages\/4739","targetHints":{"allow":["GET"]}}],"collection":[{"href":"https:\/\/ipautomationinc.com\/pl\/wp-json\/wp\/v2\/pages"}],"about":[{"href":"https:\/\/ipautomationinc.com\/pl\/wp-json\/wp\/v2\/types\/page"}],"author":[{"embeddable":true,"href":"https:\/\/ipautomationinc.com\/pl\/wp-json\/wp\/v2\/users\/3"}],"replies":[{"embeddable":true,"href":"https:\/\/ipautomationinc.com\/pl\/wp-json\/wp\/v2\/comments?post=4739"}],"version-history":[{"count":2,"href":"https:\/\/ipautomationinc.com\/pl\/wp-json\/wp\/v2\/pages\/4739\/revisions"}],"predecessor-version":[{"id":38202,"href":"https:\/\/ipautomationinc.com\/pl\/wp-json\/wp\/v2\/pages\/4739\/revisions\/38202"}],"up":[{"embeddable":true,"href":"https:\/\/ipautomationinc.com\/pl\/wp-json\/wp\/v2\/pages\/7745"}],"wp:attachment":[{"href":"https:\/\/ipautomationinc.com\/pl\/wp-json\/wp\/v2\/media?parent=4739"}],"curies":[{"name":"wp","href":"https:\/\/api.w.org\/{rel}","templated":true}]}}