{"id":428,"date":"2018-06-25T18:30:37","date_gmt":"2018-06-25T23:30:37","guid":{"rendered":"http:\/\/ipautomationinc.com\/?page_id=428"},"modified":"2024-01-09T11:49:29","modified_gmt":"2024-01-09T17:49:29","slug":"branze-i-mozliwosci","status":"publish","type":"page","link":"https:\/\/ipautomationinc.com\/pl\/industries-and-capabilities\/","title":{"rendered":"Obs\u0142ugiwane bran\u017ce"},"content":{"rendered":"<h6 class=\"wp-block-heading\"><strong>Formy przewod\u00f3w IP Automation wed\u0142ug bran\u017cy. Motoryzacja, rolnictwo, trawniki i ogrody, budownictwo, handel detaliczny i wystawy, urz\u0105dzenia, meble, silniki do w\u0142os\u00f3w.<\/strong><\/h6>\n\n\n\n<p><h2>Cz\u0119\u015bci formowane drutem IP Automation wed\u0142ug przemys\u0142u<\/h2>Bran\u017ce, kt\u00f3re obs\u0142ugujemy\u2026<br>Centrum<br>#ffffff<br>bez powt\u00f3rze\u0144;na \u015brodku u g\u00f3ry;;<br>automatyczny<br><br><div class=\"image_frame image_item no_link scale-with-grid element_classes alignnone no_border mfn-img-box\" ><div class=\"image_wrapper\"><img decoding=\"async\" class=\"scale-with-grid\" src=\"\" fetchpriority=\"high\" alt=\"\" title=\"\" width=\"\" height=\"\" style=\"\"\/><\/div><\/div>\n <br><hr class=\"no_line\" style=\"margin: 0 auto 0px auto\"\/>\n <br> <br><h4>Automobilowy<\/h4>Trawnik i ogr\u00f3d<br>Centrum<br>bez powt\u00f3rze\u0144;na \u015brodku u g\u00f3ry;;<br>automatyczny<br>0 3% 0 0<br>zwyczaj<br>250 pikseli<br><br><div class=\"image_frame image_item no_link scale-with-grid element_classes alignnone no_border mfn-img-box\" ><div class=\"image_wrapper\"><img decoding=\"async\" class=\"scale-with-grid\" src=\"\" fetchpriority=\"high\" alt=\"\" title=\"\" width=\"\" height=\"\" style=\"\"\/><\/div><\/div>\n <br><hr class=\"no_line\" style=\"margin: 0 auto 0px auto\"\/>\n <br> <br><h4>Rolnictwo<\/h4>Trawnik i ogr\u00f3d<br>Centrum<br>bez powt\u00f3rze\u0144;na \u015brodku u g\u00f3ry;;<br>automatyczny<br>0 3% 0 0<br>zwyczaj<br>250 pikseli<br><br><div class=\"image_frame image_item no_link scale-with-grid element_classes alignnone no_border mfn-img-box\" ><div class=\"image_wrapper\"><img decoding=\"async\" class=\"scale-with-grid\" src=\"\" fetchpriority=\"high\" alt=\"\" title=\"\" width=\"\" height=\"\" style=\"\"\/><\/div><\/div>\n <br><hr class=\"no_line\" style=\"margin: 0 auto 0px auto\"\/>\n <br> <br><h4>Trawnik i ogr\u00f3d<\/h4>Trawnik i ogr\u00f3d<br>Centrum<br>bez powt\u00f3rze\u0144;na \u015brodku u g\u00f3ry;;<br>automatyczny<br>0 3% 0 0<br>zwyczaj<br>250 pikseli<br><br><div class=\"image_frame image_item no_link scale-with-grid element_classes alignnone no_border mfn-img-box\" ><div class=\"image_wrapper\"><img decoding=\"async\" class=\"scale-with-grid\" src=\"\" fetchpriority=\"high\" alt=\"\" title=\"\" width=\"\" height=\"\" style=\"\"\/><\/div><\/div>\n <br><hr class=\"no_line\" style=\"margin: 0 auto 0px auto\"\/>\n <br> <br><h4>Budowa<\/h4>Budowa<br>Centrum<br>bez powt\u00f3rze\u0144;na \u015brodku u g\u00f3ry;;<br>automatyczny<br>0 0 0 0<br>zwyczaj<br>250 pikseli<br><br><div class=\"image_frame image_item no_link scale-with-grid element_classes alignnone no_border mfn-img-box\" ><div class=\"image_wrapper\"><img decoding=\"async\" class=\"scale-with-grid\" src=\"\" fetchpriority=\"high\" alt=\"\" title=\"\" width=\"\" height=\"\" style=\"\"\/><\/div><\/div>\n <br><hr class=\"no_line\" style=\"margin: 0 auto 0px auto\"\/>\n <br> <br><h4>Sprzeda\u017c detaliczna<\/h4>Sprzeda\u017c detaliczna<br>Centrum<br>bez powt\u00f3rze\u0144;na \u015brodku u g\u00f3ry;;<br>automatyczny<br>0 3% 0 0<br>zwyczaj<br>250 pikseli<br><br><div class=\"image_frame image_item no_link scale-with-grid element_classes alignnone no_border mfn-img-box\" ><div class=\"image_wrapper\"><img decoding=\"async\" class=\"scale-with-grid\" src=\"\" fetchpriority=\"high\" alt=\"\" title=\"\" width=\"\" height=\"\" style=\"\"\/><\/div><\/div>\n <br><hr class=\"no_line\" style=\"margin: 0 auto 0px auto\"\/>\n <br> <br><h4>Urz\u0105dzenie<\/h4>Urz\u0105dzenie<br>Centrum<br>bez powt\u00f3rze\u0144;na \u015brodku u g\u00f3ry;;<br>automatyczny<br>0 3% 0 0<br>zwyczaj<br>250 pikseli<br><br><div class=\"image_frame image_item no_link scale-with-grid element_classes alignnone no_border mfn-img-box\" ><div class=\"image_wrapper\"><img decoding=\"async\" class=\"scale-with-grid\" src=\"\" fetchpriority=\"high\" alt=\"\" title=\"\" width=\"\" height=\"\" style=\"\"\/><\/div><\/div>\n <br><hr class=\"no_line\" style=\"margin: 0 auto 0px auto\"\/>\n <br> <br><h4>Meble<\/h4>Urz\u0105dzenie<br>Centrum<br>bez powt\u00f3rze\u0144;na \u015brodku u g\u00f3ry;;<br>automatyczny<br>0 3% 0 0<br>zwyczaj<br>250 pikseli<br><br><div class=\"image_frame image_item no_link scale-with-grid element_classes alignnone no_border mfn-img-box\" ><div class=\"image_wrapper\"><img decoding=\"async\" class=\"scale-with-grid\" src=\"\" fetchpriority=\"high\" alt=\"\" title=\"\" width=\"\" height=\"\" style=\"\"\/><\/div><\/div>\n <br><hr class=\"no_line\" style=\"margin: 0 auto 0px auto\"\/>\n <br> <br><h4>Silniki spinkowe<\/h4>Urz\u0105dzenie<br>Centrum<br>bez powt\u00f3rze\u0144;na \u015brodku u g\u00f3ry;;<br>automatyczny<br>0 3% 0 0<br>zwyczaj<br>250 pikseli<br><br>30<br>ukrywa\u0107<br><br><h3>AUTOMOBILOWY<\/h3>AUTOMOBILOWY<br>Centrum<br>powt\u00f3rz;\u015brodek;;<br>pokrywa-ultraszeroka<br>zanikanie w g\u00f3r\u0119<br><br><img decoding=\"async\" src=\"https:\/\/ipautomationinc.com\/wp-content\/uploads\/2017\/10\/IMG_2018-1-e1640896150508.png\" alt=\"IMG_2018\"><br>pe\u0142ny<br><br><img decoding=\"async\" src=\"https:\/\/ipautomationinc.com\/wp-content\/uploads\/2017\/10\/IMG_1989-1-e1640896417688.png\" alt=\"IMG_1989\"><br>pe\u0142ny<br><br><img decoding=\"async\" src=\"https:\/\/ipautomationinc.com\/wp-content\/uploads\/2017\/10\/IMG_2016-1-e1640896618424.png\" alt=\"IMG_2016\"><br>pe\u0142ny<br><br><img decoding=\"async\" src=\"https:\/\/ipautomationinc.com\/wp-content\/uploads\/2017\/10\/IMG_1991-1-e1640896746352.png\" alt=\"IMG_1991\"><br>pe\u0142ny<br><br><br><img decoding=\"async\" src=\"https:\/\/ipautomationinc.com\/wp-content\/uploads\/2017\/10\/IMG_2003-1-e1640896821397.png\" alt=\"IMG_2003\"><br>pe\u0142ny<br><br><img decoding=\"async\" src=\"https:\/\/ipautomationinc.com\/wp-content\/uploads\/2017\/10\/IMG_2007-1-e1640896875297.png\" alt=\"IMG_2007\"><br>pe\u0142ny<br><br><img decoding=\"async\" src=\"https:\/\/ipautomationinc.com\/wp-content\/uploads\/2017\/10\/IMG_1994-1-e1640897604612.png\" alt=\"IMG_1994\"><br>pe\u0142ny<br><br><img decoding=\"async\" src=\"https:\/\/ipautomationinc.com\/wp-content\/uploads\/2017\/10\/IMG_2026-1-e1640897688981.png\" alt=\"IMG_2026\"><br>pe\u0142ny<br><br>30<br>ukrywa\u0107<br><br><h3>ROLNICTWO<\/h3>ROLNICTWO<br>Centrum<br>#ffffff<br>bez powt\u00f3rze\u0144;centrum;;<br>pokrywa-ultraszeroka<br><br><img decoding=\"async\" src=\"https:\/\/ipautomationinc.com\/wp-content\/uploads\/2017\/11\/Screen-Shot-2017-11-06-at-1.34.43-PM-e1640897964336.png\" alt=\"Zrzut ekranu 2017-11-06 o 13:34:43\"><br>pe\u0142ny<br><br><img decoding=\"async\" src=\"https:\/\/ipautomationinc.com\/wp-content\/uploads\/2017\/11\/Screen-Shot-2017-11-06-at-1.34.22-PM-e1640898304626.png\" alt=\"Zrzut ekranu 2017-11-06 o 13:34:22\"><br>pe\u0142ny<br><br><img decoding=\"async\" src=\"https:\/\/ipautomationinc.com\/wp-content\/uploads\/2017\/11\/Screen-Shot-2017-11-06-at-1.36.58-PM-e1640898355551.png\" alt=\"Zrzut ekranu 2017-11-06 o 13:36:58\"><br>pe\u0142ny<br><br><img decoding=\"async\" src=\"https:\/\/ipautomationinc.com\/wp-content\/uploads\/2017\/11\/Screen-Shot-2017-11-06-at-1.34.08-PM.png\" alt=\"Zrzut ekranu 2017-11-06 o 13:34.08\"><br>pe\u0142ny<br><br>30<br>ukrywa\u0107<br><br><h3>TRAWNIK I OGR\u00d3D<\/h3>TRAWNIK I OGR\u00d3D<br>Centrum<br>#ffffff<br>bez powt\u00f3rze\u0144;centrum;;<br>pokrywa-ultraszeroka<br><br><img decoding=\"async\" src=\"https:\/\/ipautomationinc.com\/wp-content\/uploads\/2017\/11\/Screen-Shot-2017-11-06-at-1.38.33-PM-e1640898445847.png\" alt=\"Zrzut ekranu 2017-11-06 o 13:38:33\"><br>pe\u0142ny<br><br><img decoding=\"async\" src=\"https:\/\/ipautomationinc.com\/wp-content\/uploads\/2017\/11\/Screen-Shot-2017-11-06-at-1.37.50-PM-e1640898490699.png\" alt=\"Zrzut ekranu 2017-11-06 o 13:37:50\"><br>pe\u0142ny<br><br>30<br>ukrywa\u0107<br><br><h3>BUDOWA<\/h3>BUDOWA<br>Centrum<br>#ffffff<br>bez powt\u00f3rze\u0144;centrum;;<br>pokrywa-ultraszeroka<br><br><img decoding=\"async\" src=\"https:\/\/ipautomationinc.com\/wp-content\/uploads\/2017\/11\/Screen-Shot-2017-11-06-at-1.27.35-PM-e1640898557130.png\" alt=\"Zrzut ekranu 2017-11-06 o 13:27:35\"><br>pe\u0142ny<br>91 pikseli<br>51 pikseli<br>138 pikseli<br>Centrum<br><br><img decoding=\"async\" src=\"https:\/\/ipautomationinc.com\/wp-content\/uploads\/2023\/04\/rebar3.png\" alt=\"zbrojenie3\"><br>pe\u0142ny<br><br><img decoding=\"async\" src=\"https:\/\/ipautomationinc.com\/wp-content\/uploads\/2023\/04\/rebar4.png\" alt=\"zbrojenie4\"><br>pe\u0142ny<br>250 pikseli<br>Centrum<br><br><img decoding=\"async\" src=\"https:\/\/ipautomationinc.com\/wp-content\/uploads\/2023\/04\/rebar1.png\" alt=\"zbrojenie1\"><br>pe\u0142ny<br><br>30<br>ukrywa\u0107<br><br><h3>SPRZEDA\u017b DETALICZNA<\/h3>SPRZEDA\u017b DETALICZNA<br>Centrum<br>#ffffff<br>bez powt\u00f3rze\u0144;centrum;;<br>pokrywa-ultraszeroka<br><br><img decoding=\"async\" src=\"https:\/\/ipautomationinc.com\/wp-content\/uploads\/2017\/11\/Screen-Shot-2017-11-06-at-12.03.28-PM-e1640898637133.png\" alt=\"Zrzut ekranu 2017-11-06 o 12.03.28\"><br>pe\u0142ny<br><br><img decoding=\"async\" src=\"https:\/\/ipautomationinc.com\/wp-content\/uploads\/2017\/11\/Screen-Shot-2017-11-06-at-12.24.00-PM-e1640898737479.png\" alt=\"Zrzut ekranu 2017-11-06 o godzinie 12:24.00\"><br>pe\u0142ny<br><br><img decoding=\"async\" src=\"https:\/\/ipautomationinc.com\/wp-content\/uploads\/2017\/11\/Screen-Shot-2017-11-06-at-12.23.25-PM.png\" alt=\"Zrzut ekranu 2017-11-06 o 12:23:25\"><br>pe\u0142ny<br><br><img decoding=\"async\" src=\"https:\/\/ipautomationinc.com\/wp-content\/uploads\/2017\/11\/Screen-Shot-2017-11-06-at-12.24.00-PM.png\" alt=\"\"><br>pe\u0142ny<br><br><img decoding=\"async\" src=\"https:\/\/ipautomationinc.com\/wp-content\/uploads\/2017\/11\/Screen-Shot-2017-11-06-at-12.28.20-PM-e1640898971646.png\" alt=\"Zrzut ekranu 2017-11-06 o 12.28.20\"><br>pe\u0142ny<br><br><img decoding=\"async\" src=\"https:\/\/ipautomationinc.com\/wp-content\/uploads\/2017\/11\/bigstock-Shopping-Cart-D-With-Clipping-1349654-e1640899028446.jpg\" alt=\"Koszyk 3D Ze \u015bcie\u017ck\u0105 Przycinaj\u0105c\u0105\"><br>pe\u0142ny<br><br><img decoding=\"async\" src=\"https:\/\/ipautomationinc.com\/wp-content\/uploads\/2017\/11\/Screen-Shot-2017-11-06-at-1.34.57-PM-e1640899168368.png\" alt=\"Zrzut ekranu 6.11.2017 o godzinie 13:34:57\"><br>pe\u0142ny<br><br><img decoding=\"async\" src=\"https:\/\/ipautomationinc.com\/wp-content\/uploads\/2017\/11\/Screen-Shot-2017-11-06-at-12.25.43-PM-e1640899352604.png\" alt=\"Zrzut ekranu 2017-11-06 o 12.25.43\"><br>pe\u0142ny<br><br>30<br>ukrywa\u0107<br><br><h3>URZ\u0104DZENIE<\/h3>URZ\u0104DZENIE<br>Centrum<br>#ffffff<br>bez powt\u00f3rze\u0144;centrum;;<br>pokrywa-ultraszeroka<br><br><img decoding=\"async\" src=\"https:\/\/ipautomationinc.com\/wp-content\/uploads\/2017\/11\/Screen-Shot-2017-11-06-at-1.16.03-PM.png\" alt=\"\"><br>pe\u0142ny<br><br><img decoding=\"async\" src=\"https:\/\/ipautomationinc.com\/wp-content\/uploads\/2017\/11\/Screen-Shot-2017-11-06-at-1.16.31-PM.png\" alt=\"Zrzut ekranu 2017-11-06 o 13:16:31\"><br>pe\u0142ny<br><br><img decoding=\"async\" src=\"https:\/\/ipautomationinc.com\/wp-content\/uploads\/2017\/11\/Screen-Shot-2017-11-06-at-1.17.22-PM.png\" alt=\"Zrzut ekranu 2017-11-06 o 13:17:22\"><br>pe\u0142ny<br><br><img decoding=\"async\" src=\"https:\/\/ipautomationinc.com\/wp-content\/uploads\/2017\/11\/Screen-Shot-2017-11-06-at-1.17.54-PM-e1635359774200.png\" alt=\"Zrzut ekranu 2017-11-06 o 13:17:54\"><br>pe\u0142ny<br><br>30<br>ukrywa\u0107<br><br><h3>MEBLE<\/h3>URZ\u0104DZENIE<br>Centrum<br>#ffffff<br>bez powt\u00f3rze\u0144;centrum;;<br>pokrywa-ultraszeroka<br><br><img decoding=\"async\" src=\"https:\/\/ipautomationinc.com\/wp-content\/uploads\/2023\/05\/stack-chair.png\" alt=\"krzes\u0142o stosowe\"><br>pe\u0142ny<br><br><img decoding=\"async\" src=\"https:\/\/ipautomationinc.com\/wp-content\/uploads\/2023\/05\/hairpin-leg.png\" alt=\"spinka do w\u0142os\u00f3w\"><br>pe\u0142ny<br>125 pikseli<br>240 pikseli<br>Centrum<br><br><img decoding=\"async\" src=\"https:\/\/ipautomationinc.com\/wp-content\/uploads\/2023\/05\/chair-lever.png\" alt=\"d\u017awignia krzes\u0142a\"><br>pe\u0142ny<br>277 pikseli<br>Centrum<br><br><img decoding=\"async\" src=\"https:\/\/ipautomationinc.com\/wp-content\/uploads\/2023\/05\/lock-rod.png\" alt=\"dr\u0105\u017cek zamka\"><br>pe\u0142ny<br>283 piks<br>Centrum<br><br><\/p>","protected":false},"excerpt":{"rendered":"<p>IP Automation wire forms by industry. Automotive, agriculture, lawn &amp; garden, construction, retail and pop display, appliance, furniture, hairpin motors.<span class=\"excerpt-hellip\"> [\u2026]<\/span><\/p>\n","protected":false},"author":3,"featured_media":0,"parent":0,"menu_order":0,"comment_status":"closed","ping_status":"closed","template":"","meta":{"footnotes":""},"class_list":["post-428","page","type-page","status-publish","hentry"],"yoast_head":"<!-- This site is optimized with the Yoast SEO plugin v27.3 - https:\/\/yoast.com\/product\/yoast-seo-wordpress\/ -->\n<title>Industries Served | IP Automation Inc<\/title>\n<meta name=\"description\" content=\"Discover different wire forms by industry application.\" \/>\n<meta name=\"robots\" content=\"index, follow, max-snippet:-1, max-image-preview:large, max-video-preview:-1\" \/>\n<link rel=\"canonical\" href=\"https:\/\/ipautomationinc.com\/pl\/branze-i-mozliwosci\/\" \/>\n<meta property=\"og:locale\" content=\"pl_PL\" \/>\n<meta property=\"og:type\" content=\"article\" \/>\n<meta property=\"og:title\" content=\"Industries Served | IP Automation Inc\" \/>\n<meta property=\"og:description\" content=\"Discover different wire forms by industry application.\" \/>\n<meta property=\"og:url\" content=\"https:\/\/ipautomationinc.com\/pl\/branze-i-mozliwosci\/\" \/>\n<meta property=\"og:site_name\" content=\"IP Automation Inc\" \/>\n<meta property=\"article:publisher\" content=\"https:\/\/www.facebook.com\/ipautomationinc\/\" \/>\n<meta property=\"article:modified_time\" content=\"2024-01-09T17:49:29+00:00\" \/>\n<meta property=\"og:image\" content=\"https:\/\/ipautomationinc.com\/wp-content\/uploads\/2022\/05\/web-header_Artboard-3.jpg\" \/>\n\t<meta property=\"og:image:width\" content=\"1920\" \/>\n\t<meta property=\"og:image:height\" content=\"815\" \/>\n\t<meta property=\"og:image:type\" content=\"image\/jpeg\" \/>\n<script type=\"application\/ld+json\" class=\"yoast-schema-graph\">{\"@context\":\"https:\\\/\\\/schema.org\",\"@graph\":[{\"@type\":\"WebPage\",\"@id\":\"https:\\\/\\\/ipautomationinc.com\\\/industries-and-capabilities\\\/\",\"url\":\"https:\\\/\\\/ipautomationinc.com\\\/industries-and-capabilities\\\/\",\"name\":\"Industries Served | IP Automation Inc\",\"isPartOf\":{\"@id\":\"https:\\\/\\\/ipautomationinc.com\\\/#website\"},\"primaryImageOfPage\":{\"@id\":\"https:\\\/\\\/ipautomationinc.com\\\/industries-and-capabilities\\\/#primaryimage\"},\"image\":{\"@id\":\"https:\\\/\\\/ipautomationinc.com\\\/industries-and-capabilities\\\/#primaryimage\"},\"thumbnailUrl\":\"https:\\\/\\\/ipautomationinc.com\\\/wp-content\\\/uploads\\\/2017\\\/10\\\/IMG_2018-1-e1640896150508.png\",\"datePublished\":\"2018-06-25T23:30:37+00:00\",\"dateModified\":\"2024-01-09T17:49:29+00:00\",\"description\":\"Discover different wire forms by industry application.\",\"inLanguage\":\"pl-PL\",\"potentialAction\":[{\"@type\":\"ReadAction\",\"target\":[\"https:\\\/\\\/ipautomationinc.com\\\/industries-and-capabilities\\\/\"]}]},{\"@type\":\"ImageObject\",\"inLanguage\":\"pl-PL\",\"@id\":\"https:\\\/\\\/ipautomationinc.com\\\/industries-and-capabilities\\\/#primaryimage\",\"url\":\"https:\\\/\\\/ipautomationinc.com\\\/wp-content\\\/uploads\\\/2017\\\/10\\\/IMG_2018-1-e1640896150508.png\",\"contentUrl\":\"https:\\\/\\\/ipautomationinc.com\\\/wp-content\\\/uploads\\\/2017\\\/10\\\/IMG_2018-1-e1640896150508.png\"},{\"@type\":\"WebSite\",\"@id\":\"https:\\\/\\\/ipautomationinc.com\\\/#website\",\"url\":\"https:\\\/\\\/ipautomationinc.com\\\/\",\"name\":\"IP Automation Inc\",\"description\":\"Concept... Creation... Reality...\",\"publisher\":{\"@id\":\"https:\\\/\\\/ipautomationinc.com\\\/#organization\"},\"potentialAction\":[{\"@type\":\"SearchAction\",\"target\":{\"@type\":\"EntryPoint\",\"urlTemplate\":\"https:\\\/\\\/ipautomationinc.com\\\/?s={search_term_string}\"},\"query-input\":{\"@type\":\"PropertyValueSpecification\",\"valueRequired\":true,\"valueName\":\"search_term_string\"}}],\"inLanguage\":\"pl-PL\"},{\"@type\":\"Organization\",\"@id\":\"https:\\\/\\\/ipautomationinc.com\\\/#organization\",\"name\":\"IP Automation Inc\",\"url\":\"https:\\\/\\\/ipautomationinc.com\\\/\",\"logo\":{\"@type\":\"ImageObject\",\"inLanguage\":\"pl-PL\",\"@id\":\"https:\\\/\\\/ipautomationinc.com\\\/#\\\/schema\\\/logo\\\/image\\\/\",\"url\":\"https:\\\/\\\/ipautomationinc.com\\\/wp-content\\\/uploads\\\/2022\\\/05\\\/IPA-Favicon.png\",\"contentUrl\":\"https:\\\/\\\/ipautomationinc.com\\\/wp-content\\\/uploads\\\/2022\\\/05\\\/IPA-Favicon.png\",\"width\":513,\"height\":513,\"caption\":\"IP Automation Inc\"},\"image\":{\"@id\":\"https:\\\/\\\/ipautomationinc.com\\\/#\\\/schema\\\/logo\\\/image\\\/\"},\"sameAs\":[\"https:\\\/\\\/www.facebook.com\\\/ipautomationinc\\\/\",\"https:\\\/\\\/www.linkedin.com\\\/company\\\/ip-automation-inc\\\/\",\"https:\\\/\\\/www.youtube.com\\\/@IPAutomation\"]}]}<\/script>\n<!-- \/ Yoast SEO plugin. -->","yoast_head_json":{"title":"Obs\u0142ugiwane bran\u017ce | Firma IP Automation Inc","description":"Odkryj r\u00f3\u017cne formy drutu wed\u0142ug zastosowa\u0144 bran\u017cowych.","robots":{"index":"index","follow":"follow","max-snippet":"max-snippet:-1","max-image-preview":"max-image-preview:large","max-video-preview":"max-video-preview:-1"},"canonical":"https:\/\/ipautomationinc.com\/pl\/branze-i-mozliwosci\/","og_locale":"pl_PL","og_type":"article","og_title":"Industries Served | IP Automation Inc","og_description":"Discover different wire forms by industry application.","og_url":"https:\/\/ipautomationinc.com\/pl\/branze-i-mozliwosci\/","og_site_name":"IP Automation Inc","article_publisher":"https:\/\/www.facebook.com\/ipautomationinc\/","article_modified_time":"2024-01-09T17:49:29+00:00","og_image":[{"width":1920,"height":815,"url":"https:\/\/ipautomationinc.com\/wp-content\/uploads\/2022\/05\/web-header_Artboard-3.jpg","type":"image\/jpeg"}],"schema":{"@context":"https:\/\/schema.org","@graph":[{"@type":"WebPage","@id":"https:\/\/ipautomationinc.com\/industries-and-capabilities\/","url":"https:\/\/ipautomationinc.com\/industries-and-capabilities\/","name":"Obs\u0142ugiwane bran\u017ce | Firma IP Automation Inc","isPartOf":{"@id":"https:\/\/ipautomationinc.com\/#website"},"primaryImageOfPage":{"@id":"https:\/\/ipautomationinc.com\/industries-and-capabilities\/#primaryimage"},"image":{"@id":"https:\/\/ipautomationinc.com\/industries-and-capabilities\/#primaryimage"},"thumbnailUrl":"https:\/\/ipautomationinc.com\/wp-content\/uploads\/2017\/10\/IMG_2018-1-e1640896150508.png","datePublished":"2018-06-25T23:30:37+00:00","dateModified":"2024-01-09T17:49:29+00:00","description":"Odkryj r\u00f3\u017cne formy drutu wed\u0142ug zastosowa\u0144 bran\u017cowych.","inLanguage":"pl-PL","potentialAction":[{"@type":"ReadAction","target":["https:\/\/ipautomationinc.com\/industries-and-capabilities\/"]}]},{"@type":"ImageObject","inLanguage":"pl-PL","@id":"https:\/\/ipautomationinc.com\/industries-and-capabilities\/#primaryimage","url":"https:\/\/ipautomationinc.com\/wp-content\/uploads\/2017\/10\/IMG_2018-1-e1640896150508.png","contentUrl":"https:\/\/ipautomationinc.com\/wp-content\/uploads\/2017\/10\/IMG_2018-1-e1640896150508.png"},{"@type":"WebSite","@id":"https:\/\/ipautomationinc.com\/#website","url":"https:\/\/ipautomationinc.com\/","name":"Firma IP Automation Inc","description":"Koncepcja... Kreacja... Rzeczywisto\u015b\u0107...","publisher":{"@id":"https:\/\/ipautomationinc.com\/#organization"},"potentialAction":[{"@type":"SearchAction","target":{"@type":"EntryPoint","urlTemplate":"https:\/\/ipautomationinc.com\/?s={search_term_string}"},"query-input":{"@type":"PropertyValueSpecification","valueRequired":true,"valueName":"search_term_string"}}],"inLanguage":"pl-PL"},{"@type":"Organization","@id":"https:\/\/ipautomationinc.com\/#organization","name":"Firma IP Automation Inc","url":"https:\/\/ipautomationinc.com\/","logo":{"@type":"ImageObject","inLanguage":"pl-PL","@id":"https:\/\/ipautomationinc.com\/#\/schema\/logo\/image\/","url":"https:\/\/ipautomationinc.com\/wp-content\/uploads\/2022\/05\/IPA-Favicon.png","contentUrl":"https:\/\/ipautomationinc.com\/wp-content\/uploads\/2022\/05\/IPA-Favicon.png","width":513,"height":513,"caption":"IP Automation Inc"},"image":{"@id":"https:\/\/ipautomationinc.com\/#\/schema\/logo\/image\/"},"sameAs":["https:\/\/www.facebook.com\/ipautomationinc\/","https:\/\/www.linkedin.com\/company\/ip-automation-inc\/","https:\/\/www.youtube.com\/@IPAutomation"]}]}},"_links":{"self":[{"href":"https:\/\/ipautomationinc.com\/pl\/wp-json\/wp\/v2\/pages\/428","targetHints":{"allow":["GET"]}}],"collection":[{"href":"https:\/\/ipautomationinc.com\/pl\/wp-json\/wp\/v2\/pages"}],"about":[{"href":"https:\/\/ipautomationinc.com\/pl\/wp-json\/wp\/v2\/types\/page"}],"author":[{"embeddable":true,"href":"https:\/\/ipautomationinc.com\/pl\/wp-json\/wp\/v2\/users\/3"}],"replies":[{"embeddable":true,"href":"https:\/\/ipautomationinc.com\/pl\/wp-json\/wp\/v2\/comments?post=428"}],"version-history":[{"count":0,"href":"https:\/\/ipautomationinc.com\/pl\/wp-json\/wp\/v2\/pages\/428\/revisions"}],"wp:attachment":[{"href":"https:\/\/ipautomationinc.com\/pl\/wp-json\/wp\/v2\/media?parent=428"}],"curies":[{"name":"wp","href":"https:\/\/api.w.org\/{rel}","templated":true}]}}