{"id":39705,"date":"2026-04-01T13:37:45","date_gmt":"2026-04-01T18:37:45","guid":{"rendered":"https:\/\/ipautomationinc.com\/?page_id=39705"},"modified":"2026-04-01T13:37:46","modified_gmt":"2026-04-01T18:37:46","slug":"gietarki-do-rur-cnc","status":"publish","type":"page","link":"https:\/\/ipautomationinc.com\/pl\/cnc-tube-benders\/","title":{"rendered":"Gi\u0119tarki do rur CNC"},"content":{"rendered":"<p>Explore our selection of 3D CNC Tube Benders to find the perfect one for you. Quality made in the USA machinery. T series 3D CNC Tube Bender. P series single piece 3D CNC Wire Bender.<\/p>\n\n\n\n<p><span class=\"builder2seo\"><\/span>Gi\u0119tarki do rur CNC<br><br>szeroki<br><br><img decoding=\"async\" src=\"https:\/\/ipautomationinc.com\/wp-content\/uploads\/2026\/03\/i13T-S\u00b2-3D-CNC-Tube-Bending-Machine.png#39661\" alt=\"i13T-S\u00b2 3D CNC Tube Bending Machine\"><br><a href=\"https:\/\/ipautomationinc.com\/pl\/seria-t\/\">https:\/\/ipautomationinc.com\/t-series\/<\/a><br><br>Seria T<br><br>Ucz si\u0119 wi\u0119cej<br><a href=\"https:\/\/ipautomationinc.com\/pl\/seria-t\/\">https:\/\/ipautomationinc.com\/t-series\/<\/a><br>motyw_przycisku<br><br>Gi\u0119tarka do rur CNC 3D do zastosowa\u0144 poza zwojem<br><br><h5>Seria T to tr\u00f3jwymiarowa gi\u0119tarka CNC do rur, kt\u00f3ra przetwarza materia\u0142 w zwojach, wykorzystuj\u0105c dwie g\u0142owice do gi\u0119cia walcowego i \u015bciskania.<\/h5><br><br><br><br>Pojemno\u015b\u0107 tuby 3-20 mm*<br><br>Idealny do rurek po\u0142\u0105czeniowych, w\u0119\u017cownic ch\u0142odniczych, w\u0119\u017cownic prostok\u0105tnych i o zmiennych wymiarach<br><br><br>Nag\u0142\u00f3wek + opis<br>bez powt\u00f3rze\u0144;lewy g\u00f3rny;;<br>automatyczny<br>20 pikseli<br>0 10%<br><br><img decoding=\"async\" src=\"https:\/\/ipautomationinc.com\/wp-content\/uploads\/2026\/02\/i10-S\u00b2-P-Single-Piece-3D-CNC-Wire-Bender.png#39498\" alt=\"i10-S\u00b2-P Single Piece 3D CNC Wire Bender\"><br><a href=\"https:\/\/ipautomationinc.com\/pl\/seria-ip\/\">https:\/\/ipautomationinc.com\/i-p-series\/<\/a><br><br>Seria iP<br><br>Ucz si\u0119 wi\u0119cej<br><a href=\"https:\/\/ipautomationinc.com\/pl\/seria-ip\/\">https:\/\/ipautomationinc.com\/i-p-series\/<\/a><br>motyw_przycisku<br><br>Jednocz\u0119\u015bciowa gi\u0119tarka do drutu 3D CNC z wieloma g\u0142owicami do gi\u0119cia<br><br><h5>Gi\u0119tarka do drutu CNC do pojedynczych element\u00f3w iP zosta\u0142a zaprojektowana tak, aby u\u0142atwi\u0107 obr\u00f3bk\u0119 skomplikowanych cz\u0119\u015bci i kombinacji cz\u0119\u015bci wymagaj\u0105cych wszechstronno\u015bci i elastyczno\u015bci w zastosowaniach o ma\u0142ej obj\u0119to\u015bci.<\/h5><br><br><br><br>\u015arednica drutu 2,5\u201316 mm*<br><br>Idealny do wieszak\u00f3w wydechowych, cz\u0119\u015bci o du\u017cej mieszalno\u015bci i ma\u0142ej obj\u0119to\u015bci, element\u00f3w grzejnych i cz\u0119\u015bci z zamkni\u0119t\u0105 p\u0119tl\u0105 ko\u0144cow\u0105<br><br>G\u0142owice gn\u0105ce pojedyncze lub podw\u00f3jne<br><br><br>Nag\u0142\u00f3wek + opis<br>bez powt\u00f3rze\u0144;lewy g\u00f3rny;;<br>automatyczny<br>20 pikseli<br>0 10%<br><br><\/p>","protected":false},"excerpt":{"rendered":"<p>Explore our selection of 3D CNC Tube Benders to find the perfect one for you. Quality made in the USA<span class=\"excerpt-hellip\"> [\u2026]<\/span><\/p>\n","protected":false},"author":3,"featured_media":0,"parent":0,"menu_order":0,"comment_status":"closed","ping_status":"closed","template":"","meta":{"footnotes":""},"class_list":["post-39705","page","type-page","status-publish","hentry"],"yoast_head":"<!-- This site is optimized with the Yoast SEO plugin v27.4 - https:\/\/yoast.com\/product\/yoast-seo-wordpress\/ -->\n<title>CNC Tube Benders | IP Automation Inc<\/title>\n<meta name=\"description\" content=\"Explore our selection of CNC Tube Benders to find the perfect one for you. Quality made in the USA machinery.\" \/>\n<meta name=\"robots\" content=\"index, follow, max-snippet:-1, max-image-preview:large, max-video-preview:-1\" \/>\n<link rel=\"canonical\" href=\"https:\/\/ipautomationinc.com\/pl\/gietarki-do-rur-cnc\/\" \/>\n<meta property=\"og:locale\" content=\"pl_PL\" \/>\n<meta property=\"og:type\" content=\"article\" \/>\n<meta property=\"og:title\" content=\"CNC Tube Benders | IP Automation Inc\" \/>\n<meta property=\"og:description\" content=\"Explore our selection of CNC Tube Benders to find the perfect one for you. Quality made in the USA machinery.\" \/>\n<meta property=\"og:url\" content=\"https:\/\/ipautomationinc.com\/pl\/gietarki-do-rur-cnc\/\" \/>\n<meta property=\"og:site_name\" content=\"IP Automation Inc\" \/>\n<meta property=\"article:publisher\" content=\"https:\/\/www.facebook.com\/ipautomationinc\/\" \/>\n<meta property=\"article:modified_time\" content=\"2026-04-01T18:37:46+00:00\" \/>\n<script type=\"application\/ld+json\" class=\"yoast-schema-graph\">{\"@context\":\"https:\\\/\\\/schema.org\",\"@graph\":[{\"@type\":\"WebPage\",\"@id\":\"https:\\\/\\\/ipautomationinc.com\\\/cnc-tube-benders\\\/\",\"url\":\"https:\\\/\\\/ipautomationinc.com\\\/cnc-tube-benders\\\/\",\"name\":\"CNC Tube Benders | IP Automation Inc\",\"isPartOf\":{\"@id\":\"https:\\\/\\\/ipautomationinc.com\\\/#website\"},\"datePublished\":\"2026-04-01T18:37:45+00:00\",\"dateModified\":\"2026-04-01T18:37:46+00:00\",\"description\":\"Explore our selection of CNC Tube Benders to find the perfect one for you. Quality made in the USA machinery.\",\"inLanguage\":\"pl-PL\",\"potentialAction\":[{\"@type\":\"ReadAction\",\"target\":[\"https:\\\/\\\/ipautomationinc.com\\\/cnc-tube-benders\\\/\"]}]},{\"@type\":\"WebSite\",\"@id\":\"https:\\\/\\\/ipautomationinc.com\\\/#website\",\"url\":\"https:\\\/\\\/ipautomationinc.com\\\/\",\"name\":\"IP Automation Inc\",\"description\":\"Concept... Creation... Reality...\",\"publisher\":{\"@id\":\"https:\\\/\\\/ipautomationinc.com\\\/#organization\"},\"potentialAction\":[{\"@type\":\"SearchAction\",\"target\":{\"@type\":\"EntryPoint\",\"urlTemplate\":\"https:\\\/\\\/ipautomationinc.com\\\/?s={search_term_string}\"},\"query-input\":{\"@type\":\"PropertyValueSpecification\",\"valueRequired\":true,\"valueName\":\"search_term_string\"}}],\"inLanguage\":\"pl-PL\"},{\"@type\":\"Organization\",\"@id\":\"https:\\\/\\\/ipautomationinc.com\\\/#organization\",\"name\":\"IP Automation Inc\",\"url\":\"https:\\\/\\\/ipautomationinc.com\\\/\",\"logo\":{\"@type\":\"ImageObject\",\"inLanguage\":\"pl-PL\",\"@id\":\"https:\\\/\\\/ipautomationinc.com\\\/#\\\/schema\\\/logo\\\/image\\\/\",\"url\":\"https:\\\/\\\/ipautomationinc.com\\\/wp-content\\\/uploads\\\/2022\\\/05\\\/IPA-Favicon.png\",\"contentUrl\":\"https:\\\/\\\/ipautomationinc.com\\\/wp-content\\\/uploads\\\/2022\\\/05\\\/IPA-Favicon.png\",\"width\":513,\"height\":513,\"caption\":\"IP Automation Inc\"},\"image\":{\"@id\":\"https:\\\/\\\/ipautomationinc.com\\\/#\\\/schema\\\/logo\\\/image\\\/\"},\"sameAs\":[\"https:\\\/\\\/www.facebook.com\\\/ipautomationinc\\\/\",\"https:\\\/\\\/www.linkedin.com\\\/company\\\/ip-automation-inc\\\/\",\"https:\\\/\\\/www.youtube.com\\\/@IPAutomation\"]}]}<\/script>\n<!-- \/ Yoast SEO plugin. -->","yoast_head_json":{"title":"Gi\u0119tarki do rur CNC | IP Automation Inc","description":"Zapoznaj si\u0119 z nasz\u0105 ofert\u0105 gi\u0119tarek do rur CNC i znajd\u017a idealn\u0105 dla siebie. Wysokiej jako\u015bci maszyny wyprodukowane w USA.","robots":{"index":"index","follow":"follow","max-snippet":"max-snippet:-1","max-image-preview":"max-image-preview:large","max-video-preview":"max-video-preview:-1"},"canonical":"https:\/\/ipautomationinc.com\/pl\/gietarki-do-rur-cnc\/","og_locale":"pl_PL","og_type":"article","og_title":"CNC Tube Benders | IP Automation Inc","og_description":"Explore our selection of CNC Tube Benders to find the perfect one for you. Quality made in the USA machinery.","og_url":"https:\/\/ipautomationinc.com\/pl\/gietarki-do-rur-cnc\/","og_site_name":"IP Automation Inc","article_publisher":"https:\/\/www.facebook.com\/ipautomationinc\/","article_modified_time":"2026-04-01T18:37:46+00:00","schema":{"@context":"https:\/\/schema.org","@graph":[{"@type":"WebPage","@id":"https:\/\/ipautomationinc.com\/cnc-tube-benders\/","url":"https:\/\/ipautomationinc.com\/cnc-tube-benders\/","name":"Gi\u0119tarki do rur CNC | IP Automation Inc","isPartOf":{"@id":"https:\/\/ipautomationinc.com\/#website"},"datePublished":"2026-04-01T18:37:45+00:00","dateModified":"2026-04-01T18:37:46+00:00","description":"Zapoznaj si\u0119 z nasz\u0105 ofert\u0105 gi\u0119tarek do rur CNC i znajd\u017a idealn\u0105 dla siebie. Wysokiej jako\u015bci maszyny wyprodukowane w USA.","inLanguage":"pl-PL","potentialAction":[{"@type":"ReadAction","target":["https:\/\/ipautomationinc.com\/cnc-tube-benders\/"]}]},{"@type":"WebSite","@id":"https:\/\/ipautomationinc.com\/#website","url":"https:\/\/ipautomationinc.com\/","name":"Firma IP Automation Inc","description":"Koncepcja... Kreacja... Rzeczywisto\u015b\u0107...","publisher":{"@id":"https:\/\/ipautomationinc.com\/#organization"},"potentialAction":[{"@type":"SearchAction","target":{"@type":"EntryPoint","urlTemplate":"https:\/\/ipautomationinc.com\/?s={search_term_string}"},"query-input":{"@type":"PropertyValueSpecification","valueRequired":true,"valueName":"search_term_string"}}],"inLanguage":"pl-PL"},{"@type":"Organization","@id":"https:\/\/ipautomationinc.com\/#organization","name":"Firma IP Automation Inc","url":"https:\/\/ipautomationinc.com\/","logo":{"@type":"ImageObject","inLanguage":"pl-PL","@id":"https:\/\/ipautomationinc.com\/#\/schema\/logo\/image\/","url":"https:\/\/ipautomationinc.com\/wp-content\/uploads\/2022\/05\/IPA-Favicon.png","contentUrl":"https:\/\/ipautomationinc.com\/wp-content\/uploads\/2022\/05\/IPA-Favicon.png","width":513,"height":513,"caption":"IP Automation Inc"},"image":{"@id":"https:\/\/ipautomationinc.com\/#\/schema\/logo\/image\/"},"sameAs":["https:\/\/www.facebook.com\/ipautomationinc\/","https:\/\/www.linkedin.com\/company\/ip-automation-inc\/","https:\/\/www.youtube.com\/@IPAutomation"]}]}},"_links":{"self":[{"href":"https:\/\/ipautomationinc.com\/pl\/wp-json\/wp\/v2\/pages\/39705","targetHints":{"allow":["GET"]}}],"collection":[{"href":"https:\/\/ipautomationinc.com\/pl\/wp-json\/wp\/v2\/pages"}],"about":[{"href":"https:\/\/ipautomationinc.com\/pl\/wp-json\/wp\/v2\/types\/page"}],"author":[{"embeddable":true,"href":"https:\/\/ipautomationinc.com\/pl\/wp-json\/wp\/v2\/users\/3"}],"replies":[{"embeddable":true,"href":"https:\/\/ipautomationinc.com\/pl\/wp-json\/wp\/v2\/comments?post=39705"}],"version-history":[{"count":2,"href":"https:\/\/ipautomationinc.com\/pl\/wp-json\/wp\/v2\/pages\/39705\/revisions"}],"predecessor-version":[{"id":39707,"href":"https:\/\/ipautomationinc.com\/pl\/wp-json\/wp\/v2\/pages\/39705\/revisions\/39707"}],"wp:attachment":[{"href":"https:\/\/ipautomationinc.com\/pl\/wp-json\/wp\/v2\/media?parent=39705"}],"curies":[{"name":"wp","href":"https:\/\/api.w.org\/{rel}","templated":true}]}}