{"id":39678,"date":"2026-03-31T15:35:20","date_gmt":"2026-03-31T20:35:20","guid":{"rendered":"https:\/\/ipautomationinc.com\/?page_id=39678"},"modified":"2026-03-31T16:05:13","modified_gmt":"2026-03-31T21:05:13","slug":"seria-t","status":"publish","type":"page","link":"https:\/\/ipautomationinc.com\/pl\/t-series\/","title":{"rendered":"T Series 3D CNC Tube Bender"},"content":{"rendered":"<p>Seria T to gi\u0119tarka do rur 3D CNC, kt\u00f3ra przetwarza materia\u0142 w zwojach<br>using dual bend heads for roll and compression bending.With optional saw cut or inline chamfer cut capabilities and robotic integration, this machine is ideal for streamlining high volume production.<\/p>\n\n\n\n<p><span class=\"builder2seo\"><\/span>Gi\u0119tarka do rur CNC 3D do zastosowa\u0144 poza zwojem<br><br>Seria T<br><br><img decoding=\"async\" src=\"https:\/\/ipautomationinc.com\/wp-content\/uploads\/2026\/03\/i13T-S\u00b2-3D-CNC-Tube-Bending-Machine.png#39661\" alt=\"i13T-S\u00b2 3D CNC Tube Bending Machine\"><br>Maszyna do gi\u0119cia drutu cnc 3D<br>400 pikseli<br><br>Kliknij tutaj, aby zobaczy\u0107 wideo<br><a href=\"https:\/\/ipautomationinc.com\/pl\/seria-t\/#video\">https:\/\/ipautomationinc.com\/t-series\/#video<\/a><br>fas fa-play-ko\u0142o<br>motyw_przycisku<br><br>Kliknij tutaj, aby pobra\u0107 ulotk\u0119 w formacie PDF<br><a href=\"https:\/\/ipautomationinc.com\/wp-content\/uploads\/2026\/03\/T-Series-Flyer.pdf\">https:\/\/ipautomationinc.com\/wp-content\/uploads\/2026\/03\/T-Series-Flyer.pdf<\/a><br>fas fa-plik-pdf<br>motyw_przycisku<br>https:\/\/ipautomationinc.com\/wp-content\/uploads\/2026\/03\/T-Series-Flyer.pdf<br><br>39665,39664,39663,39662,39666<br>#0455B3<br>3px 3px 3px 3px<br><br><h4>Seria T to tr\u00f3jwymiarowa gi\u0119tarka CNC do rur, kt\u00f3ra przetwarza materia\u0142 w zwojach, wykorzystuj\u0105c dwie g\u0142owice do gi\u0119cia walcowego i \u015bciskania.<\/h4><br><br><h4>With optional saw cut or inline chamfer cut capabilities androbotic integration, this machine is ideal for streamlining highvolume production.<\/h4><br><br><h3>Aplikacje<\/h3><br><br><h4>Multitude of 2 and 3 dimensional parts from connector tubes, rectangular and variable dimension coils, refrigeration coils&#8230;<\/h4><br>#EBEBEB<br><br>39676,39682<br>300 pikseli<br>300 pikseli<br><br><img decoding=\"async\" src=\"https:\/\/ipautomationinc.com\/wp-content\/uploads\/2026\/03\/i13T-S\u00b2-3D-CNC-Tube-Bending-Machine.png#39661\" alt=\"i13T-S\u00b2 3D CNC Tube Bending Machine\"><br>Gi\u0119tarka do drutu CNC 3D<br><br>Kliknij tutaj, aby zobaczy\u0107 wideo<br><a href=\"https:\/\/ipautomationinc.com\/pl\/seria-t\/#video\">https:\/\/ipautomationinc.com\/t-series\/#video<\/a><br>fas fa-play-ko\u0142o<br>motyw_przycisku<br><br>Kliknij tutaj, aby pobra\u0107 ulotk\u0119 w formacie PDF<br><a href=\"https:\/\/ipautomationinc.com\/wp-content\/uploads\/2026\/03\/T-Series-Flyer.pdf\">https:\/\/ipautomationinc.com\/wp-content\/uploads\/2026\/03\/T-Series-Flyer.pdf<\/a><br>fas fa-plik-pdf<br>motyw_przycisku<br>https:\/\/ipautomationinc.com\/wp-content\/uploads\/2026\/03\/T-Series-Flyer.pdf<br><br>39665,39664,39663,39662,39666<br>#0455B3<br>3px 3px 3px 3px<br>zwyczaj<br>80%<br><br><h4>Seria T to tr\u00f3jwymiarowa gi\u0119tarka CNC do rur, kt\u00f3ra przetwarza materia\u0142 w zwojach, wykorzystuj\u0105c dwie g\u0142owice do gi\u0119cia walcowego i \u015bciskania.<\/h4><br><br><h4>With optional saw cut or inline chamfer cut capabilities androbotic integration, this machine is ideal for streamlining highvolume production.<\/h4><br><br><h3>Aplikacje<\/h3><br><br><h4>Multitude of 2 and 3 dimensional parts from connector tubes, rectangular and variable dimension coils, refrigeration coils&#8230;<\/h4><br>#EBEBEB<br><br>39676,39682<br>300 pikseli<br>300 pikseli<br>nak\u0142adka_podpisu_img<br><br><br>G\u0142oska bezd\u017awi\u0119czna<br><br>;C;;<br><br><br>Cechy<br><br>Pochylenie si\u0119<br>Programowanie<br>Detale<br><br><br>In\u017cynierowie IP Automation i maszyny CNC wykonuj\u0105 wszystkie g\u0142owice gn\u0105ce, obcinaki i rolki podaj\u0105ce drut we w\u0142asnym zakresie, po rozs\u0105dnych kosztach i szybkim czasie realizacji<br><br><br><br><br>\t<a href=\"https:\/\/ipautomationinc.com\/pl\/mozliwosci-maszyny\/\">Oprogramowanie Intellibend <\/a> w systemie operacyjnym Windows<br><br>Length-Rotation-Angle CNC programand absolute programming options<br><br>Sterowanie przyspieszeniem, hamowaniem i przyspieszaniem na zakr\u0119tach<br><br>Zintegrowana kontrola partii i liczenie sztuk<br><br>Import pliku STEP<br><br>Szybki i bezpieczny tunel VPN do zdalnego po\u0142\u0105czenia z pomoc\u0105 techniczn\u0105<br><br>Ograniczenia kontroli na poziomie u\u017cytkownika<br><br>Inteligentne powiadomienia o konserwacji na podstawie danych o ruchu<br><br>Funkcjonalno\u015b\u0107 OPC UA do wdro\u017cenia \u201cIIoT\u201d<br><br>\t<br><br><br>Wyp\u0142ata z ud\u017awigiem ramienia o ruchu liniowym: 3000 funt\u00f3w (wliczaj\u0105c w to) (dost\u0119pna opcja 4500 funt\u00f3w)<br><br>Klatka bezpiecze\u0144stwa 7\u2032 (2,13 m) z drzwiami blokuj\u0105cymi bezpiecze\u0144stwo<br><br>Prostownica dwup\u0142aszczyznowa o szerokim zakresie<br><br>Wszystkie systemy nap\u0119du posuwu i gi\u0119cia maj\u0105 hartowane ko\u0142a z\u0119bate i s\u0105 ca\u0142kowicie zamkni\u0119te.<br><br>Szybko obracaj\u0105ce si\u0119, utwardzone rolki podaj\u0105ce dla 2 rozmiar\u00f3w<br><br>Enkoder liniowy na podajniku drutu zapewniaj\u0105cy dok\u0142adno\u015b\u0107 i wykrywanie po\u015blizgu<br><br>Stabilizator rurowy<br><br>Powierzchnia matrycy nadaj\u0105ca si\u0119 do ponownego szlifowania<br><br>Mo\u017cliwo\u015b\u0107 szkolenia na miejscu<br><br>Mo\u017cliwo\u015b\u0107 integracji robotycznej<br><br><br>#EBEBEB<br>#222222<br><br><br>Dane techniczne<br><br><br><br><p>*Na minimaln\u0105 i maksymaln\u0105 \u015brednic\u0119 wp\u0142ywa wytrzyma\u0142o\u015b\u0107 drutu na rozci\u0105ganie. Skontaktuj si\u0119 z nami, aby uzyska\u0107 wyja\u015bnienia dotycz\u0105ce zakresu min.\/maks. dla Twojego typu drutu.<\/p><br><br><br>Opcje maszyny<br><br>Pi\u0142a tarczowa z wysuwanym ramieniem<br>z odkurzaczem do wi\u00f3r\u00f3w<br><img decoding=\"async\" src=\"https:\/\/ipautomationinc.com\/wp-content\/uploads\/2026\/03\/retractable-saw-cut.png#39676\" alt=\"retractable saw cut\"><br>skala pude\u0142kowa<br>70%<br><br>Frez serwomechanizmowy do nacinania\/fazowania w linii<br><img decoding=\"async\" src=\"https:\/\/ipautomationinc.com\/wp-content\/uploads\/2024\/01\/internal-chamfer.png#35611\" alt=\"internal chamfer\"><br><a href=\"https:\/\/ipautomationinc.com\/pl\/akcesoria\/fazowanie-liniowe\/\">https:\/\/ipautomationinc.com\/accessories\/in-line-chamfer\/<\/a><br>skala pude\u0142kowa<br>70%<br><br>Inteligentna robotyka<br>z dostosowanym EOAT<br><img decoding=\"async\" src=\"https:\/\/ipautomationinc.com\/wp-content\/uploads\/2022\/06\/machine-options_robot.png\" alt=\"opcje_komputera_robot\"><br><a href=\"https:\/\/ipautomationinc.com\/pl\/akcesoria\/robotyka\/\">https:\/\/ipautomationinc.com\/accessories\/robotics\/<\/a><br><br>Centrum obr\u00f3bcze iFM<br><img decoding=\"async\" src=\"https:\/\/ipautomationinc.com\/wp-content\/uploads\/2023\/11\/ifm-icon-1.png#35422\" alt=\"ikona ifm\"><br><a href=\"https:\/\/ipautomationinc.com\/pl\/akcesoria\/centrum-obrobcze\/\">https:\/\/ipautomationinc.com\/accessories\/machining-center\/<\/a><br>skala pude\u0142kowa<br>70%<br><br>Stacja fazowania\/wiercenia<br><img decoding=\"async\" src=\"https:\/\/ipautomationinc.com\/wp-content\/uploads\/2024\/08\/chamfer-drill.png#36736\" alt=\"wiert\u0142o fazuj\u0105ce\"><br><a href=\"https:\/\/ipautomationinc.com\/pl\/akcesoria\/wiertlo-fazujace\/\">https:\/\/ipautomationinc.com\/accessories\/chamfer-drill\/<\/a><br>skala pude\u0142kowa<br>70%<br><br>Formowanie ko\u0144c\u00f3wek<br><img decoding=\"async\" src=\"https:\/\/ipautomationinc.com\/wp-content\/uploads\/2022\/06\/machine-options_cold-heading.png\" alt=\"machine-options_cold-heading\"><br>skala pude\u0142kowa<br>70%<br><br>Rozwi\u0105zania do obs\u0142ugi cz\u0119\u015bci<br><img decoding=\"async\" src=\"https:\/\/ipautomationinc.com\/wp-content\/uploads\/2022\/06\/machine-options_rack-option.png#1323\" alt=\"opcja-komputera_rack-opcja\"><br>skala pude\u0142kowa<br>70%<br><br>Uzyskaj cen\u0119 teraz!<br>ikona-do przodu<br><a href=\"https:\/\/ipautomationinc.com\/pl\/skontaktuj-sie-z-nami\/#form\">https:\/\/ipautomationinc.com\/contact-us\/#form<\/a><br>50 pikseli<br><br>Inne maszyny do gi\u0119cia drutu CNC<br><br><h4>Seria iP<\/h4><br><br><p><hr class=\"no_line\" style=\"margin: 0 auto 0px auto\"\/>\n <a href=\"https:\/\/ipautomationinc.com\/pl\/seria-ip\/\"> <img decoding=\"async\" src=\"https:\/\/ipautomationinc.com\/wp-content\/uploads\/2026\/02\/i10-S\u00b2-P-Single-Piece-3D-CNC-Wire-Bender.png\" alt=\"i-S\u00b2-P Jednocz\u0119\u015bciowa formierka do drutu CNC\"> <\/a> <hr class=\"no_line\" style=\"margin: 0 auto 0px auto\"\/>\n<\/p><br><br><p>Seria P zaprojektowana z my\u015bl\u0105 o \u0142atwej obr\u00f3bce trudnych kszta\u0142t\u00f3w drutu o \u015brednicy 2,5\u201316 mm<\/p><br><br><a class=\"mfn-link mfn-link-1\" href=\"\" style=\"\" data-hover=\"\"   ><span data-hover=\"\"><\/span><\/a><br>bez powt\u00f3rze\u0144;lewy g\u00f3rny;;<br>automatyczny<br><br><h4>Seria i-S<\/h4><br><br><p><hr class=\"no_line\" style=\"margin: 0 auto 0px auto\"\/>\n <a href=\"https:\/\/ipautomationinc.com\/pl\/seria-i-s\/\"> <img decoding=\"async\" src=\"https:\/\/ipautomationinc.com\/wp-content\/uploads\/2023\/02\/i8-S-RGB-1.png\" alt=\"is CNC Drut By\u0142y\"> <\/a> <hr class=\"no_line\" style=\"margin: 0 auto 0px auto\"\/>\n<\/p><br><br><p>Seria S to precyzyjne urz\u0105dzenie robocze do form drutowych 3D o \u015brednicy od 2 do 20 mm<\/p><br><br><a class=\"mfn-link mfn-link-1\" href=\"\" style=\"\" data-hover=\"\"   ><span data-hover=\"\"><\/span><\/a><br>bez powt\u00f3rze\u0144;lewy g\u00f3rny;;<br>automatyczny<br><br><h4>Seria i-SC<\/h4><br><br><p><hr class=\"no_line\" style=\"margin: 0 auto 0px auto\"\/>\n <a href=\"https:\/\/ipautomationinc.com\/pl\/seria-i-sc\/\"> <img decoding=\"async\" src=\"https:\/\/ipautomationinc.com\/wp-content\/uploads\/2025\/09\/i8-SC-RGB.png\" alt=\"\"> <\/a> <hr class=\"no_line\" style=\"margin: 0 auto 0px auto\"\/>\n<\/p><br><br><p>Seria SC to idealna maszyna do kr\u00f3tszych drut\u00f3w 3D z drutu 2-8 mm<\/p><br><br><a class=\"mfn-link mfn-link-1\" href=\"\" style=\"\" data-hover=\"\"   ><span data-hover=\"\"><\/span><\/a><br>bez powt\u00f3rze\u0144;lewy g\u00f3rny;;<br>automatyczny<br><br><\/p>","protected":false},"excerpt":{"rendered":"<p>The T series is a 3D CNC tubing bender that processes coil stockusing dual bend heads for roll and compression<span class=\"excerpt-hellip\"> [\u2026]<\/span><\/p>\n","protected":false},"author":3,"featured_media":0,"parent":0,"menu_order":0,"comment_status":"closed","ping_status":"closed","template":"","meta":{"footnotes":""},"class_list":["post-39678","page","type-page","status-publish","hentry"],"yoast_head":"<!-- This site is optimized with the Yoast SEO plugin v27.4 - https:\/\/yoast.com\/product\/yoast-seo-wordpress\/ -->\n<title>T Series 3D CNC Tube Bender | IP Automation Inc<\/title>\n<meta name=\"description\" content=\"The T series is a 3D CNC tubing bender that processes coil stockusing dual bend heads for roll and compression bending.\" \/>\n<meta name=\"robots\" content=\"index, follow, max-snippet:-1, max-image-preview:large, max-video-preview:-1\" \/>\n<link rel=\"canonical\" href=\"https:\/\/ipautomationinc.com\/pl\/seria-t\/\" \/>\n<meta property=\"og:locale\" content=\"pl_PL\" \/>\n<meta property=\"og:type\" content=\"article\" \/>\n<meta property=\"og:title\" content=\"T Series 3D CNC Tube Bender | IP Automation Inc\" \/>\n<meta property=\"og:description\" content=\"The T series is a 3D CNC tubing bender that processes coil stockusing dual bend heads for roll and compression bending.\" \/>\n<meta property=\"og:url\" content=\"https:\/\/ipautomationinc.com\/pl\/seria-t\/\" \/>\n<meta property=\"og:site_name\" content=\"IP Automation Inc\" \/>\n<meta property=\"article:publisher\" content=\"https:\/\/www.facebook.com\/ipautomationinc\/\" \/>\n<meta property=\"article:modified_time\" content=\"2026-03-31T21:05:13+00:00\" \/>\n<meta property=\"og:image\" content=\"https:\/\/ipautomationinc.com\/wp-content\/uploads\/2026\/03\/retractable-saw-cut.png#39676\" \/>\n<script type=\"application\/ld+json\" class=\"yoast-schema-graph\">{\"@context\":\"https:\\\/\\\/schema.org\",\"@graph\":[{\"@type\":\"WebPage\",\"@id\":\"https:\\\/\\\/ipautomationinc.com\\\/t-series\\\/\",\"url\":\"https:\\\/\\\/ipautomationinc.com\\\/t-series\\\/\",\"name\":\"T Series 3D CNC Tube Bender | IP Automation Inc\",\"isPartOf\":{\"@id\":\"https:\\\/\\\/ipautomationinc.com\\\/#website\"},\"primaryImageOfPage\":{\"@id\":\"https:\\\/\\\/ipautomationinc.com\\\/t-series\\\/#primaryimage\"},\"image\":{\"@id\":\"https:\\\/\\\/ipautomationinc.com\\\/t-series\\\/#primaryimage\"},\"thumbnailUrl\":\"https:\\\/\\\/ipautomationinc.com\\\/wp-content\\\/uploads\\\/2026\\\/03\\\/retractable-saw-cut.png#39676\",\"datePublished\":\"2026-03-31T20:35:20+00:00\",\"dateModified\":\"2026-03-31T21:05:13+00:00\",\"description\":\"The T series is a 3D CNC tubing bender that processes coil stockusing dual bend heads for roll and compression bending.\",\"inLanguage\":\"pl-PL\",\"potentialAction\":[{\"@type\":\"ReadAction\",\"target\":[\"https:\\\/\\\/ipautomationinc.com\\\/t-series\\\/\"]}]},{\"@type\":\"ImageObject\",\"inLanguage\":\"pl-PL\",\"@id\":\"https:\\\/\\\/ipautomationinc.com\\\/t-series\\\/#primaryimage\",\"url\":\"https:\\\/\\\/ipautomationinc.com\\\/wp-content\\\/uploads\\\/2026\\\/03\\\/retractable-saw-cut.png#39676\",\"contentUrl\":\"https:\\\/\\\/ipautomationinc.com\\\/wp-content\\\/uploads\\\/2026\\\/03\\\/retractable-saw-cut.png#39676\"},{\"@type\":\"WebSite\",\"@id\":\"https:\\\/\\\/ipautomationinc.com\\\/#website\",\"url\":\"https:\\\/\\\/ipautomationinc.com\\\/\",\"name\":\"IP Automation Inc\",\"description\":\"Concept... Creation... Reality...\",\"publisher\":{\"@id\":\"https:\\\/\\\/ipautomationinc.com\\\/#organization\"},\"potentialAction\":[{\"@type\":\"SearchAction\",\"target\":{\"@type\":\"EntryPoint\",\"urlTemplate\":\"https:\\\/\\\/ipautomationinc.com\\\/?s={search_term_string}\"},\"query-input\":{\"@type\":\"PropertyValueSpecification\",\"valueRequired\":true,\"valueName\":\"search_term_string\"}}],\"inLanguage\":\"pl-PL\"},{\"@type\":\"Organization\",\"@id\":\"https:\\\/\\\/ipautomationinc.com\\\/#organization\",\"name\":\"IP Automation Inc\",\"url\":\"https:\\\/\\\/ipautomationinc.com\\\/\",\"logo\":{\"@type\":\"ImageObject\",\"inLanguage\":\"pl-PL\",\"@id\":\"https:\\\/\\\/ipautomationinc.com\\\/#\\\/schema\\\/logo\\\/image\\\/\",\"url\":\"https:\\\/\\\/ipautomationinc.com\\\/wp-content\\\/uploads\\\/2022\\\/05\\\/IPA-Favicon.png\",\"contentUrl\":\"https:\\\/\\\/ipautomationinc.com\\\/wp-content\\\/uploads\\\/2022\\\/05\\\/IPA-Favicon.png\",\"width\":513,\"height\":513,\"caption\":\"IP Automation Inc\"},\"image\":{\"@id\":\"https:\\\/\\\/ipautomationinc.com\\\/#\\\/schema\\\/logo\\\/image\\\/\"},\"sameAs\":[\"https:\\\/\\\/www.facebook.com\\\/ipautomationinc\\\/\",\"https:\\\/\\\/www.linkedin.com\\\/company\\\/ip-automation-inc\\\/\",\"https:\\\/\\\/www.youtube.com\\\/@IPAutomation\"]}]}<\/script>\n<!-- \/ Yoast SEO plugin. -->","yoast_head_json":{"title":"Gi\u0119tarka do rur CNC 3D serii T | IP Automation Inc","description":"Seria T to tr\u00f3jwymiarowa gi\u0119tarka CNC do rur, kt\u00f3ra przetwarza materia\u0142 w zwojach, wykorzystuj\u0105c dwie g\u0142owice do gi\u0119cia walcowego i \u015bciskania.","robots":{"index":"index","follow":"follow","max-snippet":"max-snippet:-1","max-image-preview":"max-image-preview:large","max-video-preview":"max-video-preview:-1"},"canonical":"https:\/\/ipautomationinc.com\/pl\/seria-t\/","og_locale":"pl_PL","og_type":"article","og_title":"T Series 3D CNC Tube Bender | IP Automation Inc","og_description":"The T series is a 3D CNC tubing bender that processes coil stockusing dual bend heads for roll and compression bending.","og_url":"https:\/\/ipautomationinc.com\/pl\/seria-t\/","og_site_name":"IP Automation Inc","article_publisher":"https:\/\/www.facebook.com\/ipautomationinc\/","article_modified_time":"2026-03-31T21:05:13+00:00","og_image":[{"url":"https:\/\/ipautomationinc.com\/wp-content\/uploads\/2026\/03\/retractable-saw-cut.png#39676","type":"","width":"","height":""}],"schema":{"@context":"https:\/\/schema.org","@graph":[{"@type":"WebPage","@id":"https:\/\/ipautomationinc.com\/t-series\/","url":"https:\/\/ipautomationinc.com\/t-series\/","name":"Gi\u0119tarka do rur CNC 3D serii T | IP Automation Inc","isPartOf":{"@id":"https:\/\/ipautomationinc.com\/#website"},"primaryImageOfPage":{"@id":"https:\/\/ipautomationinc.com\/t-series\/#primaryimage"},"image":{"@id":"https:\/\/ipautomationinc.com\/t-series\/#primaryimage"},"thumbnailUrl":"https:\/\/ipautomationinc.com\/wp-content\/uploads\/2026\/03\/retractable-saw-cut.png#39676","datePublished":"2026-03-31T20:35:20+00:00","dateModified":"2026-03-31T21:05:13+00:00","description":"Seria T to tr\u00f3jwymiarowa gi\u0119tarka CNC do rur, kt\u00f3ra przetwarza materia\u0142 w zwojach, wykorzystuj\u0105c dwie g\u0142owice do gi\u0119cia walcowego i \u015bciskania.","inLanguage":"pl-PL","potentialAction":[{"@type":"ReadAction","target":["https:\/\/ipautomationinc.com\/t-series\/"]}]},{"@type":"ImageObject","inLanguage":"pl-PL","@id":"https:\/\/ipautomationinc.com\/t-series\/#primaryimage","url":"https:\/\/ipautomationinc.com\/wp-content\/uploads\/2026\/03\/retractable-saw-cut.png#39676","contentUrl":"https:\/\/ipautomationinc.com\/wp-content\/uploads\/2026\/03\/retractable-saw-cut.png#39676"},{"@type":"WebSite","@id":"https:\/\/ipautomationinc.com\/#website","url":"https:\/\/ipautomationinc.com\/","name":"Firma IP Automation Inc","description":"Koncepcja... Kreacja... Rzeczywisto\u015b\u0107...","publisher":{"@id":"https:\/\/ipautomationinc.com\/#organization"},"potentialAction":[{"@type":"SearchAction","target":{"@type":"EntryPoint","urlTemplate":"https:\/\/ipautomationinc.com\/?s={search_term_string}"},"query-input":{"@type":"PropertyValueSpecification","valueRequired":true,"valueName":"search_term_string"}}],"inLanguage":"pl-PL"},{"@type":"Organization","@id":"https:\/\/ipautomationinc.com\/#organization","name":"Firma IP Automation Inc","url":"https:\/\/ipautomationinc.com\/","logo":{"@type":"ImageObject","inLanguage":"pl-PL","@id":"https:\/\/ipautomationinc.com\/#\/schema\/logo\/image\/","url":"https:\/\/ipautomationinc.com\/wp-content\/uploads\/2022\/05\/IPA-Favicon.png","contentUrl":"https:\/\/ipautomationinc.com\/wp-content\/uploads\/2022\/05\/IPA-Favicon.png","width":513,"height":513,"caption":"IP Automation Inc"},"image":{"@id":"https:\/\/ipautomationinc.com\/#\/schema\/logo\/image\/"},"sameAs":["https:\/\/www.facebook.com\/ipautomationinc\/","https:\/\/www.linkedin.com\/company\/ip-automation-inc\/","https:\/\/www.youtube.com\/@IPAutomation"]}]}},"_links":{"self":[{"href":"https:\/\/ipautomationinc.com\/pl\/wp-json\/wp\/v2\/pages\/39678","targetHints":{"allow":["GET"]}}],"collection":[{"href":"https:\/\/ipautomationinc.com\/pl\/wp-json\/wp\/v2\/pages"}],"about":[{"href":"https:\/\/ipautomationinc.com\/pl\/wp-json\/wp\/v2\/types\/page"}],"author":[{"embeddable":true,"href":"https:\/\/ipautomationinc.com\/pl\/wp-json\/wp\/v2\/users\/3"}],"replies":[{"embeddable":true,"href":"https:\/\/ipautomationinc.com\/pl\/wp-json\/wp\/v2\/comments?post=39678"}],"version-history":[{"count":3,"href":"https:\/\/ipautomationinc.com\/pl\/wp-json\/wp\/v2\/pages\/39678\/revisions"}],"predecessor-version":[{"id":39697,"href":"https:\/\/ipautomationinc.com\/pl\/wp-json\/wp\/v2\/pages\/39678\/revisions\/39697"}],"wp:attachment":[{"href":"https:\/\/ipautomationinc.com\/pl\/wp-json\/wp\/v2\/media?parent=39678"}],"curies":[{"name":"wp","href":"https:\/\/api.w.org\/{rel}","templated":true}]}}