{"id":39417,"date":"2026-02-12T14:18:54","date_gmt":"2026-02-12T20:18:54","guid":{"rendered":"https:\/\/ipautomationinc.com\/?page_id=39417"},"modified":"2026-02-17T16:59:46","modified_gmt":"2026-02-17T22:59:46","slug":"inteligentny","status":"publish","type":"page","link":"https:\/\/ipautomationinc.com\/pl\/intellibend\/","title":{"rendered":"Inteligentny"},"content":{"rendered":"<p>Nasze oprogramowanie Intellibend zawiera wydajne narz\u0119dzia i funkcje programistyczne, kt\u00f3rych obs\u0142uga jest \u0142atwa do opanowania i kt\u00f3re zapewniaj\u0105 szerok\u0105 kontrol\u0119 nad gi\u0119ciem, symulacj\u0105 i zarz\u0105dzaniem prac\u0105 maszyn.<\/p>\n\n\n\n<p><span class=\"builder2seo\"><\/span>Oprogramowanie Intellibend<br><br><br><p><span>Nasze oprogramowanie Intellibend zawiera wydajne narz\u0119dzia i funkcje programistyczne, kt\u00f3rych obs\u0142uga jest \u0142atwa do opanowania i kt\u00f3re zapewniaj\u0105 szerok\u0105 kontrol\u0119 nad gi\u0119ciem, symulacj\u0105 i zarz\u0105dzaniem prac\u0105 maszyn.<\/span><\/p><br><br>autoplay=1&amp;muted=1&amp;loop=1&amp;controls=0<br>a;;l;m<br><br>Oprogramowanie Intellibend<br>#000000<br><br><br><p><span>Nasze oprogramowanie Intellibend zawiera wydajne narz\u0119dzia i funkcje programistyczne, kt\u00f3rych obs\u0142uga jest \u0142atwa do opanowania i kt\u00f3re zapewniaj\u0105 szerok\u0105 kontrol\u0119 nad gi\u0119ciem, symulacj\u0105 i zarz\u0105dzaniem prac\u0105 maszyn.<\/span><\/p><br><br><img decoding=\"async\" src=\"https:\/\/ipautomationinc.com\/wp-content\/uploads\/2026\/02\/Software-interface.webp#39419\" alt=\"Intellibend software interface\"><br>https:\/\/ipautomationinc.com\/wp-content\/uploads\/2026\/02\/Software-interface.webp#39419<br>zwyczaj<br><br>Funkcje programowania cz\u0119\u015bci<br>Specyfikacje og\u00f3lne<br>\u0141\u0105czno\u015b\u0107<br><br><br>  Opcje programowania LRA i absolutnego<br><br>  Sterowanie przyspieszeniem, hamowaniem i przyspieszeniem poza zakr\u0119tem<br><br>  W pe\u0142ni zintegrowana animowana symulacja 3D z detekcj\u0105 kolizji przy u\u017cyciu silnika Unity<br><br>  Model 3D zintegrowany z programem za pomoc\u0105 dotyku, umo\u017cliwiaj\u0105cy szybkie odwo\u0142ywanie si\u0119 do niego<br><br>  Funkcja importowania plik\u00f3w krok\u00f3w (dost\u0119pna w wi\u0119kszo\u015bci modeli)<br><br>  Ograniczenia kontroli na poziomie u\u017cytkownika<br><br>  Programowalna kalibracja gi\u0119cia dla ka\u017cdego narz\u0119dzia i drutu<br><br>  Wbudowane kolumny notatek<br><br>  Wywo\u0142anie programu makro<br><br>  Pe\u0142na funkcjonalno\u015b\u0107 cofania\/ponawiania<br><br>  Okno serwomechanizmu<br><br><br><br><br>  Pe\u0142na kontrola CNC<br><br>  System operacyjny Windows Enterprise LTSC<br><br>  Bezp\u0142atne aktualizacje oprogramowania Intellibend<br><br>  Narz\u0119dzia do automatycznego zapisywania\/tworzenia kopii zapasowych<br><br>  Zintegrowana kontrola partii i liczenie sztuk<br><br>  Komputer p\u00f3\u0142przewodnikowy, kt\u00f3ry nie wymaga wentylacji<br><br>  Inteligentne powiadomienia o konserwacji na podstawie danych o ruchu<br><br>  Wieloj\u0119zyczne menu i ikonograficzne przyciski dotykowe<br><br><br><br><br>  Szybki i bezpieczny tunel VPN do zdalnego po\u0142\u0105czenia z pomoc\u0105 techniczn\u0105<br><br>  Automatyczne po\u0142\u0105czenia i odzyskiwanie b\u0142\u0119d\u00f3w z robotami Fanuc i Yaskawa Motoman<br><br>  Funkcjonalno\u015b\u0107 OPC UA dla wdro\u017cenia IIoT<br><br>  Dost\u0119pne niestandardowe funkcje we\/wy<br><br>  Ekran wielodotykowy \u2014 klawiatura nie jest potrzebna (dost\u0119pny port USB)<br><br><br>vertical<br>#767676<br>#0444B0<br><br><\/p>","protected":false},"excerpt":{"rendered":"<p>Our Intellibend software incorporates powerful programming tools and capabilities that are easy to learn and provide extensive control over bending,<span class=\"excerpt-hellip\"> [\u2026]<\/span><\/p>\n","protected":false},"author":3,"featured_media":0,"parent":0,"menu_order":0,"comment_status":"closed","ping_status":"closed","template":"","meta":{"footnotes":""},"class_list":["post-39417","page","type-page","status-publish","hentry"],"yoast_head":"<!-- This site is optimized with the Yoast SEO plugin v27.4 - https:\/\/yoast.com\/product\/yoast-seo-wordpress\/ -->\n<title>Intellibend | IP Automation Inc<\/title>\n<meta name=\"description\" content=\"Our Intellibend software incorporates powerful programming tools and capabilities that are easy to learn and provide extensive control.\" \/>\n<meta name=\"robots\" content=\"index, follow, max-snippet:-1, max-image-preview:large, max-video-preview:-1\" \/>\n<link rel=\"canonical\" href=\"https:\/\/ipautomationinc.com\/pl\/inteligentny\/\" \/>\n<meta property=\"og:locale\" content=\"pl_PL\" \/>\n<meta property=\"og:type\" content=\"article\" \/>\n<meta property=\"og:title\" content=\"Intellibend | IP Automation Inc\" \/>\n<meta property=\"og:description\" content=\"Our Intellibend software incorporates powerful programming tools and capabilities that are easy to learn and provide extensive control.\" \/>\n<meta property=\"og:url\" content=\"https:\/\/ipautomationinc.com\/pl\/inteligentny\/\" \/>\n<meta property=\"og:site_name\" content=\"IP Automation Inc\" \/>\n<meta property=\"article:publisher\" content=\"https:\/\/www.facebook.com\/ipautomationinc\/\" \/>\n<meta property=\"article:modified_time\" content=\"2026-02-17T22:59:46+00:00\" \/>\n<meta property=\"og:image\" content=\"https:\/\/ipautomationinc.com\/wp-content\/uploads\/2026\/02\/Software-interface.webp#39419\" \/>\n<script type=\"application\/ld+json\" class=\"yoast-schema-graph\">{\"@context\":\"https:\\\/\\\/schema.org\",\"@graph\":[{\"@type\":\"WebPage\",\"@id\":\"https:\\\/\\\/ipautomationinc.com\\\/intellibend\\\/\",\"url\":\"https:\\\/\\\/ipautomationinc.com\\\/intellibend\\\/\",\"name\":\"Intellibend | IP Automation Inc\",\"isPartOf\":{\"@id\":\"https:\\\/\\\/ipautomationinc.com\\\/#website\"},\"primaryImageOfPage\":{\"@id\":\"https:\\\/\\\/ipautomationinc.com\\\/intellibend\\\/#primaryimage\"},\"image\":{\"@id\":\"https:\\\/\\\/ipautomationinc.com\\\/intellibend\\\/#primaryimage\"},\"thumbnailUrl\":\"https:\\\/\\\/ipautomationinc.com\\\/wp-content\\\/uploads\\\/2026\\\/02\\\/Software-interface.webp#39419\",\"datePublished\":\"2026-02-12T20:18:54+00:00\",\"dateModified\":\"2026-02-17T22:59:46+00:00\",\"description\":\"Our Intellibend software incorporates powerful programming tools and capabilities that are easy to learn and provide extensive control.\",\"inLanguage\":\"pl-PL\",\"potentialAction\":[{\"@type\":\"ReadAction\",\"target\":[\"https:\\\/\\\/ipautomationinc.com\\\/intellibend\\\/\"]}]},{\"@type\":\"ImageObject\",\"inLanguage\":\"pl-PL\",\"@id\":\"https:\\\/\\\/ipautomationinc.com\\\/intellibend\\\/#primaryimage\",\"url\":\"https:\\\/\\\/ipautomationinc.com\\\/wp-content\\\/uploads\\\/2026\\\/02\\\/Software-interface.webp#39419\",\"contentUrl\":\"https:\\\/\\\/ipautomationinc.com\\\/wp-content\\\/uploads\\\/2026\\\/02\\\/Software-interface.webp#39419\"},{\"@type\":\"WebSite\",\"@id\":\"https:\\\/\\\/ipautomationinc.com\\\/#website\",\"url\":\"https:\\\/\\\/ipautomationinc.com\\\/\",\"name\":\"IP Automation Inc\",\"description\":\"Concept... Creation... Reality...\",\"publisher\":{\"@id\":\"https:\\\/\\\/ipautomationinc.com\\\/#organization\"},\"potentialAction\":[{\"@type\":\"SearchAction\",\"target\":{\"@type\":\"EntryPoint\",\"urlTemplate\":\"https:\\\/\\\/ipautomationinc.com\\\/?s={search_term_string}\"},\"query-input\":{\"@type\":\"PropertyValueSpecification\",\"valueRequired\":true,\"valueName\":\"search_term_string\"}}],\"inLanguage\":\"pl-PL\"},{\"@type\":\"Organization\",\"@id\":\"https:\\\/\\\/ipautomationinc.com\\\/#organization\",\"name\":\"IP Automation Inc\",\"url\":\"https:\\\/\\\/ipautomationinc.com\\\/\",\"logo\":{\"@type\":\"ImageObject\",\"inLanguage\":\"pl-PL\",\"@id\":\"https:\\\/\\\/ipautomationinc.com\\\/#\\\/schema\\\/logo\\\/image\\\/\",\"url\":\"https:\\\/\\\/ipautomationinc.com\\\/wp-content\\\/uploads\\\/2022\\\/05\\\/IPA-Favicon.png\",\"contentUrl\":\"https:\\\/\\\/ipautomationinc.com\\\/wp-content\\\/uploads\\\/2022\\\/05\\\/IPA-Favicon.png\",\"width\":513,\"height\":513,\"caption\":\"IP Automation Inc\"},\"image\":{\"@id\":\"https:\\\/\\\/ipautomationinc.com\\\/#\\\/schema\\\/logo\\\/image\\\/\"},\"sameAs\":[\"https:\\\/\\\/www.facebook.com\\\/ipautomationinc\\\/\",\"https:\\\/\\\/www.linkedin.com\\\/company\\\/ip-automation-inc\\\/\",\"https:\\\/\\\/www.youtube.com\\\/@IPAutomation\"]}]}<\/script>\n<!-- \/ Yoast SEO plugin. -->","yoast_head_json":{"title":"Intellibend | IP Automation Inc","description":"Nasze oprogramowanie Intellibend zawiera wydajne narz\u0119dzia i funkcje programistyczne, kt\u00f3rych \u0142atwo si\u0119 nauczy\u0107 i kt\u00f3re zapewniaj\u0105 szerok\u0105 kontrol\u0119.","robots":{"index":"index","follow":"follow","max-snippet":"max-snippet:-1","max-image-preview":"max-image-preview:large","max-video-preview":"max-video-preview:-1"},"canonical":"https:\/\/ipautomationinc.com\/pl\/inteligentny\/","og_locale":"pl_PL","og_type":"article","og_title":"Intellibend | IP Automation Inc","og_description":"Our Intellibend software incorporates powerful programming tools and capabilities that are easy to learn and provide extensive control.","og_url":"https:\/\/ipautomationinc.com\/pl\/inteligentny\/","og_site_name":"IP Automation Inc","article_publisher":"https:\/\/www.facebook.com\/ipautomationinc\/","article_modified_time":"2026-02-17T22:59:46+00:00","og_image":[{"url":"https:\/\/ipautomationinc.com\/wp-content\/uploads\/2026\/02\/Software-interface.webp#39419","type":"","width":"","height":""}],"schema":{"@context":"https:\/\/schema.org","@graph":[{"@type":"WebPage","@id":"https:\/\/ipautomationinc.com\/intellibend\/","url":"https:\/\/ipautomationinc.com\/intellibend\/","name":"Intellibend | IP Automation Inc","isPartOf":{"@id":"https:\/\/ipautomationinc.com\/#website"},"primaryImageOfPage":{"@id":"https:\/\/ipautomationinc.com\/intellibend\/#primaryimage"},"image":{"@id":"https:\/\/ipautomationinc.com\/intellibend\/#primaryimage"},"thumbnailUrl":"https:\/\/ipautomationinc.com\/wp-content\/uploads\/2026\/02\/Software-interface.webp#39419","datePublished":"2026-02-12T20:18:54+00:00","dateModified":"2026-02-17T22:59:46+00:00","description":"Nasze oprogramowanie Intellibend zawiera wydajne narz\u0119dzia i funkcje programistyczne, kt\u00f3rych \u0142atwo si\u0119 nauczy\u0107 i kt\u00f3re zapewniaj\u0105 szerok\u0105 kontrol\u0119.","inLanguage":"pl-PL","potentialAction":[{"@type":"ReadAction","target":["https:\/\/ipautomationinc.com\/intellibend\/"]}]},{"@type":"ImageObject","inLanguage":"pl-PL","@id":"https:\/\/ipautomationinc.com\/intellibend\/#primaryimage","url":"https:\/\/ipautomationinc.com\/wp-content\/uploads\/2026\/02\/Software-interface.webp#39419","contentUrl":"https:\/\/ipautomationinc.com\/wp-content\/uploads\/2026\/02\/Software-interface.webp#39419"},{"@type":"WebSite","@id":"https:\/\/ipautomationinc.com\/#website","url":"https:\/\/ipautomationinc.com\/","name":"Firma IP Automation Inc","description":"Koncepcja... Kreacja... Rzeczywisto\u015b\u0107...","publisher":{"@id":"https:\/\/ipautomationinc.com\/#organization"},"potentialAction":[{"@type":"SearchAction","target":{"@type":"EntryPoint","urlTemplate":"https:\/\/ipautomationinc.com\/?s={search_term_string}"},"query-input":{"@type":"PropertyValueSpecification","valueRequired":true,"valueName":"search_term_string"}}],"inLanguage":"pl-PL"},{"@type":"Organization","@id":"https:\/\/ipautomationinc.com\/#organization","name":"Firma IP Automation Inc","url":"https:\/\/ipautomationinc.com\/","logo":{"@type":"ImageObject","inLanguage":"pl-PL","@id":"https:\/\/ipautomationinc.com\/#\/schema\/logo\/image\/","url":"https:\/\/ipautomationinc.com\/wp-content\/uploads\/2022\/05\/IPA-Favicon.png","contentUrl":"https:\/\/ipautomationinc.com\/wp-content\/uploads\/2022\/05\/IPA-Favicon.png","width":513,"height":513,"caption":"IP Automation Inc"},"image":{"@id":"https:\/\/ipautomationinc.com\/#\/schema\/logo\/image\/"},"sameAs":["https:\/\/www.facebook.com\/ipautomationinc\/","https:\/\/www.linkedin.com\/company\/ip-automation-inc\/","https:\/\/www.youtube.com\/@IPAutomation"]}]}},"_links":{"self":[{"href":"https:\/\/ipautomationinc.com\/pl\/wp-json\/wp\/v2\/pages\/39417","targetHints":{"allow":["GET"]}}],"collection":[{"href":"https:\/\/ipautomationinc.com\/pl\/wp-json\/wp\/v2\/pages"}],"about":[{"href":"https:\/\/ipautomationinc.com\/pl\/wp-json\/wp\/v2\/types\/page"}],"author":[{"embeddable":true,"href":"https:\/\/ipautomationinc.com\/pl\/wp-json\/wp\/v2\/users\/3"}],"replies":[{"embeddable":true,"href":"https:\/\/ipautomationinc.com\/pl\/wp-json\/wp\/v2\/comments?post=39417"}],"version-history":[{"count":3,"href":"https:\/\/ipautomationinc.com\/pl\/wp-json\/wp\/v2\/pages\/39417\/revisions"}],"predecessor-version":[{"id":39449,"href":"https:\/\/ipautomationinc.com\/pl\/wp-json\/wp\/v2\/pages\/39417\/revisions\/39449"}],"wp:attachment":[{"href":"https:\/\/ipautomationinc.com\/pl\/wp-json\/wp\/v2\/media?parent=39417"}],"curies":[{"name":"wp","href":"https:\/\/api.w.org\/{rel}","templated":true}]}}