{"id":37840,"date":"2025-06-27T10:09:58","date_gmt":"2025-06-27T15:09:58","guid":{"rendered":"https:\/\/ipautomationinc.com\/?page_id=37840"},"modified":"2025-06-27T10:37:19","modified_gmt":"2025-06-27T15:37:19","slug":"polityka-plikow-cookie","status":"publish","type":"page","link":"https:\/\/ipautomationinc.com\/pl\/cookie-policy\/","title":{"rendered":"Polityka Cookie"},"content":{"rendered":"<h1 class=\"wp-block-heading\">Polityka prywatno\u015bci<\/h1>\n\n\n\n<p><strong>Ostatnia aktualizacja:<\/strong>&nbsp;1 stycznia 2025 r.<\/p>\n\n\n\n<p><strong>Data wej\u015bcia w \u017cycie:<\/strong>&nbsp;1 stycznia 2025 r.<\/p>\n\n\n\n<p>IP Automation Inc. (\u201emy\u201d, \u201enasz\u201d lub \u201enas\u201d) zobowi\u0105zuje si\u0119 do ochrony Twojej prywatno\u015bci. Niniejsza Polityka prywatno\u015bci okre\u015bla spos\u00f3b, w jaki zbieramy, wykorzystujemy i chronimy Twoje dane osobowe, gdy odwiedzasz&nbsp;<a href=\"https:\/\/ipautomationinc.com\/pl\/\" target=\"_blank\" rel=\"noreferrer noopener\">https:\/\/ipautomationinc.com<\/a>&nbsp;(\u201eUs\u0142uga\u201d).<\/p>\n\n\n\n<p>Korzystaj\u0105c z Us\u0142ugi, wyra\u017casz zgod\u0119 na praktyki opisane w niniejszej Polityce Prywatno\u015bci. Je\u015bli si\u0119 z ni\u0105 nie zgadzasz, nie uzyskuj dost\u0119pu do Us\u0142ugi ani nie korzystaj z niej.<\/p>\n\n\n\n<h2 class=\"wp-block-heading\">Informacje, kt\u00f3re zbieramy<\/h2>\n\n\n\n<h3 class=\"wp-block-heading\">Informacje, kt\u00f3re podajesz<\/h3>\n\n\n\n<p>Gdy wype\u0142niasz formularz na naszej stronie internetowej, mo\u017cemy gromadzi\u0107 Twoje imi\u0119 i nazwisko, adres e-mail, numer telefonu, nazw\u0119 firmy i wszelkie zawarte w nim wiadomo\u015bci.<\/p>\n\n\n\n<h3 class=\"wp-block-heading\">Informacje zbierane automatycznie<\/h3>\n\n\n\n<ul class=\"wp-block-list\">\n<li><strong>Analityka:<\/strong>\u00a0Korzystamy z us\u0142ug takich jak Google Analytics i Vimeo Analytics, aby zbiera\u0107 informacje takie jak adres IP, typ przegl\u0105darki, strony odsy\u0142aj\u0105ce i interakcje z filmami.<\/li>\n\n\n\n<li><strong>Ciastka:<\/strong>\u00a0U\u017cywamy plik\u00f3w cookie i podobnych technologii, aby zwi\u0119kszy\u0107 wygod\u0119 korzystania ze strony i zbiera\u0107 dane dotycz\u0105ce u\u017cytkowania.<\/li>\n<\/ul>\n\n\n\n<h2 class=\"wp-block-heading\">Jak wykorzystujemy Twoje dane<\/h2>\n\n\n\n<ul class=\"wp-block-list\">\n<li>Aby odpowiedzie\u0107 na zapytania przes\u0142ane za po\u015brednictwem naszych formularzy kontaktowych<\/li>\n\n\n\n<li>Aby analizowa\u0107 wykorzystanie witryny i poprawia\u0107 jej wydajno\u015b\u0107<\/li>\n\n\n\n<li>Aby monitorowa\u0107 zaanga\u017cowanie w ogl\u0105danie film\u00f3w i funkcjonalno\u015b\u0107 techniczn\u0105<\/li>\n\n\n\n<li>Aby pom\u00f3c w utrzymaniu bezpiecze\u0144stwa i zapobiega\u0107 niew\u0142a\u015bciwemu wykorzystaniu<\/li>\n<\/ul>\n\n\n\n<p>Je\u017celi zamierzamy wykorzysta\u0107 Twoje dane w jakimkolwiek celu, kt\u00f3ry nie zosta\u0142 wymieniony powy\u017cej, najpierw poprosimy Ci\u0119 o wyra\u017an\u0105 zgod\u0119.<\/p>\n\n\n\n<h2 class=\"wp-block-heading\">Udost\u0119pnianie informacji<\/h2>\n\n\n\n<p>Nie sprzedajemy ani nie wynajmujemy Twoich danych osobowych marketerom ani innym stronom trzecim. Mo\u017cemy jednak udost\u0119pnia\u0107 Twoje dane zaufanym dostawcom us\u0142ug (np. Google, Vimeo) wy\u0142\u0105cznie w celach analitycznych i monitorowania wydajno\u015bci.<\/p>\n\n\n\n<p>Mo\u017cemy r\u00f3wnie\u017c ujawni\u0107 Twoje dane, je\u017celi wymaga tego prawo, post\u0119powanie prawne lub w przypadku przeniesienia przedsi\u0119biorstwa, np. fuzji lub przej\u0119cia.<\/p>\n\n\n\n<h2 class=\"wp-block-heading\">Przechowywanie danych<\/h2>\n\n\n\n<p>Przechowujemy dane osobowe tak d\u0142ugo, jak jest to konieczne do realizacji cel\u00f3w, dla kt\u00f3rych zosta\u0142y zebrane, lub zgodnie z wymogami prawa. Zazwyczaj oznacza to, \u017ce dane s\u0105 przechowywane od 90 dni do 2 lat po ostatniej interakcji z nami.<\/p>\n\n\n\n<p>Anonimowe lub zagregowane dane, kt\u00f3re nie identyfikuj\u0105 Twojej osoby, mog\u0105 by\u0107 przechowywane bezterminowo.<\/p>\n\n\n\n<h2 class=\"wp-block-heading\">Twoje prawa<\/h2>\n\n\n\n<p>W zale\u017cno\u015bci od Twojej lokalizacji i obowi\u0105zuj\u0105cego prawa mo\u017cesz mie\u0107 prawo do:<\/p>\n\n\n\n<ul class=\"wp-block-list\">\n<li>Uzyskaj dost\u0119p do danych osobowych, kt\u00f3re o Tobie posiadamy<\/li>\n\n\n\n<li>Popro\u015b o korekt\u0119 lub usuni\u0119cie swoich danych<\/li>\n\n\n\n<li>Cofnij zgod\u0119 na przetwarzanie danych<\/li>\n\n\n\n<li>Popro\u015b o przeniesienie danych (do innego podmiotu)<\/li>\n\n\n\n<li>Z\u0142\u00f3\u017c skarg\u0119 do organu regulacyjnego<\/li>\n<\/ul>\n\n\n\n<p>Aby skorzysta\u0107 ze swoich praw, skontaktuj si\u0119 z nami pod adresem&nbsp;<a href=\"mailto:info@ipautomationinc.com\">info@ipautomationinc.com<\/a>.<\/p>\n\n\n\n<h2 class=\"wp-block-heading\">Ciastka<\/h2>\n\n\n\n<p>Pliki cookie to ma\u0142e pliki umieszczane na Twoim urz\u0105dzeniu w celu zwi\u0119kszenia funkcjonalno\u015bci i \u015bledzenia u\u017cytkowania. Aby uzyska\u0107 wi\u0119cej informacji o tym, jak u\u017cywamy plik\u00f3w cookie i jak mo\u017cesz nimi zarz\u0105dza\u0107, odwied\u017a nasz\u0105 stron\u0119&nbsp;<a href=\"https:\/\/ipautomationinc.com\/pl\/polityka-plikow-cookie\/\" target=\"_blank\" rel=\"noreferrer noopener\">Polityka Cookie<\/a>.<\/p>\n\n\n\n<h2 class=\"wp-block-heading\">Bezpiecze\u0144stwo<\/h2>\n\n\n\n<p>Podejmujemy rozs\u0105dne \u015brodki ostro\u017cno\u015bci, aby chroni\u0107 Twoje informacje przed nieautoryzowanym dost\u0119pem, u\u017cyciem lub ujawnieniem. Jednak \u017caden system nie jest ca\u0142kowicie bezpieczny. Korzystasz z Us\u0142ugi na w\u0142asne ryzyko.<\/p>\n\n\n\n<h2 class=\"wp-block-heading\">Linki do stron trzecich<\/h2>\n\n\n\n<p>Nasza strona internetowa mo\u017ce zawiera\u0107 linki do zewn\u0119trznych stron, nad kt\u00f3rymi nie mamy kontroli. Nie ponosimy odpowiedzialno\u015bci za ich praktyki dotycz\u0105ce prywatno\u015bci. Zalecamy zapoznanie si\u0119 z polityk\u0105 prywatno\u015bci ka\u017cdej odwiedzanej zewn\u0119trznej strony.<\/p>\n\n\n\n<h2 class=\"wp-block-heading\">Zmiany w niniejszej Polityce<\/h2>\n\n\n\n<p>Mo\u017cemy okresowo aktualizowa\u0107 niniejsz\u0105 Polityk\u0119 prywatno\u015bci. Je\u015bli wprowadzimy istotne zmiany, zamie\u015bcimy powiadomienie na tej stronie. Dalsze korzystanie z Us\u0142ugi po aktualizacjach oznacza akceptacj\u0119 zmienionej polityki.<\/p>\n\n\n\n<h2 class=\"wp-block-heading\">Skontaktuj si\u0119 z nami<\/h2>\n\n\n\n<p>Je\u015bli masz pytania lub w\u0105tpliwo\u015bci, skontaktuj si\u0119 z nami:<\/p>\n\n\n\n<p><strong>Automatyzacja IP Inc.<\/strong><br>400 E Fullerton Avenue<br>Carol Stream, Illinois 60188<br>E-mail:&nbsp;<a href=\"mailto:info@ipautomationinc.com\">info@ipautomationinc.com<\/a><br>Telefon: 630-656-1215<\/p>\n\n\n\n<p><span class=\"builder2seo\"><\/span><br><br>    a.cky-banner-element {<br><br>        padding: 8px 30px;<br><br>        background: #F8F9FA;<br><br>        color: #858A8F;<br><br>        border: 1px solid #DEE2E6;<br><br>        box-sizing: border-box;<br><br>        border-radius: 2px;<br><br>        cursor: pointer;<br><br>}<br><br><br><br><h1>Polityka Cookie<\/h1><br><br><p><br><br>    Data wej\u015bcia w \u017cycie: 01-01-2025 <br><br>    Ostatnia aktualizacja: 27-06-2025<br><br><\/p><br><br><br><br>\u00a0<br><br><h5>Czym s\u0105 pliki cookie?<\/h5><br><br><p>Niniejsza Polityka plik\u00f3w cookie wyja\u015bnia, czym s\u0105 pliki cookie i w jaki spos\u00f3b je wykorzystujemy, jakie rodzaje plik\u00f3w cookie wykorzystujemy, tj. jakie informacje zbieramy za pomoc\u0105 plik\u00f3w cookie i w jaki spos\u00f3b te informacje s\u0105 wykorzystywane oraz jak zarz\u0105dza\u0107 ustawieniami plik\u00f3w cookie.<\/p> <p>Pliki cookie to ma\u0142e pliki tekstowe, kt\u00f3re s\u0142u\u017c\u0105 do przechowywania ma\u0142ych fragment\u00f3w informacji. S\u0105 one przechowywane na Twoim urz\u0105dzeniu, gdy strona internetowa jest \u0142adowana w Twojej przegl\u0105darce. Te pliki cookie pomagaj\u0105 nam sprawi\u0107, aby strona internetowa dzia\u0142a\u0142a prawid\u0142owo, uczyni\u0107 j\u0105 bezpieczniejsz\u0105, zapewni\u0107 lepsze wra\u017cenia u\u017cytkownika i zrozumie\u0107, jak dzia\u0142a strona internetowa, a tak\u017ce analizowa\u0107, co dzia\u0142a, a gdzie wymaga udoskonalenia.<\/p><br><br><br><br>\u00a0<br><br><h5>Jak u\u017cywamy plik\u00f3w cookie?<\/h5><br><br><p>Podobnie jak wi\u0119kszo\u015b\u0107 us\u0142ug online, nasza strona internetowa u\u017cywa plik\u00f3w cookie pierwszej i trzeciej strony do r\u00f3\u017cnych cel\u00f3w. Pliki cookie pierwszej strony s\u0105 w wi\u0119kszo\u015bci niezb\u0119dne do prawid\u0142owego dzia\u0142ania strony internetowej i nie gromadz\u0105 \u017cadnych danych osobowych.<\/p> <p>Pliki cookie stron trzecich u\u017cywane na naszej stronie internetowej s\u0142u\u017c\u0105 g\u0142\u00f3wnie do zrozumienia, jak dzia\u0142a strona internetowa, w jaki spos\u00f3b wchodzisz z ni\u0105 w interakcj\u0119, zapewnienia bezpiecze\u0144stwa naszych us\u0142ug, wy\u015bwietlania reklam, kt\u00f3re s\u0105 dla Ciebie istotne, a og\u00f3lnie rzecz bior\u0105c, zapewnienia Ci lepszych i udoskonalonych wra\u017ce\u0144 u\u017cytkownika i przyspieszenia Twoich przysz\u0142ych interakcji z nasz\u0105 stron\u0105 internetow\u0105.<\/p><br><br><br><br>\u00a0<br><br>    <h5>Rodzaje plik\u00f3w cookie, kt\u00f3rych u\u017cywamy<\/h5><br><br><br><br>    <br><br><br><br>\u00a0<br><br>    <h5>Rezygnacja z plik\u00f3w cookie<\/h5><br><br><br><br>    <a>Ustawienia plik\u00f3w cookie<\/a> <br><br><br><br>    <p>R\u00f3\u017cne przegl\u0105darki zapewniaj\u0105 r\u00f3\u017cne metody blokowania i usuwania plik\u00f3w cookie u\u017cywanych przez strony internetowe. Mo\u017cesz zmieni\u0107 ustawienia swojej przegl\u0105darki, aby blokowa\u0107\/usuwa\u0107 pliki cookies. Poni\u017cej znajduj\u0105 si\u0119 \u0142\u0105cza do dokument\u00f3w pomocy dotycz\u0105cych zarz\u0105dzania i usuwania plik\u00f3w cookie z g\u0142\u00f3wnych przegl\u0105darek internetowych.<\/p><p>Chrom: <a href=\"https:\/\/support.google.com\/accounts\/answer\/32050\" target=\"_blank\">https:\/\/support.google.com\/accounts\/answer\/32050<\/a><\/p><p>Safari: <a href=\"https:\/\/support.apple.com\/en-in\/guide\/safari\/sfri11471\/mac\" target=\"_blank\">https:\/\/support.apple.com\/en-in\/guide\/safari\/sfri11471\/mac<\/a><\/p><p>Firefoksa: <a href=\"https:\/\/support.mozilla.org\/en-US\/kb\/clear-cookies-and-site-data-firefox?redirectslug=delete-cookies-remove-info-websites-stored&amp;redirectlocale=en-US\" target=\"_blank\">https:\/\/support.mozilla.org\/en-US\/kb\/clear-cookies-and-site-data-firefox?redirectslug=delete-cookies-remove-info-websites-stored&amp;redirectlocale=en-US<\/a><\/p><p>Internet Explorer: <a href=\"https:\/\/support.microsoft.com\/en-us\/topic\/how-to-delete-cookie-files-in-internet-explorer-bca9446f-d873-78de-77ba-d42645fa52fc\" target=\"_blank\">https:\/\/support.microsoft.com\/en-us\/topic\/how-to-delete-cookie-files-in-internet-explorer-bca9446f-d873-78de-77ba-d42645fa52fc<\/a><\/p><p>Je\u015bli u\u017cywasz innej przegl\u0105darki internetowej, odwied\u017a oficjalne dokumenty pomocy technicznej swojej przegl\u0105darki.<\/p><br><br><br><br><\/p>","protected":false},"excerpt":{"rendered":"<p>Privacy Policy Last Updated:&nbsp;January 1, 2025 Effective Date:&nbsp;January 1, 2025 IP Automation Inc. (\u201cwe,\u201d \u201cour,\u201d or \u201cus\u201d) is committed to<span class=\"excerpt-hellip\"> [\u2026]<\/span><\/p>\n","protected":false},"author":3,"featured_media":0,"parent":0,"menu_order":0,"comment_status":"closed","ping_status":"closed","template":"","meta":{"footnotes":""},"class_list":["post-37840","page","type-page","status-publish","hentry"],"yoast_head":"<!-- This site is optimized with the Yoast SEO plugin v27.3 - https:\/\/yoast.com\/product\/yoast-seo-wordpress\/ -->\n<title>Cookie Policy | IP Automation Inc<\/title>\n<meta name=\"robots\" content=\"index, follow, max-snippet:-1, max-image-preview:large, max-video-preview:-1\" \/>\n<link rel=\"canonical\" href=\"https:\/\/ipautomationinc.com\/pl\/polityka-plikow-cookie\/\" \/>\n<meta property=\"og:locale\" content=\"pl_PL\" \/>\n<meta property=\"og:type\" content=\"article\" \/>\n<meta property=\"og:title\" content=\"Cookie Policy | IP Automation Inc\" \/>\n<meta property=\"og:description\" content=\"Privacy Policy Last Updated:&nbsp;January 1, 2025 Effective Date:&nbsp;January 1, 2025 IP Automation Inc. (\u201cwe,\u201d \u201cour,\u201d or \u201cus\u201d) is committed to [\u2026]\" \/>\n<meta property=\"og:url\" content=\"https:\/\/ipautomationinc.com\/pl\/polityka-plikow-cookie\/\" \/>\n<meta property=\"og:site_name\" content=\"IP Automation Inc\" \/>\n<meta property=\"article:publisher\" content=\"https:\/\/www.facebook.com\/ipautomationinc\/\" \/>\n<meta property=\"article:modified_time\" content=\"2025-06-27T15:37:19+00:00\" \/>\n<script type=\"application\/ld+json\" class=\"yoast-schema-graph\">{\"@context\":\"https:\\\/\\\/schema.org\",\"@graph\":[{\"@type\":\"WebPage\",\"@id\":\"https:\\\/\\\/ipautomationinc.com\\\/cookie-policy\\\/\",\"url\":\"https:\\\/\\\/ipautomationinc.com\\\/cookie-policy\\\/\",\"name\":\"Cookie Policy | IP Automation Inc\",\"isPartOf\":{\"@id\":\"https:\\\/\\\/ipautomationinc.com\\\/#website\"},\"datePublished\":\"2025-06-27T15:09:58+00:00\",\"dateModified\":\"2025-06-27T15:37:19+00:00\",\"inLanguage\":\"pl-PL\",\"potentialAction\":[{\"@type\":\"ReadAction\",\"target\":[\"https:\\\/\\\/ipautomationinc.com\\\/cookie-policy\\\/\"]}]},{\"@type\":\"WebSite\",\"@id\":\"https:\\\/\\\/ipautomationinc.com\\\/#website\",\"url\":\"https:\\\/\\\/ipautomationinc.com\\\/\",\"name\":\"IP Automation Inc\",\"description\":\"Concept... Creation... Reality...\",\"publisher\":{\"@id\":\"https:\\\/\\\/ipautomationinc.com\\\/#organization\"},\"potentialAction\":[{\"@type\":\"SearchAction\",\"target\":{\"@type\":\"EntryPoint\",\"urlTemplate\":\"https:\\\/\\\/ipautomationinc.com\\\/?s={search_term_string}\"},\"query-input\":{\"@type\":\"PropertyValueSpecification\",\"valueRequired\":true,\"valueName\":\"search_term_string\"}}],\"inLanguage\":\"pl-PL\"},{\"@type\":\"Organization\",\"@id\":\"https:\\\/\\\/ipautomationinc.com\\\/#organization\",\"name\":\"IP Automation Inc\",\"url\":\"https:\\\/\\\/ipautomationinc.com\\\/\",\"logo\":{\"@type\":\"ImageObject\",\"inLanguage\":\"pl-PL\",\"@id\":\"https:\\\/\\\/ipautomationinc.com\\\/#\\\/schema\\\/logo\\\/image\\\/\",\"url\":\"https:\\\/\\\/ipautomationinc.com\\\/wp-content\\\/uploads\\\/2022\\\/05\\\/IPA-Favicon.png\",\"contentUrl\":\"https:\\\/\\\/ipautomationinc.com\\\/wp-content\\\/uploads\\\/2022\\\/05\\\/IPA-Favicon.png\",\"width\":513,\"height\":513,\"caption\":\"IP Automation Inc\"},\"image\":{\"@id\":\"https:\\\/\\\/ipautomationinc.com\\\/#\\\/schema\\\/logo\\\/image\\\/\"},\"sameAs\":[\"https:\\\/\\\/www.facebook.com\\\/ipautomationinc\\\/\",\"https:\\\/\\\/www.linkedin.com\\\/company\\\/ip-automation-inc\\\/\",\"https:\\\/\\\/www.youtube.com\\\/@IPAutomation\"]}]}<\/script>\n<!-- \/ Yoast SEO plugin. -->","yoast_head_json":{"title":"Polityka plik\u00f3w cookie | IP Automation Inc","robots":{"index":"index","follow":"follow","max-snippet":"max-snippet:-1","max-image-preview":"max-image-preview:large","max-video-preview":"max-video-preview:-1"},"canonical":"https:\/\/ipautomationinc.com\/pl\/polityka-plikow-cookie\/","og_locale":"pl_PL","og_type":"article","og_title":"Cookie Policy | IP Automation Inc","og_description":"Privacy Policy Last Updated:&nbsp;January 1, 2025 Effective Date:&nbsp;January 1, 2025 IP Automation Inc. (\u201cwe,\u201d \u201cour,\u201d or \u201cus\u201d) is committed to [\u2026]","og_url":"https:\/\/ipautomationinc.com\/pl\/polityka-plikow-cookie\/","og_site_name":"IP Automation Inc","article_publisher":"https:\/\/www.facebook.com\/ipautomationinc\/","article_modified_time":"2025-06-27T15:37:19+00:00","schema":{"@context":"https:\/\/schema.org","@graph":[{"@type":"WebPage","@id":"https:\/\/ipautomationinc.com\/cookie-policy\/","url":"https:\/\/ipautomationinc.com\/cookie-policy\/","name":"Polityka plik\u00f3w cookie | IP Automation Inc","isPartOf":{"@id":"https:\/\/ipautomationinc.com\/#website"},"datePublished":"2025-06-27T15:09:58+00:00","dateModified":"2025-06-27T15:37:19+00:00","inLanguage":"pl-PL","potentialAction":[{"@type":"ReadAction","target":["https:\/\/ipautomationinc.com\/cookie-policy\/"]}]},{"@type":"WebSite","@id":"https:\/\/ipautomationinc.com\/#website","url":"https:\/\/ipautomationinc.com\/","name":"Firma IP Automation Inc","description":"Koncepcja... Kreacja... Rzeczywisto\u015b\u0107...","publisher":{"@id":"https:\/\/ipautomationinc.com\/#organization"},"potentialAction":[{"@type":"SearchAction","target":{"@type":"EntryPoint","urlTemplate":"https:\/\/ipautomationinc.com\/?s={search_term_string}"},"query-input":{"@type":"PropertyValueSpecification","valueRequired":true,"valueName":"search_term_string"}}],"inLanguage":"pl-PL"},{"@type":"Organization","@id":"https:\/\/ipautomationinc.com\/#organization","name":"Firma IP Automation Inc","url":"https:\/\/ipautomationinc.com\/","logo":{"@type":"ImageObject","inLanguage":"pl-PL","@id":"https:\/\/ipautomationinc.com\/#\/schema\/logo\/image\/","url":"https:\/\/ipautomationinc.com\/wp-content\/uploads\/2022\/05\/IPA-Favicon.png","contentUrl":"https:\/\/ipautomationinc.com\/wp-content\/uploads\/2022\/05\/IPA-Favicon.png","width":513,"height":513,"caption":"IP Automation Inc"},"image":{"@id":"https:\/\/ipautomationinc.com\/#\/schema\/logo\/image\/"},"sameAs":["https:\/\/www.facebook.com\/ipautomationinc\/","https:\/\/www.linkedin.com\/company\/ip-automation-inc\/","https:\/\/www.youtube.com\/@IPAutomation"]}]}},"_links":{"self":[{"href":"https:\/\/ipautomationinc.com\/pl\/wp-json\/wp\/v2\/pages\/37840","targetHints":{"allow":["GET"]}}],"collection":[{"href":"https:\/\/ipautomationinc.com\/pl\/wp-json\/wp\/v2\/pages"}],"about":[{"href":"https:\/\/ipautomationinc.com\/pl\/wp-json\/wp\/v2\/types\/page"}],"author":[{"embeddable":true,"href":"https:\/\/ipautomationinc.com\/pl\/wp-json\/wp\/v2\/users\/3"}],"replies":[{"embeddable":true,"href":"https:\/\/ipautomationinc.com\/pl\/wp-json\/wp\/v2\/comments?post=37840"}],"version-history":[{"count":3,"href":"https:\/\/ipautomationinc.com\/pl\/wp-json\/wp\/v2\/pages\/37840\/revisions"}],"predecessor-version":[{"id":37851,"href":"https:\/\/ipautomationinc.com\/pl\/wp-json\/wp\/v2\/pages\/37840\/revisions\/37851"}],"wp:attachment":[{"href":"https:\/\/ipautomationinc.com\/pl\/wp-json\/wp\/v2\/media?parent=37840"}],"curies":[{"name":"wp","href":"https:\/\/api.w.org\/{rel}","templated":true}]}}