{"id":36733,"date":"2024-10-28T11:12:19","date_gmt":"2024-10-28T16:12:19","guid":{"rendered":"https:\/\/ipautomationinc.com\/?page_id=36733"},"modified":"2025-06-06T20:46:49","modified_gmt":"2025-06-06T20:46:49","slug":"wiertlo-fazujace","status":"publish","type":"page","link":"https:\/\/ipautomationinc.com\/pl\/accessories\/chamfer-drill\/","title":{"rendered":"Stacja wiercenia faz"},"content":{"rendered":"<p><strong>Stacja fazowania\/wiercenia CD-8 i CD-13 to pot\u0119\u017cne akcesorium do obr\u00f3bki drutu, kt\u00f3re wyeliminuje prac\u0119 r\u0119czn\u0105 przy procesach wiercenia i fazowania. Ta jednostka zosta\u0142a zaprojektowana do integracji z naszymi gi\u0119tarkami CNC za po\u015brednictwem jednego z naszych pakiet\u00f3w robot\u00f3w Intellimate. Jednostka wiercenia lub fazowania pracuje jednocze\u015bnie z operacjami gi\u0119cia w wysoce wydajnym procesie szczup\u0142ym, kt\u00f3ry eliminuje marnotrawstwo w WIP, krokach ruchu i czasie oczekiwania.<\/strong><\/p>\n\n\n\n<p>&lt; back to accessories<br>h2<br>centrum centrum<br>lewy<br>#949494<br>ukrywa\u0107<br><br>Stacja do fazowania\/wiercenia<br>h1<br>centrum centrum<br>lewy<br>ukrywa\u0107<br><br><img decoding=\"async\" src=\"https:\/\/ipautomationinc.com\/wp-content\/uploads\/2024\/08\/chamfer-drill.png#36736\" alt=\"wiert\u0142o fazuj\u0105ce\"><br>pe\u0142ny<br>zawiera\u0107<br>centrum centrum<br>ukrywa\u0107<br><br><h4>Stacja fazowania\/wiercenia CD-8 i CD-13 to pot\u0119\u017cne akcesorium do obr\u00f3bki drutu, kt\u00f3re wyeliminuje prac\u0119 r\u0119czn\u0105 przy procesach wiercenia i fazowania. Ta jednostka zosta\u0142a zaprojektowana do integracji z naszymi gi\u0119tarkami CNC za po\u015brednictwem jednego z naszych pakiet\u00f3w robot\u00f3w Intellimate. Jednostka wiercenia lub fazowania pracuje jednocze\u015bnie z operacjami gi\u0119cia w wysoce wydajnym procesie szczup\u0142ym, kt\u00f3ry eliminuje marnotrawstwo w WIP, krokach ruchu i czasie oczekiwania.<\/h4><br><br><h4>Stacja Chamfer\/Drill zaciska cz\u0119\u015b\u0107 w dostosowanych chwytakach pneumatycznych i wykonuje proces za pomoc\u0105 wysoko cenionego nap\u0119du elektrycznego\/pneumatycznego Sugino Selfeed Variable Speed. Ta inteligentna konstrukcja obejmuje rynn\u0119 zbieraj\u0105c\u0105 wi\u00f3ry, kt\u00f3ra zmienia po\u0142o\u017cenie po zako\u0144czeniu obr\u00f3bki, aby dzia\u0142a\u0107 jako rynna wyj\u015bciowa.<\/h4><br><br><h4>Jednostk\u0119 t\u0119 \u0142\u0105czymy z g\u0142owic\u0105 wiertarsk\u0105 z czujnikiem z\u0142amania narz\u0119dzia lub regulowanym frezem dr\u0105\u017conym do fazowania.<\/h4><br>#000000<br><br>36828,36829<br>pe\u0142ny<br>4<br>300 pikseli<br>300 pikseli<br><br>10<br>ukrywa\u0107<br><br>G\u0142oska bezd\u017awi\u0119czna<br>h3<br>centrum centrum<br>Centrum<br>ukrywa\u0107<br><br>996829835<br>zawiera\u0107<br>centrum centrum<br>ukrywa\u0107<br><br>10<br>ukrywa\u0107<br><br>Cechy<br>h3<br>centrum centrum<br>Centrum<br>ukrywa\u0107<br><br>Kluczowe cechy<br><br><br>Samodzielna elektryczna jednostka fazuj\u0105ca<br><br>Wrzeciono z mo\u017cliwo\u015bci\u0105 samodzielnego podawania<br><br>Wbudowany zacisk drutu i adapter g\u0142owicy fazuj\u0105cej<br><br>Wymagany: <a href=\"https:\/\/ipautomationinc.com\/pl\/akcesoria\/robotyka\/\">Inteligentny robot<\/a>, dop\u0142yw powietrza i zasilanie<br><br><br>Centrum<br>#EBEBEB<br>#222222<br>ukrywa\u0107<br><br>10<br>ukrywa\u0107<br><br>Dane techniczne<br>h3<br>centrum centrum<br>Centrum<br>ukrywa\u0107<br><br><br><br><br><br><\/p>","protected":false},"excerpt":{"rendered":"<p>The CD-8 and CD-13 Chamfer\/Drill station is a powerful wire processing accessory that will eliminate hand labor on drilling and<span class=\"excerpt-hellip\"> [\u2026]<\/span><\/p>\n","protected":false},"author":3,"featured_media":0,"parent":7745,"menu_order":0,"comment_status":"closed","ping_status":"closed","template":"","meta":{"footnotes":""},"class_list":["post-36733","page","type-page","status-publish","hentry"],"yoast_head":"<!-- This site is optimized with the Yoast SEO plugin v27.3 - https:\/\/yoast.com\/product\/yoast-seo-wordpress\/ -->\n<title>Chamfer Drilling Station | IP Automation Inc<\/title>\n<meta name=\"description\" content=\"The Chamfer\/Drill station is a powerful wire processing accessory that will eliminate hand labor on drilling and chamfering processes.\" \/>\n<meta name=\"robots\" content=\"index, follow, max-snippet:-1, max-image-preview:large, max-video-preview:-1\" \/>\n<link rel=\"canonical\" href=\"https:\/\/ipautomationinc.com\/pl\/akcesoria\/wiertlo-fazujace\/\" \/>\n<meta property=\"og:locale\" content=\"pl_PL\" \/>\n<meta property=\"og:type\" content=\"article\" \/>\n<meta property=\"og:title\" content=\"Chamfer Drilling Station | IP Automation Inc\" \/>\n<meta property=\"og:description\" content=\"The Chamfer\/Drill station is a powerful wire processing accessory that will eliminate hand labor on drilling and chamfering processes.\" \/>\n<meta property=\"og:url\" content=\"https:\/\/ipautomationinc.com\/pl\/akcesoria\/wiertlo-fazujace\/\" \/>\n<meta property=\"og:site_name\" content=\"IP Automation Inc\" \/>\n<meta property=\"article:publisher\" content=\"https:\/\/www.facebook.com\/ipautomationinc\/\" \/>\n<meta property=\"article:modified_time\" content=\"2025-06-06T20:46:49+00:00\" \/>\n<meta property=\"og:image\" content=\"https:\/\/ipautomationinc.com\/wp-content\/uploads\/2024\/08\/chamfer-drill.png#36736\" \/>\n<script type=\"application\/ld+json\" class=\"yoast-schema-graph\">{\"@context\":\"https:\\\/\\\/schema.org\",\"@graph\":[{\"@type\":\"WebPage\",\"@id\":\"https:\\\/\\\/ipautomationinc.com\\\/accessories\\\/chamfer-drill\\\/\",\"url\":\"https:\\\/\\\/ipautomationinc.com\\\/accessories\\\/chamfer-drill\\\/\",\"name\":\"Chamfer Drilling Station | IP Automation Inc\",\"isPartOf\":{\"@id\":\"https:\\\/\\\/ipautomationinc.com\\\/#website\"},\"primaryImageOfPage\":{\"@id\":\"https:\\\/\\\/ipautomationinc.com\\\/accessories\\\/chamfer-drill\\\/#primaryimage\"},\"image\":{\"@id\":\"https:\\\/\\\/ipautomationinc.com\\\/accessories\\\/chamfer-drill\\\/#primaryimage\"},\"thumbnailUrl\":\"https:\\\/\\\/ipautomationinc.com\\\/wp-content\\\/uploads\\\/2024\\\/08\\\/chamfer-drill.png#36736\",\"datePublished\":\"2024-10-28T16:12:19+00:00\",\"dateModified\":\"2025-06-06T20:46:49+00:00\",\"description\":\"The Chamfer\\\/Drill station is a powerful wire processing accessory that will eliminate hand labor on drilling and chamfering processes.\",\"breadcrumb\":{\"@id\":\"https:\\\/\\\/ipautomationinc.com\\\/accessories\\\/chamfer-drill\\\/#breadcrumb\"},\"inLanguage\":\"pl-PL\",\"potentialAction\":[{\"@type\":\"ReadAction\",\"target\":[\"https:\\\/\\\/ipautomationinc.com\\\/accessories\\\/chamfer-drill\\\/\"]}]},{\"@type\":\"ImageObject\",\"inLanguage\":\"pl-PL\",\"@id\":\"https:\\\/\\\/ipautomationinc.com\\\/accessories\\\/chamfer-drill\\\/#primaryimage\",\"url\":\"https:\\\/\\\/ipautomationinc.com\\\/wp-content\\\/uploads\\\/2024\\\/08\\\/chamfer-drill.png#36736\",\"contentUrl\":\"https:\\\/\\\/ipautomationinc.com\\\/wp-content\\\/uploads\\\/2024\\\/08\\\/chamfer-drill.png#36736\"},{\"@type\":\"BreadcrumbList\",\"@id\":\"https:\\\/\\\/ipautomationinc.com\\\/accessories\\\/chamfer-drill\\\/#breadcrumb\",\"itemListElement\":[{\"@type\":\"ListItem\",\"position\":1,\"name\":\"Accessories\",\"item\":\"https:\\\/\\\/ipautomationinc.com\\\/accessories\\\/\"},{\"@type\":\"ListItem\",\"position\":2,\"name\":\"Chamfer Drilling Station\"}]},{\"@type\":\"WebSite\",\"@id\":\"https:\\\/\\\/ipautomationinc.com\\\/#website\",\"url\":\"https:\\\/\\\/ipautomationinc.com\\\/\",\"name\":\"IP Automation Inc\",\"description\":\"Concept... Creation... Reality...\",\"publisher\":{\"@id\":\"https:\\\/\\\/ipautomationinc.com\\\/#organization\"},\"potentialAction\":[{\"@type\":\"SearchAction\",\"target\":{\"@type\":\"EntryPoint\",\"urlTemplate\":\"https:\\\/\\\/ipautomationinc.com\\\/?s={search_term_string}\"},\"query-input\":{\"@type\":\"PropertyValueSpecification\",\"valueRequired\":true,\"valueName\":\"search_term_string\"}}],\"inLanguage\":\"pl-PL\"},{\"@type\":\"Organization\",\"@id\":\"https:\\\/\\\/ipautomationinc.com\\\/#organization\",\"name\":\"IP Automation Inc\",\"url\":\"https:\\\/\\\/ipautomationinc.com\\\/\",\"logo\":{\"@type\":\"ImageObject\",\"inLanguage\":\"pl-PL\",\"@id\":\"https:\\\/\\\/ipautomationinc.com\\\/#\\\/schema\\\/logo\\\/image\\\/\",\"url\":\"https:\\\/\\\/ipautomationinc.com\\\/wp-content\\\/uploads\\\/2022\\\/05\\\/IPA-Favicon.png\",\"contentUrl\":\"https:\\\/\\\/ipautomationinc.com\\\/wp-content\\\/uploads\\\/2022\\\/05\\\/IPA-Favicon.png\",\"width\":513,\"height\":513,\"caption\":\"IP Automation Inc\"},\"image\":{\"@id\":\"https:\\\/\\\/ipautomationinc.com\\\/#\\\/schema\\\/logo\\\/image\\\/\"},\"sameAs\":[\"https:\\\/\\\/www.facebook.com\\\/ipautomationinc\\\/\",\"https:\\\/\\\/www.linkedin.com\\\/company\\\/ip-automation-inc\\\/\",\"https:\\\/\\\/www.youtube.com\\\/@IPAutomation\"]}]}<\/script>\n<!-- \/ Yoast SEO plugin. -->","yoast_head_json":{"title":"Stacja wiercenia faz | IP Automation Inc","description":"Stacja do fazowania\/wiercenia to wydajne akcesorium do obr\u00f3bki drutu, kt\u00f3re eliminuje konieczno\u015b\u0107 r\u0119cznego wiercenia i fazowania.","robots":{"index":"index","follow":"follow","max-snippet":"max-snippet:-1","max-image-preview":"max-image-preview:large","max-video-preview":"max-video-preview:-1"},"canonical":"https:\/\/ipautomationinc.com\/pl\/akcesoria\/wiertlo-fazujace\/","og_locale":"pl_PL","og_type":"article","og_title":"Chamfer Drilling Station | IP Automation Inc","og_description":"The Chamfer\/Drill station is a powerful wire processing accessory that will eliminate hand labor on drilling and chamfering processes.","og_url":"https:\/\/ipautomationinc.com\/pl\/akcesoria\/wiertlo-fazujace\/","og_site_name":"IP Automation Inc","article_publisher":"https:\/\/www.facebook.com\/ipautomationinc\/","article_modified_time":"2025-06-06T20:46:49+00:00","og_image":[{"url":"https:\/\/ipautomationinc.com\/wp-content\/uploads\/2024\/08\/chamfer-drill.png#36736","type":"","width":"","height":""}],"schema":{"@context":"https:\/\/schema.org","@graph":[{"@type":"WebPage","@id":"https:\/\/ipautomationinc.com\/accessories\/chamfer-drill\/","url":"https:\/\/ipautomationinc.com\/accessories\/chamfer-drill\/","name":"Stacja wiercenia faz | IP Automation Inc","isPartOf":{"@id":"https:\/\/ipautomationinc.com\/#website"},"primaryImageOfPage":{"@id":"https:\/\/ipautomationinc.com\/accessories\/chamfer-drill\/#primaryimage"},"image":{"@id":"https:\/\/ipautomationinc.com\/accessories\/chamfer-drill\/#primaryimage"},"thumbnailUrl":"https:\/\/ipautomationinc.com\/wp-content\/uploads\/2024\/08\/chamfer-drill.png#36736","datePublished":"2024-10-28T16:12:19+00:00","dateModified":"2025-06-06T20:46:49+00:00","description":"Stacja do fazowania\/wiercenia to wydajne akcesorium do obr\u00f3bki drutu, kt\u00f3re eliminuje konieczno\u015b\u0107 r\u0119cznego wiercenia i fazowania.","breadcrumb":{"@id":"https:\/\/ipautomationinc.com\/accessories\/chamfer-drill\/#breadcrumb"},"inLanguage":"pl-PL","potentialAction":[{"@type":"ReadAction","target":["https:\/\/ipautomationinc.com\/accessories\/chamfer-drill\/"]}]},{"@type":"ImageObject","inLanguage":"pl-PL","@id":"https:\/\/ipautomationinc.com\/accessories\/chamfer-drill\/#primaryimage","url":"https:\/\/ipautomationinc.com\/wp-content\/uploads\/2024\/08\/chamfer-drill.png#36736","contentUrl":"https:\/\/ipautomationinc.com\/wp-content\/uploads\/2024\/08\/chamfer-drill.png#36736"},{"@type":"BreadcrumbList","@id":"https:\/\/ipautomationinc.com\/accessories\/chamfer-drill\/#breadcrumb","itemListElement":[{"@type":"ListItem","position":1,"name":"Accessories","item":"https:\/\/ipautomationinc.com\/accessories\/"},{"@type":"ListItem","position":2,"name":"Chamfer Drilling Station"}]},{"@type":"WebSite","@id":"https:\/\/ipautomationinc.com\/#website","url":"https:\/\/ipautomationinc.com\/","name":"Firma IP Automation Inc","description":"Koncepcja... Kreacja... Rzeczywisto\u015b\u0107...","publisher":{"@id":"https:\/\/ipautomationinc.com\/#organization"},"potentialAction":[{"@type":"SearchAction","target":{"@type":"EntryPoint","urlTemplate":"https:\/\/ipautomationinc.com\/?s={search_term_string}"},"query-input":{"@type":"PropertyValueSpecification","valueRequired":true,"valueName":"search_term_string"}}],"inLanguage":"pl-PL"},{"@type":"Organization","@id":"https:\/\/ipautomationinc.com\/#organization","name":"Firma IP Automation Inc","url":"https:\/\/ipautomationinc.com\/","logo":{"@type":"ImageObject","inLanguage":"pl-PL","@id":"https:\/\/ipautomationinc.com\/#\/schema\/logo\/image\/","url":"https:\/\/ipautomationinc.com\/wp-content\/uploads\/2022\/05\/IPA-Favicon.png","contentUrl":"https:\/\/ipautomationinc.com\/wp-content\/uploads\/2022\/05\/IPA-Favicon.png","width":513,"height":513,"caption":"IP Automation Inc"},"image":{"@id":"https:\/\/ipautomationinc.com\/#\/schema\/logo\/image\/"},"sameAs":["https:\/\/www.facebook.com\/ipautomationinc\/","https:\/\/www.linkedin.com\/company\/ip-automation-inc\/","https:\/\/www.youtube.com\/@IPAutomation"]}]}},"_links":{"self":[{"href":"https:\/\/ipautomationinc.com\/pl\/wp-json\/wp\/v2\/pages\/36733","targetHints":{"allow":["GET"]}}],"collection":[{"href":"https:\/\/ipautomationinc.com\/pl\/wp-json\/wp\/v2\/pages"}],"about":[{"href":"https:\/\/ipautomationinc.com\/pl\/wp-json\/wp\/v2\/types\/page"}],"author":[{"embeddable":true,"href":"https:\/\/ipautomationinc.com\/pl\/wp-json\/wp\/v2\/users\/3"}],"replies":[{"embeddable":true,"href":"https:\/\/ipautomationinc.com\/pl\/wp-json\/wp\/v2\/comments?post=36733"}],"version-history":[{"count":2,"href":"https:\/\/ipautomationinc.com\/pl\/wp-json\/wp\/v2\/pages\/36733\/revisions"}],"predecessor-version":[{"id":36839,"href":"https:\/\/ipautomationinc.com\/pl\/wp-json\/wp\/v2\/pages\/36733\/revisions\/36839"}],"up":[{"embeddable":true,"href":"https:\/\/ipautomationinc.com\/pl\/wp-json\/wp\/v2\/pages\/7745"}],"wp:attachment":[{"href":"https:\/\/ipautomationinc.com\/pl\/wp-json\/wp\/v2\/media?parent=36733"}],"curies":[{"name":"wp","href":"https:\/\/api.w.org\/{rel}","templated":true}]}}