{"id":36690,"date":"2024-07-25T15:28:26","date_gmt":"2024-07-25T20:28:26","guid":{"rendered":"https:\/\/ipautomationinc.com\/?page_id=36690"},"modified":"2026-04-01T11:36:31","modified_gmt":"2026-04-01T16:36:31","slug":"gietarki-do-drutu-cnc-dwuglowicowe","status":"publish","type":"page","link":"https:\/\/ipautomationinc.com\/pl\/double-head-cnc-wire-benders\/","title":{"rendered":"Gi\u0119tarki do drutu CNC z podw\u00f3jn\u0105 g\u0142owic\u0105"},"content":{"rendered":"<h6 class=\"wp-block-heading\"><strong>Poznaj nasz\u0105 ofert\u0119 dwug\u0142owicowych gi\u0119tarek CNC do drutu. Dwug\u0142owicowa gi\u0119tarka CNC serii ID, \u015brednica drutu 2-10 mm. Wielostopniowa dwug\u0142owicowa gi\u0119tarka CNC serii ID-MS, \u015brednica drutu 1,5-6 mm. Jednostopniowa dwug\u0142owicowa gi\u0119tarka CNC ID-SS, \u015brednica drutu 1,5-6 mm.<\/strong><\/h6>\n\n\n\n<p>Gi\u0119tarki do drutu CNC z podw\u00f3jn\u0105 g\u0142owic\u0105<br>h1<br>centrum centrum<br>Centrum<br>ukrywa\u0107<br><br>szeroki<br><br><img decoding=\"async\" src=\"https:\/\/ipautomationinc.com\/wp-content\/uploads\/2024\/05\/NEW-i8-D-RGB.png#36635\" alt=\"NOWY i8-D RGB\"><br>pe\u0142ny<br><a href=\"https:\/\/ipautomationinc.com\/pl\/seria-i-d\/\">https:\/\/ipautomationinc.com\/i-d-series\/<\/a><br>wy\u0142\u0105czy\u0107<br>Gi\u0119tarka do drutu cnc z podw\u00f3jn\u0105 g\u0142owic\u0105<br>zawiera\u0107<br>centrum centrum<br>Centrum<br>ukrywa\u0107<br><br>Seria i-D<br>h2<br>centrum centrum<br>Centrum<br>ukrywa\u0107<br><br>Ucz si\u0119 wi\u0119cej<br><a href=\"https:\/\/ipautomationinc.com\/pl\/seria-i-d\/\">https:\/\/ipautomationinc.com\/i-d-series\/<\/a><br>lewy<br>2<br>motyw_przycisku<br>Centrum<br>ukrywa\u0107<br><br>Gi\u0119tarki do drutu CNC z podw\u00f3jn\u0105 g\u0142owic\u0105<br>h3<br>centrum centrum<br>Centrum<br>ukrywa\u0107<br><br><h5>Maszyna do formowania drutu 3D CNC z podw\u00f3jn\u0105 g\u0142owic\u0105 serii i-D to idealny i popularny wyb\u00f3r do zastosowa\u0144 wymagaj\u0105cych precyzyjnych du\u017cych ram z drutu.<\/h5><br><br><br><br>\u015arednica drutu 2\u201310 mm*<br><br>Idealny do drutu granicznego siedze\u0144 samochodowych, ram monta\u017cowych siedze\u0144, obramowa\u0144 p\u00f3\u0142ek, stojak\u00f3w na piekarniki<br><br><br>Centrum<br>ukrywa\u0107<br><br><img decoding=\"async\" src=\"https:\/\/ipautomationinc.com\/wp-content\/uploads\/2024\/07\/i4-d-ms-web.png#36681\" alt=\"i4-d-ms web\"><br>pe\u0142ny<br><a href=\"https:\/\/ipautomationinc.com\/pl\/seria-i-d-ms\/\">https:\/\/ipautomationinc.com\/i-d-ms-series\/<\/a><br>wy\u0142\u0105czy\u0107<br>Gi\u0119tarka do drutu cnc z podw\u00f3jn\u0105 g\u0142owic\u0105<br>zawiera\u0107<br>centrum centrum<br>76.5%<br>Centrum<br>ukrywa\u0107<br><br>Seria i-D-MS<br>h2<br>centrum centrum<br>Centrum<br>ukrywa\u0107<br><br>Ucz si\u0119 wi\u0119cej<br><a href=\"https:\/\/ipautomationinc.com\/pl\/seria-i-d-ms\/\">https:\/\/ipautomationinc.com\/i-d-ms-series\/<\/a><br>lewy<br>2<br>motyw_przycisku<br>Centrum<br>ukrywa\u0107<br><br>Wielostopniowe gi\u0119tarki do drutu z podw\u00f3jn\u0105 g\u0142owic\u0105 CNC<br>h3<br>centrum centrum<br>Centrum<br>ukrywa\u0107<br><br><h5>Wielostopniowa gi\u0119tarka drutu CNC serii i-D-MS jest przeznaczona do specjalistycznych form drutu o wysokiej precyzji, wymagaj\u0105cych oddzielnych operacji gi\u0119cia.<\/h5><br><br><br><br>\u015arednica drutu 1,5\u20136 mm*<br><br>Idealny do precyzyjnych listew i drut\u00f3w gniazdowych, cz\u0119\u015bci o w\u0105skich tolerancjach do operacji obtrysku<br><br><br>Nag\u0142\u00f3wek + opis<br>Centrum<br>bez powt\u00f3rze\u0144;lewy g\u00f3rny;;<br>automatyczny<br>20 pikseli<br>0 10%<br><br><img decoding=\"async\" src=\"https:\/\/ipautomationinc.com\/wp-content\/uploads\/2024\/07\/i4-D-SS-RGB.png#36680\" alt=\"i4-D-SS RGB\"><br>pe\u0142ny<br><a href=\"https:\/\/ipautomationinc.com\/pl\/seria-i-d-ss\/\">https:\/\/ipautomationinc.com\/i-d-ss-series\/<\/a><br>wy\u0142\u0105czy\u0107<br>Gi\u0119tarka do drutu cnc z podw\u00f3jn\u0105 g\u0142owic\u0105<br>zawiera\u0107<br>centrum centrum<br>80%<br>Centrum<br>ukrywa\u0107<br><br>Seria i-D-SS<br>h2<br>centrum centrum<br>Centrum<br>ukrywa\u0107<br><br>Ucz si\u0119 wi\u0119cej<br><a href=\"https:\/\/ipautomationinc.com\/pl\/seria-i-d-ss\/\">https:\/\/ipautomationinc.com\/i-d-ss-series\/<\/a><br>lewy<br>2<br>motyw_przycisku<br>Centrum<br>ukrywa\u0107<br><br>Jednostopniowe gi\u0119tarki CNC z podw\u00f3jn\u0105 g\u0142owic\u0105 do przycinania\/listowania przewod\u00f3w<br>h3<br>centrum centrum<br>Centrum<br>ukrywa\u0107<br><br><h5>Seria iD-SS idealnie nadaje si\u0119 do gi\u0119cia 3D du\u017cych ilo\u015bci przewod\u00f3w o prostej konstrukcji. Umo\u017cliwia tworzenie wielu popularnych kszta\u0142t\u00f3w, kt\u00f3re obs\u0142uguje iD-MS, ale przy znacznie ni\u017cszych kosztach.<\/h5><br><br><br><br>\u015arednica drutu 1,5\u20136 mm*<br><br>Idealny do precyzyjnych listew i drut\u00f3w gniazdowych, cz\u0119\u015bci o w\u0105skich tolerancjach do operacji obtrysku<br><br><br>Nag\u0142\u00f3wek + opis<br>Centrum<br>bez powt\u00f3rze\u0144;lewy g\u00f3rny;;<br>automatyczny<br>20 pikseli<br>0 10%<br><br><\/p>","protected":false},"excerpt":{"rendered":"<p>Explore our range of double head CNC wire benders. I-D series double head CNC wire bender, 2-10mm wire diameter. I-D-MS<span class=\"excerpt-hellip\"> [\u2026]<\/span><\/p>\n","protected":false},"author":3,"featured_media":0,"parent":0,"menu_order":0,"comment_status":"closed","ping_status":"closed","template":"","meta":{"footnotes":""},"class_list":["post-36690","page","type-page","status-publish","hentry"],"yoast_head":"<!-- This site is optimized with the Yoast SEO plugin v27.3 - https:\/\/yoast.com\/product\/yoast-seo-wordpress\/ -->\n<title>Double Head CNC Wire Benders | IP Automation Inc<\/title>\n<meta name=\"description\" content=\"Explore our selection of Double Head CNC Wire Benders to find the perfect one for you. Quality made in the USA machinery.\" \/>\n<meta name=\"robots\" content=\"index, follow, max-snippet:-1, max-image-preview:large, max-video-preview:-1\" \/>\n<link rel=\"canonical\" href=\"https:\/\/ipautomationinc.com\/pl\/gietarki-do-drutu-cnc-dwuglowicowe\/\" \/>\n<meta property=\"og:locale\" content=\"pl_PL\" \/>\n<meta property=\"og:type\" content=\"article\" \/>\n<meta property=\"og:title\" content=\"Double Head CNC Wire Benders | IP Automation Inc\" \/>\n<meta property=\"og:description\" content=\"Explore our selection of Double Head CNC Wire Benders to find the perfect one for you. Quality made in the USA machinery.\" \/>\n<meta property=\"og:url\" content=\"https:\/\/ipautomationinc.com\/pl\/gietarki-do-drutu-cnc-dwuglowicowe\/\" \/>\n<meta property=\"og:site_name\" content=\"IP Automation Inc\" \/>\n<meta property=\"article:publisher\" content=\"https:\/\/www.facebook.com\/ipautomationinc\/\" \/>\n<meta property=\"article:modified_time\" content=\"2026-04-01T16:36:31+00:00\" \/>\n<meta property=\"og:image\" content=\"https:\/\/ipautomationinc.com\/wp-content\/uploads\/2024\/05\/NEW-i8-D-RGB.png#36635\" \/>\n<script type=\"application\/ld+json\" class=\"yoast-schema-graph\">{\"@context\":\"https:\\\/\\\/schema.org\",\"@graph\":[{\"@type\":\"WebPage\",\"@id\":\"https:\\\/\\\/ipautomationinc.com\\\/double-head-cnc-wire-benders\\\/\",\"url\":\"https:\\\/\\\/ipautomationinc.com\\\/double-head-cnc-wire-benders\\\/\",\"name\":\"Double Head CNC Wire Benders | IP Automation Inc\",\"isPartOf\":{\"@id\":\"https:\\\/\\\/ipautomationinc.com\\\/#website\"},\"primaryImageOfPage\":{\"@id\":\"https:\\\/\\\/ipautomationinc.com\\\/double-head-cnc-wire-benders\\\/#primaryimage\"},\"image\":{\"@id\":\"https:\\\/\\\/ipautomationinc.com\\\/double-head-cnc-wire-benders\\\/#primaryimage\"},\"thumbnailUrl\":\"https:\\\/\\\/ipautomationinc.com\\\/wp-content\\\/uploads\\\/2024\\\/05\\\/NEW-i8-D-RGB.png#36635\",\"datePublished\":\"2024-07-25T20:28:26+00:00\",\"dateModified\":\"2026-04-01T16:36:31+00:00\",\"description\":\"Explore our selection of Double Head CNC Wire Benders to find the perfect one for you. Quality made in the USA machinery.\",\"inLanguage\":\"pl-PL\",\"potentialAction\":[{\"@type\":\"ReadAction\",\"target\":[\"https:\\\/\\\/ipautomationinc.com\\\/double-head-cnc-wire-benders\\\/\"]}]},{\"@type\":\"ImageObject\",\"inLanguage\":\"pl-PL\",\"@id\":\"https:\\\/\\\/ipautomationinc.com\\\/double-head-cnc-wire-benders\\\/#primaryimage\",\"url\":\"https:\\\/\\\/ipautomationinc.com\\\/wp-content\\\/uploads\\\/2024\\\/05\\\/NEW-i8-D-RGB.png#36635\",\"contentUrl\":\"https:\\\/\\\/ipautomationinc.com\\\/wp-content\\\/uploads\\\/2024\\\/05\\\/NEW-i8-D-RGB.png#36635\"},{\"@type\":\"WebSite\",\"@id\":\"https:\\\/\\\/ipautomationinc.com\\\/#website\",\"url\":\"https:\\\/\\\/ipautomationinc.com\\\/\",\"name\":\"IP Automation Inc\",\"description\":\"Concept... Creation... Reality...\",\"publisher\":{\"@id\":\"https:\\\/\\\/ipautomationinc.com\\\/#organization\"},\"potentialAction\":[{\"@type\":\"SearchAction\",\"target\":{\"@type\":\"EntryPoint\",\"urlTemplate\":\"https:\\\/\\\/ipautomationinc.com\\\/?s={search_term_string}\"},\"query-input\":{\"@type\":\"PropertyValueSpecification\",\"valueRequired\":true,\"valueName\":\"search_term_string\"}}],\"inLanguage\":\"pl-PL\"},{\"@type\":\"Organization\",\"@id\":\"https:\\\/\\\/ipautomationinc.com\\\/#organization\",\"name\":\"IP Automation Inc\",\"url\":\"https:\\\/\\\/ipautomationinc.com\\\/\",\"logo\":{\"@type\":\"ImageObject\",\"inLanguage\":\"pl-PL\",\"@id\":\"https:\\\/\\\/ipautomationinc.com\\\/#\\\/schema\\\/logo\\\/image\\\/\",\"url\":\"https:\\\/\\\/ipautomationinc.com\\\/wp-content\\\/uploads\\\/2022\\\/05\\\/IPA-Favicon.png\",\"contentUrl\":\"https:\\\/\\\/ipautomationinc.com\\\/wp-content\\\/uploads\\\/2022\\\/05\\\/IPA-Favicon.png\",\"width\":513,\"height\":513,\"caption\":\"IP Automation Inc\"},\"image\":{\"@id\":\"https:\\\/\\\/ipautomationinc.com\\\/#\\\/schema\\\/logo\\\/image\\\/\"},\"sameAs\":[\"https:\\\/\\\/www.facebook.com\\\/ipautomationinc\\\/\",\"https:\\\/\\\/www.linkedin.com\\\/company\\\/ip-automation-inc\\\/\",\"https:\\\/\\\/www.youtube.com\\\/@IPAutomation\"]}]}<\/script>\n<!-- \/ Yoast SEO plugin. -->","yoast_head_json":{"title":"Gi\u0119tarki do drutu CNC z podw\u00f3jn\u0105 g\u0142owic\u0105 | Firma IP Automation Inc","description":"Zapoznaj si\u0119 z nasz\u0105 ofert\u0105 gi\u0119tarek do drutu CNC z podw\u00f3jn\u0105 g\u0142owic\u0105 i znajd\u017a idealn\u0105 dla siebie. Jako\u015b\u0107 wyprodukowana na maszynach z USA.","robots":{"index":"index","follow":"follow","max-snippet":"max-snippet:-1","max-image-preview":"max-image-preview:large","max-video-preview":"max-video-preview:-1"},"canonical":"https:\/\/ipautomationinc.com\/pl\/gietarki-do-drutu-cnc-dwuglowicowe\/","og_locale":"pl_PL","og_type":"article","og_title":"Double Head CNC Wire Benders | IP Automation Inc","og_description":"Explore our selection of Double Head CNC Wire Benders to find the perfect one for you. Quality made in the USA machinery.","og_url":"https:\/\/ipautomationinc.com\/pl\/gietarki-do-drutu-cnc-dwuglowicowe\/","og_site_name":"IP Automation Inc","article_publisher":"https:\/\/www.facebook.com\/ipautomationinc\/","article_modified_time":"2026-04-01T16:36:31+00:00","og_image":[{"url":"https:\/\/ipautomationinc.com\/wp-content\/uploads\/2024\/05\/NEW-i8-D-RGB.png#36635","type":"","width":"","height":""}],"schema":{"@context":"https:\/\/schema.org","@graph":[{"@type":"WebPage","@id":"https:\/\/ipautomationinc.com\/double-head-cnc-wire-benders\/","url":"https:\/\/ipautomationinc.com\/double-head-cnc-wire-benders\/","name":"Gi\u0119tarki do drutu CNC z podw\u00f3jn\u0105 g\u0142owic\u0105 | Firma IP Automation Inc","isPartOf":{"@id":"https:\/\/ipautomationinc.com\/#website"},"primaryImageOfPage":{"@id":"https:\/\/ipautomationinc.com\/double-head-cnc-wire-benders\/#primaryimage"},"image":{"@id":"https:\/\/ipautomationinc.com\/double-head-cnc-wire-benders\/#primaryimage"},"thumbnailUrl":"https:\/\/ipautomationinc.com\/wp-content\/uploads\/2024\/05\/NEW-i8-D-RGB.png#36635","datePublished":"2024-07-25T20:28:26+00:00","dateModified":"2026-04-01T16:36:31+00:00","description":"Zapoznaj si\u0119 z nasz\u0105 ofert\u0105 gi\u0119tarek do drutu CNC z podw\u00f3jn\u0105 g\u0142owic\u0105 i znajd\u017a idealn\u0105 dla siebie. Jako\u015b\u0107 wyprodukowana na maszynach z USA.","inLanguage":"pl-PL","potentialAction":[{"@type":"ReadAction","target":["https:\/\/ipautomationinc.com\/double-head-cnc-wire-benders\/"]}]},{"@type":"ImageObject","inLanguage":"pl-PL","@id":"https:\/\/ipautomationinc.com\/double-head-cnc-wire-benders\/#primaryimage","url":"https:\/\/ipautomationinc.com\/wp-content\/uploads\/2024\/05\/NEW-i8-D-RGB.png#36635","contentUrl":"https:\/\/ipautomationinc.com\/wp-content\/uploads\/2024\/05\/NEW-i8-D-RGB.png#36635"},{"@type":"WebSite","@id":"https:\/\/ipautomationinc.com\/#website","url":"https:\/\/ipautomationinc.com\/","name":"Firma IP Automation Inc","description":"Koncepcja... Kreacja... Rzeczywisto\u015b\u0107...","publisher":{"@id":"https:\/\/ipautomationinc.com\/#organization"},"potentialAction":[{"@type":"SearchAction","target":{"@type":"EntryPoint","urlTemplate":"https:\/\/ipautomationinc.com\/?s={search_term_string}"},"query-input":{"@type":"PropertyValueSpecification","valueRequired":true,"valueName":"search_term_string"}}],"inLanguage":"pl-PL"},{"@type":"Organization","@id":"https:\/\/ipautomationinc.com\/#organization","name":"Firma IP Automation Inc","url":"https:\/\/ipautomationinc.com\/","logo":{"@type":"ImageObject","inLanguage":"pl-PL","@id":"https:\/\/ipautomationinc.com\/#\/schema\/logo\/image\/","url":"https:\/\/ipautomationinc.com\/wp-content\/uploads\/2022\/05\/IPA-Favicon.png","contentUrl":"https:\/\/ipautomationinc.com\/wp-content\/uploads\/2022\/05\/IPA-Favicon.png","width":513,"height":513,"caption":"IP Automation Inc"},"image":{"@id":"https:\/\/ipautomationinc.com\/#\/schema\/logo\/image\/"},"sameAs":["https:\/\/www.facebook.com\/ipautomationinc\/","https:\/\/www.linkedin.com\/company\/ip-automation-inc\/","https:\/\/www.youtube.com\/@IPAutomation"]}]}},"_links":{"self":[{"href":"https:\/\/ipautomationinc.com\/pl\/wp-json\/wp\/v2\/pages\/36690","targetHints":{"allow":["GET"]}}],"collection":[{"href":"https:\/\/ipautomationinc.com\/pl\/wp-json\/wp\/v2\/pages"}],"about":[{"href":"https:\/\/ipautomationinc.com\/pl\/wp-json\/wp\/v2\/types\/page"}],"author":[{"embeddable":true,"href":"https:\/\/ipautomationinc.com\/pl\/wp-json\/wp\/v2\/users\/3"}],"replies":[{"embeddable":true,"href":"https:\/\/ipautomationinc.com\/pl\/wp-json\/wp\/v2\/comments?post=36690"}],"version-history":[{"count":4,"href":"https:\/\/ipautomationinc.com\/pl\/wp-json\/wp\/v2\/pages\/36690\/revisions"}],"predecessor-version":[{"id":36708,"href":"https:\/\/ipautomationinc.com\/pl\/wp-json\/wp\/v2\/pages\/36690\/revisions\/36708"}],"wp:attachment":[{"href":"https:\/\/ipautomationinc.com\/pl\/wp-json\/wp\/v2\/media?parent=36690"}],"curies":[{"name":"wp","href":"https:\/\/api.w.org\/{rel}","templated":true}]}}