{"id":35632,"date":"2024-06-18T14:23:37","date_gmt":"2024-06-18T19:23:37","guid":{"rendered":"https:\/\/ipautomationinc.com\/?page_id=35632"},"modified":"2026-04-06T10:20:12","modified_gmt":"2026-04-06T15:20:12","slug":"seria-ip","status":"publish","type":"page","link":"https:\/\/ipautomationinc.com\/pl\/i-p-series\/","title":{"rendered":"P Series Single Piece CNC Wire Bender"},"content":{"rendered":"<p>The P series Single Piece CNC wire bender is designed to make easy work of your challenging parts and part mixes that require versatility and flexibility for low volume applications. For low volume applications, setup and changeover is faster with fewer elements to adjust. For special materials, tubing, pre-machined rods, and end formed parts that cannot be fed from coil, the pre-cut piece loading will allow you to have incredible 3D CNC bending capability. A magazine feeding option is available for a significant increase in production and un-attended operation.<\/p>\n\n\n\n<p><span class=\"builder2seo\"><\/span>Gi\u0119tarka do drutu CNC 3D jednocz\u0119\u015bciowa<br><br>Seria iP<br><br><img decoding=\"async\" src=\"https:\/\/ipautomationinc.com\/wp-content\/uploads\/2026\/02\/i10-S\u00b2-P-Single-Piece-3D-CNC-Wire-Bender-and-Kiosk.png#39503\" alt=\"i10-S\u00b2-P Single Piece 3D CNC Wire Bender and Kiosk\"><br>i-S\u00b2-T CNC gi\u0119tarka do drutu<br>400 pikseli<br><br>Kliknij tutaj, aby pobra\u0107 ulotk\u0119 w formacie PDF<br><a href=\"https:\/\/ipautomationinc.com\/wp-content\/uploads\/2026\/03\/i-P-Flyer.pdf\">https:\/\/ipautomationinc.com\/wp-content\/uploads\/2026\/03\/i-P-Flyer.pdf<\/a><br>fas fa-plik-pdf<br>motyw_przycisku<br>https:\/\/ipautomationinc.com\/wp-content\/uploads\/2026\/03\/i-P-Flyer.pdf<br><br>35673,35674,36656,36655<br>#0455B3<br>3px 3px 3px 3px<br><br><h4>Gi\u0119tarka do drutu CNC jednocz\u0119\u015bciowa iP zosta\u0142a zaprojektowana tak, aby u\u0142atwi\u0107 obr\u00f3bk\u0119 skomplikowanych cz\u0119\u015bci i kombinacji cz\u0119\u015bci wymagaj\u0105cych wszechstronno\u015bci i elastyczno\u015bci w zastosowaniach o ma\u0142ej obj\u0119to\u015bci.<\/h4><br><br><h4>W przypadku zastosowa\u0144 o ma\u0142ej obj\u0119to\u015bci konfiguracja i zmiana s\u0105 szybsze i wymagaj\u0105 mniejszej liczby element\u00f3w do regulacji.<\/h4><br><br><h4>W przypadku materia\u0142\u00f3w specjalnych, rur, wst\u0119pnie obrobionych pr\u0119t\u00f3w i cz\u0119\u015bci uformowanych na ko\u0144cu, kt\u00f3rych nie mo\u017cna podawa\u0107 z cewki, \u0142adowanie wst\u0119pnie wyci\u0119tych element\u00f3w zapewni niesamowite mo\u017cliwo\u015bci gi\u0119cia 3D CNC.<\/h4><br><br><h4>Dost\u0119pna jest opcja podawania z magazynka, co znacznie zwi\u0119ksza wydajno\u015b\u0107 i pozwala na bezobs\u0142ugow\u0105 prac\u0119. Dost\u0119pna jest opcja pojedynczej lub podw\u00f3jnej g\u0142owicy gn\u0105cej.<\/h4><br><br><h3>Aplikacje<\/h3><br><br><h4>Wieszaki wydechowe, cz\u0119\u015bci o du\u017cej mieszalno\u015bci i ma\u0142ej obj\u0119to\u015bci, elementy grzejne i cz\u0119\u015bci z zamkni\u0119t\u0105 p\u0119tl\u0105 ko\u0144cow\u0105.<\/h4><br>#EBEBEB<br><br><img decoding=\"async\" src=\"https:\/\/ipautomationinc.com\/wp-content\/uploads\/2026\/02\/i10-S\u00b2-P-Single-Piece-3D-CNC-Wire-Bender-and-Kiosk.png#39503\" alt=\"i10-S\u00b2-P Single Piece 3D CNC Wire Bender and Kiosk\"><br>i-S\u00b2-T CNC gi\u0119tarka do drutu<br><br>Kliknij tutaj, aby pobra\u0107 ulotk\u0119 w formacie PDF<br><a href=\"https:\/\/ipautomationinc.com\/wp-content\/uploads\/2026\/03\/i-P-Flyer.pdf\">https:\/\/ipautomationinc.com\/wp-content\/uploads\/2026\/03\/i-P-Flyer.pdf<\/a><br>fas fa-plik-pdf<br>motyw_przycisku<br>https:\/\/ipautomationinc.com\/wp-content\/uploads\/2026\/03\/i-P-Flyer.pdf<br><br>36656,36655,35674,35673<br>#0455B3<br>3px 3px 3px 3px<br>zwyczaj<br>80%<br><br><h4>Gi\u0119tarka do drutu CNC jednocz\u0119\u015bciowa iP zosta\u0142a zaprojektowana tak, aby u\u0142atwi\u0107 obr\u00f3bk\u0119 skomplikowanych cz\u0119\u015bci i kombinacji cz\u0119\u015bci wymagaj\u0105cych wszechstronno\u015bci i elastyczno\u015bci w zastosowaniach o ma\u0142ej obj\u0119to\u015bci.<\/h4><br><br><h4>W przypadku zastosowa\u0144 o ma\u0142ej obj\u0119to\u015bci konfiguracja i zmiana s\u0105 szybsze i wymagaj\u0105 mniejszej liczby element\u00f3w do regulacji.<\/h4><br><br><h4>W przypadku materia\u0142\u00f3w specjalnych, rur, wst\u0119pnie obrobionych pr\u0119t\u00f3w i cz\u0119\u015bci uformowanych na ko\u0144cu, kt\u00f3rych nie mo\u017cna podawa\u0107 z cewki, \u0142adowanie wst\u0119pnie wyci\u0119tych element\u00f3w zapewni niesamowite mo\u017cliwo\u015bci gi\u0119cia 3D CNC.<\/h4><br><br><h4>Dost\u0119pna jest opcja podawania z magazynka, co znacznie zwi\u0119ksza wydajno\u015b\u0107 i pozwala na bezobs\u0142ugow\u0105 prac\u0119. Dost\u0119pna jest opcja pojedynczej lub podw\u00f3jnej g\u0142owicy gn\u0105cej.<\/h4><br><br><h3>Aplikacje<\/h3><br><br><h4>Wieszaki wydechowe, cz\u0119\u015bci o du\u017cej mieszalno\u015bci i ma\u0142ej obj\u0119to\u015bci, elementy grzejne i cz\u0119\u015bci z zamkni\u0119t\u0105 p\u0119tl\u0105 ko\u0144cow\u0105<\/h4><br>#EBEBEB<br><br><br>G\u0142oska bezd\u017awi\u0119czna<br><br>du\u017cy<br><br><br>Cechy<br><br>Pochylenie si\u0119<br>Programowanie<br>Detale<br>Uk\u0142ad maszyny<br><br><br><p>G\u0142owica zaginana S\u00b2 (S-kwadrat).<\/p><br><br>Dwie g\u0142owice z maksymalnie 16 promieniami lub niestandardowe narz\u0119dzia do gi\u0119cia<br><br>Zmiana po\u0142o\u017cenia na \u017c\u0105danie w celu dowolnej g\u0142owicy gi\u0119cia dla trzpienia, ko\u0144c\u00f3wki i generowanego gi\u0119cia<br><br>Wysoko\u015b\u0107 g\u0142owicy gn\u0105cej sterowana serwomechanizmem umo\u017cliwia obr\u00f3bk\u0119 wielowarstwow\u0105<br><br>Gi\u0119cie poza kolejno\u015bci\u0105 jest mo\u017cliwe przy bezwzgl\u0119dnym pozycjonowaniu g\u0142owicy gn\u0105cej<br><br>Modu\u0142owa konstrukcja oprzyrz\u0105dowania umo\u017cliwia \u0142atw\u0105 wymian\u0119 sworznia do gi\u0119cia<br><br>Pozycjonowanie poza p\u0142aszczyzn\u0105 umo\u017cliwia stosowanie narz\u0119dzi do gi\u0119cia rur oraz szybkie i dok\u0142adne gi\u0119cie na trzpieniu<br><br><p>Pusty mechanizm zaciskowy i wysuwana prowadnica<\/p><br><br>Pusty zacisk pneumatycznie chwyta materia\u0142 i pozwala na kontrolowany ruch w osi X do g\u0142owicy gn\u0105cej<br><br>Cz\u0119\u015bci mog\u0105 by\u0107 o wiele metr\u00f3w d\u0142u\u017csze od maszyny, je\u015bli s\u0105 odpowiednio podparte<br><br>G\u0142owica do gi\u0119cia mo\u017ce utrzyma\u0107 cz\u0119\u015b\u0107 nieruchomo, podczas gdy zaciski cofaj\u0105 si\u0119, aby ponownie chwyci\u0107<br><br>Wysuwana prowadnica zapewnia wsparcie podczas podawania i gi\u0119cia oraz odsuwa si\u0119, umo\u017cliwiaj\u0105c przesuwanie ruchomego zacisku a\u017c do g\u0142owicy gn\u0105cej<br><br><br><br><br>\t<a href=\"https:\/\/ipautomationinc.com\/pl\/mozliwosci-maszyny\/\">Oprogramowanie Intellibend <\/a> w systemie operacyjnym Windows 10<br><br>Format programu CNC d\u0142ugo\u015b\u0107-obr\u00f3t-k\u0105t<br><br>\tPanel produkcyjny z mo\u017cliwo\u015bci\u0105 programowania w czasie rzeczywistym i wsadowym<br><br>\tEkran wielodotykowy 18,5\u2033 zintegrowany z komputerem przemys\u0142owym<br><br>\tZdalna \u0142\u0105czno\u015b\u0107 poprzez tunel VPN<br><br>\tProtok\u00f3\u0142 OPC-UA dla przemys\u0142u 4.0<br><br>Dost\u0119pne niestandardowe funkcje we\/wy<br><br><p>Centrum kontroli kiosku<\/p><br><br>W jednostce steruj\u0105cej kiosku znajduje si\u0119 komputer z oprogramowaniem Intellibend i wy\u0142\u0105cznikiem awaryjnym<br><br>Zapewnia elastyczne pozycjonowanie dla r\u00f3\u017cnych konfiguracji ogniw<br><br>Zapewnia wi\u0119kszy prze\u015bwit, je\u015bli u\u017cywany jest podajnik magazynkowy<br><br><br><br>\t<br><br><br>Powierzchnia matrycy nadaj\u0105ca si\u0119 do ponownego szlifowania<br><br>Mo\u017cliwo\u015b\u0107 szkolenia na miejscu<br><br>Mo\u017cliwo\u015b\u0107 integracji robotycznej<br><div class=\"image_frame image_item scale-with-grid element_classes no_border hover-disable mfn-img-box\"  role=\"link\" aria-label=\"Obraz z linkami\" tabindex=\"0\"><div class=\"image_wrapper\"><a href=\"https:\/\/ipautomationinc.com\/wp-content\/uploads\/2024\/02\/i10-S\u00b2-T-layout.jpg\" rel=\"prettyphoto\"   class=\"\"  tabindex=\"-1\" title=\"\"><div class=\"mask\"><\/div><img decoding=\"async\" class=\"scale-with-grid\" src=\"https:\/\/ipautomationinc.com\/wp-content\/uploads\/2024\/02\/i10-S\u00b2-T-layout.jpg\" fetchpriority=\"high\" alt=\"Uk\u0142ad i10-S\u00b2-T\" title=\"\" width=\"300\" height=\"901\" style=\"\"\/><\/a><div class=\"image_links\"><a href=\"https:\/\/ipautomationinc.com\/wp-content\/uploads\/2024\/02\/i10-S\u00b2-T-layout.jpg\" class=\"zoom\" rel=\"prettyphoto\" tabindex=\"-1\" aria-label=\"powi\u0119ksz obraz\" title=\"\"><svg viewbox=\"0 0 26 26\"><defs><style>.path{fill:none;stroke:#333;stroke-miterlimit:10;stroke-width:1.5px;}<\/style><\/defs><circle cx=\"11.35\" cy=\"11.35\" r=\"6\" class=\"path\"\/><line x1=\"15.59\" y1=\"15.59\" x2=\"20.65\" y2=\"20.65\" class=\"path\"\/><\/svg><\/a><\/div><\/div><p class=\"wp-caption-text\">Uk\u0142ad i-S\u00b2-T<\/p><\/div>\n<br>#EBEBEB<br>#222222<br><br><br>Dane techniczne<br><br><br><br><p>*Na minimaln\u0105 i maksymaln\u0105 \u015brednic\u0119 wp\u0142ywa wytrzyma\u0142o\u015b\u0107 drutu na rozci\u0105ganie. Skontaktuj si\u0119 z nami, aby uzyska\u0107 wyja\u015bnienia dotycz\u0105ce zakresu min.\/maks. dla Twojego typu drutu.<\/p><br><br>Uzyskaj cen\u0119 teraz!<br>ikona-do przodu<br><a href=\"https:\/\/ipautomationinc.com\/pl\/skontaktuj-sie-z-nami\/#form\">https:\/\/ipautomationinc.com\/contact-us\/#form<\/a><br>50 pikseli<br><br>Inne maszyny do gi\u0119cia drutu CNC<br><br><h4>Gi\u0119tarki do drutu z pojedyncz\u0105 g\u0142owic\u0105<\/h4><br><br><p><hr class=\"no_line\" style=\"margin: 0 auto 0px auto\"\/>\n <a href=\"https:\/\/ipautomationinc.com\/pl\/gietarki-do-drutu-cnc-z-pojedyncza-glowica\/\"> <img decoding=\"async\" src=\"https:\/\/ipautomationinc.com\/wp-content\/uploads\/2023\/02\/i8-S-RGB-1.png\" alt=\"is CNC Drut By\u0142y\"> <\/a> <hr class=\"no_line\" style=\"margin: 0 auto 0px auto\"\/>\n <a class=\"mfn-link mfn-link-1\" href=\"\" style=\"\" data-hover=\"\"   ><span data-hover=\"\"><\/span><\/a><\/p><br>bez powt\u00f3rze\u0144;lewy g\u00f3rny;;<br>automatyczny<br><br><h4>Gi\u0119tarki do drutu z podw\u00f3jn\u0105 g\u0142owic\u0105<\/h4><br><br><p><hr class=\"no_line\" style=\"margin: 0 auto 0px auto\"\/>\n <a href=\"https:\/\/ipautomationinc.com\/pl\/gietarki-do-drutu-cnc-dwuglowicowe\/\"> <img decoding=\"async\" src=\"https:\/\/ipautomationinc.com\/wp-content\/uploads\/2024\/07\/i8-D-double-head-1.png\" alt=\"\"> <\/a> <hr class=\"no_line\" style=\"margin: 0 auto 0px auto\"\/>\n <a class=\"mfn-link mfn-link-1\" href=\"\" style=\"\" data-hover=\"\"   ><span data-hover=\"\"><\/span><\/a><\/p><br>bez powt\u00f3rze\u0144;lewy g\u00f3rny;;<br>automatyczny<br><br><h4>Gi\u0119tarki do drutu 2D<\/h4><br><br><p><hr class=\"no_line\" style=\"margin: 0 auto 0px auto\"\/>\n <a href=\"https:\/\/ipautomationinc.com\/pl\/seria-2d\/\"> <img decoding=\"async\" src=\"https:\/\/ipautomationinc.com\/wp-content\/uploads\/2026\/02\/i10-S-2D-2D-CNC-Wire-Bending-Machine-With-Automated-Welder.png\" alt=\"Gi\u0119tarka do drutu CNC 2D\"> <\/a> <hr class=\"no_line\" style=\"margin: 0 auto 0px auto\"\/>\n <a class=\"mfn-link mfn-link-1\" href=\"\" style=\"\" data-hover=\"\"   ><span data-hover=\"\"><\/span><\/a><\/p><br>bez powt\u00f3rze\u0144;lewy g\u00f3rny;;<br>automatyczny<br><br><\/p>","protected":false},"excerpt":{"rendered":"<p>The P series Single Piece CNC wire bender is designed to make easy work of your challenging parts and part<span class=\"excerpt-hellip\"> [\u2026]<\/span><\/p>\n","protected":false},"author":3,"featured_media":0,"parent":0,"menu_order":0,"comment_status":"closed","ping_status":"closed","template":"","meta":{"footnotes":""},"class_list":["post-35632","page","type-page","status-publish","hentry"],"yoast_head":"<!-- This site is optimized with the Yoast SEO plugin v27.4 - https:\/\/yoast.com\/product\/yoast-seo-wordpress\/ -->\n<title>P Series Single Piece CNC Wire Bender | IP Automation Inc<\/title>\n<meta name=\"description\" content=\"The P series single piece CNC wire bender is designed to make easy work of your challenging parts and part mixes that require versatility and flexibility.\" \/>\n<meta name=\"robots\" content=\"index, follow, max-snippet:-1, max-image-preview:large, max-video-preview:-1\" \/>\n<link rel=\"canonical\" href=\"https:\/\/ipautomationinc.com\/pl\/seria-ip\/\" \/>\n<meta property=\"og:locale\" content=\"pl_PL\" \/>\n<meta property=\"og:type\" content=\"article\" \/>\n<meta property=\"og:title\" content=\"P Series Single Piece CNC Wire Bender | IP Automation Inc\" \/>\n<meta property=\"og:description\" content=\"The P series single piece CNC wire bender is designed to make easy work of your challenging parts and part mixes that require versatility and flexibility.\" \/>\n<meta property=\"og:url\" content=\"https:\/\/ipautomationinc.com\/pl\/seria-ip\/\" \/>\n<meta property=\"og:site_name\" content=\"IP Automation Inc\" \/>\n<meta property=\"article:publisher\" content=\"https:\/\/www.facebook.com\/ipautomationinc\/\" \/>\n<meta property=\"article:modified_time\" content=\"2026-04-06T15:20:12+00:00\" \/>\n<meta property=\"og:image\" content=\"https:\/\/ipautomationinc.com\/wp-content\/uploads\/2023\/02\/i8-S-RGB-1.png\" \/>\n<script type=\"application\/ld+json\" class=\"yoast-schema-graph\">{\"@context\":\"https:\\\/\\\/schema.org\",\"@graph\":[{\"@type\":\"WebPage\",\"@id\":\"https:\\\/\\\/ipautomationinc.com\\\/i-p-series\\\/\",\"url\":\"https:\\\/\\\/ipautomationinc.com\\\/i-p-series\\\/\",\"name\":\"P Series Single Piece CNC Wire Bender | IP Automation Inc\",\"isPartOf\":{\"@id\":\"https:\\\/\\\/ipautomationinc.com\\\/#website\"},\"primaryImageOfPage\":{\"@id\":\"https:\\\/\\\/ipautomationinc.com\\\/i-p-series\\\/#primaryimage\"},\"image\":{\"@id\":\"https:\\\/\\\/ipautomationinc.com\\\/i-p-series\\\/#primaryimage\"},\"thumbnailUrl\":\"https:\\\/\\\/ipautomationinc.com\\\/wp-content\\\/uploads\\\/2023\\\/02\\\/i8-S-RGB-1.png\",\"datePublished\":\"2024-06-18T19:23:37+00:00\",\"dateModified\":\"2026-04-06T15:20:12+00:00\",\"description\":\"The P series single piece CNC wire bender is designed to make easy work of your challenging parts and part mixes that require versatility and flexibility.\",\"inLanguage\":\"pl-PL\",\"potentialAction\":[{\"@type\":\"ReadAction\",\"target\":[\"https:\\\/\\\/ipautomationinc.com\\\/i-p-series\\\/\"]}]},{\"@type\":\"ImageObject\",\"inLanguage\":\"pl-PL\",\"@id\":\"https:\\\/\\\/ipautomationinc.com\\\/i-p-series\\\/#primaryimage\",\"url\":\"https:\\\/\\\/ipautomationinc.com\\\/wp-content\\\/uploads\\\/2023\\\/02\\\/i8-S-RGB-1.png\",\"contentUrl\":\"https:\\\/\\\/ipautomationinc.com\\\/wp-content\\\/uploads\\\/2023\\\/02\\\/i8-S-RGB-1.png\"},{\"@type\":\"WebSite\",\"@id\":\"https:\\\/\\\/ipautomationinc.com\\\/#website\",\"url\":\"https:\\\/\\\/ipautomationinc.com\\\/\",\"name\":\"IP Automation Inc\",\"description\":\"Concept... Creation... Reality...\",\"publisher\":{\"@id\":\"https:\\\/\\\/ipautomationinc.com\\\/#organization\"},\"potentialAction\":[{\"@type\":\"SearchAction\",\"target\":{\"@type\":\"EntryPoint\",\"urlTemplate\":\"https:\\\/\\\/ipautomationinc.com\\\/?s={search_term_string}\"},\"query-input\":{\"@type\":\"PropertyValueSpecification\",\"valueRequired\":true,\"valueName\":\"search_term_string\"}}],\"inLanguage\":\"pl-PL\"},{\"@type\":\"Organization\",\"@id\":\"https:\\\/\\\/ipautomationinc.com\\\/#organization\",\"name\":\"IP Automation Inc\",\"url\":\"https:\\\/\\\/ipautomationinc.com\\\/\",\"logo\":{\"@type\":\"ImageObject\",\"inLanguage\":\"pl-PL\",\"@id\":\"https:\\\/\\\/ipautomationinc.com\\\/#\\\/schema\\\/logo\\\/image\\\/\",\"url\":\"https:\\\/\\\/ipautomationinc.com\\\/wp-content\\\/uploads\\\/2022\\\/05\\\/IPA-Favicon.png\",\"contentUrl\":\"https:\\\/\\\/ipautomationinc.com\\\/wp-content\\\/uploads\\\/2022\\\/05\\\/IPA-Favicon.png\",\"width\":513,\"height\":513,\"caption\":\"IP Automation Inc\"},\"image\":{\"@id\":\"https:\\\/\\\/ipautomationinc.com\\\/#\\\/schema\\\/logo\\\/image\\\/\"},\"sameAs\":[\"https:\\\/\\\/www.facebook.com\\\/ipautomationinc\\\/\",\"https:\\\/\\\/www.linkedin.com\\\/company\\\/ip-automation-inc\\\/\",\"https:\\\/\\\/www.youtube.com\\\/@IPAutomation\"]}]}<\/script>\n<!-- \/ Yoast SEO plugin. -->","yoast_head_json":{"title":"Gi\u0119tarka do drutu CNC serii P, jednocz\u0119\u015bciowa | IP Automation Inc","description":"Gi\u0119tarka do drutu CNC serii P do pojedynczych element\u00f3w zosta\u0142a zaprojektowana tak, aby u\u0142atwi\u0107 obr\u00f3bk\u0119 skomplikowanych cz\u0119\u015bci i kombinacji cz\u0119\u015bci wymagaj\u0105cych wszechstronno\u015bci i elastyczno\u015bci.","robots":{"index":"index","follow":"follow","max-snippet":"max-snippet:-1","max-image-preview":"max-image-preview:large","max-video-preview":"max-video-preview:-1"},"canonical":"https:\/\/ipautomationinc.com\/pl\/seria-ip\/","og_locale":"pl_PL","og_type":"article","og_title":"P Series Single Piece CNC Wire Bender | IP Automation Inc","og_description":"The P series single piece CNC wire bender is designed to make easy work of your challenging parts and part mixes that require versatility and flexibility.","og_url":"https:\/\/ipautomationinc.com\/pl\/seria-ip\/","og_site_name":"IP Automation Inc","article_publisher":"https:\/\/www.facebook.com\/ipautomationinc\/","article_modified_time":"2026-04-06T15:20:12+00:00","og_image":[{"url":"https:\/\/ipautomationinc.com\/wp-content\/uploads\/2023\/02\/i8-S-RGB-1.png","type":"","width":"","height":""}],"schema":{"@context":"https:\/\/schema.org","@graph":[{"@type":"WebPage","@id":"https:\/\/ipautomationinc.com\/i-p-series\/","url":"https:\/\/ipautomationinc.com\/i-p-series\/","name":"Gi\u0119tarka do drutu CNC serii P, jednocz\u0119\u015bciowa | IP Automation Inc","isPartOf":{"@id":"https:\/\/ipautomationinc.com\/#website"},"primaryImageOfPage":{"@id":"https:\/\/ipautomationinc.com\/i-p-series\/#primaryimage"},"image":{"@id":"https:\/\/ipautomationinc.com\/i-p-series\/#primaryimage"},"thumbnailUrl":"https:\/\/ipautomationinc.com\/wp-content\/uploads\/2023\/02\/i8-S-RGB-1.png","datePublished":"2024-06-18T19:23:37+00:00","dateModified":"2026-04-06T15:20:12+00:00","description":"Gi\u0119tarka do drutu CNC serii P do pojedynczych element\u00f3w zosta\u0142a zaprojektowana tak, aby u\u0142atwi\u0107 obr\u00f3bk\u0119 skomplikowanych cz\u0119\u015bci i kombinacji cz\u0119\u015bci wymagaj\u0105cych wszechstronno\u015bci i elastyczno\u015bci.","inLanguage":"pl-PL","potentialAction":[{"@type":"ReadAction","target":["https:\/\/ipautomationinc.com\/i-p-series\/"]}]},{"@type":"ImageObject","inLanguage":"pl-PL","@id":"https:\/\/ipautomationinc.com\/i-p-series\/#primaryimage","url":"https:\/\/ipautomationinc.com\/wp-content\/uploads\/2023\/02\/i8-S-RGB-1.png","contentUrl":"https:\/\/ipautomationinc.com\/wp-content\/uploads\/2023\/02\/i8-S-RGB-1.png"},{"@type":"WebSite","@id":"https:\/\/ipautomationinc.com\/#website","url":"https:\/\/ipautomationinc.com\/","name":"Firma IP Automation Inc","description":"Koncepcja... Kreacja... Rzeczywisto\u015b\u0107...","publisher":{"@id":"https:\/\/ipautomationinc.com\/#organization"},"potentialAction":[{"@type":"SearchAction","target":{"@type":"EntryPoint","urlTemplate":"https:\/\/ipautomationinc.com\/?s={search_term_string}"},"query-input":{"@type":"PropertyValueSpecification","valueRequired":true,"valueName":"search_term_string"}}],"inLanguage":"pl-PL"},{"@type":"Organization","@id":"https:\/\/ipautomationinc.com\/#organization","name":"Firma IP Automation Inc","url":"https:\/\/ipautomationinc.com\/","logo":{"@type":"ImageObject","inLanguage":"pl-PL","@id":"https:\/\/ipautomationinc.com\/#\/schema\/logo\/image\/","url":"https:\/\/ipautomationinc.com\/wp-content\/uploads\/2022\/05\/IPA-Favicon.png","contentUrl":"https:\/\/ipautomationinc.com\/wp-content\/uploads\/2022\/05\/IPA-Favicon.png","width":513,"height":513,"caption":"IP Automation Inc"},"image":{"@id":"https:\/\/ipautomationinc.com\/#\/schema\/logo\/image\/"},"sameAs":["https:\/\/www.facebook.com\/ipautomationinc\/","https:\/\/www.linkedin.com\/company\/ip-automation-inc\/","https:\/\/www.youtube.com\/@IPAutomation"]}]}},"_links":{"self":[{"href":"https:\/\/ipautomationinc.com\/pl\/wp-json\/wp\/v2\/pages\/35632","targetHints":{"allow":["GET"]}}],"collection":[{"href":"https:\/\/ipautomationinc.com\/pl\/wp-json\/wp\/v2\/pages"}],"about":[{"href":"https:\/\/ipautomationinc.com\/pl\/wp-json\/wp\/v2\/types\/page"}],"author":[{"embeddable":true,"href":"https:\/\/ipautomationinc.com\/pl\/wp-json\/wp\/v2\/users\/3"}],"replies":[{"embeddable":true,"href":"https:\/\/ipautomationinc.com\/pl\/wp-json\/wp\/v2\/comments?post=35632"}],"version-history":[{"count":9,"href":"https:\/\/ipautomationinc.com\/pl\/wp-json\/wp\/v2\/pages\/35632\/revisions"}],"predecessor-version":[{"id":39657,"href":"https:\/\/ipautomationinc.com\/pl\/wp-json\/wp\/v2\/pages\/35632\/revisions\/39657"}],"wp:attachment":[{"href":"https:\/\/ipautomationinc.com\/pl\/wp-json\/wp\/v2\/media?parent=35632"}],"curies":[{"name":"wp","href":"https:\/\/api.w.org\/{rel}","templated":true}]}}