{"id":32686,"date":"2026-02-10T16:33:39","date_gmt":"2026-02-10T22:33:39","guid":{"rendered":"https:\/\/ipautomationinc.com\/?page_id=32686"},"modified":"2026-02-17T14:05:01","modified_gmt":"2026-02-17T20:05:01","slug":"kariery","status":"publish","type":"page","link":"https:\/\/ipautomationinc.com\/pl\/careers\/","title":{"rendered":"Kariera"},"content":{"rendered":"<p>IP Automation Inc is an industry leader in CNC wire bending machinery. We design and manufacture precision equipment used by manufacturers across a range of industries. Our work is driven by quality, reliability, and attention to detail. We\u2019re looking for individuals who take pride in their work and want to contribute to a well-run, growing company. Below you\u2019ll find our current open positions and links to apply.<\/p>\n\n\n\n<p><span class=\"builder2seo\"><\/span>Kariera<br><br><p><span>IP Automation Inc. jest liderem bran\u017cy w dziedzinie maszyn do gi\u0119cia drutu CNC. Projektujemy i produkujemy precyzyjne urz\u0105dzenia wykorzystywane przez producent\u00f3w z r\u00f3\u017cnych bran\u017c. W naszej pracy stawiamy na jako\u015b\u0107, niezawodno\u015b\u0107 i dba\u0142o\u015b\u0107 o szczeg\u00f3\u0142y. Poszukujemy os\u00f3b, kt\u00f3re s\u0105 dumne ze swojej pracy i chc\u0105 przyczynia\u0107 si\u0119 do rozwoju dobrze prosperuj\u0105cej, rozwijaj\u0105cej si\u0119 firmy.<\/span><\/p><br><br><p><span>Poni\u017cej znajdziesz nasze aktualne oferty pracy i linki do aplikowania.<\/span><\/p><br><br>Technik in\u017cynierii<br><br><br><p>Odpowiedzialny za opracowywanie i testowanie rozwi\u0105za\u0144 problem\u00f3w technicznych w badaniach i rozwoju zautomatyzowanych gi\u0119tarek i robotycznych system\u00f3w monta\u017cowych. Wspiera in\u017cynier\u00f3w, kontroluje produkty, przeprowadza testy i weryfikuje zgodno\u015b\u0107 sprz\u0119tu ze specyfikacjami.<\/p><br><br>Podstawowe obowi\u0105zki<br>Do\u015bwiadczenie<br>Edukacja<br><br><br>Tworzenie rozwi\u0105za\u0144 z\u0142o\u017conych problem\u00f3w technicznych w r\u00f3\u017cnych bran\u017cach<br><br>Wspieranie in\u017cynier\u00f3w i zespo\u0142u sprzeda\u017cy w tworzeniu, modyfikowaniu i proponowaniu produkt\u00f3w i proces\u00f3w.<br><br>Pomaganie klientom w szkoleniu i udzielaniu wsparcia technicznego<br><br>Pomoc w projektowaniu, rozwoju i produkcji produktu<br><br>Zbuduj i skonfiguruj sprz\u0119t<br><br>Programowanie i pomoc w nadzorowaniu budowy maszyn CNC do formowania drutu i urz\u0105dze\u0144 robotycznych<br><br>Potrafi korzysta\u0107 ze sprz\u0119tu do projektowania i kre\u015blenia wspomaganego komputerowo w fazie projektowania lub w celu weryfikacji projekt\u00f3w<br><br>Testowanie i produkcja urz\u0105dze\u0144 elektrycznych i elektronicznych, takich jak panele elektryczne, zespo\u0142y kabli wielo\u017cy\u0142owych i komputery<br><br>Produkcja i testowanie elektronicznych i sterowanych komputerowo system\u00f3w mechanicznych<br><br>Opracowywanie metod stosowanych w zapobieganiu zagro\u017ceniom dla \u015brodowiska, ich kontroli lub naprawianiu<br><br>Programowanie system\u00f3w robotycznych<br><br>Do 30% podr\u00f3\u017cy<br><br><br><br><br>Co najmniej 2 lata do\u015bwiadczenia w automatycznych systemach mechanicznych lub elektronicznych. Do\u015bwiadczenie w bran\u017cy motoryzacyjnej r\u00f3wnie\u017c brane pod uwag\u0119.<br><br>Do\u015bwiadczenie w obs\u0142udze CNC b\u0119dzie dodatkowym atutem<br><br><br><br><br>Wykszta\u0142cenie wy\u017csze w zakresie in\u017cynierii mechanicznej lub praktyczne do\u015bwiadczenie w budowie i rozwi\u0105zywaniu problem\u00f3w zautomatyzowanych maszyn<br><br><br>unordered<br>enable<br>fas fa-plus<br>fas fa-minus<br>rotate<br>12px<br><br>Zobacz pe\u0142n\u0105 ofert\u0119 i aplikuj<br><a href=\"https:\/\/www.indeed.com\/viewjob?jk=08578505451981bb&amp;from=shareddesktop_copy\">https:\/\/www.indeed.com\/viewjob?jk=08578505451981bb&amp;from=shareddesktop_copy<\/a><br>motyw_przycisku<br><br>Operator CNC \/ Programista 1. zmiana<br><br><br><p>B\u0119dziesz cz\u0119\u015bci\u0105 zespo\u0142u odpowiedzialnego za utrzymanie ci\u0105g\u0142o\u015bci produkcji \u2014 b\u0119dziesz pracowa\u0107 przy maszynach, wsp\u00f3\u0142pracowa\u0107 z cz\u0142onkami zespo\u0142u i dba\u0107 o to, aby ka\u017cda gotowa cz\u0119\u015b\u0107 spe\u0142nia\u0142a nasze oczekiwania jako\u015bciowe.<\/p><br><br>Podstawowe obowi\u0105zki<br>Do\u015bwiadczenie<br>Edukacja<br><br><br>Programowanie i konfiguracja maszyn CNC do produkcji o du\u017cej r\u00f3\u017cnorodno\u015bci i ma\u0142ych wolumenach oraz monitorowanie jako\u015bci w trakcie pracy.<br><br>\u0141aduj surowce i komponenty do maszyn CNC z dba\u0142o\u015bci\u0105 i dba\u0142o\u015bci\u0105 o szczeg\u00f3\u0142y<br><br>W razie potrzeby dokonuj korekt, aby zachowa\u0107 zgodno\u015b\u0107 cz\u0119\u015bci ze specyfikacj\u0105 i utrzyma\u0107 sta\u0142\u0105 jako\u015b\u0107<br><br>Obs\u0142uga maszyn r\u0119cznych, takich jak frezarki, tokarki, szlifierki do powierzchni i pi\u0142y ta\u015bmowe, w celu obr\u00f3bki precyzyjnych cz\u0119\u015bci<br><br>Wsp\u00f3\u0142pracuj z zespo\u0142em in\u017cynier\u00f3w w celu udoskonalania projekt\u00f3w cz\u0119\u015bci i optymalizacji mo\u017cliwo\u015bci produkcyjnych<br><br>Kontrola i pomiar gotowych cz\u0119\u015bci w celu upewnienia si\u0119, \u017ce spe\u0142niaj\u0105 one wymagania projektu<br><br>Wykonuj codzienne kontrole i konserwacj\u0119 maszyn, aby zapewni\u0107 ich p\u0142ynn\u0105 prac\u0119<br><br>Przestrzegaj wszystkich procedur bezpiecze\u0144stwa i dbaj o czyste, zorganizowane i bezpieczne \u015brodowisko pracy.<br><br><br><br><br>Udowodnione do\u015bwiadczenie jako operator obrabiarki CNC<br><br>Umiej\u0119tno\u015b\u0107 programowania i ustawiania maszyn CNC, narz\u0119dzi i precyzyjnych przyrz\u0105d\u00f3w pomiarowych<br><br>Comfortable reading and interpreting mechanical drawings and documentation, including GD&amp;T<br><br>Zdolno\u015bci mechaniczne i dobre umiej\u0119tno\u015bci matematyczne<br><br>Programowanie CAM: 5 lat (preferowane)<br><br><br><br><br>Wymagane jest \u015bwiadectwo uko\u0144czenia szko\u0142y \u015bredniej lub jego ekwiwalent; certyfikat techniczny lub dyplom w pokrewnej dziedzinie b\u0119dzie dodatkowym atutem<br><br><br>unordered<br>enable<br>fas fa-plus<br>fas fa-minus<br>rotate<br>12px<br><br>Zobacz pe\u0142n\u0105 ofert\u0119 i aplikuj<br><a href=\"https:\/\/www.indeed.com\/viewjob?jk=06e8e30a921ced7e&amp;from=shareddesktop_copy\">https:\/\/www.indeed.com\/viewjob?jk=06e8e30a921ced7e&amp;from=shareddesktop_copy<\/a><br>motyw_przycisku<br><br>Technik in\u017cynierii<br><br><br><p>Odpowiedzialny za opracowywanie i testowanie rozwi\u0105za\u0144 problem\u00f3w technicznych w badaniach i rozwoju zautomatyzowanych gi\u0119tarek i robotycznych system\u00f3w monta\u017cowych. Wspiera in\u017cynier\u00f3w, kontroluje produkty, przeprowadza testy i weryfikuje zgodno\u015b\u0107 sprz\u0119tu ze specyfikacjami.<\/p><br><br>Podstawowe obowi\u0105zki<br>Do\u015bwiadczenie<br>Edukacja<br><br><br>Tworzenie rozwi\u0105za\u0144 z\u0142o\u017conych problem\u00f3w technicznych w r\u00f3\u017cnych bran\u017cach<br><br>Wspieranie in\u017cynier\u00f3w i zespo\u0142u sprzeda\u017cy w tworzeniu, modyfikowaniu i proponowaniu produkt\u00f3w i proces\u00f3w.<br><br>Pomaganie klientom w szkoleniu i udzielaniu wsparcia technicznego<br><br>Pomoc w projektowaniu, rozwoju i produkcji produktu<br><br>Zbuduj i skonfiguruj sprz\u0119t<br><br>Programowanie i pomoc w nadzorowaniu budowy maszyn CNC do formowania drutu i urz\u0105dze\u0144 robotycznych<br><br>Potrafi korzysta\u0107 ze sprz\u0119tu do projektowania i kre\u015blenia wspomaganego komputerowo w fazie projektowania lub w celu weryfikacji projekt\u00f3w<br><br>Testowanie i produkcja urz\u0105dze\u0144 elektrycznych i elektronicznych, takich jak panele elektryczne, zespo\u0142y kabli wielo\u017cy\u0142owych i komputery<br><br>Produkcja i testowanie elektronicznych i sterowanych komputerowo system\u00f3w mechanicznych<br><br>Opracowywanie metod stosowanych w zapobieganiu zagro\u017ceniom dla \u015brodowiska, ich kontroli lub naprawianiu<br><br>Up to 10% travel<br><br><br><br><br>Co najmniej 2 lata do\u015bwiadczenia w automatycznych systemach mechanicznych lub elektronicznych. Do\u015bwiadczenie w bran\u017cy motoryzacyjnej r\u00f3wnie\u017c brane pod uwag\u0119.<br><br>Do\u015bwiadczenie w obs\u0142udze CNC b\u0119dzie dodatkowym atutem<br><br><br><br><br>Associates Degree in Mechanical Engineering or hands on experience in building and troubleshooting automated machinery : 2 Years<br><br><br>unordered<br>enable<br>fas fa-plus<br>fas fa-minus<br>rotate<br><br>Apply Here<br><a href=\"https:\/\/www.linkedin.com\/jobs\/view\/3984475847\/\">https:\/\/www.linkedin.com\/jobs\/view\/3984475847\/<\/a><br>motyw_przycisku<br><br>Operator CNC \/ Programista 1. zmiana<br><br><br><p>B\u0119dziesz cz\u0119\u015bci\u0105 zespo\u0142u odpowiedzialnego za utrzymanie ci\u0105g\u0142o\u015bci produkcji \u2014 b\u0119dziesz pracowa\u0107 przy maszynach, wsp\u00f3\u0142pracowa\u0107 z cz\u0142onkami zespo\u0142u i dba\u0107 o to, aby ka\u017cda gotowa cz\u0119\u015b\u0107 spe\u0142nia\u0142a nasze oczekiwania jako\u015bciowe.<\/p><br><br>Podstawowe obowi\u0105zki<br>Do\u015bwiadczenie<br>Edukacja<br><br><br>Tworzenie rozwi\u0105za\u0144 z\u0142o\u017conych problem\u00f3w technicznych w r\u00f3\u017cnych bran\u017cach<br><br>Wspieranie in\u017cynier\u00f3w i zespo\u0142u sprzeda\u017cy w tworzeniu, modyfikowaniu i proponowaniu produkt\u00f3w i proces\u00f3w.<br><br>Pomaganie klientom w szkoleniu i udzielaniu wsparcia technicznego<br><br>Pomoc w projektowaniu, rozwoju i produkcji produktu<br><br>Zbuduj i skonfiguruj sprz\u0119t<br><br>Programowanie i pomoc w nadzorowaniu budowy maszyn CNC do formowania drutu i urz\u0105dze\u0144 robotycznych<br><br>Potrafi korzysta\u0107 ze sprz\u0119tu do projektowania i kre\u015blenia wspomaganego komputerowo w fazie projektowania lub w celu weryfikacji projekt\u00f3w<br><br>Testowanie i produkcja urz\u0105dze\u0144 elektrycznych i elektronicznych, takich jak panele elektryczne, zespo\u0142y kabli wielo\u017cy\u0142owych i komputery<br><br>Produkcja i testowanie elektronicznych i sterowanych komputerowo system\u00f3w mechanicznych<br><br>Opracowywanie metod stosowanych w zapobieganiu zagro\u017ceniom dla \u015brodowiska, ich kontroli lub naprawianiu<br><br>Up to 10% travel<br><br><br><br><br>Co najmniej 2 lata do\u015bwiadczenia w automatycznych systemach mechanicznych lub elektronicznych. Do\u015bwiadczenie w bran\u017cy motoryzacyjnej r\u00f3wnie\u017c brane pod uwag\u0119.<br><br>CNC experience is required<br><br><br><br><br>Wykszta\u0142cenie wy\u017csze w zakresie in\u017cynierii mechanicznej lub praktyczne do\u015bwiadczenie w budowie i rozwi\u0105zywaniu problem\u00f3w zautomatyzowanych maszyn<br><br><br>unordered<br>enable<br>fas fa-plus<br>fas fa-minus<br>rotate<br><br>Apply Here<br><a href=\"https:\/\/www.linkedin.com\/jobs\/view\/3984475847\/\">https:\/\/www.linkedin.com\/jobs\/view\/3984475847\/<\/a><br>motyw_przycisku<br><br><\/p>","protected":false},"excerpt":{"rendered":"<p>IP Automation Inc is an industry leader in CNC wire bending machinery. We design and manufacture precision equipment used by<span class=\"excerpt-hellip\"> [\u2026]<\/span><\/p>\n","protected":false},"author":3,"featured_media":0,"parent":0,"menu_order":0,"comment_status":"closed","ping_status":"closed","template":"","meta":{"footnotes":""},"class_list":["post-32686","page","type-page","status-publish","hentry"],"yoast_head":"<!-- This site is optimized with the Yoast SEO plugin v27.3 - https:\/\/yoast.com\/product\/yoast-seo-wordpress\/ -->\n<title>Careers | IP Automation Inc<\/title>\n<meta name=\"description\" content=\"IP Automation Inc is looking for individuals who take pride in their work and want to contribute to a well-run, growing company. Explore open positions.\" \/>\n<meta name=\"robots\" content=\"index, follow, max-snippet:-1, max-image-preview:large, max-video-preview:-1\" \/>\n<link rel=\"canonical\" href=\"https:\/\/ipautomationinc.com\/pl\/kariery\/\" \/>\n<meta property=\"og:locale\" content=\"pl_PL\" \/>\n<meta property=\"og:type\" content=\"article\" \/>\n<meta property=\"og:title\" content=\"Careers | IP Automation Inc\" \/>\n<meta property=\"og:description\" content=\"IP Automation Inc is looking for individuals who take pride in their work and want to contribute to a well-run, growing company. Explore open positions.\" \/>\n<meta property=\"og:url\" content=\"https:\/\/ipautomationinc.com\/pl\/kariery\/\" \/>\n<meta property=\"og:site_name\" content=\"IP Automation Inc\" \/>\n<meta property=\"article:publisher\" content=\"https:\/\/www.facebook.com\/ipautomationinc\/\" \/>\n<meta property=\"article:modified_time\" content=\"2026-02-17T20:05:01+00:00\" \/>\n<script type=\"application\/ld+json\" class=\"yoast-schema-graph\">{\"@context\":\"https:\\\/\\\/schema.org\",\"@graph\":[{\"@type\":\"WebPage\",\"@id\":\"https:\\\/\\\/ipautomationinc.com\\\/careers\\\/\",\"url\":\"https:\\\/\\\/ipautomationinc.com\\\/careers\\\/\",\"name\":\"Careers | IP Automation Inc\",\"isPartOf\":{\"@id\":\"https:\\\/\\\/ipautomationinc.com\\\/#website\"},\"datePublished\":\"2026-02-10T22:33:39+00:00\",\"dateModified\":\"2026-02-17T20:05:01+00:00\",\"description\":\"IP Automation Inc is looking for individuals who take pride in their work and want to contribute to a well-run, growing company. Explore open positions.\",\"inLanguage\":\"pl-PL\",\"potentialAction\":[{\"@type\":\"ReadAction\",\"target\":[\"https:\\\/\\\/ipautomationinc.com\\\/careers\\\/\"]}]},{\"@type\":\"WebSite\",\"@id\":\"https:\\\/\\\/ipautomationinc.com\\\/#website\",\"url\":\"https:\\\/\\\/ipautomationinc.com\\\/\",\"name\":\"IP Automation Inc\",\"description\":\"Concept... Creation... Reality...\",\"publisher\":{\"@id\":\"https:\\\/\\\/ipautomationinc.com\\\/#organization\"},\"potentialAction\":[{\"@type\":\"SearchAction\",\"target\":{\"@type\":\"EntryPoint\",\"urlTemplate\":\"https:\\\/\\\/ipautomationinc.com\\\/?s={search_term_string}\"},\"query-input\":{\"@type\":\"PropertyValueSpecification\",\"valueRequired\":true,\"valueName\":\"search_term_string\"}}],\"inLanguage\":\"pl-PL\"},{\"@type\":\"Organization\",\"@id\":\"https:\\\/\\\/ipautomationinc.com\\\/#organization\",\"name\":\"IP Automation Inc\",\"url\":\"https:\\\/\\\/ipautomationinc.com\\\/\",\"logo\":{\"@type\":\"ImageObject\",\"inLanguage\":\"pl-PL\",\"@id\":\"https:\\\/\\\/ipautomationinc.com\\\/#\\\/schema\\\/logo\\\/image\\\/\",\"url\":\"https:\\\/\\\/ipautomationinc.com\\\/wp-content\\\/uploads\\\/2022\\\/05\\\/IPA-Favicon.png\",\"contentUrl\":\"https:\\\/\\\/ipautomationinc.com\\\/wp-content\\\/uploads\\\/2022\\\/05\\\/IPA-Favicon.png\",\"width\":513,\"height\":513,\"caption\":\"IP Automation Inc\"},\"image\":{\"@id\":\"https:\\\/\\\/ipautomationinc.com\\\/#\\\/schema\\\/logo\\\/image\\\/\"},\"sameAs\":[\"https:\\\/\\\/www.facebook.com\\\/ipautomationinc\\\/\",\"https:\\\/\\\/www.linkedin.com\\\/company\\\/ip-automation-inc\\\/\",\"https:\\\/\\\/www.youtube.com\\\/@IPAutomation\"]}]}<\/script>\n<!-- \/ Yoast SEO plugin. -->","yoast_head_json":{"title":"Kariera | IP Automation Inc.","description":"Firma IP Automation Inc. poszukuje os\u00f3b, kt\u00f3re s\u0105 dumne ze swojej pracy i chc\u0105 przyczynia\u0107 si\u0119 do rozwoju dobrze prosperuj\u0105cej, rozwijaj\u0105cej si\u0119 firmy. Zapoznaj si\u0119 z ofertami pracy.","robots":{"index":"index","follow":"follow","max-snippet":"max-snippet:-1","max-image-preview":"max-image-preview:large","max-video-preview":"max-video-preview:-1"},"canonical":"https:\/\/ipautomationinc.com\/pl\/kariery\/","og_locale":"pl_PL","og_type":"article","og_title":"Careers | IP Automation Inc","og_description":"IP Automation Inc is looking for individuals who take pride in their work and want to contribute to a well-run, growing company. Explore open positions.","og_url":"https:\/\/ipautomationinc.com\/pl\/kariery\/","og_site_name":"IP Automation Inc","article_publisher":"https:\/\/www.facebook.com\/ipautomationinc\/","article_modified_time":"2026-02-17T20:05:01+00:00","schema":{"@context":"https:\/\/schema.org","@graph":[{"@type":"WebPage","@id":"https:\/\/ipautomationinc.com\/careers\/","url":"https:\/\/ipautomationinc.com\/careers\/","name":"Kariera | IP Automation Inc.","isPartOf":{"@id":"https:\/\/ipautomationinc.com\/#website"},"datePublished":"2026-02-10T22:33:39+00:00","dateModified":"2026-02-17T20:05:01+00:00","description":"Firma IP Automation Inc. poszukuje os\u00f3b, kt\u00f3re s\u0105 dumne ze swojej pracy i chc\u0105 przyczynia\u0107 si\u0119 do rozwoju dobrze prosperuj\u0105cej, rozwijaj\u0105cej si\u0119 firmy. Zapoznaj si\u0119 z ofertami pracy.","inLanguage":"pl-PL","potentialAction":[{"@type":"ReadAction","target":["https:\/\/ipautomationinc.com\/careers\/"]}]},{"@type":"WebSite","@id":"https:\/\/ipautomationinc.com\/#website","url":"https:\/\/ipautomationinc.com\/","name":"Firma IP Automation Inc","description":"Koncepcja... Kreacja... Rzeczywisto\u015b\u0107...","publisher":{"@id":"https:\/\/ipautomationinc.com\/#organization"},"potentialAction":[{"@type":"SearchAction","target":{"@type":"EntryPoint","urlTemplate":"https:\/\/ipautomationinc.com\/?s={search_term_string}"},"query-input":{"@type":"PropertyValueSpecification","valueRequired":true,"valueName":"search_term_string"}}],"inLanguage":"pl-PL"},{"@type":"Organization","@id":"https:\/\/ipautomationinc.com\/#organization","name":"Firma IP Automation Inc","url":"https:\/\/ipautomationinc.com\/","logo":{"@type":"ImageObject","inLanguage":"pl-PL","@id":"https:\/\/ipautomationinc.com\/#\/schema\/logo\/image\/","url":"https:\/\/ipautomationinc.com\/wp-content\/uploads\/2022\/05\/IPA-Favicon.png","contentUrl":"https:\/\/ipautomationinc.com\/wp-content\/uploads\/2022\/05\/IPA-Favicon.png","width":513,"height":513,"caption":"IP Automation Inc"},"image":{"@id":"https:\/\/ipautomationinc.com\/#\/schema\/logo\/image\/"},"sameAs":["https:\/\/www.facebook.com\/ipautomationinc\/","https:\/\/www.linkedin.com\/company\/ip-automation-inc\/","https:\/\/www.youtube.com\/@IPAutomation"]}]}},"_links":{"self":[{"href":"https:\/\/ipautomationinc.com\/pl\/wp-json\/wp\/v2\/pages\/32686","targetHints":{"allow":["GET"]}}],"collection":[{"href":"https:\/\/ipautomationinc.com\/pl\/wp-json\/wp\/v2\/pages"}],"about":[{"href":"https:\/\/ipautomationinc.com\/pl\/wp-json\/wp\/v2\/types\/page"}],"author":[{"embeddable":true,"href":"https:\/\/ipautomationinc.com\/pl\/wp-json\/wp\/v2\/users\/3"}],"replies":[{"embeddable":true,"href":"https:\/\/ipautomationinc.com\/pl\/wp-json\/wp\/v2\/comments?post=32686"}],"version-history":[{"count":6,"href":"https:\/\/ipautomationinc.com\/pl\/wp-json\/wp\/v2\/pages\/32686\/revisions"}],"predecessor-version":[{"id":39420,"href":"https:\/\/ipautomationinc.com\/pl\/wp-json\/wp\/v2\/pages\/32686\/revisions\/39420"}],"wp:attachment":[{"href":"https:\/\/ipautomationinc.com\/pl\/wp-json\/wp\/v2\/media?parent=32686"}],"curies":[{"name":"wp","href":"https:\/\/api.w.org\/{rel}","templated":true}]}}