{"id":1342,"date":"2022-07-07T13:16:55","date_gmt":"2022-07-07T18:16:55","guid":{"rendered":"https:\/\/ipautomationinc.com\/?page_id=1342"},"modified":"2026-04-01T13:58:47","modified_gmt":"2026-04-01T18:58:47","slug":"gietarki-do-drutu-cnc-z-pojedyncza-glowica","status":"publish","type":"page","link":"https:\/\/ipautomationinc.com\/pl\/single-head-cnc-wire-benders\/","title":{"rendered":"Gi\u0119tarki do drutu CNC z pojedyncz\u0105 g\u0142owic\u0105"},"content":{"rendered":"<h6 class=\"wp-block-heading\"><strong>Explore our range of single head CNC wire benders. I-SC series companct single head CNC wire bender, 2-8mm wire diameter. I-S series single head CNC wire bender, 2-20mm wire diameter. I-S\u00b2 multiple bend head CNC wire bender, 2.5-16mm wire diameter. I-P series single piece cnc wire bender, 2.5-16mm wire diameter<\/strong><\/h6>\n\n\n\n<p><span class=\"builder2seo\"><\/span>Gi\u0119tarki do drutu CNC z pojedyncz\u0105 g\u0142owic\u0105<br><br>szeroki<br><br><img decoding=\"async\" src=\"https:\/\/ipautomationinc.com\/wp-content\/uploads\/2025\/09\/i8-SC-RGB.png#38241\" alt=\"i8-SC RGB\"><br><a href=\"https:\/\/ipautomationinc.com\/pl\/seria-i-sc\/\">https:\/\/ipautomationinc.com\/i-sc-series\/<\/a><br><br>Seria i-SC<br><br>Ucz si\u0119 wi\u0119cej<br><a href=\"https:\/\/ipautomationinc.com\/pl\/seria-i-sc\/\">https:\/\/ipautomationinc.com\/i-sc-series\/<\/a><br>motyw_przycisku<br><br>Kompaktowe gi\u0119tarki do drutu z pojedyncz\u0105 g\u0142owic\u0105 CNC<br><br><h5>Seria i-SC to niedrogie urz\u0105dzenia, zaprojektowane z my\u015bl\u0105 o niskich kosztach konserwacji, \u0142atwej konfiguracji i d\u0142ugoterminowej trwa\u0142o\u015bci.<\/h5><br><br><br><br>\u015arednica drutu 2\u20138 mm*<br><br>Idealny do element\u00f3w wy\u015bwietlaczy POP, urz\u0105dze\u0144, klips\u00f3w, uchwyt\u00f3w, haczyk\u00f3w, spr\u0119\u017cyn, wieszak\u00f3w, z\u0142\u0105czy, cz\u0119\u015bci koszy do szk\u00f3\u0142ek drzew.<br><br><br><br><img decoding=\"async\" src=\"https:\/\/ipautomationinc.com\/wp-content\/uploads\/2023\/02\/i8-S-RGB-1.png#11263\" alt=\"i8-S RGB\"><br><a href=\"https:\/\/ipautomationinc.com\/pl\/seria-i-s\/\">https:\/\/ipautomationinc.com\/i-s-series\/<\/a><br><br>Seria i-S<br><br>Ucz si\u0119 wi\u0119cej<br><a href=\"https:\/\/ipautomationinc.com\/pl\/seria-i-s\/\">https:\/\/ipautomationinc.com\/i-s-series\/<\/a><br>motyw_przycisku<br><br>Gi\u0119tarki do drutu CNC z pojedyncz\u0105 g\u0142owic\u0105<br><br><h5>Szeroki wyb\u00f3r opcji i przyst\u0119pna cena serii i-S sprawiaj\u0105, \u017ce jest to doskona\u0142y wyb\u00f3r zar\u00f3wno dla pocz\u0105tkuj\u0105cych, jak i zaawansowanych firm zajmuj\u0105cych si\u0119 formowaniem drutu.<\/h5><br><br><br><br>\u015arednica drutu 2\u201320 mm*<br><br>Idealny do klips\u00f3w, uchwyt\u00f3w, detalicznych element\u00f3w wy\u015bwietlaczy POP, haczyk\u00f3w, spr\u0119\u017cyn, wieszak\u00f3w, z\u0142\u0105czy, cz\u0119\u015bci urz\u0105dze\u0144, os\u0142on twarzy, uchwyt\u00f3w<br><br><br>Nag\u0142\u00f3wek + opis<br>bez powt\u00f3rze\u0144;lewy g\u00f3rny;;<br>automatyczny<br>20 pikseli<br>0 10%<br><br><img decoding=\"async\" src=\"https:\/\/ipautomationinc.com\/wp-content\/uploads\/2024\/08\/i10-S\u00b2-rgb.png#36757\" alt=\"i10-S\u00b2-rgb\"><br><a href=\"https:\/\/ipautomationinc.com\/pl\/seria-i-s-kwadrat\/\">https:\/\/ipautomationinc.com\/i-s-squared-series\/<\/a><br><br>Seria i-S\u00b2<br><br>Ucz si\u0119 wi\u0119cej<br><a href=\"https:\/\/ipautomationinc.com\/pl\/seria-i-s-kwadrat\/\">https:\/\/ipautomationinc.com\/i-s-squared-series\/<\/a><br>motyw_przycisku<br><br>Gi\u0119tarki do drutu CNC z wieloma g\u0142owicami gn\u0105cymi<br><br><h5>i-S\u00b2 posiada 2 g\u0142owice gn\u0105ce, kt\u00f3re zapewniaj\u0105 wiele opcji gi\u0119cia zar\u00f3wno w przypadku narz\u0119dzi trzpieniowych, jak i rewolwerowych.<\/h5><br><br><br><br>\u015arednica drutu 2,5\u201316 mm*<br><br>Idealny do siedze\u0144 samochodowych, sprz\u0119tu rolniczego<br><br><br>Nag\u0142\u00f3wek + opis<br>bez powt\u00f3rze\u0144;lewy g\u00f3rny;;<br>automatyczny<br>20 pikseli<br>0 10%<br><br><img decoding=\"async\" src=\"https:\/\/ipautomationinc.com\/wp-content\/uploads\/2026\/02\/i10-S\u00b2-P-Single-Piece-3D-CNC-Wire-Bender.png#39498\" alt=\"i10-S\u00b2-P Single Piece 3D CNC Wire Bender\"><br><a href=\"https:\/\/ipautomationinc.com\/pl\/seria-ip\/\">https:\/\/ipautomationinc.com\/i-p-series\/<\/a><br><br>Seria iP<br><br>Ucz si\u0119 wi\u0119cej<br><a href=\"https:\/\/ipautomationinc.com\/pl\/seria-ip\/\">https:\/\/ipautomationinc.com\/i-p-series\/<\/a><br>motyw_przycisku<br><br>Jednocz\u0119\u015bciowa gi\u0119tarka do drutu 3D CNC z wieloma g\u0142owicami do gi\u0119cia<br><br><h5>Gi\u0119tarka do drutu CNC do pojedynczych element\u00f3w iP zosta\u0142a zaprojektowana tak, aby u\u0142atwi\u0107 obr\u00f3bk\u0119 skomplikowanych cz\u0119\u015bci i kombinacji cz\u0119\u015bci wymagaj\u0105cych wszechstronno\u015bci i elastyczno\u015bci w zastosowaniach o ma\u0142ej obj\u0119to\u015bci.<\/h5><br><br><br><br>\u015arednica drutu 2,5\u201316 mm*<br><br>Idealny do wieszak\u00f3w wydechowych, cz\u0119\u015bci o du\u017cej mieszalno\u015bci i ma\u0142ej obj\u0119to\u015bci, element\u00f3w grzejnych i cz\u0119\u015bci z zamkni\u0119t\u0105 p\u0119tl\u0105 ko\u0144cow\u0105<br><br>G\u0142owice gn\u0105ce pojedyncze lub podw\u00f3jne<br><br><br>Nag\u0142\u00f3wek + opis<br>bez powt\u00f3rze\u0144;lewy g\u00f3rny;;<br>automatyczny<br>20 pikseli<br>0 10%<br><br><\/p>","protected":false},"excerpt":{"rendered":"<p>Explore our range of single head CNC wire benders. I-SC series companct single head CNC wire bender, 2-8mm wire diameter.<span class=\"excerpt-hellip\"> [\u2026]<\/span><\/p>\n","protected":false},"author":3,"featured_media":0,"parent":0,"menu_order":0,"comment_status":"closed","ping_status":"closed","template":"","meta":{"footnotes":""},"class_list":["post-1342","page","type-page","status-publish","hentry"],"yoast_head":"<!-- This site is optimized with the Yoast SEO plugin v27.4 - https:\/\/yoast.com\/product\/yoast-seo-wordpress\/ -->\n<title>Single Head CNC Wire Benders | IP Automation Inc<\/title>\n<meta name=\"description\" content=\"Explore our selection of 3D Single Head CNC Wire Benders to find the perfect one for you. Quality made in the USA machinery.\" \/>\n<meta name=\"robots\" content=\"index, follow, max-snippet:-1, max-image-preview:large, max-video-preview:-1\" \/>\n<link rel=\"canonical\" href=\"https:\/\/ipautomationinc.com\/pl\/gietarki-do-drutu-cnc-z-pojedyncza-glowica\/\" \/>\n<meta property=\"og:locale\" content=\"pl_PL\" \/>\n<meta property=\"og:type\" content=\"article\" \/>\n<meta property=\"og:title\" content=\"Single Head CNC Wire Benders | IP Automation Inc\" \/>\n<meta property=\"og:description\" content=\"Explore our selection of 3D Single Head CNC Wire Benders to find the perfect one for you. Quality made in the USA machinery.\" \/>\n<meta property=\"og:url\" content=\"https:\/\/ipautomationinc.com\/pl\/gietarki-do-drutu-cnc-z-pojedyncza-glowica\/\" \/>\n<meta property=\"og:site_name\" content=\"IP Automation Inc\" \/>\n<meta property=\"article:publisher\" content=\"https:\/\/www.facebook.com\/ipautomationinc\/\" \/>\n<meta property=\"article:modified_time\" content=\"2026-04-01T18:58:47+00:00\" \/>\n<meta property=\"og:image\" content=\"https:\/\/ipautomationinc.com\/wp-content\/uploads\/2025\/09\/i8-SC-RGB.png#38241\" \/>\n<script type=\"application\/ld+json\" class=\"yoast-schema-graph\">{\"@context\":\"https:\\\/\\\/schema.org\",\"@graph\":[{\"@type\":\"WebPage\",\"@id\":\"https:\\\/\\\/ipautomationinc.com\\\/single-head-cnc-wire-benders\\\/\",\"url\":\"https:\\\/\\\/ipautomationinc.com\\\/single-head-cnc-wire-benders\\\/\",\"name\":\"Single Head CNC Wire Benders | IP Automation Inc\",\"isPartOf\":{\"@id\":\"https:\\\/\\\/ipautomationinc.com\\\/#website\"},\"primaryImageOfPage\":{\"@id\":\"https:\\\/\\\/ipautomationinc.com\\\/single-head-cnc-wire-benders\\\/#primaryimage\"},\"image\":{\"@id\":\"https:\\\/\\\/ipautomationinc.com\\\/single-head-cnc-wire-benders\\\/#primaryimage\"},\"thumbnailUrl\":\"https:\\\/\\\/ipautomationinc.com\\\/wp-content\\\/uploads\\\/2025\\\/09\\\/i8-SC-RGB.png#38241\",\"datePublished\":\"2022-07-07T18:16:55+00:00\",\"dateModified\":\"2026-04-01T18:58:47+00:00\",\"description\":\"Explore our selection of 3D Single Head CNC Wire Benders to find the perfect one for you. Quality made in the USA machinery.\",\"inLanguage\":\"pl-PL\",\"potentialAction\":[{\"@type\":\"ReadAction\",\"target\":[\"https:\\\/\\\/ipautomationinc.com\\\/single-head-cnc-wire-benders\\\/\"]}]},{\"@type\":\"ImageObject\",\"inLanguage\":\"pl-PL\",\"@id\":\"https:\\\/\\\/ipautomationinc.com\\\/single-head-cnc-wire-benders\\\/#primaryimage\",\"url\":\"https:\\\/\\\/ipautomationinc.com\\\/wp-content\\\/uploads\\\/2025\\\/09\\\/i8-SC-RGB.png#38241\",\"contentUrl\":\"https:\\\/\\\/ipautomationinc.com\\\/wp-content\\\/uploads\\\/2025\\\/09\\\/i8-SC-RGB.png#38241\"},{\"@type\":\"WebSite\",\"@id\":\"https:\\\/\\\/ipautomationinc.com\\\/#website\",\"url\":\"https:\\\/\\\/ipautomationinc.com\\\/\",\"name\":\"IP Automation Inc\",\"description\":\"Concept... Creation... Reality...\",\"publisher\":{\"@id\":\"https:\\\/\\\/ipautomationinc.com\\\/#organization\"},\"potentialAction\":[{\"@type\":\"SearchAction\",\"target\":{\"@type\":\"EntryPoint\",\"urlTemplate\":\"https:\\\/\\\/ipautomationinc.com\\\/?s={search_term_string}\"},\"query-input\":{\"@type\":\"PropertyValueSpecification\",\"valueRequired\":true,\"valueName\":\"search_term_string\"}}],\"inLanguage\":\"pl-PL\"},{\"@type\":\"Organization\",\"@id\":\"https:\\\/\\\/ipautomationinc.com\\\/#organization\",\"name\":\"IP Automation Inc\",\"url\":\"https:\\\/\\\/ipautomationinc.com\\\/\",\"logo\":{\"@type\":\"ImageObject\",\"inLanguage\":\"pl-PL\",\"@id\":\"https:\\\/\\\/ipautomationinc.com\\\/#\\\/schema\\\/logo\\\/image\\\/\",\"url\":\"https:\\\/\\\/ipautomationinc.com\\\/wp-content\\\/uploads\\\/2022\\\/05\\\/IPA-Favicon.png\",\"contentUrl\":\"https:\\\/\\\/ipautomationinc.com\\\/wp-content\\\/uploads\\\/2022\\\/05\\\/IPA-Favicon.png\",\"width\":513,\"height\":513,\"caption\":\"IP Automation Inc\"},\"image\":{\"@id\":\"https:\\\/\\\/ipautomationinc.com\\\/#\\\/schema\\\/logo\\\/image\\\/\"},\"sameAs\":[\"https:\\\/\\\/www.facebook.com\\\/ipautomationinc\\\/\",\"https:\\\/\\\/www.linkedin.com\\\/company\\\/ip-automation-inc\\\/\",\"https:\\\/\\\/www.youtube.com\\\/@IPAutomation\"]}]}<\/script>\n<!-- \/ Yoast SEO plugin. -->","yoast_head_json":{"title":"Gi\u0119tarki do drutu CNC z pojedyncz\u0105 g\u0142owic\u0105 | Firma IP Automation Inc","description":"Zapoznaj si\u0119 z nasz\u0105 ofert\u0105 gi\u0119tarek do drutu CNC 3D z jedn\u0105 g\u0142owic\u0105, aby znale\u017a\u0107 idealn\u0105 dla siebie. Wysokiej jako\u015bci maszyny wyprodukowane w USA.","robots":{"index":"index","follow":"follow","max-snippet":"max-snippet:-1","max-image-preview":"max-image-preview:large","max-video-preview":"max-video-preview:-1"},"canonical":"https:\/\/ipautomationinc.com\/pl\/gietarki-do-drutu-cnc-z-pojedyncza-glowica\/","og_locale":"pl_PL","og_type":"article","og_title":"Single Head CNC Wire Benders | IP Automation Inc","og_description":"Explore our selection of 3D Single Head CNC Wire Benders to find the perfect one for you. Quality made in the USA machinery.","og_url":"https:\/\/ipautomationinc.com\/pl\/gietarki-do-drutu-cnc-z-pojedyncza-glowica\/","og_site_name":"IP Automation Inc","article_publisher":"https:\/\/www.facebook.com\/ipautomationinc\/","article_modified_time":"2026-04-01T18:58:47+00:00","og_image":[{"url":"https:\/\/ipautomationinc.com\/wp-content\/uploads\/2025\/09\/i8-SC-RGB.png#38241","type":"","width":"","height":""}],"schema":{"@context":"https:\/\/schema.org","@graph":[{"@type":"WebPage","@id":"https:\/\/ipautomationinc.com\/single-head-cnc-wire-benders\/","url":"https:\/\/ipautomationinc.com\/single-head-cnc-wire-benders\/","name":"Gi\u0119tarki do drutu CNC z pojedyncz\u0105 g\u0142owic\u0105 | Firma IP Automation Inc","isPartOf":{"@id":"https:\/\/ipautomationinc.com\/#website"},"primaryImageOfPage":{"@id":"https:\/\/ipautomationinc.com\/single-head-cnc-wire-benders\/#primaryimage"},"image":{"@id":"https:\/\/ipautomationinc.com\/single-head-cnc-wire-benders\/#primaryimage"},"thumbnailUrl":"https:\/\/ipautomationinc.com\/wp-content\/uploads\/2025\/09\/i8-SC-RGB.png#38241","datePublished":"2022-07-07T18:16:55+00:00","dateModified":"2026-04-01T18:58:47+00:00","description":"Zapoznaj si\u0119 z nasz\u0105 ofert\u0105 gi\u0119tarek do drutu CNC 3D z jedn\u0105 g\u0142owic\u0105, aby znale\u017a\u0107 idealn\u0105 dla siebie. Wysokiej jako\u015bci maszyny wyprodukowane w USA.","inLanguage":"pl-PL","potentialAction":[{"@type":"ReadAction","target":["https:\/\/ipautomationinc.com\/single-head-cnc-wire-benders\/"]}]},{"@type":"ImageObject","inLanguage":"pl-PL","@id":"https:\/\/ipautomationinc.com\/single-head-cnc-wire-benders\/#primaryimage","url":"https:\/\/ipautomationinc.com\/wp-content\/uploads\/2025\/09\/i8-SC-RGB.png#38241","contentUrl":"https:\/\/ipautomationinc.com\/wp-content\/uploads\/2025\/09\/i8-SC-RGB.png#38241"},{"@type":"WebSite","@id":"https:\/\/ipautomationinc.com\/#website","url":"https:\/\/ipautomationinc.com\/","name":"Firma IP Automation Inc","description":"Koncepcja... Kreacja... Rzeczywisto\u015b\u0107...","publisher":{"@id":"https:\/\/ipautomationinc.com\/#organization"},"potentialAction":[{"@type":"SearchAction","target":{"@type":"EntryPoint","urlTemplate":"https:\/\/ipautomationinc.com\/?s={search_term_string}"},"query-input":{"@type":"PropertyValueSpecification","valueRequired":true,"valueName":"search_term_string"}}],"inLanguage":"pl-PL"},{"@type":"Organization","@id":"https:\/\/ipautomationinc.com\/#organization","name":"Firma IP Automation Inc","url":"https:\/\/ipautomationinc.com\/","logo":{"@type":"ImageObject","inLanguage":"pl-PL","@id":"https:\/\/ipautomationinc.com\/#\/schema\/logo\/image\/","url":"https:\/\/ipautomationinc.com\/wp-content\/uploads\/2022\/05\/IPA-Favicon.png","contentUrl":"https:\/\/ipautomationinc.com\/wp-content\/uploads\/2022\/05\/IPA-Favicon.png","width":513,"height":513,"caption":"IP Automation Inc"},"image":{"@id":"https:\/\/ipautomationinc.com\/#\/schema\/logo\/image\/"},"sameAs":["https:\/\/www.facebook.com\/ipautomationinc\/","https:\/\/www.linkedin.com\/company\/ip-automation-inc\/","https:\/\/www.youtube.com\/@IPAutomation"]}]}},"_links":{"self":[{"href":"https:\/\/ipautomationinc.com\/pl\/wp-json\/wp\/v2\/pages\/1342","targetHints":{"allow":["GET"]}}],"collection":[{"href":"https:\/\/ipautomationinc.com\/pl\/wp-json\/wp\/v2\/pages"}],"about":[{"href":"https:\/\/ipautomationinc.com\/pl\/wp-json\/wp\/v2\/types\/page"}],"author":[{"embeddable":true,"href":"https:\/\/ipautomationinc.com\/pl\/wp-json\/wp\/v2\/users\/3"}],"replies":[{"embeddable":true,"href":"https:\/\/ipautomationinc.com\/pl\/wp-json\/wp\/v2\/comments?post=1342"}],"version-history":[{"count":3,"href":"https:\/\/ipautomationinc.com\/pl\/wp-json\/wp\/v2\/pages\/1342\/revisions"}],"predecessor-version":[{"id":39709,"href":"https:\/\/ipautomationinc.com\/pl\/wp-json\/wp\/v2\/pages\/1342\/revisions\/39709"}],"wp:attachment":[{"href":"https:\/\/ipautomationinc.com\/pl\/wp-json\/wp\/v2\/media?parent=1342"}],"curies":[{"name":"wp","href":"https:\/\/api.w.org\/{rel}","templated":true}]}}