{"id":1248,"date":"2022-06-16T16:54:35","date_gmt":"2022-06-16T21:54:35","guid":{"rendered":"https:\/\/ipautomationinc.com\/?page_id=1248"},"modified":"2026-02-24T10:12:40","modified_gmt":"2026-02-24T16:12:40","slug":"seria-i-d-ms","status":"publish","type":"page","link":"https:\/\/ipautomationinc.com\/pl\/i-d-ms-series\/","title":{"rendered":"Wielostopniowa gi\u0119tarka drutu CNC serii iD-MS"},"content":{"rendered":"<h6 class=\"wp-block-heading\"><strong>Seria wielostopniowych gi\u0119tarek drutu CNC iD-MS jest przeznaczona do specjalistycznych form drutu o wysokiej precyzji, wymagaj\u0105cych oddzielnych operacji gi\u0119cia. Wykorzystuj\u0105c nasz mechanizm przelewu i specjalistyczn\u0105 wiedz\u0119 w zakresie zaawansowanej kontroli, operacje s\u0105 wykonywane jednocze\u015bnie w wielu etapach na tej samej maszynie. Seria iD-MS przoduje w formowaniu niesymetrycznych cz\u0119\u015bci bez zmniejszania szybko\u015bci. Mo\u017cna go skonfigurowa\u0107 za pomoc\u0105 r\u00f3\u017cnych niestandardowych konfiguracji g\u0142owicy i narz\u0119dzi.<\/strong><\/h6>\n\n\n\n<p><span class=\"builder2seo\"><\/span>Wielostopniowe gi\u0119tarki drutu CNC<br><br>Seria i-D-MS<br><br><img decoding=\"async\" src=\"https:\/\/ipautomationinc.com\/wp-content\/uploads\/2022\/09\/i-D-MS-RGB-1.png\" alt=\"Wielostopniowa gi\u0119tarka do drutu iD-MS CNC\"><br>400 pikseli<br><br>Kliknij tutaj, aby zobaczy\u0107 wideo<br><a href=\"https:\/\/ipautomationinc.com\/pl\/seria-i-d-ms\/#video\">https:\/\/ipautomationinc.com\/i-d-ms-series\/#video<\/a><br>fas fa-play-ko\u0142o<br>motyw_przycisku<br><br>Kliknij tutaj, aby pobra\u0107 ulotk\u0119 w formacie PDF<br><a href=\"https:\/\/ipautomationinc.com\/wp-content\/uploads\/2025\/09\/2025-i-D-MS-Flyer.pdf\">https:\/\/ipautomationinc.com\/wp-content\/uploads\/2025\/09\/2025-i-D-MS-Flyer.pdf<\/a><br>fas fa-plik-pdf<br>motyw_przycisku<br>https:\/\/ipautomationinc.com\/wp-content\/uploads\/2025\/09\/2025-i-D-MS-Flyer.pdf<br><br>1550,1549,1548,1547,1546<br>#0455B3<br>3px 3px 3px 3px<br><br><h4>Seria wielostopniowych gi\u0119tarek drutu CNC iD-MS jest przeznaczona do specjalistycznych form drutu o wysokiej precyzji, wymagaj\u0105cych oddzielnych operacji gi\u0119cia. Wykorzystuj\u0105c nasz mechanizm przenoszenia drutu i specjalistyczn\u0105 wiedz\u0119 w zakresie zaawansowanego sterowania, operacje s\u0105 wykonywane jednocze\u015bnie w wielu etapach na tej samej maszynie. Seria iD-MS przoduje w formowaniu niesymetrycznych cz\u0119\u015bci bez zmniejszania szybko\u015bci. Mo\u017cna go skonfigurowa\u0107 z r\u00f3\u017cnymi niestandardowymi konfiguracjami g\u0142owicy i oprzyrz\u0105dowaniem. Wcze\u015bniej operacje te musia\u0142y by\u0107 wykonywane na dw\u00f3ch maszynach. Nasza zaawansowana konstrukcja podkre\u015bla, dlaczego IP Automation Inc. jest liderem w dziedzinie formowania drutu w oszcz\u0119dnej produkcji dzi\u0119ki inteligentnemu projektowaniu WIP i \u0142\u0105czeniu proces\u00f3w.<\/h4><br><br><h3>Aplikacje<\/h3><h4>Precyzyjne listwy i druty siedze\u0144. Cz\u0119\u015bci o ciasnych tolerancjach do operacji formowania wtryskowego. <br><br><\/h4><br>#EBEBEB<br><br><img decoding=\"async\" src=\"https:\/\/ipautomationinc.com\/wp-content\/uploads\/2022\/09\/i-D-MS-RGB-1.png\" alt=\"Wielostopniowa gi\u0119tarka do drutu iD-MS CNC\"><br>zwyczaj<br>100%<br><br>Kliknij tutaj, aby zobaczy\u0107 wideo<br><a href=\"https:\/\/ipautomationinc.com\/pl\/seria-i-d-ms\/#video\">https:\/\/ipautomationinc.com\/i-d-ms-series\/#video<\/a><br>fas fa-play-ko\u0142o<br>motyw_przycisku<br><br>Kliknij tutaj, aby pobra\u0107 ulotk\u0119 w formacie PDF<br><a href=\"https:\/\/ipautomationinc.com\/wp-content\/uploads\/2025\/09\/2025-i-D-MS-Flyer.pdf\">https:\/\/ipautomationinc.com\/wp-content\/uploads\/2025\/09\/2025-i-D-MS-Flyer.pdf<\/a><br>fas fa-plik-pdf<br>motyw_przycisku<br>https:\/\/ipautomationinc.com\/wp-content\/uploads\/2025\/09\/2025-i-D-MS-Flyer.pdf<br><br>1550,1549,1548,1547,1546<br>#0455B3<br>3px 3px 3px 3px<br>zwyczaj<br>80%<br><br><h4>Seria iD-MS (wieloetapowa) jest przeznaczona do specjalistycznych form drutu o wysokiej precyzji, wymagaj\u0105cych oddzielnych operacji gi\u0119cia. Wykorzystuj\u0105c nasz mechanizm przelewu i wiedz\u0119 z zakresu zaawansowanej kontroli, operacje s\u0105 wykonywane jednocze\u015bnie w wielu etapach na tej samej maszynie.<br><br>Seria i-D-MS przoduje w formowaniu niesymetrycznych cz\u0119\u015bci bez zmniejszania szybko\u015bci. Mo\u017cna go skonfigurowa\u0107 za pomoc\u0105 r\u00f3\u017cnych niestandardowych konfiguracji g\u0142owicy i narz\u0119dzi.<br><br>Wcze\u015bniej operacje te trzeba by\u0142o wykonywa\u0107 na dw\u00f3ch komputerach. Nasza zaawansowana konstrukcja podkre\u015bla, dlaczego IP Automation Inc. jest liderem w dziedzinie formowania drutu w oszcz\u0119dnej produkcji dzi\u0119ki inteligentnemu projektowaniu WIP i \u0142\u0105czeniu proces\u00f3w. <\/h4><br><br><h3>Aplikacje<\/h3><h4>Precyzyjne listwy i druty siedze\u0144. Cz\u0119\u015bci o ciasnych tolerancjach do operacji formowania wtryskowego. <br><br><\/h4><br>#EBEBEB<br><br><br>G\u0142oska bezd\u017awi\u0119czna<br><br>;C;;<br><br>1493,1494,1491,1490,1495<br>du\u017cy<br><br><br>Cechy<br><br>Pochylenie si\u0119<br>Programowanie<br>Detale<br>Uk\u0142ad maszyny<br><br><br>\t20 Servo Axes:  X &#8211; feed, rotary straightener, C &#8211; cutter, Y &#8211; bender pin rotation (2X), Z &#8211; clamp &amp; rotate, U &#8211; tool pivot (2x),  P &#8211; bend head height (2X),  transfer<br><br>\tDo 2 promieni<br><br>In\u017cynierowie IP Automation i maszyny CNC wykonuj\u0105 wszystkie g\u0142owice gn\u0105ce, obcinaki i rolki podaj\u0105ce drut we w\u0142asnym zakresie, po rozs\u0105dnych kosztach i szybkim czasie realizacji<br><br><br><br><br>\t<a href=\"https:\/\/ipautomationinc.com\/pl\/mozliwosci-maszyny\/\">Oprogramowanie Intellibend <\/a> w systemie operacyjnym Windows 10<br><br>Format programu CNC d\u0142ugo\u015b\u0107-obr\u00f3t-k\u0105t<br><br>\tZintegrowany pulpit produkcyjny, funkcje kontroli partii<br><br>\t21,5-calowy ekran wielodotykowy<br><br>\tZdalna \u0142\u0105czno\u015b\u0107 poprzez tunel VPN<br><br>\tProtok\u00f3\u0142 OPC-UA dla przemys\u0142u 4.0<br><br>\t<br><br><br>Dost\u0119pne z drutem \u0142adowanym przez zbiornik<br><br>Wyp\u0142ata drutu przy ud\u017awigu ramienia o ruchu liniowym: 3000 funt\u00f3w. (dost\u0119pna opcja 4500 funt\u00f3w) <br><br>Klatka bezpiecze\u0144stwa 7\u2032 (2,13 m) z drzwiami blokuj\u0105cymi bezpiecze\u0144stwo<br><br>Prostownica do drutu trzpieniowego<br><br>Wszystkie systemy nap\u0119du posuwu i gi\u0119cia maj\u0105 hartowane ko\u0142a z\u0119bate i s\u0105 ca\u0142kowicie zamkni\u0119te.<br><br>Szybko obracane, hartowane rolki podaj\u0105ce dla 2 rozmiar\u00f3w drutu<br><br>Enkoder liniowy na podajniku drutu zapewniaj\u0105cy dok\u0142adno\u015b\u0107 i wykrywanie po\u015blizgu<br><br>Stabilizator drutu<br><br>Powierzchnia matrycy nadaj\u0105ca si\u0119 do ponownego szlifowania<br><br>Programowalne, chowane prowadnice drutu<br><br>Mo\u017cliwo\u015b\u0107 szkolenia na miejscu<br><br>Mo\u017cliwo\u015b\u0107 integracji robotycznej<br><br><br><div class=\"image_frame image_item scale-with-grid element_classes no_border hover-disable mfn-img-box\"  role=\"link\" aria-label=\"Obraz z linkami\" tabindex=\"0\"><div class=\"image_wrapper\"><a href=\"https:\/\/ipautomationinc.com\/wp-content\/uploads\/2022\/07\/603-Front.png\" rel=\"prettyphoto\"   class=\"\"  tabindex=\"-1\" title=\"\"><div class=\"mask\"><\/div><img decoding=\"async\" class=\"scale-with-grid\" src=\"https:\/\/ipautomationinc.com\/wp-content\/uploads\/2022\/07\/603-Front.png\" fetchpriority=\"high\" alt=\"603 Prz\u00f3d\" title=\"\" width=\"420\" height=\"419\" style=\"\"\/><\/a><div class=\"image_links\"><a href=\"https:\/\/ipautomationinc.com\/wp-content\/uploads\/2022\/07\/603-Front.png\" class=\"zoom\" rel=\"prettyphoto\" tabindex=\"-1\" aria-label=\"powi\u0119ksz obraz\" title=\"\"><svg viewbox=\"0 0 26 26\"><defs><style>.path{fill:none;stroke:#333;stroke-miterlimit:10;stroke-width:1.5px;}<\/style><\/defs><circle cx=\"11.35\" cy=\"11.35\" r=\"6\" class=\"path\"\/><line x1=\"15.59\" y1=\"15.59\" x2=\"20.65\" y2=\"20.65\" class=\"path\"\/><\/svg><\/a><\/div><\/div><p class=\"wp-caption-text\">Widok z przodu iD-MS<\/p><\/div>\n<br><br><br><br><div class=\"image_frame image_item scale-with-grid element_classes no_border hover-disable mfn-img-box\"  role=\"link\" aria-label=\"Obraz z linkami\" tabindex=\"0\"><div class=\"image_wrapper\"><a href=\"https:\/\/ipautomationinc.com\/wp-content\/uploads\/2022\/07\/603-Top.png\" rel=\"prettyphoto\"   class=\"\"  tabindex=\"-1\" title=\"\"><div class=\"mask\"><\/div><img decoding=\"async\" class=\"scale-with-grid\" src=\"https:\/\/ipautomationinc.com\/wp-content\/uploads\/2022\/07\/603-Top.png\" fetchpriority=\"high\" alt=\"603 G\u00f3ra\" title=\"\" width=\"420\" height=\"430\" style=\"\"\/><\/a><div class=\"image_links\"><a href=\"https:\/\/ipautomationinc.com\/wp-content\/uploads\/2022\/07\/603-Top.png\" class=\"zoom\" rel=\"prettyphoto\" tabindex=\"-1\" aria-label=\"powi\u0119ksz obraz\" title=\"\"><svg viewbox=\"0 0 26 26\"><defs><style>.path{fill:none;stroke:#333;stroke-miterlimit:10;stroke-width:1.5px;}<\/style><\/defs><circle cx=\"11.35\" cy=\"11.35\" r=\"6\" class=\"path\"\/><line x1=\"15.59\" y1=\"15.59\" x2=\"20.65\" y2=\"20.65\" class=\"path\"\/><\/svg><\/a><\/div><\/div><p class=\"wp-caption-text\">Widok z g\u00f3ry iD-MS<\/p><\/div>\n<br><br><br><br><div class=\"image_frame image_item scale-with-grid element_classes no_border hover-disable mfn-img-box\"  role=\"link\" aria-label=\"Obraz z linkami\" tabindex=\"0\"><div class=\"image_wrapper\"><a href=\"https:\/\/ipautomationinc.com\/wp-content\/uploads\/2022\/07\/603-ISO.png\" rel=\"prettyphoto\"   class=\"\"  tabindex=\"-1\" title=\"\"><div class=\"mask\"><\/div><img decoding=\"async\" class=\"scale-with-grid\" src=\"https:\/\/ipautomationinc.com\/wp-content\/uploads\/2022\/07\/603-ISO.png\" fetchpriority=\"high\" alt=\"ISO 603\" title=\"\" width=\"300\" height=\"581\" style=\"\"\/><\/a><div class=\"image_links\"><a href=\"https:\/\/ipautomationinc.com\/wp-content\/uploads\/2022\/07\/603-ISO.png\" class=\"zoom\" rel=\"prettyphoto\" tabindex=\"-1\" aria-label=\"powi\u0119ksz obraz\" title=\"\"><svg viewbox=\"0 0 26 26\"><defs><style>.path{fill:none;stroke:#333;stroke-miterlimit:10;stroke-width:1.5px;}<\/style><\/defs><circle cx=\"11.35\" cy=\"11.35\" r=\"6\" class=\"path\"\/><line x1=\"15.59\" y1=\"15.59\" x2=\"20.65\" y2=\"20.65\" class=\"path\"\/><\/svg><\/a><\/div><\/div><p class=\"wp-caption-text\">Widok izometryczny iD-MS<\/p><\/div>\n<br>#EBEBEB<br>#222222<br><br><br>Dane techniczne<br><br><br><br><p>*Na minimaln\u0105 i maksymaln\u0105 \u015brednic\u0119 wp\u0142ywa wytrzyma\u0142o\u015b\u0107 drutu na rozci\u0105ganie. Skontaktuj si\u0119 z nami, aby uzyska\u0107 wyja\u015bnienia dotycz\u0105ce zakresu min.\/maks. dla Twojego typu drutu.<\/p><br><br><br>Opcje maszyny<br><br>Inteligentna robotyka<br>z dostosowanym EOAT<br><img decoding=\"async\" src=\"https:\/\/ipautomationinc.com\/wp-content\/uploads\/2022\/06\/machine-options_robot.png#1271\" alt=\"opcje_komputera_robot\"><br><a href=\"https:\/\/ipautomationinc.com\/pl\/akcesoria\/robotyka\/\">https:\/\/ipautomationinc.com\/accessories\/robotics\/<\/a><br>skala pude\u0142kowa<br>70%<br><br>Spawarka doczo\u0142owa iBW-45<br>z zagarniaczem obrotowym<br><img decoding=\"async\" src=\"https:\/\/ipautomationinc.com\/wp-content\/uploads\/2025\/08\/machine-options_iBW-45.png#38050\" alt=\"opcje-maszyny_iBW-45\"><br><a href=\"https:\/\/ipautomationinc.com\/pl\/akcesoria\/spawacze-automatyczni\/\">https:\/\/ipautomationinc.com\/accessories\/automated-welders\/<\/a><br>skala pude\u0142kowa<br>70%<br><br>Zimny nag\u0142\u00f3wek<br><img decoding=\"async\" src=\"https:\/\/ipautomationinc.com\/wp-content\/uploads\/2022\/06\/machine-options_cold-heading.png#1266\" alt=\"machine-options_cold-heading\"><br>skala pude\u0142kowa<br>70%<br><br>Serwonacisk<br><img decoding=\"async\" src=\"https:\/\/ipautomationinc.com\/wp-content\/uploads\/2022\/06\/machine-options_servo-press.png#1272\" alt=\"machine-options_servo-press\"><br>skala pude\u0142kowa<br>70%<br><br>Stacja \u0142agodz\u0105ca stres<br><img decoding=\"async\" src=\"https:\/\/ipautomationinc.com\/wp-content\/uploads\/2022\/06\/machine-options_stress-relieving.png#1287\" alt=\"opcje maszynowe_\u0142agodz\u0105ce stres\"><br>skala pude\u0142kowa<br>70%<br><br>Kontrola wzroku<br><img decoding=\"async\" src=\"https:\/\/ipautomationinc.com\/wp-content\/uploads\/2022\/06\/machine-options_vision-inspection-closeup.png#1305\" alt=\"machine-options_vision-inspection-closeup\"><br>skala pude\u0142kowa<br>70%<br><br>Uzyskaj cen\u0119 teraz!<br>ikona-do przodu<br><a href=\"https:\/\/ipautomationinc.com\/pl\/skontaktuj-sie-z-nami\/#form\">https:\/\/ipautomationinc.com\/contact-us\/#form<\/a><br>50 pikseli<br><br>Inne maszyny do gi\u0119cia drutu CNC<br><br><h4>Gi\u0119tarki do drutu z pojedyncz\u0105 g\u0142owic\u0105<\/h4><br><br><p><hr class=\"no_line\" style=\"margin: 0 auto 0px auto\"\/>\n <a href=\"https:\/\/ipautomationinc.com\/pl\/gietarki-do-drutu-cnc-z-pojedyncza-glowica\/\"> <img decoding=\"async\" src=\"https:\/\/ipautomationinc.com\/wp-content\/uploads\/2023\/02\/i8-S-RGB-1.png\" alt=\"is CNC Drut By\u0142y\"> <\/a> <hr class=\"no_line\" style=\"margin: 0 auto 0px auto\"\/>\n <a class=\"mfn-link mfn-link-1\" href=\"\" style=\"\" data-hover=\"\"   ><span data-hover=\"\"><\/span><\/a><\/p><br>bez powt\u00f3rze\u0144;lewy g\u00f3rny;;<br>automatyczny<br><br><h4>Gi\u0119tarki do drutu 2D<\/h4><br><br><p><hr class=\"no_line\" style=\"margin: 0 auto 0px auto\"\/>\n <a href=\"https:\/\/ipautomationinc.com\/pl\/seria-2d\/\"> <img decoding=\"async\" src=\"https:\/\/ipautomationinc.com\/wp-content\/uploads\/2026\/02\/i10-S-2D-2D-CNC-Wire-Bending-Machine-With-Automated-Welder.png\" alt=\"Gi\u0119tarka do drutu 2D\"> <\/a> <hr class=\"no_line\" style=\"margin: 0 auto 0px auto\"\/>\n <a class=\"mfn-link mfn-link-1\" href=\"\" style=\"\" data-hover=\"\"   ><span data-hover=\"\"><\/span><\/a><\/p><br>bez powt\u00f3rze\u0144;lewy g\u00f3rny;;<br>automatyczny<br><br><\/p>","protected":false},"excerpt":{"rendered":"<p>The i-D-MS multi-stage CNC wire bender series is designed for specialized high precision wire forms requiring separate bending operations. Utilizing<span class=\"excerpt-hellip\"> [\u2026]<\/span><\/p>\n","protected":false},"author":3,"featured_media":0,"parent":0,"menu_order":0,"comment_status":"closed","ping_status":"closed","template":"","meta":{"footnotes":""},"class_list":["post-1248","page","type-page","status-publish","hentry"],"yoast_head":"<!-- This site is optimized with the Yoast SEO plugin v27.3 - https:\/\/yoast.com\/product\/yoast-seo-wordpress\/ -->\n<title>i-D-MS Series Multi-Stage CNC Wire Bender | IP Automation Inc<\/title>\n<meta name=\"description\" content=\"The i-D-MS (Multi-stage) series CNC Wire Bender is designed for specialized high precision wire forms requiring separate bending operations.\" \/>\n<meta name=\"robots\" content=\"index, follow, max-snippet:-1, max-image-preview:large, max-video-preview:-1\" \/>\n<link rel=\"canonical\" href=\"https:\/\/ipautomationinc.com\/pl\/seria-i-d-ms\/\" \/>\n<meta property=\"og:locale\" content=\"pl_PL\" \/>\n<meta property=\"og:type\" content=\"article\" \/>\n<meta property=\"og:title\" content=\"i-D-MS Series Multi-Stage CNC Wire Bender | IP Automation Inc\" \/>\n<meta property=\"og:description\" content=\"The i-D-MS (Multi-stage) series CNC Wire Bender is designed for specialized high precision wire forms requiring separate bending operations.\" \/>\n<meta property=\"og:url\" content=\"https:\/\/ipautomationinc.com\/pl\/seria-i-d-ms\/\" \/>\n<meta property=\"og:site_name\" content=\"IP Automation Inc\" \/>\n<meta property=\"article:publisher\" content=\"https:\/\/www.facebook.com\/ipautomationinc\/\" \/>\n<meta property=\"article:modified_time\" content=\"2026-02-24T16:12:40+00:00\" \/>\n<meta property=\"og:image\" content=\"https:\/\/ipautomationinc.com\/wp-content\/uploads\/2022\/09\/i-D-MS-RGB-1.png\" \/>\n<script type=\"application\/ld+json\" class=\"yoast-schema-graph\">{\"@context\":\"https:\\\/\\\/schema.org\",\"@graph\":[{\"@type\":\"WebPage\",\"@id\":\"https:\\\/\\\/ipautomationinc.com\\\/i-d-ms-series\\\/\",\"url\":\"https:\\\/\\\/ipautomationinc.com\\\/i-d-ms-series\\\/\",\"name\":\"i-D-MS Series Multi-Stage CNC Wire Bender | IP Automation Inc\",\"isPartOf\":{\"@id\":\"https:\\\/\\\/ipautomationinc.com\\\/#website\"},\"primaryImageOfPage\":{\"@id\":\"https:\\\/\\\/ipautomationinc.com\\\/i-d-ms-series\\\/#primaryimage\"},\"image\":{\"@id\":\"https:\\\/\\\/ipautomationinc.com\\\/i-d-ms-series\\\/#primaryimage\"},\"thumbnailUrl\":\"https:\\\/\\\/ipautomationinc.com\\\/wp-content\\\/uploads\\\/2022\\\/09\\\/i-D-MS-RGB-1.png\",\"datePublished\":\"2022-06-16T21:54:35+00:00\",\"dateModified\":\"2026-02-24T16:12:40+00:00\",\"description\":\"The i-D-MS (Multi-stage) series CNC Wire Bender is designed for specialized high precision wire forms requiring separate bending operations.\",\"inLanguage\":\"pl-PL\",\"potentialAction\":[{\"@type\":\"ReadAction\",\"target\":[\"https:\\\/\\\/ipautomationinc.com\\\/i-d-ms-series\\\/\"]}]},{\"@type\":\"ImageObject\",\"inLanguage\":\"pl-PL\",\"@id\":\"https:\\\/\\\/ipautomationinc.com\\\/i-d-ms-series\\\/#primaryimage\",\"url\":\"https:\\\/\\\/ipautomationinc.com\\\/wp-content\\\/uploads\\\/2022\\\/09\\\/i-D-MS-RGB-1.png\",\"contentUrl\":\"https:\\\/\\\/ipautomationinc.com\\\/wp-content\\\/uploads\\\/2022\\\/09\\\/i-D-MS-RGB-1.png\"},{\"@type\":\"WebSite\",\"@id\":\"https:\\\/\\\/ipautomationinc.com\\\/#website\",\"url\":\"https:\\\/\\\/ipautomationinc.com\\\/\",\"name\":\"IP Automation Inc\",\"description\":\"Concept... Creation... Reality...\",\"publisher\":{\"@id\":\"https:\\\/\\\/ipautomationinc.com\\\/#organization\"},\"potentialAction\":[{\"@type\":\"SearchAction\",\"target\":{\"@type\":\"EntryPoint\",\"urlTemplate\":\"https:\\\/\\\/ipautomationinc.com\\\/?s={search_term_string}\"},\"query-input\":{\"@type\":\"PropertyValueSpecification\",\"valueRequired\":true,\"valueName\":\"search_term_string\"}}],\"inLanguage\":\"pl-PL\"},{\"@type\":\"Organization\",\"@id\":\"https:\\\/\\\/ipautomationinc.com\\\/#organization\",\"name\":\"IP Automation Inc\",\"url\":\"https:\\\/\\\/ipautomationinc.com\\\/\",\"logo\":{\"@type\":\"ImageObject\",\"inLanguage\":\"pl-PL\",\"@id\":\"https:\\\/\\\/ipautomationinc.com\\\/#\\\/schema\\\/logo\\\/image\\\/\",\"url\":\"https:\\\/\\\/ipautomationinc.com\\\/wp-content\\\/uploads\\\/2022\\\/05\\\/IPA-Favicon.png\",\"contentUrl\":\"https:\\\/\\\/ipautomationinc.com\\\/wp-content\\\/uploads\\\/2022\\\/05\\\/IPA-Favicon.png\",\"width\":513,\"height\":513,\"caption\":\"IP Automation Inc\"},\"image\":{\"@id\":\"https:\\\/\\\/ipautomationinc.com\\\/#\\\/schema\\\/logo\\\/image\\\/\"},\"sameAs\":[\"https:\\\/\\\/www.facebook.com\\\/ipautomationinc\\\/\",\"https:\\\/\\\/www.linkedin.com\\\/company\\\/ip-automation-inc\\\/\",\"https:\\\/\\\/www.youtube.com\\\/@IPAutomation\"]}]}<\/script>\n<!-- \/ Yoast SEO plugin. -->","yoast_head_json":{"title":"Wielostopniowa gi\u0119tarka drutu CNC serii iD-MS | Firma IP Automation Inc","description":"Gi\u0119tarka CNC do drutu serii iD-MS (wieloetapowa) jest przeznaczona do specjalistycznych form drutu o wysokiej precyzji, wymagaj\u0105cych oddzielnych operacji gi\u0119cia.","robots":{"index":"index","follow":"follow","max-snippet":"max-snippet:-1","max-image-preview":"max-image-preview:large","max-video-preview":"max-video-preview:-1"},"canonical":"https:\/\/ipautomationinc.com\/pl\/seria-i-d-ms\/","og_locale":"pl_PL","og_type":"article","og_title":"i-D-MS Series Multi-Stage CNC Wire Bender | IP Automation Inc","og_description":"The i-D-MS (Multi-stage) series CNC Wire Bender is designed for specialized high precision wire forms requiring separate bending operations.","og_url":"https:\/\/ipautomationinc.com\/pl\/seria-i-d-ms\/","og_site_name":"IP Automation Inc","article_publisher":"https:\/\/www.facebook.com\/ipautomationinc\/","article_modified_time":"2026-02-24T16:12:40+00:00","og_image":[{"url":"https:\/\/ipautomationinc.com\/wp-content\/uploads\/2022\/09\/i-D-MS-RGB-1.png","type":"","width":"","height":""}],"schema":{"@context":"https:\/\/schema.org","@graph":[{"@type":"WebPage","@id":"https:\/\/ipautomationinc.com\/i-d-ms-series\/","url":"https:\/\/ipautomationinc.com\/i-d-ms-series\/","name":"Wielostopniowa gi\u0119tarka drutu CNC serii iD-MS | Firma IP Automation Inc","isPartOf":{"@id":"https:\/\/ipautomationinc.com\/#website"},"primaryImageOfPage":{"@id":"https:\/\/ipautomationinc.com\/i-d-ms-series\/#primaryimage"},"image":{"@id":"https:\/\/ipautomationinc.com\/i-d-ms-series\/#primaryimage"},"thumbnailUrl":"https:\/\/ipautomationinc.com\/wp-content\/uploads\/2022\/09\/i-D-MS-RGB-1.png","datePublished":"2022-06-16T21:54:35+00:00","dateModified":"2026-02-24T16:12:40+00:00","description":"Gi\u0119tarka CNC do drutu serii iD-MS (wieloetapowa) jest przeznaczona do specjalistycznych form drutu o wysokiej precyzji, wymagaj\u0105cych oddzielnych operacji gi\u0119cia.","inLanguage":"pl-PL","potentialAction":[{"@type":"ReadAction","target":["https:\/\/ipautomationinc.com\/i-d-ms-series\/"]}]},{"@type":"ImageObject","inLanguage":"pl-PL","@id":"https:\/\/ipautomationinc.com\/i-d-ms-series\/#primaryimage","url":"https:\/\/ipautomationinc.com\/wp-content\/uploads\/2022\/09\/i-D-MS-RGB-1.png","contentUrl":"https:\/\/ipautomationinc.com\/wp-content\/uploads\/2022\/09\/i-D-MS-RGB-1.png"},{"@type":"WebSite","@id":"https:\/\/ipautomationinc.com\/#website","url":"https:\/\/ipautomationinc.com\/","name":"Firma IP Automation Inc","description":"Koncepcja... Kreacja... Rzeczywisto\u015b\u0107...","publisher":{"@id":"https:\/\/ipautomationinc.com\/#organization"},"potentialAction":[{"@type":"SearchAction","target":{"@type":"EntryPoint","urlTemplate":"https:\/\/ipautomationinc.com\/?s={search_term_string}"},"query-input":{"@type":"PropertyValueSpecification","valueRequired":true,"valueName":"search_term_string"}}],"inLanguage":"pl-PL"},{"@type":"Organization","@id":"https:\/\/ipautomationinc.com\/#organization","name":"Firma IP Automation Inc","url":"https:\/\/ipautomationinc.com\/","logo":{"@type":"ImageObject","inLanguage":"pl-PL","@id":"https:\/\/ipautomationinc.com\/#\/schema\/logo\/image\/","url":"https:\/\/ipautomationinc.com\/wp-content\/uploads\/2022\/05\/IPA-Favicon.png","contentUrl":"https:\/\/ipautomationinc.com\/wp-content\/uploads\/2022\/05\/IPA-Favicon.png","width":513,"height":513,"caption":"IP Automation Inc"},"image":{"@id":"https:\/\/ipautomationinc.com\/#\/schema\/logo\/image\/"},"sameAs":["https:\/\/www.facebook.com\/ipautomationinc\/","https:\/\/www.linkedin.com\/company\/ip-automation-inc\/","https:\/\/www.youtube.com\/@IPAutomation"]}]}},"_links":{"self":[{"href":"https:\/\/ipautomationinc.com\/pl\/wp-json\/wp\/v2\/pages\/1248","targetHints":{"allow":["GET"]}}],"collection":[{"href":"https:\/\/ipautomationinc.com\/pl\/wp-json\/wp\/v2\/pages"}],"about":[{"href":"https:\/\/ipautomationinc.com\/pl\/wp-json\/wp\/v2\/types\/page"}],"author":[{"embeddable":true,"href":"https:\/\/ipautomationinc.com\/pl\/wp-json\/wp\/v2\/users\/3"}],"replies":[{"embeddable":true,"href":"https:\/\/ipautomationinc.com\/pl\/wp-json\/wp\/v2\/comments?post=1248"}],"version-history":[{"count":3,"href":"https:\/\/ipautomationinc.com\/pl\/wp-json\/wp\/v2\/pages\/1248\/revisions"}],"predecessor-version":[{"id":39491,"href":"https:\/\/ipautomationinc.com\/pl\/wp-json\/wp\/v2\/pages\/1248\/revisions\/39491"}],"wp:attachment":[{"href":"https:\/\/ipautomationinc.com\/pl\/wp-json\/wp\/v2\/media?parent=1248"}],"curies":[{"name":"wp","href":"https:\/\/api.w.org\/{rel}","templated":true}]}}