{"id":1244,"date":"2022-06-16T16:18:04","date_gmt":"2022-06-16T21:18:04","guid":{"rendered":"https:\/\/ipautomationinc.com\/?page_id=1244"},"modified":"2026-02-24T10:08:44","modified_gmt":"2026-02-24T16:08:44","slug":"seria-i-d","status":"publish","type":"page","link":"https:\/\/ipautomationinc.com\/pl\/i-d-series\/","title":{"rendered":"Maszyna do formowania drutu CNC serii iD"},"content":{"rendered":"<h6 class=\"wp-block-heading\"><strong>Maszyna do formowania drutu 3D CNC z podw\u00f3jn\u0105 g\u0142owic\u0105 serii iD to idealny i popularny wyb\u00f3r do zastosowa\u0144 wymagaj\u0105cych precyzyjnych du\u017cych ram z drutu. Ca\u0142kowicie elektryczne 16 osi z mo\u017cliwo\u015bci\u0105 konfiguracji do 19 osi jest idealne do zastosowa\u0144 motoryzacyjnych i urz\u0105dze\u0144 wymagaj\u0105cych wi\u0119kszej pr\u0119dko\u015bci lub wymiarowo zbyt du\u017cych, aby mo\u017cna by\u0142o je obs\u0142u\u017cy\u0107 na jednej g\u0142owicy. Nasze unikalne g\u0142owice do gi\u0119cia poprzecznego pozwol\u0105 na tworzenie zagi\u0119\u0107 o du\u017cych promieniach, a opatentowany zacisk zapewnia niesko\u0144czony obr\u00f3t drutu. Cz\u0119sto w po\u0142\u0105czeniu z robotem z gi\u0119tark\u0105 dodatkow\u0105 pracuj\u0105c\u0105 w trybie off-line, aby zapewni\u0107 jeszcze bardziej zaawansowane mo\u017cliwo\u015bci formowania drutu.<\/strong><\/h6>\n\n\n\n<p><span class=\"builder2seo\"><\/span>Maszyna do formowania drutu CNC z podw\u00f3jn\u0105 g\u0142owic\u0105<br><br>Seria i-D<br><br><img decoding=\"async\" src=\"https:\/\/ipautomationinc.com\/wp-content\/uploads\/2024\/05\/NEW-i8-D-RGB.png#36635\" alt=\"NOWY i8-D RGB\"><br>Formarka do drutu iD CNC<br>400 pikseli<br><br>Kliknij tutaj, aby zobaczy\u0107 wideo<br><a href=\"https:\/\/ipautomationinc.com\/pl\/seria-i-d\/#video\">https:\/\/ipautomationinc.com\/i-d-series\/#video<\/a><br>fas fa-play-ko\u0142o<br>motyw_przycisku<br><br>Kliknij tutaj, aby pobra\u0107 ulotk\u0119 w formacie PDF<br><a href=\"https:\/\/ipautomationinc.com\/wp-content\/uploads\/2025\/09\/2025-i-D-Flyer.pdf\">https:\/\/ipautomationinc.com\/wp-content\/uploads\/2025\/09\/2025-i-D-Flyer.pdf<\/a><br>fas fa-plik-pdf<br>motyw_przycisku<br>https:\/\/ipautomationinc.com\/wp-content\/uploads\/2025\/09\/2025-i-D-Flyer.pdf<br><br>166,185,191,170,255<br>#0455B3<br>3px 3px 3px 3px<br><br><h4>The i-D series double head 3D CNC wire forming machine is an ideal choice for applications requiring precise large wire forms. The all electric 16 Axis and configurable up to 19 Axis is perfect for automotive and appliance applications requiring greater speed or dimensionally too large to handle on a single head.Our unique traversing bend heads will allow you to create large radii bends and the patented clamp provides infinite wire rotation. Often Robotically paired with an off- line secondary bender to provide even more advanced wire forming capability.<\/h4><br><br><h3>Aplikacje<\/h3><h4>Drut graniczny siedze\u0144 samochodowych, ramy monta\u017cowe poduszek, kraw\u0119dzie p\u00f3\u0142ek, stojaki na piekarniki <\/h4><br>#EBEBEB<br><br><img decoding=\"async\" src=\"https:\/\/ipautomationinc.com\/wp-content\/uploads\/2024\/05\/NEW-i8-D-RGB.png#36635\" alt=\"NOWY i8-D RGB\"><br><br>Kliknij tutaj, aby zobaczy\u0107 wideo<br><a href=\"https:\/\/ipautomationinc.com\/pl\/seria-i-d\/#video\">https:\/\/ipautomationinc.com\/i-d-series\/#video<\/a><br>fas fa-play-ko\u0142o<br>motyw_przycisku<br><br>Kliknij tutaj, aby pobra\u0107 ulotk\u0119 w formacie PDF<br><a href=\"https:\/\/ipautomationinc.com\/wp-content\/uploads\/2025\/09\/2025-i-D-Flyer.pdf\">https:\/\/ipautomationinc.com\/wp-content\/uploads\/2025\/09\/2025-i-D-Flyer.pdf<\/a><br>fas fa-plik-pdf<br>motyw_przycisku<br>https:\/\/ipautomationinc.com\/wp-content\/uploads\/2025\/09\/2025-i-D-Flyer.pdf<br><br>166,185,191,170,255<br>#0455B3<br>3px 3px 3px 3px<br>zwyczaj<br>80%<br><br><h4>The i-D series double head 3D CNC wire forming machine is an ideal choice for applications requiring precise large wire forms. The all electric 16 Axis and configurable up to 19 Axis is perfect for automotive and appliance applications requiring greater speed or dimensionally too large to handle on a single head.Our unique traversing bend heads will allow you to create large radii bends and the patented clamp provides infinite wire rotation. Often Robotically paired with an off- line secondary bender to provide even more advanced wire forming capability.<\/h4><br><br><h3>Aplikacje<\/h3><h4>Drut graniczny siedze\u0144 samochodowych, ramy monta\u017cowe poduszek, kraw\u0119dzie p\u00f3\u0142ek, stojaki na piekarniki <\/h4><br>#EBEBEB<br><br><br>G\u0142oska bezd\u017awi\u0119czna<br><br>;C;;<br><br>Wideo i6-D<br><a href=\"https:\/\/player.vimeo.com\/video\/1018761944\">https:\/\/player.vimeo.com\/video\/1018761944<\/a><br>lightbox<br>motyw_przycisku<br>wyj\u015bcie-mfn-popup<br><br>1302,1301,1208,1300,1204<br>du\u017cy<br><br><br>Cechy<br><br>Pochylenie si\u0119<br>Programowanie<br>Detale<br>Uk\u0142ad maszyny<br><br><br>\t16-19 Servo Axes:  X &#8211; feed, rotary straightener, C &#8211; cutter, Y &#8211; bender pin rotation(2X) , Z &#8211; clamp &amp; rotate, U &#8211;  tool pivot (2x),  P &#8211; bend head height (2X),  transfer, <br><br>\t4 lub 8 promieni gi\u0119cia<br><br>In\u017cynierowie IP Automation i maszyny CNC wykonuj\u0105 wszystkie g\u0142owice gn\u0105ce, obcinaki i rolki podaj\u0105ce drut we w\u0142asnym zakresie, po rozs\u0105dnych kosztach i szybkim czasie realizacji<br><br><br><br><br>\t<a href=\"https:\/\/ipautomationinc.com\/pl\/mozliwosci-maszyny\/\">Oprogramowanie Intellibend <\/a> w systemie operacyjnym Windows 10<br><br>Format programu CNC d\u0142ugo\u015b\u0107-obr\u00f3t-k\u0105t<br><br>\tPanel produkcyjny z mo\u017cliwo\u015bci\u0105 programowania w czasie rzeczywistym i wsadowym<br><br>\t21,5-calowy ekran wielodotykowy<br><br>\tZdalna \u0142\u0105czno\u015b\u0107 poprzez tunel VPN<br><br>\tProtok\u00f3\u0142 OPC-UA dla przemys\u0142u 4.0<br><br>Dost\u0119pne niestandardowe funkcje we\/wy<br><br>\t<br><br><br>Wyp\u0142ata drutu przy ud\u017awigu ramienia o ruchu liniowym: 3000 funt\u00f3w. w zestawie (dost\u0119pna opcja 4500 funt\u00f3w) <br><br>Klatka bezpiecze\u0144stwa 7\u2032 (2,13 m) z drzwiami blokuj\u0105cymi bezpiecze\u0144stwo<br><br>Prostownica drutu trzpieniowego, programowalna<br><br>Wszystkie systemy nap\u0119du posuwu i gi\u0119cia maj\u0105 hartowane ko\u0142a z\u0119bate i s\u0105 ca\u0142kowicie zamkni\u0119te.<br><br>Szybko obracane, hartowane rolki podaj\u0105ce dla 2 rozmiar\u00f3w drutu<br><br>Enkoder liniowy na podajniku drutu zapewniaj\u0105cy dok\u0142adno\u015b\u0107 i wykrywanie po\u015blizgu<br><br>Powierzchnia matrycy nadaj\u0105ca si\u0119 do ponownego szlifowania<br><br>Programowalne, chowane prowadnice drutu<br><br>Mo\u017cliwo\u015b\u0107 szkolenia na miejscu<br><br>Mo\u017cliwo\u015b\u0107 integracji robotycznej<br><br>Opcjonalny chowany zacisk \u015brodkowy<br><br><br><div class=\"image_frame image_item scale-with-grid element_classes no_border hover-disable mfn-img-box\"  role=\"link\" aria-label=\"Obraz z linkami\" tabindex=\"0\"><div class=\"image_wrapper\"><a href=\"https:\/\/ipautomationinc.com\/wp-content\/uploads\/2022\/07\/605-top.png\" rel=\"prettyphoto\"   class=\"\"  tabindex=\"-1\" title=\"\"><div class=\"mask\"><\/div><img decoding=\"async\" class=\"scale-with-grid\" src=\"https:\/\/ipautomationinc.com\/wp-content\/uploads\/2022\/07\/605-top.png\" fetchpriority=\"high\" alt=\"605 g\u00f3ra\" title=\"\" width=\"300\" height=\"424\" style=\"\"\/><\/a><div class=\"image_links\"><a href=\"https:\/\/ipautomationinc.com\/wp-content\/uploads\/2022\/07\/605-top.png\" class=\"zoom\" rel=\"prettyphoto\" tabindex=\"-1\" aria-label=\"powi\u0119ksz obraz\" title=\"\"><svg viewbox=\"0 0 26 26\"><defs><style>.path{fill:none;stroke:#333;stroke-miterlimit:10;stroke-width:1.5px;}<\/style><\/defs><circle cx=\"11.35\" cy=\"11.35\" r=\"6\" class=\"path\"\/><line x1=\"15.59\" y1=\"15.59\" x2=\"20.65\" y2=\"20.65\" class=\"path\"\/><\/svg><\/a><\/div><\/div><p class=\"wp-caption-text\">Widok z g\u00f3ry iD<\/p><\/div>\n<br><br><br><br><div class=\"image_frame image_item scale-with-grid element_classes no_border hover-disable mfn-img-box\"  role=\"link\" aria-label=\"Obraz z linkami\" tabindex=\"0\"><div class=\"image_wrapper\"><a href=\"https:\/\/ipautomationinc.com\/wp-content\/uploads\/2022\/07\/603-ISO-1.png\" rel=\"prettyphoto\"   class=\"\"  tabindex=\"-1\" title=\"\"><div class=\"mask\"><\/div><img decoding=\"async\" class=\"scale-with-grid\" src=\"https:\/\/ipautomationinc.com\/wp-content\/uploads\/2022\/07\/603-ISO-1.png\" fetchpriority=\"high\" alt=\"ISO 603\" title=\"\" width=\"300\" height=\"581\" style=\"\"\/><\/a><div class=\"image_links\"><a href=\"https:\/\/ipautomationinc.com\/wp-content\/uploads\/2022\/07\/603-ISO-1.png\" class=\"zoom\" rel=\"prettyphoto\" tabindex=\"-1\" aria-label=\"powi\u0119ksz obraz\" title=\"\"><svg viewbox=\"0 0 26 26\"><defs><style>.path{fill:none;stroke:#333;stroke-miterlimit:10;stroke-width:1.5px;}<\/style><\/defs><circle cx=\"11.35\" cy=\"11.35\" r=\"6\" class=\"path\"\/><line x1=\"15.59\" y1=\"15.59\" x2=\"20.65\" y2=\"20.65\" class=\"path\"\/><\/svg><\/a><\/div><\/div><p class=\"wp-caption-text\">Widok izometryczny iD<\/p><\/div>\n<br>#EBEBEB<br>#222222<br><br><br>Dane techniczne<br><br><br><br><p>*Na minimaln\u0105 i maksymaln\u0105 \u015brednic\u0119 wp\u0142ywa wytrzyma\u0142o\u015b\u0107 drutu na rozci\u0105ganie. Skontaktuj si\u0119 z nami, aby uzyska\u0107 wyja\u015bnienia dotycz\u0105ce zakresu min.\/maks. dla Twojego typu drutu.<\/p><br><br><br>Opcje maszyny<br><br>Inteligentna robotyka<br>z dostosowanym EOAT<br><img decoding=\"async\" src=\"https:\/\/ipautomationinc.com\/wp-content\/uploads\/2022\/06\/machine-options_robot.png#1271\" alt=\"opcje_komputera_robot\"><br><a href=\"https:\/\/ipautomationinc.com\/pl\/akcesoria\/robotyka\/\">https:\/\/ipautomationinc.com\/accessories\/robotics\/<\/a><br>skala pude\u0142kowa<br>70%<br><br>Spawarka doczo\u0142owa iBW-45<br>z zagarniaczem obrotowym<br><img decoding=\"async\" src=\"https:\/\/ipautomationinc.com\/wp-content\/uploads\/2025\/08\/machine-options_iBW-45.png#38050\" alt=\"opcje-maszyny_iBW-45\"><br><a href=\"https:\/\/ipautomationinc.com\/pl\/akcesoria\/spawacze-automatyczni\/\">https:\/\/ipautomationinc.com\/accessories\/automated-welders\/<\/a><br>skala pude\u0142kowa<br>70%<br><br>Prasa do zaciskania<br><img decoding=\"async\" src=\"https:\/\/ipautomationinc.com\/wp-content\/uploads\/2024\/08\/crimping-press-icon-crop.png#36758\" alt=\"crimping press icon crop\"><br><a href=\"https:\/\/ipautomationinc.com\/pl\/akcesoria\/prasa-zaciskowa\/\">https:\/\/ipautomationinc.com\/accessories\/crimping-press\/<\/a><br>skala pude\u0142kowa<br>70%<br><br>G\u0142owica zginana poprzecznie<br>do gi\u0119cia pozaosiowego i gi\u0119cia na du\u017cych matrycach<br><img decoding=\"async\" src=\"https:\/\/ipautomationinc.com\/wp-content\/uploads\/2022\/06\/machine-options_traversing-bend.png#1324\" alt=\"machine-options_traversing-bend\"><br>skala pude\u0142kowa<br>70%<br><br>Kontrola wzroku<br><img decoding=\"async\" src=\"https:\/\/ipautomationinc.com\/wp-content\/uploads\/2022\/06\/machine-options_vision-inspection-closeup.png#1305\" alt=\"machine-options_vision-inspection-closeup\"><br>skala pude\u0142kowa<br>70%<br><br>Serwonacisk<br><img decoding=\"async\" src=\"https:\/\/ipautomationinc.com\/wp-content\/uploads\/2022\/06\/machine-options_servo-press.png#1272\" alt=\"machine-options_servo-press\"><br>skala pude\u0142kowa<br>70%<br><br>Stacja \u0142agodz\u0105ca stres<br><img decoding=\"async\" src=\"https:\/\/ipautomationinc.com\/wp-content\/uploads\/2022\/06\/machine-options_stress-relieving.png#1287\" alt=\"opcje maszynowe_\u0142agodz\u0105ce stres\"><br>skala pude\u0142kowa<br>70%<br><br>Uzyskaj cen\u0119 teraz!<br>ikona-do przodu<br><a href=\"https:\/\/ipautomationinc.com\/pl\/skontaktuj-sie-z-nami\/#form\">https:\/\/ipautomationinc.com\/contact-us\/#form<\/a><br>50 pikseli<br><br>Inne maszyny do gi\u0119cia drutu CNC<br><br><h4>Gi\u0119tarki do drutu z pojedyncz\u0105 g\u0142owic\u0105<\/h4><br><br><p><hr class=\"no_line\" style=\"margin: 0 auto 0px auto\"\/>\n <a href=\"https:\/\/ipautomationinc.com\/pl\/gietarki-do-drutu-cnc-z-pojedyncza-glowica\/\"> <img decoding=\"async\" src=\"https:\/\/ipautomationinc.com\/wp-content\/uploads\/2023\/02\/i8-S-RGB-1.png\" alt=\"is CNC Drut By\u0142y\"> <\/a> <hr class=\"no_line\" style=\"margin: 0 auto 0px auto\"\/>\n <a class=\"mfn-link mfn-link-1\" href=\"\" style=\"\" data-hover=\"\"   ><span data-hover=\"\"><\/span><\/a><\/p><br>bez powt\u00f3rze\u0144;lewy g\u00f3rny;;<br>automatyczny<br><br><h4>Gi\u0119tarki do drutu 2D<\/h4><br><br><p><hr class=\"no_line\" style=\"margin: 0 auto 0px auto\"\/>\n <a href=\"https:\/\/ipautomationinc.com\/pl\/seria-2d\/\"> <img decoding=\"async\" src=\"https:\/\/ipautomationinc.com\/wp-content\/uploads\/2026\/02\/i10-S-2D-2D-CNC-Wire-Bending-Machine-With-Automated-Welder.png\" alt=\"Gi\u0119tarka do drutu CNC 2D\"> <\/a> <hr class=\"no_line\" style=\"margin: 0 auto 0px auto\"\/>\n <a class=\"mfn-link mfn-link-1\" href=\"\" style=\"\" data-hover=\"\"   ><span data-hover=\"\"><\/span><\/a><\/p><br>bez powt\u00f3rze\u0144;lewy g\u00f3rny;;<br>automatyczny<br><br><\/p>","protected":false},"excerpt":{"rendered":"<p>The i-D series double head 3D CNC wire forming machine is an ideal and popular choice for applications requiring precise<span class=\"excerpt-hellip\"> [\u2026]<\/span><\/p>\n","protected":false},"author":3,"featured_media":0,"parent":0,"menu_order":0,"comment_status":"closed","ping_status":"closed","template":"","meta":{"footnotes":""},"class_list":["post-1244","page","type-page","status-publish","hentry"],"yoast_head":"<!-- This site is optimized with the Yoast SEO plugin v27.3 - https:\/\/yoast.com\/product\/yoast-seo-wordpress\/ -->\n<title>i-D Series CNC Wire Forming Machine | IP Automation Inc<\/title>\n<meta name=\"description\" content=\"The i-D series double head CNC wire forming machine is an ideal and popular choice for applications requiring precise large wire frames.\" \/>\n<meta name=\"robots\" content=\"index, follow, max-snippet:-1, max-image-preview:large, max-video-preview:-1\" \/>\n<link rel=\"canonical\" href=\"https:\/\/ipautomationinc.com\/pl\/seria-i-d\/\" \/>\n<meta property=\"og:locale\" content=\"pl_PL\" \/>\n<meta property=\"og:type\" content=\"article\" \/>\n<meta property=\"og:title\" content=\"i-D Series CNC Wire Forming Machine | IP Automation Inc\" \/>\n<meta property=\"og:description\" content=\"The i-D series double head CNC wire forming machine is an ideal and popular choice for applications requiring precise large wire frames.\" \/>\n<meta property=\"og:url\" content=\"https:\/\/ipautomationinc.com\/pl\/seria-i-d\/\" \/>\n<meta property=\"og:site_name\" content=\"IP Automation Inc\" \/>\n<meta property=\"article:publisher\" content=\"https:\/\/www.facebook.com\/ipautomationinc\/\" \/>\n<meta property=\"article:modified_time\" content=\"2026-02-24T16:08:44+00:00\" \/>\n<meta property=\"og:image\" content=\"https:\/\/ipautomationinc.com\/wp-content\/uploads\/2024\/05\/NEW-i8-D-RGB.png#36635\" \/>\n<script type=\"application\/ld+json\" class=\"yoast-schema-graph\">{\"@context\":\"https:\\\/\\\/schema.org\",\"@graph\":[{\"@type\":\"WebPage\",\"@id\":\"https:\\\/\\\/ipautomationinc.com\\\/i-d-series\\\/\",\"url\":\"https:\\\/\\\/ipautomationinc.com\\\/i-d-series\\\/\",\"name\":\"i-D Series CNC Wire Forming Machine | IP Automation Inc\",\"isPartOf\":{\"@id\":\"https:\\\/\\\/ipautomationinc.com\\\/#website\"},\"primaryImageOfPage\":{\"@id\":\"https:\\\/\\\/ipautomationinc.com\\\/i-d-series\\\/#primaryimage\"},\"image\":{\"@id\":\"https:\\\/\\\/ipautomationinc.com\\\/i-d-series\\\/#primaryimage\"},\"thumbnailUrl\":\"https:\\\/\\\/ipautomationinc.com\\\/wp-content\\\/uploads\\\/2024\\\/05\\\/NEW-i8-D-RGB.png#36635\",\"datePublished\":\"2022-06-16T21:18:04+00:00\",\"dateModified\":\"2026-02-24T16:08:44+00:00\",\"description\":\"The i-D series double head CNC wire forming machine is an ideal and popular choice for applications requiring precise large wire frames.\",\"inLanguage\":\"pl-PL\",\"potentialAction\":[{\"@type\":\"ReadAction\",\"target\":[\"https:\\\/\\\/ipautomationinc.com\\\/i-d-series\\\/\"]}]},{\"@type\":\"ImageObject\",\"inLanguage\":\"pl-PL\",\"@id\":\"https:\\\/\\\/ipautomationinc.com\\\/i-d-series\\\/#primaryimage\",\"url\":\"https:\\\/\\\/ipautomationinc.com\\\/wp-content\\\/uploads\\\/2024\\\/05\\\/NEW-i8-D-RGB.png#36635\",\"contentUrl\":\"https:\\\/\\\/ipautomationinc.com\\\/wp-content\\\/uploads\\\/2024\\\/05\\\/NEW-i8-D-RGB.png#36635\"},{\"@type\":\"WebSite\",\"@id\":\"https:\\\/\\\/ipautomationinc.com\\\/#website\",\"url\":\"https:\\\/\\\/ipautomationinc.com\\\/\",\"name\":\"IP Automation Inc\",\"description\":\"Concept... Creation... Reality...\",\"publisher\":{\"@id\":\"https:\\\/\\\/ipautomationinc.com\\\/#organization\"},\"potentialAction\":[{\"@type\":\"SearchAction\",\"target\":{\"@type\":\"EntryPoint\",\"urlTemplate\":\"https:\\\/\\\/ipautomationinc.com\\\/?s={search_term_string}\"},\"query-input\":{\"@type\":\"PropertyValueSpecification\",\"valueRequired\":true,\"valueName\":\"search_term_string\"}}],\"inLanguage\":\"pl-PL\"},{\"@type\":\"Organization\",\"@id\":\"https:\\\/\\\/ipautomationinc.com\\\/#organization\",\"name\":\"IP Automation Inc\",\"url\":\"https:\\\/\\\/ipautomationinc.com\\\/\",\"logo\":{\"@type\":\"ImageObject\",\"inLanguage\":\"pl-PL\",\"@id\":\"https:\\\/\\\/ipautomationinc.com\\\/#\\\/schema\\\/logo\\\/image\\\/\",\"url\":\"https:\\\/\\\/ipautomationinc.com\\\/wp-content\\\/uploads\\\/2022\\\/05\\\/IPA-Favicon.png\",\"contentUrl\":\"https:\\\/\\\/ipautomationinc.com\\\/wp-content\\\/uploads\\\/2022\\\/05\\\/IPA-Favicon.png\",\"width\":513,\"height\":513,\"caption\":\"IP Automation Inc\"},\"image\":{\"@id\":\"https:\\\/\\\/ipautomationinc.com\\\/#\\\/schema\\\/logo\\\/image\\\/\"},\"sameAs\":[\"https:\\\/\\\/www.facebook.com\\\/ipautomationinc\\\/\",\"https:\\\/\\\/www.linkedin.com\\\/company\\\/ip-automation-inc\\\/\",\"https:\\\/\\\/www.youtube.com\\\/@IPAutomation\"]}]}<\/script>\n<!-- \/ Yoast SEO plugin. -->","yoast_head_json":{"title":"Maszyna do formowania drutu CNC serii iD | Firma IP Automation Inc","description":"Maszyna do formowania drutu CNC z podw\u00f3jn\u0105 g\u0142owic\u0105 serii iD to idealny i popularny wyb\u00f3r do zastosowa\u0144 wymagaj\u0105cych precyzyjnych du\u017cych ram drucianych.","robots":{"index":"index","follow":"follow","max-snippet":"max-snippet:-1","max-image-preview":"max-image-preview:large","max-video-preview":"max-video-preview:-1"},"canonical":"https:\/\/ipautomationinc.com\/pl\/seria-i-d\/","og_locale":"pl_PL","og_type":"article","og_title":"i-D Series CNC Wire Forming Machine | IP Automation Inc","og_description":"The i-D series double head CNC wire forming machine is an ideal and popular choice for applications requiring precise large wire frames.","og_url":"https:\/\/ipautomationinc.com\/pl\/seria-i-d\/","og_site_name":"IP Automation Inc","article_publisher":"https:\/\/www.facebook.com\/ipautomationinc\/","article_modified_time":"2026-02-24T16:08:44+00:00","og_image":[{"url":"https:\/\/ipautomationinc.com\/wp-content\/uploads\/2024\/05\/NEW-i8-D-RGB.png#36635","type":"","width":"","height":""}],"schema":{"@context":"https:\/\/schema.org","@graph":[{"@type":"WebPage","@id":"https:\/\/ipautomationinc.com\/i-d-series\/","url":"https:\/\/ipautomationinc.com\/i-d-series\/","name":"Maszyna do formowania drutu CNC serii iD | Firma IP Automation Inc","isPartOf":{"@id":"https:\/\/ipautomationinc.com\/#website"},"primaryImageOfPage":{"@id":"https:\/\/ipautomationinc.com\/i-d-series\/#primaryimage"},"image":{"@id":"https:\/\/ipautomationinc.com\/i-d-series\/#primaryimage"},"thumbnailUrl":"https:\/\/ipautomationinc.com\/wp-content\/uploads\/2024\/05\/NEW-i8-D-RGB.png#36635","datePublished":"2022-06-16T21:18:04+00:00","dateModified":"2026-02-24T16:08:44+00:00","description":"Maszyna do formowania drutu CNC z podw\u00f3jn\u0105 g\u0142owic\u0105 serii iD to idealny i popularny wyb\u00f3r do zastosowa\u0144 wymagaj\u0105cych precyzyjnych du\u017cych ram drucianych.","inLanguage":"pl-PL","potentialAction":[{"@type":"ReadAction","target":["https:\/\/ipautomationinc.com\/i-d-series\/"]}]},{"@type":"ImageObject","inLanguage":"pl-PL","@id":"https:\/\/ipautomationinc.com\/i-d-series\/#primaryimage","url":"https:\/\/ipautomationinc.com\/wp-content\/uploads\/2024\/05\/NEW-i8-D-RGB.png#36635","contentUrl":"https:\/\/ipautomationinc.com\/wp-content\/uploads\/2024\/05\/NEW-i8-D-RGB.png#36635"},{"@type":"WebSite","@id":"https:\/\/ipautomationinc.com\/#website","url":"https:\/\/ipautomationinc.com\/","name":"Firma IP Automation Inc","description":"Koncepcja... Kreacja... Rzeczywisto\u015b\u0107...","publisher":{"@id":"https:\/\/ipautomationinc.com\/#organization"},"potentialAction":[{"@type":"SearchAction","target":{"@type":"EntryPoint","urlTemplate":"https:\/\/ipautomationinc.com\/?s={search_term_string}"},"query-input":{"@type":"PropertyValueSpecification","valueRequired":true,"valueName":"search_term_string"}}],"inLanguage":"pl-PL"},{"@type":"Organization","@id":"https:\/\/ipautomationinc.com\/#organization","name":"Firma IP Automation Inc","url":"https:\/\/ipautomationinc.com\/","logo":{"@type":"ImageObject","inLanguage":"pl-PL","@id":"https:\/\/ipautomationinc.com\/#\/schema\/logo\/image\/","url":"https:\/\/ipautomationinc.com\/wp-content\/uploads\/2022\/05\/IPA-Favicon.png","contentUrl":"https:\/\/ipautomationinc.com\/wp-content\/uploads\/2022\/05\/IPA-Favicon.png","width":513,"height":513,"caption":"IP Automation Inc"},"image":{"@id":"https:\/\/ipautomationinc.com\/#\/schema\/logo\/image\/"},"sameAs":["https:\/\/www.facebook.com\/ipautomationinc\/","https:\/\/www.linkedin.com\/company\/ip-automation-inc\/","https:\/\/www.youtube.com\/@IPAutomation"]}]}},"_links":{"self":[{"href":"https:\/\/ipautomationinc.com\/pl\/wp-json\/wp\/v2\/pages\/1244","targetHints":{"allow":["GET"]}}],"collection":[{"href":"https:\/\/ipautomationinc.com\/pl\/wp-json\/wp\/v2\/pages"}],"about":[{"href":"https:\/\/ipautomationinc.com\/pl\/wp-json\/wp\/v2\/types\/page"}],"author":[{"embeddable":true,"href":"https:\/\/ipautomationinc.com\/pl\/wp-json\/wp\/v2\/users\/3"}],"replies":[{"embeddable":true,"href":"https:\/\/ipautomationinc.com\/pl\/wp-json\/wp\/v2\/comments?post=1244"}],"version-history":[{"count":3,"href":"https:\/\/ipautomationinc.com\/pl\/wp-json\/wp\/v2\/pages\/1244\/revisions"}],"predecessor-version":[{"id":39489,"href":"https:\/\/ipautomationinc.com\/pl\/wp-json\/wp\/v2\/pages\/1244\/revisions\/39489"}],"wp:attachment":[{"href":"https:\/\/ipautomationinc.com\/pl\/wp-json\/wp\/v2\/media?parent=1244"}],"curies":[{"name":"wp","href":"https:\/\/api.w.org\/{rel}","templated":true}]}}