{"id":1241,"date":"2022-06-16T15:42:09","date_gmt":"2022-06-16T20:42:09","guid":{"rendered":"https:\/\/ipautomationinc.com\/?page_id=1241"},"modified":"2026-04-07T15:53:55","modified_gmt":"2026-04-07T20:53:55","slug":"seria-2d","status":"publish","type":"page","link":"https:\/\/ipautomationinc.com\/pl\/2d-series\/","title":{"rendered":"i-2D Series 2D CNC Wire Bending Machine"},"content":{"rendered":"<h6 class=\"wp-block-heading\"><strong>The i-H series is the most advanced 2D CNC wire bending mThe i-2D series (previously known as the i-H series) is the most advanced 2D CNC wire bending machine on the market today. Featuring all electric design for optimal performance and reliability. The wire cutting unit can be user configured for open die cutting which integrates perfectly with the optional welding unit. Alternately, a side cut tooling change provides a very square cut.achine on the market today. Featuring all electric design for optimal performance and reliability. The wire cutting unit can be user configured for open die cutting which integrates perfectly with the optional welding unit. Alternately, a side cut tooling change provides a very square cut.<\/strong><\/h6>\n\n\n\n<p><span class=\"builder2seo\"><\/span>Gi\u0119tarki do drutu 2D CNC<br><br>Seria i-2D<br><br><img decoding=\"async\" src=\"https:\/\/ipautomationinc.com\/wp-content\/uploads\/2026\/02\/i10-S-2D-2D-CNC-Wire-Bending-Machine-With-Automated-Welder-text.png#39480\" alt=\"i10-S-2D 2D CNC Wire Bending Machine With Automated Welder text\"><br>Gi\u0119tarka do drutu iH 2D CNC<br>400 pikseli<br><br>Kliknij tutaj, aby zobaczy\u0107 wideo<br><a href=\"https:\/\/ipautomationinc.com\/pl\/seria-i-h\/#video\">https:\/\/ipautomationinc.com\/i-h-series\/#video<\/a><br>fas fa-play-ko\u0142o<br>motyw_przycisku<br><br>Kliknij tutaj, aby pobra\u0107 ulotk\u0119 w formacie PDF<br><a href=\"https:\/\/ipautomationinc.com\/wp-content\/uploads\/2025\/09\/2025-i-H-Flyer.pdf\">https:\/\/ipautomationinc.com\/wp-content\/uploads\/2025\/09\/2025-i-H-Flyer.pdf<\/a><br>fas fa-plik-pdf<br>motyw_przycisku<br>https:\/\/ipautomationinc.com\/wp-content\/uploads\/2025\/09\/2025-i-H-Flyer.pdf<br><br>1291,1290,1390<br>#0455B3<br>3px 3px 3px 3px<br>zwyczaj<br>60%<br><br><h4>The i-2D series (previously known as the i-H series) is the most advanced 2D CNC wire bending machine on the market today. Featuring all electric design for optimal performance and reliability. The wire cutting unit can be user configured for open die cutting which integrates perfectly with the optional welding unit. Alternately, a side cut tooling change provides a very square cut. The servo adjustable bend head height provides precision tool positioning not available on competitive machines. With an innovative coordination of the cutter motion with bend head height, you\\&#8217;ll have more bending and cutting control than any machine in it\\&#8217;s class. Available in both horizontal and angled table formats. The programming and feed mechanisms are the same American-Made quality you will find on our more advanced systems.<\/h4><br><br><h3>Aplikacje<\/h3><h4>Ramki filtracyjne, ramki do szyld\u00f3w, kosze druciane dla dzieci, wie\u0144ce, wygi\u0119cia generowane dla kszta\u0142t\u00f3w okr\u0105g\u0142ych. <\/h4><br>#EBEBEB<br><br><img decoding=\"async\" src=\"https:\/\/ipautomationinc.com\/wp-content\/uploads\/2026\/02\/i10-S-2D-2D-CNC-Wire-Bending-Machine-With-Automated-Welder-text.png#39480\" alt=\"i10-S-2D 2D CNC Wire Bending Machine With Automated Welder text\"><br><br>Kliknij tutaj, aby zobaczy\u0107 wideo<br><a href=\"https:\/\/ipautomationinc.com\/pl\/seria-i-h\/#video\">https:\/\/ipautomationinc.com\/i-h-series\/#video<\/a><br>fas fa-play-ko\u0142o<br>motyw_przycisku<br><br>Kliknij tutaj, aby pobra\u0107 ulotk\u0119 w formacie PDF<br><a href=\"https:\/\/ipautomationinc.com\/wp-content\/uploads\/2025\/09\/2025-i-H-Flyer.pdf\">https:\/\/ipautomationinc.com\/wp-content\/uploads\/2025\/09\/2025-i-H-Flyer.pdf<\/a><br>fas fa-plik-pdf<br>motyw_przycisku<br>https:\/\/ipautomationinc.com\/wp-content\/uploads\/2025\/09\/2025-i-H-Flyer.pdf<br><br>1291,1290,1390<br>#0455B3<br>3px 3px 3px 3px<br>zwyczaj<br>380 pikseli<br>80%<br><br><h4>The i-2D series (previously known as the i-H series) is the most advanced 2D CNC wire bending machine on the market today. Featuring all electric design for optimal performance and reliability. The wire cutting unit can be user configured for open die cutting which integrates perfectly with the optional welding unit. Alternately, a side cut tooling change provides a very square cut. The servo adjustable bend head height provides precision tool positioning not available on competitive machines. With an innovative coordination of the cutter motion with bend head height, you\\&#8217;ll have more bending and cutting control than any machine in it\\&#8217;s class. Available in both horizontal and angled table formats. The programming and feed mechanisms are the same American-Made quality you will find on our more advanced systems.<\/h4><br><br><h3>Aplikacje<\/h3><h4>Ramki filtracyjne, ramki do szyld\u00f3w, kosze druciane dla dzieci, wie\u0144ce, wygi\u0119cia generowane dla kszta\u0142t\u00f3w okr\u0105g\u0142ych. <\/h4><br>#EBEBEB<br><br><br>G\u0142oska bezd\u017awi\u0119czna<br><br>;C;;<br><br>Wideo i6-2D<br><a href=\"https:\/\/player.vimeo.com\/video\/971008651\">https:\/\/player.vimeo.com\/video\/971008651<\/a><br>lightbox<br>motyw_przycisku<br>wyj\u015bcie-mfn-popup<br><br>1306,1307,1312,1204,36775<br>du\u017cy<br><br><br>Cechy<br><br>Pochylenie si\u0119<br>Programowanie<br>Detale<br>Uk\u0142ad maszyny<br><br><br>\t4 Servo Axes:  X &#8211; feed, Y &#8211; bend, combined servo cutter and bend head height<br><br>\t2-8 promieni gi\u0119cia z mo\u017cliwo\u015bci\u0105 regulacji wysoko\u015bci gi\u0119cia<br><br>In\u017cynierowie IP Automation i maszyny CNC wykonuj\u0105 wszystkie g\u0142owice gn\u0105ce, obcinaki i rolki podaj\u0105ce drut we w\u0142asnym zakresie, po rozs\u0105dnych kosztach i szybkim czasie realizacji<br><br><br><br><br>\t<a href=\"https:\/\/ipautomationinc.com\/pl\/mozliwosci-maszyny\/\">Oprogramowanie Intellibend <\/a> w systemie operacyjnym Windows 10<br><br>\tPanel produkcyjny z mo\u017cliwo\u015bci\u0105 programowania w czasie rzeczywistym i wsadowym<br><br>\tEkran wielodotykowy o przek\u0105tnej 18,5 cala<br><br>\tZdalna \u0142\u0105czno\u015b\u0107 poprzez tunel VPN<br><br>\tProtok\u00f3\u0142 OPC-UA dla przemys\u0142u 4.0<br><br>Dost\u0119pne niestandardowe funkcje we\/wy<br><br>\t<br><br><br>Wyp\u0142ata drutu przy ud\u017awigu ramienia o ruchu liniowym: 3000 funt\u00f3w.<br><br>Szeroka, dwup\u0142aszczyznowa prostownica do drutu<br><br>Wszystkie systemy nap\u0119du posuwu i gi\u0119cia maj\u0105 hartowane ko\u0142a z\u0119bate i s\u0105 ca\u0142kowicie zamkni\u0119te.<br><br>Szybko obracane, hartowane rolki podaj\u0105ce dla 2 rozmiar\u00f3w drutu<br><br>Enkoder liniowy na podajniku drutu zapewniaj\u0105cy dok\u0142adno\u015b\u0107 i wykrywanie po\u015blizgu<br><br>Powierzchnia matrycy nadaj\u0105ca si\u0119 do ponownego szlifowania<br><br><br><br>Opcja zautomatyzowanego modu\u0142u spawalniczego umo\u017cliwia spawanie jednocze\u015bnie z operacjami gi\u0119cia<br><br><br><br>wymaga ch\u0142odzenia wod\u0105 o szybko\u015bci 2 GPM (dost\u0119pna jest opcja samodzielnego agregatu wody lodowej)<br><br><br><br><br><br>Mo\u017cliwo\u015b\u0107 szkolenia na miejscu<br><br>Mo\u017cliwo\u015b\u0107 integracji robotycznej<br><br><br><div class=\"image_frame image_item scale-with-grid element_classes no_border hover-disable mfn-img-box\"  role=\"link\" aria-label=\"Obraz z linkami\" tabindex=\"0\"><div class=\"image_wrapper\"><a href=\"https:\/\/ipautomationinc.com\/wp-content\/uploads\/2022\/06\/i6-H.png\" rel=\"prettyphoto\"   class=\"\"  tabindex=\"-1\" title=\"\"><div class=\"mask\"><\/div><img decoding=\"async\" class=\"scale-with-grid\" src=\"https:\/\/ipautomationinc.com\/wp-content\/uploads\/2022\/06\/i6-H.png\" fetchpriority=\"high\" alt=\"Pomiary maszyny do gi\u0119cia drutu cnc i6-H\" title=\"\" width=\"225\" height=\"505\" style=\"\"\/><\/a><div class=\"image_links\"><a href=\"https:\/\/ipautomationinc.com\/wp-content\/uploads\/2022\/06\/i6-H.png\" class=\"zoom\" rel=\"prettyphoto\" tabindex=\"-1\" aria-label=\"powi\u0119ksz obraz\" title=\"\"><svg viewbox=\"0 0 26 26\"><defs><style>.path{fill:none;stroke:#333;stroke-miterlimit:10;stroke-width:1.5px;}<\/style><\/defs><circle cx=\"11.35\" cy=\"11.35\" r=\"6\" class=\"path\"\/><line x1=\"15.59\" y1=\"15.59\" x2=\"20.65\" y2=\"20.65\" class=\"path\"\/><\/svg><\/a><\/div><\/div><p class=\"wp-caption-text\">Widok z przodu i6-H<\/p><\/div>\n<br><br><br><br><div class=\"image_frame image_item scale-with-grid element_classes no_border hover-disable mfn-img-box\"  role=\"link\" aria-label=\"Obraz z linkami\" tabindex=\"0\"><div class=\"image_wrapper\"><a href=\"https:\/\/ipautomationinc.com\/wp-content\/uploads\/2022\/06\/i6-H-ISO.png\" rel=\"prettyphoto\"   class=\"\"  tabindex=\"-1\" title=\"\"><div class=\"mask\"><\/div><img decoding=\"async\" class=\"scale-with-grid\" src=\"https:\/\/ipautomationinc.com\/wp-content\/uploads\/2022\/06\/i6-H-ISO.png\" fetchpriority=\"high\" alt=\"Uk\u0142ad iso maszyny do gi\u0119cia drutu cnc iH 2D\" title=\"\" width=\"225\" height=\"613\" style=\"\"\/><\/a><div class=\"image_links\"><a href=\"https:\/\/ipautomationinc.com\/wp-content\/uploads\/2022\/06\/i6-H-ISO.png\" class=\"zoom\" rel=\"prettyphoto\" tabindex=\"-1\" aria-label=\"powi\u0119ksz obraz\" title=\"\"><svg viewbox=\"0 0 26 26\"><defs><style>.path{fill:none;stroke:#333;stroke-miterlimit:10;stroke-width:1.5px;}<\/style><\/defs><circle cx=\"11.35\" cy=\"11.35\" r=\"6\" class=\"path\"\/><line x1=\"15.59\" y1=\"15.59\" x2=\"20.65\" y2=\"20.65\" class=\"path\"\/><\/svg><\/a><\/div><\/div><p class=\"wp-caption-text\">Widok izometryczny i6-H<\/p><\/div>\n<br><br><br><br><div class=\"image_frame image_item scale-with-grid element_classes no_border hover-disable mfn-img-box\"  role=\"link\" aria-label=\"Obraz z linkami\" tabindex=\"0\"><div class=\"image_wrapper\"><a href=\"https:\/\/ipautomationinc.com\/wp-content\/uploads\/2022\/06\/701-Side.png\" rel=\"prettyphoto\"   class=\"\"  tabindex=\"-1\" title=\"\"><div class=\"mask\"><\/div><img decoding=\"async\" class=\"scale-with-grid\" src=\"https:\/\/ipautomationinc.com\/wp-content\/uploads\/2022\/06\/701-Side.png\" fetchpriority=\"high\" alt=\"701 Strona\" title=\"\" width=\"225\" height=\"241\" style=\"\"\/><\/a><div class=\"image_links\"><a href=\"https:\/\/ipautomationinc.com\/wp-content\/uploads\/2022\/06\/701-Side.png\" class=\"zoom\" rel=\"prettyphoto\" tabindex=\"-1\" aria-label=\"powi\u0119ksz obraz\" title=\"\"><svg viewbox=\"0 0 26 26\"><defs><style>.path{fill:none;stroke:#333;stroke-miterlimit:10;stroke-width:1.5px;}<\/style><\/defs><circle cx=\"11.35\" cy=\"11.35\" r=\"6\" class=\"path\"\/><line x1=\"15.59\" y1=\"15.59\" x2=\"20.65\" y2=\"20.65\" class=\"path\"\/><\/svg><\/a><\/div><\/div><p class=\"wp-caption-text\">i13-H Widok z przodu<\/p><\/div>\n<br><br><br><br><div class=\"image_frame image_item scale-with-grid element_classes no_border hover-disable mfn-img-box\"  role=\"link\" aria-label=\"Obraz z linkami\" tabindex=\"0\"><div class=\"image_wrapper\"><a href=\"https:\/\/ipautomationinc.com\/wp-content\/uploads\/2022\/06\/701-Top.png\" rel=\"prettyphoto\"   class=\"\"  tabindex=\"-1\" title=\"\"><div class=\"mask\"><\/div><img decoding=\"async\" class=\"scale-with-grid\" src=\"https:\/\/ipautomationinc.com\/wp-content\/uploads\/2022\/06\/701-Top.png\" fetchpriority=\"high\" alt=\"Widok z g\u00f3ry maszyny do gi\u0119cia drutu cnc iH\" title=\"\" width=\"225\" height=\"412\" style=\"\"\/><\/a><div class=\"image_links\"><a href=\"https:\/\/ipautomationinc.com\/wp-content\/uploads\/2022\/06\/701-Top.png\" class=\"zoom\" rel=\"prettyphoto\" tabindex=\"-1\" aria-label=\"powi\u0119ksz obraz\" title=\"\"><svg viewbox=\"0 0 26 26\"><defs><style>.path{fill:none;stroke:#333;stroke-miterlimit:10;stroke-width:1.5px;}<\/style><\/defs><circle cx=\"11.35\" cy=\"11.35\" r=\"6\" class=\"path\"\/><line x1=\"15.59\" y1=\"15.59\" x2=\"20.65\" y2=\"20.65\" class=\"path\"\/><\/svg><\/a><\/div><\/div><p class=\"wp-caption-text\">i13-H Widok z g\u00f3ry<\/p><\/div>\n<br><br><br><br><div class=\"image_frame image_item scale-with-grid element_classes no_border hover-disable mfn-img-box\"  role=\"link\" aria-label=\"Obraz z linkami\" tabindex=\"0\"><div class=\"image_wrapper\"><a href=\"https:\/\/ipautomationinc.com\/wp-content\/uploads\/2022\/06\/701-ISO-A.png\" rel=\"prettyphoto\"   class=\"\"  tabindex=\"-1\" title=\"\"><div class=\"mask\"><\/div><img decoding=\"async\" class=\"scale-with-grid\" src=\"https:\/\/ipautomationinc.com\/wp-content\/uploads\/2022\/06\/701-ISO-A.png\" fetchpriority=\"high\" alt=\"701 ISO A\" title=\"\" width=\"225\" height=\"468\" style=\"\"\/><\/a><div class=\"image_links\"><a href=\"https:\/\/ipautomationinc.com\/wp-content\/uploads\/2022\/06\/701-ISO-A.png\" class=\"zoom\" rel=\"prettyphoto\" tabindex=\"-1\" aria-label=\"powi\u0119ksz obraz\" title=\"\"><svg viewbox=\"0 0 26 26\"><defs><style>.path{fill:none;stroke:#333;stroke-miterlimit:10;stroke-width:1.5px;}<\/style><\/defs><circle cx=\"11.35\" cy=\"11.35\" r=\"6\" class=\"path\"\/><line x1=\"15.59\" y1=\"15.59\" x2=\"20.65\" y2=\"20.65\" class=\"path\"\/><\/svg><\/a><\/div><\/div><p class=\"wp-caption-text\">Widok izometryczny i13-H<\/p><\/div>\n<br>#EBEBEB<br>#222222<br><br><br>Dane techniczne<br><br><br><br><p>*Na minimaln\u0105 i maksymaln\u0105 \u015brednic\u0119 wp\u0142ywa wytrzyma\u0142o\u015b\u0107 drutu na rozci\u0105ganie. Skontaktuj si\u0119 z nami, aby uzyska\u0107 wyja\u015bnienia dotycz\u0105ce zakresu min.\/maks. dla Twojego typu drutu.<\/p><br><br><br>Opcje maszyny<br><br>Inteligentna robotyka<br>z dostosowanym EOAT<br><img decoding=\"async\" src=\"https:\/\/ipautomationinc.com\/wp-content\/uploads\/2022\/06\/machine-options_robot.png#1271\" alt=\"opcje_komputera_robot\"><br><a href=\"https:\/\/ipautomationinc.com\/pl\/akcesoria\/robotyka\/\">https:\/\/ipautomationinc.com\/accessories\/robotics\/<\/a><br>skala pude\u0142kowa<br>70%<br><br>Zintegrowana zgrzewarka doczo\u0142owa<br><img decoding=\"async\" src=\"https:\/\/ipautomationinc.com\/wp-content\/uploads\/2024\/08\/i-H-Welder-highligt.png#36775\" alt=\"i-H Welder highligt\"><br><a href=\"https:\/\/ipautomationinc.com\/pl\/akcesoria\/spawacze-automatyczni\/\">https:\/\/ipautomationinc.com\/accessories\/automated-welders\/<\/a><br>skala pude\u0142kowa<br>100%<br><br>Centrum obr\u00f3bcze iFM<br><img decoding=\"async\" src=\"https:\/\/ipautomationinc.com\/wp-content\/uploads\/2023\/11\/ifm-icon-1.png#35422\" alt=\"ikona ifm\"><br><a href=\"https:\/\/ipautomationinc.com\/pl\/akcesoria\/centrum-obrobcze\/\">https:\/\/ipautomationinc.com\/accessories\/machining-center\/<\/a><br>skala pude\u0142kowa<br>70%<br><br>Spawarka doczo\u0142owa iBW-45<br>Z obrotowym ko\u0142kiem<br><img decoding=\"async\" src=\"https:\/\/ipautomationinc.com\/wp-content\/uploads\/2025\/08\/machine-options_iBW-45.png#38050\" alt=\"opcje-maszyny_iBW-45\"><br><a href=\"https:\/\/ipautomationinc.com\/pl\/akcesoria\/spawacze-automatyczni\/\">https:\/\/ipautomationinc.com\/accessories\/automated-welders\/<\/a><br>skala pude\u0142kowa<br>70%<br><br>Stacja fazowania\/wiercenia<br><img decoding=\"async\" src=\"https:\/\/ipautomationinc.com\/wp-content\/uploads\/2024\/08\/chamfer-drill.png#36736\" alt=\"wiert\u0142o fazuj\u0105ce\"><br><a href=\"https:\/\/ipautomationinc.com\/pl\/akcesoria\/wiertlo-fazujace\/\">https:\/\/ipautomationinc.com\/accessories\/chamfer-drill\/<\/a><br>skala pude\u0142kowa<br>70%<br><br>Kontrola wzroku<br><img decoding=\"async\" src=\"https:\/\/ipautomationinc.com\/wp-content\/uploads\/2022\/06\/machine-options_vision-inspection-closeup.png#1305\" alt=\"machine-options_vision-inspection-closeup\"><br>skala pude\u0142kowa<br>70%<br><br>Serwonacisk<br><img decoding=\"async\" src=\"https:\/\/ipautomationinc.com\/wp-content\/uploads\/2022\/06\/machine-options_servo-press.png#1272\" alt=\"machine-options_servo-press\"><br>skala pude\u0142kowa<br>70%<br><br>Stacja \u0142agodz\u0105ca stres<br>ikona-lampa<br><img decoding=\"async\" src=\"https:\/\/ipautomationinc.com\/wp-content\/uploads\/2022\/06\/machine-options_stress-relieving.png#1287\" alt=\"opcje maszynowe_\u0142agodz\u0105ce stres\"><br>skala pude\u0142kowa<br>70%<br><br>Uzyskaj cen\u0119 teraz!<br>ikona-do przodu<br><a href=\"https:\/\/ipautomationinc.com\/pl\/skontaktuj-sie-z-nami\/#form\">https:\/\/ipautomationinc.com\/contact-us\/#form<\/a><br>50 pikseli<br><br>Inne maszyny do gi\u0119cia drutu CNC<br><br><h4>Gi\u0119tarki do drutu z pojedyncz\u0105 g\u0142owic\u0105<\/h4><br><br><p><hr class=\"no_line\" style=\"margin: 0 auto 0px auto\"\/>\n <a href=\"https:\/\/ipautomationinc.com\/pl\/gietarki-do-drutu-cnc-z-pojedyncza-glowica\/\"> <img decoding=\"async\" src=\"https:\/\/ipautomationinc.com\/wp-content\/uploads\/2023\/02\/i8-S-RGB-1.png\" alt=\"is CNC Drut By\u0142y\"> <\/a> <hr class=\"no_line\" style=\"margin: 0 auto 0px auto\"\/>\n <a class=\"mfn-link mfn-link-1\" href=\"\" style=\"\" data-hover=\"\"   ><span data-hover=\"\"><\/span><\/a><\/p><br>bez powt\u00f3rze\u0144;lewy g\u00f3rny;;<br>automatyczny<br><br><h4>Gi\u0119tarki do drutu z podw\u00f3jn\u0105 g\u0142owic\u0105<\/h4><br><br><p><hr class=\"no_line\" style=\"margin: 0 auto 0px auto\"\/>\n <a href=\"https:\/\/ipautomationinc.com\/pl\/gietarki-do-drutu-cnc-dwuglowicowe\/\"> <img decoding=\"async\" src=\"https:\/\/ipautomationinc.com\/wp-content\/uploads\/2024\/07\/i8-D-double-head-1.png\" alt=\"\"> <\/a> <hr class=\"no_line\" style=\"margin: 0 auto 0px auto\"\/>\n <a class=\"mfn-link mfn-link-1\" href=\"\" style=\"\" data-hover=\"\"   ><span data-hover=\"\"><\/span><\/a><\/p><br>bez powt\u00f3rze\u0144;lewy g\u00f3rny;;<br>automatyczny<br><br><\/p>","protected":false},"excerpt":{"rendered":"<p>The i-H series is the most advanced 2D CNC wire bending mThe i-2D series (previously known as the i-H series)<span class=\"excerpt-hellip\"> [\u2026]<\/span><\/p>\n","protected":false},"author":3,"featured_media":0,"parent":0,"menu_order":0,"comment_status":"closed","ping_status":"closed","template":"","meta":{"footnotes":""},"class_list":["post-1241","page","type-page","status-publish","hentry"],"yoast_head":"<!-- This site is optimized with the Yoast SEO plugin v27.2 - https:\/\/yoast.com\/product\/yoast-seo-wordpress\/ -->\n<title>i-2D Series 2D CNC Wire Bending Machine | IP Automation Inc<\/title>\n<meta name=\"description\" content=\"The i-2D series is the the most advanced 2D CNC wire bending machine on the market. Featuring all servo electric bending, feeding and cutting.\" \/>\n<meta name=\"robots\" content=\"index, follow, max-snippet:-1, max-image-preview:large, max-video-preview:-1\" \/>\n<link rel=\"canonical\" href=\"https:\/\/ipautomationinc.com\/pl\/seria-2d\/\" \/>\n<meta property=\"og:locale\" content=\"pl_PL\" \/>\n<meta property=\"og:type\" content=\"article\" \/>\n<meta property=\"og:title\" content=\"i-2D Series 2D CNC Wire Bending Machine | IP Automation Inc\" \/>\n<meta property=\"og:description\" content=\"The i-2D series is the the most advanced 2D CNC wire bending machine on the market. Featuring all servo electric bending, feeding and cutting.\" \/>\n<meta property=\"og:url\" content=\"https:\/\/ipautomationinc.com\/pl\/seria-2d\/\" \/>\n<meta property=\"og:site_name\" content=\"IP Automation Inc\" \/>\n<meta property=\"article:publisher\" content=\"https:\/\/www.facebook.com\/ipautomationinc\/\" \/>\n<meta property=\"article:modified_time\" content=\"2026-04-07T20:53:55+00:00\" \/>\n<meta property=\"og:image\" content=\"https:\/\/ipautomationinc.com\/wp-content\/uploads\/2026\/02\/i10-S-2D-2D-CNC-Wire-Bending-Machine-With-Automated-Welder-text.png#39480\" \/>\n<script type=\"application\/ld+json\" class=\"yoast-schema-graph\">{\"@context\":\"https:\/\/schema.org\",\"@graph\":[{\"@type\":\"WebPage\",\"@id\":\"https:\/\/ipautomationinc.com\/2d-series\/\",\"url\":\"https:\/\/ipautomationinc.com\/2d-series\/\",\"name\":\"i-2D Series 2D CNC Wire Bending Machine | IP Automation Inc\",\"isPartOf\":{\"@id\":\"https:\/\/ipautomationinc.com\/#website\"},\"primaryImageOfPage\":{\"@id\":\"https:\/\/ipautomationinc.com\/2d-series\/#primaryimage\"},\"image\":{\"@id\":\"https:\/\/ipautomationinc.com\/2d-series\/#primaryimage\"},\"thumbnailUrl\":\"https:\/\/ipautomationinc.com\/wp-content\/uploads\/2026\/02\/i10-S-2D-2D-CNC-Wire-Bending-Machine-With-Automated-Welder-text.png#39480\",\"datePublished\":\"2022-06-16T20:42:09+00:00\",\"dateModified\":\"2026-04-07T20:53:55+00:00\",\"description\":\"The i-2D series is the the most advanced 2D CNC wire bending machine on the market. Featuring all servo electric bending, feeding and cutting.\",\"inLanguage\":\"pl-PL\",\"potentialAction\":[{\"@type\":\"ReadAction\",\"target\":[\"https:\/\/ipautomationinc.com\/2d-series\/\"]}]},{\"@type\":\"ImageObject\",\"inLanguage\":\"pl-PL\",\"@id\":\"https:\/\/ipautomationinc.com\/2d-series\/#primaryimage\",\"url\":\"https:\/\/ipautomationinc.com\/wp-content\/uploads\/2026\/02\/i10-S-2D-2D-CNC-Wire-Bending-Machine-With-Automated-Welder-text.png#39480\",\"contentUrl\":\"https:\/\/ipautomationinc.com\/wp-content\/uploads\/2026\/02\/i10-S-2D-2D-CNC-Wire-Bending-Machine-With-Automated-Welder-text.png#39480\"},{\"@type\":\"WebSite\",\"@id\":\"https:\/\/ipautomationinc.com\/#website\",\"url\":\"https:\/\/ipautomationinc.com\/\",\"name\":\"IP Automation Inc\",\"description\":\"Concept... Creation... Reality...\",\"publisher\":{\"@id\":\"https:\/\/ipautomationinc.com\/#organization\"},\"potentialAction\":[{\"@type\":\"SearchAction\",\"target\":{\"@type\":\"EntryPoint\",\"urlTemplate\":\"https:\/\/ipautomationinc.com\/?s={search_term_string}\"},\"query-input\":{\"@type\":\"PropertyValueSpecification\",\"valueRequired\":true,\"valueName\":\"search_term_string\"}}],\"inLanguage\":\"pl-PL\"},{\"@type\":\"Organization\",\"@id\":\"https:\/\/ipautomationinc.com\/#organization\",\"name\":\"IP Automation Inc\",\"url\":\"https:\/\/ipautomationinc.com\/\",\"logo\":{\"@type\":\"ImageObject\",\"inLanguage\":\"pl-PL\",\"@id\":\"https:\/\/ipautomationinc.com\/#\/schema\/logo\/image\/\",\"url\":\"https:\/\/ipautomationinc.com\/wp-content\/uploads\/2022\/05\/IPA-Favicon.png\",\"contentUrl\":\"https:\/\/ipautomationinc.com\/wp-content\/uploads\/2022\/05\/IPA-Favicon.png\",\"width\":513,\"height\":513,\"caption\":\"IP Automation Inc\"},\"image\":{\"@id\":\"https:\/\/ipautomationinc.com\/#\/schema\/logo\/image\/\"},\"sameAs\":[\"https:\/\/www.facebook.com\/ipautomationinc\/\",\"https:\/\/www.linkedin.com\/company\/ip-automation-inc\/\",\"https:\/\/www.youtube.com\/@IPAutomation\"]}]}<\/script>\n<!-- \/ Yoast SEO plugin. -->","yoast_head_json":{"title":"Gi\u0119tarka do drutu CNC serii i-2D 2D | IP Automation Inc","description":"Seria i-2D to najnowocze\u015bniejsza gi\u0119tarka do drutu 2D CNC na rynku. Wyposa\u017cona w sterowanie elektryczne, podawanie i ci\u0119cie wy\u0142\u0105cznie za pomoc\u0105 serwomotor\u00f3w.","robots":{"index":"index","follow":"follow","max-snippet":"max-snippet:-1","max-image-preview":"max-image-preview:large","max-video-preview":"max-video-preview:-1"},"canonical":"https:\/\/ipautomationinc.com\/pl\/seria-2d\/","og_locale":"pl_PL","og_type":"article","og_title":"i-2D Series 2D CNC Wire Bending Machine | IP Automation Inc","og_description":"The i-2D series is the the most advanced 2D CNC wire bending machine on the market. Featuring all servo electric bending, feeding and cutting.","og_url":"https:\/\/ipautomationinc.com\/pl\/seria-2d\/","og_site_name":"IP Automation Inc","article_publisher":"https:\/\/www.facebook.com\/ipautomationinc\/","article_modified_time":"2026-04-07T20:53:55+00:00","og_image":[{"url":"https:\/\/ipautomationinc.com\/wp-content\/uploads\/2026\/02\/i10-S-2D-2D-CNC-Wire-Bending-Machine-With-Automated-Welder-text.png#39480","type":"","width":"","height":""}],"schema":{"@context":"https:\/\/schema.org","@graph":[{"@type":"WebPage","@id":"https:\/\/ipautomationinc.com\/2d-series\/","url":"https:\/\/ipautomationinc.com\/2d-series\/","name":"Gi\u0119tarka do drutu CNC serii i-2D 2D | IP Automation Inc","isPartOf":{"@id":"https:\/\/ipautomationinc.com\/#website"},"primaryImageOfPage":{"@id":"https:\/\/ipautomationinc.com\/2d-series\/#primaryimage"},"image":{"@id":"https:\/\/ipautomationinc.com\/2d-series\/#primaryimage"},"thumbnailUrl":"https:\/\/ipautomationinc.com\/wp-content\/uploads\/2026\/02\/i10-S-2D-2D-CNC-Wire-Bending-Machine-With-Automated-Welder-text.png#39480","datePublished":"2022-06-16T20:42:09+00:00","dateModified":"2026-04-07T20:53:55+00:00","description":"Seria i-2D to najnowocze\u015bniejsza gi\u0119tarka do drutu 2D CNC na rynku. Wyposa\u017cona w sterowanie elektryczne, podawanie i ci\u0119cie wy\u0142\u0105cznie za pomoc\u0105 serwomotor\u00f3w.","inLanguage":"pl-PL","potentialAction":[{"@type":"ReadAction","target":["https:\/\/ipautomationinc.com\/2d-series\/"]}]},{"@type":"ImageObject","inLanguage":"pl-PL","@id":"https:\/\/ipautomationinc.com\/2d-series\/#primaryimage","url":"https:\/\/ipautomationinc.com\/wp-content\/uploads\/2026\/02\/i10-S-2D-2D-CNC-Wire-Bending-Machine-With-Automated-Welder-text.png#39480","contentUrl":"https:\/\/ipautomationinc.com\/wp-content\/uploads\/2026\/02\/i10-S-2D-2D-CNC-Wire-Bending-Machine-With-Automated-Welder-text.png#39480"},{"@type":"WebSite","@id":"https:\/\/ipautomationinc.com\/#website","url":"https:\/\/ipautomationinc.com\/","name":"Firma IP Automation Inc","description":"Koncepcja... Kreacja... Rzeczywisto\u015b\u0107...","publisher":{"@id":"https:\/\/ipautomationinc.com\/#organization"},"potentialAction":[{"@type":"SearchAction","target":{"@type":"EntryPoint","urlTemplate":"https:\/\/ipautomationinc.com\/?s={search_term_string}"},"query-input":{"@type":"PropertyValueSpecification","valueRequired":true,"valueName":"search_term_string"}}],"inLanguage":"pl-PL"},{"@type":"Organization","@id":"https:\/\/ipautomationinc.com\/#organization","name":"Firma IP Automation Inc","url":"https:\/\/ipautomationinc.com\/","logo":{"@type":"ImageObject","inLanguage":"pl-PL","@id":"https:\/\/ipautomationinc.com\/#\/schema\/logo\/image\/","url":"https:\/\/ipautomationinc.com\/wp-content\/uploads\/2022\/05\/IPA-Favicon.png","contentUrl":"https:\/\/ipautomationinc.com\/wp-content\/uploads\/2022\/05\/IPA-Favicon.png","width":513,"height":513,"caption":"IP Automation Inc"},"image":{"@id":"https:\/\/ipautomationinc.com\/#\/schema\/logo\/image\/"},"sameAs":["https:\/\/www.facebook.com\/ipautomationinc\/","https:\/\/www.linkedin.com\/company\/ip-automation-inc\/","https:\/\/www.youtube.com\/@IPAutomation"]}]}},"_links":{"self":[{"href":"https:\/\/ipautomationinc.com\/pl\/wp-json\/wp\/v2\/pages\/1241","targetHints":{"allow":["GET"]}}],"collection":[{"href":"https:\/\/ipautomationinc.com\/pl\/wp-json\/wp\/v2\/pages"}],"about":[{"href":"https:\/\/ipautomationinc.com\/pl\/wp-json\/wp\/v2\/types\/page"}],"author":[{"embeddable":true,"href":"https:\/\/ipautomationinc.com\/pl\/wp-json\/wp\/v2\/users\/3"}],"replies":[{"embeddable":true,"href":"https:\/\/ipautomationinc.com\/pl\/wp-json\/wp\/v2\/comments?post=1241"}],"version-history":[{"count":3,"href":"https:\/\/ipautomationinc.com\/pl\/wp-json\/wp\/v2\/pages\/1241\/revisions"}],"predecessor-version":[{"id":39483,"href":"https:\/\/ipautomationinc.com\/pl\/wp-json\/wp\/v2\/pages\/1241\/revisions\/39483"}],"wp:attachment":[{"href":"https:\/\/ipautomationinc.com\/pl\/wp-json\/wp\/v2\/media?parent=1241"}],"curies":[{"name":"wp","href":"https:\/\/api.w.org\/{rel}","templated":true}]}}