{"id":1234,"date":"2022-06-16T14:54:40","date_gmt":"2022-06-16T19:54:40","guid":{"rendered":"https:\/\/ipautomationinc.com\/?page_id=1234"},"modified":"2026-03-31T15:29:37","modified_gmt":"2026-03-31T20:29:37","slug":"seria-i-s-kwadrat","status":"publish","type":"page","link":"https:\/\/ipautomationinc.com\/pl\/i-s-squared-series\/","title":{"rendered":"Gi\u0119tarka do drutu 3D CNC serii i-S\u00b2"},"content":{"rendered":"<h6 class=\"wp-block-heading\"><strong>Gi\u0119tarki 3D CNC serii i-S\u00b2 bazuj\u0105 na naszej konstrukcji z serii iS, ale dodali\u015bmy dodatkow\u0105 g\u0142owic\u0119 gn\u0105c\u0105 zamontowan\u0105 na poprzecznej osi gi\u0119cia. Druga g\u0142owica gn\u0105ca otwiera mn\u00f3stwo mo\u017cliwo\u015bci, kt\u00f3rych nie da si\u0119 stworzy\u0107 na gi\u0119tarce z pojedyncz\u0105 g\u0142owic\u0105. Elastyczno\u015b\u0107 gi\u0119cia czopa i trzpienia w jednej maszynie zapewnia niesamowit\u0105 wszechstronno\u015b\u0107.<\/strong><\/h6>\n\n\n\n<p><\/p>\n\n\n\n<p><span class=\"builder2seo\"><\/span>Gi\u0119tarki do drutu CNC z wieloma g\u0142owicami gn\u0105cymi<br><br>Seria i-S\u00b2<br><br><img decoding=\"async\" src=\"https:\/\/ipautomationinc.com\/wp-content\/uploads\/2024\/08\/i10-S\u00b2-rgb.png#36757\" alt=\"i10-S\u00b2-rgb\"><br>Maszyna do gi\u0119cia drutu cnc 3D<br>400 pikseli<br><br>Kliknij tutaj, aby zobaczy\u0107 wideo<br><a href=\"https:\/\/ipautomationinc.com\/pl\/seria-i-s-kwadrat\/#video\">https:\/\/ipautomationinc.com\/i-s-squared-series\/#video<\/a><br>fas fa-play-ko\u0142o<br>motyw_przycisku<br><br>Kliknij tutaj, aby pobra\u0107 ulotk\u0119 w formacie PDF<br><a href=\"https:\/\/ipautomationinc.com\/wp-content\/uploads\/2025\/09\/2025-i-S-Squared-Bifold-Flyer.pdf\">https:\/\/ipautomationinc.com\/wp-content\/uploads\/2025\/09\/2025-i-S-Squared-Bifold-Flyer.pdf<\/a><br>fas fa-plik-pdf<br>motyw_przycisku<br>https:\/\/ipautomationinc.com\/wp-content\/uploads\/2025\/09\/2025-i-S-Squared-Bifold-Flyer.pdf<br><br>261,260,262,251,246<br>#0455B3<br>3px 3px 3px 3px<br><br><h4>Gi\u0119tarki 3D CNC serii i-S\u00b2 bazuj\u0105 na naszej konstrukcji z serii iS, ale dodali\u015bmy dodatkow\u0105 g\u0142owic\u0119 gn\u0105c\u0105 zamontowan\u0105 na poprzecznej osi gi\u0119cia. Druga g\u0142owica gn\u0105ca otwiera mn\u00f3stwo mo\u017cliwo\u015bci, kt\u00f3rych nie da si\u0119 stworzy\u0107 na gi\u0119tarce z pojedyncz\u0105 g\u0142owic\u0105. Elastyczno\u015b\u0107 gi\u0119cia czopa i trzpienia w jednej maszynie zapewnia niesamowit\u0105 wszechstronno\u015b\u0107. Gi\u0119tarka do drutu i-S\u00b2 3D CNC nadaje si\u0119 r\u00f3wnie\u017c do gi\u0119cia rur ze zwoj\u00f3w dzi\u0119ki dodatkowym opcjom nacinania lub fazowania na linii.<\/h4><br><br><h3>Aplikacje<\/h3><h4>Mn\u00f3stwo dwu- i tr\u00f3jwymiarowych cz\u0119\u015bci, takich jak \u015bci\u0105gacze budowlane, dr\u0105\u017cki reakcyjne do siedze\u0144 samochodowych, drzwi zewn\u0119trznych i sprz\u0119tu rolniczego, HVAC, d\u017awignie, grille, po\u0142\u0105czenia, haki, cz\u0119\u015bci mebli, wy\u015bwietlacze POP, stojaki, cz\u0119\u015bci wygi\u0119te na trzpieniu i cz\u0119\u015bci rur wygi\u0119te z cewka, taka jak przewody hamulcowe, przewody spr\u0119\u017carki powietrza, przewody ch\u0142odnicze.<\/h4><br>#EBEBEB<br><br><img decoding=\"async\" src=\"https:\/\/ipautomationinc.com\/wp-content\/uploads\/2024\/08\/i10-S\u00b2-rgb.png#36757\" alt=\"i10-S\u00b2-rgb\"><br>Gi\u0119tarka do drutu CNC 3D<br><br>Kliknij tutaj, aby zobaczy\u0107 wideo<br><a href=\"https:\/\/ipautomationinc.com\/pl\/seria-i-s-kwadrat\/#video\">https:\/\/ipautomationinc.com\/i-s-squared-series\/#video<\/a><br>fas fa-play-ko\u0142o<br>motyw_przycisku<br><br>Kliknij tutaj, aby pobra\u0107 ulotk\u0119 w formacie PDF<br><a href=\"https:\/\/ipautomationinc.com\/wp-content\/uploads\/2025\/09\/2025-i-S-Squared-Bifold-Flyer.pdf\">https:\/\/ipautomationinc.com\/wp-content\/uploads\/2025\/09\/2025-i-S-Squared-Bifold-Flyer.pdf<\/a><br>fas fa-plik-pdf<br>motyw_przycisku<br>https:\/\/ipautomationinc.com\/wp-content\/uploads\/2025\/09\/2025-i-S-Squared-Bifold-Flyer.pdf<br><br>261,260,262,251,246<br>#0455B3<br>3px 3px 3px 3px<br>zwyczaj<br>80%<br><br><h4>Gi\u0119tarki 3D CNC serii i-S\u00b2 bazuj\u0105 na naszej konstrukcji z serii iS, ale dodali\u015bmy dodatkow\u0105 g\u0142owic\u0119 gn\u0105c\u0105 zamontowan\u0105 na poprzecznej osi gi\u0119cia. Druga g\u0142owica gn\u0105ca otwiera mn\u00f3stwo mo\u017cliwo\u015bci, kt\u00f3rych nie da si\u0119 stworzy\u0107 na gi\u0119tarce z pojedyncz\u0105 g\u0142owic\u0105. Elastyczno\u015b\u0107 gi\u0119cia czopa i trzpienia w jednej maszynie zapewnia niesamowit\u0105 wszechstronno\u015b\u0107. Gi\u0119tarka do drutu i-S\u00b2 3D CNC nadaje si\u0119 r\u00f3wnie\u017c do gi\u0119cia rur ze zwoj\u00f3w dzi\u0119ki dodatkowym opcjom nacinania lub fazowania na linii.<\/h4><br><br><h3>Aplikacje<\/h3><h4>Mn\u00f3stwo dwu- i tr\u00f3jwymiarowych cz\u0119\u015bci, takich jak \u015bci\u0105gacze budowlane, dr\u0105\u017cki reakcyjne do siedze\u0144 samochodowych, drzwi zewn\u0119trznych i sprz\u0119tu rolniczego, HVAC, d\u017awignie, grille, po\u0142\u0105czenia, haki, cz\u0119\u015bci mebli, wy\u015bwietlacze POP, stojaki, cz\u0119\u015bci wygi\u0119te na trzpieniu i cz\u0119\u015bci rur wygi\u0119te z cewka, taka jak przewody hamulcowe, przewody spr\u0119\u017carki powietrza, przewody ch\u0142odnicze.<\/h4><br>#EBEBEB<br><br><br>G\u0142oska bezd\u017awi\u0119czna<br><br>;C;;<br><br>Wideo i13-S\u00b2<br><a href=\"https:\/\/player.vimeo.com\/video\/1020329518\">https:\/\/player.vimeo.com\/video\/1020329518<\/a><br>lightbox<br>motyw_przycisku<br>wyj\u015bcie-mfn-popup<br><br>1309,1311,1671,35649,1204<br>du\u017cy<br><br><br>Cechy<br><br>Pochylenie si\u0119<br>Programowanie<br>Detale<br>Uk\u0142ad maszyny<br><br><br>\t8 Servo Axes: X-feed, Y &#8211; bender pin rotation, Z &#8211; arm rotation, T &#8211; center turret rotation, P &#8211; bend head height , C &#8211; cutter<br><br>\tMo\u017cliwo\u015b\u0107 ustawienia do 16 promieni gi\u0119cia dzi\u0119ki regulowanej wysoko\u015bci gi\u0119cia i podw\u00f3jnym g\u0142owicom<br><br>In\u017cynierowie IP Automation i maszyny CNC wykonuj\u0105 wszystkie g\u0142owice gn\u0105ce, obcinaki i rolki podaj\u0105ce drut we w\u0142asnym zakresie, po rozs\u0105dnych kosztach i szybkim czasie realizacji<br><br><br><br><br>\t<a href=\"https:\/\/ipautomationinc.com\/pl\/mozliwosci-maszyny\/\">Oprogramowanie Intellibend <\/a> w systemie operacyjnym Windows 10<br><br>Format programu CNC d\u0142ugo\u015b\u0107-obr\u00f3t-k\u0105t<br><br>\tPanel produkcyjny z mo\u017cliwo\u015bci\u0105 programowania w czasie rzeczywistym i wsadowym<br><br>\t21,5-calowy ekran wielodotykowy<br><br>\tZdalna \u0142\u0105czno\u015b\u0107 poprzez tunel VPN<br><br>\tProtok\u00f3\u0142 OPC-UA dla przemys\u0142u 4.0<br><br>Dost\u0119pne niestandardowe funkcje we\/wy<br><br>\t<br><br><br>Wyp\u0142ata drutu przy ud\u017awigu ramienia o ruchu liniowym: 3000 funt\u00f3w. w zestawie (dost\u0119pna opcja 4500 funt\u00f3w)<br><br>Klatka bezpiecze\u0144stwa 7\u2032 (2,13 m) z drzwiami blokuj\u0105cymi bezpiecze\u0144stwo<br><br>Szeroka, dwup\u0142aszczyznowa prostownica do drutu<br><br>Wszystkie systemy nap\u0119du posuwu i gi\u0119cia maj\u0105 hartowane ko\u0142a z\u0119bate i s\u0105 ca\u0142kowicie zamkni\u0119te.<br><br>Szybko obracane, hartowane rolki podaj\u0105ce dla 2 rozmiar\u00f3w drutu<br><br>Enkoder liniowy na podajniku drutu zapewniaj\u0105cy dok\u0142adno\u015b\u0107 i wykrywanie po\u015blizgu<br><br>Stabilizator drutu<br><br>Powierzchnia matrycy nadaj\u0105ca si\u0119 do ponownego szlifowania<br><br>Mo\u017cliwo\u015b\u0107 szkolenia na miejscu<br><br>Mo\u017cliwo\u015b\u0107 integracji robotycznej<br><br><br><div class=\"image_frame image_item scale-with-grid element_classes no_border hover-disable mfn-img-box\"  role=\"link\" aria-label=\"Obraz z linkami\" tabindex=\"0\"><div class=\"image_wrapper\"><a href=\"https:\/\/ipautomationinc.com\/wp-content\/uploads\/2022\/07\/502-Front.png\" rel=\"prettyphoto\"   class=\"\"  tabindex=\"-1\" title=\"\"><div class=\"mask\"><\/div><img decoding=\"async\" class=\"scale-with-grid\" src=\"https:\/\/ipautomationinc.com\/wp-content\/uploads\/2022\/07\/502-Front.png\" fetchpriority=\"high\" alt=\"Uk\u0142ad 3D maszyny do gi\u0119cia drutu cnc\" title=\"\" width=\"380\" height=\"460\" style=\"\"\/><\/a><div class=\"image_links\"><a href=\"https:\/\/ipautomationinc.com\/wp-content\/uploads\/2022\/07\/502-Front.png\" class=\"zoom\" rel=\"prettyphoto\" tabindex=\"-1\" aria-label=\"powi\u0119ksz obraz\" title=\"\"><svg viewbox=\"0 0 26 26\"><defs><style>.path{fill:none;stroke:#333;stroke-miterlimit:10;stroke-width:1.5px;}<\/style><\/defs><circle cx=\"11.35\" cy=\"11.35\" r=\"6\" class=\"path\"\/><line x1=\"15.59\" y1=\"15.59\" x2=\"20.65\" y2=\"20.65\" class=\"path\"\/><\/svg><\/a><\/div><\/div><p class=\"wp-caption-text\">i10-S\u00b2 Widok z przodu<\/p><\/div>\n<br><br><br><br><div class=\"image_frame image_item scale-with-grid element_classes no_border hover-disable mfn-img-box\"  role=\"link\" aria-label=\"Obraz z linkami\" tabindex=\"0\"><div class=\"image_wrapper\"><a href=\"https:\/\/ipautomationinc.com\/wp-content\/uploads\/2022\/07\/502-Top.png\" rel=\"prettyphoto\"   class=\"\"  tabindex=\"-1\" title=\"\"><div class=\"mask\"><\/div><img decoding=\"async\" class=\"scale-with-grid\" src=\"https:\/\/ipautomationinc.com\/wp-content\/uploads\/2022\/07\/502-Top.png\" fetchpriority=\"high\" alt=\"Uk\u0142ad 3D maszyny do gi\u0119cia drutu cnc\" title=\"\" width=\"380\" height=\"352\" style=\"\"\/><\/a><div class=\"image_links\"><a href=\"https:\/\/ipautomationinc.com\/wp-content\/uploads\/2022\/07\/502-Top.png\" class=\"zoom\" rel=\"prettyphoto\" tabindex=\"-1\" aria-label=\"powi\u0119ksz obraz\" title=\"\"><svg viewbox=\"0 0 26 26\"><defs><style>.path{fill:none;stroke:#333;stroke-miterlimit:10;stroke-width:1.5px;}<\/style><\/defs><circle cx=\"11.35\" cy=\"11.35\" r=\"6\" class=\"path\"\/><line x1=\"15.59\" y1=\"15.59\" x2=\"20.65\" y2=\"20.65\" class=\"path\"\/><\/svg><\/a><\/div><\/div><p class=\"wp-caption-text\">i10-S\u00b2 Widok z g\u00f3ry<\/p><\/div>\n<br><br><br><br><div class=\"image_frame image_item scale-with-grid element_classes no_border hover-disable mfn-img-box\"  role=\"link\" aria-label=\"Obraz z linkami\" tabindex=\"0\"><div class=\"image_wrapper\"><a href=\"https:\/\/ipautomationinc.com\/wp-content\/uploads\/2022\/07\/502-ISO.png\" rel=\"prettyphoto\"   class=\"\"  tabindex=\"-1\" title=\"\"><div class=\"mask\"><\/div><img decoding=\"async\" class=\"scale-with-grid\" src=\"https:\/\/ipautomationinc.com\/wp-content\/uploads\/2022\/07\/502-ISO.png\" fetchpriority=\"high\" alt=\"ISO 502\" title=\"\" width=\"380\" height=\"473\" style=\"\"\/><\/a><div class=\"image_links\"><a href=\"https:\/\/ipautomationinc.com\/wp-content\/uploads\/2022\/07\/502-ISO.png\" class=\"zoom\" rel=\"prettyphoto\" tabindex=\"-1\" aria-label=\"powi\u0119ksz obraz\" title=\"\"><svg viewbox=\"0 0 26 26\"><defs><style>.path{fill:none;stroke:#333;stroke-miterlimit:10;stroke-width:1.5px;}<\/style><\/defs><circle cx=\"11.35\" cy=\"11.35\" r=\"6\" class=\"path\"\/><line x1=\"15.59\" y1=\"15.59\" x2=\"20.65\" y2=\"20.65\" class=\"path\"\/><\/svg><\/a><\/div><\/div><p class=\"wp-caption-text\">Widok izometryczny i10-S\u00b2<\/p><\/div>\n<br>#EBEBEB<br>#222222<br><br><br>Dane techniczne<br><br><br><br><p>*Na minimaln\u0105 i maksymaln\u0105 \u015brednic\u0119 wp\u0142ywa wytrzyma\u0142o\u015b\u0107 drutu na rozci\u0105ganie. Skontaktuj si\u0119 z nami, aby uzyska\u0107 wyja\u015bnienia dotycz\u0105ce zakresu min.\/maks. dla Twojego typu drutu.<\/p><br><br><br>Opcje maszyny<br><br>Inteligentna robotyka<br>z dostosowanym EOAT<br><img decoding=\"async\" src=\"https:\/\/ipautomationinc.com\/wp-content\/uploads\/2022\/06\/machine-options_robot.png\" alt=\"opcje_komputera_robot\"><br><a href=\"https:\/\/ipautomationinc.com\/pl\/akcesoria\/robotyka\/\">https:\/\/ipautomationinc.com\/accessories\/robotics\/<\/a><br>skala pude\u0142kowa<br>70%<br><br>Centrum obr\u00f3bcze iFM<br><img decoding=\"async\" src=\"https:\/\/ipautomationinc.com\/wp-content\/uploads\/2023\/11\/ifm-icon-1.png#35422\" alt=\"ikona ifm\"><br><a href=\"https:\/\/ipautomationinc.com\/pl\/akcesoria\/centrum-obrobcze\/\">https:\/\/ipautomationinc.com\/accessories\/machining-center\/<\/a><br>skala pude\u0142kowa<br>70%<br><br>Fazowanie w linii<br><img decoding=\"async\" src=\"https:\/\/ipautomationinc.com\/wp-content\/uploads\/2024\/01\/internal-chamfer.png#35611\" alt=\"internal chamfer\"><br><a href=\"https:\/\/ipautomationinc.com\/pl\/akcesoria\/fazowanie-liniowe\/\">https:\/\/ipautomationinc.com\/accessories\/in-line-chamfer\/<\/a><br>skala pude\u0142kowa<br>70%<br><br>Stacja fazowania\/wiercenia<br><img decoding=\"async\" src=\"https:\/\/ipautomationinc.com\/wp-content\/uploads\/2024\/08\/chamfer-drill.png#36736\" alt=\"wiert\u0142o fazuj\u0105ce\"><br><a href=\"https:\/\/ipautomationinc.com\/pl\/akcesoria\/wiertlo-fazujace\/\">https:\/\/ipautomationinc.com\/accessories\/chamfer-drill\/<\/a><br>skala pude\u0142kowa<br>70%<br><br>Podajnik poprzeczny\/prostownica<br><img decoding=\"async\" src=\"https:\/\/ipautomationinc.com\/wp-content\/uploads\/2022\/06\/machine-options_traversing-straightener.png\" alt=\"machine-options_traversing-prostownica\"><br>skala pude\u0142kowa<br>70%<br><br>Zimny nag\u0142\u00f3wek<br><img decoding=\"async\" src=\"https:\/\/ipautomationinc.com\/wp-content\/uploads\/2022\/06\/machine-options_cold-heading.png\" alt=\"machine-options_cold-heading\"><br>skala pude\u0142kowa<br>70%<br><br>Stacja \u0142agodz\u0105ca stres<br><img decoding=\"async\" src=\"https:\/\/ipautomationinc.com\/wp-content\/uploads\/2022\/06\/machine-options_stress-relieving.png\" alt=\"opcje maszynowe_\u0142agodz\u0105ce stres\"><br>skala pude\u0142kowa<br>70%<br><br>Serwonacisk<br><img decoding=\"async\" src=\"https:\/\/ipautomationinc.com\/wp-content\/uploads\/2022\/06\/machine-options_servo-press.png\" alt=\"machine-options_servo-press\"><br>skala pude\u0142kowa<br>70%<br><br>Kontrola wzroku<br><img decoding=\"async\" src=\"https:\/\/ipautomationinc.com\/wp-content\/uploads\/2022\/06\/machine-options_vision-inspection-closeup.png\" alt=\"machine-options_vision-inspection-closeup\"><br>skala pude\u0142kowa<br>70%<br><br>Uzyskaj cen\u0119 teraz!<br>ikona-do przodu<br><a href=\"https:\/\/ipautomationinc.com\/pl\/skontaktuj-sie-z-nami\/#form\">https:\/\/ipautomationinc.com\/contact-us\/#form<\/a><br>50 pikseli<br><br>Inne maszyny do gi\u0119cia drutu CNC<br><br><h4>Seria i-S\u00b2-P<\/h4><br><br><p><hr class=\"no_line\" style=\"margin: 0 auto 0px auto\"\/>\n <a href=\"https:\/\/ipautomationinc.com\/pl\/seria-i-s-kwadrat-p\/\"> <img decoding=\"async\" src=\"https:\/\/ipautomationinc.com\/wp-content\/uploads\/2026\/02\/i10-S\u00b2-P-Single-Piece-3D-CNC-Wire-Bender.png\" alt=\"i-S\u00b2-P Jednocz\u0119\u015bciowa formierka do drutu CNC\"> <\/a> <hr class=\"no_line\" style=\"margin: 0 auto 0px auto\"\/>\n<\/p><br><br><p>Seria S\u00b2-P zaprojektowana z my\u015bl\u0105 o \u0142atwej obr\u00f3bce wymagaj\u0105cych kszta\u0142t\u00f3w drutu o \u015brednicy 2,5\u201313 mm<\/p><br><br><a class=\"mfn-link mfn-link-1\" href=\"\" style=\"\" data-hover=\"\"   ><span data-hover=\"\"><\/span><\/a><br>bez powt\u00f3rze\u0144;lewy g\u00f3rny;;<br>automatyczny<br><br><h4>Seria i-S<\/h4><br><br><p><hr class=\"no_line\" style=\"margin: 0 auto 0px auto\"\/>\n <a href=\"https:\/\/ipautomationinc.com\/pl\/seria-i-s\/\"> <img decoding=\"async\" src=\"https:\/\/ipautomationinc.com\/wp-content\/uploads\/2023\/02\/i8-S-RGB-1.png\" alt=\"is CNC Drut By\u0142y\"> <\/a> <hr class=\"no_line\" style=\"margin: 0 auto 0px auto\"\/>\n<\/p><br><br><p>Seria S to precyzyjne narz\u0119dzie do tworzenia drut\u00f3w 3D o \u015brednicy od 2 do 16 mm<\/p><br><br><a class=\"mfn-link mfn-link-1\" href=\"\" style=\"\" data-hover=\"\"   ><span data-hover=\"\"><\/span><\/a><br>bez powt\u00f3rze\u0144;lewy g\u00f3rny;;<br>automatyczny<br><br><h4>Seria i-SC<\/h4><br><br><p><hr class=\"no_line\" style=\"margin: 0 auto 0px auto\"\/>\n <a href=\"https:\/\/ipautomationinc.com\/pl\/seria-i-sc\/\"> <img decoding=\"async\" src=\"https:\/\/ipautomationinc.com\/wp-content\/uploads\/2025\/09\/i8-SC-RGB.png\" alt=\"\"> <\/a> <hr class=\"no_line\" style=\"margin: 0 auto 0px auto\"\/>\n<\/p><br><br><p>Seria SC to idealna maszyna do kr\u00f3tszych drut\u00f3w 3D z drutu 2-8 mm<\/p><br><br><a class=\"mfn-link mfn-link-1\" href=\"\" style=\"\" data-hover=\"\"   ><span data-hover=\"\"><\/span><\/a><br>bez powt\u00f3rze\u0144;lewy g\u00f3rny;;<br>automatyczny<br><br><\/p>","protected":false},"excerpt":{"rendered":"<p>The i-S\u00b2 series 3D CNC wire bending machines are based off of our i-S series design, but we added an<span class=\"excerpt-hellip\"> [\u2026]<\/span><\/p>\n","protected":false},"author":3,"featured_media":0,"parent":0,"menu_order":0,"comment_status":"closed","ping_status":"closed","template":"","meta":{"footnotes":""},"class_list":["post-1234","page","type-page","status-publish","hentry"],"yoast_head":"<!-- This site is optimized with the Yoast SEO plugin v27.3 - https:\/\/yoast.com\/product\/yoast-seo-wordpress\/ -->\n<title>i-S\u00b2 Series 3D CNC Wire Bending Machine | IP Automation Inc<\/title>\n<meta name=\"description\" content=\"The i-S\u00b2 3D CNC wire bending machine has an additional bend head mounted on a traverse bend axis. The second bend head opens a multitude of options for wire forms.\" \/>\n<meta name=\"robots\" content=\"index, follow, max-snippet:-1, max-image-preview:large, max-video-preview:-1\" \/>\n<link rel=\"canonical\" href=\"https:\/\/ipautomationinc.com\/pl\/seria-i-s-kwadrat\/\" \/>\n<meta property=\"og:locale\" content=\"pl_PL\" \/>\n<meta property=\"og:type\" content=\"article\" \/>\n<meta property=\"og:title\" content=\"i-S\u00b2 Series 3D CNC Wire Bending Machine | IP Automation Inc\" \/>\n<meta property=\"og:description\" content=\"The i-S\u00b2 3D CNC wire bending machine has an additional bend head mounted on a traverse bend axis. The second bend head opens a multitude of options for wire forms.\" \/>\n<meta property=\"og:url\" content=\"https:\/\/ipautomationinc.com\/pl\/seria-i-s-kwadrat\/\" \/>\n<meta property=\"og:site_name\" content=\"IP Automation Inc\" \/>\n<meta property=\"article:publisher\" content=\"https:\/\/www.facebook.com\/ipautomationinc\/\" \/>\n<meta property=\"article:modified_time\" content=\"2026-03-31T20:29:37+00:00\" \/>\n<meta property=\"og:image\" content=\"https:\/\/ipautomationinc.com\/wp-content\/uploads\/2022\/06\/machine-options_robot.png\" \/>\n<script type=\"application\/ld+json\" class=\"yoast-schema-graph\">{\"@context\":\"https:\\\/\\\/schema.org\",\"@graph\":[{\"@type\":\"WebPage\",\"@id\":\"https:\\\/\\\/ipautomationinc.com\\\/i-s-squared-series\\\/\",\"url\":\"https:\\\/\\\/ipautomationinc.com\\\/i-s-squared-series\\\/\",\"name\":\"i-S\u00b2 Series 3D CNC Wire Bending Machine | IP Automation Inc\",\"isPartOf\":{\"@id\":\"https:\\\/\\\/ipautomationinc.com\\\/#website\"},\"primaryImageOfPage\":{\"@id\":\"https:\\\/\\\/ipautomationinc.com\\\/i-s-squared-series\\\/#primaryimage\"},\"image\":{\"@id\":\"https:\\\/\\\/ipautomationinc.com\\\/i-s-squared-series\\\/#primaryimage\"},\"thumbnailUrl\":\"https:\\\/\\\/ipautomationinc.com\\\/wp-content\\\/uploads\\\/2022\\\/06\\\/machine-options_robot.png\",\"datePublished\":\"2022-06-16T19:54:40+00:00\",\"dateModified\":\"2026-03-31T20:29:37+00:00\",\"description\":\"The i-S\u00b2 3D CNC wire bending machine has an additional bend head mounted on a traverse bend axis. The second bend head opens a multitude of options for wire forms.\",\"inLanguage\":\"pl-PL\",\"potentialAction\":[{\"@type\":\"ReadAction\",\"target\":[\"https:\\\/\\\/ipautomationinc.com\\\/i-s-squared-series\\\/\"]}]},{\"@type\":\"ImageObject\",\"inLanguage\":\"pl-PL\",\"@id\":\"https:\\\/\\\/ipautomationinc.com\\\/i-s-squared-series\\\/#primaryimage\",\"url\":\"https:\\\/\\\/ipautomationinc.com\\\/wp-content\\\/uploads\\\/2022\\\/06\\\/machine-options_robot.png\",\"contentUrl\":\"https:\\\/\\\/ipautomationinc.com\\\/wp-content\\\/uploads\\\/2022\\\/06\\\/machine-options_robot.png\"},{\"@type\":\"WebSite\",\"@id\":\"https:\\\/\\\/ipautomationinc.com\\\/#website\",\"url\":\"https:\\\/\\\/ipautomationinc.com\\\/\",\"name\":\"IP Automation Inc\",\"description\":\"Concept... Creation... Reality...\",\"publisher\":{\"@id\":\"https:\\\/\\\/ipautomationinc.com\\\/#organization\"},\"potentialAction\":[{\"@type\":\"SearchAction\",\"target\":{\"@type\":\"EntryPoint\",\"urlTemplate\":\"https:\\\/\\\/ipautomationinc.com\\\/?s={search_term_string}\"},\"query-input\":{\"@type\":\"PropertyValueSpecification\",\"valueRequired\":true,\"valueName\":\"search_term_string\"}}],\"inLanguage\":\"pl-PL\"},{\"@type\":\"Organization\",\"@id\":\"https:\\\/\\\/ipautomationinc.com\\\/#organization\",\"name\":\"IP Automation Inc\",\"url\":\"https:\\\/\\\/ipautomationinc.com\\\/\",\"logo\":{\"@type\":\"ImageObject\",\"inLanguage\":\"pl-PL\",\"@id\":\"https:\\\/\\\/ipautomationinc.com\\\/#\\\/schema\\\/logo\\\/image\\\/\",\"url\":\"https:\\\/\\\/ipautomationinc.com\\\/wp-content\\\/uploads\\\/2022\\\/05\\\/IPA-Favicon.png\",\"contentUrl\":\"https:\\\/\\\/ipautomationinc.com\\\/wp-content\\\/uploads\\\/2022\\\/05\\\/IPA-Favicon.png\",\"width\":513,\"height\":513,\"caption\":\"IP Automation Inc\"},\"image\":{\"@id\":\"https:\\\/\\\/ipautomationinc.com\\\/#\\\/schema\\\/logo\\\/image\\\/\"},\"sameAs\":[\"https:\\\/\\\/www.facebook.com\\\/ipautomationinc\\\/\",\"https:\\\/\\\/www.linkedin.com\\\/company\\\/ip-automation-inc\\\/\",\"https:\\\/\\\/www.youtube.com\\\/@IPAutomation\"]}]}<\/script>\n<!-- \/ Yoast SEO plugin. -->","yoast_head_json":{"title":"Gi\u0119tarka 3D CNC do drutu serii i-S\u00b2 | Firma IP Automation Inc","description":"Gi\u0119tarka do drutu i-S\u00b2 3D CNC posiada dodatkow\u0105 g\u0142owic\u0119 gn\u0105c\u0105 zamontowan\u0105 na poprzecznej osi gi\u0119cia. Druga g\u0142owica gn\u0105ca otwiera wiele mo\u017cliwo\u015bci formowania drutu.","robots":{"index":"index","follow":"follow","max-snippet":"max-snippet:-1","max-image-preview":"max-image-preview:large","max-video-preview":"max-video-preview:-1"},"canonical":"https:\/\/ipautomationinc.com\/pl\/seria-i-s-kwadrat\/","og_locale":"pl_PL","og_type":"article","og_title":"i-S\u00b2 Series 3D CNC Wire Bending Machine | IP Automation Inc","og_description":"The i-S\u00b2 3D CNC wire bending machine has an additional bend head mounted on a traverse bend axis. The second bend head opens a multitude of options for wire forms.","og_url":"https:\/\/ipautomationinc.com\/pl\/seria-i-s-kwadrat\/","og_site_name":"IP Automation Inc","article_publisher":"https:\/\/www.facebook.com\/ipautomationinc\/","article_modified_time":"2026-03-31T20:29:37+00:00","og_image":[{"url":"https:\/\/ipautomationinc.com\/wp-content\/uploads\/2022\/06\/machine-options_robot.png","type":"","width":"","height":""}],"schema":{"@context":"https:\/\/schema.org","@graph":[{"@type":"WebPage","@id":"https:\/\/ipautomationinc.com\/i-s-squared-series\/","url":"https:\/\/ipautomationinc.com\/i-s-squared-series\/","name":"Gi\u0119tarka 3D CNC do drutu serii i-S\u00b2 | Firma IP Automation Inc","isPartOf":{"@id":"https:\/\/ipautomationinc.com\/#website"},"primaryImageOfPage":{"@id":"https:\/\/ipautomationinc.com\/i-s-squared-series\/#primaryimage"},"image":{"@id":"https:\/\/ipautomationinc.com\/i-s-squared-series\/#primaryimage"},"thumbnailUrl":"https:\/\/ipautomationinc.com\/wp-content\/uploads\/2022\/06\/machine-options_robot.png","datePublished":"2022-06-16T19:54:40+00:00","dateModified":"2026-03-31T20:29:37+00:00","description":"Gi\u0119tarka do drutu i-S\u00b2 3D CNC posiada dodatkow\u0105 g\u0142owic\u0119 gn\u0105c\u0105 zamontowan\u0105 na poprzecznej osi gi\u0119cia. Druga g\u0142owica gn\u0105ca otwiera wiele mo\u017cliwo\u015bci formowania drutu.","inLanguage":"pl-PL","potentialAction":[{"@type":"ReadAction","target":["https:\/\/ipautomationinc.com\/i-s-squared-series\/"]}]},{"@type":"ImageObject","inLanguage":"pl-PL","@id":"https:\/\/ipautomationinc.com\/i-s-squared-series\/#primaryimage","url":"https:\/\/ipautomationinc.com\/wp-content\/uploads\/2022\/06\/machine-options_robot.png","contentUrl":"https:\/\/ipautomationinc.com\/wp-content\/uploads\/2022\/06\/machine-options_robot.png"},{"@type":"WebSite","@id":"https:\/\/ipautomationinc.com\/#website","url":"https:\/\/ipautomationinc.com\/","name":"Firma IP Automation Inc","description":"Koncepcja... Kreacja... Rzeczywisto\u015b\u0107...","publisher":{"@id":"https:\/\/ipautomationinc.com\/#organization"},"potentialAction":[{"@type":"SearchAction","target":{"@type":"EntryPoint","urlTemplate":"https:\/\/ipautomationinc.com\/?s={search_term_string}"},"query-input":{"@type":"PropertyValueSpecification","valueRequired":true,"valueName":"search_term_string"}}],"inLanguage":"pl-PL"},{"@type":"Organization","@id":"https:\/\/ipautomationinc.com\/#organization","name":"Firma IP Automation Inc","url":"https:\/\/ipautomationinc.com\/","logo":{"@type":"ImageObject","inLanguage":"pl-PL","@id":"https:\/\/ipautomationinc.com\/#\/schema\/logo\/image\/","url":"https:\/\/ipautomationinc.com\/wp-content\/uploads\/2022\/05\/IPA-Favicon.png","contentUrl":"https:\/\/ipautomationinc.com\/wp-content\/uploads\/2022\/05\/IPA-Favicon.png","width":513,"height":513,"caption":"IP Automation Inc"},"image":{"@id":"https:\/\/ipautomationinc.com\/#\/schema\/logo\/image\/"},"sameAs":["https:\/\/www.facebook.com\/ipautomationinc\/","https:\/\/www.linkedin.com\/company\/ip-automation-inc\/","https:\/\/www.youtube.com\/@IPAutomation"]}]}},"_links":{"self":[{"href":"https:\/\/ipautomationinc.com\/pl\/wp-json\/wp\/v2\/pages\/1234","targetHints":{"allow":["GET"]}}],"collection":[{"href":"https:\/\/ipautomationinc.com\/pl\/wp-json\/wp\/v2\/pages"}],"about":[{"href":"https:\/\/ipautomationinc.com\/pl\/wp-json\/wp\/v2\/types\/page"}],"author":[{"embeddable":true,"href":"https:\/\/ipautomationinc.com\/pl\/wp-json\/wp\/v2\/users\/3"}],"replies":[{"embeddable":true,"href":"https:\/\/ipautomationinc.com\/pl\/wp-json\/wp\/v2\/comments?post=1234"}],"version-history":[{"count":4,"href":"https:\/\/ipautomationinc.com\/pl\/wp-json\/wp\/v2\/pages\/1234\/revisions"}],"predecessor-version":[{"id":39520,"href":"https:\/\/ipautomationinc.com\/pl\/wp-json\/wp\/v2\/pages\/1234\/revisions\/39520"}],"wp:attachment":[{"href":"https:\/\/ipautomationinc.com\/pl\/wp-json\/wp\/v2\/media?parent=1234"}],"curies":[{"name":"wp","href":"https:\/\/api.w.org\/{rel}","templated":true}]}}