{"id":122,"date":"2017-10-27T17:57:09","date_gmt":"2017-10-27T22:57:09","guid":{"rendered":"http:\/\/ipautomationinc.com\/?page_id=122"},"modified":"2025-06-03T16:36:10","modified_gmt":"2025-06-03T21:36:10","slug":"wsparcie","status":"publish","type":"page","link":"https:\/\/ipautomationinc.com\/pl\/support\/","title":{"rendered":"Wsparcie"},"content":{"rendered":"<h6 class=\"wp-block-heading\"><strong>Aby uzyska\u0107 wsparcie, wy\u015blij SMS na nasz\u0105 lini\u0119 wsparcia pod numer (630)376-9903, napisz do nas bezpo\u015brednio na adres support@ipautomationinc.com lub wy\u015blij nam wiadomo\u015b\u0107. Zdalne wsparcie \u0142\u0105czno\u015bci. Odbieramy telefon. Mo\u017cemy tam by\u0107. Cz\u0119\u015bci serwisowe. Dokumentacja. Wsparcie posprzeda\u017cowe.<\/strong><\/h6>\n\n\n\n<p><span class=\"builder2seo\"><\/span><h3>Aby uzyska\u0107 pomoc, mo\u017cesz wys\u0142a\u0107 SMS na nasz\u0105 infolini\u0119 pod numer (630)-376-9903<\/h3><br><br><hr class=\"no_line\" style=\"margin: 0 auto 0px auto\"\/>\n<br><br><h3><span>napisz do nas bezpo\u015brednio na adres support@ipautomationinc.com<\/span><\/h3><br><br><hr class=\"no_line\" style=\"margin: 0 auto 0px auto\"\/>\n<br><br><h3><span>Lub <\/span>wy\u015blij nam wiadomo\u015b\u0107 korzystaj\u0105c z poni\u017cszego formularza.<\/h3><br>bez powt\u00f3rze\u0144;lewy g\u00f3rny;;<br>automatyczny<br><br><p class=\"wpcf7-contact-form-not-found\"><strong>B\u0142\u0105d:<\/strong> Brak formularza kontaktowego.<\/p><br><br><h3>Obs\u0142uga \u0142\u0105czno\u015bci zdalnej<\/h3><br><br><h6>Je\u015bli posiadasz maszyn\u0119 do formowania drutu IP Automation, mo\u017cemy po\u0142\u0105czy\u0107 si\u0119 z Twoj\u0105 maszyn\u0105 za po\u015brednictwem po\u0142\u0105czenia Ethernet, aby rozwi\u0105za\u0107 problemy zar\u00f3wno z oprogramowaniem, jak i sprz\u0119tem. Po prostu zadzwo\u0144 lub napisz e-mail, a my przeprowadzimy Ci\u0119 przez ca\u0142y proces.<\/h6><br><br><br><br><h3>Odbieramy Telefon<\/h3><br><br><h6>Je\u015bli Tw\u00f3j problem jest zbyt skomplikowany, aby wyja\u015bni\u0107 go w wiadomo\u015bci e-mail, zadzwo\u0144 do nas pod numer 630-656-1215, je\u015bli masz pytania lub problemy z us\u0142ug\u0105. Zapewnimy Ci responsywne wsparcie bez zb\u0119dnych dzia\u0142a\u0144.<\/h6><br><br><br><br><h3>Mo\u017cemy tam by\u0107<\/h3><br><br><h6>Posiadamy technik\u00f3w serwisowych gotowych zapewni\u0107 konserwacj\u0119 i naprawy na miejscu. Nasi technicy przeprowadz\u0105 r\u00f3wnie\u017c instalacj\u0119, przeprowadz\u0105 testy akceptacyjne i szkolenia.<\/h6><br><br><br><br><h3>Cz\u0119\u015bci us\u0142ugi<\/h3><br><br><h6>W magazynie posiadamy wi\u0119kszo\u015b\u0107 cz\u0119\u015bci serwisowych, kt\u00f3rych mog\u0105 potrzebowa\u0107 nasi klienci. Udost\u0119pniamy nawet niestandardowe pliki rysunk\u00f3w narz\u0119dzi, dzi\u0119ki czemu mo\u017cesz w mgnieniu oka stworzy\u0107 w\u0142asne. Grawerujemy laserowo cz\u0119\u015bci serwisowe z numerami cz\u0119\u015bci w celu \u0142atwej identyfikacji.<\/h6><br><br><br><br><h3>Dokumentacja<\/h3><br><br><h6>Dokumentacja mo\u017ce zagin\u0105\u0107. Wystarczy poda\u0107 model maszyny i numer seryjny oraz skorzysta\u0107 z powy\u017cszego formularza kontaktowego.<\/h6><br><br><br><br><h3>Wsparcie posprzeda\u017cowe<\/h3><br><br><h6>Nasze wsparcie posprzeda\u017cowe obejmuje szkolenie operator\u00f3w i in\u017cynier\u00f3w, pe\u0142n\u0105 list\u0119 BOM wszystkich g\u0142\u00f3wnych komponent\u00f3w, standardowe procedury operacyjne i wytyczne dotycz\u0105ce rozwi\u0105zywania problem\u00f3w. Ponadto zapewniamy spersonalizowane wsparcie dla wszystkich operator\u00f3w i in\u017cynier\u00f3w, aby zapewni\u0107 bezproblemowe uruchomienie Twojego projektu i bezproblemow\u0105 \u017cywotno\u015b\u0107 projektu.<\/h6><br><br><br>bez powt\u00f3rze\u0144;lewy g\u00f3rny;;<br>automatyczny<br><br><p class=\"wpcf7-contact-form-not-found\"><strong>B\u0142\u0105d:<\/strong> Brak formularza kontaktowego.<\/p><br>bez powt\u00f3rze\u0144;lewy g\u00f3rny;;<br>automatyczny<br>ukryj-laptop ukryj-tablet<br><br><\/p>","protected":false},"excerpt":{"rendered":"<p>For support please text our support line at (630)376-9903, email us directly at support@ipautomationinc.com or send us a message. Remote<span class=\"excerpt-hellip\"> [\u2026]<\/span><\/p>\n","protected":false},"author":3,"featured_media":0,"parent":0,"menu_order":0,"comment_status":"open","ping_status":"closed","template":"","meta":{"footnotes":""},"class_list":["post-122","page","type-page","status-publish","hentry"],"yoast_head":"<!-- This site is optimized with the Yoast SEO plugin v27.3 - https:\/\/yoast.com\/product\/yoast-seo-wordpress\/ -->\n<title>Support | IP Automation Inc<\/title>\n<meta name=\"description\" content=\"Need support for your wire bending machine? Give us a call or email us with any questions you may have.\" \/>\n<meta name=\"robots\" content=\"index, follow, max-snippet:-1, max-image-preview:large, max-video-preview:-1\" \/>\n<link rel=\"canonical\" href=\"https:\/\/ipautomationinc.com\/pl\/wsparcie\/\" \/>\n<meta property=\"og:locale\" content=\"pl_PL\" \/>\n<meta property=\"og:type\" content=\"article\" \/>\n<meta property=\"og:title\" content=\"Support | IP Automation Inc\" \/>\n<meta property=\"og:description\" content=\"Need support for your wire bending machine? Give us a call or email us with any questions you may have.\" \/>\n<meta property=\"og:url\" content=\"https:\/\/ipautomationinc.com\/pl\/wsparcie\/\" \/>\n<meta property=\"og:site_name\" content=\"IP Automation Inc\" \/>\n<meta property=\"article:publisher\" content=\"https:\/\/www.facebook.com\/ipautomationinc\/\" \/>\n<meta property=\"article:modified_time\" content=\"2025-06-03T21:36:10+00:00\" \/>\n<script type=\"application\/ld+json\" class=\"yoast-schema-graph\">{\"@context\":\"https:\\\/\\\/schema.org\",\"@graph\":[{\"@type\":\"WebPage\",\"@id\":\"https:\\\/\\\/ipautomationinc.com\\\/support\\\/\",\"url\":\"https:\\\/\\\/ipautomationinc.com\\\/support\\\/\",\"name\":\"Support | IP Automation Inc\",\"isPartOf\":{\"@id\":\"https:\\\/\\\/ipautomationinc.com\\\/#website\"},\"datePublished\":\"2017-10-27T22:57:09+00:00\",\"dateModified\":\"2025-06-03T21:36:10+00:00\",\"description\":\"Need support for your wire bending machine? Give us a call or email us with any questions you may have.\",\"inLanguage\":\"pl-PL\",\"potentialAction\":[{\"@type\":\"ReadAction\",\"target\":[\"https:\\\/\\\/ipautomationinc.com\\\/support\\\/\"]}]},{\"@type\":\"WebSite\",\"@id\":\"https:\\\/\\\/ipautomationinc.com\\\/#website\",\"url\":\"https:\\\/\\\/ipautomationinc.com\\\/\",\"name\":\"IP Automation Inc\",\"description\":\"Concept... Creation... Reality...\",\"publisher\":{\"@id\":\"https:\\\/\\\/ipautomationinc.com\\\/#organization\"},\"potentialAction\":[{\"@type\":\"SearchAction\",\"target\":{\"@type\":\"EntryPoint\",\"urlTemplate\":\"https:\\\/\\\/ipautomationinc.com\\\/?s={search_term_string}\"},\"query-input\":{\"@type\":\"PropertyValueSpecification\",\"valueRequired\":true,\"valueName\":\"search_term_string\"}}],\"inLanguage\":\"pl-PL\"},{\"@type\":\"Organization\",\"@id\":\"https:\\\/\\\/ipautomationinc.com\\\/#organization\",\"name\":\"IP Automation Inc\",\"url\":\"https:\\\/\\\/ipautomationinc.com\\\/\",\"logo\":{\"@type\":\"ImageObject\",\"inLanguage\":\"pl-PL\",\"@id\":\"https:\\\/\\\/ipautomationinc.com\\\/#\\\/schema\\\/logo\\\/image\\\/\",\"url\":\"https:\\\/\\\/ipautomationinc.com\\\/wp-content\\\/uploads\\\/2022\\\/05\\\/IPA-Favicon.png\",\"contentUrl\":\"https:\\\/\\\/ipautomationinc.com\\\/wp-content\\\/uploads\\\/2022\\\/05\\\/IPA-Favicon.png\",\"width\":513,\"height\":513,\"caption\":\"IP Automation Inc\"},\"image\":{\"@id\":\"https:\\\/\\\/ipautomationinc.com\\\/#\\\/schema\\\/logo\\\/image\\\/\"},\"sameAs\":[\"https:\\\/\\\/www.facebook.com\\\/ipautomationinc\\\/\",\"https:\\\/\\\/www.linkedin.com\\\/company\\\/ip-automation-inc\\\/\",\"https:\\\/\\\/www.youtube.com\\\/@IPAutomation\"]}]}<\/script>\n<!-- \/ Yoast SEO plugin. -->","yoast_head_json":{"title":"Wsparcie | Firma IP Automation Inc","description":"Potrzebujesz wsparcia dla swojej maszyny do gi\u0119cia drutu? Zadzwo\u0144 do nas lub napisz do nas e-mail z wszelkimi pytaniami.","robots":{"index":"index","follow":"follow","max-snippet":"max-snippet:-1","max-image-preview":"max-image-preview:large","max-video-preview":"max-video-preview:-1"},"canonical":"https:\/\/ipautomationinc.com\/pl\/wsparcie\/","og_locale":"pl_PL","og_type":"article","og_title":"Support | IP Automation Inc","og_description":"Need support for your wire bending machine? Give us a call or email us with any questions you may have.","og_url":"https:\/\/ipautomationinc.com\/pl\/wsparcie\/","og_site_name":"IP Automation Inc","article_publisher":"https:\/\/www.facebook.com\/ipautomationinc\/","article_modified_time":"2025-06-03T21:36:10+00:00","schema":{"@context":"https:\/\/schema.org","@graph":[{"@type":"WebPage","@id":"https:\/\/ipautomationinc.com\/support\/","url":"https:\/\/ipautomationinc.com\/support\/","name":"Wsparcie | Firma IP Automation Inc","isPartOf":{"@id":"https:\/\/ipautomationinc.com\/#website"},"datePublished":"2017-10-27T22:57:09+00:00","dateModified":"2025-06-03T21:36:10+00:00","description":"Potrzebujesz wsparcia dla swojej maszyny do gi\u0119cia drutu? Zadzwo\u0144 do nas lub napisz do nas e-mail z wszelkimi pytaniami.","inLanguage":"pl-PL","potentialAction":[{"@type":"ReadAction","target":["https:\/\/ipautomationinc.com\/support\/"]}]},{"@type":"WebSite","@id":"https:\/\/ipautomationinc.com\/#website","url":"https:\/\/ipautomationinc.com\/","name":"Firma IP Automation Inc","description":"Koncepcja... Kreacja... Rzeczywisto\u015b\u0107...","publisher":{"@id":"https:\/\/ipautomationinc.com\/#organization"},"potentialAction":[{"@type":"SearchAction","target":{"@type":"EntryPoint","urlTemplate":"https:\/\/ipautomationinc.com\/?s={search_term_string}"},"query-input":{"@type":"PropertyValueSpecification","valueRequired":true,"valueName":"search_term_string"}}],"inLanguage":"pl-PL"},{"@type":"Organization","@id":"https:\/\/ipautomationinc.com\/#organization","name":"Firma IP Automation Inc","url":"https:\/\/ipautomationinc.com\/","logo":{"@type":"ImageObject","inLanguage":"pl-PL","@id":"https:\/\/ipautomationinc.com\/#\/schema\/logo\/image\/","url":"https:\/\/ipautomationinc.com\/wp-content\/uploads\/2022\/05\/IPA-Favicon.png","contentUrl":"https:\/\/ipautomationinc.com\/wp-content\/uploads\/2022\/05\/IPA-Favicon.png","width":513,"height":513,"caption":"IP Automation Inc"},"image":{"@id":"https:\/\/ipautomationinc.com\/#\/schema\/logo\/image\/"},"sameAs":["https:\/\/www.facebook.com\/ipautomationinc\/","https:\/\/www.linkedin.com\/company\/ip-automation-inc\/","https:\/\/www.youtube.com\/@IPAutomation"]}]}},"_links":{"self":[{"href":"https:\/\/ipautomationinc.com\/pl\/wp-json\/wp\/v2\/pages\/122","targetHints":{"allow":["GET"]}}],"collection":[{"href":"https:\/\/ipautomationinc.com\/pl\/wp-json\/wp\/v2\/pages"}],"about":[{"href":"https:\/\/ipautomationinc.com\/pl\/wp-json\/wp\/v2\/types\/page"}],"author":[{"embeddable":true,"href":"https:\/\/ipautomationinc.com\/pl\/wp-json\/wp\/v2\/users\/3"}],"replies":[{"embeddable":true,"href":"https:\/\/ipautomationinc.com\/pl\/wp-json\/wp\/v2\/comments?post=122"}],"version-history":[{"count":1,"href":"https:\/\/ipautomationinc.com\/pl\/wp-json\/wp\/v2\/pages\/122\/revisions"}],"predecessor-version":[{"id":37720,"href":"https:\/\/ipautomationinc.com\/pl\/wp-json\/wp\/v2\/pages\/122\/revisions\/37720"}],"wp:attachment":[{"href":"https:\/\/ipautomationinc.com\/pl\/wp-json\/wp\/v2\/media?parent=122"}],"curies":[{"name":"wp","href":"https:\/\/api.w.org\/{rel}","templated":true}]}}