{"id":118,"date":"2017-10-27T17:51:34","date_gmt":"2017-10-27T22:51:34","guid":{"rendered":"http:\/\/ipautomationinc.com\/?page_id=118"},"modified":"2024-03-13T21:59:50","modified_gmt":"2024-03-13T21:59:50","slug":"mozliwosci-maszyny","status":"publish","type":"page","link":"https:\/\/ipautomationinc.com\/pl\/machine-capabilities\/","title":{"rendered":"Technologia Maszyn"},"content":{"rendered":"<h6 class=\"wp-block-heading\">Funkcje oprogramowania Intellibend <br>Prosty interfejs programowania na ekranie wielodotykowym o przek\u0105tnej 21,5 cala <br>Pe\u0142na kontrola CNC wszystkich osi serwa <br>Zaktualizowana animowana symulacja 3D z wykrywaniem kolizji <br>Zintegrowana kontrola partii i liczenie sztuk <br>Wbudowana \u0142\u0105czno\u015b\u0107 sieciowa umo\u017cliwiaj\u0105ca zdalne wsparcie techniczne i rozwi\u0105zywanie problem\u00f3w<br>Pe\u0142na funkcjonalno\u015b\u0107 cofania\/ponawiania w systemie Windows 10 <br>Funkcjonalno\u015b\u0107 OPC UA do wdro\u017cenia \u201eIIOT\u201d. <br>Dost\u0119pne niestandardowe funkcje we\/wy <br>Narz\u0119dzia do automatycznego zapisywania\/tworzenia kopii zapasowych <br>Automatyczne przywracanie po\u0142\u0105cze\u0144 i usterek dzi\u0119ki robotyce Fanuc <br>Aktualizacje oprogramowania dostarczane bezp\u0142atnie <br>Wbudowane kolumny z notatkami <br>Wsp\u00f3lne funkcje oprogramowania<\/h6>\n\n\n\n<p><h3>Funkcje oprogramowania Intellibend<\/h3>\n<br>\n<br>\n<br><h6>Prosty interfejs programowania na ekranie wielodotykowym o przek\u0105tnej 21,5 cala<\/h6>\n<br>\n<br>\n<br><h6>Pe\u0142na kontrola CNC wszystkich osi serwa<\/h6>\n<br>\n<br>\n<br><h6>Zaktualizowana animowana symulacja 3D z wykrywaniem kolizji<\/h6>\n<br>\n<br>\n<br><h6>Zintegrowana kontrola partii i liczenie sztuk<\/h6>\n<br>\n<br>\n<br><h6> Wbudowana \u0142\u0105czno\u015b\u0107 sieciowa umo\u017cliwiaj\u0105ca zdalne wsparcie techniczne i rozwi\u0105zywanie problem\u00f3w<\/h6>\n<br>\n<br>\n<br><h6>Pe\u0142na funkcjonalno\u015b\u0107 cofania\/ponawiania w systemie Windows 10<\/h6>\n<br>\n<br>\n<br><h6>Funkcjonalno\u015b\u0107 OPC UA do wdro\u017cenia \u201eIIOT\u201d.<\/h6>\n<br>\n<br>\n<br><h6>Dost\u0119pne niestandardowe funkcje we\/wy<\/h6>\n<br>\n<br>\n<br><h6>Narz\u0119dzia do automatycznego zapisywania\/tworzenia kopii zapasowych<\/h6>\n<br>\n<br>\n<br><h6>Automatyczne przywracanie po\u0142\u0105cze\u0144 i usterek dzi\u0119ki robotyce Fanuc<\/h6>\n<br>\n<br>\n<br><h6>Aktualizacje oprogramowania dostarczane bezp\u0142atnie<\/h6>\n<br>\n<br>\n<br><h6>Wbudowane kolumny z notatkami<\/h6>\n<br>\n<br><br>Wsp\u00f3lne funkcje oprogramowania<br>lewy<br>bez powt\u00f3rze\u0144;na \u015brodku u g\u00f3ry;;<br>automatyczny<br><br><img decoding=\"async\" src=\"https:\/\/ipautomationinc.com\/wp-content\/uploads\/2022\/05\/DH-Simulation_Moment-trim.jpg\" alt=\"DH Simulation_Moment-trim\" \/><br>pe\u0142ny<br>10<br><br><img decoding=\"async\" src=\"https:\/\/ipautomationinc.com\/wp-content\/uploads\/2021\/12\/3D-EDIT-e1640878763153.png\" alt=\"EDYCJA 3D\" \/><br>\u015bredni<br><br><img decoding=\"async\" src=\"https:\/\/ipautomationinc.com\/wp-content\/uploads\/2021\/11\/3D-Feature-e1640879116681.png\" alt=\"Funkcja 3D\" \/><br>\u015bredni<br><br><h3>Symulacja programu 3D<\/h3>\n<br>\n<br>\t<h6>Animowana symulacja generuje tworzenie form drutu i ruchy maszyny<\/h6>\n<br>\t<h6>Tryb projektowania umo\u017cliwia wyb\u00f3r segment\u00f3w do edycji odpowiedniego kodu CNC<\/h6>\n<br>\t<h6>Ruchomy widok z kamery 360 stopni wygenerowanej formy drutu<\/h6>\n<br>\t<h6>Uruchom pe\u0142n\u0105 symulacj\u0119 od razu lub krok po kroku<\/h6>\n<br>\t<h6>Wykrywanie kolizji kszta\u0142tu drutu z nim samym i maszyn\u0105<\/h6>\n<br><br>lewy<br>bez powt\u00f3rze\u0144;lewy g\u00f3rny;;<br>automatyczny<br><br><h3>W\u0142a\u015bciwo\u015bci mechaniczne<\/h3>\n<br>\n<br>\n<br><h6>Mechanizm podawania drutu nap\u0119du z\u0119batego \u2014 brak pas\u00f3w do noszenia<\/h6>\n<br>\n<br>\n<br><h6>Szybka wymiana 2 rolek podaj\u0105cych o rozmiarze drutu, kt\u00f3re idealnie dopasowuj\u0105 si\u0119 do siebie<\/h6>\n<br>\n<br>\n<br><h6>Wszystkie ko\u0142a z\u0119bate s\u0105 hartowane, co zapewnia d\u0142ugowieczno\u015b\u0107<\/h6>\n<br>\n<br>\n<br><h6>Stabilizator drutu zwi\u0119kszaj\u0105cy powtarzalno\u015b\u0107 kszta\u0142tu drutu<\/h6>\n<br>\n<br>\n<br><h6>Szeroka, 2-p\u0142aszczyznowa prostownica do drutu<\/h6>\n<br>\n<br>\n<br><h6>W zestawie rysunki narz\u0119dzi dla materia\u0142\u00f3w eksploatacyjnych<\/h6>\n<br>\n<br>\n<br><h6>Super sztywna konstrukcja ramy skrzynkowej<\/h6>\n<br>\n<br>\n<br><h6>W zestawie standardowa jednostka zasilaj\u0105ca o masie 3000 funt\u00f3w<\/h6>\n<br>\n<br><br>Opis<br>lewy<br>bez powt\u00f3rze\u0144;na \u015brodku u g\u00f3ry;;<br>automatyczny<br><br><img decoding=\"async\" src=\"https:\/\/ipautomationinc.com\/wp-content\/uploads\/2022\/05\/roller-front-2.jpg\" alt=\"prz\u00f3d rolki\" \/><br>\u015bredni<br><br><img decoding=\"async\" src=\"https:\/\/ipautomationinc.com\/wp-content\/uploads\/2022\/05\/roller-side.jpg\" alt=\"strona rolki\" \/><br>\u015bredni<br><br><img decoding=\"async\" src=\"https:\/\/ipautomationinc.com\/wp-content\/uploads\/2021\/10\/pannel-e1640882866614.png\" alt=\"panel\" \/><br>pe\u0142ny<br>zawiera\u0107<br>centrum centrum<br>ukrywa\u0107<br><br><img decoding=\"async\" src=\"https:\/\/ipautomationinc.com\/wp-content\/uploads\/2022\/04\/SDM.png\" alt=\"SDM\" \/><br>\u015bredni<br><br><h3>Sterowanie\/Funkcje oprogramowania<\/h3>\n<br>\n<br>\t<h6>Mened\u017cer diagnostyki systemu zapewniaj\u0105cy pe\u0142ny przegl\u0105d maszyny<\/h6>\n<br>\t<h6>Monitor zu\u017cycia energii pod k\u0105tem zu\u017cycia energii i wydajno\u015bci maszyny<\/h6>\n<br>\t<h6>Aktywne zasilacze do zwi\u0119kszania napi\u0119cia szyny DC w celu zwi\u0119kszenia wydajno\u015bci maszyny<\/h6>\n<br>\t<h6>Wsp\u00f3lne napi\u0119cie szyny DC zapewnia wydajno\u015b\u0107 maszyny, dodatkowa moc jest filtrowana z powrotem do linii<\/h6>\n<br>\t<h6>Enkoder po\u0142o\u017cenia drutu wykrywaj\u0105cy po\u015blizg podajnika<\/h6>\n<br><br>Opis<br>lewy<br>bez powt\u00f3rze\u0144;na \u015brodku u g\u00f3ry;;<br>automatyczny<br><br>Skontaktuj si\u0119<br><a href=\"https:\/\/ipautomationinc.com\/pl\/skontaktuj-sie-z-nami\/\">https:\/\/ipautomationinc.com\/contact-us\/<\/a><br>ikona-do przodu<br>Prawid\u0142owy<br>4<br>motyw_przycisku<br>Centrum<br><br><\/p>","protected":false},"excerpt":{"rendered":"<p>Intellibend Software features Simple programming interface on 21.5&#8243; multi touch screen Full CNC control of all servo axis Updated 3D<span class=\"excerpt-hellip\"> [\u2026]<\/span><\/p>\n","protected":false},"author":3,"featured_media":0,"parent":0,"menu_order":0,"comment_status":"open","ping_status":"closed","template":"","meta":{"footnotes":""},"class_list":["post-118","page","type-page","status-publish","hentry"],"yoast_head":"<!-- This site is optimized with the Yoast SEO plugin v27.3 - https:\/\/yoast.com\/product\/yoast-seo-wordpress\/ -->\n<title>Machine Technology | IP Automation Inc<\/title>\n<meta name=\"description\" content=\"Learn about the mechanical and programming machine features that goes into our machinery. Intellibend software with simulation.\" \/>\n<meta name=\"robots\" content=\"index, follow, max-snippet:-1, max-image-preview:large, max-video-preview:-1\" \/>\n<link rel=\"canonical\" href=\"https:\/\/ipautomationinc.com\/pl\/mozliwosci-maszyny\/\" \/>\n<meta property=\"og:locale\" content=\"pl_PL\" \/>\n<meta property=\"og:type\" content=\"article\" \/>\n<meta property=\"og:title\" content=\"Machine Technology | IP Automation Inc\" \/>\n<meta property=\"og:description\" content=\"Learn about the mechanical and programming machine features that goes into our machinery. Intellibend software with simulation.\" \/>\n<meta property=\"og:url\" content=\"https:\/\/ipautomationinc.com\/pl\/mozliwosci-maszyny\/\" \/>\n<meta property=\"og:site_name\" content=\"IP Automation Inc\" \/>\n<meta property=\"article:publisher\" content=\"https:\/\/www.facebook.com\/ipautomationinc\/\" \/>\n<meta property=\"article:modified_time\" content=\"2024-03-13T21:59:50+00:00\" \/>\n<meta property=\"og:image\" content=\"https:\/\/ipautomationinc.com\/wp-content\/uploads\/2022\/05\/web-header_Artboard-6.jpg\" \/>\n\t<meta property=\"og:image:width\" content=\"1920\" \/>\n\t<meta property=\"og:image:height\" content=\"815\" \/>\n\t<meta property=\"og:image:type\" content=\"image\/jpeg\" \/>\n<script type=\"application\/ld+json\" class=\"yoast-schema-graph\">{\"@context\":\"https:\\\/\\\/schema.org\",\"@graph\":[{\"@type\":\"WebPage\",\"@id\":\"https:\\\/\\\/ipautomationinc.com\\\/machine-capabilities\\\/\",\"url\":\"https:\\\/\\\/ipautomationinc.com\\\/machine-capabilities\\\/\",\"name\":\"Machine Technology | IP Automation Inc\",\"isPartOf\":{\"@id\":\"https:\\\/\\\/ipautomationinc.com\\\/#website\"},\"primaryImageOfPage\":{\"@id\":\"https:\\\/\\\/ipautomationinc.com\\\/machine-capabilities\\\/#primaryimage\"},\"image\":{\"@id\":\"https:\\\/\\\/ipautomationinc.com\\\/machine-capabilities\\\/#primaryimage\"},\"thumbnailUrl\":\"https:\\\/\\\/ipautomationinc.com\\\/wp-content\\\/uploads\\\/2022\\\/05\\\/DH-Simulation_Moment-trim.jpg\",\"datePublished\":\"2017-10-27T22:51:34+00:00\",\"dateModified\":\"2024-03-13T21:59:50+00:00\",\"description\":\"Learn about the mechanical and programming machine features that goes into our machinery. Intellibend software with simulation.\",\"inLanguage\":\"pl-PL\",\"potentialAction\":[{\"@type\":\"ReadAction\",\"target\":[\"https:\\\/\\\/ipautomationinc.com\\\/machine-capabilities\\\/\"]}]},{\"@type\":\"ImageObject\",\"inLanguage\":\"pl-PL\",\"@id\":\"https:\\\/\\\/ipautomationinc.com\\\/machine-capabilities\\\/#primaryimage\",\"url\":\"https:\\\/\\\/ipautomationinc.com\\\/wp-content\\\/uploads\\\/2022\\\/05\\\/DH-Simulation_Moment-trim.jpg\",\"contentUrl\":\"https:\\\/\\\/ipautomationinc.com\\\/wp-content\\\/uploads\\\/2022\\\/05\\\/DH-Simulation_Moment-trim.jpg\"},{\"@type\":\"WebSite\",\"@id\":\"https:\\\/\\\/ipautomationinc.com\\\/#website\",\"url\":\"https:\\\/\\\/ipautomationinc.com\\\/\",\"name\":\"IP Automation Inc\",\"description\":\"Concept... Creation... Reality...\",\"publisher\":{\"@id\":\"https:\\\/\\\/ipautomationinc.com\\\/#organization\"},\"potentialAction\":[{\"@type\":\"SearchAction\",\"target\":{\"@type\":\"EntryPoint\",\"urlTemplate\":\"https:\\\/\\\/ipautomationinc.com\\\/?s={search_term_string}\"},\"query-input\":{\"@type\":\"PropertyValueSpecification\",\"valueRequired\":true,\"valueName\":\"search_term_string\"}}],\"inLanguage\":\"pl-PL\"},{\"@type\":\"Organization\",\"@id\":\"https:\\\/\\\/ipautomationinc.com\\\/#organization\",\"name\":\"IP Automation Inc\",\"url\":\"https:\\\/\\\/ipautomationinc.com\\\/\",\"logo\":{\"@type\":\"ImageObject\",\"inLanguage\":\"pl-PL\",\"@id\":\"https:\\\/\\\/ipautomationinc.com\\\/#\\\/schema\\\/logo\\\/image\\\/\",\"url\":\"https:\\\/\\\/ipautomationinc.com\\\/wp-content\\\/uploads\\\/2022\\\/05\\\/IPA-Favicon.png\",\"contentUrl\":\"https:\\\/\\\/ipautomationinc.com\\\/wp-content\\\/uploads\\\/2022\\\/05\\\/IPA-Favicon.png\",\"width\":513,\"height\":513,\"caption\":\"IP Automation Inc\"},\"image\":{\"@id\":\"https:\\\/\\\/ipautomationinc.com\\\/#\\\/schema\\\/logo\\\/image\\\/\"},\"sameAs\":[\"https:\\\/\\\/www.facebook.com\\\/ipautomationinc\\\/\",\"https:\\\/\\\/www.linkedin.com\\\/company\\\/ip-automation-inc\\\/\",\"https:\\\/\\\/www.youtube.com\\\/@IPAutomation\"]}]}<\/script>\n<!-- \/ Yoast SEO plugin. -->","yoast_head_json":{"title":"Technologia maszyn | Firma IP Automation Inc","description":"Dowiedz si\u0119 o funkcjach mechanicznych i programistycznych maszyn, kt\u00f3re trafiaj\u0105 do naszych maszyn. Oprogramowanie Intellibend z symulacj\u0105.","robots":{"index":"index","follow":"follow","max-snippet":"max-snippet:-1","max-image-preview":"max-image-preview:large","max-video-preview":"max-video-preview:-1"},"canonical":"https:\/\/ipautomationinc.com\/pl\/mozliwosci-maszyny\/","og_locale":"pl_PL","og_type":"article","og_title":"Machine Technology | IP Automation Inc","og_description":"Learn about the mechanical and programming machine features that goes into our machinery. Intellibend software with simulation.","og_url":"https:\/\/ipautomationinc.com\/pl\/mozliwosci-maszyny\/","og_site_name":"IP Automation Inc","article_publisher":"https:\/\/www.facebook.com\/ipautomationinc\/","article_modified_time":"2024-03-13T21:59:50+00:00","og_image":[{"width":1920,"height":815,"url":"https:\/\/ipautomationinc.com\/wp-content\/uploads\/2022\/05\/web-header_Artboard-6.jpg","type":"image\/jpeg"}],"schema":{"@context":"https:\/\/schema.org","@graph":[{"@type":"WebPage","@id":"https:\/\/ipautomationinc.com\/machine-capabilities\/","url":"https:\/\/ipautomationinc.com\/machine-capabilities\/","name":"Technologia maszyn | Firma IP Automation Inc","isPartOf":{"@id":"https:\/\/ipautomationinc.com\/#website"},"primaryImageOfPage":{"@id":"https:\/\/ipautomationinc.com\/machine-capabilities\/#primaryimage"},"image":{"@id":"https:\/\/ipautomationinc.com\/machine-capabilities\/#primaryimage"},"thumbnailUrl":"https:\/\/ipautomationinc.com\/wp-content\/uploads\/2022\/05\/DH-Simulation_Moment-trim.jpg","datePublished":"2017-10-27T22:51:34+00:00","dateModified":"2024-03-13T21:59:50+00:00","description":"Dowiedz si\u0119 o funkcjach mechanicznych i programistycznych maszyn, kt\u00f3re trafiaj\u0105 do naszych maszyn. Oprogramowanie Intellibend z symulacj\u0105.","inLanguage":"pl-PL","potentialAction":[{"@type":"ReadAction","target":["https:\/\/ipautomationinc.com\/machine-capabilities\/"]}]},{"@type":"ImageObject","inLanguage":"pl-PL","@id":"https:\/\/ipautomationinc.com\/machine-capabilities\/#primaryimage","url":"https:\/\/ipautomationinc.com\/wp-content\/uploads\/2022\/05\/DH-Simulation_Moment-trim.jpg","contentUrl":"https:\/\/ipautomationinc.com\/wp-content\/uploads\/2022\/05\/DH-Simulation_Moment-trim.jpg"},{"@type":"WebSite","@id":"https:\/\/ipautomationinc.com\/#website","url":"https:\/\/ipautomationinc.com\/","name":"Firma IP Automation Inc","description":"Koncepcja... Kreacja... Rzeczywisto\u015b\u0107...","publisher":{"@id":"https:\/\/ipautomationinc.com\/#organization"},"potentialAction":[{"@type":"SearchAction","target":{"@type":"EntryPoint","urlTemplate":"https:\/\/ipautomationinc.com\/?s={search_term_string}"},"query-input":{"@type":"PropertyValueSpecification","valueRequired":true,"valueName":"search_term_string"}}],"inLanguage":"pl-PL"},{"@type":"Organization","@id":"https:\/\/ipautomationinc.com\/#organization","name":"Firma IP Automation Inc","url":"https:\/\/ipautomationinc.com\/","logo":{"@type":"ImageObject","inLanguage":"pl-PL","@id":"https:\/\/ipautomationinc.com\/#\/schema\/logo\/image\/","url":"https:\/\/ipautomationinc.com\/wp-content\/uploads\/2022\/05\/IPA-Favicon.png","contentUrl":"https:\/\/ipautomationinc.com\/wp-content\/uploads\/2022\/05\/IPA-Favicon.png","width":513,"height":513,"caption":"IP Automation Inc"},"image":{"@id":"https:\/\/ipautomationinc.com\/#\/schema\/logo\/image\/"},"sameAs":["https:\/\/www.facebook.com\/ipautomationinc\/","https:\/\/www.linkedin.com\/company\/ip-automation-inc\/","https:\/\/www.youtube.com\/@IPAutomation"]}]}},"_links":{"self":[{"href":"https:\/\/ipautomationinc.com\/pl\/wp-json\/wp\/v2\/pages\/118","targetHints":{"allow":["GET"]}}],"collection":[{"href":"https:\/\/ipautomationinc.com\/pl\/wp-json\/wp\/v2\/pages"}],"about":[{"href":"https:\/\/ipautomationinc.com\/pl\/wp-json\/wp\/v2\/types\/page"}],"author":[{"embeddable":true,"href":"https:\/\/ipautomationinc.com\/pl\/wp-json\/wp\/v2\/users\/3"}],"replies":[{"embeddable":true,"href":"https:\/\/ipautomationinc.com\/pl\/wp-json\/wp\/v2\/comments?post=118"}],"version-history":[{"count":0,"href":"https:\/\/ipautomationinc.com\/pl\/wp-json\/wp\/v2\/pages\/118\/revisions"}],"wp:attachment":[{"href":"https:\/\/ipautomationinc.com\/pl\/wp-json\/wp\/v2\/media?parent=118"}],"curies":[{"name":"wp","href":"https:\/\/api.w.org\/{rel}","templated":true}]}}