{"id":1110,"date":"2022-05-24T15:32:25","date_gmt":"2022-05-24T20:32:25","guid":{"rendered":"https:\/\/ipautomationinc.com\/?page_id=1110"},"modified":"2025-09-16T12:03:12","modified_gmt":"2025-09-16T17:03:12","slug":"przedstawiciele-handlowi","status":"publish","type":"page","link":"https:\/\/ipautomationinc.com\/pl\/sales-representatives\/","title":{"rendered":"Przedstawiciele handlowi"},"content":{"rendered":"<h6 class=\"wp-block-heading\"><strong>Przedstawiciele handlowi gi\u0119tarek do drutu IP Automation to eksperci w dziedzinie gi\u0119cia drutu, gotowi zapewni\u0107 lokaln\u0105 uwag\u0119 Twoim potrzebom w zakresie formowania drutu i podzieli\u0107 si\u0119 pomys\u0142ami na temat opcji, kt\u00f3re zoptymalizuj\u0105 Twoje rozwi\u0105zanie IP Automation. Znajd\u017a przedstawiciela handlowego dla swojego kraju lub regionu.<\/strong><\/h6>\n\n\n\n<p><span class=\"builder2seo\"><\/span><img decoding=\"async\" src=\"https:\/\/ipautomationinc.com\/wp-content\/uploads\/2023\/11\/new-world-map-1123.png#35520\" alt=\"nowa mapa \u015bwiata 1123\"><br>mapa przedstawicieli handlowych gi\u0119tarek do drutu<br><br><h5>Przedstawiciele handlowi gi\u0119tarek do drutu IP Automation to eksperci w dziedzinie gi\u0119cia drutu, gotowi zapewni\u0107 lokaln\u0105 uwag\u0119 Twoim potrzebom w zakresie formowania drutu i podzieli\u0107 si\u0119 pomys\u0142ami na temat opcji, kt\u00f3re zoptymalizuj\u0105 Twoje rozwi\u0105zanie IP Automation.<\/h5><br><br><h2>USA<\/h2><br>Nag\u0142\u00f3wek<br>bez powt\u00f3rze\u0144;na \u015brodku u g\u00f3ry;;<br>automatyczny<br><br><h4>Dawid Konrad<\/h4><br><br><span>Georgia, Karolina P\u00f3\u0142nocna, Karolina Po\u0142udniowa, Wirginia<\/span><br><br><a href=\"tel:+17049027399\">(704)-902-7399<\/a><br><br><a href=\"mailto:Conradsales@aol.com\">Conradsales@aol.com<\/a><br>bez powt\u00f3rze\u0144;lewy g\u00f3rny;;<br>automatyczny<br>0 0 0 55 pikseli<br><br><h4>Tomasz Melonic<\/h4><br><br>Connecticut, Delaware, Maine, Maryland, Massachusetts, New Hampshire, New Jersey, Nowy Jork, Pensylwania, Rhode Island, Vermont, Ohio<br><br><a href=\"tel:+17165363104\"> Telefon kom\u00f3rkowy \u2013 (716)-536-3104<\/a><br><br><a href=\"mailto:wireguy@roadrunner.com\">wireguy@roadrunner.com<\/a><br>bez powt\u00f3rze\u0144;lewy g\u00f3rny;;<br>automatyczny<br>0 0 0 55 pikseli<br><br>Wszystkie inne Stany<br><br><h4>Pawe\u0142 <span class=\"cf0\">Sitkiewicz<\/span><\/h4><br><br><h4>Seana Costina<\/h4><br><br><a href=\"tel:+16303769905\">Bezpo\u015brednia linia Seana \u2013 +1(630)-376-9905<\/a><!--EndFragment --><br><br><a href=\"mailto:sales@ipautomationinc.com\">sales@ipautomationinc.com<\/a><br><br>WhatsApp:<br><br><img decoding=\"async\" src=\"https:\/\/ipautomationinc.com\/wp-content\/uploads\/2024\/08\/whatsapp-qr-150x150.jpg\" alt=\"\"><br>bez powt\u00f3rze\u0144;lewy g\u00f3rny;;<br>automatyczny<br>0 0 0 55 pikseli<br><br><br><h2>Meksyk<\/h2><br>Nag\u0142\u00f3wek<br>bez powt\u00f3rze\u0144;na \u015brodku u g\u00f3ry;;<br>automatyczny<br><br><h4>Manuela Uriarte<\/h4><br><br><span>ProMaszyny<\/span><br><br><a href=\"tel:+523314746954\">+52 33 1474 6954<\/a><br><br><a href=\"mailto:muriarte@prod3.net\">muriarte@prod3.net<\/a><br><br><a href=\"https:\/\/www.promachinerymx.com\/\">www.promachinerymx.com<\/a><br><br><div class=\"image_frame image_item no_link scale-with-grid element_classes alignnone no_border mfn-img-box\" ><div class=\"image_wrapper\"><img decoding=\"async\" class=\"scale-with-grid\" src=\"\" fetchpriority=\"high\" alt=\"\" title=\"\" width=\"\" height=\"\" style=\"\"\/><\/div><\/div>\n<br>bez powt\u00f3rze\u0144;lewy g\u00f3rny;;<br>automatyczny<br>0 0 0 55 pikseli<br><br><h4>Juan Ram\u00f3n<!--EndFragment --><\/h4><br><br><span>Narz\u0119dzie jartoolowe<\/span><br><br><span><a href=\"tel:8134188492\">813-4188-492<\/a><\/span><br><br><a href=\"mailto:juan.ramon@jartool.com\">juan.ramon@jartool.com<\/a><br><br><a href=\"https:\/\/jartool.com\/\">www.jartool.com<\/a><br><br><div class=\"image_frame image_item no_link scale-with-grid element_classes alignnone no_border mfn-img-box\" ><div class=\"image_wrapper\"><img decoding=\"async\" class=\"scale-with-grid\" src=\"\" fetchpriority=\"high\" alt=\"\" title=\"\" width=\"\" height=\"\" style=\"\"\/><\/div><\/div>\n<br>bez powt\u00f3rze\u0144;lewy g\u00f3rny;;<br>automatyczny<br>0 0 0 55 pikseli<br><br><h4>Bernardo <!--StartFragment --><span class=\"cf0\">Guerrero<\/span><!--EndFragment --><\/h4><br><br><span>Technik in\u017cynierii<\/span><br><br><a href=\"mailto:bguerrero@ipautomationinc.com\">bguerrero@ipautomationinc.com<\/a><br>bez powt\u00f3rze\u0144;lewy g\u00f3rny;;<br>automatyczny<br>0 0 0 55 pikseli<br><br><br><h2>Kanada<\/h2><br>Nag\u0142\u00f3wek<br>bez powt\u00f3rze\u0144;na \u015brodku u g\u00f3ry;;<br>automatyczny<br><br><h4>Johna Somerville\u2019a<\/h4><br><br><span>Rotem Industrial Products Inc.<\/span><br><br><a href=\"tel:+14163186842\">+1 416-318-6842<\/a><br><br><a href=\"mailto:john@rotem.ca\">john@rotem.ca<\/a><br><br><a href=\"https:\/\/www.rotem.ca\/\">www.rotem.ca<\/a><br><br><div class=\"image_frame image_item no_link scale-with-grid element_classes alignnone no_border mfn-img-box\" ><div class=\"image_wrapper\"><img decoding=\"async\" class=\"scale-with-grid\" src=\"\" fetchpriority=\"high\" alt=\"\" title=\"\" width=\"\" height=\"\" style=\"\"\/><\/div><\/div>\n<br>bez powt\u00f3rze\u0144;lewy g\u00f3rny;;<br>automatyczny<br>0 0 0 55 pikseli<br><br><br><h2>Europa<\/h2><br>Nag\u0142\u00f3wek<br>bez powt\u00f3rze\u0144;na \u015brodku u g\u00f3ry;;<br>automatyczny<br><br><h4>Petr Mikovec<\/h4><br><br><span>Czechy, S\u0142owacja<\/span><br><br><a href=\"tel:+420312249281\">Biuro \u2013 +(420) 312-249-281<\/a><br><br><a href=\"tel:+420777555282\">Kom\u00f3rkowy \u2013 +(420) 777-555-282<\/a><br><br><a href=\"mailto:mikovec@mec-technik.cz\">mikovec@mec-technik.cz<\/a><br><br><a href=\"http:\/\/www.mec-technik.cz\">www.mectechnik.cz<\/a><br><br><div class=\"image_frame image_item no_link scale-with-grid element_classes alignnone no_border mfn-img-box\" ><div class=\"image_wrapper\"><img decoding=\"async\" class=\"scale-with-grid\" src=\"\" fetchpriority=\"high\" alt=\"\" title=\"\" width=\"\" height=\"\" style=\"\"\/><\/div><\/div>\n<br>bez powt\u00f3rze\u0144;lewy g\u00f3rny;;<br>automatyczny<br>0 0 0 55 pikseli<br><br><h4>Markusa Suchomskiego<\/h4><br><br><span>Austrii, Niemczech<\/span><br><br><a href=\"tel:+498212461530\">Biuro \u2013 +49 (0)8 21 \/ 2 46 15 30<\/a><br><br><a href=\"tel:+491728127098\">Telefon kom\u00f3rkowy \u2013 +49 (0)1 72 \/ 8 12 70 98<\/a><br><br><a href=\"mailto:markus@suchomski.de\">markus@suchomski.de<\/a><br><br><a href=\"https:\/\/www.suchomski.de\">www.suchomski.de<\/a><br><br><div class=\"image_frame image_item no_link scale-with-grid element_classes alignnone no_border mfn-img-box\" ><div class=\"image_wrapper\"><img decoding=\"async\" class=\"scale-with-grid\" src=\"\" fetchpriority=\"high\" alt=\"\" title=\"\" width=\"\" height=\"\" style=\"\"\/><\/div><\/div>\n<br>bez powt\u00f3rze\u0144;lewy g\u00f3rny;;<br>automatyczny<br>0 0 0 55 pikseli<br><br><br>Znajd\u017a produkty<br><br>Kliknij tutaj<br><a href=\"https:\/\/ipautomationinc.com\/pl\/produkty-i-uslugi\/\">https:\/\/ipautomationinc.com\/products-and-services\/<\/a><br><br>Uzyska\u0107 wsparcie<br><br>Kliknij tutaj<br><a href=\"https:\/\/ipautomationinc.com\/pl\/wsparcie\/\">https:\/\/ipautomationinc.com\/support\/<\/a><br><br>Skontaktuj si\u0119 z nami<br><br>Kliknij tutaj<br><a href=\"https:\/\/ipautomationinc.com\/pl\/skontaktuj-sie-z-nami\/\">https:\/\/ipautomationinc.com\/contact-us\/<\/a><br><br><br>Chcesz zosta\u0107 przedstawicielem handlowym IP Automation Inc?<br><br>Wy\u015blij nam wiadomo\u015b\u0107!<br><br><p class=\"wpcf7-contact-form-not-found\"><strong>B\u0142\u0105d:<\/strong> Brak formularza kontaktowego.<\/p><br><br><\/p>","protected":false},"excerpt":{"rendered":"<p>IP Automation wire bending machine sales representatives are wire bending experts, ready to provide local attention to your wire forming<span class=\"excerpt-hellip\"> [\u2026]<\/span><\/p>\n","protected":false},"author":3,"featured_media":0,"parent":0,"menu_order":0,"comment_status":"open","ping_status":"closed","template":"","meta":{"footnotes":""},"class_list":["post-1110","page","type-page","status-publish","hentry"],"yoast_head":"<!-- This site is optimized with the Yoast SEO plugin v27.3 - https:\/\/yoast.com\/product\/yoast-seo-wordpress\/ -->\n<title>Wire Bending Machine Sales Representative Near You<\/title>\n<meta name=\"description\" content=\"Find a wire bending machine sales representative near you to purchase our premium quality made in the USA wire bending machines.\" \/>\n<meta name=\"robots\" content=\"index, follow, max-snippet:-1, max-image-preview:large, max-video-preview:-1\" \/>\n<link rel=\"canonical\" href=\"https:\/\/ipautomationinc.com\/pl\/przedstawiciele-handlowi\/\" \/>\n<meta property=\"og:locale\" content=\"pl_PL\" \/>\n<meta property=\"og:type\" content=\"article\" \/>\n<meta property=\"og:title\" content=\"Wire Bending Machine Sales Representative Near You\" \/>\n<meta property=\"og:description\" content=\"Find a wire bending machine sales representative near you to purchase our premium quality made in the USA wire bending machines.\" \/>\n<meta property=\"og:url\" content=\"https:\/\/ipautomationinc.com\/pl\/przedstawiciele-handlowi\/\" \/>\n<meta property=\"og:site_name\" content=\"IP Automation Inc\" \/>\n<meta property=\"article:publisher\" content=\"https:\/\/www.facebook.com\/ipautomationinc\/\" \/>\n<meta property=\"article:modified_time\" content=\"2025-09-16T17:03:12+00:00\" \/>\n<meta property=\"og:image\" content=\"https:\/\/ipautomationinc.com\/wp-content\/uploads\/2023\/11\/new-world-map-1123.png#35520\" \/>\n<script type=\"application\/ld+json\" class=\"yoast-schema-graph\">{\"@context\":\"https:\\\/\\\/schema.org\",\"@graph\":[{\"@type\":\"WebPage\",\"@id\":\"https:\\\/\\\/ipautomationinc.com\\\/sales-representatives\\\/\",\"url\":\"https:\\\/\\\/ipautomationinc.com\\\/sales-representatives\\\/\",\"name\":\"Wire Bending Machine Sales Representative Near You\",\"isPartOf\":{\"@id\":\"https:\\\/\\\/ipautomationinc.com\\\/#website\"},\"primaryImageOfPage\":{\"@id\":\"https:\\\/\\\/ipautomationinc.com\\\/sales-representatives\\\/#primaryimage\"},\"image\":{\"@id\":\"https:\\\/\\\/ipautomationinc.com\\\/sales-representatives\\\/#primaryimage\"},\"thumbnailUrl\":\"https:\\\/\\\/ipautomationinc.com\\\/wp-content\\\/uploads\\\/2023\\\/11\\\/new-world-map-1123.png#35520\",\"datePublished\":\"2022-05-24T20:32:25+00:00\",\"dateModified\":\"2025-09-16T17:03:12+00:00\",\"description\":\"Find a wire bending machine sales representative near you to purchase our premium quality made in the USA wire bending machines.\",\"inLanguage\":\"pl-PL\",\"potentialAction\":[{\"@type\":\"ReadAction\",\"target\":[\"https:\\\/\\\/ipautomationinc.com\\\/sales-representatives\\\/\"]}]},{\"@type\":\"ImageObject\",\"inLanguage\":\"pl-PL\",\"@id\":\"https:\\\/\\\/ipautomationinc.com\\\/sales-representatives\\\/#primaryimage\",\"url\":\"https:\\\/\\\/ipautomationinc.com\\\/wp-content\\\/uploads\\\/2023\\\/11\\\/new-world-map-1123.png#35520\",\"contentUrl\":\"https:\\\/\\\/ipautomationinc.com\\\/wp-content\\\/uploads\\\/2023\\\/11\\\/new-world-map-1123.png#35520\"},{\"@type\":\"WebSite\",\"@id\":\"https:\\\/\\\/ipautomationinc.com\\\/#website\",\"url\":\"https:\\\/\\\/ipautomationinc.com\\\/\",\"name\":\"IP Automation Inc\",\"description\":\"Concept... Creation... Reality...\",\"publisher\":{\"@id\":\"https:\\\/\\\/ipautomationinc.com\\\/#organization\"},\"potentialAction\":[{\"@type\":\"SearchAction\",\"target\":{\"@type\":\"EntryPoint\",\"urlTemplate\":\"https:\\\/\\\/ipautomationinc.com\\\/?s={search_term_string}\"},\"query-input\":{\"@type\":\"PropertyValueSpecification\",\"valueRequired\":true,\"valueName\":\"search_term_string\"}}],\"inLanguage\":\"pl-PL\"},{\"@type\":\"Organization\",\"@id\":\"https:\\\/\\\/ipautomationinc.com\\\/#organization\",\"name\":\"IP Automation Inc\",\"url\":\"https:\\\/\\\/ipautomationinc.com\\\/\",\"logo\":{\"@type\":\"ImageObject\",\"inLanguage\":\"pl-PL\",\"@id\":\"https:\\\/\\\/ipautomationinc.com\\\/#\\\/schema\\\/logo\\\/image\\\/\",\"url\":\"https:\\\/\\\/ipautomationinc.com\\\/wp-content\\\/uploads\\\/2022\\\/05\\\/IPA-Favicon.png\",\"contentUrl\":\"https:\\\/\\\/ipautomationinc.com\\\/wp-content\\\/uploads\\\/2022\\\/05\\\/IPA-Favicon.png\",\"width\":513,\"height\":513,\"caption\":\"IP Automation Inc\"},\"image\":{\"@id\":\"https:\\\/\\\/ipautomationinc.com\\\/#\\\/schema\\\/logo\\\/image\\\/\"},\"sameAs\":[\"https:\\\/\\\/www.facebook.com\\\/ipautomationinc\\\/\",\"https:\\\/\\\/www.linkedin.com\\\/company\\\/ip-automation-inc\\\/\",\"https:\\\/\\\/www.youtube.com\\\/@IPAutomation\"]}]}<\/script>\n<!-- \/ Yoast SEO plugin. -->","yoast_head_json":{"title":"Przedstawiciel handlowy maszyn do gi\u0119cia drutu w Twojej okolicy","description":"Znajd\u017a najbli\u017cszego przedstawiciela handlowego gi\u0119tarek do drutu, aby kupi\u0107 nasze najwy\u017cszej jako\u015bci maszyny do gi\u0119cia drutu produkowane w USA.","robots":{"index":"index","follow":"follow","max-snippet":"max-snippet:-1","max-image-preview":"max-image-preview:large","max-video-preview":"max-video-preview:-1"},"canonical":"https:\/\/ipautomationinc.com\/pl\/przedstawiciele-handlowi\/","og_locale":"pl_PL","og_type":"article","og_title":"Wire Bending Machine Sales Representative Near You","og_description":"Find a wire bending machine sales representative near you to purchase our premium quality made in the USA wire bending machines.","og_url":"https:\/\/ipautomationinc.com\/pl\/przedstawiciele-handlowi\/","og_site_name":"IP Automation Inc","article_publisher":"https:\/\/www.facebook.com\/ipautomationinc\/","article_modified_time":"2025-09-16T17:03:12+00:00","og_image":[{"url":"https:\/\/ipautomationinc.com\/wp-content\/uploads\/2023\/11\/new-world-map-1123.png#35520","type":"","width":"","height":""}],"schema":{"@context":"https:\/\/schema.org","@graph":[{"@type":"WebPage","@id":"https:\/\/ipautomationinc.com\/sales-representatives\/","url":"https:\/\/ipautomationinc.com\/sales-representatives\/","name":"Przedstawiciel handlowy maszyn do gi\u0119cia drutu w Twojej okolicy","isPartOf":{"@id":"https:\/\/ipautomationinc.com\/#website"},"primaryImageOfPage":{"@id":"https:\/\/ipautomationinc.com\/sales-representatives\/#primaryimage"},"image":{"@id":"https:\/\/ipautomationinc.com\/sales-representatives\/#primaryimage"},"thumbnailUrl":"https:\/\/ipautomationinc.com\/wp-content\/uploads\/2023\/11\/new-world-map-1123.png#35520","datePublished":"2022-05-24T20:32:25+00:00","dateModified":"2025-09-16T17:03:12+00:00","description":"Znajd\u017a najbli\u017cszego przedstawiciela handlowego gi\u0119tarek do drutu, aby kupi\u0107 nasze najwy\u017cszej jako\u015bci maszyny do gi\u0119cia drutu produkowane w USA.","inLanguage":"pl-PL","potentialAction":[{"@type":"ReadAction","target":["https:\/\/ipautomationinc.com\/sales-representatives\/"]}]},{"@type":"ImageObject","inLanguage":"pl-PL","@id":"https:\/\/ipautomationinc.com\/sales-representatives\/#primaryimage","url":"https:\/\/ipautomationinc.com\/wp-content\/uploads\/2023\/11\/new-world-map-1123.png#35520","contentUrl":"https:\/\/ipautomationinc.com\/wp-content\/uploads\/2023\/11\/new-world-map-1123.png#35520"},{"@type":"WebSite","@id":"https:\/\/ipautomationinc.com\/#website","url":"https:\/\/ipautomationinc.com\/","name":"Firma IP Automation Inc","description":"Koncepcja... Kreacja... Rzeczywisto\u015b\u0107...","publisher":{"@id":"https:\/\/ipautomationinc.com\/#organization"},"potentialAction":[{"@type":"SearchAction","target":{"@type":"EntryPoint","urlTemplate":"https:\/\/ipautomationinc.com\/?s={search_term_string}"},"query-input":{"@type":"PropertyValueSpecification","valueRequired":true,"valueName":"search_term_string"}}],"inLanguage":"pl-PL"},{"@type":"Organization","@id":"https:\/\/ipautomationinc.com\/#organization","name":"Firma IP Automation Inc","url":"https:\/\/ipautomationinc.com\/","logo":{"@type":"ImageObject","inLanguage":"pl-PL","@id":"https:\/\/ipautomationinc.com\/#\/schema\/logo\/image\/","url":"https:\/\/ipautomationinc.com\/wp-content\/uploads\/2022\/05\/IPA-Favicon.png","contentUrl":"https:\/\/ipautomationinc.com\/wp-content\/uploads\/2022\/05\/IPA-Favicon.png","width":513,"height":513,"caption":"IP Automation Inc"},"image":{"@id":"https:\/\/ipautomationinc.com\/#\/schema\/logo\/image\/"},"sameAs":["https:\/\/www.facebook.com\/ipautomationinc\/","https:\/\/www.linkedin.com\/company\/ip-automation-inc\/","https:\/\/www.youtube.com\/@IPAutomation"]}]}},"_links":{"self":[{"href":"https:\/\/ipautomationinc.com\/pl\/wp-json\/wp\/v2\/pages\/1110","targetHints":{"allow":["GET"]}}],"collection":[{"href":"https:\/\/ipautomationinc.com\/pl\/wp-json\/wp\/v2\/pages"}],"about":[{"href":"https:\/\/ipautomationinc.com\/pl\/wp-json\/wp\/v2\/types\/page"}],"author":[{"embeddable":true,"href":"https:\/\/ipautomationinc.com\/pl\/wp-json\/wp\/v2\/users\/3"}],"replies":[{"embeddable":true,"href":"https:\/\/ipautomationinc.com\/pl\/wp-json\/wp\/v2\/comments?post=1110"}],"version-history":[{"count":2,"href":"https:\/\/ipautomationinc.com\/pl\/wp-json\/wp\/v2\/pages\/1110\/revisions"}],"predecessor-version":[{"id":37707,"href":"https:\/\/ipautomationinc.com\/pl\/wp-json\/wp\/v2\/pages\/1110\/revisions\/37707"}],"wp:attachment":[{"href":"https:\/\/ipautomationinc.com\/pl\/wp-json\/wp\/v2\/media?parent=1110"}],"curies":[{"name":"wp","href":"https:\/\/api.w.org\/{rel}","templated":true}]}}