{"id":111,"date":"2017-10-27T17:33:30","date_gmt":"2017-10-27T22:33:30","guid":{"rendered":"http:\/\/ipautomationinc.com\/?page_id=111"},"modified":"2025-09-10T15:54:28","modified_gmt":"2025-09-10T20:54:28","slug":"komorki-automatyki","status":"publish","type":"page","link":"https:\/\/ipautomationinc.com\/pl\/automationcells\/","title":{"rendered":"Kom\u00f3rki automatyzacji"},"content":{"rendered":"<p>Eksperci w automatyzacji proces\u00f3w formowania drutu.<\/p>\n\n\n\n<p>Nasze maszyny, in\u017cynierowie i technicy s\u0105 przygotowani na indywidualne rozwi\u0105zania dla Twojej firmy. Zrealizuj swoj\u0105 wizj\u0119 szybkiego przep\u0142ywu pojedynczych element\u00f3w przy minimalnym nak\u0142adzie pracy i zerowym WIP.<\/p>\n\n\n\n<p>Posiadamy wiedz\u0119 w zakresie integracji robot\u00f3w, takich jak: spawanie, fazowanie, monta\u017c, prasy, t\u0142oczenie na zimno, gwintowanie, obr\u00f3bka skrawaniem, obcinanie, odpr\u0119\u017canie, inspekcja itp.<\/p>\n\n\n\n<p><span class=\"builder2seo\"><\/span>autoodtwarzanie=1&amp;muted=1&amp;loop=1&amp;autopauza=0&amp;kontrola=1<br><br><h2>Eksperci w automatyzacji proces\u00f3w formowania drutu.<\/h2><br><br><h3>Nasze maszyny, in\u017cynierowie i technicy s\u0105 przygotowani na indywidualne rozwi\u0105zania dla Twojej firmy. Zrealizuj swoj\u0105 wizj\u0119 szybkiego przep\u0142ywu pojedynczych element\u00f3w przy minimalnym nak\u0142adzie pracy i zerowym WIP.<\/h3><br><br><h3>Posiadamy wiedz\u0119 w zakresie integracji robot\u00f3w, takich jak: spawanie, fazowanie, monta\u017c, prasy, t\u0142oczenie na zimno, gwintowanie, obr\u00f3bka skrawaniem, obcinanie, odpr\u0119\u017canie, inspekcja itp.<\/h3><br><br>szeroki<br><br>Kom\u00f3rka automatyzacji i-D<br>#DD0000<br>wst\u0119pny<br><br>;C;;<br><br>Kom\u00f3rka Automatyki i-S<br>#DD0000<br>wst\u0119pny<br><br>;C;;<br><br>Kom\u00f3rka Automatyki i-S<br>#DD0000<br>wst\u0119pny<br><br>;C;;<br><br>Kom\u00f3rka automatyki i-S\u00b2<br>#DD0000<br>wst\u0119pny<br><br>;C;;<br><br>Kom\u00f3rka automatyki i-S\u00b2<br>#DD0000<br>wst\u0119pny<br><br>;C;;<br><br>szeroki<br><br><img decoding=\"async\" src=\"https:\/\/ipautomationinc.com\/wp-content\/uploads\/2017\/11\/cell-pic_Web.png\" alt=\"kom\u00f3rka pic_Web\"><br><br><img decoding=\"async\" src=\"https:\/\/ipautomationinc.com\/wp-content\/uploads\/2017\/10\/IMG_1989-1-e1640896417688.png#191\" alt=\"IMG_1989\"><br><br>Kom\u00f3rki automatyki Flexmat<br>Elastyczna automatyzacja, uruchamiaj r\u00f3\u017cne cz\u0119\u015bci z szybk\u0105 zmian\u0105<br>Mo\u017cliwo\u015b\u0107 regulacji serwomechanizmu dla \u0142atwej konfiguracji i minimalnego u\u017cycia narz\u0119dzi<br><br><br>Z cewki lub magazynu<br><br>Do 32 osi serwo<br><br>Do 6 stanowisk gi\u0119cia<br><br>Opcjonalne zintegrowane stacje odpr\u0119\u017caj\u0105ce i powlekaj\u0105ce nylonem lub PCV<br><br>Wbudowana stacja ch\u0142odz\u0105ca<br><br>Stacja monta\u017cowa sterowana wizyjnie<br><br>Opcje stacji dodatkowej obejmuj\u0105ce monta\u017c poprzez zaci\u015bni\u0119cie lub przyci\u0119cie<br><br>Do monta\u017cu mo\u017cna dostosowa\u0107 wiele drut\u00f3w, t\u0142ocze\u0144 i wk\u0142adek z tworzywa sztucznego<br><br><br>zanikanie w prawo<br><br><img decoding=\"async\" src=\"https:\/\/ipautomationinc.com\/wp-content\/uploads\/2017\/11\/cell.png\" alt=\"kom\u00f3rka\"><br>du\u017cy<br><br><img decoding=\"async\" src=\"https:\/\/ipautomationinc.com\/wp-content\/uploads\/2017\/11\/placementfix.png\" alt=\"poprawka rozmieszczenia\"><br>du\u017cy<br><br>szeroki<br><br><br>Kom\u00f3rki monta\u017cowe<br>Kom\u00f3rki monta\u017cowe do komponent\u00f3w samochodowych<br><br>Wiele drut\u00f3w i zmontowane<br><br>Operacje obejmuj\u0105 przycinanie, zaciskanie, zgrzewanie punktowe, spawanie mig i inne techniki \u0142\u0105czenia.<br><br>Mo\u017cliwo\u015b\u0107 integracji z innymi maszynami w celu uzyskania ca\u0142kowicie autonomicznej produkcji<br><br>Kom\u00f3rki mo\u017cna rekonfigurowa\u0107 dla r\u00f3\u017cnych linii produkt\u00f3w<br>zanikanie w prawo<br><br>szeroki<br><br><img decoding=\"async\" src=\"https:\/\/ipautomationinc.com\/wp-content\/uploads\/2017\/11\/CoatingRounded-e1635351228930.png\" alt=\"Pow\u0142okaZaokr\u0105glona\"><br><br>Linie odpr\u0119\u017caj\u0105ce i powlekaj\u0105ce nylonem<br><br><br>Automatyzacja odpr\u0119\u017cania z pow\u0142ok\u0105<br><br>Technologie piekarnik\u00f3w konwencjonalnych, oporowych, indukcyjnych i podczerwieni<br><br>Manipulacja robotyczna zapewniaj\u0105ca efektywn\u0105 zmian\u0119 i minimalne u\u017cycie narz\u0119dzi <br><br>Pow\u0142oka z nylonu, PCV lub innych tworzyw termoplastycznych<br><br>Mo\u017cliwo\u015b\u0107 jednoczesnego pokrycia wieloma kolorami<br><br>Standardowe zbiorniki na proszek z systemami podawania \u015blimaka zapewniaj\u0105cymi minimaln\u0105 utrat\u0119 proszku<br><br>Standardowe Rega\u0142y ch\u0142odnicze z opcjonalnymi zrobotyzowanymi rozwi\u0105zaniami pakuj\u0105cymi<br><br>Rega\u0142y \u0142adowane przez operatora lub w pe\u0142ni zautomatyzowane, po\u0142\u0105czone z istniej\u0105cymi maszynami<br><br><br>zanikanie w prawo<br><br><br><img decoding=\"async\" src=\"https:\/\/ipautomationinc.com\/wp-content\/uploads\/2017\/11\/Coating2-1-1-1.png\" alt=\"Pow\u0142oka2-1-1-1\"><br><br><img decoding=\"async\" src=\"https:\/\/ipautomationinc.com\/wp-content\/uploads\/2017\/11\/Coating-cell-1-e1635351476148.png\" alt=\"Kom\u00f3rka pow\u0142okowa-1\"><br><br>szeroki<br><br><img decoding=\"async\" src=\"https:\/\/ipautomationinc.com\/wp-content\/uploads\/2021\/11\/Resistance-Welder.png\" alt=\"Spawacz oporowy\"><br><br>Ogniwa do spawania oporowego<br><br><br>Fanuc od R1000iA-80 do R2000iA-210F<br><br>St\u00f3\u0142 obrotowy serwa<br><br>Opcjonalne serwodzia\u0142y Obara lub Tolomatic <br><br>Wbudowane p\u0142ytki szybkiego oprzyrz\u0105dowania umo\u017cliwiaj\u0105ce szybk\u0105 wymian\u0119<br><br>Funkcja RFID minimalizuj\u0105ca b\u0142\u0119dy konfiguracji<br><br>Opcje za\u0142adowane dla operatora kurtyny \u015bwietlnej lub skanera bezpiecze\u0144stwa<br><br>Mo\u017cliwo\u015b\u0107 integracji z wieloma gi\u0119tarkami drutu w celu automatycznego formowania i spawania<br><br>Opcjonalne zautomatyzowane systemy przenoszenia Tote do pakowania<br><br><br>zanikanie w prawo<br><br><br><img decoding=\"async\" src=\"https:\/\/ipautomationinc.com\/wp-content\/uploads\/2017\/10\/Robotic-Welding-put-sparks-back-in-1-e1635353496321.png\" alt=\"Robot-spawanie-wk\u0142adanie-z powrotem-iskier\"><br><br>Skontaktuj si\u0119<br><a href=\"https:\/\/ipautomationinc.com\/pl\/skontaktuj-sie-z-nami\/\">https:\/\/ipautomationinc.com\/contact-us\/<\/a><br>ikona-do przodu<br>motyw_przycisku<br><br><\/p>","protected":false},"excerpt":{"rendered":"<p>Experts in automating wire forming processes. Our machines, engineers, and technicians are geared for customized solutions for your company. Achieve<span class=\"excerpt-hellip\"> [\u2026]<\/span><\/p>\n","protected":false},"author":3,"featured_media":0,"parent":0,"menu_order":0,"comment_status":"open","ping_status":"closed","template":"","meta":{"footnotes":""},"class_list":["post-111","page","type-page","status-publish","hentry"],"yoast_head":"<!-- This site is optimized with the Yoast SEO plugin v27.3 - https:\/\/yoast.com\/product\/yoast-seo-wordpress\/ -->\n<title>Automation Cells | IP Automation Inc<\/title>\n<meta name=\"description\" content=\"Our machines, engineers, and technicians are geared for customized solutions for your company and make automation easy for your project. Achieve your vision with an automation cell.\" \/>\n<meta name=\"robots\" content=\"index, follow, max-snippet:-1, max-image-preview:large, max-video-preview:-1\" \/>\n<link rel=\"canonical\" href=\"https:\/\/ipautomationinc.com\/pl\/komorki-automatyki\/\" \/>\n<meta property=\"og:locale\" content=\"pl_PL\" \/>\n<meta property=\"og:type\" content=\"article\" \/>\n<meta property=\"og:title\" content=\"Automation Cells | IP Automation Inc\" \/>\n<meta property=\"og:description\" content=\"Our machines, engineers, and technicians are geared for customized solutions for your company and make automation easy for your project. Achieve your vision with an automation cell.\" \/>\n<meta property=\"og:url\" content=\"https:\/\/ipautomationinc.com\/pl\/komorki-automatyki\/\" \/>\n<meta property=\"og:site_name\" content=\"IP Automation Inc\" \/>\n<meta property=\"article:publisher\" content=\"https:\/\/www.facebook.com\/ipautomationinc\/\" \/>\n<meta property=\"article:modified_time\" content=\"2025-09-10T20:54:28+00:00\" \/>\n<meta property=\"og:image\" content=\"https:\/\/ipautomationinc.com\/wp-content\/uploads\/2017\/11\/cell-pic_Web.png\" \/>\n<script type=\"application\/ld+json\" class=\"yoast-schema-graph\">{\"@context\":\"https:\\\/\\\/schema.org\",\"@graph\":[{\"@type\":\"WebPage\",\"@id\":\"https:\\\/\\\/ipautomationinc.com\\\/automationcells\\\/\",\"url\":\"https:\\\/\\\/ipautomationinc.com\\\/automationcells\\\/\",\"name\":\"Automation Cells | IP Automation Inc\",\"isPartOf\":{\"@id\":\"https:\\\/\\\/ipautomationinc.com\\\/#website\"},\"primaryImageOfPage\":{\"@id\":\"https:\\\/\\\/ipautomationinc.com\\\/automationcells\\\/#primaryimage\"},\"image\":{\"@id\":\"https:\\\/\\\/ipautomationinc.com\\\/automationcells\\\/#primaryimage\"},\"thumbnailUrl\":\"https:\\\/\\\/ipautomationinc.com\\\/wp-content\\\/uploads\\\/2017\\\/11\\\/cell-pic_Web.png\",\"datePublished\":\"2017-10-27T22:33:30+00:00\",\"dateModified\":\"2025-09-10T20:54:28+00:00\",\"description\":\"Our machines, engineers, and technicians are geared for customized solutions for your company and make automation easy for your project. Achieve your vision with an automation cell.\",\"inLanguage\":\"pl-PL\",\"potentialAction\":[{\"@type\":\"ReadAction\",\"target\":[\"https:\\\/\\\/ipautomationinc.com\\\/automationcells\\\/\"]}]},{\"@type\":\"ImageObject\",\"inLanguage\":\"pl-PL\",\"@id\":\"https:\\\/\\\/ipautomationinc.com\\\/automationcells\\\/#primaryimage\",\"url\":\"https:\\\/\\\/ipautomationinc.com\\\/wp-content\\\/uploads\\\/2017\\\/11\\\/cell-pic_Web.png\",\"contentUrl\":\"https:\\\/\\\/ipautomationinc.com\\\/wp-content\\\/uploads\\\/2017\\\/11\\\/cell-pic_Web.png\"},{\"@type\":\"WebSite\",\"@id\":\"https:\\\/\\\/ipautomationinc.com\\\/#website\",\"url\":\"https:\\\/\\\/ipautomationinc.com\\\/\",\"name\":\"IP Automation Inc\",\"description\":\"Concept... Creation... Reality...\",\"publisher\":{\"@id\":\"https:\\\/\\\/ipautomationinc.com\\\/#organization\"},\"potentialAction\":[{\"@type\":\"SearchAction\",\"target\":{\"@type\":\"EntryPoint\",\"urlTemplate\":\"https:\\\/\\\/ipautomationinc.com\\\/?s={search_term_string}\"},\"query-input\":{\"@type\":\"PropertyValueSpecification\",\"valueRequired\":true,\"valueName\":\"search_term_string\"}}],\"inLanguage\":\"pl-PL\"},{\"@type\":\"Organization\",\"@id\":\"https:\\\/\\\/ipautomationinc.com\\\/#organization\",\"name\":\"IP Automation Inc\",\"url\":\"https:\\\/\\\/ipautomationinc.com\\\/\",\"logo\":{\"@type\":\"ImageObject\",\"inLanguage\":\"pl-PL\",\"@id\":\"https:\\\/\\\/ipautomationinc.com\\\/#\\\/schema\\\/logo\\\/image\\\/\",\"url\":\"https:\\\/\\\/ipautomationinc.com\\\/wp-content\\\/uploads\\\/2022\\\/05\\\/IPA-Favicon.png\",\"contentUrl\":\"https:\\\/\\\/ipautomationinc.com\\\/wp-content\\\/uploads\\\/2022\\\/05\\\/IPA-Favicon.png\",\"width\":513,\"height\":513,\"caption\":\"IP Automation Inc\"},\"image\":{\"@id\":\"https:\\\/\\\/ipautomationinc.com\\\/#\\\/schema\\\/logo\\\/image\\\/\"},\"sameAs\":[\"https:\\\/\\\/www.facebook.com\\\/ipautomationinc\\\/\",\"https:\\\/\\\/www.linkedin.com\\\/company\\\/ip-automation-inc\\\/\",\"https:\\\/\\\/www.youtube.com\\\/@IPAutomation\"]}]}<\/script>\n<!-- \/ Yoast SEO plugin. -->","yoast_head_json":{"title":"Kom\u00f3rki automatyki | Firma IP Automation Inc","description":"Nasze maszyny, in\u017cynierowie i technicy s\u0105 przygotowani do tworzenia niestandardowych rozwi\u0105za\u0144 dla Twojej firmy i u\u0142atwiaj\u0105 automatyzacj\u0119 Twojego projektu. Zrealizuj swoj\u0105 wizj\u0119 za pomoc\u0105 kom\u00f3rki automatyzacyjnej.","robots":{"index":"index","follow":"follow","max-snippet":"max-snippet:-1","max-image-preview":"max-image-preview:large","max-video-preview":"max-video-preview:-1"},"canonical":"https:\/\/ipautomationinc.com\/pl\/komorki-automatyki\/","og_locale":"pl_PL","og_type":"article","og_title":"Automation Cells | IP Automation Inc","og_description":"Our machines, engineers, and technicians are geared for customized solutions for your company and make automation easy for your project. Achieve your vision with an automation cell.","og_url":"https:\/\/ipautomationinc.com\/pl\/komorki-automatyki\/","og_site_name":"IP Automation Inc","article_publisher":"https:\/\/www.facebook.com\/ipautomationinc\/","article_modified_time":"2025-09-10T20:54:28+00:00","og_image":[{"url":"https:\/\/ipautomationinc.com\/wp-content\/uploads\/2017\/11\/cell-pic_Web.png","type":"","width":"","height":""}],"schema":{"@context":"https:\/\/schema.org","@graph":[{"@type":"WebPage","@id":"https:\/\/ipautomationinc.com\/automationcells\/","url":"https:\/\/ipautomationinc.com\/automationcells\/","name":"Kom\u00f3rki automatyki | Firma IP Automation Inc","isPartOf":{"@id":"https:\/\/ipautomationinc.com\/#website"},"primaryImageOfPage":{"@id":"https:\/\/ipautomationinc.com\/automationcells\/#primaryimage"},"image":{"@id":"https:\/\/ipautomationinc.com\/automationcells\/#primaryimage"},"thumbnailUrl":"https:\/\/ipautomationinc.com\/wp-content\/uploads\/2017\/11\/cell-pic_Web.png","datePublished":"2017-10-27T22:33:30+00:00","dateModified":"2025-09-10T20:54:28+00:00","description":"Nasze maszyny, in\u017cynierowie i technicy s\u0105 przygotowani do tworzenia niestandardowych rozwi\u0105za\u0144 dla Twojej firmy i u\u0142atwiaj\u0105 automatyzacj\u0119 Twojego projektu. Zrealizuj swoj\u0105 wizj\u0119 za pomoc\u0105 kom\u00f3rki automatyzacyjnej.","inLanguage":"pl-PL","potentialAction":[{"@type":"ReadAction","target":["https:\/\/ipautomationinc.com\/automationcells\/"]}]},{"@type":"ImageObject","inLanguage":"pl-PL","@id":"https:\/\/ipautomationinc.com\/automationcells\/#primaryimage","url":"https:\/\/ipautomationinc.com\/wp-content\/uploads\/2017\/11\/cell-pic_Web.png","contentUrl":"https:\/\/ipautomationinc.com\/wp-content\/uploads\/2017\/11\/cell-pic_Web.png"},{"@type":"WebSite","@id":"https:\/\/ipautomationinc.com\/#website","url":"https:\/\/ipautomationinc.com\/","name":"Firma IP Automation Inc","description":"Koncepcja... Kreacja... Rzeczywisto\u015b\u0107...","publisher":{"@id":"https:\/\/ipautomationinc.com\/#organization"},"potentialAction":[{"@type":"SearchAction","target":{"@type":"EntryPoint","urlTemplate":"https:\/\/ipautomationinc.com\/?s={search_term_string}"},"query-input":{"@type":"PropertyValueSpecification","valueRequired":true,"valueName":"search_term_string"}}],"inLanguage":"pl-PL"},{"@type":"Organization","@id":"https:\/\/ipautomationinc.com\/#organization","name":"Firma IP Automation Inc","url":"https:\/\/ipautomationinc.com\/","logo":{"@type":"ImageObject","inLanguage":"pl-PL","@id":"https:\/\/ipautomationinc.com\/#\/schema\/logo\/image\/","url":"https:\/\/ipautomationinc.com\/wp-content\/uploads\/2022\/05\/IPA-Favicon.png","contentUrl":"https:\/\/ipautomationinc.com\/wp-content\/uploads\/2022\/05\/IPA-Favicon.png","width":513,"height":513,"caption":"IP Automation Inc"},"image":{"@id":"https:\/\/ipautomationinc.com\/#\/schema\/logo\/image\/"},"sameAs":["https:\/\/www.facebook.com\/ipautomationinc\/","https:\/\/www.linkedin.com\/company\/ip-automation-inc\/","https:\/\/www.youtube.com\/@IPAutomation"]}]}},"_links":{"self":[{"href":"https:\/\/ipautomationinc.com\/pl\/wp-json\/wp\/v2\/pages\/111","targetHints":{"allow":["GET"]}}],"collection":[{"href":"https:\/\/ipautomationinc.com\/pl\/wp-json\/wp\/v2\/pages"}],"about":[{"href":"https:\/\/ipautomationinc.com\/pl\/wp-json\/wp\/v2\/types\/page"}],"author":[{"embeddable":true,"href":"https:\/\/ipautomationinc.com\/pl\/wp-json\/wp\/v2\/users\/3"}],"replies":[{"embeddable":true,"href":"https:\/\/ipautomationinc.com\/pl\/wp-json\/wp\/v2\/comments?post=111"}],"version-history":[{"count":2,"href":"https:\/\/ipautomationinc.com\/pl\/wp-json\/wp\/v2\/pages\/111\/revisions"}],"predecessor-version":[{"id":38204,"href":"https:\/\/ipautomationinc.com\/pl\/wp-json\/wp\/v2\/pages\/111\/revisions\/38204"}],"wp:attachment":[{"href":"https:\/\/ipautomationinc.com\/pl\/wp-json\/wp\/v2\/media?parent=111"}],"curies":[{"name":"wp","href":"https:\/\/api.w.org\/{rel}","templated":true}]}}