{"id":106,"date":"2017-10-27T17:09:03","date_gmt":"2017-10-27T22:09:03","guid":{"rendered":"http:\/\/ipautomationinc.com\/?page_id=106"},"modified":"2026-04-06T11:08:32","modified_gmt":"2026-04-06T16:08:32","slug":"produkty-i-uslugi","status":"publish","type":"page","link":"https:\/\/ipautomationinc.com\/pl\/products-and-services\/","title":{"rendered":"Produkty"},"content":{"rendered":"<h6 class=\"wp-block-heading\"><strong>Wszystkie maszyny do gi\u0119cia drutu CNC, wykorzystuj\u0105ce najnowsz\u0105 technologi\u0119 i konstrukcj\u0119 zapewniaj\u0105c\u0105 wydajne i precyzyjne formowanie. Akcesoria. Tworzymy nasze produkty, maj\u0105c na uwadze, \u017ce potrzeby klient\u00f3w mog\u0105 si\u0119 od czasu do czasu zmienia\u0107. W\u0142a\u015bnie dlatego IP Automation zapewnia narz\u0119dzia i cz\u0119\u015bci wymienne, aby pom\u00f3c klientom w dokonaniu szybkiej zmiany, gdy zajdzie taka potrzeba. Kom\u00f3rki automatyki, standardowe kom\u00f3rki automatyki lub kom\u00f3rki dostosowane do indywidualnych potrzeb ka\u017cdego klienta.<\/strong><\/h6>\n\n\n\n<p>Wszystkie maszyny do gi\u0119cia drutu CNC<br>h2<br>Zawiera najnowsz\u0105 technologi\u0119 i konstrukcj\u0119 zapewniaj\u0105c\u0105 wydajne i precyzyjne formowanie.<br>szczyt<br>Centrum<br><img decoding=\"async\" src=\"https:\/\/ipautomationinc.com\/wp-content\/uploads\/2022\/09\/i-S-rgb-1.png\" alt=\"Gi\u0119tarka do drutu CNC z pojedyncz\u0105 g\u0142owic\u0105 iS\" \/><br><a href=\"https:\/\/ipautomationinc.com\/pl\/formy-do-drutu\/\">https:\/\/ipautomationinc.com\/wire-formers\/<\/a><br>skala ikon<br>72%<br>Centrum<br>ukrywa\u0107<br><br>Akcesoria<br>h2<br>Budujemy nasze produkty, maj\u0105c na uwadze, \u017ce potrzeby klient\u00f3w mog\u0105 si\u0119 od czasu do czasu zmienia\u0107. W\u0142a\u015bnie dlatego IP Automation zapewnia narz\u0119dzia i cz\u0119\u015bci wymienne, aby pom\u00f3c klientom w dokonaniu szybkiej zmiany, gdy zajdzie taka potrzeba.<br>ikona-lampa<br>szczyt<br>Centrum<br><img decoding=\"async\" src=\"https:\/\/ipautomationinc.com\/wp-content\/uploads\/2022\/05\/hp-threader.jpg\" alt=\"nawlekarka HP\" \/><br><a href=\"https:\/\/ipautomationinc.com\/pl\/akcesoria\/\">https:\/\/ipautomationinc.com\/accessories\/<\/a><br>skala ikon<br>69%<br>ukrywa\u0107<br><br>Kom\u00f3rki automatyzacji<br>h2<br>Standardowe ogniwa automatyki lub ogniwa dostosowane do indywidualnych potrzeb ka\u017cdego klienta.<br>ikona-lampa<br>szczyt<br>Centrum<br><img decoding=\"async\" src=\"https:\/\/ipautomationinc.com\/wp-content\/uploads\/2021\/11\/RobotThreaderRS.png\" alt=\"RobotThreaderRS\" \/><br><a href=\"https:\/\/ipautomationinc.com\/pl\/komorki-automatyki\/\">https:\/\/ipautomationinc.com\/automationcells\/<\/a><br>skala ikon<br>90%<br>ukrywa\u0107<br><br><div class=\"image_frame image_item no_link scale-with-grid element_classes alignnone no_border mfn-img-box\" ><div class=\"image_wrapper\"><img decoding=\"async\" class=\"scale-with-grid\" src=\"\" fetchpriority=\"high\" alt=\"\" title=\"\" width=\"\" height=\"\" style=\"\"\/><\/div><\/div>\n\r<br>\r<br><hr class=\"no_line\" style=\"margin: 0 auto 0px auto\"\/>\n\r<br>\r<br><h4>Maszyny do gi\u0119cia drutu<\/h4>\r<br>\t<h6>Zawiera najnowsz\u0105 technologi\u0119 i konstrukcj\u0119 zapewniaj\u0105c\u0105 wydajne i precyzyjne formowanie.<\/h6>\r<br><br>Maszyny do formowania drutu<br>bez powt\u00f3rze\u0144;na \u015brodku u g\u00f3ry;;<br>automatyczny<br>0 3% 0 0<br><br><div class=\"image_frame image_item no_link scale-with-grid element_classes alignnone no_border mfn-img-box\" ><div class=\"image_wrapper\"><img decoding=\"async\" class=\"scale-with-grid\" src=\"\" fetchpriority=\"high\" alt=\"\" title=\"\" width=\"\" height=\"\" style=\"\"\/><\/div><\/div>\n\r<br><hr class=\"no_line\" style=\"margin: 0 auto 0px auto\"\/>\n\r<br>\r<br><h4>Akcesoria<\/h4>\r<br><h6>Budujemy nasze produkty, maj\u0105c na uwadze, \u017ce potrzeby klient\u00f3w mog\u0105 si\u0119 od czasu do czasu zmienia\u0107. W\u0142a\u015bnie dlatego IP Automation zapewnia narz\u0119dzia i cz\u0119\u015bci wymienne, aby pom\u00f3c klientom w dokonaniu szybkiej zmiany, gdy zajdzie taka potrzeba.<\/h6>\r<br><br>Kom\u00f3rki automatyzacji<br>bez powt\u00f3rze\u0144;na \u015brodku u g\u00f3ry;;<br>automatyczny<br>0 3% 0 0<br><br><div class=\"image_frame image_item no_link scale-with-grid element_classes alignnone no_border mfn-img-box\" ><div class=\"image_wrapper\"><img decoding=\"async\" class=\"scale-with-grid\" src=\"\" fetchpriority=\"high\" alt=\"\" title=\"\" width=\"\" height=\"\" style=\"\"\/><\/div><\/div>\n\r<br><hr class=\"no_line\" style=\"margin: 0 auto 0px auto\"\/>\n\r<br>\r<br><h4>Kom\u00f3rki automatyzacji<\/h4>\r<br><h6>Standardowe ogniwa automatyki lub ogniwa dostosowane do indywidualnych potrzeb ka\u017cdego klienta.<\/h6>\r<br><br>Kom\u00f3rki automatyzacji<br>bez powt\u00f3rze\u0144;na \u015brodku u g\u00f3ry;;<br>automatyczny<br>0 3% 0 0<br><br><h2>US\u0141UGI<\/h2><br>US\u0141UGI<br>bez powt\u00f3rze\u0144;na \u015brodku u g\u00f3ry;;<br>automatyczny<br><br><h6>IP Automation Inc. szczyci si\u0119 profesjonaln\u0105 obs\u0142ug\u0105 ka\u017cdego klienta i \u015bwiadczeniem us\u0142ug o warto\u015bci dodanej, aby sprosta\u0107 indywidualnym potrzebom ka\u017cdego klienta. Dzi\u0119ki naszemu rozleg\u0142emu do\u015bwiadczeniu w bran\u017cy obr\u00f3bki plastycznej i automatyzacji metali, zdajemy sobie spraw\u0119, \u017ce potrzeby klient\u00f3w s\u0105 bardzo zr\u00f3\u017cnicowane. Od pomocy klientowi w projekcie konsultingowym po automatyzacj\u0119 ca\u0142ej fabryki \u2013 potrzeby ka\u017cdego klienta s\u0105 jego w\u0142asne.<\/h6><br>bez powt\u00f3rze\u0144;na \u015brodku u g\u00f3ry;;<br>automatyczny<br>0 3% 0 0<br><br>Elastyczne systemy narz\u0119dziowe umo\u017cliwiaj\u0105ce szybk\u0105 wymian\u0119 i wdra\u017canie nowych modeli<br>\r<br>Zarz\u0105dzanie projektami\r<br>Pe\u0142na integracja automatyki\r<br>Odbudowa\r<br>In\u017cynieria\r<br>Warto\u015b\u0107 dodana\r<br>Ordynacyjny\r<br><br>zanikanie w prawo<br><br><\/p>","protected":false},"excerpt":{"rendered":"<p>All CNC Wire Bending Machines, Incorporating the latest technology and design for efficient and precise forming. Accessories, We build our<span class=\"excerpt-hellip\"> [\u2026]<\/span><\/p>\n","protected":false},"author":3,"featured_media":0,"parent":0,"menu_order":0,"comment_status":"closed","ping_status":"closed","template":"","meta":{"footnotes":""},"class_list":["post-106","page","type-page","status-publish","hentry"],"yoast_head":"<!-- This site is optimized with the Yoast SEO plugin v27.3 - https:\/\/yoast.com\/product\/yoast-seo-wordpress\/ -->\n<title>Products | IP Automation Inc<\/title>\n<meta name=\"description\" content=\"Learn more about our wire bending products, including wire bending machines, accessories, and automation cell examples.\" \/>\n<meta name=\"robots\" content=\"index, follow, max-snippet:-1, max-image-preview:large, max-video-preview:-1\" \/>\n<link rel=\"canonical\" href=\"https:\/\/ipautomationinc.com\/pl\/produkty-i-uslugi\/\" \/>\n<meta property=\"og:locale\" content=\"pl_PL\" \/>\n<meta property=\"og:type\" content=\"article\" \/>\n<meta property=\"og:title\" content=\"Products | IP Automation Inc\" \/>\n<meta property=\"og:description\" content=\"Learn more about our wire bending products, including wire bending machines, accessories, and automation cell examples.\" \/>\n<meta property=\"og:url\" content=\"https:\/\/ipautomationinc.com\/pl\/produkty-i-uslugi\/\" \/>\n<meta property=\"og:site_name\" content=\"IP Automation Inc\" \/>\n<meta property=\"article:publisher\" content=\"https:\/\/www.facebook.com\/ipautomationinc\/\" \/>\n<meta property=\"article:modified_time\" content=\"2026-04-06T16:08:32+00:00\" \/>\n<meta property=\"og:image\" content=\"https:\/\/ipautomationinc.com\/wp-content\/uploads\/2022\/09\/i-S-rgb-1.png\" \/>\n<script type=\"application\/ld+json\" class=\"yoast-schema-graph\">{\"@context\":\"https:\\\/\\\/schema.org\",\"@graph\":[{\"@type\":\"WebPage\",\"@id\":\"https:\\\/\\\/ipautomationinc.com\\\/products-and-services\\\/\",\"url\":\"https:\\\/\\\/ipautomationinc.com\\\/products-and-services\\\/\",\"name\":\"Products | IP Automation Inc\",\"isPartOf\":{\"@id\":\"https:\\\/\\\/ipautomationinc.com\\\/#website\"},\"primaryImageOfPage\":{\"@id\":\"https:\\\/\\\/ipautomationinc.com\\\/products-and-services\\\/#primaryimage\"},\"image\":{\"@id\":\"https:\\\/\\\/ipautomationinc.com\\\/products-and-services\\\/#primaryimage\"},\"thumbnailUrl\":\"https:\\\/\\\/ipautomationinc.com\\\/wp-content\\\/uploads\\\/2022\\\/09\\\/i-S-rgb-1.png\",\"datePublished\":\"2017-10-27T22:09:03+00:00\",\"dateModified\":\"2026-04-06T16:08:32+00:00\",\"description\":\"Learn more about our wire bending products, including wire bending machines, accessories, and automation cell examples.\",\"inLanguage\":\"pl-PL\",\"potentialAction\":[{\"@type\":\"ReadAction\",\"target\":[\"https:\\\/\\\/ipautomationinc.com\\\/products-and-services\\\/\"]}]},{\"@type\":\"ImageObject\",\"inLanguage\":\"pl-PL\",\"@id\":\"https:\\\/\\\/ipautomationinc.com\\\/products-and-services\\\/#primaryimage\",\"url\":\"https:\\\/\\\/ipautomationinc.com\\\/wp-content\\\/uploads\\\/2022\\\/09\\\/i-S-rgb-1.png\",\"contentUrl\":\"https:\\\/\\\/ipautomationinc.com\\\/wp-content\\\/uploads\\\/2022\\\/09\\\/i-S-rgb-1.png\"},{\"@type\":\"WebSite\",\"@id\":\"https:\\\/\\\/ipautomationinc.com\\\/#website\",\"url\":\"https:\\\/\\\/ipautomationinc.com\\\/\",\"name\":\"IP Automation Inc\",\"description\":\"Concept... Creation... Reality...\",\"publisher\":{\"@id\":\"https:\\\/\\\/ipautomationinc.com\\\/#organization\"},\"potentialAction\":[{\"@type\":\"SearchAction\",\"target\":{\"@type\":\"EntryPoint\",\"urlTemplate\":\"https:\\\/\\\/ipautomationinc.com\\\/?s={search_term_string}\"},\"query-input\":{\"@type\":\"PropertyValueSpecification\",\"valueRequired\":true,\"valueName\":\"search_term_string\"}}],\"inLanguage\":\"pl-PL\"},{\"@type\":\"Organization\",\"@id\":\"https:\\\/\\\/ipautomationinc.com\\\/#organization\",\"name\":\"IP Automation Inc\",\"url\":\"https:\\\/\\\/ipautomationinc.com\\\/\",\"logo\":{\"@type\":\"ImageObject\",\"inLanguage\":\"pl-PL\",\"@id\":\"https:\\\/\\\/ipautomationinc.com\\\/#\\\/schema\\\/logo\\\/image\\\/\",\"url\":\"https:\\\/\\\/ipautomationinc.com\\\/wp-content\\\/uploads\\\/2022\\\/05\\\/IPA-Favicon.png\",\"contentUrl\":\"https:\\\/\\\/ipautomationinc.com\\\/wp-content\\\/uploads\\\/2022\\\/05\\\/IPA-Favicon.png\",\"width\":513,\"height\":513,\"caption\":\"IP Automation Inc\"},\"image\":{\"@id\":\"https:\\\/\\\/ipautomationinc.com\\\/#\\\/schema\\\/logo\\\/image\\\/\"},\"sameAs\":[\"https:\\\/\\\/www.facebook.com\\\/ipautomationinc\\\/\",\"https:\\\/\\\/www.linkedin.com\\\/company\\\/ip-automation-inc\\\/\",\"https:\\\/\\\/www.youtube.com\\\/@IPAutomation\"]}]}<\/script>\n<!-- \/ Yoast SEO plugin. -->","yoast_head_json":{"title":"Produkty | Firma IP Automation Inc","description":"Dowiedz si\u0119 wi\u0119cej o naszych produktach do gi\u0119cia drutu, w tym o maszynach do gi\u0119cia drutu, akcesoriach i przyk\u0142adach modu\u0142\u00f3w automatyki.","robots":{"index":"index","follow":"follow","max-snippet":"max-snippet:-1","max-image-preview":"max-image-preview:large","max-video-preview":"max-video-preview:-1"},"canonical":"https:\/\/ipautomationinc.com\/pl\/produkty-i-uslugi\/","og_locale":"pl_PL","og_type":"article","og_title":"Products | IP Automation Inc","og_description":"Learn more about our wire bending products, including wire bending machines, accessories, and automation cell examples.","og_url":"https:\/\/ipautomationinc.com\/pl\/produkty-i-uslugi\/","og_site_name":"IP Automation Inc","article_publisher":"https:\/\/www.facebook.com\/ipautomationinc\/","article_modified_time":"2026-04-06T16:08:32+00:00","og_image":[{"url":"https:\/\/ipautomationinc.com\/wp-content\/uploads\/2022\/09\/i-S-rgb-1.png","type":"","width":"","height":""}],"schema":{"@context":"https:\/\/schema.org","@graph":[{"@type":"WebPage","@id":"https:\/\/ipautomationinc.com\/products-and-services\/","url":"https:\/\/ipautomationinc.com\/products-and-services\/","name":"Produkty | Firma IP Automation Inc","isPartOf":{"@id":"https:\/\/ipautomationinc.com\/#website"},"primaryImageOfPage":{"@id":"https:\/\/ipautomationinc.com\/products-and-services\/#primaryimage"},"image":{"@id":"https:\/\/ipautomationinc.com\/products-and-services\/#primaryimage"},"thumbnailUrl":"https:\/\/ipautomationinc.com\/wp-content\/uploads\/2022\/09\/i-S-rgb-1.png","datePublished":"2017-10-27T22:09:03+00:00","dateModified":"2026-04-06T16:08:32+00:00","description":"Dowiedz si\u0119 wi\u0119cej o naszych produktach do gi\u0119cia drutu, w tym o maszynach do gi\u0119cia drutu, akcesoriach i przyk\u0142adach modu\u0142\u00f3w automatyki.","inLanguage":"pl-PL","potentialAction":[{"@type":"ReadAction","target":["https:\/\/ipautomationinc.com\/products-and-services\/"]}]},{"@type":"ImageObject","inLanguage":"pl-PL","@id":"https:\/\/ipautomationinc.com\/products-and-services\/#primaryimage","url":"https:\/\/ipautomationinc.com\/wp-content\/uploads\/2022\/09\/i-S-rgb-1.png","contentUrl":"https:\/\/ipautomationinc.com\/wp-content\/uploads\/2022\/09\/i-S-rgb-1.png"},{"@type":"WebSite","@id":"https:\/\/ipautomationinc.com\/#website","url":"https:\/\/ipautomationinc.com\/","name":"Firma IP Automation Inc","description":"Koncepcja... Kreacja... Rzeczywisto\u015b\u0107...","publisher":{"@id":"https:\/\/ipautomationinc.com\/#organization"},"potentialAction":[{"@type":"SearchAction","target":{"@type":"EntryPoint","urlTemplate":"https:\/\/ipautomationinc.com\/?s={search_term_string}"},"query-input":{"@type":"PropertyValueSpecification","valueRequired":true,"valueName":"search_term_string"}}],"inLanguage":"pl-PL"},{"@type":"Organization","@id":"https:\/\/ipautomationinc.com\/#organization","name":"Firma IP Automation Inc","url":"https:\/\/ipautomationinc.com\/","logo":{"@type":"ImageObject","inLanguage":"pl-PL","@id":"https:\/\/ipautomationinc.com\/#\/schema\/logo\/image\/","url":"https:\/\/ipautomationinc.com\/wp-content\/uploads\/2022\/05\/IPA-Favicon.png","contentUrl":"https:\/\/ipautomationinc.com\/wp-content\/uploads\/2022\/05\/IPA-Favicon.png","width":513,"height":513,"caption":"IP Automation Inc"},"image":{"@id":"https:\/\/ipautomationinc.com\/#\/schema\/logo\/image\/"},"sameAs":["https:\/\/www.facebook.com\/ipautomationinc\/","https:\/\/www.linkedin.com\/company\/ip-automation-inc\/","https:\/\/www.youtube.com\/@IPAutomation"]}]}},"_links":{"self":[{"href":"https:\/\/ipautomationinc.com\/pl\/wp-json\/wp\/v2\/pages\/106","targetHints":{"allow":["GET"]}}],"collection":[{"href":"https:\/\/ipautomationinc.com\/pl\/wp-json\/wp\/v2\/pages"}],"about":[{"href":"https:\/\/ipautomationinc.com\/pl\/wp-json\/wp\/v2\/types\/page"}],"author":[{"embeddable":true,"href":"https:\/\/ipautomationinc.com\/pl\/wp-json\/wp\/v2\/users\/3"}],"replies":[{"embeddable":true,"href":"https:\/\/ipautomationinc.com\/pl\/wp-json\/wp\/v2\/comments?post=106"}],"version-history":[{"count":1,"href":"https:\/\/ipautomationinc.com\/pl\/wp-json\/wp\/v2\/pages\/106\/revisions"}],"predecessor-version":[{"id":38049,"href":"https:\/\/ipautomationinc.com\/pl\/wp-json\/wp\/v2\/pages\/106\/revisions\/38049"}],"wp:attachment":[{"href":"https:\/\/ipautomationinc.com\/pl\/wp-json\/wp\/v2\/media?parent=106"}],"curies":[{"name":"wp","href":"https:\/\/api.w.org\/{rel}","templated":true}]}}