{"id":4739,"date":"2023-01-17T10:42:03","date_gmt":"2023-01-17T16:42:03","guid":{"rendered":"https:\/\/ipautomationinc.com\/?page_id=4739"},"modified":"2025-09-10T15:42:08","modified_gmt":"2025-09-10T20:42:08","slug":"centro-di-lavoro","status":"publish","type":"page","link":"https:\/\/ipautomationinc.com\/it\/accessories\/machining-center\/","title":{"rendered":"Centro di lavoro iFM"},"content":{"rendered":"<h6 class=\"wp-block-heading\">Centro di lavorazione per forme di filo serie iFM. <strong>I modelli iFM-10-4 e iFM-13-4 rappresentano una svolta innovativa per le operazioni secondarie di formatura del filo come smussatura, riduzione del diametro, filettatura, fresatura e foratura trasversale<\/strong>. Il primo nel suo genere, l&#039;iFM \u00e8 progettato per un&#039;integrazione robotica perfetta con la nostra linea di macchine piegatrici per fili CNC ed \u00e8 completamente programmabile per adattarsi a gestire un&#039;ampia gamma di sfide.<\/h6>\n\n\n\n<p><span class=\"builder2seo\"><\/span>&lt; back to accessories<br><a href=\"https:\/\/ipautomationinc.com\/it\/accessori\/\">https:\/\/ipautomationinc.com\/accessories\/<\/a><br>#949494<br><br>Centro di lavorazione Wireform serie iFM<br><br><img decoding=\"async\" src=\"https:\/\/ipautomationinc.com\/wp-content\/uploads\/2023\/11\/ifm-with-robot.png#35419\" alt=\"ifm with robot\"><br><br><h4>I modelli iFM-10-4 e iFM-13-4 rappresentano una svolta innovativa per le operazioni secondarie di formatura del filo come smussatura, riduzione del diametro, filettatura, fresatura e foratura di fori trasversali.<\/h4><br><br><h4>Il primo nel suo genere, l&#039;iFM \u00e8 progettato per un&#039;integrazione robotica perfetta con la nostra linea di macchine piegatrici per fili CNC ed \u00e8 completamente programmabile per adattarsi a gestire un&#039;ampia gamma di sfide.<\/h4><br><br>5893,5890,5889,6045,6046,6047<br>#0455B3<br>3px 3px 3px 3px<br><br>Clicca qui per il volantino in PDF<br><a href=\"https:\/\/ipautomationinc.com\/wp-content\/uploads\/2025\/09\/2025-iFM-Flyer.pdf\">https:\/\/ipautomationinc.com\/wp-content\/uploads\/2025\/09\/2025-iFM-Flyer.pdf<\/a><br>fas fa-file-pdf<br>tema_pulsante<br>https:\/\/ipautomationinc.com\/wp-content\/uploads\/2025\/09\/2025-iFM-Flyer.pdf<br><br><br>Media<br><br><br>567,6218,6219,602<br>medio<br>#0455B3<br>3px 3px 3px 3px<br><br><br>Caratteristiche<br><br>Caratteristiche principali<br>Dettagli<br>Disposizione della macchina<br><br><br>Centro di lavoro a 2 assi con 3\u00b0 asse opzionale<br><br>4 mandrini per un funzionamento efficiente<br><br>Smussare, tornire, filettare, fresare o forare, tutto in un&#039;unica macchina<br><br>Pannello HMI touch screen da 10&quot; (25,4 cm) con custodia. Molteplici opzioni di montaggio alla portata del cordone ombelicale<br><br>Porte di accesso scorrevoli automatiche<br><br><br>Il bloccaggio pneumatico automatico fissa o rilascia le parti mentre vengono posizionate dal robot. Il design a 4 mandrini consente agli utenti di cambiare rapidamente gli utensili con portautensili standard. Un programma guidato su un contenitore HMI montato in remoto fornisce il controllo del livello CNC con opzioni di menu semplificate. L&#039;opzione 3 assi offre la possibilit\u00e0 di interpolare attorno all&#039;estremit\u00e0 per forme fresate e profili speciali.<br><br><br><br><br><br>La raffinata semplicit\u00e0 della nostra attrezzatura intelligente per l&#039;estremit\u00e0 del braccio del robot e il nostro formato di programmazione lo rendono facile da programmare e configurare con una formazione minima.<br><br><br><br><br><br>Gli utenti possono ridurre i costi secondari della manodopera quasi a zero, eliminare il WIP e creare una cella snella completamente automatizzata che in passato era solo un sogno.<br><div class=\"image_frame image_item scale-with-grid element_classes no_border hover-disable mfn-img-box\"  role=\"link\" aria-label=\"Immagine con collegamenti\" tabindex=\"0\"><div class=\"image_wrapper\"><a href=\"https:\/\/ipautomationinc.com\/wp-content\/uploads\/2023\/01\/ifm-cell-layout-1.jpg\" rel=\"prettyphoto\"   class=\"\"  tabindex=\"-1\" title=\"\"><div class=\"mask\"><\/div><img decoding=\"async\" class=\"scale-with-grid\" src=\"https:\/\/ipautomationinc.com\/wp-content\/uploads\/2023\/01\/ifm-cell-layout-1.jpg\" fetchpriority=\"high\" alt=\"layout delle celle ifm\" title=\"\" width=\"350\" height=\"584\" style=\"\"\/><\/a><div class=\"image_links\"><a href=\"https:\/\/ipautomationinc.com\/wp-content\/uploads\/2023\/01\/ifm-cell-layout-1.jpg\" class=\"zoom\" rel=\"prettyphoto\" tabindex=\"-1\" aria-label=\"ingrandire l&#039;immagine\" title=\"\"><svg viewbox=\"0 0 26 26\"><defs><style>.path{fill:none;stroke:#333;stroke-miterlimit:10;stroke-width:1.5px;}<\/style><\/defs><circle cx=\"11.35\" cy=\"11.35\" r=\"6\" class=\"path\"\/><line x1=\"15.59\" y1=\"15.59\" x2=\"20.65\" y2=\"20.65\" class=\"path\"\/><\/svg><\/a><\/div><\/div><\/div>\n<br><br><br><br><div class=\"image_frame image_item scale-with-grid element_classes no_border hover-disable mfn-img-box\"  role=\"link\" aria-label=\"Immagine con collegamenti\" tabindex=\"0\"><div class=\"image_wrapper\"><a href=\"https:\/\/ipautomationinc.com\/wp-content\/uploads\/2022\/12\/Layer-4.jpg\" rel=\"prettyphoto\"   class=\"\"  tabindex=\"-1\" title=\"\"><div class=\"mask\"><\/div><img decoding=\"async\" class=\"scale-with-grid\" src=\"https:\/\/ipautomationinc.com\/wp-content\/uploads\/2022\/12\/Layer-4.jpg\" fetchpriority=\"high\" alt=\"Strato 4\" title=\"\" width=\"140\" height=\"506\" style=\"\"\/><\/a><div class=\"image_links\"><a href=\"https:\/\/ipautomationinc.com\/wp-content\/uploads\/2022\/12\/Layer-4.jpg\" class=\"zoom\" rel=\"prettyphoto\" tabindex=\"-1\" aria-label=\"ingrandire l&#039;immagine\" title=\"\"><svg viewbox=\"0 0 26 26\"><defs><style>.path{fill:none;stroke:#333;stroke-miterlimit:10;stroke-width:1.5px;}<\/style><\/defs><circle cx=\"11.35\" cy=\"11.35\" r=\"6\" class=\"path\"\/><line x1=\"15.59\" y1=\"15.59\" x2=\"20.65\" y2=\"20.65\" class=\"path\"\/><\/svg><\/a><\/div><\/div><\/div>\n<br><br><br><br><div class=\"image_frame image_item scale-with-grid element_classes no_border hover-disable mfn-img-box\"  role=\"link\" aria-label=\"Immagine con collegamenti\" tabindex=\"0\"><div class=\"image_wrapper\"><a href=\"https:\/\/ipautomationinc.com\/wp-content\/uploads\/2023\/01\/ifm6-measurements.jpg\" rel=\"prettyphoto\"   class=\"\"  tabindex=\"-1\" title=\"\"><div class=\"mask\"><\/div><img decoding=\"async\" class=\"scale-with-grid\" src=\"https:\/\/ipautomationinc.com\/wp-content\/uploads\/2023\/01\/ifm6-measurements.jpg\" fetchpriority=\"high\" alt=\"misurazioni ifm6\" title=\"\" width=\"200\" height=\"408\" style=\"\"\/><\/a><div class=\"image_links\"><a href=\"https:\/\/ipautomationinc.com\/wp-content\/uploads\/2023\/01\/ifm6-measurements.jpg\" class=\"zoom\" rel=\"prettyphoto\" tabindex=\"-1\" aria-label=\"ingrandire l&#039;immagine\" title=\"\"><svg viewbox=\"0 0 26 26\"><defs><style>.path{fill:none;stroke:#333;stroke-miterlimit:10;stroke-width:1.5px;}<\/style><\/defs><circle cx=\"11.35\" cy=\"11.35\" r=\"6\" class=\"path\"\/><line x1=\"15.59\" y1=\"15.59\" x2=\"20.65\" y2=\"20.65\" class=\"path\"\/><\/svg><\/a><\/div><\/div><\/div>\n<br><br><br><br><div class=\"image_frame image_item scale-with-grid element_classes no_border hover-disable mfn-img-box\"  role=\"link\" aria-label=\"Immagine con collegamenti\" tabindex=\"0\"><div class=\"image_wrapper\"><a href=\"https:\/\/ipautomationinc.com\/wp-content\/uploads\/2022\/12\/Layer-8.jpg\" rel=\"prettyphoto\"   class=\"\"  tabindex=\"-1\" title=\"\"><div class=\"mask\"><\/div><img decoding=\"async\" class=\"scale-with-grid\" src=\"https:\/\/ipautomationinc.com\/wp-content\/uploads\/2022\/12\/Layer-8.jpg\" fetchpriority=\"high\" alt=\"Strato 8\" title=\"\" width=\"140\" height=\"460\" style=\"\"\/><\/a><div class=\"image_links\"><a href=\"https:\/\/ipautomationinc.com\/wp-content\/uploads\/2022\/12\/Layer-8.jpg\" class=\"zoom\" rel=\"prettyphoto\" tabindex=\"-1\" aria-label=\"ingrandire l&#039;immagine\" title=\"\"><svg viewbox=\"0 0 26 26\"><defs><style>.path{fill:none;stroke:#333;stroke-miterlimit:10;stroke-width:1.5px;}<\/style><\/defs><circle cx=\"11.35\" cy=\"11.35\" r=\"6\" class=\"path\"\/><line x1=\"15.59\" y1=\"15.59\" x2=\"20.65\" y2=\"20.65\" class=\"path\"\/><\/svg><\/a><\/div><\/div><\/div>\n<br><br><br><br><div class=\"image_frame image_item scale-with-grid element_classes no_border hover-disable mfn-img-box\"  role=\"link\" aria-label=\"Immagine con collegamenti\" tabindex=\"0\"><div class=\"image_wrapper\"><a href=\"https:\/\/ipautomationinc.com\/wp-content\/uploads\/2022\/12\/Layer-10.jpg\" rel=\"prettyphoto\"   class=\"\"  tabindex=\"-1\" title=\"\"><div class=\"mask\"><\/div><img decoding=\"async\" class=\"scale-with-grid\" src=\"https:\/\/ipautomationinc.com\/wp-content\/uploads\/2022\/12\/Layer-10.jpg\" fetchpriority=\"high\" alt=\"Strato 10\" title=\"\" width=\"140\" height=\"408\" style=\"\"\/><\/a><div class=\"image_links\"><a href=\"https:\/\/ipautomationinc.com\/wp-content\/uploads\/2022\/12\/Layer-10.jpg\" class=\"zoom\" rel=\"prettyphoto\" tabindex=\"-1\" aria-label=\"ingrandire l&#039;immagine\" title=\"\"><svg viewbox=\"0 0 26 26\"><defs><style>.path{fill:none;stroke:#333;stroke-miterlimit:10;stroke-width:1.5px;}<\/style><\/defs><circle cx=\"11.35\" cy=\"11.35\" r=\"6\" class=\"path\"\/><line x1=\"15.59\" y1=\"15.59\" x2=\"20.65\" y2=\"20.65\" class=\"path\"\/><\/svg><\/a><\/div><\/div><\/div>\n<br>#EBEBEB<br>#222222<br><br><br>Specifiche<br><br><br><br><\/p>","protected":false},"excerpt":{"rendered":"<p>iFM Series Wire Form Machining Center. The iFM-10-4, and iFM-13-4 are an innovative breakthrough for wire form secondary operations like<span class=\"excerpt-hellip\"> [\u2026]<\/span><\/p>\n","protected":false},"author":3,"featured_media":0,"parent":7745,"menu_order":0,"comment_status":"closed","ping_status":"closed","template":"","meta":{"footnotes":""},"class_list":["post-4739","page","type-page","status-publish","hentry"],"yoast_head":"<!-- This site is optimized with the Yoast SEO plugin v27.3 - https:\/\/yoast.com\/product\/yoast-seo-wordpress\/ -->\n<title>iFM Machining Center | IP Automation Inc<\/title>\n<meta name=\"description\" content=\"The iFM machining center is an innovative breakthrough for wire form secondary operations like chamfering, threading, and more.\" \/>\n<meta name=\"robots\" content=\"index, follow, max-snippet:-1, max-image-preview:large, max-video-preview:-1\" \/>\n<link rel=\"canonical\" href=\"https:\/\/ipautomationinc.com\/it\/accessori\/centro-di-lavoro\/\" \/>\n<meta property=\"og:locale\" content=\"it_IT\" \/>\n<meta property=\"og:type\" content=\"article\" \/>\n<meta property=\"og:title\" content=\"iFM Machining Center | IP Automation Inc\" \/>\n<meta property=\"og:description\" content=\"The iFM machining center is an innovative breakthrough for wire form secondary operations like chamfering, threading, and more.\" \/>\n<meta property=\"og:url\" content=\"https:\/\/ipautomationinc.com\/it\/accessori\/centro-di-lavoro\/\" \/>\n<meta property=\"og:site_name\" content=\"IP Automation Inc\" \/>\n<meta property=\"article:publisher\" content=\"https:\/\/www.facebook.com\/ipautomationinc\/\" \/>\n<meta property=\"article:modified_time\" content=\"2025-09-10T20:42:08+00:00\" \/>\n<meta property=\"og:image\" content=\"https:\/\/ipautomationinc.com\/wp-content\/uploads\/2023\/11\/ifm-with-robot.png#35419\" \/>\n<script type=\"application\/ld+json\" class=\"yoast-schema-graph\">{\"@context\":\"https:\\\/\\\/schema.org\",\"@graph\":[{\"@type\":\"WebPage\",\"@id\":\"https:\\\/\\\/ipautomationinc.com\\\/accessories\\\/machining-center\\\/\",\"url\":\"https:\\\/\\\/ipautomationinc.com\\\/accessories\\\/machining-center\\\/\",\"name\":\"iFM Machining Center | IP Automation Inc\",\"isPartOf\":{\"@id\":\"https:\\\/\\\/ipautomationinc.com\\\/#website\"},\"primaryImageOfPage\":{\"@id\":\"https:\\\/\\\/ipautomationinc.com\\\/accessories\\\/machining-center\\\/#primaryimage\"},\"image\":{\"@id\":\"https:\\\/\\\/ipautomationinc.com\\\/accessories\\\/machining-center\\\/#primaryimage\"},\"thumbnailUrl\":\"https:\\\/\\\/ipautomationinc.com\\\/wp-content\\\/uploads\\\/2023\\\/11\\\/ifm-with-robot.png#35419\",\"datePublished\":\"2023-01-17T16:42:03+00:00\",\"dateModified\":\"2025-09-10T20:42:08+00:00\",\"description\":\"The iFM machining center is an innovative breakthrough for wire form secondary operations like chamfering, threading, and more.\",\"breadcrumb\":{\"@id\":\"https:\\\/\\\/ipautomationinc.com\\\/accessories\\\/machining-center\\\/#breadcrumb\"},\"inLanguage\":\"it-IT\",\"potentialAction\":[{\"@type\":\"ReadAction\",\"target\":[\"https:\\\/\\\/ipautomationinc.com\\\/accessories\\\/machining-center\\\/\"]}]},{\"@type\":\"ImageObject\",\"inLanguage\":\"it-IT\",\"@id\":\"https:\\\/\\\/ipautomationinc.com\\\/accessories\\\/machining-center\\\/#primaryimage\",\"url\":\"https:\\\/\\\/ipautomationinc.com\\\/wp-content\\\/uploads\\\/2023\\\/11\\\/ifm-with-robot.png#35419\",\"contentUrl\":\"https:\\\/\\\/ipautomationinc.com\\\/wp-content\\\/uploads\\\/2023\\\/11\\\/ifm-with-robot.png#35419\"},{\"@type\":\"BreadcrumbList\",\"@id\":\"https:\\\/\\\/ipautomationinc.com\\\/accessories\\\/machining-center\\\/#breadcrumb\",\"itemListElement\":[{\"@type\":\"ListItem\",\"position\":1,\"name\":\"Accessories\",\"item\":\"https:\\\/\\\/ipautomationinc.com\\\/accessories\\\/\"},{\"@type\":\"ListItem\",\"position\":2,\"name\":\"iFM Machining Center\"}]},{\"@type\":\"WebSite\",\"@id\":\"https:\\\/\\\/ipautomationinc.com\\\/#website\",\"url\":\"https:\\\/\\\/ipautomationinc.com\\\/\",\"name\":\"IP Automation Inc\",\"description\":\"Concept... Creation... Reality...\",\"publisher\":{\"@id\":\"https:\\\/\\\/ipautomationinc.com\\\/#organization\"},\"potentialAction\":[{\"@type\":\"SearchAction\",\"target\":{\"@type\":\"EntryPoint\",\"urlTemplate\":\"https:\\\/\\\/ipautomationinc.com\\\/?s={search_term_string}\"},\"query-input\":{\"@type\":\"PropertyValueSpecification\",\"valueRequired\":true,\"valueName\":\"search_term_string\"}}],\"inLanguage\":\"it-IT\"},{\"@type\":\"Organization\",\"@id\":\"https:\\\/\\\/ipautomationinc.com\\\/#organization\",\"name\":\"IP Automation Inc\",\"url\":\"https:\\\/\\\/ipautomationinc.com\\\/\",\"logo\":{\"@type\":\"ImageObject\",\"inLanguage\":\"it-IT\",\"@id\":\"https:\\\/\\\/ipautomationinc.com\\\/#\\\/schema\\\/logo\\\/image\\\/\",\"url\":\"https:\\\/\\\/ipautomationinc.com\\\/wp-content\\\/uploads\\\/2022\\\/05\\\/IPA-Favicon.png\",\"contentUrl\":\"https:\\\/\\\/ipautomationinc.com\\\/wp-content\\\/uploads\\\/2022\\\/05\\\/IPA-Favicon.png\",\"width\":513,\"height\":513,\"caption\":\"IP Automation Inc\"},\"image\":{\"@id\":\"https:\\\/\\\/ipautomationinc.com\\\/#\\\/schema\\\/logo\\\/image\\\/\"},\"sameAs\":[\"https:\\\/\\\/www.facebook.com\\\/ipautomationinc\\\/\",\"https:\\\/\\\/www.linkedin.com\\\/company\\\/ip-automation-inc\\\/\",\"https:\\\/\\\/www.youtube.com\\\/@IPAutomation\"]}]}<\/script>\n<!-- \/ Yoast SEO plugin. -->","yoast_head_json":{"title":"Centro di lavoro iFM | IP Automazione Inc","description":"Il centro di lavoro iFM rappresenta una svolta innovativa per le operazioni secondarie sulla forma del filo come smussatura, filettatura e altro ancora.","robots":{"index":"index","follow":"follow","max-snippet":"max-snippet:-1","max-image-preview":"max-image-preview:large","max-video-preview":"max-video-preview:-1"},"canonical":"https:\/\/ipautomationinc.com\/it\/accessori\/centro-di-lavoro\/","og_locale":"it_IT","og_type":"article","og_title":"iFM Machining Center | IP Automation Inc","og_description":"The iFM machining center is an innovative breakthrough for wire form secondary operations like chamfering, threading, and more.","og_url":"https:\/\/ipautomationinc.com\/it\/accessori\/centro-di-lavoro\/","og_site_name":"IP Automation Inc","article_publisher":"https:\/\/www.facebook.com\/ipautomationinc\/","article_modified_time":"2025-09-10T20:42:08+00:00","og_image":[{"url":"https:\/\/ipautomationinc.com\/wp-content\/uploads\/2023\/11\/ifm-with-robot.png#35419","type":"","width":"","height":""}],"schema":{"@context":"https:\/\/schema.org","@graph":[{"@type":"WebPage","@id":"https:\/\/ipautomationinc.com\/accessories\/machining-center\/","url":"https:\/\/ipautomationinc.com\/accessories\/machining-center\/","name":"Centro di lavoro iFM | IP Automazione Inc","isPartOf":{"@id":"https:\/\/ipautomationinc.com\/#website"},"primaryImageOfPage":{"@id":"https:\/\/ipautomationinc.com\/accessories\/machining-center\/#primaryimage"},"image":{"@id":"https:\/\/ipautomationinc.com\/accessories\/machining-center\/#primaryimage"},"thumbnailUrl":"https:\/\/ipautomationinc.com\/wp-content\/uploads\/2023\/11\/ifm-with-robot.png#35419","datePublished":"2023-01-17T16:42:03+00:00","dateModified":"2025-09-10T20:42:08+00:00","description":"Il centro di lavoro iFM rappresenta una svolta innovativa per le operazioni secondarie sulla forma del filo come smussatura, filettatura e altro ancora.","breadcrumb":{"@id":"https:\/\/ipautomationinc.com\/accessories\/machining-center\/#breadcrumb"},"inLanguage":"it-IT","potentialAction":[{"@type":"ReadAction","target":["https:\/\/ipautomationinc.com\/accessories\/machining-center\/"]}]},{"@type":"ImageObject","inLanguage":"it-IT","@id":"https:\/\/ipautomationinc.com\/accessories\/machining-center\/#primaryimage","url":"https:\/\/ipautomationinc.com\/wp-content\/uploads\/2023\/11\/ifm-with-robot.png#35419","contentUrl":"https:\/\/ipautomationinc.com\/wp-content\/uploads\/2023\/11\/ifm-with-robot.png#35419"},{"@type":"BreadcrumbList","@id":"https:\/\/ipautomationinc.com\/accessories\/machining-center\/#breadcrumb","itemListElement":[{"@type":"ListItem","position":1,"name":"Accessories","item":"https:\/\/ipautomationinc.com\/accessories\/"},{"@type":"ListItem","position":2,"name":"iFM Machining Center"}]},{"@type":"WebSite","@id":"https:\/\/ipautomationinc.com\/#website","url":"https:\/\/ipautomationinc.com\/","name":"IP Automazione Inc","description":"Concetto... Creazione... Realt\u00e0...","publisher":{"@id":"https:\/\/ipautomationinc.com\/#organization"},"potentialAction":[{"@type":"SearchAction","target":{"@type":"EntryPoint","urlTemplate":"https:\/\/ipautomationinc.com\/?s={search_term_string}"},"query-input":{"@type":"PropertyValueSpecification","valueRequired":true,"valueName":"search_term_string"}}],"inLanguage":"it-IT"},{"@type":"Organization","@id":"https:\/\/ipautomationinc.com\/#organization","name":"IP Automazione Inc","url":"https:\/\/ipautomationinc.com\/","logo":{"@type":"ImageObject","inLanguage":"it-IT","@id":"https:\/\/ipautomationinc.com\/#\/schema\/logo\/image\/","url":"https:\/\/ipautomationinc.com\/wp-content\/uploads\/2022\/05\/IPA-Favicon.png","contentUrl":"https:\/\/ipautomationinc.com\/wp-content\/uploads\/2022\/05\/IPA-Favicon.png","width":513,"height":513,"caption":"IP Automation Inc"},"image":{"@id":"https:\/\/ipautomationinc.com\/#\/schema\/logo\/image\/"},"sameAs":["https:\/\/www.facebook.com\/ipautomationinc\/","https:\/\/www.linkedin.com\/company\/ip-automation-inc\/","https:\/\/www.youtube.com\/@IPAutomation"]}]}},"_links":{"self":[{"href":"https:\/\/ipautomationinc.com\/it\/wp-json\/wp\/v2\/pages\/4739","targetHints":{"allow":["GET"]}}],"collection":[{"href":"https:\/\/ipautomationinc.com\/it\/wp-json\/wp\/v2\/pages"}],"about":[{"href":"https:\/\/ipautomationinc.com\/it\/wp-json\/wp\/v2\/types\/page"}],"author":[{"embeddable":true,"href":"https:\/\/ipautomationinc.com\/it\/wp-json\/wp\/v2\/users\/3"}],"replies":[{"embeddable":true,"href":"https:\/\/ipautomationinc.com\/it\/wp-json\/wp\/v2\/comments?post=4739"}],"version-history":[{"count":2,"href":"https:\/\/ipautomationinc.com\/it\/wp-json\/wp\/v2\/pages\/4739\/revisions"}],"predecessor-version":[{"id":38202,"href":"https:\/\/ipautomationinc.com\/it\/wp-json\/wp\/v2\/pages\/4739\/revisions\/38202"}],"up":[{"embeddable":true,"href":"https:\/\/ipautomationinc.com\/it\/wp-json\/wp\/v2\/pages\/7745"}],"wp:attachment":[{"href":"https:\/\/ipautomationinc.com\/it\/wp-json\/wp\/v2\/media?parent=4739"}],"curies":[{"name":"parola chiave","href":"https:\/\/api.w.org\/{rel}","templated":true}]}}