{"id":39678,"date":"2026-03-31T15:35:20","date_gmt":"2026-03-31T20:35:20","guid":{"rendered":"https:\/\/ipautomationinc.com\/?page_id=39678"},"modified":"2026-03-31T16:05:13","modified_gmt":"2026-03-31T21:05:13","slug":"serie-t","status":"publish","type":"page","link":"https:\/\/ipautomationinc.com\/it\/t-series\/","title":{"rendered":"T Series 3D CNC Tube Bender"},"content":{"rendered":"<p>La serie T \u00e8 una piegatrice per tubi CNC 3D che lavora materiale in bobina<br>using dual bend heads for roll and compression bending.With optional saw cut or inline chamfer cut capabilities and robotic integration, this machine is ideal for streamlining high volume production.<\/p>\n\n\n\n<p><span class=\"builder2seo\"><\/span>Curvatubi CNC 3D per applicazioni off-coil<br><br>Serie T<br><br><img decoding=\"async\" src=\"https:\/\/ipautomationinc.com\/wp-content\/uploads\/2026\/03\/i13T-S\u00b2-3D-CNC-Tube-Bending-Machine.png#39661\" alt=\"i13T-S\u00b2 3D CNC Tube Bending Machine\"><br>Piegatrice per fili CNC 3D<br>400px<br><br>Clicca qui per il video<br><a href=\"https:\/\/ipautomationinc.com\/it\/serie-t\/#video\">https:\/\/ipautomationinc.com\/t-series\/#video<\/a><br>fas fa-play-circle<br>tema_pulsante<br><br>Clicca qui per il volantino in PDF<br><a href=\"https:\/\/ipautomationinc.com\/wp-content\/uploads\/2026\/03\/T-Series-Flyer.pdf\">https:\/\/ipautomationinc.com\/wp-content\/uploads\/2026\/03\/T-Series-Flyer.pdf<\/a><br>fas fa-file-pdf<br>tema_pulsante<br>https:\/\/ipautomationinc.com\/wp-content\/uploads\/2026\/03\/T-Series-Flyer.pdf<br><br>39665,39664,39663,39662,39666<br>#0455B3<br>3px 3px 3px 3px<br><br><h4>La serie T \u00e8 una piegatrice per tubi CNC 3D che lavora materiale in bobina utilizzando doppie teste di piegatura per la curvatura a rulli e a compressione.<\/h4><br><br><h4>With optional saw cut or inline chamfer cut capabilities androbotic integration, this machine is ideal for streamlining highvolume production.<\/h4><br><br><h3>Applicazioni<\/h3><br><br><h4>Multitude of 2 and 3 dimensional parts from connector tubes, rectangular and variable dimension coils, refrigeration coils&#8230;<\/h4><br>#EBEBEB<br><br>39676,39682<br>300px<br>300px<br><br><img decoding=\"async\" src=\"https:\/\/ipautomationinc.com\/wp-content\/uploads\/2026\/03\/i13T-S\u00b2-3D-CNC-Tube-Bending-Machine.png#39661\" alt=\"i13T-S\u00b2 3D CNC Tube Bending Machine\"><br>Piegatrice per fili CNC 3D<br><br>Clicca qui per il video<br><a href=\"https:\/\/ipautomationinc.com\/it\/serie-t\/#video\">https:\/\/ipautomationinc.com\/t-series\/#video<\/a><br>fas fa-play-circle<br>tema_pulsante<br><br>Clicca qui per il volantino in PDF<br><a href=\"https:\/\/ipautomationinc.com\/wp-content\/uploads\/2026\/03\/T-Series-Flyer.pdf\">https:\/\/ipautomationinc.com\/wp-content\/uploads\/2026\/03\/T-Series-Flyer.pdf<\/a><br>fas fa-file-pdf<br>tema_pulsante<br>https:\/\/ipautomationinc.com\/wp-content\/uploads\/2026\/03\/T-Series-Flyer.pdf<br><br>39665,39664,39663,39662,39666<br>#0455B3<br>3px 3px 3px 3px<br>costume<br>80%<br><br><h4>La serie T \u00e8 una piegatrice per tubi CNC 3D che lavora materiale in bobina utilizzando doppie teste di piegatura per la curvatura a rulli e a compressione.<\/h4><br><br><h4>With optional saw cut or inline chamfer cut capabilities androbotic integration, this machine is ideal for streamlining highvolume production.<\/h4><br><br><h3>Applicazioni<\/h3><br><br><h4>Multitude of 2 and 3 dimensional parts from connector tubes, rectangular and variable dimension coils, refrigeration coils&#8230;<\/h4><br>#EBEBEB<br><br>39676,39682<br>300px<br>300px<br>sovrapposizione_didascalia_img<br><br><br>Media<br><br>;C;;<br><br><br>Caratteristiche<br><br>Piegatura<br>Programmazione<br>Dettagli<br><br><br>Gli ingegneri di IP Automation e le macchine CNC realizzano internamente teste di piegatura, taglierine e rulli trainafilo a costi ragionevoli e tempi di consegna rapidi<br><br><br><br><br>\t<a href=\"https:\/\/ipautomationinc.com\/it\/capacita-della-macchina\/\">Software Intellibend <\/a> sul sistema operativo Windows<br><br>Length-Rotation-Angle CNC programand absolute programming options<br><br>Comandi di accelerazione, decelerazione e accelerazione in uscita di curva<br><br>Controllo batch e conteggio pezzi integrati<br><br>Importazione file STEP<br><br>Tunnel VPN veloce e sicuro per la connessione di supporto remoto<br><br>restrizioni di controllo a livello utente<br><br>Notifiche di manutenzione intelligenti basate sui dati di movimento<br><br>Funzionalit\u00e0 OPC UA per l&#039;implementazione di &quot;IIOT&quot;.<br><br>\t<br><br><br>Portata massima del braccio di sollevamento lineare: 3000 libbre incluse (opzione da 4500 libbre disponibile)<br><br>Gabbia di sicurezza da 7\u2032 (2,13 m) con porta con interblocco di sicurezza<br><br>Raddrizzatrice a doppio piano ad ampia gamma<br><br>Tutti i sistemi di azionamento di alimentazione e piegatura sono dotati di ingranaggi temprati e sono completamente chiusi.<br><br>Rulli di alimentazione temprati a ribaltamento rapido per 2 misure<br><br>Encoder lineare sull&#039;avanzamento del filo per precisione e rilevamento dello scorrimento<br><br>Stabilizzatore di tubi<br><br>Superficie della matrice riaffilabile<br><br>Possibilit\u00e0 di formazione in loco<br><br>Possibilit\u00e0 di integrazione robotica<br><br><br>#EBEBEB<br>#222222<br><br><br>Specifiche<br><br><br><br><p>*La capacit\u00e0 del diametro minimo e massimo \u00e8 influenzata dalla resa a trazione del filo. Contattaci per chiarimenti sulla portata min\/max per il tuo tipo di filo.<\/p><br><br><br>Opzioni macchina<br><br>Sega retrattile montata su braccio<br>con aspirazione a chip<br><img decoding=\"async\" src=\"https:\/\/ipautomationinc.com\/wp-content\/uploads\/2026\/03\/retractable-saw-cut.png#39676\" alt=\"retractable saw cut\"><br>scala a scatola<br>70%<br><br>Fresa servoassistita in linea per cordonatura\/smussatura<br><img decoding=\"async\" src=\"https:\/\/ipautomationinc.com\/wp-content\/uploads\/2024\/01\/internal-chamfer.png#35611\" alt=\"internal chamfer\"><br><a href=\"https:\/\/ipautomationinc.com\/it\/accessori\/smusso-in-linea\/\">https:\/\/ipautomationinc.com\/accessories\/in-line-chamfer\/<\/a><br>scala a scatola<br>70%<br><br>Robotica intelligente<br>con EOAT personalizzato<br><img decoding=\"async\" src=\"https:\/\/ipautomationinc.com\/wp-content\/uploads\/2022\/06\/machine-options_robot.png\" alt=\"opzioni-macchina_robot\"><br><a href=\"https:\/\/ipautomationinc.com\/it\/accessori\/robotica\/\">https:\/\/ipautomationinc.com\/accessories\/robotics\/<\/a><br><br>Centro di lavoro iFM<br><img decoding=\"async\" src=\"https:\/\/ipautomationinc.com\/wp-content\/uploads\/2023\/11\/ifm-icon-1.png#35422\" alt=\"icona ifm\"><br><a href=\"https:\/\/ipautomationinc.com\/it\/accessori\/centro-di-lavoro\/\">https:\/\/ipautomationinc.com\/accessories\/machining-center\/<\/a><br>scala a scatola<br>70%<br><br>Stazione di smussatura\/foratura<br><img decoding=\"async\" src=\"https:\/\/ipautomationinc.com\/wp-content\/uploads\/2024\/08\/chamfer-drill.png#36736\" alt=\"trapano smussatore\"><br><a href=\"https:\/\/ipautomationinc.com\/it\/accessori\/trapano-smussatore\/\">https:\/\/ipautomationinc.com\/accessories\/chamfer-drill\/<\/a><br>scala a scatola<br>70%<br><br>Formatura terminale<br><img decoding=\"async\" src=\"https:\/\/ipautomationinc.com\/wp-content\/uploads\/2022\/06\/machine-options_cold-heading.png\" alt=\"opzioni-macchina_direzione-fredda\"><br>scala a scatola<br>70%<br><br>Soluzioni per la movimentazione delle parti<br><img decoding=\"async\" src=\"https:\/\/ipautomationinc.com\/wp-content\/uploads\/2022\/06\/machine-options_rack-option.png#1323\" alt=\"opzioni-macchina_opzione-rack\"><br>scala a scatola<br>70%<br><br>Ottieni i prezzi adesso!<br>icona-inoltra<br><a href=\"https:\/\/ipautomationinc.com\/it\/contattaci\/#form\">https:\/\/ipautomationinc.com\/contact-us\/#form<\/a><br>50px<br><br>Altre macchine piegatubi CNC<br><br><h4>Serie iP<\/h4><br><br><p><hr class=\"no_line\" style=\"margin: 0 auto 0px auto\"\/>\n <a href=\"https:\/\/ipautomationinc.com\/it\/serie-ip\/\"> <img decoding=\"async\" src=\"https:\/\/ipautomationinc.com\/wp-content\/uploads\/2026\/02\/i10-S\u00b2-P-Single-Piece-3D-CNC-Wire-Bender.png\" alt=\"Macchina per la formatura di fili CNC monoblocco i-S\u00b2-P\"> <\/a> <hr class=\"no_line\" style=\"margin: 0 auto 0px auto\"\/>\n<\/p><br><br><p>La serie P \u00e8 progettata per semplificare la lavorazione di fili complessi da 2,5 a 16 mm.<\/p><br><br><a class=\"mfn-link mfn-link-1\" href=\"\" style=\"\" data-hover=\"\"   ><span data-hover=\"\"><\/span><\/a><br>nessuna ripetizione; in alto a sinistra;;<br>auto<br><br><h4>Serie i-S<\/h4><br><br><p><hr class=\"no_line\" style=\"margin: 0 auto 0px auto\"\/>\n <a href=\"https:\/\/ipautomationinc.com\/it\/serie-i-s\/\"> <img decoding=\"async\" src=\"https:\/\/ipautomationinc.com\/wp-content\/uploads\/2023\/02\/i8-S-RGB-1.png\" alt=\"\u00e8 il formatore di filo CNC\"> <\/a> <hr class=\"no_line\" style=\"margin: 0 auto 0px auto\"\/>\n<\/p><br><br><p>La serie S \u00e8 una macchina di precisione ideale per la realizzazione di fili 3D da 2 a 20 mm.<\/p><br><br><a class=\"mfn-link mfn-link-1\" href=\"\" style=\"\" data-hover=\"\"   ><span data-hover=\"\"><\/span><\/a><br>nessuna ripetizione; in alto a sinistra;;<br>auto<br><br><h4>Serie i-SC<\/h4><br><br><p><hr class=\"no_line\" style=\"margin: 0 auto 0px auto\"\/>\n <a href=\"https:\/\/ipautomationinc.com\/it\/serie-i-sc\/\"> <img decoding=\"async\" src=\"https:\/\/ipautomationinc.com\/wp-content\/uploads\/2025\/09\/i8-SC-RGB.png\" alt=\"\"> <\/a> <hr class=\"no_line\" style=\"margin: 0 auto 0px auto\"\/>\n<\/p><br><br><p>La serie SC \u00e8 una macchina perfetta per forme di filo 3D pi\u00f9 corte da filo da 2-8 mm<\/p><br><br><a class=\"mfn-link mfn-link-1\" href=\"\" style=\"\" data-hover=\"\"   ><span data-hover=\"\"><\/span><\/a><br>nessuna ripetizione; in alto a sinistra;;<br>auto<br><br><\/p>","protected":false},"excerpt":{"rendered":"<p>The T series is a 3D CNC tubing bender that processes coil stockusing dual bend heads for roll and compression<span class=\"excerpt-hellip\"> [\u2026]<\/span><\/p>\n","protected":false},"author":3,"featured_media":0,"parent":0,"menu_order":0,"comment_status":"closed","ping_status":"closed","template":"","meta":{"footnotes":""},"class_list":["post-39678","page","type-page","status-publish","hentry"],"yoast_head":"<!-- This site is optimized with the Yoast SEO plugin v27.4 - https:\/\/yoast.com\/product\/yoast-seo-wordpress\/ -->\n<title>T Series 3D CNC Tube Bender | IP Automation Inc<\/title>\n<meta name=\"description\" content=\"The T series is a 3D CNC tubing bender that processes coil stockusing dual bend heads for roll and compression bending.\" \/>\n<meta name=\"robots\" content=\"index, follow, max-snippet:-1, max-image-preview:large, max-video-preview:-1\" \/>\n<link rel=\"canonical\" href=\"https:\/\/ipautomationinc.com\/it\/serie-t\/\" \/>\n<meta property=\"og:locale\" content=\"it_IT\" \/>\n<meta property=\"og:type\" content=\"article\" \/>\n<meta property=\"og:title\" content=\"T Series 3D CNC Tube Bender | IP Automation Inc\" \/>\n<meta property=\"og:description\" content=\"The T series is a 3D CNC tubing bender that processes coil stockusing dual bend heads for roll and compression bending.\" \/>\n<meta property=\"og:url\" content=\"https:\/\/ipautomationinc.com\/it\/serie-t\/\" \/>\n<meta property=\"og:site_name\" content=\"IP Automation Inc\" \/>\n<meta property=\"article:publisher\" content=\"https:\/\/www.facebook.com\/ipautomationinc\/\" \/>\n<meta property=\"article:modified_time\" content=\"2026-03-31T21:05:13+00:00\" \/>\n<meta property=\"og:image\" content=\"https:\/\/ipautomationinc.com\/wp-content\/uploads\/2026\/03\/retractable-saw-cut.png#39676\" \/>\n<script type=\"application\/ld+json\" class=\"yoast-schema-graph\">{\"@context\":\"https:\\\/\\\/schema.org\",\"@graph\":[{\"@type\":\"WebPage\",\"@id\":\"https:\\\/\\\/ipautomationinc.com\\\/t-series\\\/\",\"url\":\"https:\\\/\\\/ipautomationinc.com\\\/t-series\\\/\",\"name\":\"T Series 3D CNC Tube Bender | IP Automation Inc\",\"isPartOf\":{\"@id\":\"https:\\\/\\\/ipautomationinc.com\\\/#website\"},\"primaryImageOfPage\":{\"@id\":\"https:\\\/\\\/ipautomationinc.com\\\/t-series\\\/#primaryimage\"},\"image\":{\"@id\":\"https:\\\/\\\/ipautomationinc.com\\\/t-series\\\/#primaryimage\"},\"thumbnailUrl\":\"https:\\\/\\\/ipautomationinc.com\\\/wp-content\\\/uploads\\\/2026\\\/03\\\/retractable-saw-cut.png#39676\",\"datePublished\":\"2026-03-31T20:35:20+00:00\",\"dateModified\":\"2026-03-31T21:05:13+00:00\",\"description\":\"The T series is a 3D CNC tubing bender that processes coil stockusing dual bend heads for roll and compression bending.\",\"inLanguage\":\"it-IT\",\"potentialAction\":[{\"@type\":\"ReadAction\",\"target\":[\"https:\\\/\\\/ipautomationinc.com\\\/t-series\\\/\"]}]},{\"@type\":\"ImageObject\",\"inLanguage\":\"it-IT\",\"@id\":\"https:\\\/\\\/ipautomationinc.com\\\/t-series\\\/#primaryimage\",\"url\":\"https:\\\/\\\/ipautomationinc.com\\\/wp-content\\\/uploads\\\/2026\\\/03\\\/retractable-saw-cut.png#39676\",\"contentUrl\":\"https:\\\/\\\/ipautomationinc.com\\\/wp-content\\\/uploads\\\/2026\\\/03\\\/retractable-saw-cut.png#39676\"},{\"@type\":\"WebSite\",\"@id\":\"https:\\\/\\\/ipautomationinc.com\\\/#website\",\"url\":\"https:\\\/\\\/ipautomationinc.com\\\/\",\"name\":\"IP Automation Inc\",\"description\":\"Concept... Creation... Reality...\",\"publisher\":{\"@id\":\"https:\\\/\\\/ipautomationinc.com\\\/#organization\"},\"potentialAction\":[{\"@type\":\"SearchAction\",\"target\":{\"@type\":\"EntryPoint\",\"urlTemplate\":\"https:\\\/\\\/ipautomationinc.com\\\/?s={search_term_string}\"},\"query-input\":{\"@type\":\"PropertyValueSpecification\",\"valueRequired\":true,\"valueName\":\"search_term_string\"}}],\"inLanguage\":\"it-IT\"},{\"@type\":\"Organization\",\"@id\":\"https:\\\/\\\/ipautomationinc.com\\\/#organization\",\"name\":\"IP Automation Inc\",\"url\":\"https:\\\/\\\/ipautomationinc.com\\\/\",\"logo\":{\"@type\":\"ImageObject\",\"inLanguage\":\"it-IT\",\"@id\":\"https:\\\/\\\/ipautomationinc.com\\\/#\\\/schema\\\/logo\\\/image\\\/\",\"url\":\"https:\\\/\\\/ipautomationinc.com\\\/wp-content\\\/uploads\\\/2022\\\/05\\\/IPA-Favicon.png\",\"contentUrl\":\"https:\\\/\\\/ipautomationinc.com\\\/wp-content\\\/uploads\\\/2022\\\/05\\\/IPA-Favicon.png\",\"width\":513,\"height\":513,\"caption\":\"IP Automation Inc\"},\"image\":{\"@id\":\"https:\\\/\\\/ipautomationinc.com\\\/#\\\/schema\\\/logo\\\/image\\\/\"},\"sameAs\":[\"https:\\\/\\\/www.facebook.com\\\/ipautomationinc\\\/\",\"https:\\\/\\\/www.linkedin.com\\\/company\\\/ip-automation-inc\\\/\",\"https:\\\/\\\/www.youtube.com\\\/@IPAutomation\"]}]}<\/script>\n<!-- \/ Yoast SEO plugin. -->","yoast_head_json":{"title":"Curvatubi CNC 3D serie T | IP Automation Inc","description":"La serie T \u00e8 una piegatrice per tubi CNC 3D che lavora materiale in bobina utilizzando doppie teste di piegatura per la curvatura a rulli e a compressione.","robots":{"index":"index","follow":"follow","max-snippet":"max-snippet:-1","max-image-preview":"max-image-preview:large","max-video-preview":"max-video-preview:-1"},"canonical":"https:\/\/ipautomationinc.com\/it\/serie-t\/","og_locale":"it_IT","og_type":"article","og_title":"T Series 3D CNC Tube Bender | IP Automation Inc","og_description":"The T series is a 3D CNC tubing bender that processes coil stockusing dual bend heads for roll and compression bending.","og_url":"https:\/\/ipautomationinc.com\/it\/serie-t\/","og_site_name":"IP Automation Inc","article_publisher":"https:\/\/www.facebook.com\/ipautomationinc\/","article_modified_time":"2026-03-31T21:05:13+00:00","og_image":[{"url":"https:\/\/ipautomationinc.com\/wp-content\/uploads\/2026\/03\/retractable-saw-cut.png#39676","type":"","width":"","height":""}],"schema":{"@context":"https:\/\/schema.org","@graph":[{"@type":"WebPage","@id":"https:\/\/ipautomationinc.com\/t-series\/","url":"https:\/\/ipautomationinc.com\/t-series\/","name":"Curvatubi CNC 3D serie T | IP Automation Inc","isPartOf":{"@id":"https:\/\/ipautomationinc.com\/#website"},"primaryImageOfPage":{"@id":"https:\/\/ipautomationinc.com\/t-series\/#primaryimage"},"image":{"@id":"https:\/\/ipautomationinc.com\/t-series\/#primaryimage"},"thumbnailUrl":"https:\/\/ipautomationinc.com\/wp-content\/uploads\/2026\/03\/retractable-saw-cut.png#39676","datePublished":"2026-03-31T20:35:20+00:00","dateModified":"2026-03-31T21:05:13+00:00","description":"La serie T \u00e8 una piegatrice per tubi CNC 3D che lavora materiale in bobina utilizzando doppie teste di piegatura per la curvatura a rulli e a compressione.","inLanguage":"it-IT","potentialAction":[{"@type":"ReadAction","target":["https:\/\/ipautomationinc.com\/t-series\/"]}]},{"@type":"ImageObject","inLanguage":"it-IT","@id":"https:\/\/ipautomationinc.com\/t-series\/#primaryimage","url":"https:\/\/ipautomationinc.com\/wp-content\/uploads\/2026\/03\/retractable-saw-cut.png#39676","contentUrl":"https:\/\/ipautomationinc.com\/wp-content\/uploads\/2026\/03\/retractable-saw-cut.png#39676"},{"@type":"WebSite","@id":"https:\/\/ipautomationinc.com\/#website","url":"https:\/\/ipautomationinc.com\/","name":"IP Automazione Inc","description":"Concetto... Creazione... Realt\u00e0...","publisher":{"@id":"https:\/\/ipautomationinc.com\/#organization"},"potentialAction":[{"@type":"SearchAction","target":{"@type":"EntryPoint","urlTemplate":"https:\/\/ipautomationinc.com\/?s={search_term_string}"},"query-input":{"@type":"PropertyValueSpecification","valueRequired":true,"valueName":"search_term_string"}}],"inLanguage":"it-IT"},{"@type":"Organization","@id":"https:\/\/ipautomationinc.com\/#organization","name":"IP Automazione Inc","url":"https:\/\/ipautomationinc.com\/","logo":{"@type":"ImageObject","inLanguage":"it-IT","@id":"https:\/\/ipautomationinc.com\/#\/schema\/logo\/image\/","url":"https:\/\/ipautomationinc.com\/wp-content\/uploads\/2022\/05\/IPA-Favicon.png","contentUrl":"https:\/\/ipautomationinc.com\/wp-content\/uploads\/2022\/05\/IPA-Favicon.png","width":513,"height":513,"caption":"IP Automation Inc"},"image":{"@id":"https:\/\/ipautomationinc.com\/#\/schema\/logo\/image\/"},"sameAs":["https:\/\/www.facebook.com\/ipautomationinc\/","https:\/\/www.linkedin.com\/company\/ip-automation-inc\/","https:\/\/www.youtube.com\/@IPAutomation"]}]}},"_links":{"self":[{"href":"https:\/\/ipautomationinc.com\/it\/wp-json\/wp\/v2\/pages\/39678","targetHints":{"allow":["GET"]}}],"collection":[{"href":"https:\/\/ipautomationinc.com\/it\/wp-json\/wp\/v2\/pages"}],"about":[{"href":"https:\/\/ipautomationinc.com\/it\/wp-json\/wp\/v2\/types\/page"}],"author":[{"embeddable":true,"href":"https:\/\/ipautomationinc.com\/it\/wp-json\/wp\/v2\/users\/3"}],"replies":[{"embeddable":true,"href":"https:\/\/ipautomationinc.com\/it\/wp-json\/wp\/v2\/comments?post=39678"}],"version-history":[{"count":3,"href":"https:\/\/ipautomationinc.com\/it\/wp-json\/wp\/v2\/pages\/39678\/revisions"}],"predecessor-version":[{"id":39697,"href":"https:\/\/ipautomationinc.com\/it\/wp-json\/wp\/v2\/pages\/39678\/revisions\/39697"}],"wp:attachment":[{"href":"https:\/\/ipautomationinc.com\/it\/wp-json\/wp\/v2\/media?parent=39678"}],"curies":[{"name":"parola chiave","href":"https:\/\/api.w.org\/{rel}","templated":true}]}}