{"id":36683,"date":"2024-07-25T15:27:56","date_gmt":"2024-07-25T20:27:56","guid":{"rendered":"https:\/\/ipautomationinc.com\/?page_id=36683"},"modified":"2026-02-24T10:16:57","modified_gmt":"2026-02-24T16:16:57","slug":"serie-i-d-ss","status":"publish","type":"page","link":"https:\/\/ipautomationinc.com\/it\/i-d-ss-series\/","title":{"rendered":"Piegafilo CNC 3D a doppia testa serie iD-SS"},"content":{"rendered":"<h6 class=\"wp-block-heading\">La piegatrice CNC 3D a doppia testa iD-SS \u00e8 perfetta per la piegatura 3D di grandi volumi di fili semplici. L&#039;iD-SS \u00e8 in grado di creare molte delle forme 3D comuni dell&#039;iD-MS, ma con un&#039;efficienza significativamente <strong>costo pi\u00f9 basso<\/strong>. L&#039;iD-SS pu\u00f2 essere utilizzato in modo efficace per aggiungere capacit\u00e0 ed economia significative alle operazioni di cablaggio, deviando le parti pi\u00f9 semplici su una macchina meno costosa.&nbsp;<\/h6>\n\n\n\n<p><span class=\"builder2seo\"><\/span>Piegafilo CNC 3D a doppia testa<br><br>Serie i-D-SS<br><br><img decoding=\"async\" src=\"https:\/\/ipautomationinc.com\/wp-content\/uploads\/2024\/07\/i4-D-SS-RGB.png#36680\" alt=\"i-D-SS Single Stage Double Head CNC Wire Bender\"><br>Piegafilo CNC 3D a doppia testa iD-SS<br>400px<br><br>Clicca qui per il video<br><a href=\"https:\/\/ipautomationinc.com\/it\/serie-i-d-ss\/#video\">https:\/\/ipautomationinc.com\/i-d-ss-series\/#video<\/a><br>fas fa-play-circle<br>tema_pulsante<br><br>36695,36697,36696,36698,1546<br>#0455B3<br>3px 3px 3px 3px<br>costume<br><br><h4>The i-D-SS is perfect for high volume 3D bending capability on simple listing wires. The i-D-SS is capable of creating many of the common 3D shapes that the i-D-MS can, but with significantly lower cost.<\/h4><br><br><h4>L&#039;iD-SS pu\u00f2 essere utilizzato efficacemente per aumentare significativamente la capacit\u00e0 e la convenienza delle operazioni di quotazione dei bonifici, dirottando le parti pi\u00f9 semplici su una macchina meno costosa.\u00a0<\/h4><br><br><h3>Applicazioni<\/h3><h4>Fili di precisione e di fissaggioParti con tolleranze strette per operazioni di sovrastampaggio. <br><br><\/h4><br>#EBEBEB<br><br><br><img decoding=\"async\" src=\"https:\/\/ipautomationinc.com\/wp-content\/uploads\/2024\/07\/i4-D-SS-RGB.png#36680\" alt=\"i-D-SS Single Stage Double Head CNC Wire Bender\"><br>Piegafilo CNC 3D a doppia testa iD-SS<br>costume<br>100%<br><br>Clicca qui per il video<br><a href=\"https:\/\/ipautomationinc.com\/it\/serie-i-d-ss\/#video\">https:\/\/ipautomationinc.com\/i-d-ss-series\/#video<\/a><br>fas fa-play-circle<br>tema_pulsante<br><br>1546,36695,36697,36696<br>#0455B3<br>3px 3px 3px 3px<br>costume<br>80%<br><br><h4>La piegatrice CNC a doppia testa iD-SS \u00e8 perfetta per la piegatura 3D di grandi volumi di fili profilati semplici. L&#039;iD-SS \u00e8 in grado di creare molte delle forme 3D comuni dell&#039;iD-MS, ma a costi significativamente inferiori. L&#039;iD-SS pu\u00f2 essere efficacemente utilizzato per aumentare significativamente la capacit\u00e0 e l&#039;economia della vostra attivit\u00e0 di piegatura dei fili profilati, deviando le parti pi\u00f9 semplici a una macchina meno costosa.<\/h4><br><br><h3>Applicazioni<\/h3><h4>Fili di precisione e di fissaggioParti con tolleranze strette per operazioni di sovrastampaggio. <br><br><\/h4><br>#EBEBEB<br><br><br>Media<br><br>;C;;<br><br>36694,36692,36693,36699<br>grande<br>200px<br>168px<br>sovrapposizione_didascalia_img<br><br><br>Caratteristiche<br><br>Piegatura<br>Programmazione<br>Dettagli<br>Disposizione della macchina<br><br><br>\t8 assi servo: X \u2013 avanzamento, C \u2013 fresa, Y \u2013 rotazione perno piegatrice (2X), P \u2013 altezza testa piegatrice (2X), trasferimento asse X, rotazione trasferimento<br><br>\tFino a 2 raggi<br><br>Gli ingegneri di IP Automation e le macchine CNC realizzano internamente teste di piegatura, taglierine e rulli trainafilo a costi ragionevoli e tempi di consegna rapidi<br><br><br><br><br>\t<a href=\"https:\/\/ipautomationinc.com\/it\/capacita-della-macchina\/\">Software Intellibend <\/a> sul sistema operativo Windows 10<br><br>Formato del programma CNC Lunghezza-Rotazione-Angolo<br><br>\tCruscotto di produzione integrato, funzioni di controllo batch<br><br>\tSchermo multitouch da 21,5\u2033<br><br>\tConnettivit\u00e0 remota tramite tunnel VPN<br><br>\tProtocollo OPC-UA per l&#039;industria 4.0<br><br>\t<br><br><br>Sfruttamento del filo con capacit\u00e0 del braccio di movimento lineare: 3000 libbre. (opzione da 4500 libbre disponibile) <br><br>Gabbia di sicurezza da 7\u2032 (2,13 m) con porta con interblocco di sicurezza<br><br>Raddrizzafilo a 4 piani<br><br>Tutti i sistemi di azionamento di alimentazione e piegatura sono dotati di ingranaggi temprati e sono completamente chiusi.<br><br>Rulli di alimentazione temprati a ribaltamento rapido per 2 dimensioni di filo<br><br>Encoder lineare sull&#039;avanzamento del filo per precisione e rilevamento dello scorrimento<br><br>Possibilit\u00e0 di formazione in loco<br><br>Possibilit\u00e0 di integrazione robotica<br><br><br><div class=\"image_frame image_item scale-with-grid element_classes no_border hover-disable mfn-img-box\"  role=\"link\" aria-label=\"Immagine con collegamenti\" tabindex=\"0\"><div class=\"image_wrapper\"><a href=\"https:\/\/ipautomationinc.com\/wp-content\/uploads\/2024\/07\/i4-D-SS-Front-View-Layout.jpg\" rel=\"prettyphoto\"   class=\"\"  tabindex=\"-1\" title=\"\"><div class=\"mask\"><\/div><img decoding=\"async\" class=\"scale-with-grid\" src=\"https:\/\/ipautomationinc.com\/wp-content\/uploads\/2024\/07\/i4-D-SS-Front-View-Layout.jpg\" fetchpriority=\"high\" alt=\"Layout vista frontale i4-D-SS\" title=\"\" width=\"420\" height=\"512\" style=\"\"\/><\/a><div class=\"image_links\"><a href=\"https:\/\/ipautomationinc.com\/wp-content\/uploads\/2024\/07\/i4-D-SS-Front-View-Layout.jpg\" class=\"zoom\" rel=\"prettyphoto\" tabindex=\"-1\" aria-label=\"ingrandire l&#039;immagine\" title=\"\"><svg viewbox=\"0 0 26 26\"><defs><style>.path{fill:none;stroke:#333;stroke-miterlimit:10;stroke-width:1.5px;}<\/style><\/defs><circle cx=\"11.35\" cy=\"11.35\" r=\"6\" class=\"path\"\/><line x1=\"15.59\" y1=\"15.59\" x2=\"20.65\" y2=\"20.65\" class=\"path\"\/><\/svg><\/a><\/div><\/div><p class=\"wp-caption-text\">Vista frontale dell&#039;iD-SS<\/p><\/div>\n<br><br><br><br><div class=\"image_frame image_item scale-with-grid element_classes no_border hover-disable mfn-img-box\"  role=\"link\" aria-label=\"Immagine con collegamenti\" tabindex=\"0\"><div class=\"image_wrapper\"><a href=\"https:\/\/ipautomationinc.com\/wp-content\/uploads\/2024\/07\/i4-D-SS-Top-View-Layout.jpg\" rel=\"prettyphoto\"   class=\"\"  tabindex=\"-1\" title=\"\"><div class=\"mask\"><\/div><img decoding=\"async\" class=\"scale-with-grid\" src=\"https:\/\/ipautomationinc.com\/wp-content\/uploads\/2024\/07\/i4-D-SS-Top-View-Layout.jpg\" fetchpriority=\"high\" alt=\"Layout vista dall&#039;alto i4-D-SS\" title=\"\" width=\"420\" height=\"540\" style=\"\"\/><\/a><div class=\"image_links\"><a href=\"https:\/\/ipautomationinc.com\/wp-content\/uploads\/2024\/07\/i4-D-SS-Top-View-Layout.jpg\" class=\"zoom\" rel=\"prettyphoto\" tabindex=\"-1\" aria-label=\"ingrandire l&#039;immagine\" title=\"\"><svg viewbox=\"0 0 26 26\"><defs><style>.path{fill:none;stroke:#333;stroke-miterlimit:10;stroke-width:1.5px;}<\/style><\/defs><circle cx=\"11.35\" cy=\"11.35\" r=\"6\" class=\"path\"\/><line x1=\"15.59\" y1=\"15.59\" x2=\"20.65\" y2=\"20.65\" class=\"path\"\/><\/svg><\/a><\/div><\/div><p class=\"wp-caption-text\">Vista dall&#039;alto dell&#039;iD-SS<\/p><\/div>\n<br>#EBEBEB<br>#222222<br><br><br>Specifiche<br><br><br><br><p>*La capacit\u00e0 del diametro minimo e massimo \u00e8 influenzata dalla resa a trazione del filo. Contattaci per chiarimenti sulla portata min\/max per il tuo tipo di filo.<\/p><br><br><br>Opzioni macchina<br><br>Robotica intelligente<br>con EOAT personalizzato<br><img decoding=\"async\" src=\"https:\/\/ipautomationinc.com\/wp-content\/uploads\/2022\/06\/machine-options_robot.png#1271\" alt=\"opzioni-macchina_robot\"><br><a href=\"https:\/\/ipautomationinc.com\/it\/accessori\/robotica\/\">https:\/\/ipautomationinc.com\/accessories\/robotics\/<\/a><br>scala a scatola<br>70%<br><br><br>Opzioni macchina<br><br>Robotica intelligente<br>con EOAT personalizzato<br><img decoding=\"async\" src=\"https:\/\/ipautomationinc.com\/wp-content\/uploads\/2022\/06\/machine-options_robot.png\" alt=\"opzioni-macchina_robot\"><br><a href=\"https:\/\/ipautomationinc.com\/it\/accessori\/robotica\/\">https:\/\/ipautomationinc.com\/accessories\/robotics\/<\/a><br>scala a scatola<br>70%<br><br>Saldatrice di testa BW-45<br>con pressatore rotativo<br><img decoding=\"async\" src=\"https:\/\/ipautomationinc.com\/wp-content\/uploads\/2023\/08\/machine-options_BW-45.png#29270\" alt=\"\"><br><a href=\"https:\/\/ipautomationinc.com\/it\/accessori\/saldatrici-automatizzate\/\">https:\/\/ipautomationinc.com\/accessories\/automated-welders\/<\/a><br>scala a scatola<br>70%<br><br>Ispezione della vista<br><img decoding=\"async\" src=\"https:\/\/ipautomationinc.com\/wp-content\/uploads\/2022\/06\/machine-options_vision-inspection-closeup.png\" alt=\"opzioni-macchina_visione-ispezione-primo piano\"><br>scala a scatola<br>70%<br><br>Pressa per crimpatura<br><img decoding=\"async\" src=\"https:\/\/ipautomationinc.com\/wp-content\/uploads\/2024\/01\/crimping-press-icon.png#35637\" alt=\"\"><br><a href=\"https:\/\/ipautomationinc.com\/it\/accessori\/pressa-per-crimpatura\/\">https:\/\/ipautomationinc.com\/accessories\/crimping-press\/<\/a><br>scala a scatola<br>70%<br><br>Servopressa<br><img decoding=\"async\" src=\"https:\/\/ipautomationinc.com\/wp-content\/uploads\/2022\/06\/machine-options_servo-press.png\" alt=\"opzioni-macchina_servo-press\"><br>scala a scatola<br>70%<br><br>Testata fredda<br><img decoding=\"async\" src=\"https:\/\/ipautomationinc.com\/wp-content\/uploads\/2022\/06\/machine-options_cold-heading.png\" alt=\"opzioni-macchina_direzione-fredda\"><br>scala a scatola<br>70%<br><br>Stazione antistress<br><img decoding=\"async\" src=\"https:\/\/ipautomationinc.com\/wp-content\/uploads\/2022\/06\/machine-options_stress-relieving.png\" alt=\"opzioni-macchina_allevia-stress\"><br>scala a scatola<br>70%<br><br>Ottieni i prezzi adesso!<br>icona-inoltra<br><a href=\"https:\/\/ipautomationinc.com\/it\/contattaci\/#form\">https:\/\/ipautomationinc.com\/contact-us\/#form<\/a><br>50px<br><br>Altre macchine piegatubi CNC<br><br><h4>Piegafili a testa singola<\/h4><br><br><p><hr class=\"no_line\" style=\"margin: 0 auto 0px auto\"\/>\n <a href=\"https:\/\/ipautomationinc.com\/it\/piegatrici-a-filo-cnc-a-testa-singola\/\"> <img decoding=\"async\" src=\"https:\/\/ipautomationinc.com\/wp-content\/uploads\/2023\/02\/i8-S-RGB-1.png\" alt=\"\u00e8 il formatore di filo CNC\"> <\/a> <hr class=\"no_line\" style=\"margin: 0 auto 0px auto\"\/>\n <a class=\"mfn-link mfn-link-1\" href=\"\" style=\"\" data-hover=\"\"   ><span data-hover=\"\"><\/span><\/a><\/p><br>nessuna ripetizione; in alto a sinistra;;<br>auto<br><br><h4>Piegafili 2D<\/h4><br><br><p><hr class=\"no_line\" style=\"margin: 0 auto 0px auto\"\/>\n <a href=\"https:\/\/ipautomationinc.com\/it\/serie-2d\/\"> <img decoding=\"async\" src=\"https:\/\/ipautomationinc.com\/wp-content\/uploads\/2026\/02\/i10-S-2D-2D-CNC-Wire-Bending-Machine-With-Automated-Welder.png\" alt=\"Piegafilo 2D\"> <\/a> <hr class=\"no_line\" style=\"margin: 0 auto 0px auto\"\/>\n <a class=\"mfn-link mfn-link-1\" href=\"\" style=\"\" data-hover=\"\"   ><span data-hover=\"\"><\/span><\/a><\/p><br>nessuna ripetizione; in alto a sinistra;;<br>auto<br><br><\/p>","protected":false},"excerpt":{"rendered":"<p>The i-D-SS double head 3D CNC wire bender is perfect for high volume 3D bending capability on simple listing wires.<span class=\"excerpt-hellip\"> [\u2026]<\/span><\/p>\n","protected":false},"author":3,"featured_media":0,"parent":0,"menu_order":0,"comment_status":"closed","ping_status":"closed","template":"","meta":{"footnotes":""},"class_list":["post-36683","page","type-page","status-publish","hentry"],"yoast_head":"<!-- This site is optimized with the Yoast SEO plugin v27.3 - https:\/\/yoast.com\/product\/yoast-seo-wordpress\/ -->\n<title>i-D-SS Series Double Head 3D CNC Wire Bender | IP Automation Inc<\/title>\n<meta name=\"description\" content=\"The i-D-SS double head 3D CNC bender is perfect for high volume 3D bending capability on simple listing wires.\" \/>\n<meta name=\"robots\" content=\"index, follow, max-snippet:-1, max-image-preview:large, max-video-preview:-1\" \/>\n<link rel=\"canonical\" href=\"https:\/\/ipautomationinc.com\/it\/serie-i-d-ss\/\" \/>\n<meta property=\"og:locale\" content=\"it_IT\" \/>\n<meta property=\"og:type\" content=\"article\" \/>\n<meta property=\"og:title\" content=\"i-D-SS Series Double Head 3D CNC Wire Bender | IP Automation Inc\" \/>\n<meta property=\"og:description\" content=\"The i-D-SS double head 3D CNC bender is perfect for high volume 3D bending capability on simple listing wires.\" \/>\n<meta property=\"og:url\" content=\"https:\/\/ipautomationinc.com\/it\/serie-i-d-ss\/\" \/>\n<meta property=\"og:site_name\" content=\"IP Automation Inc\" \/>\n<meta property=\"article:publisher\" content=\"https:\/\/www.facebook.com\/ipautomationinc\/\" \/>\n<meta property=\"article:modified_time\" content=\"2026-02-24T16:16:57+00:00\" \/>\n<meta property=\"og:image\" content=\"https:\/\/ipautomationinc.com\/wp-content\/uploads\/2024\/07\/i4-D-SS-RGB.png#36680\" \/>\n<script type=\"application\/ld+json\" class=\"yoast-schema-graph\">{\"@context\":\"https:\\\/\\\/schema.org\",\"@graph\":[{\"@type\":\"WebPage\",\"@id\":\"https:\\\/\\\/ipautomationinc.com\\\/i-d-ss-series\\\/\",\"url\":\"https:\\\/\\\/ipautomationinc.com\\\/i-d-ss-series\\\/\",\"name\":\"i-D-SS Series Double Head 3D CNC Wire Bender | IP Automation Inc\",\"isPartOf\":{\"@id\":\"https:\\\/\\\/ipautomationinc.com\\\/#website\"},\"primaryImageOfPage\":{\"@id\":\"https:\\\/\\\/ipautomationinc.com\\\/i-d-ss-series\\\/#primaryimage\"},\"image\":{\"@id\":\"https:\\\/\\\/ipautomationinc.com\\\/i-d-ss-series\\\/#primaryimage\"},\"thumbnailUrl\":\"https:\\\/\\\/ipautomationinc.com\\\/wp-content\\\/uploads\\\/2024\\\/07\\\/i4-D-SS-RGB.png#36680\",\"datePublished\":\"2024-07-25T20:27:56+00:00\",\"dateModified\":\"2026-02-24T16:16:57+00:00\",\"description\":\"The i-D-SS double head 3D CNC bender is perfect for high volume 3D bending capability on simple listing wires.\",\"inLanguage\":\"it-IT\",\"potentialAction\":[{\"@type\":\"ReadAction\",\"target\":[\"https:\\\/\\\/ipautomationinc.com\\\/i-d-ss-series\\\/\"]}]},{\"@type\":\"ImageObject\",\"inLanguage\":\"it-IT\",\"@id\":\"https:\\\/\\\/ipautomationinc.com\\\/i-d-ss-series\\\/#primaryimage\",\"url\":\"https:\\\/\\\/ipautomationinc.com\\\/wp-content\\\/uploads\\\/2024\\\/07\\\/i4-D-SS-RGB.png#36680\",\"contentUrl\":\"https:\\\/\\\/ipautomationinc.com\\\/wp-content\\\/uploads\\\/2024\\\/07\\\/i4-D-SS-RGB.png#36680\"},{\"@type\":\"WebSite\",\"@id\":\"https:\\\/\\\/ipautomationinc.com\\\/#website\",\"url\":\"https:\\\/\\\/ipautomationinc.com\\\/\",\"name\":\"IP Automation Inc\",\"description\":\"Concept... Creation... Reality...\",\"publisher\":{\"@id\":\"https:\\\/\\\/ipautomationinc.com\\\/#organization\"},\"potentialAction\":[{\"@type\":\"SearchAction\",\"target\":{\"@type\":\"EntryPoint\",\"urlTemplate\":\"https:\\\/\\\/ipautomationinc.com\\\/?s={search_term_string}\"},\"query-input\":{\"@type\":\"PropertyValueSpecification\",\"valueRequired\":true,\"valueName\":\"search_term_string\"}}],\"inLanguage\":\"it-IT\"},{\"@type\":\"Organization\",\"@id\":\"https:\\\/\\\/ipautomationinc.com\\\/#organization\",\"name\":\"IP Automation Inc\",\"url\":\"https:\\\/\\\/ipautomationinc.com\\\/\",\"logo\":{\"@type\":\"ImageObject\",\"inLanguage\":\"it-IT\",\"@id\":\"https:\\\/\\\/ipautomationinc.com\\\/#\\\/schema\\\/logo\\\/image\\\/\",\"url\":\"https:\\\/\\\/ipautomationinc.com\\\/wp-content\\\/uploads\\\/2022\\\/05\\\/IPA-Favicon.png\",\"contentUrl\":\"https:\\\/\\\/ipautomationinc.com\\\/wp-content\\\/uploads\\\/2022\\\/05\\\/IPA-Favicon.png\",\"width\":513,\"height\":513,\"caption\":\"IP Automation Inc\"},\"image\":{\"@id\":\"https:\\\/\\\/ipautomationinc.com\\\/#\\\/schema\\\/logo\\\/image\\\/\"},\"sameAs\":[\"https:\\\/\\\/www.facebook.com\\\/ipautomationinc\\\/\",\"https:\\\/\\\/www.linkedin.com\\\/company\\\/ip-automation-inc\\\/\",\"https:\\\/\\\/www.youtube.com\\\/@IPAutomation\"]}]}<\/script>\n<!-- \/ Yoast SEO plugin. -->","yoast_head_json":{"title":"Piegafilo CNC 3D a doppia testa serie i-D-SS | IP Automazione Inc","description":"La piegatrice CNC 3D a doppia testa iD-SS \u00e8 perfetta per capacit\u00e0 di piegatura 3D ad alto volume su fili semplici.","robots":{"index":"index","follow":"follow","max-snippet":"max-snippet:-1","max-image-preview":"max-image-preview:large","max-video-preview":"max-video-preview:-1"},"canonical":"https:\/\/ipautomationinc.com\/it\/serie-i-d-ss\/","og_locale":"it_IT","og_type":"article","og_title":"i-D-SS Series Double Head 3D CNC Wire Bender | IP Automation Inc","og_description":"The i-D-SS double head 3D CNC bender is perfect for high volume 3D bending capability on simple listing wires.","og_url":"https:\/\/ipautomationinc.com\/it\/serie-i-d-ss\/","og_site_name":"IP Automation Inc","article_publisher":"https:\/\/www.facebook.com\/ipautomationinc\/","article_modified_time":"2026-02-24T16:16:57+00:00","og_image":[{"url":"https:\/\/ipautomationinc.com\/wp-content\/uploads\/2024\/07\/i4-D-SS-RGB.png#36680","type":"","width":"","height":""}],"schema":{"@context":"https:\/\/schema.org","@graph":[{"@type":"WebPage","@id":"https:\/\/ipautomationinc.com\/i-d-ss-series\/","url":"https:\/\/ipautomationinc.com\/i-d-ss-series\/","name":"Piegafilo CNC 3D a doppia testa serie i-D-SS | IP Automazione Inc","isPartOf":{"@id":"https:\/\/ipautomationinc.com\/#website"},"primaryImageOfPage":{"@id":"https:\/\/ipautomationinc.com\/i-d-ss-series\/#primaryimage"},"image":{"@id":"https:\/\/ipautomationinc.com\/i-d-ss-series\/#primaryimage"},"thumbnailUrl":"https:\/\/ipautomationinc.com\/wp-content\/uploads\/2024\/07\/i4-D-SS-RGB.png#36680","datePublished":"2024-07-25T20:27:56+00:00","dateModified":"2026-02-24T16:16:57+00:00","description":"La piegatrice CNC 3D a doppia testa iD-SS \u00e8 perfetta per capacit\u00e0 di piegatura 3D ad alto volume su fili semplici.","inLanguage":"it-IT","potentialAction":[{"@type":"ReadAction","target":["https:\/\/ipautomationinc.com\/i-d-ss-series\/"]}]},{"@type":"ImageObject","inLanguage":"it-IT","@id":"https:\/\/ipautomationinc.com\/i-d-ss-series\/#primaryimage","url":"https:\/\/ipautomationinc.com\/wp-content\/uploads\/2024\/07\/i4-D-SS-RGB.png#36680","contentUrl":"https:\/\/ipautomationinc.com\/wp-content\/uploads\/2024\/07\/i4-D-SS-RGB.png#36680"},{"@type":"WebSite","@id":"https:\/\/ipautomationinc.com\/#website","url":"https:\/\/ipautomationinc.com\/","name":"IP Automazione Inc","description":"Concetto... Creazione... Realt\u00e0...","publisher":{"@id":"https:\/\/ipautomationinc.com\/#organization"},"potentialAction":[{"@type":"SearchAction","target":{"@type":"EntryPoint","urlTemplate":"https:\/\/ipautomationinc.com\/?s={search_term_string}"},"query-input":{"@type":"PropertyValueSpecification","valueRequired":true,"valueName":"search_term_string"}}],"inLanguage":"it-IT"},{"@type":"Organization","@id":"https:\/\/ipautomationinc.com\/#organization","name":"IP Automazione Inc","url":"https:\/\/ipautomationinc.com\/","logo":{"@type":"ImageObject","inLanguage":"it-IT","@id":"https:\/\/ipautomationinc.com\/#\/schema\/logo\/image\/","url":"https:\/\/ipautomationinc.com\/wp-content\/uploads\/2022\/05\/IPA-Favicon.png","contentUrl":"https:\/\/ipautomationinc.com\/wp-content\/uploads\/2022\/05\/IPA-Favicon.png","width":513,"height":513,"caption":"IP Automation Inc"},"image":{"@id":"https:\/\/ipautomationinc.com\/#\/schema\/logo\/image\/"},"sameAs":["https:\/\/www.facebook.com\/ipautomationinc\/","https:\/\/www.linkedin.com\/company\/ip-automation-inc\/","https:\/\/www.youtube.com\/@IPAutomation"]}]}},"_links":{"self":[{"href":"https:\/\/ipautomationinc.com\/it\/wp-json\/wp\/v2\/pages\/36683","targetHints":{"allow":["GET"]}}],"collection":[{"href":"https:\/\/ipautomationinc.com\/it\/wp-json\/wp\/v2\/pages"}],"about":[{"href":"https:\/\/ipautomationinc.com\/it\/wp-json\/wp\/v2\/types\/page"}],"author":[{"embeddable":true,"href":"https:\/\/ipautomationinc.com\/it\/wp-json\/wp\/v2\/users\/3"}],"replies":[{"embeddable":true,"href":"https:\/\/ipautomationinc.com\/it\/wp-json\/wp\/v2\/comments?post=36683"}],"version-history":[{"count":6,"href":"https:\/\/ipautomationinc.com\/it\/wp-json\/wp\/v2\/pages\/36683\/revisions"}],"predecessor-version":[{"id":39493,"href":"https:\/\/ipautomationinc.com\/it\/wp-json\/wp\/v2\/pages\/36683\/revisions\/39493"}],"wp:attachment":[{"href":"https:\/\/ipautomationinc.com\/it\/wp-json\/wp\/v2\/media?parent=36683"}],"curies":[{"name":"parola chiave","href":"https:\/\/api.w.org\/{rel}","templated":true}]}}