{"id":35632,"date":"2024-06-18T14:23:37","date_gmt":"2024-06-18T19:23:37","guid":{"rendered":"https:\/\/ipautomationinc.com\/?page_id=35632"},"modified":"2026-04-06T10:20:12","modified_gmt":"2026-04-06T15:20:12","slug":"serie-ip","status":"publish","type":"page","link":"https:\/\/ipautomationinc.com\/it\/i-p-series\/","title":{"rendered":"P Series Single Piece CNC Wire Bender"},"content":{"rendered":"<p>The P series Single Piece CNC wire bender is designed to make easy work of your challenging parts and part mixes that require versatility and flexibility for low volume applications. For low volume applications, setup and changeover is faster with fewer elements to adjust. For special materials, tubing, pre-machined rods, and end formed parts that cannot be fed from coil, the pre-cut piece loading will allow you to have incredible 3D CNC bending capability. A magazine feeding option is available for a significant increase in production and un-attended operation.<\/p>\n\n\n\n<p><span class=\"builder2seo\"><\/span>Piegatrice a filo CNC 3D monoblocco<br><br>Serie iP<br><br><img decoding=\"async\" src=\"https:\/\/ipautomationinc.com\/wp-content\/uploads\/2026\/02\/i10-S\u00b2-P-Single-Piece-3D-CNC-Wire-Bender-and-Kiosk.png#39503\" alt=\"i10-S\u00b2-P Single Piece 3D CNC Wire Bender and Kiosk\"><br>Piegafilo CNC i-S\u00b2-T<br>400px<br><br>Clicca qui per il volantino in PDF<br><a href=\"https:\/\/ipautomationinc.com\/wp-content\/uploads\/2026\/03\/i-P-Flyer.pdf\">https:\/\/ipautomationinc.com\/wp-content\/uploads\/2026\/03\/i-P-Flyer.pdf<\/a><br>fas fa-file-pdf<br>tema_pulsante<br>https:\/\/ipautomationinc.com\/wp-content\/uploads\/2026\/03\/i-P-Flyer.pdf<br><br>35673,35674,36656,36655<br>#0455B3<br>3px 3px 3px 3px<br><br><h4>La piegatrice a filo CNC monoblocco iP \u00e8 progettata per semplificare la lavorazione di pezzi complessi e combinazioni di pezzi che richiedono versatilit\u00e0 e flessibilit\u00e0 per applicazioni a basso volume.<\/h4><br><br><h4>Per le applicazioni a basso volume, l&#039;impostazione e il cambio formato sono pi\u00f9 rapidi con meno elementi da regolare.<\/h4><br><br><h4>Per materiali speciali, tubi, barre prelavorate e parti sagomate che non possono essere alimentate da coil, il caricamento del pezzo pretagliato ti consentir\u00e0 di avere un&#039;incredibile capacit\u00e0 di piegatura CNC 3D.<\/h4><br><br><h4>\u00c8 disponibile un&#039;opzione di alimentazione a caricatore per un significativo aumento della produzione e un funzionamento senza presidio. Opzione con testa a curvatura singola o doppia.<\/h4><br><br><h3>Applicazioni<\/h3><br><br><h4>Ganci di scarico, parti ad alto mix e basso volume, elementi riscaldanti e parti a circuito chiuso.<\/h4><br>#EBEBEB<br><br><img decoding=\"async\" src=\"https:\/\/ipautomationinc.com\/wp-content\/uploads\/2026\/02\/i10-S\u00b2-P-Single-Piece-3D-CNC-Wire-Bender-and-Kiosk.png#39503\" alt=\"i10-S\u00b2-P Single Piece 3D CNC Wire Bender and Kiosk\"><br>Piegafilo CNC i-S\u00b2-T<br><br>Clicca qui per il volantino in PDF<br><a href=\"https:\/\/ipautomationinc.com\/wp-content\/uploads\/2026\/03\/i-P-Flyer.pdf\">https:\/\/ipautomationinc.com\/wp-content\/uploads\/2026\/03\/i-P-Flyer.pdf<\/a><br>fas fa-file-pdf<br>tema_pulsante<br>https:\/\/ipautomationinc.com\/wp-content\/uploads\/2026\/03\/i-P-Flyer.pdf<br><br>36656,36655,35674,35673<br>#0455B3<br>3px 3px 3px 3px<br>costume<br>80%<br><br><h4>La piegatrice a filo CNC monoblocco iP \u00e8 progettata per semplificare la lavorazione di pezzi complessi e combinazioni di pezzi che richiedono versatilit\u00e0 e flessibilit\u00e0 per applicazioni a basso volume.<\/h4><br><br><h4>Per le applicazioni a basso volume, l&#039;impostazione e il cambio formato sono pi\u00f9 rapidi con meno elementi da regolare.<\/h4><br><br><h4>Per materiali speciali, tubi, barre prelavorate e parti sagomate che non possono essere alimentate da coil, il caricamento del pezzo pretagliato ti consentir\u00e0 di avere un&#039;incredibile capacit\u00e0 di piegatura CNC 3D.<\/h4><br><br><h4>\u00c8 disponibile un&#039;opzione di alimentazione a caricatore per un significativo aumento della produzione e un funzionamento senza presidio. Opzione con testa a curvatura singola o doppia.<\/h4><br><br><h3>Applicazioni<\/h3><br><br><h4>Ganci di scarico, parti ad alto mix e basso volume, elementi riscaldanti e parti a circuito chiuso<\/h4><br>#EBEBEB<br><br><br>Media<br><br>grande<br><br><br>Caratteristiche<br><br>Piegatura<br>Programmazione<br>Dettagli<br>Disposizione della macchina<br><br><br><p>Testa piegata S\u00b2 (S-quadrata).<\/p><br><br>Due teste con un massimo di 16 raggi o utensili di piegatura personalizzati<br><br>Riposizionamento su richiesta su entrambe le teste di piegatura per mandrino, punta e piegatura generata<br><br>L&#039;altezza della testa di piegatura servocontrollata consente l&#039;utensileria multistrato<br><br>La piegatura fuori sequenza \u00e8 possibile con il posizionamento assoluto della testa di piegatura<br><br>Il design modulare degli utensili consente una facile sostituzione del perno di piegatura<br><br>Il posizionamento fuori piano consente l&#039;uso di strumenti di piegatura dei tubi e una piegatura a mandrino rapida e precisa<br><br><p>Meccanismo di bloccaggio cavo e guida retrattile<\/p><br><br>La morsa cava afferra pneumaticamente il materiale e consente il movimento controllato dell&#039;asse X verso la testa di piegatura<br><br>Le parti possono essere molti metri pi\u00f9 lunghe della macchina se adeguatamente supportate<br><br>La testa di piegatura pu\u00f2 tenere ferma la parte, mentre i morsetti tornano indietro per riprendere la presa<br><br>La guida retrattile fornisce supporto durante l&#039;alimentazione e la piegatura e si sposta per consentire alla pinza mobile di spostarsi fino alla testa di piegatura<br><br><br><br><br>\t<a href=\"https:\/\/ipautomationinc.com\/it\/capacita-della-macchina\/\">Software Intellibend <\/a> sul sistema operativo Windows 10<br><br>Formato del programma CNC Lunghezza-Rotazione-Angolo<br><br>\tDashboard di produzione, con programmazione di tariffe e lotti in tempo reale<br><br>\tSchermo multitouch da 18,5\u201d integrato con PC industriale<br><br>\tConnettivit\u00e0 remota tramite tunnel VPN<br><br>\tProtocollo OPC-UA per l&#039;industria 4.0<br><br>Sono disponibili funzioni I\/O personalizzate<br><br><p>Centro di controllo del chiosco<\/p><br><br>L&#039;unit\u00e0 di controllo del chiosco ospita il computer con il software Intellibend e l&#039;arresto di emergenza<br><br>Fornisce un posizionamento flessibile per una variet\u00e0 di configurazioni di celle<br><br>Consente maggiore spazio se viene utilizzata l&#039;alimentazione di una rivista<br><br><br><br>\t<br><br><br>Superficie della matrice riaffilabile<br><br>Possibilit\u00e0 di formazione in loco<br><br>Possibilit\u00e0 di integrazione robotica<br><div class=\"image_frame image_item scale-with-grid element_classes no_border hover-disable mfn-img-box\"  role=\"link\" aria-label=\"Immagine con collegamenti\" tabindex=\"0\"><div class=\"image_wrapper\"><a href=\"https:\/\/ipautomationinc.com\/wp-content\/uploads\/2024\/02\/i10-S\u00b2-T-layout.jpg\" rel=\"prettyphoto\"   class=\"\"  tabindex=\"-1\" title=\"\"><div class=\"mask\"><\/div><img decoding=\"async\" class=\"scale-with-grid\" src=\"https:\/\/ipautomationinc.com\/wp-content\/uploads\/2024\/02\/i10-S\u00b2-T-layout.jpg\" fetchpriority=\"high\" alt=\"Disposizione i10-S\u00b2-T\" title=\"\" width=\"300\" height=\"901\" style=\"\"\/><\/a><div class=\"image_links\"><a href=\"https:\/\/ipautomationinc.com\/wp-content\/uploads\/2024\/02\/i10-S\u00b2-T-layout.jpg\" class=\"zoom\" rel=\"prettyphoto\" tabindex=\"-1\" aria-label=\"ingrandire l&#039;immagine\" title=\"\"><svg viewbox=\"0 0 26 26\"><defs><style>.path{fill:none;stroke:#333;stroke-miterlimit:10;stroke-width:1.5px;}<\/style><\/defs><circle cx=\"11.35\" cy=\"11.35\" r=\"6\" class=\"path\"\/><line x1=\"15.59\" y1=\"15.59\" x2=\"20.65\" y2=\"20.65\" class=\"path\"\/><\/svg><\/a><\/div><\/div><p class=\"wp-caption-text\">Disposizione i-S\u00b2-T<\/p><\/div>\n<br>#EBEBEB<br>#222222<br><br><br>Specifiche<br><br><br><br><p>*La capacit\u00e0 del diametro minimo e massimo \u00e8 influenzata dalla resa a trazione del filo. Contattaci per chiarimenti sulla portata min\/max per il tuo tipo di filo.<\/p><br><br>Ottieni i prezzi adesso!<br>icona-inoltra<br><a href=\"https:\/\/ipautomationinc.com\/it\/contattaci\/#form\">https:\/\/ipautomationinc.com\/contact-us\/#form<\/a><br>50px<br><br>Altre macchine piegatubi CNC<br><br><h4>Piegafili a testa singola<\/h4><br><br><p><hr class=\"no_line\" style=\"margin: 0 auto 0px auto\"\/>\n <a href=\"https:\/\/ipautomationinc.com\/it\/piegatrici-a-filo-cnc-a-testa-singola\/\"> <img decoding=\"async\" src=\"https:\/\/ipautomationinc.com\/wp-content\/uploads\/2023\/02\/i8-S-RGB-1.png\" alt=\"\u00e8 il formatore di filo CNC\"> <\/a> <hr class=\"no_line\" style=\"margin: 0 auto 0px auto\"\/>\n <a class=\"mfn-link mfn-link-1\" href=\"\" style=\"\" data-hover=\"\"   ><span data-hover=\"\"><\/span><\/a><\/p><br>nessuna ripetizione; in alto a sinistra;;<br>auto<br><br><h4>Piegafili a doppia testa<\/h4><br><br><p><hr class=\"no_line\" style=\"margin: 0 auto 0px auto\"\/>\n <a href=\"https:\/\/ipautomationinc.com\/it\/piegafili-a-doppia-testa-cnc\/\"> <img decoding=\"async\" src=\"https:\/\/ipautomationinc.com\/wp-content\/uploads\/2024\/07\/i8-D-double-head-1.png\" alt=\"\"> <\/a> <hr class=\"no_line\" style=\"margin: 0 auto 0px auto\"\/>\n <a class=\"mfn-link mfn-link-1\" href=\"\" style=\"\" data-hover=\"\"   ><span data-hover=\"\"><\/span><\/a><\/p><br>nessuna ripetizione; in alto a sinistra;;<br>auto<br><br><h4>Piegafili 2D<\/h4><br><br><p><hr class=\"no_line\" style=\"margin: 0 auto 0px auto\"\/>\n <a href=\"https:\/\/ipautomationinc.com\/it\/serie-2d\/\"> <img decoding=\"async\" src=\"https:\/\/ipautomationinc.com\/wp-content\/uploads\/2026\/02\/i10-S-2D-2D-CNC-Wire-Bending-Machine-With-Automated-Welder.png\" alt=\"Piegatrice per fili CNC 2D\"> <\/a> <hr class=\"no_line\" style=\"margin: 0 auto 0px auto\"\/>\n <a class=\"mfn-link mfn-link-1\" href=\"\" style=\"\" data-hover=\"\"   ><span data-hover=\"\"><\/span><\/a><\/p><br>nessuna ripetizione; in alto a sinistra;;<br>auto<br><br><\/p>","protected":false},"excerpt":{"rendered":"<p>The P series Single Piece CNC wire bender is designed to make easy work of your challenging parts and part<span class=\"excerpt-hellip\"> [\u2026]<\/span><\/p>\n","protected":false},"author":3,"featured_media":0,"parent":0,"menu_order":0,"comment_status":"closed","ping_status":"closed","template":"","meta":{"footnotes":""},"class_list":["post-35632","page","type-page","status-publish","hentry"],"yoast_head":"<!-- This site is optimized with the Yoast SEO plugin v27.4 - https:\/\/yoast.com\/product\/yoast-seo-wordpress\/ -->\n<title>P Series Single Piece CNC Wire Bender | IP Automation Inc<\/title>\n<meta name=\"description\" content=\"The P series single piece CNC wire bender is designed to make easy work of your challenging parts and part mixes that require versatility and flexibility.\" \/>\n<meta name=\"robots\" content=\"index, follow, max-snippet:-1, max-image-preview:large, max-video-preview:-1\" \/>\n<link rel=\"canonical\" href=\"https:\/\/ipautomationinc.com\/it\/serie-ip\/\" \/>\n<meta property=\"og:locale\" content=\"it_IT\" \/>\n<meta property=\"og:type\" content=\"article\" \/>\n<meta property=\"og:title\" content=\"P Series Single Piece CNC Wire Bender | IP Automation Inc\" \/>\n<meta property=\"og:description\" content=\"The P series single piece CNC wire bender is designed to make easy work of your challenging parts and part mixes that require versatility and flexibility.\" \/>\n<meta property=\"og:url\" content=\"https:\/\/ipautomationinc.com\/it\/serie-ip\/\" \/>\n<meta property=\"og:site_name\" content=\"IP Automation Inc\" \/>\n<meta property=\"article:publisher\" content=\"https:\/\/www.facebook.com\/ipautomationinc\/\" \/>\n<meta property=\"article:modified_time\" content=\"2026-04-06T15:20:12+00:00\" \/>\n<meta property=\"og:image\" content=\"https:\/\/ipautomationinc.com\/wp-content\/uploads\/2023\/02\/i8-S-RGB-1.png\" \/>\n<script type=\"application\/ld+json\" class=\"yoast-schema-graph\">{\"@context\":\"https:\\\/\\\/schema.org\",\"@graph\":[{\"@type\":\"WebPage\",\"@id\":\"https:\\\/\\\/ipautomationinc.com\\\/i-p-series\\\/\",\"url\":\"https:\\\/\\\/ipautomationinc.com\\\/i-p-series\\\/\",\"name\":\"P Series Single Piece CNC Wire Bender | IP Automation Inc\",\"isPartOf\":{\"@id\":\"https:\\\/\\\/ipautomationinc.com\\\/#website\"},\"primaryImageOfPage\":{\"@id\":\"https:\\\/\\\/ipautomationinc.com\\\/i-p-series\\\/#primaryimage\"},\"image\":{\"@id\":\"https:\\\/\\\/ipautomationinc.com\\\/i-p-series\\\/#primaryimage\"},\"thumbnailUrl\":\"https:\\\/\\\/ipautomationinc.com\\\/wp-content\\\/uploads\\\/2023\\\/02\\\/i8-S-RGB-1.png\",\"datePublished\":\"2024-06-18T19:23:37+00:00\",\"dateModified\":\"2026-04-06T15:20:12+00:00\",\"description\":\"The P series single piece CNC wire bender is designed to make easy work of your challenging parts and part mixes that require versatility and flexibility.\",\"inLanguage\":\"it-IT\",\"potentialAction\":[{\"@type\":\"ReadAction\",\"target\":[\"https:\\\/\\\/ipautomationinc.com\\\/i-p-series\\\/\"]}]},{\"@type\":\"ImageObject\",\"inLanguage\":\"it-IT\",\"@id\":\"https:\\\/\\\/ipautomationinc.com\\\/i-p-series\\\/#primaryimage\",\"url\":\"https:\\\/\\\/ipautomationinc.com\\\/wp-content\\\/uploads\\\/2023\\\/02\\\/i8-S-RGB-1.png\",\"contentUrl\":\"https:\\\/\\\/ipautomationinc.com\\\/wp-content\\\/uploads\\\/2023\\\/02\\\/i8-S-RGB-1.png\"},{\"@type\":\"WebSite\",\"@id\":\"https:\\\/\\\/ipautomationinc.com\\\/#website\",\"url\":\"https:\\\/\\\/ipautomationinc.com\\\/\",\"name\":\"IP Automation Inc\",\"description\":\"Concept... Creation... Reality...\",\"publisher\":{\"@id\":\"https:\\\/\\\/ipautomationinc.com\\\/#organization\"},\"potentialAction\":[{\"@type\":\"SearchAction\",\"target\":{\"@type\":\"EntryPoint\",\"urlTemplate\":\"https:\\\/\\\/ipautomationinc.com\\\/?s={search_term_string}\"},\"query-input\":{\"@type\":\"PropertyValueSpecification\",\"valueRequired\":true,\"valueName\":\"search_term_string\"}}],\"inLanguage\":\"it-IT\"},{\"@type\":\"Organization\",\"@id\":\"https:\\\/\\\/ipautomationinc.com\\\/#organization\",\"name\":\"IP Automation Inc\",\"url\":\"https:\\\/\\\/ipautomationinc.com\\\/\",\"logo\":{\"@type\":\"ImageObject\",\"inLanguage\":\"it-IT\",\"@id\":\"https:\\\/\\\/ipautomationinc.com\\\/#\\\/schema\\\/logo\\\/image\\\/\",\"url\":\"https:\\\/\\\/ipautomationinc.com\\\/wp-content\\\/uploads\\\/2022\\\/05\\\/IPA-Favicon.png\",\"contentUrl\":\"https:\\\/\\\/ipautomationinc.com\\\/wp-content\\\/uploads\\\/2022\\\/05\\\/IPA-Favicon.png\",\"width\":513,\"height\":513,\"caption\":\"IP Automation Inc\"},\"image\":{\"@id\":\"https:\\\/\\\/ipautomationinc.com\\\/#\\\/schema\\\/logo\\\/image\\\/\"},\"sameAs\":[\"https:\\\/\\\/www.facebook.com\\\/ipautomationinc\\\/\",\"https:\\\/\\\/www.linkedin.com\\\/company\\\/ip-automation-inc\\\/\",\"https:\\\/\\\/www.youtube.com\\\/@IPAutomation\"]}]}<\/script>\n<!-- \/ Yoast SEO plugin. -->","yoast_head_json":{"title":"Curvatrice per fili CNC monoblocco serie P | IP Automation Inc.","description":"La piegatrice a filo CNC monoblocco serie P \u00e8 progettata per semplificare la lavorazione di pezzi complessi e combinazioni di pezzi che richiedono versatilit\u00e0 e flessibilit\u00e0.","robots":{"index":"index","follow":"follow","max-snippet":"max-snippet:-1","max-image-preview":"max-image-preview:large","max-video-preview":"max-video-preview:-1"},"canonical":"https:\/\/ipautomationinc.com\/it\/serie-ip\/","og_locale":"it_IT","og_type":"article","og_title":"P Series Single Piece CNC Wire Bender | IP Automation Inc","og_description":"The P series single piece CNC wire bender is designed to make easy work of your challenging parts and part mixes that require versatility and flexibility.","og_url":"https:\/\/ipautomationinc.com\/it\/serie-ip\/","og_site_name":"IP Automation Inc","article_publisher":"https:\/\/www.facebook.com\/ipautomationinc\/","article_modified_time":"2026-04-06T15:20:12+00:00","og_image":[{"url":"https:\/\/ipautomationinc.com\/wp-content\/uploads\/2023\/02\/i8-S-RGB-1.png","type":"","width":"","height":""}],"schema":{"@context":"https:\/\/schema.org","@graph":[{"@type":"WebPage","@id":"https:\/\/ipautomationinc.com\/i-p-series\/","url":"https:\/\/ipautomationinc.com\/i-p-series\/","name":"Curvatrice per fili CNC monoblocco serie P | IP Automation Inc.","isPartOf":{"@id":"https:\/\/ipautomationinc.com\/#website"},"primaryImageOfPage":{"@id":"https:\/\/ipautomationinc.com\/i-p-series\/#primaryimage"},"image":{"@id":"https:\/\/ipautomationinc.com\/i-p-series\/#primaryimage"},"thumbnailUrl":"https:\/\/ipautomationinc.com\/wp-content\/uploads\/2023\/02\/i8-S-RGB-1.png","datePublished":"2024-06-18T19:23:37+00:00","dateModified":"2026-04-06T15:20:12+00:00","description":"La piegatrice a filo CNC monoblocco serie P \u00e8 progettata per semplificare la lavorazione di pezzi complessi e combinazioni di pezzi che richiedono versatilit\u00e0 e flessibilit\u00e0.","inLanguage":"it-IT","potentialAction":[{"@type":"ReadAction","target":["https:\/\/ipautomationinc.com\/i-p-series\/"]}]},{"@type":"ImageObject","inLanguage":"it-IT","@id":"https:\/\/ipautomationinc.com\/i-p-series\/#primaryimage","url":"https:\/\/ipautomationinc.com\/wp-content\/uploads\/2023\/02\/i8-S-RGB-1.png","contentUrl":"https:\/\/ipautomationinc.com\/wp-content\/uploads\/2023\/02\/i8-S-RGB-1.png"},{"@type":"WebSite","@id":"https:\/\/ipautomationinc.com\/#website","url":"https:\/\/ipautomationinc.com\/","name":"IP Automazione Inc","description":"Concetto... Creazione... Realt\u00e0...","publisher":{"@id":"https:\/\/ipautomationinc.com\/#organization"},"potentialAction":[{"@type":"SearchAction","target":{"@type":"EntryPoint","urlTemplate":"https:\/\/ipautomationinc.com\/?s={search_term_string}"},"query-input":{"@type":"PropertyValueSpecification","valueRequired":true,"valueName":"search_term_string"}}],"inLanguage":"it-IT"},{"@type":"Organization","@id":"https:\/\/ipautomationinc.com\/#organization","name":"IP Automazione Inc","url":"https:\/\/ipautomationinc.com\/","logo":{"@type":"ImageObject","inLanguage":"it-IT","@id":"https:\/\/ipautomationinc.com\/#\/schema\/logo\/image\/","url":"https:\/\/ipautomationinc.com\/wp-content\/uploads\/2022\/05\/IPA-Favicon.png","contentUrl":"https:\/\/ipautomationinc.com\/wp-content\/uploads\/2022\/05\/IPA-Favicon.png","width":513,"height":513,"caption":"IP Automation Inc"},"image":{"@id":"https:\/\/ipautomationinc.com\/#\/schema\/logo\/image\/"},"sameAs":["https:\/\/www.facebook.com\/ipautomationinc\/","https:\/\/www.linkedin.com\/company\/ip-automation-inc\/","https:\/\/www.youtube.com\/@IPAutomation"]}]}},"_links":{"self":[{"href":"https:\/\/ipautomationinc.com\/it\/wp-json\/wp\/v2\/pages\/35632","targetHints":{"allow":["GET"]}}],"collection":[{"href":"https:\/\/ipautomationinc.com\/it\/wp-json\/wp\/v2\/pages"}],"about":[{"href":"https:\/\/ipautomationinc.com\/it\/wp-json\/wp\/v2\/types\/page"}],"author":[{"embeddable":true,"href":"https:\/\/ipautomationinc.com\/it\/wp-json\/wp\/v2\/users\/3"}],"replies":[{"embeddable":true,"href":"https:\/\/ipautomationinc.com\/it\/wp-json\/wp\/v2\/comments?post=35632"}],"version-history":[{"count":9,"href":"https:\/\/ipautomationinc.com\/it\/wp-json\/wp\/v2\/pages\/35632\/revisions"}],"predecessor-version":[{"id":39657,"href":"https:\/\/ipautomationinc.com\/it\/wp-json\/wp\/v2\/pages\/35632\/revisions\/39657"}],"wp:attachment":[{"href":"https:\/\/ipautomationinc.com\/it\/wp-json\/wp\/v2\/media?parent=35632"}],"curies":[{"name":"parola chiave","href":"https:\/\/api.w.org\/{rel}","templated":true}]}}