{"id":35629,"date":"2024-08-06T14:09:05","date_gmt":"2024-08-06T19:09:05","guid":{"rendered":"https:\/\/ipautomationinc.com\/?page_id=35629"},"modified":"2024-08-14T20:53:58","modified_gmt":"2024-08-14T20:53:58","slug":"pressa-per-crimpatura","status":"publish","type":"page","link":"https:\/\/ipautomationinc.com\/it\/accessories\/crimping-press\/","title":{"rendered":"Pressa per crimpatura"},"content":{"rendered":"<p><\/p>\n\n\n\n<p>&gt;torna agli accessori<br>h2<br><a href=\"https:\/\/ipautomationinc.com\/it\/accessori\/\">https:\/\/ipautomationinc.com\/accessories\/<\/a><br>centro centro<br>Sinistra<br>#949494<br>nascondere<br><br>Pressa per crimpatura<br>h1<br>centro centro<br>Sinistra<br>nascondere<br><br><img decoding=\"async\" src=\"https:\/\/ipautomationinc.com\/wp-content\/uploads\/2024\/01\/crimping-press-icon.png#35637\" alt=\"crimping press icon\"><br>pieno<br>contenere<br>centro centro<br>nascondere<br><br><h4>Our automated crimping press is a revolution in seat border wire production. Paired exclusively with our double head bender and Intellimate robots, it eliminates manual labor in crimping border wire ends.<\/h4><br><br><h4>We pioneered a new clip design, available in reels, and engineered a custom servo press unit that seamlessly integrates with our robotic systems. This innovation is critical as the industry adopts smaller diameter, higher tensile steels for border wires, where traditional welding methods can falter due to reliability and brittleness issues.<\/h4><br><br><h4>La nostra pressa di crimpatura servoassistita esemplifica il nostro impegno nel combinare tecnologia all&#039;avanguardia con soluzioni innovative, garantendo affidabilit\u00e0 ed efficienza nei moderni processi di formatura dei fili. La nostra automazione di piegatura e pressatura \u00e8 utilizzata nella produzione dei sedili per veicoli con il volume pi\u00f9 elevato venduto negli Stati Uniti.<\/h4><br>#000000<br><br>36675,36669,36670<br>pieno<br>3<br>solido<br>sovrapposizione_didascalia_img<br>nascondere<br><br>10<br>nascondere<br><br>Media<br>h3<br>centro centro<br>centro<br>nascondere<br><br>990773937<br>contenere<br>centro centro<br>nascondere<br><br>10<br>nascondere<br><br>Caratteristiche<br>h3<br>centro centro<br>centro<br>nascondere<br><br>Caratteristiche principali<br><br><br>4, 5, and 6mm wire diameter crimping capability<br><br>Exclusively sold with i-D series machine and intellimate robot package<br><br>Innovative IP Automation designed crimp, available through Hartco<br><br>Alimentazione tramite pannello robot<br><br><br>centro<br>#EBEBEB<br>#222222<br>nascondere<br><br><\/p>","protected":false},"excerpt":{"rendered":"<p>>back to accessoriesh2https:\/\/ipautomationinc.com\/accessories\/center centerleft#949494hide Crimping Pressh1center centerlefthide fullcontaincenter centerhide Our automated crimping press is a revolution in seat border wire<span class=\"excerpt-hellip\"> [\u2026]<\/span><\/p>\n","protected":false},"author":3,"featured_media":0,"parent":7745,"menu_order":0,"comment_status":"closed","ping_status":"closed","template":"","meta":{"footnotes":""},"class_list":["post-35629","page","type-page","status-publish","hentry"],"yoast_head":"<!-- This site is optimized with the Yoast SEO plugin v27.3 - https:\/\/yoast.com\/product\/yoast-seo-wordpress\/ -->\n<title>Crimping Press | IP Automation Inc<\/title>\n<meta name=\"description\" content=\"Our automated crimping press is a revolution in seat border wire production. Paired exclusively with our double head bender.\" \/>\n<meta name=\"robots\" content=\"index, follow, max-snippet:-1, max-image-preview:large, max-video-preview:-1\" \/>\n<link rel=\"canonical\" href=\"https:\/\/ipautomationinc.com\/it\/accessori\/pressa-per-crimpatura\/\" \/>\n<meta property=\"og:locale\" content=\"it_IT\" \/>\n<meta property=\"og:type\" content=\"article\" \/>\n<meta property=\"og:title\" content=\"Crimping Press | IP Automation Inc\" \/>\n<meta property=\"og:description\" content=\"Our automated crimping press is a revolution in seat border wire production. Paired exclusively with our double head bender.\" \/>\n<meta property=\"og:url\" content=\"https:\/\/ipautomationinc.com\/it\/accessori\/pressa-per-crimpatura\/\" \/>\n<meta property=\"og:site_name\" content=\"IP Automation Inc\" \/>\n<meta property=\"article:publisher\" content=\"https:\/\/www.facebook.com\/ipautomationinc\/\" \/>\n<meta property=\"article:modified_time\" content=\"2024-08-14T20:53:58+00:00\" \/>\n<meta property=\"og:image\" content=\"https:\/\/ipautomationinc.com\/wp-content\/uploads\/2024\/01\/crimping-press-icon.png#35637\" \/>\n<script type=\"application\/ld+json\" class=\"yoast-schema-graph\">{\"@context\":\"https:\\\/\\\/schema.org\",\"@graph\":[{\"@type\":\"WebPage\",\"@id\":\"https:\\\/\\\/ipautomationinc.com\\\/accessories\\\/crimping-press\\\/\",\"url\":\"https:\\\/\\\/ipautomationinc.com\\\/accessories\\\/crimping-press\\\/\",\"name\":\"Crimping Press | IP Automation Inc\",\"isPartOf\":{\"@id\":\"https:\\\/\\\/ipautomationinc.com\\\/#website\"},\"primaryImageOfPage\":{\"@id\":\"https:\\\/\\\/ipautomationinc.com\\\/accessories\\\/crimping-press\\\/#primaryimage\"},\"image\":{\"@id\":\"https:\\\/\\\/ipautomationinc.com\\\/accessories\\\/crimping-press\\\/#primaryimage\"},\"thumbnailUrl\":\"https:\\\/\\\/ipautomationinc.com\\\/wp-content\\\/uploads\\\/2024\\\/01\\\/crimping-press-icon.png#35637\",\"datePublished\":\"2024-08-06T19:09:05+00:00\",\"dateModified\":\"2024-08-14T20:53:58+00:00\",\"description\":\"Our automated crimping press is a revolution in seat border wire production. Paired exclusively with our double head bender.\",\"breadcrumb\":{\"@id\":\"https:\\\/\\\/ipautomationinc.com\\\/accessories\\\/crimping-press\\\/#breadcrumb\"},\"inLanguage\":\"it-IT\",\"potentialAction\":[{\"@type\":\"ReadAction\",\"target\":[\"https:\\\/\\\/ipautomationinc.com\\\/accessories\\\/crimping-press\\\/\"]}]},{\"@type\":\"ImageObject\",\"inLanguage\":\"it-IT\",\"@id\":\"https:\\\/\\\/ipautomationinc.com\\\/accessories\\\/crimping-press\\\/#primaryimage\",\"url\":\"https:\\\/\\\/ipautomationinc.com\\\/wp-content\\\/uploads\\\/2024\\\/01\\\/crimping-press-icon.png#35637\",\"contentUrl\":\"https:\\\/\\\/ipautomationinc.com\\\/wp-content\\\/uploads\\\/2024\\\/01\\\/crimping-press-icon.png#35637\"},{\"@type\":\"BreadcrumbList\",\"@id\":\"https:\\\/\\\/ipautomationinc.com\\\/accessories\\\/crimping-press\\\/#breadcrumb\",\"itemListElement\":[{\"@type\":\"ListItem\",\"position\":1,\"name\":\"Accessories\",\"item\":\"https:\\\/\\\/ipautomationinc.com\\\/accessories\\\/\"},{\"@type\":\"ListItem\",\"position\":2,\"name\":\"Crimping Press\"}]},{\"@type\":\"WebSite\",\"@id\":\"https:\\\/\\\/ipautomationinc.com\\\/#website\",\"url\":\"https:\\\/\\\/ipautomationinc.com\\\/\",\"name\":\"IP Automation Inc\",\"description\":\"Concept... Creation... Reality...\",\"publisher\":{\"@id\":\"https:\\\/\\\/ipautomationinc.com\\\/#organization\"},\"potentialAction\":[{\"@type\":\"SearchAction\",\"target\":{\"@type\":\"EntryPoint\",\"urlTemplate\":\"https:\\\/\\\/ipautomationinc.com\\\/?s={search_term_string}\"},\"query-input\":{\"@type\":\"PropertyValueSpecification\",\"valueRequired\":true,\"valueName\":\"search_term_string\"}}],\"inLanguage\":\"it-IT\"},{\"@type\":\"Organization\",\"@id\":\"https:\\\/\\\/ipautomationinc.com\\\/#organization\",\"name\":\"IP Automation Inc\",\"url\":\"https:\\\/\\\/ipautomationinc.com\\\/\",\"logo\":{\"@type\":\"ImageObject\",\"inLanguage\":\"it-IT\",\"@id\":\"https:\\\/\\\/ipautomationinc.com\\\/#\\\/schema\\\/logo\\\/image\\\/\",\"url\":\"https:\\\/\\\/ipautomationinc.com\\\/wp-content\\\/uploads\\\/2022\\\/05\\\/IPA-Favicon.png\",\"contentUrl\":\"https:\\\/\\\/ipautomationinc.com\\\/wp-content\\\/uploads\\\/2022\\\/05\\\/IPA-Favicon.png\",\"width\":513,\"height\":513,\"caption\":\"IP Automation Inc\"},\"image\":{\"@id\":\"https:\\\/\\\/ipautomationinc.com\\\/#\\\/schema\\\/logo\\\/image\\\/\"},\"sameAs\":[\"https:\\\/\\\/www.facebook.com\\\/ipautomationinc\\\/\",\"https:\\\/\\\/www.linkedin.com\\\/company\\\/ip-automation-inc\\\/\",\"https:\\\/\\\/www.youtube.com\\\/@IPAutomation\"]}]}<\/script>\n<!-- \/ Yoast SEO plugin. -->","yoast_head_json":{"title":"Pressa per crimpatura | IP Automation Inc","description":"La nostra pressa crimpatrice automatizzata \u00e8 una rivoluzione nella produzione di fili per bordi di sedili. Abbinata esclusivamente alla nostra piegatrice a doppia testa.","robots":{"index":"index","follow":"follow","max-snippet":"max-snippet:-1","max-image-preview":"max-image-preview:large","max-video-preview":"max-video-preview:-1"},"canonical":"https:\/\/ipautomationinc.com\/it\/accessori\/pressa-per-crimpatura\/","og_locale":"it_IT","og_type":"article","og_title":"Crimping Press | IP Automation Inc","og_description":"Our automated crimping press is a revolution in seat border wire production. Paired exclusively with our double head bender.","og_url":"https:\/\/ipautomationinc.com\/it\/accessori\/pressa-per-crimpatura\/","og_site_name":"IP Automation Inc","article_publisher":"https:\/\/www.facebook.com\/ipautomationinc\/","article_modified_time":"2024-08-14T20:53:58+00:00","og_image":[{"url":"https:\/\/ipautomationinc.com\/wp-content\/uploads\/2024\/01\/crimping-press-icon.png#35637","type":"","width":"","height":""}],"schema":{"@context":"https:\/\/schema.org","@graph":[{"@type":"WebPage","@id":"https:\/\/ipautomationinc.com\/accessories\/crimping-press\/","url":"https:\/\/ipautomationinc.com\/accessories\/crimping-press\/","name":"Pressa per crimpatura | IP Automation Inc","isPartOf":{"@id":"https:\/\/ipautomationinc.com\/#website"},"primaryImageOfPage":{"@id":"https:\/\/ipautomationinc.com\/accessories\/crimping-press\/#primaryimage"},"image":{"@id":"https:\/\/ipautomationinc.com\/accessories\/crimping-press\/#primaryimage"},"thumbnailUrl":"https:\/\/ipautomationinc.com\/wp-content\/uploads\/2024\/01\/crimping-press-icon.png#35637","datePublished":"2024-08-06T19:09:05+00:00","dateModified":"2024-08-14T20:53:58+00:00","description":"La nostra pressa crimpatrice automatizzata \u00e8 una rivoluzione nella produzione di fili per bordi di sedili. Abbinata esclusivamente alla nostra piegatrice a doppia testa.","breadcrumb":{"@id":"https:\/\/ipautomationinc.com\/accessories\/crimping-press\/#breadcrumb"},"inLanguage":"it-IT","potentialAction":[{"@type":"ReadAction","target":["https:\/\/ipautomationinc.com\/accessories\/crimping-press\/"]}]},{"@type":"ImageObject","inLanguage":"it-IT","@id":"https:\/\/ipautomationinc.com\/accessories\/crimping-press\/#primaryimage","url":"https:\/\/ipautomationinc.com\/wp-content\/uploads\/2024\/01\/crimping-press-icon.png#35637","contentUrl":"https:\/\/ipautomationinc.com\/wp-content\/uploads\/2024\/01\/crimping-press-icon.png#35637"},{"@type":"BreadcrumbList","@id":"https:\/\/ipautomationinc.com\/accessories\/crimping-press\/#breadcrumb","itemListElement":[{"@type":"ListItem","position":1,"name":"Accessories","item":"https:\/\/ipautomationinc.com\/accessories\/"},{"@type":"ListItem","position":2,"name":"Crimping Press"}]},{"@type":"WebSite","@id":"https:\/\/ipautomationinc.com\/#website","url":"https:\/\/ipautomationinc.com\/","name":"IP Automazione Inc","description":"Concetto... Creazione... Realt\u00e0...","publisher":{"@id":"https:\/\/ipautomationinc.com\/#organization"},"potentialAction":[{"@type":"SearchAction","target":{"@type":"EntryPoint","urlTemplate":"https:\/\/ipautomationinc.com\/?s={search_term_string}"},"query-input":{"@type":"PropertyValueSpecification","valueRequired":true,"valueName":"search_term_string"}}],"inLanguage":"it-IT"},{"@type":"Organization","@id":"https:\/\/ipautomationinc.com\/#organization","name":"IP Automazione Inc","url":"https:\/\/ipautomationinc.com\/","logo":{"@type":"ImageObject","inLanguage":"it-IT","@id":"https:\/\/ipautomationinc.com\/#\/schema\/logo\/image\/","url":"https:\/\/ipautomationinc.com\/wp-content\/uploads\/2022\/05\/IPA-Favicon.png","contentUrl":"https:\/\/ipautomationinc.com\/wp-content\/uploads\/2022\/05\/IPA-Favicon.png","width":513,"height":513,"caption":"IP Automation Inc"},"image":{"@id":"https:\/\/ipautomationinc.com\/#\/schema\/logo\/image\/"},"sameAs":["https:\/\/www.facebook.com\/ipautomationinc\/","https:\/\/www.linkedin.com\/company\/ip-automation-inc\/","https:\/\/www.youtube.com\/@IPAutomation"]}]}},"_links":{"self":[{"href":"https:\/\/ipautomationinc.com\/it\/wp-json\/wp\/v2\/pages\/35629","targetHints":{"allow":["GET"]}}],"collection":[{"href":"https:\/\/ipautomationinc.com\/it\/wp-json\/wp\/v2\/pages"}],"about":[{"href":"https:\/\/ipautomationinc.com\/it\/wp-json\/wp\/v2\/types\/page"}],"author":[{"embeddable":true,"href":"https:\/\/ipautomationinc.com\/it\/wp-json\/wp\/v2\/users\/3"}],"replies":[{"embeddable":true,"href":"https:\/\/ipautomationinc.com\/it\/wp-json\/wp\/v2\/comments?post=35629"}],"version-history":[{"count":1,"href":"https:\/\/ipautomationinc.com\/it\/wp-json\/wp\/v2\/pages\/35629\/revisions"}],"predecessor-version":[{"id":36737,"href":"https:\/\/ipautomationinc.com\/it\/wp-json\/wp\/v2\/pages\/35629\/revisions\/36737"}],"up":[{"embeddable":true,"href":"https:\/\/ipautomationinc.com\/it\/wp-json\/wp\/v2\/pages\/7745"}],"wp:attachment":[{"href":"https:\/\/ipautomationinc.com\/it\/wp-json\/wp\/v2\/media?parent=35629"}],"curies":[{"name":"parola chiave","href":"https:\/\/api.w.org\/{rel}","templated":true}]}}