{"id":32686,"date":"2026-02-10T16:33:39","date_gmt":"2026-02-10T22:33:39","guid":{"rendered":"https:\/\/ipautomationinc.com\/?page_id=32686"},"modified":"2026-02-17T14:05:01","modified_gmt":"2026-02-17T20:05:01","slug":"carriere","status":"publish","type":"page","link":"https:\/\/ipautomationinc.com\/it\/careers\/","title":{"rendered":"Carriere"},"content":{"rendered":"<p>IP Automation Inc \u00e8 leader nel settore delle macchine piegatrici CNC. Progettiamo e produciamo apparecchiature di precisione utilizzate da aziende manifatturiere in diversi settori. Il nostro lavoro \u00e8 improntato a qualit\u00e0, affidabilit\u00e0 e attenzione ai dettagli. Cerchiamo persone orgogliose del proprio lavoro e desiderose di contribuire a un&#039;azienda ben gestita e in crescita. Di seguito troverete le nostre posizioni aperte e i link per candidarvi.<\/p>\n\n\n\n<p><span class=\"builder2seo\"><\/span>Carriere<br><br><p><span>IP Automation Inc \u00e8 leader nel settore delle macchine piegatrici CNC per fili. Progettiamo e produciamo apparecchiature di precisione utilizzate da aziende manifatturiere in diversi settori. Il nostro lavoro \u00e8 improntato a qualit\u00e0, affidabilit\u00e0 e attenzione ai dettagli. Cerchiamo persone orgogliose del proprio lavoro e desiderose di contribuire a un&#039;azienda ben gestita e in crescita.<\/span><\/p><br><br><p><span>Di seguito troverete le nostre attuali posizioni aperte e i link per candidarvi.<\/span><\/p><br><br>Tecnico di ingegneria<br><br><br><p>Responsabile dello sviluppo e del collaudo di soluzioni per risolvere problemi tecnici nella ricerca e sviluppo di macchine piegatrici automatiche e sistemi di assemblaggio robotizzati. Assiste gli ingegneri, ispeziona i prodotti, esegue test e verifica che le apparecchiature siano conformi alle specifiche.<\/p><br><br>Responsabilit\u00e0 primarie<br>Esperienza<br>Istruzione<br><br><br>Creare soluzioni a problemi tecnici complessi in una variet\u00e0 di settori<br><br>Assistere gli ingegneri e il team di vendita nella creazione, modifica e proposta di prodotti e processi<br><br>Assistere i clienti nella formazione e nel supporto tecnico<br><br>Assistere nella progettazione, nello sviluppo e nella produzione del prodotto<br><br>Costruire e installare l&#039;attrezzatura<br><br>Programmare e aiutare a supervisionare la costruzione di macchine per la formatura di fili CNC e attrezzature robotiche<br><br>Pu\u00f2 utilizzare apparecchiature di progettazione e disegno assistite da computer durante la fase di progettazione o per verificare i progetti<br><br>Testare e produrre apparecchiature elettriche ed elettroniche come quadri elettrici, assemblaggi di cavi multifilari e computer<br><br>Produrre e testare sistemi meccanici elettronici e controllati da computer<br><br>Sviluppare metodi utilizzati nella prevenzione, nel controllo o nella bonifica dei rischi ambientali<br><br>Sistemi robotici programmabili<br><br>Fino a 30% di corsa<br><br><br><br><br>Almeno 2 anni di esperienza in sistemi meccanici automatizzati o sistemi elettronici automatizzati. \u00c8 considerata anche l&#039;esperienza nel settore automobilistico.<br><br>L&#039;esperienza CNC \u00e8 un plus<br><br><br><br><br>Laurea in Ingegneria meccanica o esperienza pratica nella costruzione e risoluzione dei problemi di macchinari automatizzati<br><br><br>non ordinato<br>abilitare<br>fas fa-plus<br>fas fa-minus<br>ruotare<br>12px<br><br>Visualizza l&#039;elenco completo e fai domanda<br><a href=\"https:\/\/www.indeed.com\/viewjob?jk=08578505451981bb&amp;from=shareddesktop_copy\">https:\/\/www.indeed.com\/viewjob?jk=08578505451981bb&amp;from=shareddesktop_copy<\/a><br>tema_pulsante<br><br>Operatore CNC \/ Programmatore 1\u00b0 turno<br><br><br><p>Farai parte del team che si occupa di far andare avanti la produzione: lavorerai sulle macchine, collaborerai con i colleghi e ti assicurerai che ogni pezzo finito sia all&#039;altezza delle nostre aspettative in termini di qualit\u00e0.<\/p><br><br>Responsabilit\u00e0 primarie<br>Esperienza<br>Istruzione<br><br><br>Programmare e configurare macchine CNC per produzioni ad alto mix e basso volume e monitorare la qualit\u00e0 durante il funzionamento<br><br>Caricare materie prime e componenti nelle macchine CNC con cura e attenzione ai dettagli<br><br>Apportare le modifiche necessarie per mantenere le parti entro le specifiche e mantenere una qualit\u00e0 costante<br><br>Utilizzare macchine manuali come fresatrici, torni, rettificatrici per superfici e seghe a nastro per lavorare parti di precisione<br><br>Collaborare con il team di ingegneria per migliorare la progettazione dei componenti e ottimizzare la producibilit\u00e0<br><br>Ispezionare e misurare le parti finite per garantire che soddisfino i requisiti del progetto<br><br>Eseguire controlli e manutenzione giornalieri delle macchine per mantenerle in perfetto stato<br><br>Seguire tutte le procedure di sicurezza e contribuire a mantenere un ambiente di lavoro pulito, organizzato e sicuro<br><br><br><br><br>Esperienza comprovata come operatore CNC<br><br>Esperto nella programmazione e nell&#039;impostazione di macchinari CNC, utensili e strumenti di misurazione di precisione<br><br>Lettura e interpretazione agevoli di disegni meccanici e documentazione, inclusi GD&amp;T<br><br>Attitudine meccanica e ottime capacit\u00e0 matematiche<br><br>Programmazione CAM: 5 anni (preferito)<br><br><br><br><br>Diploma di scuola superiore o equivalente richiesto; certificato tecnico o diploma in un campo correlato \u00e8 un plus<br><br><br>non ordinato<br>abilitare<br>fas fa-plus<br>fas fa-minus<br>ruotare<br>12px<br><br>Visualizza l&#039;elenco completo e fai domanda<br><a href=\"https:\/\/www.indeed.com\/viewjob?jk=06e8e30a921ced7e&amp;from=shareddesktop_copy\">https:\/\/www.indeed.com\/viewjob?jk=06e8e30a921ced7e&amp;from=shareddesktop_copy<\/a><br>tema_pulsante<br><br>Tecnico di ingegneria<br><br><br><p>Responsabile dello sviluppo e del collaudo di soluzioni per risolvere problemi tecnici nella ricerca e sviluppo di macchine piegatrici automatiche e sistemi di assemblaggio robotizzati. Assiste gli ingegneri, ispeziona i prodotti, esegue test e verifica che le apparecchiature siano conformi alle specifiche.<\/p><br><br>Responsabilit\u00e0 primarie<br>Esperienza<br>Istruzione<br><br><br>Creare soluzioni a problemi tecnici complessi in una variet\u00e0 di settori<br><br>Assistere gli ingegneri e il team di vendita nella creazione, modifica e proposta di prodotti e processi<br><br>Assistere i clienti nella formazione e nel supporto tecnico<br><br>Assistere nella progettazione, nello sviluppo e nella produzione del prodotto<br><br>Costruire e installare l&#039;attrezzatura<br><br>Programmare e aiutare a supervisionare la costruzione di macchine per la formatura di fili CNC e attrezzature robotiche<br><br>Pu\u00f2 utilizzare apparecchiature di progettazione e disegno assistite da computer durante la fase di progettazione o per verificare i progetti<br><br>Testare e produrre apparecchiature elettriche ed elettroniche come quadri elettrici, assemblaggi di cavi multifilari e computer<br><br>Produrre e testare sistemi meccanici elettronici e controllati da computer<br><br>Sviluppare metodi utilizzati nella prevenzione, nel controllo o nella bonifica dei rischi ambientali<br><br>Fino a 10% di corsa<br><br><br><br><br>Almeno 2 anni di esperienza in sistemi meccanici automatizzati o sistemi elettronici automatizzati. \u00c8 considerata anche l&#039;esperienza nel settore automobilistico.<br><br>L&#039;esperienza CNC \u00e8 un plus<br><br><br><br><br>Laurea triennale in Ingegneria meccanica o esperienza pratica nella costruzione e risoluzione dei problemi di macchinari automatizzati: 2 anni<br><br><br>non ordinato<br>abilitare<br>fas fa-plus<br>fas fa-minus<br>ruotare<br><br>Candidati qui<br><a href=\"https:\/\/www.linkedin.com\/jobs\/view\/3984475847\/\">https:\/\/www.linkedin.com\/jobs\/view\/3984475847\/<\/a><br>tema_pulsante<br><br>Operatore CNC \/ Programmatore 1\u00b0 turno<br><br><br><p>Farai parte del team che si occupa di far andare avanti la produzione: lavorerai sulle macchine, collaborerai con i colleghi e ti assicurerai che ogni pezzo finito sia all&#039;altezza delle nostre aspettative in termini di qualit\u00e0.<\/p><br><br>Responsabilit\u00e0 primarie<br>Esperienza<br>Istruzione<br><br><br>Creare soluzioni a problemi tecnici complessi in una variet\u00e0 di settori<br><br>Assistere gli ingegneri e il team di vendita nella creazione, modifica e proposta di prodotti e processi<br><br>Assistere i clienti nella formazione e nel supporto tecnico<br><br>Assistere nella progettazione, nello sviluppo e nella produzione del prodotto<br><br>Costruire e installare l&#039;attrezzatura<br><br>Programmare e aiutare a supervisionare la costruzione di macchine per la formatura di fili CNC e attrezzature robotiche<br><br>Pu\u00f2 utilizzare apparecchiature di progettazione e disegno assistite da computer durante la fase di progettazione o per verificare i progetti<br><br>Testare e produrre apparecchiature elettriche ed elettroniche come quadri elettrici, assemblaggi di cavi multifilari e computer<br><br>Produrre e testare sistemi meccanici elettronici e controllati da computer<br><br>Sviluppare metodi utilizzati nella prevenzione, nel controllo o nella bonifica dei rischi ambientali<br><br>Fino a 10% di corsa<br><br><br><br><br>Almeno 2 anni di esperienza in sistemi meccanici automatizzati o sistemi elettronici automatizzati. \u00c8 considerata anche l&#039;esperienza nel settore automobilistico.<br><br>\u00c8 richiesta esperienza CNC<br><br><br><br><br>Laurea in Ingegneria meccanica o esperienza pratica nella costruzione e risoluzione dei problemi di macchinari automatizzati<br><br><br>non ordinato<br>abilitare<br>fas fa-plus<br>fas fa-minus<br>ruotare<br><br>Candidati qui<br><a href=\"https:\/\/www.linkedin.com\/jobs\/view\/3984475847\/\">https:\/\/www.linkedin.com\/jobs\/view\/3984475847\/<\/a><br>tema_pulsante<br><br><\/p>","protected":false},"excerpt":{"rendered":"<p>IP Automation Inc is an industry leader in CNC wire bending machinery. We design and manufacture precision equipment used by<span class=\"excerpt-hellip\"> [\u2026]<\/span><\/p>\n","protected":false},"author":3,"featured_media":0,"parent":0,"menu_order":0,"comment_status":"closed","ping_status":"closed","template":"","meta":{"footnotes":""},"class_list":["post-32686","page","type-page","status-publish","hentry"],"yoast_head":"<!-- This site is optimized with the Yoast SEO plugin v27.3 - https:\/\/yoast.com\/product\/yoast-seo-wordpress\/ -->\n<title>Careers | IP Automation Inc<\/title>\n<meta name=\"description\" content=\"IP Automation Inc is looking for individuals who take pride in their work and want to contribute to a well-run, growing company. Explore open positions.\" \/>\n<meta name=\"robots\" content=\"index, follow, max-snippet:-1, max-image-preview:large, max-video-preview:-1\" \/>\n<link rel=\"canonical\" href=\"https:\/\/ipautomationinc.com\/it\/carriere\/\" \/>\n<meta property=\"og:locale\" content=\"it_IT\" \/>\n<meta property=\"og:type\" content=\"article\" \/>\n<meta property=\"og:title\" content=\"Careers | IP Automation Inc\" \/>\n<meta property=\"og:description\" content=\"IP Automation Inc is looking for individuals who take pride in their work and want to contribute to a well-run, growing company. Explore open positions.\" \/>\n<meta property=\"og:url\" content=\"https:\/\/ipautomationinc.com\/it\/carriere\/\" \/>\n<meta property=\"og:site_name\" content=\"IP Automation Inc\" \/>\n<meta property=\"article:publisher\" content=\"https:\/\/www.facebook.com\/ipautomationinc\/\" \/>\n<meta property=\"article:modified_time\" content=\"2026-02-17T20:05:01+00:00\" \/>\n<script type=\"application\/ld+json\" class=\"yoast-schema-graph\">{\"@context\":\"https:\\\/\\\/schema.org\",\"@graph\":[{\"@type\":\"WebPage\",\"@id\":\"https:\\\/\\\/ipautomationinc.com\\\/careers\\\/\",\"url\":\"https:\\\/\\\/ipautomationinc.com\\\/careers\\\/\",\"name\":\"Careers | IP Automation Inc\",\"isPartOf\":{\"@id\":\"https:\\\/\\\/ipautomationinc.com\\\/#website\"},\"datePublished\":\"2026-02-10T22:33:39+00:00\",\"dateModified\":\"2026-02-17T20:05:01+00:00\",\"description\":\"IP Automation Inc is looking for individuals who take pride in their work and want to contribute to a well-run, growing company. Explore open positions.\",\"inLanguage\":\"it-IT\",\"potentialAction\":[{\"@type\":\"ReadAction\",\"target\":[\"https:\\\/\\\/ipautomationinc.com\\\/careers\\\/\"]}]},{\"@type\":\"WebSite\",\"@id\":\"https:\\\/\\\/ipautomationinc.com\\\/#website\",\"url\":\"https:\\\/\\\/ipautomationinc.com\\\/\",\"name\":\"IP Automation Inc\",\"description\":\"Concept... Creation... Reality...\",\"publisher\":{\"@id\":\"https:\\\/\\\/ipautomationinc.com\\\/#organization\"},\"potentialAction\":[{\"@type\":\"SearchAction\",\"target\":{\"@type\":\"EntryPoint\",\"urlTemplate\":\"https:\\\/\\\/ipautomationinc.com\\\/?s={search_term_string}\"},\"query-input\":{\"@type\":\"PropertyValueSpecification\",\"valueRequired\":true,\"valueName\":\"search_term_string\"}}],\"inLanguage\":\"it-IT\"},{\"@type\":\"Organization\",\"@id\":\"https:\\\/\\\/ipautomationinc.com\\\/#organization\",\"name\":\"IP Automation Inc\",\"url\":\"https:\\\/\\\/ipautomationinc.com\\\/\",\"logo\":{\"@type\":\"ImageObject\",\"inLanguage\":\"it-IT\",\"@id\":\"https:\\\/\\\/ipautomationinc.com\\\/#\\\/schema\\\/logo\\\/image\\\/\",\"url\":\"https:\\\/\\\/ipautomationinc.com\\\/wp-content\\\/uploads\\\/2022\\\/05\\\/IPA-Favicon.png\",\"contentUrl\":\"https:\\\/\\\/ipautomationinc.com\\\/wp-content\\\/uploads\\\/2022\\\/05\\\/IPA-Favicon.png\",\"width\":513,\"height\":513,\"caption\":\"IP Automation Inc\"},\"image\":{\"@id\":\"https:\\\/\\\/ipautomationinc.com\\\/#\\\/schema\\\/logo\\\/image\\\/\"},\"sameAs\":[\"https:\\\/\\\/www.facebook.com\\\/ipautomationinc\\\/\",\"https:\\\/\\\/www.linkedin.com\\\/company\\\/ip-automation-inc\\\/\",\"https:\\\/\\\/www.youtube.com\\\/@IPAutomation\"]}]}<\/script>\n<!-- \/ Yoast SEO plugin. -->","yoast_head_json":{"title":"Carriere | IP Automation Inc","description":"IP Automation Inc. \u00e8 alla ricerca di persone orgogliose del proprio lavoro e desiderose di contribuire a un&#039;azienda ben gestita e in crescita. Esplora le posizioni aperte.","robots":{"index":"index","follow":"follow","max-snippet":"max-snippet:-1","max-image-preview":"max-image-preview:large","max-video-preview":"max-video-preview:-1"},"canonical":"https:\/\/ipautomationinc.com\/it\/carriere\/","og_locale":"it_IT","og_type":"article","og_title":"Careers | IP Automation Inc","og_description":"IP Automation Inc is looking for individuals who take pride in their work and want to contribute to a well-run, growing company. Explore open positions.","og_url":"https:\/\/ipautomationinc.com\/it\/carriere\/","og_site_name":"IP Automation Inc","article_publisher":"https:\/\/www.facebook.com\/ipautomationinc\/","article_modified_time":"2026-02-17T20:05:01+00:00","schema":{"@context":"https:\/\/schema.org","@graph":[{"@type":"WebPage","@id":"https:\/\/ipautomationinc.com\/careers\/","url":"https:\/\/ipautomationinc.com\/careers\/","name":"Carriere | IP Automation Inc","isPartOf":{"@id":"https:\/\/ipautomationinc.com\/#website"},"datePublished":"2026-02-10T22:33:39+00:00","dateModified":"2026-02-17T20:05:01+00:00","description":"IP Automation Inc. \u00e8 alla ricerca di persone orgogliose del proprio lavoro e desiderose di contribuire a un&#039;azienda ben gestita e in crescita. Esplora le posizioni aperte.","inLanguage":"it-IT","potentialAction":[{"@type":"ReadAction","target":["https:\/\/ipautomationinc.com\/careers\/"]}]},{"@type":"WebSite","@id":"https:\/\/ipautomationinc.com\/#website","url":"https:\/\/ipautomationinc.com\/","name":"IP Automazione Inc","description":"Concetto... Creazione... Realt\u00e0...","publisher":{"@id":"https:\/\/ipautomationinc.com\/#organization"},"potentialAction":[{"@type":"SearchAction","target":{"@type":"EntryPoint","urlTemplate":"https:\/\/ipautomationinc.com\/?s={search_term_string}"},"query-input":{"@type":"PropertyValueSpecification","valueRequired":true,"valueName":"search_term_string"}}],"inLanguage":"it-IT"},{"@type":"Organization","@id":"https:\/\/ipautomationinc.com\/#organization","name":"IP Automazione Inc","url":"https:\/\/ipautomationinc.com\/","logo":{"@type":"ImageObject","inLanguage":"it-IT","@id":"https:\/\/ipautomationinc.com\/#\/schema\/logo\/image\/","url":"https:\/\/ipautomationinc.com\/wp-content\/uploads\/2022\/05\/IPA-Favicon.png","contentUrl":"https:\/\/ipautomationinc.com\/wp-content\/uploads\/2022\/05\/IPA-Favicon.png","width":513,"height":513,"caption":"IP Automation Inc"},"image":{"@id":"https:\/\/ipautomationinc.com\/#\/schema\/logo\/image\/"},"sameAs":["https:\/\/www.facebook.com\/ipautomationinc\/","https:\/\/www.linkedin.com\/company\/ip-automation-inc\/","https:\/\/www.youtube.com\/@IPAutomation"]}]}},"_links":{"self":[{"href":"https:\/\/ipautomationinc.com\/it\/wp-json\/wp\/v2\/pages\/32686","targetHints":{"allow":["GET"]}}],"collection":[{"href":"https:\/\/ipautomationinc.com\/it\/wp-json\/wp\/v2\/pages"}],"about":[{"href":"https:\/\/ipautomationinc.com\/it\/wp-json\/wp\/v2\/types\/page"}],"author":[{"embeddable":true,"href":"https:\/\/ipautomationinc.com\/it\/wp-json\/wp\/v2\/users\/3"}],"replies":[{"embeddable":true,"href":"https:\/\/ipautomationinc.com\/it\/wp-json\/wp\/v2\/comments?post=32686"}],"version-history":[{"count":6,"href":"https:\/\/ipautomationinc.com\/it\/wp-json\/wp\/v2\/pages\/32686\/revisions"}],"predecessor-version":[{"id":39420,"href":"https:\/\/ipautomationinc.com\/it\/wp-json\/wp\/v2\/pages\/32686\/revisions\/39420"}],"wp:attachment":[{"href":"https:\/\/ipautomationinc.com\/it\/wp-json\/wp\/v2\/media?parent=32686"}],"curies":[{"name":"parola chiave","href":"https:\/\/api.w.org\/{rel}","templated":true}]}}