{"id":1342,"date":"2022-07-07T13:16:55","date_gmt":"2022-07-07T18:16:55","guid":{"rendered":"https:\/\/ipautomationinc.com\/?page_id=1342"},"modified":"2026-04-01T13:58:47","modified_gmt":"2026-04-01T18:58:47","slug":"piegatrici-a-filo-cnc-a-testa-singola","status":"publish","type":"page","link":"https:\/\/ipautomationinc.com\/it\/single-head-cnc-wire-benders\/","title":{"rendered":"Piegafili CNC a testa singola"},"content":{"rendered":"<h6 class=\"wp-block-heading\"><strong>Explore our range of single head CNC wire benders. I-SC series companct single head CNC wire bender, 2-8mm wire diameter. I-S series single head CNC wire bender, 2-20mm wire diameter. I-S\u00b2 multiple bend head CNC wire bender, 2.5-16mm wire diameter. I-P series single piece cnc wire bender, 2.5-16mm wire diameter<\/strong><\/h6>\n\n\n\n<p><span class=\"builder2seo\"><\/span>Piegafili CNC a testa singola<br><br>Largo<br><br><img decoding=\"async\" src=\"https:\/\/ipautomationinc.com\/wp-content\/uploads\/2025\/09\/i8-SC-RGB.png#38241\" alt=\"i8-SC RGB\"><br><a href=\"https:\/\/ipautomationinc.com\/it\/serie-i-sc\/\">https:\/\/ipautomationinc.com\/i-sc-series\/<\/a><br><br>Serie i-SC<br><br>Saperne di pi\u00f9<br><a href=\"https:\/\/ipautomationinc.com\/it\/serie-i-sc\/\">https:\/\/ipautomationinc.com\/i-sc-series\/<\/a><br>tema_pulsante<br><br>Piegafili CNC compatti a testa singola<br><br><h5>La serie i-SC \u00e8 un prodotto conveniente, progettato per una manutenzione ridotta, una facile configurazione e una lunga durata.<\/h5><br><br><br><br>Diametro del filo: 2-8 mm*<br><br>Perfetto per componenti di espositori POP, industrie di elettrodomestici, clip, supporti, ganci, molle, ganci, connettori, parti di cestini per vivai.<br><br><br><br><img decoding=\"async\" src=\"https:\/\/ipautomationinc.com\/wp-content\/uploads\/2023\/02\/i8-S-RGB-1.png#11263\" alt=\"i8-S RGB\"><br><a href=\"https:\/\/ipautomationinc.com\/it\/serie-i-s\/\">https:\/\/ipautomationinc.com\/i-s-series\/<\/a><br><br>Serie i-S<br><br>Saperne di pi\u00f9<br><a href=\"https:\/\/ipautomationinc.com\/it\/serie-i-s\/\">https:\/\/ipautomationinc.com\/i-s-series\/<\/a><br>tema_pulsante<br><br>Piegafili CNC a testa singola<br><br><h5>L'ampia gamma di opzioni e convenienza della serie i-S la rendono un'ottima scelta sia per le aziende di formatura del filo principianti che per quelle avanzate.<\/h5><br><br><br><br>Diametro del filo: 2-20 mm*<br><br>Perfetto per clip, supporti, componenti per espositori POP al dettaglio, ganci, molle, grucce, connettori, parti di elettrodomestici, protezioni per il viso, maniglie<br><br><br>Intestazione + desc<br>nessuna ripetizione; in alto a sinistra;;<br>auto<br>20px<br>0 10%<br><br><img decoding=\"async\" src=\"https:\/\/ipautomationinc.com\/wp-content\/uploads\/2024\/08\/i10-S\u00b2-rgb.png#36757\" alt=\"i10-S\u00b2-rgb\"><br><a href=\"https:\/\/ipautomationinc.com\/it\/serie-i-s-quadrata\/\">https:\/\/ipautomationinc.com\/i-s-squared-series\/<\/a><br><br>Serie i-S\u00b2<br><br>Saperne di pi\u00f9<br><a href=\"https:\/\/ipautomationinc.com\/it\/serie-i-s-quadrata\/\">https:\/\/ipautomationinc.com\/i-s-squared-series\/<\/a><br>tema_pulsante<br><br>Piegatrici per cavi CNC con testa di piegatura multipla<br><br><h5>L&#039;i-S\u00b2 \u00e8 dotato di 2 teste di piegatura che offrono una moltitudine di opzioni di piegatura sia per gli utensili a mandrino che a torretta.<\/h5><br><br><br><br>Diametro del filo 2,5-16 mm*<br><br>Perfetto per sedili automobilistici, attrezzature agricole<br><br><br>Intestazione + desc<br>nessuna ripetizione; in alto a sinistra;;<br>auto<br>20px<br>0 10%<br><br><img decoding=\"async\" src=\"https:\/\/ipautomationinc.com\/wp-content\/uploads\/2026\/02\/i10-S\u00b2-P-Single-Piece-3D-CNC-Wire-Bender.png#39498\" alt=\"i10-S\u00b2-P Single Piece 3D CNC Wire Bender\"><br><a href=\"https:\/\/ipautomationinc.com\/it\/serie-ip\/\">https:\/\/ipautomationinc.com\/i-p-series\/<\/a><br><br>Serie iP<br><br>Saperne di pi\u00f9<br><a href=\"https:\/\/ipautomationinc.com\/it\/serie-ip\/\">https:\/\/ipautomationinc.com\/i-p-series\/<\/a><br>tema_pulsante<br><br>Piegatrice per fili CNC 3D con testa a piegatura multipla a pezzo singolo<br><br><h5>La piegatrice a filo CNC monoblocco iP \u00e8 progettata per semplificare la lavorazione di pezzi complessi e combinazioni di pezzi che richiedono versatilit\u00e0 e flessibilit\u00e0 per applicazioni a basso volume.<\/h5><br><br><br><br>Diametro del filo 2,5-16 mm*<br><br>Perfetto per ganci di scarico, parti ad alto volume e basso volume di miscelazione, elementi riscaldanti e parti a circuito chiuso<br><br>teste a curvatura singola o doppia<br><br><br>Intestazione + desc<br>nessuna ripetizione; in alto a sinistra;;<br>auto<br>20px<br>0 10%<br><br><\/p>","protected":false},"excerpt":{"rendered":"<p>Explore our range of single head CNC wire benders. I-SC series companct single head CNC wire bender, 2-8mm wire diameter.<span class=\"excerpt-hellip\"> [\u2026]<\/span><\/p>\n","protected":false},"author":3,"featured_media":0,"parent":0,"menu_order":0,"comment_status":"closed","ping_status":"closed","template":"","meta":{"footnotes":""},"class_list":["post-1342","page","type-page","status-publish","hentry"],"yoast_head":"<!-- This site is optimized with the Yoast SEO plugin v27.3 - https:\/\/yoast.com\/product\/yoast-seo-wordpress\/ -->\n<title>Single Head CNC Wire Benders | IP Automation Inc<\/title>\n<meta name=\"description\" content=\"Explore our selection of 3D Single Head CNC Wire Benders to find the perfect one for you. Quality made in the USA machinery.\" \/>\n<meta name=\"robots\" content=\"index, follow, max-snippet:-1, max-image-preview:large, max-video-preview:-1\" \/>\n<link rel=\"canonical\" href=\"https:\/\/ipautomationinc.com\/it\/piegatrici-a-filo-cnc-a-testa-singola\/\" \/>\n<meta property=\"og:locale\" content=\"it_IT\" \/>\n<meta property=\"og:type\" content=\"article\" \/>\n<meta property=\"og:title\" content=\"Single Head CNC Wire Benders | IP Automation Inc\" \/>\n<meta property=\"og:description\" content=\"Explore our selection of 3D Single Head CNC Wire Benders to find the perfect one for you. Quality made in the USA machinery.\" \/>\n<meta property=\"og:url\" content=\"https:\/\/ipautomationinc.com\/it\/piegatrici-a-filo-cnc-a-testa-singola\/\" \/>\n<meta property=\"og:site_name\" content=\"IP Automation Inc\" \/>\n<meta property=\"article:publisher\" content=\"https:\/\/www.facebook.com\/ipautomationinc\/\" \/>\n<meta property=\"article:modified_time\" content=\"2026-04-01T18:58:47+00:00\" \/>\n<meta property=\"og:image\" content=\"https:\/\/ipautomationinc.com\/wp-content\/uploads\/2025\/09\/i8-SC-RGB.png#38241\" \/>\n<script type=\"application\/ld+json\" class=\"yoast-schema-graph\">{\"@context\":\"https:\\\/\\\/schema.org\",\"@graph\":[{\"@type\":\"WebPage\",\"@id\":\"https:\\\/\\\/ipautomationinc.com\\\/single-head-cnc-wire-benders\\\/\",\"url\":\"https:\\\/\\\/ipautomationinc.com\\\/single-head-cnc-wire-benders\\\/\",\"name\":\"Single Head CNC Wire Benders | IP Automation Inc\",\"isPartOf\":{\"@id\":\"https:\\\/\\\/ipautomationinc.com\\\/#website\"},\"primaryImageOfPage\":{\"@id\":\"https:\\\/\\\/ipautomationinc.com\\\/single-head-cnc-wire-benders\\\/#primaryimage\"},\"image\":{\"@id\":\"https:\\\/\\\/ipautomationinc.com\\\/single-head-cnc-wire-benders\\\/#primaryimage\"},\"thumbnailUrl\":\"https:\\\/\\\/ipautomationinc.com\\\/wp-content\\\/uploads\\\/2025\\\/09\\\/i8-SC-RGB.png#38241\",\"datePublished\":\"2022-07-07T18:16:55+00:00\",\"dateModified\":\"2026-04-01T18:58:47+00:00\",\"description\":\"Explore our selection of 3D Single Head CNC Wire Benders to find the perfect one for you. Quality made in the USA machinery.\",\"inLanguage\":\"it-IT\",\"potentialAction\":[{\"@type\":\"ReadAction\",\"target\":[\"https:\\\/\\\/ipautomationinc.com\\\/single-head-cnc-wire-benders\\\/\"]}]},{\"@type\":\"ImageObject\",\"inLanguage\":\"it-IT\",\"@id\":\"https:\\\/\\\/ipautomationinc.com\\\/single-head-cnc-wire-benders\\\/#primaryimage\",\"url\":\"https:\\\/\\\/ipautomationinc.com\\\/wp-content\\\/uploads\\\/2025\\\/09\\\/i8-SC-RGB.png#38241\",\"contentUrl\":\"https:\\\/\\\/ipautomationinc.com\\\/wp-content\\\/uploads\\\/2025\\\/09\\\/i8-SC-RGB.png#38241\"},{\"@type\":\"WebSite\",\"@id\":\"https:\\\/\\\/ipautomationinc.com\\\/#website\",\"url\":\"https:\\\/\\\/ipautomationinc.com\\\/\",\"name\":\"IP Automation Inc\",\"description\":\"Concept... Creation... Reality...\",\"publisher\":{\"@id\":\"https:\\\/\\\/ipautomationinc.com\\\/#organization\"},\"potentialAction\":[{\"@type\":\"SearchAction\",\"target\":{\"@type\":\"EntryPoint\",\"urlTemplate\":\"https:\\\/\\\/ipautomationinc.com\\\/?s={search_term_string}\"},\"query-input\":{\"@type\":\"PropertyValueSpecification\",\"valueRequired\":true,\"valueName\":\"search_term_string\"}}],\"inLanguage\":\"it-IT\"},{\"@type\":\"Organization\",\"@id\":\"https:\\\/\\\/ipautomationinc.com\\\/#organization\",\"name\":\"IP Automation Inc\",\"url\":\"https:\\\/\\\/ipautomationinc.com\\\/\",\"logo\":{\"@type\":\"ImageObject\",\"inLanguage\":\"it-IT\",\"@id\":\"https:\\\/\\\/ipautomationinc.com\\\/#\\\/schema\\\/logo\\\/image\\\/\",\"url\":\"https:\\\/\\\/ipautomationinc.com\\\/wp-content\\\/uploads\\\/2022\\\/05\\\/IPA-Favicon.png\",\"contentUrl\":\"https:\\\/\\\/ipautomationinc.com\\\/wp-content\\\/uploads\\\/2022\\\/05\\\/IPA-Favicon.png\",\"width\":513,\"height\":513,\"caption\":\"IP Automation Inc\"},\"image\":{\"@id\":\"https:\\\/\\\/ipautomationinc.com\\\/#\\\/schema\\\/logo\\\/image\\\/\"},\"sameAs\":[\"https:\\\/\\\/www.facebook.com\\\/ipautomationinc\\\/\",\"https:\\\/\\\/www.linkedin.com\\\/company\\\/ip-automation-inc\\\/\",\"https:\\\/\\\/www.youtube.com\\\/@IPAutomation\"]}]}<\/script>\n<!-- \/ Yoast SEO plugin. -->","yoast_head_json":{"title":"Piegatrici per fili CNC a testa singola | IP Automazione Inc","description":"Esplora la nostra selezione di piegatrici CNC 3D a testa singola per trovare quella perfetta per te. Macchinari di qualit\u00e0 made in USA.","robots":{"index":"index","follow":"follow","max-snippet":"max-snippet:-1","max-image-preview":"max-image-preview:large","max-video-preview":"max-video-preview:-1"},"canonical":"https:\/\/ipautomationinc.com\/it\/piegatrici-a-filo-cnc-a-testa-singola\/","og_locale":"it_IT","og_type":"article","og_title":"Single Head CNC Wire Benders | IP Automation Inc","og_description":"Explore our selection of 3D Single Head CNC Wire Benders to find the perfect one for you. Quality made in the USA machinery.","og_url":"https:\/\/ipautomationinc.com\/it\/piegatrici-a-filo-cnc-a-testa-singola\/","og_site_name":"IP Automation Inc","article_publisher":"https:\/\/www.facebook.com\/ipautomationinc\/","article_modified_time":"2026-04-01T18:58:47+00:00","og_image":[{"url":"https:\/\/ipautomationinc.com\/wp-content\/uploads\/2025\/09\/i8-SC-RGB.png#38241","type":"","width":"","height":""}],"schema":{"@context":"https:\/\/schema.org","@graph":[{"@type":"WebPage","@id":"https:\/\/ipautomationinc.com\/single-head-cnc-wire-benders\/","url":"https:\/\/ipautomationinc.com\/single-head-cnc-wire-benders\/","name":"Piegatrici per fili CNC a testa singola | IP Automazione Inc","isPartOf":{"@id":"https:\/\/ipautomationinc.com\/#website"},"primaryImageOfPage":{"@id":"https:\/\/ipautomationinc.com\/single-head-cnc-wire-benders\/#primaryimage"},"image":{"@id":"https:\/\/ipautomationinc.com\/single-head-cnc-wire-benders\/#primaryimage"},"thumbnailUrl":"https:\/\/ipautomationinc.com\/wp-content\/uploads\/2025\/09\/i8-SC-RGB.png#38241","datePublished":"2022-07-07T18:16:55+00:00","dateModified":"2026-04-01T18:58:47+00:00","description":"Esplora la nostra selezione di piegatrici CNC 3D a testa singola per trovare quella perfetta per te. Macchinari di qualit\u00e0 made in USA.","inLanguage":"it-IT","potentialAction":[{"@type":"ReadAction","target":["https:\/\/ipautomationinc.com\/single-head-cnc-wire-benders\/"]}]},{"@type":"ImageObject","inLanguage":"it-IT","@id":"https:\/\/ipautomationinc.com\/single-head-cnc-wire-benders\/#primaryimage","url":"https:\/\/ipautomationinc.com\/wp-content\/uploads\/2025\/09\/i8-SC-RGB.png#38241","contentUrl":"https:\/\/ipautomationinc.com\/wp-content\/uploads\/2025\/09\/i8-SC-RGB.png#38241"},{"@type":"WebSite","@id":"https:\/\/ipautomationinc.com\/#website","url":"https:\/\/ipautomationinc.com\/","name":"IP Automazione Inc","description":"Concetto... Creazione... Realt\u00e0...","publisher":{"@id":"https:\/\/ipautomationinc.com\/#organization"},"potentialAction":[{"@type":"SearchAction","target":{"@type":"EntryPoint","urlTemplate":"https:\/\/ipautomationinc.com\/?s={search_term_string}"},"query-input":{"@type":"PropertyValueSpecification","valueRequired":true,"valueName":"search_term_string"}}],"inLanguage":"it-IT"},{"@type":"Organization","@id":"https:\/\/ipautomationinc.com\/#organization","name":"IP Automazione Inc","url":"https:\/\/ipautomationinc.com\/","logo":{"@type":"ImageObject","inLanguage":"it-IT","@id":"https:\/\/ipautomationinc.com\/#\/schema\/logo\/image\/","url":"https:\/\/ipautomationinc.com\/wp-content\/uploads\/2022\/05\/IPA-Favicon.png","contentUrl":"https:\/\/ipautomationinc.com\/wp-content\/uploads\/2022\/05\/IPA-Favicon.png","width":513,"height":513,"caption":"IP Automation Inc"},"image":{"@id":"https:\/\/ipautomationinc.com\/#\/schema\/logo\/image\/"},"sameAs":["https:\/\/www.facebook.com\/ipautomationinc\/","https:\/\/www.linkedin.com\/company\/ip-automation-inc\/","https:\/\/www.youtube.com\/@IPAutomation"]}]}},"_links":{"self":[{"href":"https:\/\/ipautomationinc.com\/it\/wp-json\/wp\/v2\/pages\/1342","targetHints":{"allow":["GET"]}}],"collection":[{"href":"https:\/\/ipautomationinc.com\/it\/wp-json\/wp\/v2\/pages"}],"about":[{"href":"https:\/\/ipautomationinc.com\/it\/wp-json\/wp\/v2\/types\/page"}],"author":[{"embeddable":true,"href":"https:\/\/ipautomationinc.com\/it\/wp-json\/wp\/v2\/users\/3"}],"replies":[{"embeddable":true,"href":"https:\/\/ipautomationinc.com\/it\/wp-json\/wp\/v2\/comments?post=1342"}],"version-history":[{"count":3,"href":"https:\/\/ipautomationinc.com\/it\/wp-json\/wp\/v2\/pages\/1342\/revisions"}],"predecessor-version":[{"id":39709,"href":"https:\/\/ipautomationinc.com\/it\/wp-json\/wp\/v2\/pages\/1342\/revisions\/39709"}],"wp:attachment":[{"href":"https:\/\/ipautomationinc.com\/it\/wp-json\/wp\/v2\/media?parent=1342"}],"curies":[{"name":"parola chiave","href":"https:\/\/api.w.org\/{rel}","templated":true}]}}