{"id":1248,"date":"2022-06-16T16:54:35","date_gmt":"2022-06-16T21:54:35","guid":{"rendered":"https:\/\/ipautomationinc.com\/?page_id=1248"},"modified":"2026-02-24T10:12:40","modified_gmt":"2026-02-24T16:12:40","slug":"serie-i-d-ms","status":"publish","type":"page","link":"https:\/\/ipautomationinc.com\/it\/i-d-ms-series\/","title":{"rendered":"Piegafili CNC multistadio serie iD-MS"},"content":{"rendered":"<h6 class=\"wp-block-heading\"><strong>La serie di piegatrici per fili CNC multistadio iD-MS \u00e8 progettata per forme di filo specializzate ad alta precisione che richiedono operazioni di piegatura separate. Utilizzando il nostro meccanismo di bonifico bancario e la nostra esperienza nei controlli avanzati, le operazioni vengono eseguite simultaneamente in pi\u00f9 fasi sulla stessa macchina. La serie iD-MS eccelle nella formazione di parti non simmetriche senza riduzione della velocit\u00e0. Pu\u00f2 essere configurato con una variet\u00e0 di configurazioni di testa e strumenti personalizzati.<\/strong><\/h6>\n\n\n\n<p><span class=\"builder2seo\"><\/span>Piegafili CNC multistadio<br><br>Serie i-D-MS<br><br><img decoding=\"async\" src=\"https:\/\/ipautomationinc.com\/wp-content\/uploads\/2022\/09\/i-D-MS-RGB-1.png\" alt=\"Macchina piegatubi CNC multistadio iD-MS\"><br>400px<br><br>Clicca qui per il video<br><a href=\"https:\/\/ipautomationinc.com\/it\/serie-i-d-ms\/#video\">https:\/\/ipautomationinc.com\/i-d-ms-series\/#video<\/a><br>fas fa-play-circle<br>tema_pulsante<br><br>Clicca qui per il volantino in PDF<br><a href=\"https:\/\/ipautomationinc.com\/wp-content\/uploads\/2025\/09\/2025-i-D-MS-Flyer.pdf\">https:\/\/ipautomationinc.com\/wp-content\/uploads\/2025\/09\/2025-i-D-MS-Flyer.pdf<\/a><br>fas fa-file-pdf<br>tema_pulsante<br>https:\/\/ipautomationinc.com\/wp-content\/uploads\/2025\/09\/2025-i-D-MS-Flyer.pdf<br><br>1550,1549,1548,1547,1546<br>#0455B3<br>3px 3px 3px 3px<br><br><h4>La serie di piegatrici per fili CNC multistadio iD-MS \u00e8 progettata per forme di filo specializzate ad alta precisione che richiedono operazioni di piegatura separate. Utilizzando il nostro meccanismo di trasferimento cavi e la nostra esperienza nei controlli avanzati, le operazioni vengono eseguite simultaneamente in pi\u00f9 fasi sulla stessa macchina. La serie iD-MS eccelle nella formazione di parti non simmetriche senza riduzione della velocit\u00e0. Pu\u00f2 essere configurato con una variet\u00e0 di configurazioni di testa e attrezzature personalizzate. In precedenza, queste operazioni avrebbero dovuto essere completate su due macchine. Il nostro design avanzato evidenzia il motivo per cui IP Automation Inc. \u00e8 leader nella formatura dei cavi nella produzione snella, progettando in modo intelligente il WIP e combinando i processi.<\/h4><br><br><h3>Applicazioni<\/h3><h4>Fili di precisione e di fissaggioParti con tolleranze strette per operazioni di sovrastampaggio. <br><br><\/h4><br>#EBEBEB<br><br><img decoding=\"async\" src=\"https:\/\/ipautomationinc.com\/wp-content\/uploads\/2022\/09\/i-D-MS-RGB-1.png\" alt=\"Macchina piegatubi CNC multistadio iD-MS\"><br>costume<br>100%<br><br>Clicca qui per il video<br><a href=\"https:\/\/ipautomationinc.com\/it\/serie-i-d-ms\/#video\">https:\/\/ipautomationinc.com\/i-d-ms-series\/#video<\/a><br>fas fa-play-circle<br>tema_pulsante<br><br>Clicca qui per il volantino in PDF<br><a href=\"https:\/\/ipautomationinc.com\/wp-content\/uploads\/2025\/09\/2025-i-D-MS-Flyer.pdf\">https:\/\/ipautomationinc.com\/wp-content\/uploads\/2025\/09\/2025-i-D-MS-Flyer.pdf<\/a><br>fas fa-file-pdf<br>tema_pulsante<br>https:\/\/ipautomationinc.com\/wp-content\/uploads\/2025\/09\/2025-i-D-MS-Flyer.pdf<br><br>1550,1549,1548,1547,1546<br>#0455B3<br>3px 3px 3px 3px<br>costume<br>80%<br><br><h4>La serie iD-MS (multistadio) \u00e8 progettata per forme di filo specializzate ad alta precisione che richiedono operazioni di piegatura separate. Utilizzando il nostro meccanismo di bonifico bancario e la nostra esperienza nei controlli avanzati, le operazioni vengono eseguite simultaneamente in pi\u00f9 fasi sulla stessa macchina.<br><br>La serie i-D-MS eccelle nella formazione di parti non simmetriche senza riduzione della velocit\u00e0. Pu\u00f2 essere configurato con una variet\u00e0 di configurazioni di testa e strumenti personalizzati.<br><br>In precedenza, queste operazioni avrebbero dovuto essere completate su due macchine. Il nostro design avanzato evidenzia il motivo per cui IP Automation Inc. \u00e8 leader nella formatura dei cavi nella produzione snella, progettando in modo intelligente il WIP e combinando i processi. <\/h4><br><br><h3>Applicazioni<\/h3><h4>Fili di precisione e di fissaggioParti con tolleranze strette per operazioni di sovrastampaggio. <br><br><\/h4><br>#EBEBEB<br><br><br>Media<br><br>;C;;<br><br>1493,1494,1491,1490,1495<br>grande<br><br><br>Caratteristiche<br><br>Piegatura<br>Programmazione<br>Dettagli<br>Disposizione della macchina<br><br><br>\t20 Servo Axes:  X &#8211; feed, rotary straightener, C &#8211; cutter, Y &#8211; bender pin rotation (2X), Z &#8211; clamp &amp; rotate, U &#8211; tool pivot (2x),  P &#8211; bend head height (2X),  transfer<br><br>\tFino a 2 raggi<br><br>Gli ingegneri di IP Automation e le macchine CNC realizzano internamente teste di piegatura, taglierine e rulli trainafilo a costi ragionevoli e tempi di consegna rapidi<br><br><br><br><br>\t<a href=\"https:\/\/ipautomationinc.com\/it\/capacita-della-macchina\/\">Software Intellibend <\/a> sul sistema operativo Windows 10<br><br>Formato del programma CNC Lunghezza-Rotazione-Angolo<br><br>\tCruscotto di produzione integrato, funzioni di controllo batch<br><br>\tSchermo multitouch da 21,5\u2033<br><br>\tConnettivit\u00e0 remota tramite tunnel VPN<br><br>\tProtocollo OPC-UA per l&#039;industria 4.0<br><br>\t<br><br><br>Disponibile con filo caricato a tramoggia<br><br>Sfruttamento del filo con capacit\u00e0 del braccio di movimento lineare: 3000 libbre. (opzione da 4500 libbre disponibile) <br><br>Gabbia di sicurezza da 7\u2032 (2,13 m) con porta con interblocco di sicurezza<br><br>Raddrizzafilo per pergolato<br><br>Tutti i sistemi di azionamento di alimentazione e piegatura sono dotati di ingranaggi temprati e sono completamente chiusi.<br><br>Rulli di alimentazione temprati a ribaltamento rapido per 2 dimensioni di filo<br><br>Encoder lineare sull&#039;avanzamento del filo per precisione e rilevamento dello scorrimento<br><br>Stabilizzatore di filo<br><br>Superficie della matrice riaffilabile<br><br>Guide filo retrattili programmabili<br><br>Possibilit\u00e0 di formazione in loco<br><br>Possibilit\u00e0 di integrazione robotica<br><br><br><div class=\"image_frame image_item scale-with-grid element_classes no_border hover-disable mfn-img-box\"  role=\"link\" aria-label=\"Immagine con collegamenti\" tabindex=\"0\"><div class=\"image_wrapper\"><a href=\"https:\/\/ipautomationinc.com\/wp-content\/uploads\/2022\/07\/603-Front.png\" rel=\"prettyphoto\"   class=\"\"  tabindex=\"-1\" title=\"\"><div class=\"mask\"><\/div><img decoding=\"async\" class=\"scale-with-grid\" src=\"https:\/\/ipautomationinc.com\/wp-content\/uploads\/2022\/07\/603-Front.png\" fetchpriority=\"high\" alt=\"603 anteriore\" title=\"\" width=\"420\" height=\"419\" style=\"\"\/><\/a><div class=\"image_links\"><a href=\"https:\/\/ipautomationinc.com\/wp-content\/uploads\/2022\/07\/603-Front.png\" class=\"zoom\" rel=\"prettyphoto\" tabindex=\"-1\" aria-label=\"ingrandire l&#039;immagine\" title=\"\"><svg viewbox=\"0 0 26 26\"><defs><style>.path{fill:none;stroke:#333;stroke-miterlimit:10;stroke-width:1.5px;}<\/style><\/defs><circle cx=\"11.35\" cy=\"11.35\" r=\"6\" class=\"path\"\/><line x1=\"15.59\" y1=\"15.59\" x2=\"20.65\" y2=\"20.65\" class=\"path\"\/><\/svg><\/a><\/div><\/div><p class=\"wp-caption-text\">Vista frontale dell&#039;iD-MS<\/p><\/div>\n<br><br><br><br><div class=\"image_frame image_item scale-with-grid element_classes no_border hover-disable mfn-img-box\"  role=\"link\" aria-label=\"Immagine con collegamenti\" tabindex=\"0\"><div class=\"image_wrapper\"><a href=\"https:\/\/ipautomationinc.com\/wp-content\/uploads\/2022\/07\/603-Top.png\" rel=\"prettyphoto\"   class=\"\"  tabindex=\"-1\" title=\"\"><div class=\"mask\"><\/div><img decoding=\"async\" class=\"scale-with-grid\" src=\"https:\/\/ipautomationinc.com\/wp-content\/uploads\/2022\/07\/603-Top.png\" fetchpriority=\"high\" alt=\"603 In alto\" title=\"\" width=\"420\" height=\"430\" style=\"\"\/><\/a><div class=\"image_links\"><a href=\"https:\/\/ipautomationinc.com\/wp-content\/uploads\/2022\/07\/603-Top.png\" class=\"zoom\" rel=\"prettyphoto\" tabindex=\"-1\" aria-label=\"ingrandire l&#039;immagine\" title=\"\"><svg viewbox=\"0 0 26 26\"><defs><style>.path{fill:none;stroke:#333;stroke-miterlimit:10;stroke-width:1.5px;}<\/style><\/defs><circle cx=\"11.35\" cy=\"11.35\" r=\"6\" class=\"path\"\/><line x1=\"15.59\" y1=\"15.59\" x2=\"20.65\" y2=\"20.65\" class=\"path\"\/><\/svg><\/a><\/div><\/div><p class=\"wp-caption-text\">Vista dall&#039;alto dell&#039;iD-MS<\/p><\/div>\n<br><br><br><br><div class=\"image_frame image_item scale-with-grid element_classes no_border hover-disable mfn-img-box\"  role=\"link\" aria-label=\"Immagine con collegamenti\" tabindex=\"0\"><div class=\"image_wrapper\"><a href=\"https:\/\/ipautomationinc.com\/wp-content\/uploads\/2022\/07\/603-ISO.png\" rel=\"prettyphoto\"   class=\"\"  tabindex=\"-1\" title=\"\"><div class=\"mask\"><\/div><img decoding=\"async\" class=\"scale-with-grid\" src=\"https:\/\/ipautomationinc.com\/wp-content\/uploads\/2022\/07\/603-ISO.png\" fetchpriority=\"high\" alt=\"603ISO\" title=\"\" width=\"300\" height=\"581\" style=\"\"\/><\/a><div class=\"image_links\"><a href=\"https:\/\/ipautomationinc.com\/wp-content\/uploads\/2022\/07\/603-ISO.png\" class=\"zoom\" rel=\"prettyphoto\" tabindex=\"-1\" aria-label=\"ingrandire l&#039;immagine\" title=\"\"><svg viewbox=\"0 0 26 26\"><defs><style>.path{fill:none;stroke:#333;stroke-miterlimit:10;stroke-width:1.5px;}<\/style><\/defs><circle cx=\"11.35\" cy=\"11.35\" r=\"6\" class=\"path\"\/><line x1=\"15.59\" y1=\"15.59\" x2=\"20.65\" y2=\"20.65\" class=\"path\"\/><\/svg><\/a><\/div><\/div><p class=\"wp-caption-text\">Vista isometrica dell&#039;iD-MS<\/p><\/div>\n<br>#EBEBEB<br>#222222<br><br><br>Specifiche<br><br><br><br><p>*La capacit\u00e0 del diametro minimo e massimo \u00e8 influenzata dalla resa a trazione del filo. Contattaci per chiarimenti sulla portata min\/max per il tuo tipo di filo.<\/p><br><br><br>Opzioni macchina<br><br>Robotica intelligente<br>con EOAT personalizzato<br><img decoding=\"async\" src=\"https:\/\/ipautomationinc.com\/wp-content\/uploads\/2022\/06\/machine-options_robot.png#1271\" alt=\"opzioni-macchina_robot\"><br><a href=\"https:\/\/ipautomationinc.com\/it\/accessori\/robotica\/\">https:\/\/ipautomationinc.com\/accessories\/robotics\/<\/a><br>scala a scatola<br>70%<br><br>Saldatrice di testa iBW-45<br>con pressatore rotativo<br><img decoding=\"async\" src=\"https:\/\/ipautomationinc.com\/wp-content\/uploads\/2025\/08\/machine-options_iBW-45.png#38050\" alt=\"machine-options_iBW-45\"><br><a href=\"https:\/\/ipautomationinc.com\/it\/accessori\/saldatrici-automatizzate\/\">https:\/\/ipautomationinc.com\/accessories\/automated-welders\/<\/a><br>scala a scatola<br>70%<br><br>Testata fredda<br><img decoding=\"async\" src=\"https:\/\/ipautomationinc.com\/wp-content\/uploads\/2022\/06\/machine-options_cold-heading.png#1266\" alt=\"opzioni-macchina_direzione-fredda\"><br>scala a scatola<br>70%<br><br>Servopressa<br><img decoding=\"async\" src=\"https:\/\/ipautomationinc.com\/wp-content\/uploads\/2022\/06\/machine-options_servo-press.png#1272\" alt=\"opzioni-macchina_servo-press\"><br>scala a scatola<br>70%<br><br>Stazione antistress<br><img decoding=\"async\" src=\"https:\/\/ipautomationinc.com\/wp-content\/uploads\/2022\/06\/machine-options_stress-relieving.png#1287\" alt=\"opzioni-macchina_allevia-stress\"><br>scala a scatola<br>70%<br><br>Ispezione della vista<br><img decoding=\"async\" src=\"https:\/\/ipautomationinc.com\/wp-content\/uploads\/2022\/06\/machine-options_vision-inspection-closeup.png#1305\" alt=\"opzioni-macchina_visione-ispezione-primo piano\"><br>scala a scatola<br>70%<br><br>Ottieni i prezzi adesso!<br>icona-inoltra<br><a href=\"https:\/\/ipautomationinc.com\/it\/contattaci\/#form\">https:\/\/ipautomationinc.com\/contact-us\/#form<\/a><br>50px<br><br>Altre macchine piegatubi CNC<br><br><h4>Piegafili a testa singola<\/h4><br><br><p><hr class=\"no_line\" style=\"margin: 0 auto 0px auto\"\/>\n <a href=\"https:\/\/ipautomationinc.com\/it\/piegatrici-a-filo-cnc-a-testa-singola\/\"> <img decoding=\"async\" src=\"https:\/\/ipautomationinc.com\/wp-content\/uploads\/2023\/02\/i8-S-RGB-1.png\" alt=\"\u00e8 il formatore di filo CNC\"> <\/a> <hr class=\"no_line\" style=\"margin: 0 auto 0px auto\"\/>\n <a class=\"mfn-link mfn-link-1\" href=\"\" style=\"\" data-hover=\"\"   ><span data-hover=\"\"><\/span><\/a><\/p><br>nessuna ripetizione; in alto a sinistra;;<br>auto<br><br><h4>Piegafili 2D<\/h4><br><br><p><hr class=\"no_line\" style=\"margin: 0 auto 0px auto\"\/>\n <a href=\"https:\/\/ipautomationinc.com\/it\/serie-2d\/\"> <img decoding=\"async\" src=\"https:\/\/ipautomationinc.com\/wp-content\/uploads\/2026\/02\/i10-S-2D-2D-CNC-Wire-Bending-Machine-With-Automated-Welder.png\" alt=\"Piegafilo 2D\"> <\/a> <hr class=\"no_line\" style=\"margin: 0 auto 0px auto\"\/>\n <a class=\"mfn-link mfn-link-1\" href=\"\" style=\"\" data-hover=\"\"   ><span data-hover=\"\"><\/span><\/a><\/p><br>nessuna ripetizione; in alto a sinistra;;<br>auto<br><br><\/p>","protected":false},"excerpt":{"rendered":"<p>The i-D-MS multi-stage CNC wire bender series is designed for specialized high precision wire forms requiring separate bending operations. Utilizing<span class=\"excerpt-hellip\"> [\u2026]<\/span><\/p>\n","protected":false},"author":3,"featured_media":0,"parent":0,"menu_order":0,"comment_status":"closed","ping_status":"closed","template":"","meta":{"footnotes":""},"class_list":["post-1248","page","type-page","status-publish","hentry"],"yoast_head":"<!-- This site is optimized with the Yoast SEO plugin v27.3 - https:\/\/yoast.com\/product\/yoast-seo-wordpress\/ -->\n<title>i-D-MS Series Multi-Stage CNC Wire Bender | IP Automation Inc<\/title>\n<meta name=\"description\" content=\"The i-D-MS (Multi-stage) series CNC Wire Bender is designed for specialized high precision wire forms requiring separate bending operations.\" \/>\n<meta name=\"robots\" content=\"index, follow, max-snippet:-1, max-image-preview:large, max-video-preview:-1\" \/>\n<link rel=\"canonical\" href=\"https:\/\/ipautomationinc.com\/it\/serie-i-d-ms\/\" \/>\n<meta property=\"og:locale\" content=\"it_IT\" \/>\n<meta property=\"og:type\" content=\"article\" \/>\n<meta property=\"og:title\" content=\"i-D-MS Series Multi-Stage CNC Wire Bender | IP Automation Inc\" \/>\n<meta property=\"og:description\" content=\"The i-D-MS (Multi-stage) series CNC Wire Bender is designed for specialized high precision wire forms requiring separate bending operations.\" \/>\n<meta property=\"og:url\" content=\"https:\/\/ipautomationinc.com\/it\/serie-i-d-ms\/\" \/>\n<meta property=\"og:site_name\" content=\"IP Automation Inc\" \/>\n<meta property=\"article:publisher\" content=\"https:\/\/www.facebook.com\/ipautomationinc\/\" \/>\n<meta property=\"article:modified_time\" content=\"2026-02-24T16:12:40+00:00\" \/>\n<meta property=\"og:image\" content=\"https:\/\/ipautomationinc.com\/wp-content\/uploads\/2022\/09\/i-D-MS-RGB-1.png\" \/>\n<script type=\"application\/ld+json\" class=\"yoast-schema-graph\">{\"@context\":\"https:\\\/\\\/schema.org\",\"@graph\":[{\"@type\":\"WebPage\",\"@id\":\"https:\\\/\\\/ipautomationinc.com\\\/i-d-ms-series\\\/\",\"url\":\"https:\\\/\\\/ipautomationinc.com\\\/i-d-ms-series\\\/\",\"name\":\"i-D-MS Series Multi-Stage CNC Wire Bender | IP Automation Inc\",\"isPartOf\":{\"@id\":\"https:\\\/\\\/ipautomationinc.com\\\/#website\"},\"primaryImageOfPage\":{\"@id\":\"https:\\\/\\\/ipautomationinc.com\\\/i-d-ms-series\\\/#primaryimage\"},\"image\":{\"@id\":\"https:\\\/\\\/ipautomationinc.com\\\/i-d-ms-series\\\/#primaryimage\"},\"thumbnailUrl\":\"https:\\\/\\\/ipautomationinc.com\\\/wp-content\\\/uploads\\\/2022\\\/09\\\/i-D-MS-RGB-1.png\",\"datePublished\":\"2022-06-16T21:54:35+00:00\",\"dateModified\":\"2026-02-24T16:12:40+00:00\",\"description\":\"The i-D-MS (Multi-stage) series CNC Wire Bender is designed for specialized high precision wire forms requiring separate bending operations.\",\"inLanguage\":\"it-IT\",\"potentialAction\":[{\"@type\":\"ReadAction\",\"target\":[\"https:\\\/\\\/ipautomationinc.com\\\/i-d-ms-series\\\/\"]}]},{\"@type\":\"ImageObject\",\"inLanguage\":\"it-IT\",\"@id\":\"https:\\\/\\\/ipautomationinc.com\\\/i-d-ms-series\\\/#primaryimage\",\"url\":\"https:\\\/\\\/ipautomationinc.com\\\/wp-content\\\/uploads\\\/2022\\\/09\\\/i-D-MS-RGB-1.png\",\"contentUrl\":\"https:\\\/\\\/ipautomationinc.com\\\/wp-content\\\/uploads\\\/2022\\\/09\\\/i-D-MS-RGB-1.png\"},{\"@type\":\"WebSite\",\"@id\":\"https:\\\/\\\/ipautomationinc.com\\\/#website\",\"url\":\"https:\\\/\\\/ipautomationinc.com\\\/\",\"name\":\"IP Automation Inc\",\"description\":\"Concept... Creation... Reality...\",\"publisher\":{\"@id\":\"https:\\\/\\\/ipautomationinc.com\\\/#organization\"},\"potentialAction\":[{\"@type\":\"SearchAction\",\"target\":{\"@type\":\"EntryPoint\",\"urlTemplate\":\"https:\\\/\\\/ipautomationinc.com\\\/?s={search_term_string}\"},\"query-input\":{\"@type\":\"PropertyValueSpecification\",\"valueRequired\":true,\"valueName\":\"search_term_string\"}}],\"inLanguage\":\"it-IT\"},{\"@type\":\"Organization\",\"@id\":\"https:\\\/\\\/ipautomationinc.com\\\/#organization\",\"name\":\"IP Automation Inc\",\"url\":\"https:\\\/\\\/ipautomationinc.com\\\/\",\"logo\":{\"@type\":\"ImageObject\",\"inLanguage\":\"it-IT\",\"@id\":\"https:\\\/\\\/ipautomationinc.com\\\/#\\\/schema\\\/logo\\\/image\\\/\",\"url\":\"https:\\\/\\\/ipautomationinc.com\\\/wp-content\\\/uploads\\\/2022\\\/05\\\/IPA-Favicon.png\",\"contentUrl\":\"https:\\\/\\\/ipautomationinc.com\\\/wp-content\\\/uploads\\\/2022\\\/05\\\/IPA-Favicon.png\",\"width\":513,\"height\":513,\"caption\":\"IP Automation Inc\"},\"image\":{\"@id\":\"https:\\\/\\\/ipautomationinc.com\\\/#\\\/schema\\\/logo\\\/image\\\/\"},\"sameAs\":[\"https:\\\/\\\/www.facebook.com\\\/ipautomationinc\\\/\",\"https:\\\/\\\/www.linkedin.com\\\/company\\\/ip-automation-inc\\\/\",\"https:\\\/\\\/www.youtube.com\\\/@IPAutomation\"]}]}<\/script>\n<!-- \/ Yoast SEO plugin. -->","yoast_head_json":{"title":"Piegatrice per cavi CNC multistadio serie iD-MS | IP Automazione Inc","description":"La piegatrice per fili CNC serie iD-MS (multistadio) \u00e8 progettata per forme di filo specializzate ad alta precisione che richiedono operazioni di piegatura separate.","robots":{"index":"index","follow":"follow","max-snippet":"max-snippet:-1","max-image-preview":"max-image-preview:large","max-video-preview":"max-video-preview:-1"},"canonical":"https:\/\/ipautomationinc.com\/it\/serie-i-d-ms\/","og_locale":"it_IT","og_type":"article","og_title":"i-D-MS Series Multi-Stage CNC Wire Bender | IP Automation Inc","og_description":"The i-D-MS (Multi-stage) series CNC Wire Bender is designed for specialized high precision wire forms requiring separate bending operations.","og_url":"https:\/\/ipautomationinc.com\/it\/serie-i-d-ms\/","og_site_name":"IP Automation Inc","article_publisher":"https:\/\/www.facebook.com\/ipautomationinc\/","article_modified_time":"2026-02-24T16:12:40+00:00","og_image":[{"url":"https:\/\/ipautomationinc.com\/wp-content\/uploads\/2022\/09\/i-D-MS-RGB-1.png","type":"","width":"","height":""}],"schema":{"@context":"https:\/\/schema.org","@graph":[{"@type":"WebPage","@id":"https:\/\/ipautomationinc.com\/i-d-ms-series\/","url":"https:\/\/ipautomationinc.com\/i-d-ms-series\/","name":"Piegatrice per cavi CNC multistadio serie iD-MS | IP Automazione Inc","isPartOf":{"@id":"https:\/\/ipautomationinc.com\/#website"},"primaryImageOfPage":{"@id":"https:\/\/ipautomationinc.com\/i-d-ms-series\/#primaryimage"},"image":{"@id":"https:\/\/ipautomationinc.com\/i-d-ms-series\/#primaryimage"},"thumbnailUrl":"https:\/\/ipautomationinc.com\/wp-content\/uploads\/2022\/09\/i-D-MS-RGB-1.png","datePublished":"2022-06-16T21:54:35+00:00","dateModified":"2026-02-24T16:12:40+00:00","description":"La piegatrice per fili CNC serie iD-MS (multistadio) \u00e8 progettata per forme di filo specializzate ad alta precisione che richiedono operazioni di piegatura separate.","inLanguage":"it-IT","potentialAction":[{"@type":"ReadAction","target":["https:\/\/ipautomationinc.com\/i-d-ms-series\/"]}]},{"@type":"ImageObject","inLanguage":"it-IT","@id":"https:\/\/ipautomationinc.com\/i-d-ms-series\/#primaryimage","url":"https:\/\/ipautomationinc.com\/wp-content\/uploads\/2022\/09\/i-D-MS-RGB-1.png","contentUrl":"https:\/\/ipautomationinc.com\/wp-content\/uploads\/2022\/09\/i-D-MS-RGB-1.png"},{"@type":"WebSite","@id":"https:\/\/ipautomationinc.com\/#website","url":"https:\/\/ipautomationinc.com\/","name":"IP Automazione Inc","description":"Concetto... Creazione... Realt\u00e0...","publisher":{"@id":"https:\/\/ipautomationinc.com\/#organization"},"potentialAction":[{"@type":"SearchAction","target":{"@type":"EntryPoint","urlTemplate":"https:\/\/ipautomationinc.com\/?s={search_term_string}"},"query-input":{"@type":"PropertyValueSpecification","valueRequired":true,"valueName":"search_term_string"}}],"inLanguage":"it-IT"},{"@type":"Organization","@id":"https:\/\/ipautomationinc.com\/#organization","name":"IP Automazione Inc","url":"https:\/\/ipautomationinc.com\/","logo":{"@type":"ImageObject","inLanguage":"it-IT","@id":"https:\/\/ipautomationinc.com\/#\/schema\/logo\/image\/","url":"https:\/\/ipautomationinc.com\/wp-content\/uploads\/2022\/05\/IPA-Favicon.png","contentUrl":"https:\/\/ipautomationinc.com\/wp-content\/uploads\/2022\/05\/IPA-Favicon.png","width":513,"height":513,"caption":"IP Automation Inc"},"image":{"@id":"https:\/\/ipautomationinc.com\/#\/schema\/logo\/image\/"},"sameAs":["https:\/\/www.facebook.com\/ipautomationinc\/","https:\/\/www.linkedin.com\/company\/ip-automation-inc\/","https:\/\/www.youtube.com\/@IPAutomation"]}]}},"_links":{"self":[{"href":"https:\/\/ipautomationinc.com\/it\/wp-json\/wp\/v2\/pages\/1248","targetHints":{"allow":["GET"]}}],"collection":[{"href":"https:\/\/ipautomationinc.com\/it\/wp-json\/wp\/v2\/pages"}],"about":[{"href":"https:\/\/ipautomationinc.com\/it\/wp-json\/wp\/v2\/types\/page"}],"author":[{"embeddable":true,"href":"https:\/\/ipautomationinc.com\/it\/wp-json\/wp\/v2\/users\/3"}],"replies":[{"embeddable":true,"href":"https:\/\/ipautomationinc.com\/it\/wp-json\/wp\/v2\/comments?post=1248"}],"version-history":[{"count":3,"href":"https:\/\/ipautomationinc.com\/it\/wp-json\/wp\/v2\/pages\/1248\/revisions"}],"predecessor-version":[{"id":39491,"href":"https:\/\/ipautomationinc.com\/it\/wp-json\/wp\/v2\/pages\/1248\/revisions\/39491"}],"wp:attachment":[{"href":"https:\/\/ipautomationinc.com\/it\/wp-json\/wp\/v2\/media?parent=1248"}],"curies":[{"name":"parola chiave","href":"https:\/\/api.w.org\/{rel}","templated":true}]}}