{"id":1227,"date":"2022-06-16T12:52:49","date_gmt":"2022-06-16T17:52:49","guid":{"rendered":"https:\/\/ipautomationinc.com\/?page_id=1227"},"modified":"2026-03-31T15:29:40","modified_gmt":"2026-03-31T20:29:40","slug":"serie-i-s","status":"publish","type":"page","link":"https:\/\/ipautomationinc.com\/it\/i-s-series\/","title":{"rendered":"Piegafili CNC 3D serie iS"},"content":{"rendered":"<h6 class=\"wp-block-heading\"><strong>La piegafili CNC 3D serie iS \u00e8 un cavallo di battaglia intelligente. Il suo software intuitivo Intellibend con simulazione della macchina 3D e le caratteristiche uniche della macchina lo distinguono dalla concorrenza. Il design completamente elettrico a 6 assi riduce la complessit\u00e0 del sistema e aumenta prestazioni, affidabilit\u00e0 e precisione. \u00c8 disponibile una gamma fino a 8 raggi di curvatura. Il robusto sistema di taglio servoassistito abbinato a un sistema di alimentazione e piegatura a tutti gli ingranaggi completamente chiuso offre affidabilit\u00e0 e bassa manutenzione.<\/strong><\/h6>\n\n\n\n<p><\/p>\n\n\n\n<p><span class=\"builder2seo\"><\/span>Piegafili CNC a testa singola<br><br>Serie i-S<br><br><img decoding=\"async\" src=\"https:\/\/ipautomationinc.com\/wp-content\/uploads\/2023\/02\/i8-S-RGB-1.png\" alt=\"i8-S RGB\"><br>Piegafilo CNC i-SC 3D<br>400px<br>320px<br><br>Clicca qui per il video<br><a href=\"https:\/\/ipautomationinc.com\/it\/serie-i-s\/#video\">https:\/\/ipautomationinc.com\/i-s-series\/#video<\/a><br>fas fa-play-circle<br>tema_pulsante<br><br>Clicca qui per il volantino in PDF<br><a href=\"https:\/\/ipautomationinc.com\/wp-content\/uploads\/2025\/09\/2025-i-S-Bifold-Flyer.pdf\">https:\/\/ipautomationinc.com\/wp-content\/uploads\/2025\/09\/2025-i-S-Bifold-Flyer.pdf<\/a><br>fas fa-file-pdf<br>tema_pulsante<br>https:\/\/ipautomationinc.com\/wp-content\/uploads\/2025\/09\/2025-i-S-Bifold-Flyer.pdf<br><br>261,260,262,251,246<br>#0455B3<br>3px 3px 3px 3px<br><br><h4>La piegafili CNC 3D serie iS \u00e8 un cavallo di battaglia intelligente. Il suo software intuitivo Intellibend con simulazione della macchina 3D e le caratteristiche uniche della macchina lo distinguono dalla concorrenza. Il design completamente elettrico a 6 assi riduce la complessit\u00e0 del sistema e aumenta prestazioni, affidabilit\u00e0 e precisione. \u00c8 disponibile una gamma fino a 8 raggi di curvatura. Il robusto sistema di taglio servoassistito abbinato a un sistema di alimentazione e piegatura a tutti gli ingranaggi completamente chiuso offre affidabilit\u00e0 e bassa manutenzione. Le sue esclusive opzioni disponibili, come il meccanismo di alimentazione trasversale, risolvono i problemi di consistenza. Le unit\u00e0 di smussatura e coniatura mettono in linea i processi secondari. Un lungo elenco di opzioni avanzate rende questa macchina in grado di crescere insieme alla tua attivit\u00e0. L&#039;ampia gamma di opzioni e convenienza della serie iS la rendono un&#039;ottima scelta sia per le aziende principianti che per quelle avanzate di formatura del filo.<\/h4><br><br><h3>Applicazioni<\/h3><h4>Clip, supporti, componenti per espositori POP al dettaglio, ganci, molle, grucce, connettori, parti di elettrodomestici, protezioni per il viso, maniglie<\/h4><br>#EBEBEB<br><br><img decoding=\"async\" src=\"https:\/\/ipautomationinc.com\/wp-content\/uploads\/2023\/02\/i8-S-RGB-1.png\" alt=\"i8-S RGB\"><br>Piegafilo CNC 3D<br><br>Clicca qui per il video<br><a href=\"https:\/\/ipautomationinc.com\/it\/serie-i-s\/#video\">https:\/\/ipautomationinc.com\/i-s-series\/#video<\/a><br>fas fa-play-circle<br>tema_pulsante<br><br>Clicca qui per il volantino in PDF<br><a href=\"https:\/\/ipautomationinc.com\/wp-content\/uploads\/2025\/09\/2025-i-S-Bifold-Flyer.pdf\">https:\/\/ipautomationinc.com\/wp-content\/uploads\/2025\/09\/2025-i-S-Bifold-Flyer.pdf<\/a><br>fas fa-file-pdf<br>tema_pulsante<br>https:\/\/ipautomationinc.com\/wp-content\/uploads\/2025\/09\/2025-i-S-Bifold-Flyer.pdf<br><br>261,260,262,251,246<br>#0455B3<br>3px 3px 3px 3px<br>costume<br>80%<br><br><h4>La piegafili CNC 3D serie iS \u00e8 un cavallo di battaglia intelligente. Il suo software intuitivo Intellibend con simulazione della macchina 3D e le caratteristiche uniche della macchina lo distinguono dalla concorrenza. Il design completamente elettrico a 6 assi riduce la complessit\u00e0 del sistema e aumenta prestazioni, affidabilit\u00e0 e precisione. \u00c8 disponibile una gamma fino a 8 raggi di curvatura. Il robusto sistema di taglio servoassistito abbinato a un sistema di alimentazione e piegatura a tutti gli ingranaggi completamente chiuso offre affidabilit\u00e0 e bassa manutenzione. Le sue esclusive opzioni disponibili, come il meccanismo di alimentazione trasversale, risolvono i problemi di consistenza. Le unit\u00e0 di smussatura e coniatura mettono in linea i processi secondari. Un lungo elenco di opzioni avanzate rende questa macchina in grado di crescere insieme alla tua attivit\u00e0. L&#039;ampia gamma di opzioni e convenienza della serie iS la rendono un&#039;ottima scelta sia per le aziende principianti che per quelle avanzate di formatura del filo.<\/h4><br><br><h3>Applicazioni<\/h3><br><br><h4>Clip, supporti, componenti per espositori POP al dettaglio, ganci, molle, grucce, connettori, parti di elettrodomestici, protezioni per il viso, maniglie<\/h4><br>#EBEBEB<br><br><br>Media<br><br>;C;;<br><br>i13-SVideo<br><a href=\"https:\/\/player.vimeo.com\/video\/739757520\">https:\/\/player.vimeo.com\/video\/739757520<\/a><br>lightbox<br>tema_pulsante<br>exit-mfn-popup<br><br>Video i20-S<br><a href=\"https:\/\/player.vimeo.com\/video\/952466343\">https:\/\/player.vimeo.com\/video\/952466343<\/a><br>lightbox<br>tema_pulsante<br>exit-mfn-popup<br><br>1672,35650,1208,35649,1204<br>grande<br><br><br>Caratteristiche<br><br>Piegatura<br>Programmazione<br>Dettagli<br>Disposizione della macchina<br><br><br>\t6 Servo Axes: X &#8211; feed, Y &#8211; bender pin rotation, Z &#8211; arm rotation, T &#8211; center turret rotation, P &#8211; bend head height , C &#8211; cutter<br><br>\tSono possibili fino a 8 raggi di curvatura con l&#039;altezza della piegatrice regolabile<br><br>Gli ingegneri di IP Automation e le macchine CNC realizzano internamente teste di piegatura, taglierine e rulli trainafilo a costi ragionevoli e tempi di consegna rapidi<br><br><br><br><br>\t<a href=\"https:\/\/ipautomationinc.com\/it\/capacita-della-macchina\/\">Software Intellibend <\/a> sul sistema operativo Windows 10 con simulazione 3D<br><br>Formato del programma CNC Lunghezza-Rotazione-Angolo<br><br>\tDashboard di produzione, con programmazione di tariffe e lotti in tempo reale<br><br>\tSchermo multi-touch da 21,5\u2033<br><br>\tConnettivit\u00e0 remota tramite tunnel VPN<br><br>\tProtocollo OPC-UA per l&#039;industria 4.0<br><br>Sono disponibili funzioni I\/O personalizzate<br><br>\t<br><br><br>Sfruttamento del filo con capacit\u00e0 del braccio di movimento lineare: 3000 libbre. incluso (opzione 4500 libbre disponibile)<br><br>Gabbia di sicurezza da 7\u2032 (2,13 m) con porta con interblocco di sicurezza<br><br>Raddrizzafilo a doppio piano ad ampia gamma<br><br>Tutti i sistemi di azionamento di alimentazione e piegatura sono dotati di ingranaggi temprati e sono completamente chiusi.<br><br>Rulli di alimentazione temprati a ribaltamento rapido per 2 dimensioni di filo<br><br>Encoder lineare sull&#039;avanzamento del filo per precisione e rilevamento dello scorrimento<br><br>Stabilizzatore di filo<br><br>Superficie della matrice riaffilabile<br><br>Possibilit\u00e0 di formazione in loco<br><br>Possibilit\u00e0 di integrazione robotica<br><br><br><div class=\"image_frame image_item scale-with-grid element_classes no_border hover-disable mfn-img-box\"  role=\"link\" aria-label=\"Immagine con collegamenti\" tabindex=\"0\"><div class=\"image_wrapper\"><a href=\"https:\/\/ipautomationinc.com\/wp-content\/uploads\/2022\/07\/Machine-Layout-i6-i10.png\" rel=\"prettyphoto\"   class=\"\"  tabindex=\"-1\" title=\"\"><div class=\"mask\"><\/div><img decoding=\"async\" class=\"scale-with-grid\" src=\"https:\/\/ipautomationinc.com\/wp-content\/uploads\/2022\/07\/Machine-Layout-i6-i10.png\" fetchpriority=\"high\" alt=\"Layout della piegatrice per fili CNC 3D\" title=\"\" width=\"300\" height=\"620\" style=\"\"\/><\/a><div class=\"image_links\"><a href=\"https:\/\/ipautomationinc.com\/wp-content\/uploads\/2022\/07\/Machine-Layout-i6-i10.png\" class=\"zoom\" rel=\"prettyphoto\" tabindex=\"-1\" aria-label=\"ingrandire l&#039;immagine\" title=\"\"><svg viewbox=\"0 0 26 26\"><defs><style>.path{fill:none;stroke:#333;stroke-miterlimit:10;stroke-width:1.5px;}<\/style><\/defs><circle cx=\"11.35\" cy=\"11.35\" r=\"6\" class=\"path\"\/><line x1=\"15.59\" y1=\"15.59\" x2=\"20.65\" y2=\"20.65\" class=\"path\"\/><\/svg><\/a><\/div><\/div><p class=\"wp-caption-text\">i6-S - i10-S<\/p><\/div>\n<br><br><br><br><div class=\"image_frame image_item scale-with-grid element_classes no_border hover-disable mfn-img-box\"  role=\"link\" aria-label=\"Immagine con collegamenti\" tabindex=\"0\"><div class=\"image_wrapper\"><a href=\"https:\/\/ipautomationinc.com\/wp-content\/uploads\/2022\/06\/i13-S-Proposal-Layout.jpg\" rel=\"prettyphoto\"   class=\"\"  tabindex=\"-1\" title=\"\"><div class=\"mask\"><\/div><img decoding=\"async\" class=\"scale-with-grid\" src=\"https:\/\/ipautomationinc.com\/wp-content\/uploads\/2022\/06\/i13-S-Proposal-Layout.jpg\" fetchpriority=\"high\" alt=\"Layout della piegatrice per fili CNC 3D\" title=\"\" width=\"300\" height=\"622\" style=\"\"\/><\/a><div class=\"image_links\"><a href=\"https:\/\/ipautomationinc.com\/wp-content\/uploads\/2022\/06\/i13-S-Proposal-Layout.jpg\" class=\"zoom\" rel=\"prettyphoto\" tabindex=\"-1\" aria-label=\"ingrandire l&#039;immagine\" title=\"\"><svg viewbox=\"0 0 26 26\"><defs><style>.path{fill:none;stroke:#333;stroke-miterlimit:10;stroke-width:1.5px;}<\/style><\/defs><circle cx=\"11.35\" cy=\"11.35\" r=\"6\" class=\"path\"\/><line x1=\"15.59\" y1=\"15.59\" x2=\"20.65\" y2=\"20.65\" class=\"path\"\/><\/svg><\/a><\/div><\/div><p class=\"wp-caption-text\">i13-S<\/p><\/div>\n<br><br><br><br><div class=\"image_frame image_item scale-with-grid element_classes no_border hover-disable mfn-img-box\"  role=\"link\" aria-label=\"Immagine con collegamenti\" tabindex=\"0\"><div class=\"image_wrapper\"><a href=\"https:\/\/ipautomationinc.com\/wp-content\/uploads\/2024\/06\/i20-S-layout.png\" rel=\"prettyphoto\"   class=\"\"  tabindex=\"-1\" title=\"\"><div class=\"mask\"><\/div><img decoding=\"async\" class=\"scale-with-grid\" src=\"https:\/\/ipautomationinc.com\/wp-content\/uploads\/2024\/06\/i20-S-layout.png\" fetchpriority=\"high\" alt=\"Layout della piegatrice per fili CNC 3D\" title=\"\" width=\"300\" height=\"684\" style=\"\"\/><\/a><div class=\"image_links\"><a href=\"https:\/\/ipautomationinc.com\/wp-content\/uploads\/2024\/06\/i20-S-layout.png\" class=\"zoom\" rel=\"prettyphoto\" tabindex=\"-1\" aria-label=\"ingrandire l&#039;immagine\" title=\"\"><svg viewbox=\"0 0 26 26\"><defs><style>.path{fill:none;stroke:#333;stroke-miterlimit:10;stroke-width:1.5px;}<\/style><\/defs><circle cx=\"11.35\" cy=\"11.35\" r=\"6\" class=\"path\"\/><line x1=\"15.59\" y1=\"15.59\" x2=\"20.65\" y2=\"20.65\" class=\"path\"\/><\/svg><\/a><\/div><\/div><p class=\"wp-caption-text\">i20-S<\/p><\/div>\n<br>#EBEBEB<br>#222222<br><br><br>Specifiche<br><br><br><br><p>*La capacit\u00e0 del diametro minimo e massimo \u00e8 influenzata dalla resa a trazione del filo. Contattaci per chiarimenti sulla portata min\/max per il tuo tipo di filo.<\/p><br><br><br>Opzioni macchina<br><br>Robotica intelligente<br>con EOAT personalizzato<br><img decoding=\"async\" src=\"https:\/\/ipautomationinc.com\/wp-content\/uploads\/2022\/06\/machine-options_robot.png\" alt=\"opzioni-macchina_robot\"><br><a href=\"https:\/\/ipautomationinc.com\/it\/accessori\/robotica\/\">https:\/\/ipautomationinc.com\/accessories\/robotics\/<\/a><br>scala a scatola<br>70%<br><br>Centro di lavoro iFM<br><img decoding=\"async\" src=\"https:\/\/ipautomationinc.com\/wp-content\/uploads\/2023\/11\/ifm-icon-1.png#35422\" alt=\"icona ifm\"><br><a href=\"https:\/\/ipautomationinc.com\/it\/accessori\/centro-di-lavoro\/\">https:\/\/ipautomationinc.com\/accessories\/machining-center\/<\/a><br>scala a scatola<br>70%<br><br>Smussatura in linea<br><img decoding=\"async\" src=\"https:\/\/ipautomationinc.com\/wp-content\/uploads\/2024\/01\/internal-chamfer.png#35611\" alt=\"internal chamfer\"><br><a href=\"https:\/\/ipautomationinc.com\/it\/accessori\/smusso-in-linea\/\">https:\/\/ipautomationinc.com\/accessories\/in-line-chamfer\/<\/a><br>scala a scatola<br>70%<br><br>Stazione di smussatura\/foratura<br><img decoding=\"async\" src=\"https:\/\/ipautomationinc.com\/wp-content\/uploads\/2024\/08\/chamfer-drill.png#36736\" alt=\"trapano smussatore\"><br><a href=\"https:\/\/ipautomationinc.com\/it\/accessori\/trapano-smussatore\/\">https:\/\/ipautomationinc.com\/accessories\/chamfer-drill\/<\/a><br>scala a scatola<br>70%<br><br>Alimentatore\/raddrizzatore trasversale<br><img decoding=\"async\" src=\"https:\/\/ipautomationinc.com\/wp-content\/uploads\/2022\/06\/machine-options_traversing-straightener.png\" alt=\"machine-options_traversing-raddrizzatore\"><br>scala a scatola<br>70%<br><br>Testata fredda<br><img decoding=\"async\" src=\"https:\/\/ipautomationinc.com\/wp-content\/uploads\/2022\/06\/machine-options_cold-heading.png\" alt=\"opzioni-macchina_direzione-fredda\"><br>scala a scatola<br>70%<br><br>Stazione antistress<br><img decoding=\"async\" src=\"https:\/\/ipautomationinc.com\/wp-content\/uploads\/2022\/06\/machine-options_stress-relieving.png\" alt=\"opzioni-macchina_allevia-stress\"><br>scala a scatola<br>70%<br><br>Servopressa<br><img decoding=\"async\" src=\"https:\/\/ipautomationinc.com\/wp-content\/uploads\/2022\/06\/machine-options_servo-press.png\" alt=\"opzioni-macchina_servo-press\"><br>scala a scatola<br>70%<br><br>Ispezione della vista<br><img decoding=\"async\" src=\"https:\/\/ipautomationinc.com\/wp-content\/uploads\/2022\/06\/machine-options_vision-inspection-closeup.png\" alt=\"opzioni-macchina_visione-ispezione-primo piano\"><br>scala a scatola<br>70%<br><br>Ottieni i prezzi adesso!<br>icona-inoltra<br><a href=\"https:\/\/ipautomationinc.com\/it\/contattaci\/#form\">https:\/\/ipautomationinc.com\/contact-us\/#form<\/a><br>50px<br><br>Altre macchine piegatubi CNC<br><br><h4>Serie i-S\u00b2<\/h4><br><br><p><hr class=\"no_line\" style=\"margin: 0 auto 0px auto\"\/>\n <a href=\"https:\/\/ipautomationinc.com\/it\/serie-i-s-quadrata\/\"> <img decoding=\"async\" src=\"https:\/\/ipautomationinc.com\/wp-content\/uploads\/2024\/08\/i10-S\u00b2-rgb.png\" alt=\"Formatrice di filo CNC i-S\u00b2\"> <\/a> <hr class=\"no_line\" style=\"margin: 0 auto 0px auto\"\/>\n<\/p><br><br><p>La piegatrice per cavi CNC 3D della serie S\u00b2 offre versatilit\u00e0 a doppia torretta e capacit\u00e0 di piegatura dei tubi alla serie S da 2-13 mm<\/p><br><br><a class=\"mfn-link mfn-link-1\" href=\"\" style=\"\" data-hover=\"\"   ><span data-hover=\"\"><\/span><\/a><br>nessuna ripetizione; in alto a sinistra;;<br>auto<br><br><h4>Serie i-SC<\/h4><br><br><p><hr class=\"no_line\" style=\"margin: 0 auto 0px auto\"\/>\n <a href=\"https:\/\/ipautomationinc.com\/it\/serie-i-sc\/\"> <img decoding=\"async\" src=\"https:\/\/ipautomationinc.com\/wp-content\/uploads\/2025\/09\/i8-SC-RGB.png\" alt=\"\"> <\/a> <hr class=\"no_line\" style=\"margin: 0 auto 0px auto\"\/>\n<\/p><br><br><p>La serie SC \u00e8 una macchina perfetta per forme di filo 3D pi\u00f9 corte da filo da 2-8 mm<\/p><br><br><a class=\"mfn-link mfn-link-1\" href=\"\" style=\"\" data-hover=\"\"   ><span data-hover=\"\"><\/span><\/a><br>nessuna ripetizione; in alto a sinistra;;<br>auto<br><br><h4>Serie i-S\u00b2-P<\/h4><br><br><p><hr class=\"no_line\" style=\"margin: 0 auto 0px auto\"\/>\n <a href=\"https:\/\/ipautomationinc.com\/it\/serie-i-s-quadrata-p\/\"> <img decoding=\"async\" src=\"https:\/\/ipautomationinc.com\/wp-content\/uploads\/2026\/02\/i10-S\u00b2-P-Single-Piece-3D-CNC-Wire-Bender.png\" alt=\"Macchina per la formatura di fili CNC monoblocco i-S\u00b2-P\"> <\/a> <hr class=\"no_line\" style=\"margin: 0 auto 0px auto\"\/>\n<\/p><br><br><p>La serie S\u00b2-P \u00e8 progettata per semplificare il lavoro su fili sagomati difficili da 2,5 a 13 mm<\/p><br><br><a class=\"mfn-link mfn-link-1\" href=\"\" style=\"\" data-hover=\"\"   ><span data-hover=\"\"><\/span><\/a><br>nessuna ripetizione; in alto a sinistra;;<br>auto<br><br><\/p>","protected":false},"excerpt":{"rendered":"<p>The i-S series 3D CNC wire bender is a smart workhorse. It\u2019s intuitive Intellibend software with 3D machine simulation and<span class=\"excerpt-hellip\"> [\u2026]<\/span><\/p>\n","protected":false},"author":3,"featured_media":0,"parent":0,"menu_order":0,"comment_status":"closed","ping_status":"closed","template":"","meta":{"footnotes":""},"class_list":["post-1227","page","type-page","status-publish","hentry"],"yoast_head":"<!-- This site is optimized with the Yoast SEO plugin v27.3 - https:\/\/yoast.com\/product\/yoast-seo-wordpress\/ -->\n<title>i-S Series 3D CNC Wire Bender | IP Automation Inc<\/title>\n<meta name=\"description\" content=\"The i-S series 3D CNC wire bender is a smart workhorse. All-electric 6 axis design, up to 8 bending radii, 3d simulation.\" \/>\n<meta name=\"robots\" content=\"index, follow, max-snippet:-1, max-image-preview:large, max-video-preview:-1\" \/>\n<link rel=\"canonical\" href=\"https:\/\/ipautomationinc.com\/it\/serie-i-s\/\" \/>\n<meta property=\"og:locale\" content=\"it_IT\" \/>\n<meta property=\"og:type\" content=\"article\" \/>\n<meta property=\"og:title\" content=\"i-S Series 3D CNC Wire Bender | IP Automation Inc\" \/>\n<meta property=\"og:description\" content=\"The i-S series 3D CNC wire bender is a smart workhorse. All-electric 6 axis design, up to 8 bending radii, 3d simulation.\" \/>\n<meta property=\"og:url\" content=\"https:\/\/ipautomationinc.com\/it\/serie-i-s\/\" \/>\n<meta property=\"og:site_name\" content=\"IP Automation Inc\" \/>\n<meta property=\"article:publisher\" content=\"https:\/\/www.facebook.com\/ipautomationinc\/\" \/>\n<meta property=\"article:modified_time\" content=\"2026-03-31T20:29:40+00:00\" \/>\n<meta property=\"og:image\" content=\"https:\/\/ipautomationinc.com\/wp-content\/uploads\/2023\/02\/i8-S-RGB-1.png\" \/>\n<script type=\"application\/ld+json\" class=\"yoast-schema-graph\">{\"@context\":\"https:\\\/\\\/schema.org\",\"@graph\":[{\"@type\":\"WebPage\",\"@id\":\"https:\\\/\\\/ipautomationinc.com\\\/i-s-series\\\/\",\"url\":\"https:\\\/\\\/ipautomationinc.com\\\/i-s-series\\\/\",\"name\":\"i-S Series 3D CNC Wire Bender | IP Automation Inc\",\"isPartOf\":{\"@id\":\"https:\\\/\\\/ipautomationinc.com\\\/#website\"},\"primaryImageOfPage\":{\"@id\":\"https:\\\/\\\/ipautomationinc.com\\\/i-s-series\\\/#primaryimage\"},\"image\":{\"@id\":\"https:\\\/\\\/ipautomationinc.com\\\/i-s-series\\\/#primaryimage\"},\"thumbnailUrl\":\"https:\\\/\\\/ipautomationinc.com\\\/wp-content\\\/uploads\\\/2023\\\/02\\\/i8-S-RGB-1.png\",\"datePublished\":\"2022-06-16T17:52:49+00:00\",\"dateModified\":\"2026-03-31T20:29:40+00:00\",\"description\":\"The i-S series 3D CNC wire bender is a smart workhorse. All-electric 6 axis design, up to 8 bending radii, 3d simulation.\",\"inLanguage\":\"it-IT\",\"potentialAction\":[{\"@type\":\"ReadAction\",\"target\":[\"https:\\\/\\\/ipautomationinc.com\\\/i-s-series\\\/\"]}]},{\"@type\":\"ImageObject\",\"inLanguage\":\"it-IT\",\"@id\":\"https:\\\/\\\/ipautomationinc.com\\\/i-s-series\\\/#primaryimage\",\"url\":\"https:\\\/\\\/ipautomationinc.com\\\/wp-content\\\/uploads\\\/2023\\\/02\\\/i8-S-RGB-1.png\",\"contentUrl\":\"https:\\\/\\\/ipautomationinc.com\\\/wp-content\\\/uploads\\\/2023\\\/02\\\/i8-S-RGB-1.png\"},{\"@type\":\"WebSite\",\"@id\":\"https:\\\/\\\/ipautomationinc.com\\\/#website\",\"url\":\"https:\\\/\\\/ipautomationinc.com\\\/\",\"name\":\"IP Automation Inc\",\"description\":\"Concept... Creation... Reality...\",\"publisher\":{\"@id\":\"https:\\\/\\\/ipautomationinc.com\\\/#organization\"},\"potentialAction\":[{\"@type\":\"SearchAction\",\"target\":{\"@type\":\"EntryPoint\",\"urlTemplate\":\"https:\\\/\\\/ipautomationinc.com\\\/?s={search_term_string}\"},\"query-input\":{\"@type\":\"PropertyValueSpecification\",\"valueRequired\":true,\"valueName\":\"search_term_string\"}}],\"inLanguage\":\"it-IT\"},{\"@type\":\"Organization\",\"@id\":\"https:\\\/\\\/ipautomationinc.com\\\/#organization\",\"name\":\"IP Automation Inc\",\"url\":\"https:\\\/\\\/ipautomationinc.com\\\/\",\"logo\":{\"@type\":\"ImageObject\",\"inLanguage\":\"it-IT\",\"@id\":\"https:\\\/\\\/ipautomationinc.com\\\/#\\\/schema\\\/logo\\\/image\\\/\",\"url\":\"https:\\\/\\\/ipautomationinc.com\\\/wp-content\\\/uploads\\\/2022\\\/05\\\/IPA-Favicon.png\",\"contentUrl\":\"https:\\\/\\\/ipautomationinc.com\\\/wp-content\\\/uploads\\\/2022\\\/05\\\/IPA-Favicon.png\",\"width\":513,\"height\":513,\"caption\":\"IP Automation Inc\"},\"image\":{\"@id\":\"https:\\\/\\\/ipautomationinc.com\\\/#\\\/schema\\\/logo\\\/image\\\/\"},\"sameAs\":[\"https:\\\/\\\/www.facebook.com\\\/ipautomationinc\\\/\",\"https:\\\/\\\/www.linkedin.com\\\/company\\\/ip-automation-inc\\\/\",\"https:\\\/\\\/www.youtube.com\\\/@IPAutomation\"]}]}<\/script>\n<!-- \/ Yoast SEO plugin. -->","yoast_head_json":{"title":"Piegafili CNC 3D serie iS | IP Automazione Inc","description":"La piegafili CNC 3D serie iS \u00e8 un cavallo di battaglia intelligente. Design completamente elettrico a 6 assi, fino a 8 raggi di curvatura, simulazione 3D.","robots":{"index":"index","follow":"follow","max-snippet":"max-snippet:-1","max-image-preview":"max-image-preview:large","max-video-preview":"max-video-preview:-1"},"canonical":"https:\/\/ipautomationinc.com\/it\/serie-i-s\/","og_locale":"it_IT","og_type":"article","og_title":"i-S Series 3D CNC Wire Bender | IP Automation Inc","og_description":"The i-S series 3D CNC wire bender is a smart workhorse. All-electric 6 axis design, up to 8 bending radii, 3d simulation.","og_url":"https:\/\/ipautomationinc.com\/it\/serie-i-s\/","og_site_name":"IP Automation Inc","article_publisher":"https:\/\/www.facebook.com\/ipautomationinc\/","article_modified_time":"2026-03-31T20:29:40+00:00","og_image":[{"url":"https:\/\/ipautomationinc.com\/wp-content\/uploads\/2023\/02\/i8-S-RGB-1.png","type":"","width":"","height":""}],"schema":{"@context":"https:\/\/schema.org","@graph":[{"@type":"WebPage","@id":"https:\/\/ipautomationinc.com\/i-s-series\/","url":"https:\/\/ipautomationinc.com\/i-s-series\/","name":"Piegafili CNC 3D serie iS | IP Automazione Inc","isPartOf":{"@id":"https:\/\/ipautomationinc.com\/#website"},"primaryImageOfPage":{"@id":"https:\/\/ipautomationinc.com\/i-s-series\/#primaryimage"},"image":{"@id":"https:\/\/ipautomationinc.com\/i-s-series\/#primaryimage"},"thumbnailUrl":"https:\/\/ipautomationinc.com\/wp-content\/uploads\/2023\/02\/i8-S-RGB-1.png","datePublished":"2022-06-16T17:52:49+00:00","dateModified":"2026-03-31T20:29:40+00:00","description":"La piegafili CNC 3D serie iS \u00e8 un cavallo di battaglia intelligente. Design completamente elettrico a 6 assi, fino a 8 raggi di curvatura, simulazione 3D.","inLanguage":"it-IT","potentialAction":[{"@type":"ReadAction","target":["https:\/\/ipautomationinc.com\/i-s-series\/"]}]},{"@type":"ImageObject","inLanguage":"it-IT","@id":"https:\/\/ipautomationinc.com\/i-s-series\/#primaryimage","url":"https:\/\/ipautomationinc.com\/wp-content\/uploads\/2023\/02\/i8-S-RGB-1.png","contentUrl":"https:\/\/ipautomationinc.com\/wp-content\/uploads\/2023\/02\/i8-S-RGB-1.png"},{"@type":"WebSite","@id":"https:\/\/ipautomationinc.com\/#website","url":"https:\/\/ipautomationinc.com\/","name":"IP Automazione Inc","description":"Concetto... Creazione... Realt\u00e0...","publisher":{"@id":"https:\/\/ipautomationinc.com\/#organization"},"potentialAction":[{"@type":"SearchAction","target":{"@type":"EntryPoint","urlTemplate":"https:\/\/ipautomationinc.com\/?s={search_term_string}"},"query-input":{"@type":"PropertyValueSpecification","valueRequired":true,"valueName":"search_term_string"}}],"inLanguage":"it-IT"},{"@type":"Organization","@id":"https:\/\/ipautomationinc.com\/#organization","name":"IP Automazione Inc","url":"https:\/\/ipautomationinc.com\/","logo":{"@type":"ImageObject","inLanguage":"it-IT","@id":"https:\/\/ipautomationinc.com\/#\/schema\/logo\/image\/","url":"https:\/\/ipautomationinc.com\/wp-content\/uploads\/2022\/05\/IPA-Favicon.png","contentUrl":"https:\/\/ipautomationinc.com\/wp-content\/uploads\/2022\/05\/IPA-Favicon.png","width":513,"height":513,"caption":"IP Automation Inc"},"image":{"@id":"https:\/\/ipautomationinc.com\/#\/schema\/logo\/image\/"},"sameAs":["https:\/\/www.facebook.com\/ipautomationinc\/","https:\/\/www.linkedin.com\/company\/ip-automation-inc\/","https:\/\/www.youtube.com\/@IPAutomation"]}]}},"_links":{"self":[{"href":"https:\/\/ipautomationinc.com\/it\/wp-json\/wp\/v2\/pages\/1227","targetHints":{"allow":["GET"]}}],"collection":[{"href":"https:\/\/ipautomationinc.com\/it\/wp-json\/wp\/v2\/pages"}],"about":[{"href":"https:\/\/ipautomationinc.com\/it\/wp-json\/wp\/v2\/types\/page"}],"author":[{"embeddable":true,"href":"https:\/\/ipautomationinc.com\/it\/wp-json\/wp\/v2\/users\/3"}],"replies":[{"embeddable":true,"href":"https:\/\/ipautomationinc.com\/it\/wp-json\/wp\/v2\/comments?post=1227"}],"version-history":[{"count":3,"href":"https:\/\/ipautomationinc.com\/it\/wp-json\/wp\/v2\/pages\/1227\/revisions"}],"predecessor-version":[{"id":39516,"href":"https:\/\/ipautomationinc.com\/it\/wp-json\/wp\/v2\/pages\/1227\/revisions\/39516"}],"wp:attachment":[{"href":"https:\/\/ipautomationinc.com\/it\/wp-json\/wp\/v2\/media?parent=1227"}],"curies":[{"name":"parola chiave","href":"https:\/\/api.w.org\/{rel}","templated":true}]}}