{"id":6172,"date":"2023-01-17T11:16:28","date_gmt":"2023-01-17T17:16:28","guid":{"rendered":"https:\/\/ipautomationinc.com\/?page_id=6172"},"modified":"2025-08-11T10:35:21","modified_gmt":"2025-08-11T15:35:21","slug":"soudeuses-automatisees","status":"publish","type":"page","link":"https:\/\/ipautomationinc.com\/fr\/accessories\/automated-welders\/","title":{"rendered":"Soudeurs automatis\u00e9s"},"content":{"rendered":"<h6 class=\"wp-block-heading\"><strong>Les op\u00e9rations de soudage peuvent facilement \u00eatre int\u00e9gr\u00e9es \u00e0 vos op\u00e9rations de formage de fils, \u00e9liminant ainsi les co\u00fbts de main-d&#039;\u0153uvre et les variations de processus. IP Automation propose des solutions enti\u00e8rement automatis\u00e9es pour les besoins les plus courants de l\u2019industrie. Nous concevons et construisons des soudeuses sp\u00e9cifiquement pour les formes de fil et pouvons int\u00e9grer d\u2019autres soudeuses de production. Nos comp\u00e9tences et notre exp\u00e9rience en int\u00e9gration de soudage robotis\u00e9 vous fourniront une solution fiable et flexible pour un fonctionnement sans probl\u00e8me.<\/strong><\/h6>\n\n\n\n<p>&gt;retour aux accessoires<br>h2<br><a href=\"https:\/\/ipautomationinc.com\/fr\/accessoires\/\">https:\/\/ipautomationinc.com\/accessories\/<\/a><br>centre centre<br>gauche<br>#949494<br>cacher<br><br>Soudeurs automatis\u00e9s<br>h1<br>centre centre<br>gauche<br>cacher<br><br><h4>Les op\u00e9rations de soudage peuvent facilement \u00eatre int\u00e9gr\u00e9es \u00e0 vos op\u00e9rations de formage de fils, \u00e9liminant ainsi les co\u00fbts de main-d&#039;\u0153uvre et les variations de processus. IP Automation propose des solutions enti\u00e8rement automatis\u00e9es pour les besoins les plus courants de l\u2019industrie.<\/h4>\r<br><h4>Nous concevons et construisons des soudeuses sp\u00e9cifiquement pour les formes de fil et pouvons int\u00e9grer d\u2019autres soudeuses de production. Nos comp\u00e9tences et notre exp\u00e9rience en int\u00e9gration de soudage robotis\u00e9 vous fourniront une solution fiable et flexible pour un fonctionnement sans probl\u00e8me.<\/h4><br>#000000<br>cacher<br><br><img decoding=\"async\" src=\"https:\/\/ipautomationinc.com\/wp-content\/uploads\/2023\/08\/machine-options_BW-45.png#29270\" alt=\"options-machine_BW-45\" \/><br>complet<br>contenir<br>centre centre<br>cacher<br><br>BW-45<br>h3<br>centre centre<br>centre<br>cacher<br><br>Soudeur bout \u00e0 bout et lisseur<br>h4<br>centre centre<br>centre<br>cacher<br><br>N\u00e9cessite une int\u00e9gration robotique<br>h5<br>centre centre<br>centre<br>cacher<br><br><img decoding=\"async\" src=\"https:\/\/ipautomationinc.com\/wp-content\/uploads\/2023\/08\/machine-options_iBW-100.png#29271\" alt=\"options-machine_iBW-100\" \/><br>complet<br>contenir<br>centre centre<br>centre<br>cacher<br><br>iBW-100<br>h3<br>centre centre<br>centre<br>cacher<br><br>Soudeur bout \u00e0 bout MFDC<br>h4<br>centre centre<br>centre<br>cacher<br><br><img decoding=\"async\" src=\"https:\/\/ipautomationinc.com\/wp-content\/uploads\/2022\/10\/45kw-butt-welder-e1673550910746.png\" alt=\"soudeuse bout \u00e0 bout 45kw\" \/><br>complet<br>contenir<br>centre centre<br>cacher<br><br>ABW-45<br>h3<br>centre centre<br>centre<br>cacher<br><br>Soudeuse bout \u00e0 bout automatique pour machines 2D<br>h4<br>centre centre<br>centre<br>cacher<br><br><img decoding=\"async\" src=\"https:\/\/ipautomationinc.com\/wp-content\/uploads\/2023\/01\/spot-welder.png\" alt=\"soudeur par points\" \/><br>complet<br>contenir<br>centre centre<br>cacher<br><br>Soudeur par points<br>h3<br>centre centre<br>centre<br>cacher<br><br>Bras robotique ou culbuteur<br>h4<br>centre centre<br>centre<br>cacher<br><br>40<br>cacher<br><br>M\u00e9dias<br>h3<br>centre centre<br>centre<br>cacher<br><br>788795524<br>contenir<br>centre centre<br>cacher<br><br>40<br>cacher<br><br>Caract\u00e9ristiques<br>h3<br>centre centre<br>centre<br>cacher<br><br>Principales caract\u00e9ristiques<br>D\u00e9tails<br>Solutions personnalis\u00e9es<br>\r<br>Alignement et compression automatis\u00e9s des extr\u00e9mit\u00e9s des fils\r<br>Soudeuses par r\u00e9sistance avec contr\u00f4leurs r\u00e9glables\r<br>\u00c9lectrodes faciles \u00e0 remplacer et \u00e0 ajuster\r<br>L&#039;option de sertissage lisse les soudures chaudes pour une meilleure esth\u00e9tique\r<br>Int\u00e9gration transparente avec nos cintreuses de fils\r<br>Capacit\u00e9 \u00e0 souder des pi\u00e8ces embouties avec des formes en fil\r<br><br>\r<br>Les soudeurs n\u00e9cessitent un refroidissement liquide \u2013 des refroidisseurs de soudage sont disponibles si le refroidisseur d&#039;usine n&#039;est pas disponible\r<br>Options CA et CC disponibles Norme 460 V\r<br>Capacit\u00e9 jusqu&#039;\u00e0 12 mm de diam\u00e8tre\r<br>45KVA et plus<br>\r<br>Outillage de fixation de fils\r<br>Automatisation du soudage en T\r<br>Automatisation du soudage continu\r<br>Soudage Mig, Tig, laser\r<br>Cellule de soudage robotis\u00e9e \u00e0 chargement manuel pour formes en fil\r<br><br>centre<br>#EBEBEB<br>#222222<br>cacher<br><br><\/p>","protected":false},"excerpt":{"rendered":"<p>Welding operations can easily be integrated into your wire forming operation &#8211; eliminating labor cost and process variation. IP Automation<span class=\"excerpt-hellip\"> [\u2026]<\/span><\/p>\n","protected":false},"author":3,"featured_media":0,"parent":7745,"menu_order":0,"comment_status":"closed","ping_status":"closed","template":"","meta":{"footnotes":""},"class_list":["post-6172","page","type-page","status-publish","hentry"],"yoast_head":"<!-- This site is optimized with the Yoast SEO plugin v27.3 - https:\/\/yoast.com\/product\/yoast-seo-wordpress\/ -->\n<title>Automated Welders | IP Automation Inc<\/title>\n<meta name=\"description\" content=\"Check out our various types of automated welders that can be easily integrated with your wire forming operation.\" \/>\n<meta name=\"robots\" content=\"index, follow, max-snippet:-1, max-image-preview:large, max-video-preview:-1\" \/>\n<link rel=\"canonical\" href=\"https:\/\/ipautomationinc.com\/fr\/accessoires\/soudeuses-automatisees\/\" \/>\n<meta property=\"og:locale\" content=\"fr_FR\" \/>\n<meta property=\"og:type\" content=\"article\" \/>\n<meta property=\"og:title\" content=\"Automated Welders | IP Automation Inc\" \/>\n<meta property=\"og:description\" content=\"Check out our various types of automated welders that can be easily integrated with your wire forming operation.\" \/>\n<meta property=\"og:url\" content=\"https:\/\/ipautomationinc.com\/fr\/accessoires\/soudeuses-automatisees\/\" \/>\n<meta property=\"og:site_name\" content=\"IP Automation Inc\" \/>\n<meta property=\"article:publisher\" content=\"https:\/\/www.facebook.com\/ipautomationinc\/\" \/>\n<meta property=\"article:modified_time\" content=\"2025-08-11T15:35:21+00:00\" \/>\n<meta property=\"og:image\" content=\"https:\/\/ipautomationinc.com\/wp-content\/uploads\/2023\/08\/machine-options_BW-45.png#29270\" \/>\n<script type=\"application\/ld+json\" class=\"yoast-schema-graph\">{\"@context\":\"https:\\\/\\\/schema.org\",\"@graph\":[{\"@type\":\"WebPage\",\"@id\":\"https:\\\/\\\/ipautomationinc.com\\\/accessories\\\/automated-welders\\\/\",\"url\":\"https:\\\/\\\/ipautomationinc.com\\\/accessories\\\/automated-welders\\\/\",\"name\":\"Automated Welders | IP Automation Inc\",\"isPartOf\":{\"@id\":\"https:\\\/\\\/ipautomationinc.com\\\/#website\"},\"primaryImageOfPage\":{\"@id\":\"https:\\\/\\\/ipautomationinc.com\\\/accessories\\\/automated-welders\\\/#primaryimage\"},\"image\":{\"@id\":\"https:\\\/\\\/ipautomationinc.com\\\/accessories\\\/automated-welders\\\/#primaryimage\"},\"thumbnailUrl\":\"https:\\\/\\\/ipautomationinc.com\\\/wp-content\\\/uploads\\\/2023\\\/08\\\/machine-options_BW-45.png#29270\",\"datePublished\":\"2023-01-17T17:16:28+00:00\",\"dateModified\":\"2025-08-11T15:35:21+00:00\",\"description\":\"Check out our various types of automated welders that can be easily integrated with your wire forming operation.\",\"breadcrumb\":{\"@id\":\"https:\\\/\\\/ipautomationinc.com\\\/accessories\\\/automated-welders\\\/#breadcrumb\"},\"inLanguage\":\"fr-FR\",\"potentialAction\":[{\"@type\":\"ReadAction\",\"target\":[\"https:\\\/\\\/ipautomationinc.com\\\/accessories\\\/automated-welders\\\/\"]}]},{\"@type\":\"ImageObject\",\"inLanguage\":\"fr-FR\",\"@id\":\"https:\\\/\\\/ipautomationinc.com\\\/accessories\\\/automated-welders\\\/#primaryimage\",\"url\":\"https:\\\/\\\/ipautomationinc.com\\\/wp-content\\\/uploads\\\/2023\\\/08\\\/machine-options_BW-45.png#29270\",\"contentUrl\":\"https:\\\/\\\/ipautomationinc.com\\\/wp-content\\\/uploads\\\/2023\\\/08\\\/machine-options_BW-45.png#29270\"},{\"@type\":\"BreadcrumbList\",\"@id\":\"https:\\\/\\\/ipautomationinc.com\\\/accessories\\\/automated-welders\\\/#breadcrumb\",\"itemListElement\":[{\"@type\":\"ListItem\",\"position\":1,\"name\":\"Accessories\",\"item\":\"https:\\\/\\\/ipautomationinc.com\\\/accessories\\\/\"},{\"@type\":\"ListItem\",\"position\":2,\"name\":\"Automated Welders\"}]},{\"@type\":\"WebSite\",\"@id\":\"https:\\\/\\\/ipautomationinc.com\\\/#website\",\"url\":\"https:\\\/\\\/ipautomationinc.com\\\/\",\"name\":\"IP Automation Inc\",\"description\":\"Concept... Creation... Reality...\",\"publisher\":{\"@id\":\"https:\\\/\\\/ipautomationinc.com\\\/#organization\"},\"potentialAction\":[{\"@type\":\"SearchAction\",\"target\":{\"@type\":\"EntryPoint\",\"urlTemplate\":\"https:\\\/\\\/ipautomationinc.com\\\/?s={search_term_string}\"},\"query-input\":{\"@type\":\"PropertyValueSpecification\",\"valueRequired\":true,\"valueName\":\"search_term_string\"}}],\"inLanguage\":\"fr-FR\"},{\"@type\":\"Organization\",\"@id\":\"https:\\\/\\\/ipautomationinc.com\\\/#organization\",\"name\":\"IP Automation Inc\",\"url\":\"https:\\\/\\\/ipautomationinc.com\\\/\",\"logo\":{\"@type\":\"ImageObject\",\"inLanguage\":\"fr-FR\",\"@id\":\"https:\\\/\\\/ipautomationinc.com\\\/#\\\/schema\\\/logo\\\/image\\\/\",\"url\":\"https:\\\/\\\/ipautomationinc.com\\\/wp-content\\\/uploads\\\/2022\\\/05\\\/IPA-Favicon.png\",\"contentUrl\":\"https:\\\/\\\/ipautomationinc.com\\\/wp-content\\\/uploads\\\/2022\\\/05\\\/IPA-Favicon.png\",\"width\":513,\"height\":513,\"caption\":\"IP Automation Inc\"},\"image\":{\"@id\":\"https:\\\/\\\/ipautomationinc.com\\\/#\\\/schema\\\/logo\\\/image\\\/\"},\"sameAs\":[\"https:\\\/\\\/www.facebook.com\\\/ipautomationinc\\\/\",\"https:\\\/\\\/www.linkedin.com\\\/company\\\/ip-automation-inc\\\/\",\"https:\\\/\\\/www.youtube.com\\\/@IPAutomation\"]}]}<\/script>\n<!-- \/ Yoast SEO plugin. -->","yoast_head_json":{"title":"Soudeurs automatis\u00e9s | IP Automatisation Inc","description":"D\u00e9couvrez nos diff\u00e9rents types de soudeuses automatis\u00e9es qui peuvent \u00eatre facilement int\u00e9gr\u00e9es \u00e0 votre op\u00e9ration de formage de fil.","robots":{"index":"index","follow":"follow","max-snippet":"max-snippet:-1","max-image-preview":"max-image-preview:large","max-video-preview":"max-video-preview:-1"},"canonical":"https:\/\/ipautomationinc.com\/fr\/accessoires\/soudeuses-automatisees\/","og_locale":"fr_FR","og_type":"article","og_title":"Automated Welders | IP Automation Inc","og_description":"Check out our various types of automated welders that can be easily integrated with your wire forming operation.","og_url":"https:\/\/ipautomationinc.com\/fr\/accessoires\/soudeuses-automatisees\/","og_site_name":"IP Automation Inc","article_publisher":"https:\/\/www.facebook.com\/ipautomationinc\/","article_modified_time":"2025-08-11T15:35:21+00:00","og_image":[{"url":"https:\/\/ipautomationinc.com\/wp-content\/uploads\/2023\/08\/machine-options_BW-45.png#29270","type":"","width":"","height":""}],"schema":{"@context":"https:\/\/schema.org","@graph":[{"@type":"WebPage","@id":"https:\/\/ipautomationinc.com\/accessories\/automated-welders\/","url":"https:\/\/ipautomationinc.com\/accessories\/automated-welders\/","name":"Soudeurs automatis\u00e9s | IP Automatisation Inc","isPartOf":{"@id":"https:\/\/ipautomationinc.com\/#website"},"primaryImageOfPage":{"@id":"https:\/\/ipautomationinc.com\/accessories\/automated-welders\/#primaryimage"},"image":{"@id":"https:\/\/ipautomationinc.com\/accessories\/automated-welders\/#primaryimage"},"thumbnailUrl":"https:\/\/ipautomationinc.com\/wp-content\/uploads\/2023\/08\/machine-options_BW-45.png#29270","datePublished":"2023-01-17T17:16:28+00:00","dateModified":"2025-08-11T15:35:21+00:00","description":"D\u00e9couvrez nos diff\u00e9rents types de soudeuses automatis\u00e9es qui peuvent \u00eatre facilement int\u00e9gr\u00e9es \u00e0 votre op\u00e9ration de formage de fil.","breadcrumb":{"@id":"https:\/\/ipautomationinc.com\/accessories\/automated-welders\/#breadcrumb"},"inLanguage":"fr-FR","potentialAction":[{"@type":"ReadAction","target":["https:\/\/ipautomationinc.com\/accessories\/automated-welders\/"]}]},{"@type":"ImageObject","inLanguage":"fr-FR","@id":"https:\/\/ipautomationinc.com\/accessories\/automated-welders\/#primaryimage","url":"https:\/\/ipautomationinc.com\/wp-content\/uploads\/2023\/08\/machine-options_BW-45.png#29270","contentUrl":"https:\/\/ipautomationinc.com\/wp-content\/uploads\/2023\/08\/machine-options_BW-45.png#29270"},{"@type":"BreadcrumbList","@id":"https:\/\/ipautomationinc.com\/accessories\/automated-welders\/#breadcrumb","itemListElement":[{"@type":"ListItem","position":1,"name":"Accessories","item":"https:\/\/ipautomationinc.com\/accessories\/"},{"@type":"ListItem","position":2,"name":"Automated Welders"}]},{"@type":"WebSite","@id":"https:\/\/ipautomationinc.com\/#website","url":"https:\/\/ipautomationinc.com\/","name":"IP Automatisation Inc","description":"Concept... Cr\u00e9ation... R\u00e9alit\u00e9...","publisher":{"@id":"https:\/\/ipautomationinc.com\/#organization"},"potentialAction":[{"@type":"SearchAction","target":{"@type":"EntryPoint","urlTemplate":"https:\/\/ipautomationinc.com\/?s={search_term_string}"},"query-input":{"@type":"PropertyValueSpecification","valueRequired":true,"valueName":"search_term_string"}}],"inLanguage":"fr-FR"},{"@type":"Organization","@id":"https:\/\/ipautomationinc.com\/#organization","name":"IP Automatisation Inc","url":"https:\/\/ipautomationinc.com\/","logo":{"@type":"ImageObject","inLanguage":"fr-FR","@id":"https:\/\/ipautomationinc.com\/#\/schema\/logo\/image\/","url":"https:\/\/ipautomationinc.com\/wp-content\/uploads\/2022\/05\/IPA-Favicon.png","contentUrl":"https:\/\/ipautomationinc.com\/wp-content\/uploads\/2022\/05\/IPA-Favicon.png","width":513,"height":513,"caption":"IP Automation Inc"},"image":{"@id":"https:\/\/ipautomationinc.com\/#\/schema\/logo\/image\/"},"sameAs":["https:\/\/www.facebook.com\/ipautomationinc\/","https:\/\/www.linkedin.com\/company\/ip-automation-inc\/","https:\/\/www.youtube.com\/@IPAutomation"]}]}},"_links":{"self":[{"href":"https:\/\/ipautomationinc.com\/fr\/wp-json\/wp\/v2\/pages\/6172","targetHints":{"allow":["GET"]}}],"collection":[{"href":"https:\/\/ipautomationinc.com\/fr\/wp-json\/wp\/v2\/pages"}],"about":[{"href":"https:\/\/ipautomationinc.com\/fr\/wp-json\/wp\/v2\/types\/page"}],"author":[{"embeddable":true,"href":"https:\/\/ipautomationinc.com\/fr\/wp-json\/wp\/v2\/users\/3"}],"replies":[{"embeddable":true,"href":"https:\/\/ipautomationinc.com\/fr\/wp-json\/wp\/v2\/comments?post=6172"}],"version-history":[{"count":1,"href":"https:\/\/ipautomationinc.com\/fr\/wp-json\/wp\/v2\/pages\/6172\/revisions"}],"predecessor-version":[{"id":36747,"href":"https:\/\/ipautomationinc.com\/fr\/wp-json\/wp\/v2\/pages\/6172\/revisions\/36747"}],"up":[{"embeddable":true,"href":"https:\/\/ipautomationinc.com\/fr\/wp-json\/wp\/v2\/pages\/7745"}],"wp:attachment":[{"href":"https:\/\/ipautomationinc.com\/fr\/wp-json\/wp\/v2\/media?parent=6172"}],"curies":[{"name":"wp","href":"https:\/\/api.w.org\/{rel}","templated":true}]}}