{"id":6169,"date":"2023-01-17T11:15:59","date_gmt":"2023-01-17T17:15:59","guid":{"rendered":"https:\/\/ipautomationinc.com\/?page_id=6169"},"modified":"2024-08-09T13:28:47","modified_gmt":"2024-08-09T18:28:47","slug":"robotique","status":"publish","type":"page","link":"https:\/\/ipautomationinc.com\/fr\/accessories\/robotics\/","title":{"rendered":"Solutions robotiques intelligentes"},"content":{"rendered":"<h6 class=\"wp-block-heading\"><strong>Les solutions robotiques intelligentes ouvrent un nouveau monde de processus \u00e0 valeur ajout\u00e9e sans co\u00fbt de main d&#039;\u0153uvre suppl\u00e9mentaire. L&#039;int\u00e9gration robotique transparente est native de nos cintreuses de fils CNC et notre expertise en mati\u00e8re d&#039;int\u00e9grations robotiques pour les formes de fils est sans \u00e9gal. Les robots sont nos accessoires les plus populaires et nous avons con\u00e7u une vaste biblioth\u00e8que de configurations de pinces personnalisables et notre propre EOAT (Outillage d&#039;extr\u00e9mit\u00e9 de bras) \u00e0 changement rapide qui vous permet de changer l&#039;outillage de pr\u00e9hension en moins d&#039;une minute.<\/strong><\/h6>\n\n\n\n<p>&gt;retour aux accessoires<br>h2<br><a href=\"https:\/\/ipautomationinc.com\/fr\/accessoires\/\">https:\/\/ipautomationinc.com\/accessories\/<\/a><br>gauche<br>#949494<br>cacher<br><br>Solutions robotiques intelligentes<br>h1<br><br>gauche<br>cacher<br>fondu<br><br><img decoding=\"async\" src=\"https:\/\/ipautomationinc.com\/wp-content\/uploads\/2022\/06\/machine-options_robot.png\" alt=\"machine-options_robot\"><br>complet<br>contenir<br><br>cacher<br><br><h4>Les solutions robotiques intelligentes ouvrent un nouveau monde de processus \u00e0 valeur ajout\u00e9e sans co\u00fbt de main d&#039;\u0153uvre suppl\u00e9mentaire. L&#039;int\u00e9gration robotique transparente est native de nos cintreuses de fils CNC et notre expertise en mati\u00e8re d&#039;int\u00e9grations robotiques pour les formes de fils est sans \u00e9gal.<\/h4> <br><h4>Les robots sont nos accessoires les plus populaires et nous avons con\u00e7u une vaste biblioth\u00e8que de configurations de pinces personnalisables et notre propre EOAT (Outillage d&#039;extr\u00e9mit\u00e9 de bras) \u00e0 changement rapide qui vous permet de changer l&#039;outillage de pr\u00e9hension en moins d&#039;une minute.<\/h4><br>#000000<br>cacher<br><br>210,445,602<br>vignette<br>4<br>solide<br>#0455B3<br>3px 3px 3px 3px<br>cache-tablette<br>cacher<br><br>210,445,602<br>vignette<br>3<br>solide<br>#0455B3<br>3px 3px 3px 3px<br>cacher<br><br>40<br>cacher<br><br>M\u00e9dias<br>h3<br><br>cacher<br><br>789124480<br>contenir<br><br>cacher<br><br>40<br>cacher<br><br>Caract\u00e9ristiques<br>h3<br><br>cacher<br><br>Principales caract\u00e9ristiques<br>D\u00e9tails<br>Suppl\u00e9ments<br> <br>Robots FANUC 6 axes \u00e9prouv\u00e9s dans l&#039;industrie <br>EOAT inclus pour 1 pi\u00e8ce <br>Int\u00e9gration transparente \u00e0 nos cintreuses de fils <br> <br><br>Une solution robotique professionnelle et s\u00fbre commence par notre base bien con\u00e7ue et minutieusement test\u00e9e qui offre des fonctionnalit\u00e9s de gestion des c\u00e2bles, de mise \u00e0 niveau et d&#039;ancrage. Des mod\u00e8les de base mobiles sont \u00e9galement disponibles.  <br> <br> <br>Nos experts en robotique vous lib\u00e8rent de toute l&#039;incertitude et de l&#039;ing\u00e9nierie et nos techniciens vous aident \u00e0 former vos op\u00e9rateurs et \u00e0 mettre en place le personnel pour vous familiariser avec les commandes robotiques dont vous avez besoin. <br> <br> <br>Nous sommes int\u00e9grateur certifi\u00e9 Fanuc et Fanuc est notre partenaire privil\u00e9gi\u00e9. L&#039;achat d&#039;un robot comprend des cr\u00e9dits de formation en classe dans les centres de formation Fanuc du monde entier.<br> <br>Protection de s\u00e9curit\u00e9 incluse <br>Int\u00e9gration de convoyeur en option avec emballage en couches <br>Scanner de sol en option <br><br><br>#EBEBEB<br>#222222<br>cacher<br><br>40<br>cacher<br><br>Outillage de bout de bras<br>h3<br><br>cacher<br><br><img decoding=\"async\" src=\"https:\/\/ipautomationinc.com\/wp-content\/uploads\/2023\/01\/all-robot-EOATs-1.jpg\" alt=\"tous les robots EOAT 1\"><br>complet<br>https:\/\/ipautomationinc.com\/wp-content\/uploads\/2023\/01\/all-robot-EOATs-1.jpg<br>contenir<br><br>cacher<br><br>4 Outillage de pr\u00e9hension<br>h4<br><br>cacher<br><br><img decoding=\"async\" src=\"https:\/\/ipautomationinc.com\/wp-content\/uploads\/2023\/01\/all-robot-EOATs-2.jpg\" alt=\"tous les robots EOAT 2\"><br>complet<br>https:\/\/ipautomationinc.com\/wp-content\/uploads\/2023\/01\/all-robot-EOATs-2.jpg<br>contenir<br>centre centre<br>cacher<br><br>Outillage \u00e0 pince unique<br>h4<br>centre centre<br>centre<br>cacher<br><br><img decoding=\"async\" src=\"https:\/\/ipautomationinc.com\/wp-content\/uploads\/2023\/01\/all-robot-EOATs-3.jpg\" alt=\"tous les robots EOAT 3\"><br>complet<br>https:\/\/ipautomationinc.com\/wp-content\/uploads\/2023\/01\/all-robot-EOATs-3.jpg<br>contenir<br>centre centre<br>cacher<br><br>Outillage de pr\u00e9hension en deux parties<br>h4<br>centre centre<br>centre<br>cacher<br><br><\/p>","protected":false},"excerpt":{"rendered":"<p>Intellimate robotic solutions open a new world of value-added processes with no extra labor cost. Seamless robotic integration is native<span class=\"excerpt-hellip\"> [\u2026]<\/span><\/p>\n","protected":false},"author":3,"featured_media":0,"parent":7745,"menu_order":0,"comment_status":"closed","ping_status":"closed","template":"","meta":{"footnotes":""},"class_list":["post-6169","page","type-page","status-publish","hentry"],"yoast_head":"<!-- This site is optimized with the Yoast SEO plugin v27.3 - https:\/\/yoast.com\/product\/yoast-seo-wordpress\/ -->\n<title>Intellimate Robotic Solutions | IP Automation Inc<\/title>\n<meta name=\"description\" content=\"Our robotic solutions open a new world of value-added processes with no extra labor cost. Seamless robotic integration with our wire benders.\" \/>\n<meta name=\"robots\" content=\"index, follow, max-snippet:-1, max-image-preview:large, max-video-preview:-1\" \/>\n<link rel=\"canonical\" href=\"https:\/\/ipautomationinc.com\/fr\/accessoires\/robotique\/\" \/>\n<meta property=\"og:locale\" content=\"fr_FR\" \/>\n<meta property=\"og:type\" content=\"article\" \/>\n<meta property=\"og:title\" content=\"Intellimate Robotic Solutions | IP Automation Inc\" \/>\n<meta property=\"og:description\" content=\"Our robotic solutions open a new world of value-added processes with no extra labor cost. Seamless robotic integration with our wire benders.\" \/>\n<meta property=\"og:url\" content=\"https:\/\/ipautomationinc.com\/fr\/accessoires\/robotique\/\" \/>\n<meta property=\"og:site_name\" content=\"IP Automation Inc\" \/>\n<meta property=\"article:publisher\" content=\"https:\/\/www.facebook.com\/ipautomationinc\/\" \/>\n<meta property=\"article:modified_time\" content=\"2024-08-09T18:28:47+00:00\" \/>\n<meta property=\"og:image\" content=\"https:\/\/ipautomationinc.com\/wp-content\/uploads\/2022\/06\/machine-options_robot.png\" \/>\n<script type=\"application\/ld+json\" class=\"yoast-schema-graph\">{\"@context\":\"https:\\\/\\\/schema.org\",\"@graph\":[{\"@type\":\"WebPage\",\"@id\":\"https:\\\/\\\/ipautomationinc.com\\\/accessories\\\/robotics\\\/\",\"url\":\"https:\\\/\\\/ipautomationinc.com\\\/accessories\\\/robotics\\\/\",\"name\":\"Intellimate Robotic Solutions | IP Automation Inc\",\"isPartOf\":{\"@id\":\"https:\\\/\\\/ipautomationinc.com\\\/#website\"},\"primaryImageOfPage\":{\"@id\":\"https:\\\/\\\/ipautomationinc.com\\\/accessories\\\/robotics\\\/#primaryimage\"},\"image\":{\"@id\":\"https:\\\/\\\/ipautomationinc.com\\\/accessories\\\/robotics\\\/#primaryimage\"},\"thumbnailUrl\":\"https:\\\/\\\/ipautomationinc.com\\\/wp-content\\\/uploads\\\/2022\\\/06\\\/machine-options_robot.png\",\"datePublished\":\"2023-01-17T17:15:59+00:00\",\"dateModified\":\"2024-08-09T18:28:47+00:00\",\"description\":\"Our robotic solutions open a new world of value-added processes with no extra labor cost. Seamless robotic integration with our wire benders.\",\"breadcrumb\":{\"@id\":\"https:\\\/\\\/ipautomationinc.com\\\/accessories\\\/robotics\\\/#breadcrumb\"},\"inLanguage\":\"fr-FR\",\"potentialAction\":[{\"@type\":\"ReadAction\",\"target\":[\"https:\\\/\\\/ipautomationinc.com\\\/accessories\\\/robotics\\\/\"]}]},{\"@type\":\"ImageObject\",\"inLanguage\":\"fr-FR\",\"@id\":\"https:\\\/\\\/ipautomationinc.com\\\/accessories\\\/robotics\\\/#primaryimage\",\"url\":\"https:\\\/\\\/ipautomationinc.com\\\/wp-content\\\/uploads\\\/2022\\\/06\\\/machine-options_robot.png\",\"contentUrl\":\"https:\\\/\\\/ipautomationinc.com\\\/wp-content\\\/uploads\\\/2022\\\/06\\\/machine-options_robot.png\"},{\"@type\":\"BreadcrumbList\",\"@id\":\"https:\\\/\\\/ipautomationinc.com\\\/accessories\\\/robotics\\\/#breadcrumb\",\"itemListElement\":[{\"@type\":\"ListItem\",\"position\":1,\"name\":\"Accessories\",\"item\":\"https:\\\/\\\/ipautomationinc.com\\\/accessories\\\/\"},{\"@type\":\"ListItem\",\"position\":2,\"name\":\"Intellimate Robotic Solutions\"}]},{\"@type\":\"WebSite\",\"@id\":\"https:\\\/\\\/ipautomationinc.com\\\/#website\",\"url\":\"https:\\\/\\\/ipautomationinc.com\\\/\",\"name\":\"IP Automation Inc\",\"description\":\"Concept... Creation... Reality...\",\"publisher\":{\"@id\":\"https:\\\/\\\/ipautomationinc.com\\\/#organization\"},\"potentialAction\":[{\"@type\":\"SearchAction\",\"target\":{\"@type\":\"EntryPoint\",\"urlTemplate\":\"https:\\\/\\\/ipautomationinc.com\\\/?s={search_term_string}\"},\"query-input\":{\"@type\":\"PropertyValueSpecification\",\"valueRequired\":true,\"valueName\":\"search_term_string\"}}],\"inLanguage\":\"fr-FR\"},{\"@type\":\"Organization\",\"@id\":\"https:\\\/\\\/ipautomationinc.com\\\/#organization\",\"name\":\"IP Automation Inc\",\"url\":\"https:\\\/\\\/ipautomationinc.com\\\/\",\"logo\":{\"@type\":\"ImageObject\",\"inLanguage\":\"fr-FR\",\"@id\":\"https:\\\/\\\/ipautomationinc.com\\\/#\\\/schema\\\/logo\\\/image\\\/\",\"url\":\"https:\\\/\\\/ipautomationinc.com\\\/wp-content\\\/uploads\\\/2022\\\/05\\\/IPA-Favicon.png\",\"contentUrl\":\"https:\\\/\\\/ipautomationinc.com\\\/wp-content\\\/uploads\\\/2022\\\/05\\\/IPA-Favicon.png\",\"width\":513,\"height\":513,\"caption\":\"IP Automation Inc\"},\"image\":{\"@id\":\"https:\\\/\\\/ipautomationinc.com\\\/#\\\/schema\\\/logo\\\/image\\\/\"},\"sameAs\":[\"https:\\\/\\\/www.facebook.com\\\/ipautomationinc\\\/\",\"https:\\\/\\\/www.linkedin.com\\\/company\\\/ip-automation-inc\\\/\",\"https:\\\/\\\/www.youtube.com\\\/@IPAutomation\"]}]}<\/script>\n<!-- \/ Yoast SEO plugin. -->","yoast_head_json":{"title":"Solutions robotiques intelligentes | IP Automatisation Inc","description":"Nos solutions robotiques ouvrent un nouveau monde de processus \u00e0 valeur ajout\u00e9e sans co\u00fbt de main d&#039;\u0153uvre suppl\u00e9mentaire. Int\u00e9gration robotique transparente avec nos cintreuses \u00e0 fil.","robots":{"index":"index","follow":"follow","max-snippet":"max-snippet:-1","max-image-preview":"max-image-preview:large","max-video-preview":"max-video-preview:-1"},"canonical":"https:\/\/ipautomationinc.com\/fr\/accessoires\/robotique\/","og_locale":"fr_FR","og_type":"article","og_title":"Intellimate Robotic Solutions | IP Automation Inc","og_description":"Our robotic solutions open a new world of value-added processes with no extra labor cost. Seamless robotic integration with our wire benders.","og_url":"https:\/\/ipautomationinc.com\/fr\/accessoires\/robotique\/","og_site_name":"IP Automation Inc","article_publisher":"https:\/\/www.facebook.com\/ipautomationinc\/","article_modified_time":"2024-08-09T18:28:47+00:00","og_image":[{"url":"https:\/\/ipautomationinc.com\/wp-content\/uploads\/2022\/06\/machine-options_robot.png","type":"","width":"","height":""}],"schema":{"@context":"https:\/\/schema.org","@graph":[{"@type":"WebPage","@id":"https:\/\/ipautomationinc.com\/accessories\/robotics\/","url":"https:\/\/ipautomationinc.com\/accessories\/robotics\/","name":"Solutions robotiques intelligentes | IP Automatisation Inc","isPartOf":{"@id":"https:\/\/ipautomationinc.com\/#website"},"primaryImageOfPage":{"@id":"https:\/\/ipautomationinc.com\/accessories\/robotics\/#primaryimage"},"image":{"@id":"https:\/\/ipautomationinc.com\/accessories\/robotics\/#primaryimage"},"thumbnailUrl":"https:\/\/ipautomationinc.com\/wp-content\/uploads\/2022\/06\/machine-options_robot.png","datePublished":"2023-01-17T17:15:59+00:00","dateModified":"2024-08-09T18:28:47+00:00","description":"Nos solutions robotiques ouvrent un nouveau monde de processus \u00e0 valeur ajout\u00e9e sans co\u00fbt de main d&#039;\u0153uvre suppl\u00e9mentaire. Int\u00e9gration robotique transparente avec nos cintreuses \u00e0 fil.","breadcrumb":{"@id":"https:\/\/ipautomationinc.com\/accessories\/robotics\/#breadcrumb"},"inLanguage":"fr-FR","potentialAction":[{"@type":"ReadAction","target":["https:\/\/ipautomationinc.com\/accessories\/robotics\/"]}]},{"@type":"ImageObject","inLanguage":"fr-FR","@id":"https:\/\/ipautomationinc.com\/accessories\/robotics\/#primaryimage","url":"https:\/\/ipautomationinc.com\/wp-content\/uploads\/2022\/06\/machine-options_robot.png","contentUrl":"https:\/\/ipautomationinc.com\/wp-content\/uploads\/2022\/06\/machine-options_robot.png"},{"@type":"BreadcrumbList","@id":"https:\/\/ipautomationinc.com\/accessories\/robotics\/#breadcrumb","itemListElement":[{"@type":"ListItem","position":1,"name":"Accessories","item":"https:\/\/ipautomationinc.com\/accessories\/"},{"@type":"ListItem","position":2,"name":"Intellimate Robotic Solutions"}]},{"@type":"WebSite","@id":"https:\/\/ipautomationinc.com\/#website","url":"https:\/\/ipautomationinc.com\/","name":"IP Automatisation Inc","description":"Concept... Cr\u00e9ation... R\u00e9alit\u00e9...","publisher":{"@id":"https:\/\/ipautomationinc.com\/#organization"},"potentialAction":[{"@type":"SearchAction","target":{"@type":"EntryPoint","urlTemplate":"https:\/\/ipautomationinc.com\/?s={search_term_string}"},"query-input":{"@type":"PropertyValueSpecification","valueRequired":true,"valueName":"search_term_string"}}],"inLanguage":"fr-FR"},{"@type":"Organization","@id":"https:\/\/ipautomationinc.com\/#organization","name":"IP Automatisation Inc","url":"https:\/\/ipautomationinc.com\/","logo":{"@type":"ImageObject","inLanguage":"fr-FR","@id":"https:\/\/ipautomationinc.com\/#\/schema\/logo\/image\/","url":"https:\/\/ipautomationinc.com\/wp-content\/uploads\/2022\/05\/IPA-Favicon.png","contentUrl":"https:\/\/ipautomationinc.com\/wp-content\/uploads\/2022\/05\/IPA-Favicon.png","width":513,"height":513,"caption":"IP Automation Inc"},"image":{"@id":"https:\/\/ipautomationinc.com\/#\/schema\/logo\/image\/"},"sameAs":["https:\/\/www.facebook.com\/ipautomationinc\/","https:\/\/www.linkedin.com\/company\/ip-automation-inc\/","https:\/\/www.youtube.com\/@IPAutomation"]}]}},"_links":{"self":[{"href":"https:\/\/ipautomationinc.com\/fr\/wp-json\/wp\/v2\/pages\/6169","targetHints":{"allow":["GET"]}}],"collection":[{"href":"https:\/\/ipautomationinc.com\/fr\/wp-json\/wp\/v2\/pages"}],"about":[{"href":"https:\/\/ipautomationinc.com\/fr\/wp-json\/wp\/v2\/types\/page"}],"author":[{"embeddable":true,"href":"https:\/\/ipautomationinc.com\/fr\/wp-json\/wp\/v2\/users\/3"}],"replies":[{"embeddable":true,"href":"https:\/\/ipautomationinc.com\/fr\/wp-json\/wp\/v2\/comments?post=6169"}],"version-history":[{"count":1,"href":"https:\/\/ipautomationinc.com\/fr\/wp-json\/wp\/v2\/pages\/6169\/revisions"}],"predecessor-version":[{"id":36744,"href":"https:\/\/ipautomationinc.com\/fr\/wp-json\/wp\/v2\/pages\/6169\/revisions\/36744"}],"up":[{"embeddable":true,"href":"https:\/\/ipautomationinc.com\/fr\/wp-json\/wp\/v2\/pages\/7745"}],"wp:attachment":[{"href":"https:\/\/ipautomationinc.com\/fr\/wp-json\/wp\/v2\/media?parent=6169"}],"curies":[{"name":"wp","href":"https:\/\/api.w.org\/{rel}","templated":true}]}}