{"id":5808,"date":"2023-01-10T16:30:03","date_gmt":"2023-01-10T22:30:03","guid":{"rendered":"https:\/\/ipautomationinc.com\/?page_id=5808"},"modified":"2025-06-27T10:08:34","modified_gmt":"2025-06-27T15:08:34","slug":"politique-de-confidentialite","status":"publish","type":"page","link":"https:\/\/ipautomationinc.com\/fr\/privacy-policy\/","title":{"rendered":"politique de confidentialit\u00e9"},"content":{"rendered":"<h1>politique de confidentialit\u00e9<\/h1>\n<p><span style=\"font-size: revert; color: initial;\">Last Updated: January 1, 2025<\/span><\/p>\n<p>Effective Date: January 1, 2025 IP Automation Inc. (\u201cwe,\u201d \u201cour,\u201d or \u201cus\u201d) is committed to protecting your privacy. This Privacy Policy outlines how we collect, use, and safeguard your personal information when you visit <a href=\"https:\/\/ipautomationinc.com\/fr\/\" target=\"_blank\" rel=\"noopener\">https:\/\/ipautomationinc.com<\/a> (\u00ab le Service \u00bb).<br \/>En utilisant le Service, vous acceptez les pratiques d\u00e9crites dans la pr\u00e9sente Politique de confidentialit\u00e9. Si vous n&#039;\u00eates pas d&#039;accord avec celle-ci, veuillez ne pas acc\u00e9der au Service ni l&#039;utiliser.<br \/>Information We CollectInformation You Provide When you fill out a form on our website, we may collect your name, email address, phone number, company name, and any message you include.<br \/>Automatically Collected InformationAnalytics: We use services like Google Analytics and Vimeo Analytics to collect information such as IP address, browser type, referring pages, and engagement with videos.<br \/><br \/>Cookies: We use cookies and similar technologies to enhance your experience and gather usage data.<br \/><br \/><span style=\"color: revert; font-size: revert; font-weight: revert;\">Comment nous utilisons vos informations<\/span><br \/>Pour r\u00e9pondre aux demandes soumises via nos formulaires de contact<br \/><br \/>Pour analyser l&#039;utilisation du site et am\u00e9liorer les performances<br \/><br \/>Pour surveiller l&#039;engagement vid\u00e9o et la fonctionnalit\u00e9 technique<br \/><br \/>Pour aider \u00e0 maintenir la s\u00e9curit\u00e9 et pr\u00e9venir les abus<br \/><br \/><\/p>\n<p>Si nous avons l\u2019intention d\u2019utiliser vos informations \u00e0 des fins non mentionn\u00e9es ci-dessus, nous vous demanderons votre consentement explicite avant de le faire.<br \/><br \/>Partage d&#039;informations<br \/>Nous ne vendons ni ne louons vos informations personnelles \u00e0 des sp\u00e9cialistes du marketing ni \u00e0 des tiers. Cependant, nous pouvons les partager avec des prestataires de services de confiance (par exemple, Google, Vimeo), uniquement \u00e0 des fins d&#039;analyse et de suivi des performances.<br \/><br \/><br \/>Nous pouvons \u00e9galement divulguer vos informations si la loi, une proc\u00e9dure judiciaire ou en cas de transfert d&#039;entreprise tel qu&#039;une fusion ou une acquisition l&#039;exige.<br \/><br \/>Conservation des donn\u00e9es<br \/>Nous conservons les donn\u00e9es personnelles aussi longtemps que n\u00e9cessaire \u00e0 la r\u00e9alisation des finalit\u00e9s pour lesquelles elles ont \u00e9t\u00e9 collect\u00e9es, ou conform\u00e9ment \u00e0 la loi. En r\u00e8gle g\u00e9n\u00e9rale, cela signifie que les donn\u00e9es sont conserv\u00e9es entre 90 jours et 2 ans apr\u00e8s votre derni\u00e8re interaction avec nous.<br \/><br \/><br \/>Les donn\u00e9es anonymes ou agr\u00e9g\u00e9es qui ne vous identifient pas peuvent \u00eatre stock\u00e9es ind\u00e9finiment.<br \/><br \/>Vos droits<br \/>Selon votre situation g\u00e9ographique et la loi applicable, vous pouvez avoir le droit de :<br \/><br \/><\/p>\n<p><br \/><br \/>Acc\u00e9der aux donn\u00e9es personnelles que nous d\u00e9tenons \u00e0 votre sujet<br \/><br \/>Demander la correction ou la suppression de vos donn\u00e9es<br \/><br \/>Retirer le consentement au traitement des donn\u00e9es<br \/><br \/>Demander la portabilit\u00e9 des donn\u00e9es (vers une autre entit\u00e9)<br \/><br \/>D\u00e9poser une plainte aupr\u00e8s d&#039;une autorit\u00e9 de r\u00e9gulation<br \/><br \/><\/p>\n<p>Pour exercer vos droits, contactez-nous \u00e0 <a href=\"mailto:info@ipautomationinc.com\">info@ipautomationinc.com<\/a>.<br \/><br \/>Cookies Cookies are small files placed on your device to enhance functionality and track usage. For more information about how we use cookies and how you can manage them, please visit our <a href=\"https:\/\/ipautomationinc.com\/fr\/politique-relative-aux-cookies\/\" target=\"_blank\" rel=\"noopener\">Politique en mati\u00e8re de cookies<\/a>.<br \/><br \/>Security We take reasonable precautions to protect your information from unauthorized access, use, or disclosure. However, no system is entirely secure. You use the Service at your own risk.<br \/><br \/>Liens tiers<br \/>Notre site web peut contenir des liens vers des sites externes que nous ne contr\u00f4lons pas. Nous ne sommes pas responsables de leurs pratiques en mati\u00e8re de confidentialit\u00e9. Nous vous recommandons de consulter la politique de confidentialit\u00e9 de tout site externe que vous consultez.<br \/><br \/>Modifications de cette politique<br \/>Nous sommes susceptibles de mettre \u00e0 jour p\u00e9riodiquement cette Politique de confidentialit\u00e9. Si nous y apportons des modifications importantes, nous publierons un avis sur cette page. En continuant \u00e0 utiliser le Service apr\u00e8s les mises \u00e0 jour, vous acceptez la politique r\u00e9vis\u00e9e.<br \/>Contact UsIf you have questions or concerns, please reach out:<br \/>IP Automation Inc.<br \/><br \/>400 E Fullerton Avenue<br \/><br \/>Carol Stream, Illinois 60188<br \/><br \/>E-mail: <a href=\"mailto:info@ipautomationinc.com\">info@ipautomationinc.com<\/a><br \/><br \/>T\u00e9l\u00e9phone : 630-656-1215<\/p>\n\n\n<p><h1>Privacy PolicyLast Updated: January 1, 2025<\/h1><br><br>  <p>Effective Date: January 1, 2025<\/p><br><br><br><br>  <p><br><br>    IP Automation Inc. (\u00ab nous \u00bb, \u00ab notre \u00bb ou \u00ab nos \u00bb) s&#039;engage \u00e0 prot\u00e9ger votre vie priv\u00e9e. Cette politique de confidentialit\u00e9 d\u00e9crit comment nous collectons, utilisons et prot\u00e9geons vos informations personnelles lors de vos visites. <a href=\"https:\/\/ipautomationinc.com\/fr\/\" target=\"_blank\">https:\/\/ipautomationinc.com<\/a> (\u00ab le Service \u00bb).<br><br>  <\/p><br><br><br><br>  <p><br><br>    En utilisant le Service, vous acceptez les pratiques d\u00e9crites dans la pr\u00e9sente Politique de confidentialit\u00e9. Si vous n&#039;\u00eates pas d&#039;accord avec celle-ci, veuillez ne pas acc\u00e9der au Service ni l&#039;utiliser.<br><br>  <\/p><br><br><br><br>  <h2>Informations que nous collectons<\/h2><br><br><br><br>  <h3>Informations que vous fournissez<\/h3><br><br>  <p><br><br>    Lorsque vous remplissez un formulaire sur notre site Web, nous pouvons collecter votre nom, votre adresse e-mail, votre num\u00e9ro de t\u00e9l\u00e9phone, le nom de votre entreprise et tout message que vous incluez.<br><br>  <\/p><br><br><br><br>  <h3>Informations collect\u00e9es automatiquement<\/h3><br><br>  <br><br>    Analytics: We use services like Google Analytics and Vimeo Analytics to collect information such as IP address, browser type, referring pages, and engagement with videos.<br><br>    Cookies: We use cookies and similar technologies to enhance your experience and gather usage data.<br><br>  <br><br><br><br>  <h2>Comment nous utilisons vos informations<\/h2><br><br>  <br><br>    Pour r\u00e9pondre aux demandes soumises via nos formulaires de contact<br><br>    Pour analyser l&#039;utilisation du site et am\u00e9liorer les performances<br><br>    Pour surveiller l&#039;engagement vid\u00e9o et la fonctionnalit\u00e9 technique<br><br>    Pour aider \u00e0 maintenir la s\u00e9curit\u00e9 et pr\u00e9venir les abus<br><br>  <br><br><br><br>  <p><br><br>    Si nous avons l\u2019intention d\u2019utiliser vos informations \u00e0 des fins non mentionn\u00e9es ci-dessus, nous vous demanderons votre consentement explicite avant de le faire.<br><br>  <\/p><br><br><br><br>  <h2>Partage d&#039;informations<\/h2><br><br>  <p><br><br>    Nous ne vendons ni ne louons vos informations personnelles \u00e0 des sp\u00e9cialistes du marketing ni \u00e0 des tiers. Cependant, nous pouvons les partager avec des prestataires de services de confiance (par exemple, Google, Vimeo), uniquement \u00e0 des fins d&#039;analyse et de suivi des performances.<br><br>  <\/p><br><br>  <p><br><br>    Nous pouvons \u00e9galement divulguer vos informations si la loi, une proc\u00e9dure judiciaire ou en cas de transfert d&#039;entreprise tel qu&#039;une fusion ou une acquisition l&#039;exige.<br><br>  <\/p><br><br><br><br>  <h2>Conservation des donn\u00e9es<\/h2><br><br>  <p><br><br>    Nous conservons les donn\u00e9es personnelles aussi longtemps que n\u00e9cessaire \u00e0 la r\u00e9alisation des finalit\u00e9s pour lesquelles elles ont \u00e9t\u00e9 collect\u00e9es, ou conform\u00e9ment \u00e0 la loi. En r\u00e8gle g\u00e9n\u00e9rale, cela signifie que les donn\u00e9es sont conserv\u00e9es entre 90 jours et 2 ans apr\u00e8s votre derni\u00e8re interaction avec nous.<br><br>  <\/p><br><br>  <p><br><br>    Les donn\u00e9es anonymes ou agr\u00e9g\u00e9es qui ne vous identifient pas peuvent \u00eatre stock\u00e9es ind\u00e9finiment.<br><br>  <\/p><br><br><br><br>  <h2>Vos droits<\/h2><br><br>  <p><br><br>    Selon votre situation g\u00e9ographique et la loi applicable, vous pouvez avoir le droit de :<br><br>  <\/p><br><br>  <br><br>    Acc\u00e9der aux donn\u00e9es personnelles que nous d\u00e9tenons \u00e0 votre sujet<br><br>    Demander la correction ou la suppression de vos donn\u00e9es<br><br>    Retirer le consentement au traitement des donn\u00e9es<br><br>    Demander la portabilit\u00e9 des donn\u00e9es (vers une autre entit\u00e9)<br><br>    D\u00e9poser une plainte aupr\u00e8s d&#039;une autorit\u00e9 de r\u00e9gulation<br><br>  <br><br>  <p><br><br>    Pour exercer vos droits, contactez-nous \u00e0 <a href=\"mailto:info@ipautomationinc.com\">info@ipautomationinc.com<\/a>.<br><br>  <\/p><br><br><br><br>   <h2>Cookies<\/h2><br><br>  <p><br><br>    Les cookies sont de petits fichiers plac\u00e9s sur votre appareil pour am\u00e9liorer ses fonctionnalit\u00e9s et suivre son utilisation. Pour plus d&#039;informations sur notre utilisation des cookies et la fa\u00e7on dont vous pouvez les g\u00e9rer, veuillez consulter notre <a href=\"https:\/\/ipautomationinc.com\/fr\/politique-relative-aux-cookies\/\" target=\"_blank\">Politique en mati\u00e8re de cookies<\/a>.<br><br>  <\/p><br><br><br><br>  <h2>S\u00e9curit\u00e9<\/h2><br><br>  <p><br><br>    Nous prenons des pr\u00e9cautions raisonnables pour prot\u00e9ger vos informations contre tout acc\u00e8s, utilisation ou divulgation non autoris\u00e9s. Cependant, aucun syst\u00e8me n&#039;est totalement s\u00e9curis\u00e9. Vous utilisez le Service \u00e0 vos propres risques.<br><br>  <\/p><br><br><br><br>  <h2>Liens tiers<\/h2><br><br>  <p><br><br>    Notre site web peut contenir des liens vers des sites externes que nous ne contr\u00f4lons pas. Nous ne sommes pas responsables de leurs pratiques en mati\u00e8re de confidentialit\u00e9. Nous vous recommandons de consulter la politique de confidentialit\u00e9 de tout site externe que vous consultez.<br><br>  <\/p><br><br><br><br>  <h2>Modifications de cette politique<\/h2><br><br>  <p><br><br>    Nous sommes susceptibles de mettre \u00e0 jour p\u00e9riodiquement cette Politique de confidentialit\u00e9. Si nous y apportons des modifications importantes, nous publierons un avis sur cette page. En continuant \u00e0 utiliser le Service apr\u00e8s les mises \u00e0 jour, vous acceptez la politique r\u00e9vis\u00e9e.<br><br>  <\/p><br><br><br><br>  <h2>Contactez-nous<\/h2><br><br>  <p>Si vous avez des questions ou des pr\u00e9occupations, n&#039;h\u00e9sitez pas \u00e0 nous contacter\u00a0:<\/p><br><br>  <p><br><br>    IP Automation Inc.<br><br>    400 E Fullerton Avenue<br><br>    Carol Stream, Illinois 60188<br><br>     E-mail: <a href=\"mailto:info@ipautomationinc.com\">info@ipautomationinc.com<\/a><br><br>    T\u00e9l\u00e9phone : 630-656-1215<br><br>  <\/p><br><br><br><br><\/p>","protected":false},"excerpt":{"rendered":"<p>Privacy Policy Last Updated: January 1, 2025 Effective Date: January 1, 2025 IP Automation Inc. (\u201cwe,\u201d \u201cour,\u201d or \u201cus\u201d) is<span class=\"excerpt-hellip\"> [\u2026]<\/span><\/p>\n","protected":false},"author":3,"featured_media":0,"parent":0,"menu_order":0,"comment_status":"closed","ping_status":"closed","template":"","meta":{"footnotes":""},"class_list":["post-5808","page","type-page","status-publish","hentry"],"yoast_head":"<!-- This site is optimized with the Yoast SEO plugin v27.3 - https:\/\/yoast.com\/product\/yoast-seo-wordpress\/ -->\n<title>Privacy Policy | IP Automation Inc<\/title>\n<meta name=\"description\" content=\"IP Automation Privacy Policy\" \/>\n<meta name=\"robots\" content=\"index, follow, max-snippet:-1, max-image-preview:large, max-video-preview:-1\" \/>\n<link rel=\"canonical\" href=\"https:\/\/ipautomationinc.com\/fr\/politique-de-confidentialite\/\" \/>\n<meta property=\"og:locale\" content=\"fr_FR\" \/>\n<meta property=\"og:type\" content=\"article\" \/>\n<meta property=\"og:title\" content=\"Privacy Policy | IP Automation Inc\" \/>\n<meta property=\"og:description\" content=\"IP Automation Privacy Policy\" \/>\n<meta property=\"og:url\" content=\"https:\/\/ipautomationinc.com\/fr\/politique-de-confidentialite\/\" \/>\n<meta property=\"og:site_name\" content=\"IP Automation Inc\" \/>\n<meta property=\"article:publisher\" content=\"https:\/\/www.facebook.com\/ipautomationinc\/\" \/>\n<meta property=\"article:modified_time\" content=\"2025-06-27T15:08:34+00:00\" \/>\n<script type=\"application\/ld+json\" class=\"yoast-schema-graph\">{\"@context\":\"https:\\\/\\\/schema.org\",\"@graph\":[{\"@type\":\"WebPage\",\"@id\":\"https:\\\/\\\/ipautomationinc.com\\\/privacy-policy\\\/\",\"url\":\"https:\\\/\\\/ipautomationinc.com\\\/privacy-policy\\\/\",\"name\":\"Privacy Policy | IP Automation Inc\",\"isPartOf\":{\"@id\":\"https:\\\/\\\/ipautomationinc.com\\\/#website\"},\"datePublished\":\"2023-01-10T22:30:03+00:00\",\"dateModified\":\"2025-06-27T15:08:34+00:00\",\"description\":\"IP Automation Privacy Policy\",\"inLanguage\":\"fr-FR\",\"potentialAction\":[{\"@type\":\"ReadAction\",\"target\":[\"https:\\\/\\\/ipautomationinc.com\\\/privacy-policy\\\/\"]}]},{\"@type\":\"WebSite\",\"@id\":\"https:\\\/\\\/ipautomationinc.com\\\/#website\",\"url\":\"https:\\\/\\\/ipautomationinc.com\\\/\",\"name\":\"IP Automation Inc\",\"description\":\"Concept... Creation... Reality...\",\"publisher\":{\"@id\":\"https:\\\/\\\/ipautomationinc.com\\\/#organization\"},\"potentialAction\":[{\"@type\":\"SearchAction\",\"target\":{\"@type\":\"EntryPoint\",\"urlTemplate\":\"https:\\\/\\\/ipautomationinc.com\\\/?s={search_term_string}\"},\"query-input\":{\"@type\":\"PropertyValueSpecification\",\"valueRequired\":true,\"valueName\":\"search_term_string\"}}],\"inLanguage\":\"fr-FR\"},{\"@type\":\"Organization\",\"@id\":\"https:\\\/\\\/ipautomationinc.com\\\/#organization\",\"name\":\"IP Automation Inc\",\"url\":\"https:\\\/\\\/ipautomationinc.com\\\/\",\"logo\":{\"@type\":\"ImageObject\",\"inLanguage\":\"fr-FR\",\"@id\":\"https:\\\/\\\/ipautomationinc.com\\\/#\\\/schema\\\/logo\\\/image\\\/\",\"url\":\"https:\\\/\\\/ipautomationinc.com\\\/wp-content\\\/uploads\\\/2022\\\/05\\\/IPA-Favicon.png\",\"contentUrl\":\"https:\\\/\\\/ipautomationinc.com\\\/wp-content\\\/uploads\\\/2022\\\/05\\\/IPA-Favicon.png\",\"width\":513,\"height\":513,\"caption\":\"IP Automation Inc\"},\"image\":{\"@id\":\"https:\\\/\\\/ipautomationinc.com\\\/#\\\/schema\\\/logo\\\/image\\\/\"},\"sameAs\":[\"https:\\\/\\\/www.facebook.com\\\/ipautomationinc\\\/\",\"https:\\\/\\\/www.linkedin.com\\\/company\\\/ip-automation-inc\\\/\",\"https:\\\/\\\/www.youtube.com\\\/@IPAutomation\"]}]}<\/script>\n<!-- \/ Yoast SEO plugin. -->","yoast_head_json":{"title":"Politique de confidentialit\u00e9 | IP Automatisation Inc","description":"Politique de confidentialit\u00e9 d&#039;IP Automation","robots":{"index":"index","follow":"follow","max-snippet":"max-snippet:-1","max-image-preview":"max-image-preview:large","max-video-preview":"max-video-preview:-1"},"canonical":"https:\/\/ipautomationinc.com\/fr\/politique-de-confidentialite\/","og_locale":"fr_FR","og_type":"article","og_title":"Privacy Policy | IP Automation Inc","og_description":"IP Automation Privacy Policy","og_url":"https:\/\/ipautomationinc.com\/fr\/politique-de-confidentialite\/","og_site_name":"IP Automation Inc","article_publisher":"https:\/\/www.facebook.com\/ipautomationinc\/","article_modified_time":"2025-06-27T15:08:34+00:00","schema":{"@context":"https:\/\/schema.org","@graph":[{"@type":"WebPage","@id":"https:\/\/ipautomationinc.com\/privacy-policy\/","url":"https:\/\/ipautomationinc.com\/privacy-policy\/","name":"Politique de confidentialit\u00e9 | IP Automatisation Inc","isPartOf":{"@id":"https:\/\/ipautomationinc.com\/#website"},"datePublished":"2023-01-10T22:30:03+00:00","dateModified":"2025-06-27T15:08:34+00:00","description":"Politique de confidentialit\u00e9 d&#039;IP Automation","inLanguage":"fr-FR","potentialAction":[{"@type":"ReadAction","target":["https:\/\/ipautomationinc.com\/privacy-policy\/"]}]},{"@type":"WebSite","@id":"https:\/\/ipautomationinc.com\/#website","url":"https:\/\/ipautomationinc.com\/","name":"IP Automatisation Inc","description":"Concept... Cr\u00e9ation... R\u00e9alit\u00e9...","publisher":{"@id":"https:\/\/ipautomationinc.com\/#organization"},"potentialAction":[{"@type":"SearchAction","target":{"@type":"EntryPoint","urlTemplate":"https:\/\/ipautomationinc.com\/?s={search_term_string}"},"query-input":{"@type":"PropertyValueSpecification","valueRequired":true,"valueName":"search_term_string"}}],"inLanguage":"fr-FR"},{"@type":"Organization","@id":"https:\/\/ipautomationinc.com\/#organization","name":"IP Automatisation Inc","url":"https:\/\/ipautomationinc.com\/","logo":{"@type":"ImageObject","inLanguage":"fr-FR","@id":"https:\/\/ipautomationinc.com\/#\/schema\/logo\/image\/","url":"https:\/\/ipautomationinc.com\/wp-content\/uploads\/2022\/05\/IPA-Favicon.png","contentUrl":"https:\/\/ipautomationinc.com\/wp-content\/uploads\/2022\/05\/IPA-Favicon.png","width":513,"height":513,"caption":"IP Automation Inc"},"image":{"@id":"https:\/\/ipautomationinc.com\/#\/schema\/logo\/image\/"},"sameAs":["https:\/\/www.facebook.com\/ipautomationinc\/","https:\/\/www.linkedin.com\/company\/ip-automation-inc\/","https:\/\/www.youtube.com\/@IPAutomation"]}]}},"_links":{"self":[{"href":"https:\/\/ipautomationinc.com\/fr\/wp-json\/wp\/v2\/pages\/5808","targetHints":{"allow":["GET"]}}],"collection":[{"href":"https:\/\/ipautomationinc.com\/fr\/wp-json\/wp\/v2\/pages"}],"about":[{"href":"https:\/\/ipautomationinc.com\/fr\/wp-json\/wp\/v2\/types\/page"}],"author":[{"embeddable":true,"href":"https:\/\/ipautomationinc.com\/fr\/wp-json\/wp\/v2\/users\/3"}],"replies":[{"embeddable":true,"href":"https:\/\/ipautomationinc.com\/fr\/wp-json\/wp\/v2\/comments?post=5808"}],"version-history":[{"count":5,"href":"https:\/\/ipautomationinc.com\/fr\/wp-json\/wp\/v2\/pages\/5808\/revisions"}],"predecessor-version":[{"id":37847,"href":"https:\/\/ipautomationinc.com\/fr\/wp-json\/wp\/v2\/pages\/5808\/revisions\/37847"}],"wp:attachment":[{"href":"https:\/\/ipautomationinc.com\/fr\/wp-json\/wp\/v2\/media?parent=5808"}],"curies":[{"name":"wp","href":"https:\/\/api.w.org\/{rel}","templated":true}]}}