{"id":428,"date":"2018-06-25T18:30:37","date_gmt":"2018-06-25T23:30:37","guid":{"rendered":"http:\/\/ipautomationinc.com\/?page_id=428"},"modified":"2024-01-09T11:49:29","modified_gmt":"2024-01-09T17:49:29","slug":"industries-et-capacites","status":"publish","type":"page","link":"https:\/\/ipautomationinc.com\/fr\/industries-and-capabilities\/","title":{"rendered":"Industries desservies"},"content":{"rendered":"<h6 class=\"wp-block-heading\"><strong>Formulaires de fils d&#039;automatisation IP par secteur. Automobile, agriculture, pelouse et jardin, construction, vente au d\u00e9tail et affichage pop, \u00e9lectrom\u00e9nager, meubles, moteurs en \u00e9pingle \u00e0 cheveux.<\/strong><\/h6>\n\n\n\n<p><h2>Pi\u00e8ces form\u00e9es par fil IP Automation par industrie<\/h2>Industries que nous servons\u2026<br>centre<br>#ffffff<br>pas de r\u00e9p\u00e9tition\u00a0; centre en haut\u00a0;;<br>auto<br><br><div class=\"image_frame image_item no_link scale-with-grid element_classes alignnone no_border mfn-img-box\" ><div class=\"image_wrapper\"><img decoding=\"async\" class=\"scale-with-grid\" src=\"\" fetchpriority=\"high\" alt=\"\" title=\"\" width=\"\" height=\"\" style=\"\"\/><\/div><\/div>\n <br><hr class=\"no_line\" style=\"margin: 0 auto 0px auto\"\/>\n <br> <br><h4>Automobile<\/h4>Pelouse et jardin<br>centre<br>pas de r\u00e9p\u00e9tition\u00a0; centre en haut\u00a0;;<br>auto<br>0 3% 0 0<br>coutume<br>250px<br><br><div class=\"image_frame image_item no_link scale-with-grid element_classes alignnone no_border mfn-img-box\" ><div class=\"image_wrapper\"><img decoding=\"async\" class=\"scale-with-grid\" src=\"\" fetchpriority=\"high\" alt=\"\" title=\"\" width=\"\" height=\"\" style=\"\"\/><\/div><\/div>\n <br><hr class=\"no_line\" style=\"margin: 0 auto 0px auto\"\/>\n <br> <br><h4>Agriculture<\/h4>Pelouse et jardin<br>centre<br>pas de r\u00e9p\u00e9tition\u00a0; centre en haut\u00a0;;<br>auto<br>0 3% 0 0<br>coutume<br>250px<br><br><div class=\"image_frame image_item no_link scale-with-grid element_classes alignnone no_border mfn-img-box\" ><div class=\"image_wrapper\"><img decoding=\"async\" class=\"scale-with-grid\" src=\"\" fetchpriority=\"high\" alt=\"\" title=\"\" width=\"\" height=\"\" style=\"\"\/><\/div><\/div>\n <br><hr class=\"no_line\" style=\"margin: 0 auto 0px auto\"\/>\n <br> <br><h4>Pelouse et jardin<\/h4>Pelouse et jardin<br>centre<br>pas de r\u00e9p\u00e9tition\u00a0; centre en haut\u00a0;;<br>auto<br>0 3% 0 0<br>coutume<br>250px<br><br><div class=\"image_frame image_item no_link scale-with-grid element_classes alignnone no_border mfn-img-box\" ><div class=\"image_wrapper\"><img decoding=\"async\" class=\"scale-with-grid\" src=\"\" fetchpriority=\"high\" alt=\"\" title=\"\" width=\"\" height=\"\" style=\"\"\/><\/div><\/div>\n <br><hr class=\"no_line\" style=\"margin: 0 auto 0px auto\"\/>\n <br> <br><h4>Construction<\/h4>Construction<br>centre<br>pas de r\u00e9p\u00e9tition\u00a0; centre en haut\u00a0;;<br>auto<br>0 0 0 0<br>coutume<br>250px<br><br><div class=\"image_frame image_item no_link scale-with-grid element_classes alignnone no_border mfn-img-box\" ><div class=\"image_wrapper\"><img decoding=\"async\" class=\"scale-with-grid\" src=\"\" fetchpriority=\"high\" alt=\"\" title=\"\" width=\"\" height=\"\" style=\"\"\/><\/div><\/div>\n <br><hr class=\"no_line\" style=\"margin: 0 auto 0px auto\"\/>\n <br> <br><h4>Vente au d\u00e9tail<\/h4>Vente au d\u00e9tail<br>centre<br>pas de r\u00e9p\u00e9tition\u00a0; centre en haut\u00a0;;<br>auto<br>0 3% 0 0<br>coutume<br>250px<br><br><div class=\"image_frame image_item no_link scale-with-grid element_classes alignnone no_border mfn-img-box\" ><div class=\"image_wrapper\"><img decoding=\"async\" class=\"scale-with-grid\" src=\"\" fetchpriority=\"high\" alt=\"\" title=\"\" width=\"\" height=\"\" style=\"\"\/><\/div><\/div>\n <br><hr class=\"no_line\" style=\"margin: 0 auto 0px auto\"\/>\n <br> <br><h4>Appareil<\/h4>Appareil<br>centre<br>pas de r\u00e9p\u00e9tition\u00a0; centre en haut\u00a0;;<br>auto<br>0 3% 0 0<br>coutume<br>250px<br><br><div class=\"image_frame image_item no_link scale-with-grid element_classes alignnone no_border mfn-img-box\" ><div class=\"image_wrapper\"><img decoding=\"async\" class=\"scale-with-grid\" src=\"\" fetchpriority=\"high\" alt=\"\" title=\"\" width=\"\" height=\"\" style=\"\"\/><\/div><\/div>\n <br><hr class=\"no_line\" style=\"margin: 0 auto 0px auto\"\/>\n <br> <br><h4>Meubles<\/h4>Appareil<br>centre<br>pas de r\u00e9p\u00e9tition\u00a0; centre en haut\u00a0;;<br>auto<br>0 3% 0 0<br>coutume<br>250px<br><br><div class=\"image_frame image_item no_link scale-with-grid element_classes alignnone no_border mfn-img-box\" ><div class=\"image_wrapper\"><img decoding=\"async\" class=\"scale-with-grid\" src=\"\" fetchpriority=\"high\" alt=\"\" title=\"\" width=\"\" height=\"\" style=\"\"\/><\/div><\/div>\n <br><hr class=\"no_line\" style=\"margin: 0 auto 0px auto\"\/>\n <br> <br><h4>Moteurs en \u00e9pingle \u00e0 cheveux<\/h4>Appareil<br>centre<br>pas de r\u00e9p\u00e9tition\u00a0; centre en haut\u00a0;;<br>auto<br>0 3% 0 0<br>coutume<br>250px<br><br>30<br>cacher<br><br><h3>AUTOMOBILE<\/h3>AUTOMOBILE<br>centre<br>r\u00e9p\u00e9ter;centrer;;<br>couverture ultra-large<br>fonduInUp<br><br><img decoding=\"async\" src=\"https:\/\/ipautomationinc.com\/wp-content\/uploads\/2017\/10\/IMG_2018-1-e1640896150508.png\" alt=\"IMG_2018\"><br>complet<br><br><img decoding=\"async\" src=\"https:\/\/ipautomationinc.com\/wp-content\/uploads\/2017\/10\/IMG_1989-1-e1640896417688.png\" alt=\"IMG_1989\"><br>complet<br><br><img decoding=\"async\" src=\"https:\/\/ipautomationinc.com\/wp-content\/uploads\/2017\/10\/IMG_2016-1-e1640896618424.png\" alt=\"IMG_2016\"><br>complet<br><br><img decoding=\"async\" src=\"https:\/\/ipautomationinc.com\/wp-content\/uploads\/2017\/10\/IMG_1991-1-e1640896746352.png\" alt=\"IMG_1991\"><br>complet<br><br><br><img decoding=\"async\" src=\"https:\/\/ipautomationinc.com\/wp-content\/uploads\/2017\/10\/IMG_2003-1-e1640896821397.png\" alt=\"IMG_2003\"><br>complet<br><br><img decoding=\"async\" src=\"https:\/\/ipautomationinc.com\/wp-content\/uploads\/2017\/10\/IMG_2007-1-e1640896875297.png\" alt=\"IMG_2007\"><br>complet<br><br><img decoding=\"async\" src=\"https:\/\/ipautomationinc.com\/wp-content\/uploads\/2017\/10\/IMG_1994-1-e1640897604612.png\" alt=\"IMG_1994\"><br>complet<br><br><img decoding=\"async\" src=\"https:\/\/ipautomationinc.com\/wp-content\/uploads\/2017\/10\/IMG_2026-1-e1640897688981.png\" alt=\"IMG_2026\"><br>complet<br><br>30<br>cacher<br><br><h3>AGRICULTURE<\/h3>AGRICULTURE<br>centre<br>#ffffff<br>pas de r\u00e9p\u00e9tition;centre;;<br>couverture ultra-large<br><br><img decoding=\"async\" src=\"https:\/\/ipautomationinc.com\/wp-content\/uploads\/2017\/11\/Screen-Shot-2017-11-06-at-1.34.43-PM-e1640897964336.png\" alt=\"Capture d&#039;\u00e9cran 06\/11\/2017 \u00e0 13h34h43\"><br>complet<br><br><img decoding=\"async\" src=\"https:\/\/ipautomationinc.com\/wp-content\/uploads\/2017\/11\/Screen-Shot-2017-11-06-at-1.34.22-PM-e1640898304626.png\" alt=\"Capture d&#039;\u00e9cran 06\/11\/2017 \u00e0 13h34 et 22h\"><br>complet<br><br><img decoding=\"async\" src=\"https:\/\/ipautomationinc.com\/wp-content\/uploads\/2017\/11\/Screen-Shot-2017-11-06-at-1.36.58-PM-e1640898355551.png\" alt=\"Capture d&#039;\u00e9cran 06\/11\/2017 \u00e0 13h36.58\"><br>complet<br><br><img decoding=\"async\" src=\"https:\/\/ipautomationinc.com\/wp-content\/uploads\/2017\/11\/Screen-Shot-2017-11-06-at-1.34.08-PM.png\" alt=\"Capture d&#039;\u00e9cran 06\/11\/2017 \u00e0 13\/34\/08\"><br>complet<br><br>30<br>cacher<br><br><h3>PELOUSE ET JARDIN<\/h3>PELOUSE ET JARDIN<br>centre<br>#ffffff<br>pas de r\u00e9p\u00e9tition;centre;;<br>couverture ultra-large<br><br><img decoding=\"async\" src=\"https:\/\/ipautomationinc.com\/wp-content\/uploads\/2017\/11\/Screen-Shot-2017-11-06-at-1.38.33-PM-e1640898445847.png\" alt=\"Capture d&#039;\u00e9cran 06\/11\/2017 \u00e0 13h38h33\"><br>complet<br><br><img decoding=\"async\" src=\"https:\/\/ipautomationinc.com\/wp-content\/uploads\/2017\/11\/Screen-Shot-2017-11-06-at-1.37.50-PM-e1640898490699.png\" alt=\"Capture d&#039;\u00e9cran 06\/11\/2017 \u00e0 13h37h50\"><br>complet<br><br>30<br>cacher<br><br><h3>CONSTRUCTION<\/h3>CONSTRUCTION<br>centre<br>#ffffff<br>pas de r\u00e9p\u00e9tition;centre;;<br>couverture ultra-large<br><br><img decoding=\"async\" src=\"https:\/\/ipautomationinc.com\/wp-content\/uploads\/2017\/11\/Screen-Shot-2017-11-06-at-1.27.35-PM-e1640898557130.png\" alt=\"Capture d&#039;\u00e9cran 06\/11\/2017 \u00e0 13h27h35\"><br>complet<br>91px<br>51px<br>138px<br>centre<br><br><img decoding=\"async\" src=\"https:\/\/ipautomationinc.com\/wp-content\/uploads\/2023\/04\/rebar3.png\" alt=\"barre d&#039;armature3\"><br>complet<br><br><img decoding=\"async\" src=\"https:\/\/ipautomationinc.com\/wp-content\/uploads\/2023\/04\/rebar4.png\" alt=\"barre d&#039;armature4\"><br>complet<br>250px<br>centre<br><br><img decoding=\"async\" src=\"https:\/\/ipautomationinc.com\/wp-content\/uploads\/2023\/04\/rebar1.png\" alt=\"barre d&#039;armature1\"><br>complet<br><br>30<br>cacher<br><br><h3>VENTE AU D\u00c9TAIL<\/h3>VENTE AU D\u00c9TAIL<br>centre<br>#ffffff<br>pas de r\u00e9p\u00e9tition;centre;;<br>couverture ultra-large<br><br><img decoding=\"async\" src=\"https:\/\/ipautomationinc.com\/wp-content\/uploads\/2017\/11\/Screen-Shot-2017-11-06-at-12.03.28-PM-e1640898637133.png\" alt=\"Capture d&#039;\u00e9cran 06\/11\/2017 \u00e0 12\/03\/28\"><br>complet<br><br><img decoding=\"async\" src=\"https:\/\/ipautomationinc.com\/wp-content\/uploads\/2017\/11\/Screen-Shot-2017-11-06-at-12.24.00-PM-e1640898737479.png\" alt=\"Capture d&#039;\u00e9cran 06\/11\/2017 \u00e0 12h24\"><br>complet<br><br><img decoding=\"async\" src=\"https:\/\/ipautomationinc.com\/wp-content\/uploads\/2017\/11\/Screen-Shot-2017-11-06-at-12.23.25-PM.png\" alt=\"Capture d&#039;\u00e9cran 06\/11\/2017 \u00e0 12h23h25\"><br>complet<br><br><img decoding=\"async\" src=\"https:\/\/ipautomationinc.com\/wp-content\/uploads\/2017\/11\/Screen-Shot-2017-11-06-at-12.24.00-PM.png\" alt=\"\"><br>complet<br><br><img decoding=\"async\" src=\"https:\/\/ipautomationinc.com\/wp-content\/uploads\/2017\/11\/Screen-Shot-2017-11-06-at-12.28.20-PM-e1640898971646.png\" alt=\"Capture d&#039;\u00e9cran 2017-11-06 \u00e0 12.28.20 PM\"><br>complet<br><br><img decoding=\"async\" src=\"https:\/\/ipautomationinc.com\/wp-content\/uploads\/2017\/11\/bigstock-Shopping-Cart-D-With-Clipping-1349654-e1640899028446.jpg\" alt=\"Panier 3D avec chemin de d\u00e9tourage\"><br>complet<br><br><img decoding=\"async\" src=\"https:\/\/ipautomationinc.com\/wp-content\/uploads\/2017\/11\/Screen-Shot-2017-11-06-at-1.34.57-PM-e1640899168368.png\" alt=\"Capture d&#039;\u00e9cran 06\/11\/2017 \u00e0 13h34,57\"><br>complet<br><br><img decoding=\"async\" src=\"https:\/\/ipautomationinc.com\/wp-content\/uploads\/2017\/11\/Screen-Shot-2017-11-06-at-12.25.43-PM-e1640899352604.png\" alt=\"Capture d&#039;\u00e9cran 06\/11\/2017 \u00e0 12h25h43\"><br>complet<br><br>30<br>cacher<br><br><h3>APPAREIL<\/h3>APPAREIL<br>centre<br>#ffffff<br>pas de r\u00e9p\u00e9tition;centre;;<br>couverture ultra-large<br><br><img decoding=\"async\" src=\"https:\/\/ipautomationinc.com\/wp-content\/uploads\/2017\/11\/Screen-Shot-2017-11-06-at-1.16.03-PM.png\" alt=\"\"><br>complet<br><br><img decoding=\"async\" src=\"https:\/\/ipautomationinc.com\/wp-content\/uploads\/2017\/11\/Screen-Shot-2017-11-06-at-1.16.31-PM.png\" alt=\"Capture d&#039;\u00e9cran 06\/11\/2017 \u00e0 13h16h31\"><br>complet<br><br><img decoding=\"async\" src=\"https:\/\/ipautomationinc.com\/wp-content\/uploads\/2017\/11\/Screen-Shot-2017-11-06-at-1.17.22-PM.png\" alt=\"Capture d&#039;\u00e9cran 06\/11\/2017 \u00e0 13h17\/22\"><br>complet<br><br><img decoding=\"async\" src=\"https:\/\/ipautomationinc.com\/wp-content\/uploads\/2017\/11\/Screen-Shot-2017-11-06-at-1.17.54-PM-e1635359774200.png\" alt=\"Capture d&#039;\u00e9cran 06\/11\/2017 \u00e0 13h17h54\"><br>complet<br><br>30<br>cacher<br><br><h3>MEUBLES<\/h3>APPAREIL<br>centre<br>#ffffff<br>pas de r\u00e9p\u00e9tition;centre;;<br>couverture ultra-large<br><br><img decoding=\"async\" src=\"https:\/\/ipautomationinc.com\/wp-content\/uploads\/2023\/05\/stack-chair.png\" alt=\"chaise empilable\"><br>complet<br><br><img decoding=\"async\" src=\"https:\/\/ipautomationinc.com\/wp-content\/uploads\/2023\/05\/hairpin-leg.png\" alt=\"jambe en \u00e9pingle \u00e0 cheveux\"><br>complet<br>125px<br>240px<br>centre<br><br><img decoding=\"async\" src=\"https:\/\/ipautomationinc.com\/wp-content\/uploads\/2023\/05\/chair-lever.png\" alt=\"levier de chaise\"><br>complet<br>277px<br>centre<br><br><img decoding=\"async\" src=\"https:\/\/ipautomationinc.com\/wp-content\/uploads\/2023\/05\/lock-rod.png\" alt=\"tige de verrouillage\"><br>complet<br>283px<br>centre<br><br><\/p>","protected":false},"excerpt":{"rendered":"<p>IP Automation wire forms by industry. Automotive, agriculture, lawn &amp; garden, construction, retail and pop display, appliance, furniture, hairpin motors.<span class=\"excerpt-hellip\"> [\u2026]<\/span><\/p>\n","protected":false},"author":3,"featured_media":0,"parent":0,"menu_order":0,"comment_status":"closed","ping_status":"closed","template":"","meta":{"footnotes":""},"class_list":["post-428","page","type-page","status-publish","hentry"],"yoast_head":"<!-- This site is optimized with the Yoast SEO plugin v27.3 - https:\/\/yoast.com\/product\/yoast-seo-wordpress\/ -->\n<title>Industries Served | IP Automation Inc<\/title>\n<meta name=\"description\" content=\"Discover different wire forms by industry application.\" \/>\n<meta name=\"robots\" content=\"index, follow, max-snippet:-1, max-image-preview:large, max-video-preview:-1\" \/>\n<link rel=\"canonical\" href=\"https:\/\/ipautomationinc.com\/fr\/industries-et-capacites\/\" \/>\n<meta property=\"og:locale\" content=\"fr_FR\" \/>\n<meta property=\"og:type\" content=\"article\" \/>\n<meta property=\"og:title\" content=\"Industries Served | IP Automation Inc\" \/>\n<meta property=\"og:description\" content=\"Discover different wire forms by industry application.\" \/>\n<meta property=\"og:url\" content=\"https:\/\/ipautomationinc.com\/fr\/industries-et-capacites\/\" \/>\n<meta property=\"og:site_name\" content=\"IP Automation Inc\" \/>\n<meta property=\"article:publisher\" content=\"https:\/\/www.facebook.com\/ipautomationinc\/\" \/>\n<meta property=\"article:modified_time\" content=\"2024-01-09T17:49:29+00:00\" \/>\n<meta property=\"og:image\" content=\"https:\/\/ipautomationinc.com\/wp-content\/uploads\/2022\/05\/web-header_Artboard-3.jpg\" \/>\n\t<meta property=\"og:image:width\" content=\"1920\" \/>\n\t<meta property=\"og:image:height\" content=\"815\" \/>\n\t<meta property=\"og:image:type\" content=\"image\/jpeg\" \/>\n<script type=\"application\/ld+json\" class=\"yoast-schema-graph\">{\"@context\":\"https:\\\/\\\/schema.org\",\"@graph\":[{\"@type\":\"WebPage\",\"@id\":\"https:\\\/\\\/ipautomationinc.com\\\/industries-and-capabilities\\\/\",\"url\":\"https:\\\/\\\/ipautomationinc.com\\\/industries-and-capabilities\\\/\",\"name\":\"Industries Served | IP Automation Inc\",\"isPartOf\":{\"@id\":\"https:\\\/\\\/ipautomationinc.com\\\/#website\"},\"primaryImageOfPage\":{\"@id\":\"https:\\\/\\\/ipautomationinc.com\\\/industries-and-capabilities\\\/#primaryimage\"},\"image\":{\"@id\":\"https:\\\/\\\/ipautomationinc.com\\\/industries-and-capabilities\\\/#primaryimage\"},\"thumbnailUrl\":\"https:\\\/\\\/ipautomationinc.com\\\/wp-content\\\/uploads\\\/2017\\\/10\\\/IMG_2018-1-e1640896150508.png\",\"datePublished\":\"2018-06-25T23:30:37+00:00\",\"dateModified\":\"2024-01-09T17:49:29+00:00\",\"description\":\"Discover different wire forms by industry application.\",\"inLanguage\":\"fr-FR\",\"potentialAction\":[{\"@type\":\"ReadAction\",\"target\":[\"https:\\\/\\\/ipautomationinc.com\\\/industries-and-capabilities\\\/\"]}]},{\"@type\":\"ImageObject\",\"inLanguage\":\"fr-FR\",\"@id\":\"https:\\\/\\\/ipautomationinc.com\\\/industries-and-capabilities\\\/#primaryimage\",\"url\":\"https:\\\/\\\/ipautomationinc.com\\\/wp-content\\\/uploads\\\/2017\\\/10\\\/IMG_2018-1-e1640896150508.png\",\"contentUrl\":\"https:\\\/\\\/ipautomationinc.com\\\/wp-content\\\/uploads\\\/2017\\\/10\\\/IMG_2018-1-e1640896150508.png\"},{\"@type\":\"WebSite\",\"@id\":\"https:\\\/\\\/ipautomationinc.com\\\/#website\",\"url\":\"https:\\\/\\\/ipautomationinc.com\\\/\",\"name\":\"IP Automation Inc\",\"description\":\"Concept... Creation... Reality...\",\"publisher\":{\"@id\":\"https:\\\/\\\/ipautomationinc.com\\\/#organization\"},\"potentialAction\":[{\"@type\":\"SearchAction\",\"target\":{\"@type\":\"EntryPoint\",\"urlTemplate\":\"https:\\\/\\\/ipautomationinc.com\\\/?s={search_term_string}\"},\"query-input\":{\"@type\":\"PropertyValueSpecification\",\"valueRequired\":true,\"valueName\":\"search_term_string\"}}],\"inLanguage\":\"fr-FR\"},{\"@type\":\"Organization\",\"@id\":\"https:\\\/\\\/ipautomationinc.com\\\/#organization\",\"name\":\"IP Automation Inc\",\"url\":\"https:\\\/\\\/ipautomationinc.com\\\/\",\"logo\":{\"@type\":\"ImageObject\",\"inLanguage\":\"fr-FR\",\"@id\":\"https:\\\/\\\/ipautomationinc.com\\\/#\\\/schema\\\/logo\\\/image\\\/\",\"url\":\"https:\\\/\\\/ipautomationinc.com\\\/wp-content\\\/uploads\\\/2022\\\/05\\\/IPA-Favicon.png\",\"contentUrl\":\"https:\\\/\\\/ipautomationinc.com\\\/wp-content\\\/uploads\\\/2022\\\/05\\\/IPA-Favicon.png\",\"width\":513,\"height\":513,\"caption\":\"IP Automation Inc\"},\"image\":{\"@id\":\"https:\\\/\\\/ipautomationinc.com\\\/#\\\/schema\\\/logo\\\/image\\\/\"},\"sameAs\":[\"https:\\\/\\\/www.facebook.com\\\/ipautomationinc\\\/\",\"https:\\\/\\\/www.linkedin.com\\\/company\\\/ip-automation-inc\\\/\",\"https:\\\/\\\/www.youtube.com\\\/@IPAutomation\"]}]}<\/script>\n<!-- \/ Yoast SEO plugin. -->","yoast_head_json":{"title":"Industries desservies | IP Automatisation Inc","description":"D\u00e9couvrez diff\u00e9rentes formes de fils par application industrielle.","robots":{"index":"index","follow":"follow","max-snippet":"max-snippet:-1","max-image-preview":"max-image-preview:large","max-video-preview":"max-video-preview:-1"},"canonical":"https:\/\/ipautomationinc.com\/fr\/industries-et-capacites\/","og_locale":"fr_FR","og_type":"article","og_title":"Industries Served | IP Automation Inc","og_description":"Discover different wire forms by industry application.","og_url":"https:\/\/ipautomationinc.com\/fr\/industries-et-capacites\/","og_site_name":"IP Automation Inc","article_publisher":"https:\/\/www.facebook.com\/ipautomationinc\/","article_modified_time":"2024-01-09T17:49:29+00:00","og_image":[{"width":1920,"height":815,"url":"https:\/\/ipautomationinc.com\/wp-content\/uploads\/2022\/05\/web-header_Artboard-3.jpg","type":"image\/jpeg"}],"schema":{"@context":"https:\/\/schema.org","@graph":[{"@type":"WebPage","@id":"https:\/\/ipautomationinc.com\/industries-and-capabilities\/","url":"https:\/\/ipautomationinc.com\/industries-and-capabilities\/","name":"Industries desservies | IP Automatisation Inc","isPartOf":{"@id":"https:\/\/ipautomationinc.com\/#website"},"primaryImageOfPage":{"@id":"https:\/\/ipautomationinc.com\/industries-and-capabilities\/#primaryimage"},"image":{"@id":"https:\/\/ipautomationinc.com\/industries-and-capabilities\/#primaryimage"},"thumbnailUrl":"https:\/\/ipautomationinc.com\/wp-content\/uploads\/2017\/10\/IMG_2018-1-e1640896150508.png","datePublished":"2018-06-25T23:30:37+00:00","dateModified":"2024-01-09T17:49:29+00:00","description":"D\u00e9couvrez diff\u00e9rentes formes de fils par application industrielle.","inLanguage":"fr-FR","potentialAction":[{"@type":"ReadAction","target":["https:\/\/ipautomationinc.com\/industries-and-capabilities\/"]}]},{"@type":"ImageObject","inLanguage":"fr-FR","@id":"https:\/\/ipautomationinc.com\/industries-and-capabilities\/#primaryimage","url":"https:\/\/ipautomationinc.com\/wp-content\/uploads\/2017\/10\/IMG_2018-1-e1640896150508.png","contentUrl":"https:\/\/ipautomationinc.com\/wp-content\/uploads\/2017\/10\/IMG_2018-1-e1640896150508.png"},{"@type":"WebSite","@id":"https:\/\/ipautomationinc.com\/#website","url":"https:\/\/ipautomationinc.com\/","name":"IP Automatisation Inc","description":"Concept... Cr\u00e9ation... R\u00e9alit\u00e9...","publisher":{"@id":"https:\/\/ipautomationinc.com\/#organization"},"potentialAction":[{"@type":"SearchAction","target":{"@type":"EntryPoint","urlTemplate":"https:\/\/ipautomationinc.com\/?s={search_term_string}"},"query-input":{"@type":"PropertyValueSpecification","valueRequired":true,"valueName":"search_term_string"}}],"inLanguage":"fr-FR"},{"@type":"Organization","@id":"https:\/\/ipautomationinc.com\/#organization","name":"IP Automatisation Inc","url":"https:\/\/ipautomationinc.com\/","logo":{"@type":"ImageObject","inLanguage":"fr-FR","@id":"https:\/\/ipautomationinc.com\/#\/schema\/logo\/image\/","url":"https:\/\/ipautomationinc.com\/wp-content\/uploads\/2022\/05\/IPA-Favicon.png","contentUrl":"https:\/\/ipautomationinc.com\/wp-content\/uploads\/2022\/05\/IPA-Favicon.png","width":513,"height":513,"caption":"IP Automation Inc"},"image":{"@id":"https:\/\/ipautomationinc.com\/#\/schema\/logo\/image\/"},"sameAs":["https:\/\/www.facebook.com\/ipautomationinc\/","https:\/\/www.linkedin.com\/company\/ip-automation-inc\/","https:\/\/www.youtube.com\/@IPAutomation"]}]}},"_links":{"self":[{"href":"https:\/\/ipautomationinc.com\/fr\/wp-json\/wp\/v2\/pages\/428","targetHints":{"allow":["GET"]}}],"collection":[{"href":"https:\/\/ipautomationinc.com\/fr\/wp-json\/wp\/v2\/pages"}],"about":[{"href":"https:\/\/ipautomationinc.com\/fr\/wp-json\/wp\/v2\/types\/page"}],"author":[{"embeddable":true,"href":"https:\/\/ipautomationinc.com\/fr\/wp-json\/wp\/v2\/users\/3"}],"replies":[{"embeddable":true,"href":"https:\/\/ipautomationinc.com\/fr\/wp-json\/wp\/v2\/comments?post=428"}],"version-history":[{"count":0,"href":"https:\/\/ipautomationinc.com\/fr\/wp-json\/wp\/v2\/pages\/428\/revisions"}],"wp:attachment":[{"href":"https:\/\/ipautomationinc.com\/fr\/wp-json\/wp\/v2\/media?parent=428"}],"curies":[{"name":"wp","href":"https:\/\/api.w.org\/{rel}","templated":true}]}}