{"id":39705,"date":"2026-04-01T13:37:45","date_gmt":"2026-04-01T18:37:45","guid":{"rendered":"https:\/\/ipautomationinc.com\/?page_id=39705"},"modified":"2026-04-01T13:37:46","modified_gmt":"2026-04-01T18:37:46","slug":"cintreuses-de-tubes-cnc","status":"publish","type":"page","link":"https:\/\/ipautomationinc.com\/fr\/cnc-tube-benders\/","title":{"rendered":"cintreuses de tubes CNC"},"content":{"rendered":"<p>Explore our selection of 3D CNC Tube Benders to find the perfect one for you. Quality made in the USA machinery. T series 3D CNC Tube Bender. P series single piece 3D CNC Wire Bender.<\/p>\n\n\n\n<p><span class=\"builder2seo\"><\/span>cintreuses de tubes CNC<br><br>large<br><br><img decoding=\"async\" src=\"https:\/\/ipautomationinc.com\/wp-content\/uploads\/2026\/03\/i13T-S\u00b2-3D-CNC-Tube-Bending-Machine.png#39661\" alt=\"i13T-S\u00b2 3D CNC Tube Bending Machine\"><br><a href=\"https:\/\/ipautomationinc.com\/fr\/serie-t\/\">https:\/\/ipautomationinc.com\/t-series\/<\/a><br><br>S\u00e9rie T<br><br>Apprendre encore plus<br><a href=\"https:\/\/ipautomationinc.com\/fr\/serie-t\/\">https:\/\/ipautomationinc.com\/t-series\/<\/a><br>bouton_th\u00e8me<br><br>Cintreuse de tubes CNC 3D pour applications hors bobine<br><br><h5>La s\u00e9rie T est une cintreuse de tubes CNC 3D qui traite les bobines de tubes \u00e0 l&#039;aide de t\u00eates de cintrage doubles pour le roulage et le cintrage par compression.<\/h5><br><br><br><br>Capacit\u00e9 du tube\u00a0: 3 \u00e0 20\u00a0mm*<br><br>Id\u00e9al pour les tubes de raccordement, les serpentins de r\u00e9frig\u00e9ration, les serpentins rectangulaires et de dimensions variables.<br><br><br>Titre + description<br>pas de r\u00e9p\u00e9tition;en haut \u00e0 gauche;;<br>auto<br>20px<br>0 10%<br><br><img decoding=\"async\" src=\"https:\/\/ipautomationinc.com\/wp-content\/uploads\/2026\/02\/i10-S\u00b2-P-Single-Piece-3D-CNC-Wire-Bender.png#39498\" alt=\"i10-S\u00b2-P Single Piece 3D CNC Wire Bender\"><br><a href=\"https:\/\/ipautomationinc.com\/fr\/serie-ip\/\">https:\/\/ipautomationinc.com\/i-p-series\/<\/a><br><br>S\u00e9rie iP<br><br>Apprendre encore plus<br><a href=\"https:\/\/ipautomationinc.com\/fr\/serie-ip\/\">https:\/\/ipautomationinc.com\/i-p-series\/<\/a><br>bouton_th\u00e8me<br><br>Cintreuse de fil CNC 3D \u00e0 t\u00eate de courbure multiple d&#039;une seule pi\u00e8ce<br><br><h5>La cintreuse de fil CNC monobloc iP est con\u00e7ue pour faciliter le travail sur vos pi\u00e8ces complexes et les m\u00e9langes de pi\u00e8ces qui n\u00e9cessitent polyvalence et flexibilit\u00e9 pour les applications \u00e0 faible volume.<\/h5><br><br><br><br>2,5-16 mm* Diam\u00e8tre du fil<br><br>Parfait pour les supports d&#039;\u00e9chappement, les pi\u00e8ces \u00e0 faible volume et \u00e0 m\u00e9lange \u00e9lev\u00e9, les \u00e9l\u00e9ments chauffants et les pi\u00e8ces en boucle ferm\u00e9e.<br><br>t\u00eates \u00e0 simple ou double courbure<br><br><br>Titre + description<br>pas de r\u00e9p\u00e9tition;en haut \u00e0 gauche;;<br>auto<br>20px<br>0 10%<br><br><\/p>","protected":false},"excerpt":{"rendered":"<p>Explore our selection of 3D CNC Tube Benders to find the perfect one for you. Quality made in the USA<span class=\"excerpt-hellip\"> [\u2026]<\/span><\/p>\n","protected":false},"author":3,"featured_media":0,"parent":0,"menu_order":0,"comment_status":"closed","ping_status":"closed","template":"","meta":{"footnotes":""},"class_list":["post-39705","page","type-page","status-publish","hentry"],"yoast_head":"<!-- This site is optimized with the Yoast SEO plugin v27.4 - https:\/\/yoast.com\/product\/yoast-seo-wordpress\/ -->\n<title>CNC Tube Benders | IP Automation Inc<\/title>\n<meta name=\"description\" content=\"Explore our selection of CNC Tube Benders to find the perfect one for you. Quality made in the USA machinery.\" \/>\n<meta name=\"robots\" content=\"index, follow, max-snippet:-1, max-image-preview:large, max-video-preview:-1\" \/>\n<link rel=\"canonical\" href=\"https:\/\/ipautomationinc.com\/fr\/cintreuses-de-tubes-cnc\/\" \/>\n<meta property=\"og:locale\" content=\"fr_FR\" \/>\n<meta property=\"og:type\" content=\"article\" \/>\n<meta property=\"og:title\" content=\"CNC Tube Benders | IP Automation Inc\" \/>\n<meta property=\"og:description\" content=\"Explore our selection of CNC Tube Benders to find the perfect one for you. Quality made in the USA machinery.\" \/>\n<meta property=\"og:url\" content=\"https:\/\/ipautomationinc.com\/fr\/cintreuses-de-tubes-cnc\/\" \/>\n<meta property=\"og:site_name\" content=\"IP Automation Inc\" \/>\n<meta property=\"article:publisher\" content=\"https:\/\/www.facebook.com\/ipautomationinc\/\" \/>\n<meta property=\"article:modified_time\" content=\"2026-04-01T18:37:46+00:00\" \/>\n<script type=\"application\/ld+json\" class=\"yoast-schema-graph\">{\"@context\":\"https:\\\/\\\/schema.org\",\"@graph\":[{\"@type\":\"WebPage\",\"@id\":\"https:\\\/\\\/ipautomationinc.com\\\/cnc-tube-benders\\\/\",\"url\":\"https:\\\/\\\/ipautomationinc.com\\\/cnc-tube-benders\\\/\",\"name\":\"CNC Tube Benders | IP Automation Inc\",\"isPartOf\":{\"@id\":\"https:\\\/\\\/ipautomationinc.com\\\/#website\"},\"datePublished\":\"2026-04-01T18:37:45+00:00\",\"dateModified\":\"2026-04-01T18:37:46+00:00\",\"description\":\"Explore our selection of CNC Tube Benders to find the perfect one for you. Quality made in the USA machinery.\",\"inLanguage\":\"fr-FR\",\"potentialAction\":[{\"@type\":\"ReadAction\",\"target\":[\"https:\\\/\\\/ipautomationinc.com\\\/cnc-tube-benders\\\/\"]}]},{\"@type\":\"WebSite\",\"@id\":\"https:\\\/\\\/ipautomationinc.com\\\/#website\",\"url\":\"https:\\\/\\\/ipautomationinc.com\\\/\",\"name\":\"IP Automation Inc\",\"description\":\"Concept... Creation... Reality...\",\"publisher\":{\"@id\":\"https:\\\/\\\/ipautomationinc.com\\\/#organization\"},\"potentialAction\":[{\"@type\":\"SearchAction\",\"target\":{\"@type\":\"EntryPoint\",\"urlTemplate\":\"https:\\\/\\\/ipautomationinc.com\\\/?s={search_term_string}\"},\"query-input\":{\"@type\":\"PropertyValueSpecification\",\"valueRequired\":true,\"valueName\":\"search_term_string\"}}],\"inLanguage\":\"fr-FR\"},{\"@type\":\"Organization\",\"@id\":\"https:\\\/\\\/ipautomationinc.com\\\/#organization\",\"name\":\"IP Automation Inc\",\"url\":\"https:\\\/\\\/ipautomationinc.com\\\/\",\"logo\":{\"@type\":\"ImageObject\",\"inLanguage\":\"fr-FR\",\"@id\":\"https:\\\/\\\/ipautomationinc.com\\\/#\\\/schema\\\/logo\\\/image\\\/\",\"url\":\"https:\\\/\\\/ipautomationinc.com\\\/wp-content\\\/uploads\\\/2022\\\/05\\\/IPA-Favicon.png\",\"contentUrl\":\"https:\\\/\\\/ipautomationinc.com\\\/wp-content\\\/uploads\\\/2022\\\/05\\\/IPA-Favicon.png\",\"width\":513,\"height\":513,\"caption\":\"IP Automation Inc\"},\"image\":{\"@id\":\"https:\\\/\\\/ipautomationinc.com\\\/#\\\/schema\\\/logo\\\/image\\\/\"},\"sameAs\":[\"https:\\\/\\\/www.facebook.com\\\/ipautomationinc\\\/\",\"https:\\\/\\\/www.linkedin.com\\\/company\\\/ip-automation-inc\\\/\",\"https:\\\/\\\/www.youtube.com\\\/@IPAutomation\"]}]}<\/script>\n<!-- \/ Yoast SEO plugin. -->","yoast_head_json":{"title":"Cintreuses de tubes CNC | IP Automation Inc","description":"D\u00e9couvrez notre s\u00e9lection de cintreuses de tubes CNC et trouvez celle qui vous convient. Machines de qualit\u00e9 fabriqu\u00e9es aux \u00c9tats-Unis.","robots":{"index":"index","follow":"follow","max-snippet":"max-snippet:-1","max-image-preview":"max-image-preview:large","max-video-preview":"max-video-preview:-1"},"canonical":"https:\/\/ipautomationinc.com\/fr\/cintreuses-de-tubes-cnc\/","og_locale":"fr_FR","og_type":"article","og_title":"CNC Tube Benders | IP Automation Inc","og_description":"Explore our selection of CNC Tube Benders to find the perfect one for you. Quality made in the USA machinery.","og_url":"https:\/\/ipautomationinc.com\/fr\/cintreuses-de-tubes-cnc\/","og_site_name":"IP Automation Inc","article_publisher":"https:\/\/www.facebook.com\/ipautomationinc\/","article_modified_time":"2026-04-01T18:37:46+00:00","schema":{"@context":"https:\/\/schema.org","@graph":[{"@type":"WebPage","@id":"https:\/\/ipautomationinc.com\/cnc-tube-benders\/","url":"https:\/\/ipautomationinc.com\/cnc-tube-benders\/","name":"Cintreuses de tubes CNC | IP Automation Inc","isPartOf":{"@id":"https:\/\/ipautomationinc.com\/#website"},"datePublished":"2026-04-01T18:37:45+00:00","dateModified":"2026-04-01T18:37:46+00:00","description":"D\u00e9couvrez notre s\u00e9lection de cintreuses de tubes CNC et trouvez celle qui vous convient. Machines de qualit\u00e9 fabriqu\u00e9es aux \u00c9tats-Unis.","inLanguage":"fr-FR","potentialAction":[{"@type":"ReadAction","target":["https:\/\/ipautomationinc.com\/cnc-tube-benders\/"]}]},{"@type":"WebSite","@id":"https:\/\/ipautomationinc.com\/#website","url":"https:\/\/ipautomationinc.com\/","name":"IP Automatisation Inc","description":"Concept... Cr\u00e9ation... R\u00e9alit\u00e9...","publisher":{"@id":"https:\/\/ipautomationinc.com\/#organization"},"potentialAction":[{"@type":"SearchAction","target":{"@type":"EntryPoint","urlTemplate":"https:\/\/ipautomationinc.com\/?s={search_term_string}"},"query-input":{"@type":"PropertyValueSpecification","valueRequired":true,"valueName":"search_term_string"}}],"inLanguage":"fr-FR"},{"@type":"Organization","@id":"https:\/\/ipautomationinc.com\/#organization","name":"IP Automatisation Inc","url":"https:\/\/ipautomationinc.com\/","logo":{"@type":"ImageObject","inLanguage":"fr-FR","@id":"https:\/\/ipautomationinc.com\/#\/schema\/logo\/image\/","url":"https:\/\/ipautomationinc.com\/wp-content\/uploads\/2022\/05\/IPA-Favicon.png","contentUrl":"https:\/\/ipautomationinc.com\/wp-content\/uploads\/2022\/05\/IPA-Favicon.png","width":513,"height":513,"caption":"IP Automation Inc"},"image":{"@id":"https:\/\/ipautomationinc.com\/#\/schema\/logo\/image\/"},"sameAs":["https:\/\/www.facebook.com\/ipautomationinc\/","https:\/\/www.linkedin.com\/company\/ip-automation-inc\/","https:\/\/www.youtube.com\/@IPAutomation"]}]}},"_links":{"self":[{"href":"https:\/\/ipautomationinc.com\/fr\/wp-json\/wp\/v2\/pages\/39705","targetHints":{"allow":["GET"]}}],"collection":[{"href":"https:\/\/ipautomationinc.com\/fr\/wp-json\/wp\/v2\/pages"}],"about":[{"href":"https:\/\/ipautomationinc.com\/fr\/wp-json\/wp\/v2\/types\/page"}],"author":[{"embeddable":true,"href":"https:\/\/ipautomationinc.com\/fr\/wp-json\/wp\/v2\/users\/3"}],"replies":[{"embeddable":true,"href":"https:\/\/ipautomationinc.com\/fr\/wp-json\/wp\/v2\/comments?post=39705"}],"version-history":[{"count":2,"href":"https:\/\/ipautomationinc.com\/fr\/wp-json\/wp\/v2\/pages\/39705\/revisions"}],"predecessor-version":[{"id":39707,"href":"https:\/\/ipautomationinc.com\/fr\/wp-json\/wp\/v2\/pages\/39705\/revisions\/39707"}],"wp:attachment":[{"href":"https:\/\/ipautomationinc.com\/fr\/wp-json\/wp\/v2\/media?parent=39705"}],"curies":[{"name":"wp","href":"https:\/\/api.w.org\/{rel}","templated":true}]}}