{"id":39417,"date":"2026-02-12T14:18:54","date_gmt":"2026-02-12T20:18:54","guid":{"rendered":"https:\/\/ipautomationinc.com\/?page_id=39417"},"modified":"2026-02-17T16:59:46","modified_gmt":"2026-02-17T22:59:46","slug":"intellibend","status":"publish","type":"page","link":"https:\/\/ipautomationinc.com\/fr\/intellibend\/","title":{"rendered":"Intellibend"},"content":{"rendered":"<p>Notre logiciel Intellibend int\u00e8gre des outils et des fonctionnalit\u00e9s de programmation puissants, faciles \u00e0 apprendre et offrant un contr\u00f4le \u00e9tendu sur le pliage, la simulation et la gestion des op\u00e9rations de la machine.<\/p>\n\n\n\n<p><span class=\"builder2seo\"><\/span>Logiciel Intellibend<br><br><br><p><span>Notre logiciel Intellibend int\u00e8gre des outils et des fonctionnalit\u00e9s de programmation puissants, faciles \u00e0 apprendre et offrant un contr\u00f4le \u00e9tendu sur le pliage, la simulation et la gestion des op\u00e9rations de la machine.<\/span><\/p><br><br>autoplay=1&amp;muted=1&amp;loop=1&amp;controls=0<br>a;;l;m<br><br>Logiciel Intellibend<br>#000000<br><br><br><p><span>Notre logiciel Intellibend int\u00e8gre des outils et des fonctionnalit\u00e9s de programmation puissants, faciles \u00e0 apprendre et offrant un contr\u00f4le \u00e9tendu sur le pliage, la simulation et la gestion des op\u00e9rations de la machine.<\/span><\/p><br><br><img decoding=\"async\" src=\"https:\/\/ipautomationinc.com\/wp-content\/uploads\/2026\/02\/Software-interface.webp#39419\" alt=\"Intellibend software interface\"><br>https:\/\/ipautomationinc.com\/wp-content\/uploads\/2026\/02\/Software-interface.webp#39419<br>coutume<br><br>Fonctionnalit\u00e9s de programmation des pi\u00e8ces<br>Sp\u00e9cifications g\u00e9n\u00e9rales<br>Connectivit\u00e9<br><br><br>  Options de programmation LRA et absolue<br><br>  Commandes d&#039;acc\u00e9l\u00e9ration, de d\u00e9c\u00e9l\u00e9ration et d&#039;acc\u00e9l\u00e9ration en sortie de virage<br><br>  Simulation 3D anim\u00e9e enti\u00e8rement int\u00e9gr\u00e9e avec d\u00e9tection de collision utilisant le moteur Unity<br><br>  Mod\u00e8le 3D int\u00e9gr\u00e9 au programme pour une consultation rapide.<br><br>  Fonction d&#039;importation de fichiers STEP (disponible sur la plupart des mod\u00e8les)<br><br>  Restrictions de contr\u00f4le au niveau de l&#039;utilisateur<br><br>  Calibrage programmable du pliage par outil et par fil<br><br>  Colonnes de notes int\u00e9gr\u00e9es<br><br>  Appel de macro-programme<br><br>  Fonctionnalit\u00e9s compl\u00e8tes d&#039;annulation\/r\u00e9tablissement<br><br>  fen\u00eatre de d\u00e9placement du servo<br><br><br><br><br>  Commande CNC compl\u00e8te<br><br>  Syst\u00e8me d&#039;exploitation Windows Enterprise LTSC<br><br>  Mises \u00e0 jour logicielles Intellibend gratuites<br><br>  Utilitaires de sauvegarde\/sauvegarde automatiques<br><br>  Contr\u00f4le des lots et comptage de pi\u00e8ces int\u00e9gr\u00e9s<br><br>  Ordinateur \u00e0 semi-conducteurs ne n\u00e9cessitant aucune ventilation<br><br>  Notifications de maintenance intelligentes bas\u00e9es sur les donn\u00e9es de mouvement<br><br>  Menus multilingues et boutons tactiles iconographiques<br><br><br><br><br>  Tunnel VPN rapide et s\u00e9curis\u00e9 pour la connexion d&#039;assistance \u00e0 distance<br><br>  Appel automatique et r\u00e9cup\u00e9ration en cas de panne avec les robots Fanuc et Yaskawa Motoman<br><br>  Fonctionnalit\u00e9s OPC UA pour la mise en \u0153uvre de l&#039;IIoT<br><br>  Fonctions d&#039;E\/S personnalis\u00e9es disponibles<br><br>  \u00c9cran tactile multipoint \u2013 aucun clavier n\u00e9cessaire (port USB disponible)<br><br><br>vertical<br>#767676<br>#0444B0<br><br><\/p>","protected":false},"excerpt":{"rendered":"<p>Our Intellibend software incorporates powerful programming tools and capabilities that are easy to learn and provide extensive control over bending,<span class=\"excerpt-hellip\"> [\u2026]<\/span><\/p>\n","protected":false},"author":3,"featured_media":0,"parent":0,"menu_order":0,"comment_status":"closed","ping_status":"closed","template":"","meta":{"footnotes":""},"class_list":["post-39417","page","type-page","status-publish","hentry"],"yoast_head":"<!-- This site is optimized with the Yoast SEO plugin v27.3 - https:\/\/yoast.com\/product\/yoast-seo-wordpress\/ -->\n<title>Intellibend | IP Automation Inc<\/title>\n<meta name=\"description\" content=\"Our Intellibend software incorporates powerful programming tools and capabilities that are easy to learn and provide extensive control.\" \/>\n<meta name=\"robots\" content=\"index, follow, max-snippet:-1, max-image-preview:large, max-video-preview:-1\" \/>\n<link rel=\"canonical\" href=\"https:\/\/ipautomationinc.com\/fr\/intellibend\/\" \/>\n<meta property=\"og:locale\" content=\"fr_FR\" \/>\n<meta property=\"og:type\" content=\"article\" \/>\n<meta property=\"og:title\" content=\"Intellibend | IP Automation Inc\" \/>\n<meta property=\"og:description\" content=\"Our Intellibend software incorporates powerful programming tools and capabilities that are easy to learn and provide extensive control.\" \/>\n<meta property=\"og:url\" content=\"https:\/\/ipautomationinc.com\/fr\/intellibend\/\" \/>\n<meta property=\"og:site_name\" content=\"IP Automation Inc\" \/>\n<meta property=\"article:publisher\" content=\"https:\/\/www.facebook.com\/ipautomationinc\/\" \/>\n<meta property=\"article:modified_time\" content=\"2026-02-17T22:59:46+00:00\" \/>\n<meta property=\"og:image\" content=\"https:\/\/ipautomationinc.com\/wp-content\/uploads\/2026\/02\/Software-interface.webp#39419\" \/>\n<script type=\"application\/ld+json\" class=\"yoast-schema-graph\">{\"@context\":\"https:\\\/\\\/schema.org\",\"@graph\":[{\"@type\":\"WebPage\",\"@id\":\"https:\\\/\\\/ipautomationinc.com\\\/intellibend\\\/\",\"url\":\"https:\\\/\\\/ipautomationinc.com\\\/intellibend\\\/\",\"name\":\"Intellibend | IP Automation Inc\",\"isPartOf\":{\"@id\":\"https:\\\/\\\/ipautomationinc.com\\\/#website\"},\"primaryImageOfPage\":{\"@id\":\"https:\\\/\\\/ipautomationinc.com\\\/intellibend\\\/#primaryimage\"},\"image\":{\"@id\":\"https:\\\/\\\/ipautomationinc.com\\\/intellibend\\\/#primaryimage\"},\"thumbnailUrl\":\"https:\\\/\\\/ipautomationinc.com\\\/wp-content\\\/uploads\\\/2026\\\/02\\\/Software-interface.webp#39419\",\"datePublished\":\"2026-02-12T20:18:54+00:00\",\"dateModified\":\"2026-02-17T22:59:46+00:00\",\"description\":\"Our Intellibend software incorporates powerful programming tools and capabilities that are easy to learn and provide extensive control.\",\"inLanguage\":\"fr-FR\",\"potentialAction\":[{\"@type\":\"ReadAction\",\"target\":[\"https:\\\/\\\/ipautomationinc.com\\\/intellibend\\\/\"]}]},{\"@type\":\"ImageObject\",\"inLanguage\":\"fr-FR\",\"@id\":\"https:\\\/\\\/ipautomationinc.com\\\/intellibend\\\/#primaryimage\",\"url\":\"https:\\\/\\\/ipautomationinc.com\\\/wp-content\\\/uploads\\\/2026\\\/02\\\/Software-interface.webp#39419\",\"contentUrl\":\"https:\\\/\\\/ipautomationinc.com\\\/wp-content\\\/uploads\\\/2026\\\/02\\\/Software-interface.webp#39419\"},{\"@type\":\"WebSite\",\"@id\":\"https:\\\/\\\/ipautomationinc.com\\\/#website\",\"url\":\"https:\\\/\\\/ipautomationinc.com\\\/\",\"name\":\"IP Automation Inc\",\"description\":\"Concept... Creation... Reality...\",\"publisher\":{\"@id\":\"https:\\\/\\\/ipautomationinc.com\\\/#organization\"},\"potentialAction\":[{\"@type\":\"SearchAction\",\"target\":{\"@type\":\"EntryPoint\",\"urlTemplate\":\"https:\\\/\\\/ipautomationinc.com\\\/?s={search_term_string}\"},\"query-input\":{\"@type\":\"PropertyValueSpecification\",\"valueRequired\":true,\"valueName\":\"search_term_string\"}}],\"inLanguage\":\"fr-FR\"},{\"@type\":\"Organization\",\"@id\":\"https:\\\/\\\/ipautomationinc.com\\\/#organization\",\"name\":\"IP Automation Inc\",\"url\":\"https:\\\/\\\/ipautomationinc.com\\\/\",\"logo\":{\"@type\":\"ImageObject\",\"inLanguage\":\"fr-FR\",\"@id\":\"https:\\\/\\\/ipautomationinc.com\\\/#\\\/schema\\\/logo\\\/image\\\/\",\"url\":\"https:\\\/\\\/ipautomationinc.com\\\/wp-content\\\/uploads\\\/2022\\\/05\\\/IPA-Favicon.png\",\"contentUrl\":\"https:\\\/\\\/ipautomationinc.com\\\/wp-content\\\/uploads\\\/2022\\\/05\\\/IPA-Favicon.png\",\"width\":513,\"height\":513,\"caption\":\"IP Automation Inc\"},\"image\":{\"@id\":\"https:\\\/\\\/ipautomationinc.com\\\/#\\\/schema\\\/logo\\\/image\\\/\"},\"sameAs\":[\"https:\\\/\\\/www.facebook.com\\\/ipautomationinc\\\/\",\"https:\\\/\\\/www.linkedin.com\\\/company\\\/ip-automation-inc\\\/\",\"https:\\\/\\\/www.youtube.com\\\/@IPAutomation\"]}]}<\/script>\n<!-- \/ Yoast SEO plugin. -->","yoast_head_json":{"title":"Intellibend | IP Automation Inc","description":"Notre logiciel Intellibend int\u00e8gre des outils et des fonctionnalit\u00e9s de programmation puissants, faciles \u00e0 apprendre et offrant un contr\u00f4le \u00e9tendu.","robots":{"index":"index","follow":"follow","max-snippet":"max-snippet:-1","max-image-preview":"max-image-preview:large","max-video-preview":"max-video-preview:-1"},"canonical":"https:\/\/ipautomationinc.com\/fr\/intellibend\/","og_locale":"fr_FR","og_type":"article","og_title":"Intellibend | IP Automation Inc","og_description":"Our Intellibend software incorporates powerful programming tools and capabilities that are easy to learn and provide extensive control.","og_url":"https:\/\/ipautomationinc.com\/fr\/intellibend\/","og_site_name":"IP Automation Inc","article_publisher":"https:\/\/www.facebook.com\/ipautomationinc\/","article_modified_time":"2026-02-17T22:59:46+00:00","og_image":[{"url":"https:\/\/ipautomationinc.com\/wp-content\/uploads\/2026\/02\/Software-interface.webp#39419","type":"","width":"","height":""}],"schema":{"@context":"https:\/\/schema.org","@graph":[{"@type":"WebPage","@id":"https:\/\/ipautomationinc.com\/intellibend\/","url":"https:\/\/ipautomationinc.com\/intellibend\/","name":"Intellibend | IP Automation Inc","isPartOf":{"@id":"https:\/\/ipautomationinc.com\/#website"},"primaryImageOfPage":{"@id":"https:\/\/ipautomationinc.com\/intellibend\/#primaryimage"},"image":{"@id":"https:\/\/ipautomationinc.com\/intellibend\/#primaryimage"},"thumbnailUrl":"https:\/\/ipautomationinc.com\/wp-content\/uploads\/2026\/02\/Software-interface.webp#39419","datePublished":"2026-02-12T20:18:54+00:00","dateModified":"2026-02-17T22:59:46+00:00","description":"Notre logiciel Intellibend int\u00e8gre des outils et des fonctionnalit\u00e9s de programmation puissants, faciles \u00e0 apprendre et offrant un contr\u00f4le \u00e9tendu.","inLanguage":"fr-FR","potentialAction":[{"@type":"ReadAction","target":["https:\/\/ipautomationinc.com\/intellibend\/"]}]},{"@type":"ImageObject","inLanguage":"fr-FR","@id":"https:\/\/ipautomationinc.com\/intellibend\/#primaryimage","url":"https:\/\/ipautomationinc.com\/wp-content\/uploads\/2026\/02\/Software-interface.webp#39419","contentUrl":"https:\/\/ipautomationinc.com\/wp-content\/uploads\/2026\/02\/Software-interface.webp#39419"},{"@type":"WebSite","@id":"https:\/\/ipautomationinc.com\/#website","url":"https:\/\/ipautomationinc.com\/","name":"IP Automatisation Inc","description":"Concept... Cr\u00e9ation... R\u00e9alit\u00e9...","publisher":{"@id":"https:\/\/ipautomationinc.com\/#organization"},"potentialAction":[{"@type":"SearchAction","target":{"@type":"EntryPoint","urlTemplate":"https:\/\/ipautomationinc.com\/?s={search_term_string}"},"query-input":{"@type":"PropertyValueSpecification","valueRequired":true,"valueName":"search_term_string"}}],"inLanguage":"fr-FR"},{"@type":"Organization","@id":"https:\/\/ipautomationinc.com\/#organization","name":"IP Automatisation Inc","url":"https:\/\/ipautomationinc.com\/","logo":{"@type":"ImageObject","inLanguage":"fr-FR","@id":"https:\/\/ipautomationinc.com\/#\/schema\/logo\/image\/","url":"https:\/\/ipautomationinc.com\/wp-content\/uploads\/2022\/05\/IPA-Favicon.png","contentUrl":"https:\/\/ipautomationinc.com\/wp-content\/uploads\/2022\/05\/IPA-Favicon.png","width":513,"height":513,"caption":"IP Automation Inc"},"image":{"@id":"https:\/\/ipautomationinc.com\/#\/schema\/logo\/image\/"},"sameAs":["https:\/\/www.facebook.com\/ipautomationinc\/","https:\/\/www.linkedin.com\/company\/ip-automation-inc\/","https:\/\/www.youtube.com\/@IPAutomation"]}]}},"_links":{"self":[{"href":"https:\/\/ipautomationinc.com\/fr\/wp-json\/wp\/v2\/pages\/39417","targetHints":{"allow":["GET"]}}],"collection":[{"href":"https:\/\/ipautomationinc.com\/fr\/wp-json\/wp\/v2\/pages"}],"about":[{"href":"https:\/\/ipautomationinc.com\/fr\/wp-json\/wp\/v2\/types\/page"}],"author":[{"embeddable":true,"href":"https:\/\/ipautomationinc.com\/fr\/wp-json\/wp\/v2\/users\/3"}],"replies":[{"embeddable":true,"href":"https:\/\/ipautomationinc.com\/fr\/wp-json\/wp\/v2\/comments?post=39417"}],"version-history":[{"count":3,"href":"https:\/\/ipautomationinc.com\/fr\/wp-json\/wp\/v2\/pages\/39417\/revisions"}],"predecessor-version":[{"id":39449,"href":"https:\/\/ipautomationinc.com\/fr\/wp-json\/wp\/v2\/pages\/39417\/revisions\/39449"}],"wp:attachment":[{"href":"https:\/\/ipautomationinc.com\/fr\/wp-json\/wp\/v2\/media?parent=39417"}],"curies":[{"name":"wp","href":"https:\/\/api.w.org\/{rel}","templated":true}]}}