{"id":37840,"date":"2025-06-27T10:09:58","date_gmt":"2025-06-27T15:09:58","guid":{"rendered":"https:\/\/ipautomationinc.com\/?page_id=37840"},"modified":"2025-06-27T10:37:19","modified_gmt":"2025-06-27T15:37:19","slug":"politique-relative-aux-cookies","status":"publish","type":"page","link":"https:\/\/ipautomationinc.com\/fr\/cookie-policy\/","title":{"rendered":"Politique en mati\u00e8re de cookies"},"content":{"rendered":"<h1 class=\"wp-block-heading\">politique de confidentialit\u00e9<\/h1>\n\n\n\n<p><strong>Derni\u00e8re mise \u00e0 jour :<\/strong>&nbsp;1er janvier 2025<\/p>\n\n\n\n<p><strong>Date d&#039;entr\u00e9e en vigueur :<\/strong>&nbsp;1er janvier 2025<\/p>\n\n\n\n<p>IP Automation Inc. (\u00ab nous \u00bb, \u00ab notre \u00bb ou \u00ab nos \u00bb) s&#039;engage \u00e0 prot\u00e9ger votre vie priv\u00e9e. Cette politique de confidentialit\u00e9 d\u00e9crit comment nous collectons, utilisons et prot\u00e9geons vos informations personnelles lors de vos visites.&nbsp;<a href=\"https:\/\/ipautomationinc.com\/fr\/\" target=\"_blank\" rel=\"noreferrer noopener\">https:\/\/ipautomationinc.com<\/a>&nbsp;(\u00ab le Service \u00bb).<\/p>\n\n\n\n<p>En utilisant le Service, vous acceptez les pratiques d\u00e9crites dans la pr\u00e9sente Politique de confidentialit\u00e9. Si vous n&#039;\u00eates pas d&#039;accord avec celle-ci, veuillez ne pas acc\u00e9der au Service ni l&#039;utiliser.<\/p>\n\n\n\n<h2 class=\"wp-block-heading\">Informations que nous collectons<\/h2>\n\n\n\n<h3 class=\"wp-block-heading\">Informations que vous fournissez<\/h3>\n\n\n\n<p>Lorsque vous remplissez un formulaire sur notre site Web, nous pouvons collecter votre nom, votre adresse e-mail, votre num\u00e9ro de t\u00e9l\u00e9phone, le nom de votre entreprise et tout message que vous incluez.<\/p>\n\n\n\n<h3 class=\"wp-block-heading\">Informations collect\u00e9es automatiquement<\/h3>\n\n\n\n<ul class=\"wp-block-list\">\n<li><strong>Analytique:<\/strong>\u00a0Nous utilisons des services tels que Google Analytics et Vimeo Analytics pour collecter des informations telles que l&#039;adresse IP, le type de navigateur, les pages de r\u00e9f\u00e9rence et l&#039;engagement avec les vid\u00e9os.<\/li>\n\n\n\n<li><strong>Cookies:<\/strong>\u00a0Nous utilisons des cookies et des technologies similaires pour am\u00e9liorer votre exp\u00e9rience et recueillir des donn\u00e9es d&#039;utilisation.<\/li>\n<\/ul>\n\n\n\n<h2 class=\"wp-block-heading\">Comment nous utilisons vos informations<\/h2>\n\n\n\n<ul class=\"wp-block-list\">\n<li>Pour r\u00e9pondre aux demandes soumises via nos formulaires de contact<\/li>\n\n\n\n<li>Pour analyser l&#039;utilisation du site et am\u00e9liorer les performances<\/li>\n\n\n\n<li>Pour surveiller l&#039;engagement vid\u00e9o et la fonctionnalit\u00e9 technique<\/li>\n\n\n\n<li>Pour aider \u00e0 maintenir la s\u00e9curit\u00e9 et pr\u00e9venir les abus<\/li>\n<\/ul>\n\n\n\n<p>Si nous avons l\u2019intention d\u2019utiliser vos informations \u00e0 des fins non mentionn\u00e9es ci-dessus, nous vous demanderons votre consentement explicite avant de le faire.<\/p>\n\n\n\n<h2 class=\"wp-block-heading\">Partage d&#039;informations<\/h2>\n\n\n\n<p>Nous ne vendons ni ne louons vos informations personnelles \u00e0 des sp\u00e9cialistes du marketing ni \u00e0 des tiers. Cependant, nous pouvons les partager avec des prestataires de services de confiance (par exemple, Google, Vimeo), uniquement \u00e0 des fins d&#039;analyse et de suivi des performances.<\/p>\n\n\n\n<p>Nous pouvons \u00e9galement divulguer vos informations si la loi, une proc\u00e9dure judiciaire ou en cas de transfert d&#039;entreprise tel qu&#039;une fusion ou une acquisition l&#039;exige.<\/p>\n\n\n\n<h2 class=\"wp-block-heading\">Conservation des donn\u00e9es<\/h2>\n\n\n\n<p>Nous conservons les donn\u00e9es personnelles aussi longtemps que n\u00e9cessaire \u00e0 la r\u00e9alisation des finalit\u00e9s pour lesquelles elles ont \u00e9t\u00e9 collect\u00e9es, ou conform\u00e9ment \u00e0 la loi. En r\u00e8gle g\u00e9n\u00e9rale, cela signifie que les donn\u00e9es sont conserv\u00e9es entre 90 jours et 2 ans apr\u00e8s votre derni\u00e8re interaction avec nous.<\/p>\n\n\n\n<p>Les donn\u00e9es anonymes ou agr\u00e9g\u00e9es qui ne vous identifient pas peuvent \u00eatre stock\u00e9es ind\u00e9finiment.<\/p>\n\n\n\n<h2 class=\"wp-block-heading\">Vos droits<\/h2>\n\n\n\n<p>Selon votre situation g\u00e9ographique et la loi applicable, vous pouvez avoir le droit de :<\/p>\n\n\n\n<ul class=\"wp-block-list\">\n<li>Acc\u00e9der aux donn\u00e9es personnelles que nous d\u00e9tenons \u00e0 votre sujet<\/li>\n\n\n\n<li>Demander la correction ou la suppression de vos donn\u00e9es<\/li>\n\n\n\n<li>Retirer le consentement au traitement des donn\u00e9es<\/li>\n\n\n\n<li>Demander la portabilit\u00e9 des donn\u00e9es (vers une autre entit\u00e9)<\/li>\n\n\n\n<li>D\u00e9poser une plainte aupr\u00e8s d&#039;une autorit\u00e9 de r\u00e9gulation<\/li>\n<\/ul>\n\n\n\n<p>Pour exercer vos droits, contactez-nous \u00e0&nbsp;<a href=\"mailto:info@ipautomationinc.com\">info@ipautomationinc.com<\/a>.<\/p>\n\n\n\n<h2 class=\"wp-block-heading\">Cookies<\/h2>\n\n\n\n<p>Les cookies sont de petits fichiers plac\u00e9s sur votre appareil pour am\u00e9liorer ses fonctionnalit\u00e9s et suivre son utilisation. Pour plus d&#039;informations sur notre utilisation des cookies et la fa\u00e7on dont vous pouvez les g\u00e9rer, veuillez consulter notre&nbsp;<a href=\"https:\/\/ipautomationinc.com\/fr\/politique-relative-aux-cookies\/\" target=\"_blank\" rel=\"noreferrer noopener\">Politique en mati\u00e8re de cookies<\/a>.<\/p>\n\n\n\n<h2 class=\"wp-block-heading\">S\u00e9curit\u00e9<\/h2>\n\n\n\n<p>Nous prenons des pr\u00e9cautions raisonnables pour prot\u00e9ger vos informations contre tout acc\u00e8s, utilisation ou divulgation non autoris\u00e9s. Cependant, aucun syst\u00e8me n&#039;est totalement s\u00e9curis\u00e9. Vous utilisez le Service \u00e0 vos propres risques.<\/p>\n\n\n\n<h2 class=\"wp-block-heading\">Liens tiers<\/h2>\n\n\n\n<p>Notre site web peut contenir des liens vers des sites externes que nous ne contr\u00f4lons pas. Nous ne sommes pas responsables de leurs pratiques en mati\u00e8re de confidentialit\u00e9. Nous vous recommandons de consulter la politique de confidentialit\u00e9 de tout site externe que vous consultez.<\/p>\n\n\n\n<h2 class=\"wp-block-heading\">Modifications de cette politique<\/h2>\n\n\n\n<p>Nous sommes susceptibles de mettre \u00e0 jour p\u00e9riodiquement cette Politique de confidentialit\u00e9. Si nous y apportons des modifications importantes, nous publierons un avis sur cette page. En continuant \u00e0 utiliser le Service apr\u00e8s les mises \u00e0 jour, vous acceptez la politique r\u00e9vis\u00e9e.<\/p>\n\n\n\n<h2 class=\"wp-block-heading\">Contactez-nous<\/h2>\n\n\n\n<p>Si vous avez des questions ou des pr\u00e9occupations, n&#039;h\u00e9sitez pas \u00e0 nous contacter\u00a0:<\/p>\n\n\n\n<p><strong>IP Automation Inc.<\/strong><br>400 E Fullerton Avenue<br>Carol Stream, Illinois 60188<br>E-mail:&nbsp;<a href=\"mailto:info@ipautomationinc.com\">info@ipautomationinc.com<\/a><br>T\u00e9l\u00e9phone : 630-656-1215<\/p>\n\n\n\n<p><span class=\"builder2seo\"><\/span><br><br>    a.cky-banner-element {<br><br>        padding: 8px 30px;<br><br>        background: #F8F9FA;<br><br>        color: #858A8F;<br><br>        border: 1px solid #DEE2E6;<br><br>        box-sizing: border-box;<br><br>        border-radius: 2px;<br><br>        cursor: pointer;<br><br>}<br><br><br><br><h1>Politique en mati\u00e8re de cookies<\/h1><br><br><p><br><br>    Date d&#039;entr\u00e9e en vigueur\u00a0: 1er janvier 2025 <br><br>    Derni\u00e8re mise \u00e0 jour\u00a0: 27 juin 2025<br><br><\/p><br><br><br><br>\u00a0<br><br><h5>Que sont les cookies ?<\/h5><br><br><p>Cette politique relative aux cookies explique ce que sont les cookies et comment nous les utilisons, les types de cookies que nous utilisons, c&#039;est-\u00e0-dire les informations que nous collectons \u00e0 l&#039;aide de cookies et comment ces informations sont utilis\u00e9es, et comment g\u00e9rer les param\u00e8tres des cookies.<\/p> <p>Les cookies sont de petits fichiers texte utilis\u00e9s pour stocker de petites informations. Ils sont stock\u00e9s sur votre appareil lorsque le site web est charg\u00e9 dans votre navigateur. Ces cookies nous aident \u00e0 assurer le bon fonctionnement du site web, \u00e0 le s\u00e9curiser, \u00e0 offrir une meilleure exp\u00e9rience utilisateur, \u00e0 comprendre ses performances et \u00e0 analyser ses points forts et ses points \u00e0 am\u00e9liorer.<\/p><br><br><br><br>\u00a0<br><br><h5>Comment utilisons-nous les cookies ?<\/h5><br><br><p>Comme la plupart des services en ligne, notre site web utilise des cookies internes et tiers \u00e0 plusieurs fins. Les cookies internes sont principalement n\u00e9cessaires au bon fonctionnement du site web et ne collectent aucune donn\u00e9e personnelle identifiable.<\/p> <p>Les cookies tiers utilis\u00e9s sur notre site Web servent principalement \u00e0 comprendre comment le site Web fonctionne, comment vous interagissez avec notre site Web, \u00e0 assurer la s\u00e9curit\u00e9 de nos services, \u00e0 fournir des publicit\u00e9s pertinentes pour vous et, dans l&#039;ensemble, \u00e0 vous offrir une exp\u00e9rience utilisateur meilleure et am\u00e9lior\u00e9e et \u00e0 acc\u00e9l\u00e9rer vos futures interactions avec notre site Web.<\/p><br><br><br><br>\u00a0<br><br>    <h5>Types de cookies que nous utilisons<\/h5><br><br><br><br>    <br><br><br><br>\u00a0<br><br>    <h5>D\u00e9sactivation des cookies<\/h5><br><br><br><br>    <a>Param\u00e8tres des cookies<\/a> <br><br><br><br>    <p>Diff\u00e9rents navigateurs proposent diff\u00e9rentes m\u00e9thodes pour bloquer et supprimer les cookies utilis\u00e9s par les sites Web. Vous pouvez modifier les param\u00e8tres de votre navigateur pour bloquer\/supprimer les cookies. Vous trouverez ci-dessous les liens vers les documents d&#039;assistance sur la fa\u00e7on de g\u00e9rer et de supprimer les cookies des principaux navigateurs Web.<\/p><p>Chrome: <a href=\"https:\/\/support.google.com\/accounts\/answer\/32050\" target=\"_blank\">https:\/\/support.google.com\/accounts\/answer\/32050<\/a><\/p><p>Safari: <a href=\"https:\/\/support.apple.com\/en-in\/guide\/safari\/sfri11471\/mac\" target=\"_blank\">https:\/\/support.apple.com\/en-in\/guide\/safari\/sfri11471\/mac<\/a><\/p><p>Firefox\u00a0: <a href=\"https:\/\/support.mozilla.org\/en-US\/kb\/clear-cookies-and-site-data-firefox?redirectslug=delete-cookies-remove-info-websites-stored&amp;redirectlocale=en-US\" target=\"_blank\">https:\/\/support.mozilla.org\/en-US\/kb\/clear-cookies-and-site-data-firefox?redirectslug=delete-cookies-remove-info-websites-stored&amp;redirectlocale=en-US<\/a><\/p><p>Internet Explorer: <a href=\"https:\/\/support.microsoft.com\/en-us\/topic\/how-to-delete-cookie-files-in-internet-explorer-bca9446f-d873-78de-77ba-d42645fa52fc\" target=\"_blank\">https:\/\/support.microsoft.com\/en-us\/topic\/how-to-delete-cookie-files-in-internet-explorer-bca9446f-d873-78de-77ba-d42645fa52fc<\/a><\/p><p>Si vous utilisez un autre navigateur Web, veuillez consulter les documents d&#039;assistance officiels de votre navigateur.<\/p><br><br><br><br><\/p>","protected":false},"excerpt":{"rendered":"<p>Privacy Policy Last Updated:&nbsp;January 1, 2025 Effective Date:&nbsp;January 1, 2025 IP Automation Inc. (\u201cwe,\u201d \u201cour,\u201d or \u201cus\u201d) is committed to<span class=\"excerpt-hellip\"> [\u2026]<\/span><\/p>\n","protected":false},"author":3,"featured_media":0,"parent":0,"menu_order":0,"comment_status":"closed","ping_status":"closed","template":"","meta":{"footnotes":""},"class_list":["post-37840","page","type-page","status-publish","hentry"],"yoast_head":"<!-- This site is optimized with the Yoast SEO plugin v27.4 - https:\/\/yoast.com\/product\/yoast-seo-wordpress\/ -->\n<title>Cookie Policy | IP Automation Inc<\/title>\n<meta name=\"robots\" content=\"index, follow, max-snippet:-1, max-image-preview:large, max-video-preview:-1\" \/>\n<link rel=\"canonical\" href=\"https:\/\/ipautomationinc.com\/fr\/politique-relative-aux-cookies\/\" \/>\n<meta property=\"og:locale\" content=\"fr_FR\" \/>\n<meta property=\"og:type\" content=\"article\" \/>\n<meta property=\"og:title\" content=\"Cookie Policy | IP Automation Inc\" \/>\n<meta property=\"og:description\" content=\"Privacy Policy Last Updated:&nbsp;January 1, 2025 Effective Date:&nbsp;January 1, 2025 IP Automation Inc. (\u201cwe,\u201d \u201cour,\u201d or \u201cus\u201d) is committed to [\u2026]\" \/>\n<meta property=\"og:url\" content=\"https:\/\/ipautomationinc.com\/fr\/politique-relative-aux-cookies\/\" \/>\n<meta property=\"og:site_name\" content=\"IP Automation Inc\" \/>\n<meta property=\"article:publisher\" content=\"https:\/\/www.facebook.com\/ipautomationinc\/\" \/>\n<meta property=\"article:modified_time\" content=\"2025-06-27T15:37:19+00:00\" \/>\n<script type=\"application\/ld+json\" class=\"yoast-schema-graph\">{\"@context\":\"https:\\\/\\\/schema.org\",\"@graph\":[{\"@type\":\"WebPage\",\"@id\":\"https:\\\/\\\/ipautomationinc.com\\\/cookie-policy\\\/\",\"url\":\"https:\\\/\\\/ipautomationinc.com\\\/cookie-policy\\\/\",\"name\":\"Cookie Policy | IP Automation Inc\",\"isPartOf\":{\"@id\":\"https:\\\/\\\/ipautomationinc.com\\\/#website\"},\"datePublished\":\"2025-06-27T15:09:58+00:00\",\"dateModified\":\"2025-06-27T15:37:19+00:00\",\"inLanguage\":\"fr-FR\",\"potentialAction\":[{\"@type\":\"ReadAction\",\"target\":[\"https:\\\/\\\/ipautomationinc.com\\\/cookie-policy\\\/\"]}]},{\"@type\":\"WebSite\",\"@id\":\"https:\\\/\\\/ipautomationinc.com\\\/#website\",\"url\":\"https:\\\/\\\/ipautomationinc.com\\\/\",\"name\":\"IP Automation Inc\",\"description\":\"Concept... Creation... Reality...\",\"publisher\":{\"@id\":\"https:\\\/\\\/ipautomationinc.com\\\/#organization\"},\"potentialAction\":[{\"@type\":\"SearchAction\",\"target\":{\"@type\":\"EntryPoint\",\"urlTemplate\":\"https:\\\/\\\/ipautomationinc.com\\\/?s={search_term_string}\"},\"query-input\":{\"@type\":\"PropertyValueSpecification\",\"valueRequired\":true,\"valueName\":\"search_term_string\"}}],\"inLanguage\":\"fr-FR\"},{\"@type\":\"Organization\",\"@id\":\"https:\\\/\\\/ipautomationinc.com\\\/#organization\",\"name\":\"IP Automation Inc\",\"url\":\"https:\\\/\\\/ipautomationinc.com\\\/\",\"logo\":{\"@type\":\"ImageObject\",\"inLanguage\":\"fr-FR\",\"@id\":\"https:\\\/\\\/ipautomationinc.com\\\/#\\\/schema\\\/logo\\\/image\\\/\",\"url\":\"https:\\\/\\\/ipautomationinc.com\\\/wp-content\\\/uploads\\\/2022\\\/05\\\/IPA-Favicon.png\",\"contentUrl\":\"https:\\\/\\\/ipautomationinc.com\\\/wp-content\\\/uploads\\\/2022\\\/05\\\/IPA-Favicon.png\",\"width\":513,\"height\":513,\"caption\":\"IP Automation Inc\"},\"image\":{\"@id\":\"https:\\\/\\\/ipautomationinc.com\\\/#\\\/schema\\\/logo\\\/image\\\/\"},\"sameAs\":[\"https:\\\/\\\/www.facebook.com\\\/ipautomationinc\\\/\",\"https:\\\/\\\/www.linkedin.com\\\/company\\\/ip-automation-inc\\\/\",\"https:\\\/\\\/www.youtube.com\\\/@IPAutomation\"]}]}<\/script>\n<!-- \/ Yoast SEO plugin. -->","yoast_head_json":{"title":"Politique relative aux cookies | IP Automation Inc.","robots":{"index":"index","follow":"follow","max-snippet":"max-snippet:-1","max-image-preview":"max-image-preview:large","max-video-preview":"max-video-preview:-1"},"canonical":"https:\/\/ipautomationinc.com\/fr\/politique-relative-aux-cookies\/","og_locale":"fr_FR","og_type":"article","og_title":"Cookie Policy | IP Automation Inc","og_description":"Privacy Policy Last Updated:&nbsp;January 1, 2025 Effective Date:&nbsp;January 1, 2025 IP Automation Inc. (\u201cwe,\u201d \u201cour,\u201d or \u201cus\u201d) is committed to [\u2026]","og_url":"https:\/\/ipautomationinc.com\/fr\/politique-relative-aux-cookies\/","og_site_name":"IP Automation Inc","article_publisher":"https:\/\/www.facebook.com\/ipautomationinc\/","article_modified_time":"2025-06-27T15:37:19+00:00","schema":{"@context":"https:\/\/schema.org","@graph":[{"@type":"WebPage","@id":"https:\/\/ipautomationinc.com\/cookie-policy\/","url":"https:\/\/ipautomationinc.com\/cookie-policy\/","name":"Politique relative aux cookies | IP Automation Inc.","isPartOf":{"@id":"https:\/\/ipautomationinc.com\/#website"},"datePublished":"2025-06-27T15:09:58+00:00","dateModified":"2025-06-27T15:37:19+00:00","inLanguage":"fr-FR","potentialAction":[{"@type":"ReadAction","target":["https:\/\/ipautomationinc.com\/cookie-policy\/"]}]},{"@type":"WebSite","@id":"https:\/\/ipautomationinc.com\/#website","url":"https:\/\/ipautomationinc.com\/","name":"IP Automatisation Inc","description":"Concept... Cr\u00e9ation... R\u00e9alit\u00e9...","publisher":{"@id":"https:\/\/ipautomationinc.com\/#organization"},"potentialAction":[{"@type":"SearchAction","target":{"@type":"EntryPoint","urlTemplate":"https:\/\/ipautomationinc.com\/?s={search_term_string}"},"query-input":{"@type":"PropertyValueSpecification","valueRequired":true,"valueName":"search_term_string"}}],"inLanguage":"fr-FR"},{"@type":"Organization","@id":"https:\/\/ipautomationinc.com\/#organization","name":"IP Automatisation Inc","url":"https:\/\/ipautomationinc.com\/","logo":{"@type":"ImageObject","inLanguage":"fr-FR","@id":"https:\/\/ipautomationinc.com\/#\/schema\/logo\/image\/","url":"https:\/\/ipautomationinc.com\/wp-content\/uploads\/2022\/05\/IPA-Favicon.png","contentUrl":"https:\/\/ipautomationinc.com\/wp-content\/uploads\/2022\/05\/IPA-Favicon.png","width":513,"height":513,"caption":"IP Automation Inc"},"image":{"@id":"https:\/\/ipautomationinc.com\/#\/schema\/logo\/image\/"},"sameAs":["https:\/\/www.facebook.com\/ipautomationinc\/","https:\/\/www.linkedin.com\/company\/ip-automation-inc\/","https:\/\/www.youtube.com\/@IPAutomation"]}]}},"_links":{"self":[{"href":"https:\/\/ipautomationinc.com\/fr\/wp-json\/wp\/v2\/pages\/37840","targetHints":{"allow":["GET"]}}],"collection":[{"href":"https:\/\/ipautomationinc.com\/fr\/wp-json\/wp\/v2\/pages"}],"about":[{"href":"https:\/\/ipautomationinc.com\/fr\/wp-json\/wp\/v2\/types\/page"}],"author":[{"embeddable":true,"href":"https:\/\/ipautomationinc.com\/fr\/wp-json\/wp\/v2\/users\/3"}],"replies":[{"embeddable":true,"href":"https:\/\/ipautomationinc.com\/fr\/wp-json\/wp\/v2\/comments?post=37840"}],"version-history":[{"count":3,"href":"https:\/\/ipautomationinc.com\/fr\/wp-json\/wp\/v2\/pages\/37840\/revisions"}],"predecessor-version":[{"id":37851,"href":"https:\/\/ipautomationinc.com\/fr\/wp-json\/wp\/v2\/pages\/37840\/revisions\/37851"}],"wp:attachment":[{"href":"https:\/\/ipautomationinc.com\/fr\/wp-json\/wp\/v2\/media?parent=37840"}],"curies":[{"name":"wp","href":"https:\/\/api.w.org\/{rel}","templated":true}]}}