{"id":36845,"date":"2024-11-20T16:17:47","date_gmt":"2024-11-20T22:17:47","guid":{"rendered":"https:\/\/ipautomationinc.com\/?page_id=36845"},"modified":"2025-10-31T09:56:41","modified_gmt":"2025-10-31T14:56:41","slug":"guide-des-tailles-de-machines","status":"publish","type":"page","link":"https:\/\/ipautomationinc.com\/fr\/machine-size-guide\/","title":{"rendered":"Guide des tailles de machines"},"content":{"rendered":"<p>Machine Size Guide. Use the Imperial or metric guide to determine what size machine suits your needs.<\/p>\n\n\n\n<p><span class=\"builder2seo\"><\/span>Guide des tailles de machines<br><br>hide-desktop hide-laptop hide-tablet<br><br>Mesures imp\u00e9riales<br><br><img decoding=\"async\" src=\"https:\/\/ipautomationinc.com\/wp-content\/uploads\/2024\/11\/machine-size-guide-imperial.jpg#36850\" alt=\"guide des tailles de machines imp\u00e9riales\"><br>https:\/\/ipautomationinc.com\/wp-content\/uploads\/2024\/11\/machine-size-guide-imperial.jpg#36850<br><br><p>Cliquez pour agrandir<\/p><br><br>Mesure m\u00e9trique<br><br><img decoding=\"async\" src=\"https:\/\/ipautomationinc.com\/wp-content\/uploads\/2024\/11\/machine-size-guide-metric.jpg#36851\" alt=\"guide des tailles de machines m\u00e9triques\"><br>https:\/\/ipautomationinc.com\/wp-content\/uploads\/2024\/11\/machine-size-guide-metric.jpg#36851<br><br><p>Cliquez pour agrandir<\/p><br><br><\/p>","protected":false},"excerpt":{"rendered":"<p>Machine Size Guide. Use the Imperial or metric guide to determine what size machine suits your needs. Machine Size Guide<span class=\"excerpt-hellip\"> [\u2026]<\/span><\/p>\n","protected":false},"author":3,"featured_media":0,"parent":0,"menu_order":0,"comment_status":"closed","ping_status":"closed","template":"","meta":{"footnotes":""},"class_list":["post-36845","page","type-page","status-publish","hentry"],"yoast_head":"<!-- This site is optimized with the Yoast SEO plugin v27.3 - https:\/\/yoast.com\/product\/yoast-seo-wordpress\/ -->\n<title>Machine Size Guide | IP Automation Inc<\/title>\n<meta name=\"description\" content=\"Use our machine size guide to see what size cnc wire bending machine you need based off of wire diameter and tensile.\" \/>\n<meta name=\"robots\" content=\"index, follow, max-snippet:-1, max-image-preview:large, max-video-preview:-1\" \/>\n<link rel=\"canonical\" href=\"https:\/\/ipautomationinc.com\/fr\/guide-des-tailles-de-machines\/\" \/>\n<meta property=\"og:locale\" content=\"fr_FR\" \/>\n<meta property=\"og:type\" content=\"article\" \/>\n<meta property=\"og:title\" content=\"Machine Size Guide | IP Automation Inc\" \/>\n<meta property=\"og:description\" content=\"Use our machine size guide to see what size cnc wire bending machine you need based off of wire diameter and tensile.\" \/>\n<meta property=\"og:url\" content=\"https:\/\/ipautomationinc.com\/fr\/guide-des-tailles-de-machines\/\" \/>\n<meta property=\"og:site_name\" content=\"IP Automation Inc\" \/>\n<meta property=\"article:publisher\" content=\"https:\/\/www.facebook.com\/ipautomationinc\/\" \/>\n<meta property=\"article:modified_time\" content=\"2025-10-31T14:56:41+00:00\" \/>\n<meta property=\"og:image\" content=\"https:\/\/ipautomationinc.com\/wp-content\/uploads\/2024\/11\/machine-size-guide-imperial.jpg#36850\" \/>\n<script type=\"application\/ld+json\" class=\"yoast-schema-graph\">{\"@context\":\"https:\\\/\\\/schema.org\",\"@graph\":[{\"@type\":\"WebPage\",\"@id\":\"https:\\\/\\\/ipautomationinc.com\\\/machine-size-guide\\\/\",\"url\":\"https:\\\/\\\/ipautomationinc.com\\\/machine-size-guide\\\/\",\"name\":\"Machine Size Guide | IP Automation Inc\",\"isPartOf\":{\"@id\":\"https:\\\/\\\/ipautomationinc.com\\\/#website\"},\"primaryImageOfPage\":{\"@id\":\"https:\\\/\\\/ipautomationinc.com\\\/machine-size-guide\\\/#primaryimage\"},\"image\":{\"@id\":\"https:\\\/\\\/ipautomationinc.com\\\/machine-size-guide\\\/#primaryimage\"},\"thumbnailUrl\":\"https:\\\/\\\/ipautomationinc.com\\\/wp-content\\\/uploads\\\/2024\\\/11\\\/machine-size-guide-imperial.jpg#36850\",\"datePublished\":\"2024-11-20T22:17:47+00:00\",\"dateModified\":\"2025-10-31T14:56:41+00:00\",\"description\":\"Use our machine size guide to see what size cnc wire bending machine you need based off of wire diameter and tensile.\",\"inLanguage\":\"fr-FR\",\"potentialAction\":[{\"@type\":\"ReadAction\",\"target\":[\"https:\\\/\\\/ipautomationinc.com\\\/machine-size-guide\\\/\"]}]},{\"@type\":\"ImageObject\",\"inLanguage\":\"fr-FR\",\"@id\":\"https:\\\/\\\/ipautomationinc.com\\\/machine-size-guide\\\/#primaryimage\",\"url\":\"https:\\\/\\\/ipautomationinc.com\\\/wp-content\\\/uploads\\\/2024\\\/11\\\/machine-size-guide-imperial.jpg#36850\",\"contentUrl\":\"https:\\\/\\\/ipautomationinc.com\\\/wp-content\\\/uploads\\\/2024\\\/11\\\/machine-size-guide-imperial.jpg#36850\"},{\"@type\":\"WebSite\",\"@id\":\"https:\\\/\\\/ipautomationinc.com\\\/#website\",\"url\":\"https:\\\/\\\/ipautomationinc.com\\\/\",\"name\":\"IP Automation Inc\",\"description\":\"Concept... Creation... Reality...\",\"publisher\":{\"@id\":\"https:\\\/\\\/ipautomationinc.com\\\/#organization\"},\"potentialAction\":[{\"@type\":\"SearchAction\",\"target\":{\"@type\":\"EntryPoint\",\"urlTemplate\":\"https:\\\/\\\/ipautomationinc.com\\\/?s={search_term_string}\"},\"query-input\":{\"@type\":\"PropertyValueSpecification\",\"valueRequired\":true,\"valueName\":\"search_term_string\"}}],\"inLanguage\":\"fr-FR\"},{\"@type\":\"Organization\",\"@id\":\"https:\\\/\\\/ipautomationinc.com\\\/#organization\",\"name\":\"IP Automation Inc\",\"url\":\"https:\\\/\\\/ipautomationinc.com\\\/\",\"logo\":{\"@type\":\"ImageObject\",\"inLanguage\":\"fr-FR\",\"@id\":\"https:\\\/\\\/ipautomationinc.com\\\/#\\\/schema\\\/logo\\\/image\\\/\",\"url\":\"https:\\\/\\\/ipautomationinc.com\\\/wp-content\\\/uploads\\\/2022\\\/05\\\/IPA-Favicon.png\",\"contentUrl\":\"https:\\\/\\\/ipautomationinc.com\\\/wp-content\\\/uploads\\\/2022\\\/05\\\/IPA-Favicon.png\",\"width\":513,\"height\":513,\"caption\":\"IP Automation Inc\"},\"image\":{\"@id\":\"https:\\\/\\\/ipautomationinc.com\\\/#\\\/schema\\\/logo\\\/image\\\/\"},\"sameAs\":[\"https:\\\/\\\/www.facebook.com\\\/ipautomationinc\\\/\",\"https:\\\/\\\/www.linkedin.com\\\/company\\\/ip-automation-inc\\\/\",\"https:\\\/\\\/www.youtube.com\\\/@IPAutomation\"]}]}<\/script>\n<!-- \/ Yoast SEO plugin. -->","yoast_head_json":{"title":"Guide des tailles de machines | IP Automation Inc","description":"Utilisez notre guide des tailles de machines pour voir de quelle taille de cintreuse de fil CNC vous avez besoin en fonction du diam\u00e8tre du fil et de la r\u00e9sistance \u00e0 la traction.","robots":{"index":"index","follow":"follow","max-snippet":"max-snippet:-1","max-image-preview":"max-image-preview:large","max-video-preview":"max-video-preview:-1"},"canonical":"https:\/\/ipautomationinc.com\/fr\/guide-des-tailles-de-machines\/","og_locale":"fr_FR","og_type":"article","og_title":"Machine Size Guide | IP Automation Inc","og_description":"Use our machine size guide to see what size cnc wire bending machine you need based off of wire diameter and tensile.","og_url":"https:\/\/ipautomationinc.com\/fr\/guide-des-tailles-de-machines\/","og_site_name":"IP Automation Inc","article_publisher":"https:\/\/www.facebook.com\/ipautomationinc\/","article_modified_time":"2025-10-31T14:56:41+00:00","og_image":[{"url":"https:\/\/ipautomationinc.com\/wp-content\/uploads\/2024\/11\/machine-size-guide-imperial.jpg#36850","type":"","width":"","height":""}],"schema":{"@context":"https:\/\/schema.org","@graph":[{"@type":"WebPage","@id":"https:\/\/ipautomationinc.com\/machine-size-guide\/","url":"https:\/\/ipautomationinc.com\/machine-size-guide\/","name":"Guide des tailles de machines | IP Automation Inc","isPartOf":{"@id":"https:\/\/ipautomationinc.com\/#website"},"primaryImageOfPage":{"@id":"https:\/\/ipautomationinc.com\/machine-size-guide\/#primaryimage"},"image":{"@id":"https:\/\/ipautomationinc.com\/machine-size-guide\/#primaryimage"},"thumbnailUrl":"https:\/\/ipautomationinc.com\/wp-content\/uploads\/2024\/11\/machine-size-guide-imperial.jpg#36850","datePublished":"2024-11-20T22:17:47+00:00","dateModified":"2025-10-31T14:56:41+00:00","description":"Utilisez notre guide des tailles de machines pour voir de quelle taille de cintreuse de fil CNC vous avez besoin en fonction du diam\u00e8tre du fil et de la r\u00e9sistance \u00e0 la traction.","inLanguage":"fr-FR","potentialAction":[{"@type":"ReadAction","target":["https:\/\/ipautomationinc.com\/machine-size-guide\/"]}]},{"@type":"ImageObject","inLanguage":"fr-FR","@id":"https:\/\/ipautomationinc.com\/machine-size-guide\/#primaryimage","url":"https:\/\/ipautomationinc.com\/wp-content\/uploads\/2024\/11\/machine-size-guide-imperial.jpg#36850","contentUrl":"https:\/\/ipautomationinc.com\/wp-content\/uploads\/2024\/11\/machine-size-guide-imperial.jpg#36850"},{"@type":"WebSite","@id":"https:\/\/ipautomationinc.com\/#website","url":"https:\/\/ipautomationinc.com\/","name":"IP Automatisation Inc","description":"Concept... Cr\u00e9ation... R\u00e9alit\u00e9...","publisher":{"@id":"https:\/\/ipautomationinc.com\/#organization"},"potentialAction":[{"@type":"SearchAction","target":{"@type":"EntryPoint","urlTemplate":"https:\/\/ipautomationinc.com\/?s={search_term_string}"},"query-input":{"@type":"PropertyValueSpecification","valueRequired":true,"valueName":"search_term_string"}}],"inLanguage":"fr-FR"},{"@type":"Organization","@id":"https:\/\/ipautomationinc.com\/#organization","name":"IP Automatisation Inc","url":"https:\/\/ipautomationinc.com\/","logo":{"@type":"ImageObject","inLanguage":"fr-FR","@id":"https:\/\/ipautomationinc.com\/#\/schema\/logo\/image\/","url":"https:\/\/ipautomationinc.com\/wp-content\/uploads\/2022\/05\/IPA-Favicon.png","contentUrl":"https:\/\/ipautomationinc.com\/wp-content\/uploads\/2022\/05\/IPA-Favicon.png","width":513,"height":513,"caption":"IP Automation Inc"},"image":{"@id":"https:\/\/ipautomationinc.com\/#\/schema\/logo\/image\/"},"sameAs":["https:\/\/www.facebook.com\/ipautomationinc\/","https:\/\/www.linkedin.com\/company\/ip-automation-inc\/","https:\/\/www.youtube.com\/@IPAutomation"]}]}},"_links":{"self":[{"href":"https:\/\/ipautomationinc.com\/fr\/wp-json\/wp\/v2\/pages\/36845","targetHints":{"allow":["GET"]}}],"collection":[{"href":"https:\/\/ipautomationinc.com\/fr\/wp-json\/wp\/v2\/pages"}],"about":[{"href":"https:\/\/ipautomationinc.com\/fr\/wp-json\/wp\/v2\/types\/page"}],"author":[{"embeddable":true,"href":"https:\/\/ipautomationinc.com\/fr\/wp-json\/wp\/v2\/users\/3"}],"replies":[{"embeddable":true,"href":"https:\/\/ipautomationinc.com\/fr\/wp-json\/wp\/v2\/comments?post=36845"}],"version-history":[{"count":5,"href":"https:\/\/ipautomationinc.com\/fr\/wp-json\/wp\/v2\/pages\/36845\/revisions"}],"predecessor-version":[{"id":38516,"href":"https:\/\/ipautomationinc.com\/fr\/wp-json\/wp\/v2\/pages\/36845\/revisions\/38516"}],"wp:attachment":[{"href":"https:\/\/ipautomationinc.com\/fr\/wp-json\/wp\/v2\/media?parent=36845"}],"curies":[{"name":"wp","href":"https:\/\/api.w.org\/{rel}","templated":true}]}}