{"id":36733,"date":"2024-10-28T11:12:19","date_gmt":"2024-10-28T16:12:19","guid":{"rendered":"https:\/\/ipautomationinc.com\/?page_id=36733"},"modified":"2025-06-06T20:46:49","modified_gmt":"2025-06-06T20:46:49","slug":"foret-a-chanfreiner","status":"publish","type":"page","link":"https:\/\/ipautomationinc.com\/fr\/accessories\/chamfer-drill\/","title":{"rendered":"Station de per\u00e7age de chanfrein"},"content":{"rendered":"<p><strong>La station de chanfreinage\/per\u00e7age CD-8 et CD-13 est un puissant accessoire de traitement de fil qui \u00e9liminera le travail manuel lors des processus de per\u00e7age et de chanfreinage. Cette unit\u00e9 est con\u00e7ue pour s&#039;int\u00e9grer \u00e0 nos cintreuses CNC gr\u00e2ce \u00e0 l&#039;un de nos packages de robots Intellimate. L&#039;unit\u00e9 de per\u00e7age ou de chanfreinage fonctionne simultan\u00e9ment avec les op\u00e9rations de pliage dans un processus simplifi\u00e9 hautement efficace qui \u00e9limine le gaspillage dans les travaux en cours, les \u00e9tapes de mouvement et les temps d&#039;attente.<\/strong><\/p>\n\n\n\n<p>&lt; back to accessories<br>h2<br>centre centre<br>gauche<br>#949494<br>cacher<br><br>Station de chanfreinage\/per\u00e7age<br>h1<br>centre centre<br>gauche<br>cacher<br><br><img decoding=\"async\" src=\"https:\/\/ipautomationinc.com\/wp-content\/uploads\/2024\/08\/chamfer-drill.png#36736\" alt=\"foret \u00e0 chanfreiner\"><br>complet<br>contenir<br>centre centre<br>cacher<br><br><h4>La station de chanfreinage\/per\u00e7age CD-8 et CD-13 est un puissant accessoire de traitement de fil qui \u00e9liminera le travail manuel lors des processus de per\u00e7age et de chanfreinage. Cette unit\u00e9 est con\u00e7ue pour s&#039;int\u00e9grer \u00e0 nos cintreuses CNC gr\u00e2ce \u00e0 l&#039;un de nos packages de robots Intellimate. L&#039;unit\u00e9 de per\u00e7age ou de chanfreinage fonctionne simultan\u00e9ment avec les op\u00e9rations de pliage dans un processus simplifi\u00e9 hautement efficace qui \u00e9limine le gaspillage dans les travaux en cours, les \u00e9tapes de mouvement et les temps d&#039;attente.<\/h4><br><br><h4>La station de chanfreinage\/per\u00e7age serre la pi\u00e8ce dans des pinces pneumatiques personnalis\u00e9es et ex\u00e9cute le processus avec l&#039;unit\u00e9 d&#039;entra\u00eenement \u00e9lectrique\/pneumatique \u00e0 vitesse variable Selfeed de Sugino, tr\u00e8s r\u00e9put\u00e9e. Cette conception intelligente comprend une goulotte de r\u00e9cup\u00e9ration des copeaux qui change de position lorsque la pi\u00e8ce est termin\u00e9e pour servir de goulotte de sortie.<\/h4><br><br><h4>Nous associons cet ensemble \u00e0 une t\u00eate de per\u00e7age avec capteur de bris d&#039;outil ou \u00e0 une fraise creuse r\u00e9glable pour le chanfreinage.<\/h4><br>#000000<br><br>36828,36829<br>complet<br>4<br>300px<br>300px<br><br>10<br>cacher<br><br>M\u00e9dias<br>h3<br>centre centre<br>centre<br>cacher<br><br>996829835<br>contenir<br>centre centre<br>cacher<br><br>10<br>cacher<br><br>Caract\u00e9ristiques<br>h3<br>centre centre<br>centre<br>cacher<br><br>Principales caract\u00e9ristiques<br><br><br>Unit\u00e9 de chanfreinage \u00e9lectrique autonome<br><br>Broche avec capacit\u00e9 d&#039;auto-alimentation<br><br>Adaptateur de serre-fil et de t\u00eate de chanfreinage int\u00e9gr\u00e9<br><br>Requis: <a href=\"https:\/\/ipautomationinc.com\/fr\/accessoires\/robotique\/\">Robot intelligent<\/a>, alimentation en air et alimentation \u00e9lectrique<br><br><br>centre<br>#EBEBEB<br>#222222<br>cacher<br><br>10<br>cacher<br><br>Caract\u00e9ristiques<br>h3<br>centre centre<br>centre<br>cacher<br><br><br><br><br><br><\/p>","protected":false},"excerpt":{"rendered":"<p>The CD-8 and CD-13 Chamfer\/Drill station is a powerful wire processing accessory that will eliminate hand labor on drilling and<span class=\"excerpt-hellip\"> [\u2026]<\/span><\/p>\n","protected":false},"author":3,"featured_media":0,"parent":7745,"menu_order":0,"comment_status":"closed","ping_status":"closed","template":"","meta":{"footnotes":""},"class_list":["post-36733","page","type-page","status-publish","hentry"],"yoast_head":"<!-- This site is optimized with the Yoast SEO plugin v27.3 - https:\/\/yoast.com\/product\/yoast-seo-wordpress\/ -->\n<title>Chamfer Drilling Station | IP Automation Inc<\/title>\n<meta name=\"description\" content=\"The Chamfer\/Drill station is a powerful wire processing accessory that will eliminate hand labor on drilling and chamfering processes.\" \/>\n<meta name=\"robots\" content=\"index, follow, max-snippet:-1, max-image-preview:large, max-video-preview:-1\" \/>\n<link rel=\"canonical\" href=\"https:\/\/ipautomationinc.com\/fr\/accessoires\/foret-a-chanfreiner\/\" \/>\n<meta property=\"og:locale\" content=\"fr_FR\" \/>\n<meta property=\"og:type\" content=\"article\" \/>\n<meta property=\"og:title\" content=\"Chamfer Drilling Station | IP Automation Inc\" \/>\n<meta property=\"og:description\" content=\"The Chamfer\/Drill station is a powerful wire processing accessory that will eliminate hand labor on drilling and chamfering processes.\" \/>\n<meta property=\"og:url\" content=\"https:\/\/ipautomationinc.com\/fr\/accessoires\/foret-a-chanfreiner\/\" \/>\n<meta property=\"og:site_name\" content=\"IP Automation Inc\" \/>\n<meta property=\"article:publisher\" content=\"https:\/\/www.facebook.com\/ipautomationinc\/\" \/>\n<meta property=\"article:modified_time\" content=\"2025-06-06T20:46:49+00:00\" \/>\n<meta property=\"og:image\" content=\"https:\/\/ipautomationinc.com\/wp-content\/uploads\/2024\/08\/chamfer-drill.png#36736\" \/>\n<script type=\"application\/ld+json\" class=\"yoast-schema-graph\">{\"@context\":\"https:\\\/\\\/schema.org\",\"@graph\":[{\"@type\":\"WebPage\",\"@id\":\"https:\\\/\\\/ipautomationinc.com\\\/accessories\\\/chamfer-drill\\\/\",\"url\":\"https:\\\/\\\/ipautomationinc.com\\\/accessories\\\/chamfer-drill\\\/\",\"name\":\"Chamfer Drilling Station | IP Automation Inc\",\"isPartOf\":{\"@id\":\"https:\\\/\\\/ipautomationinc.com\\\/#website\"},\"primaryImageOfPage\":{\"@id\":\"https:\\\/\\\/ipautomationinc.com\\\/accessories\\\/chamfer-drill\\\/#primaryimage\"},\"image\":{\"@id\":\"https:\\\/\\\/ipautomationinc.com\\\/accessories\\\/chamfer-drill\\\/#primaryimage\"},\"thumbnailUrl\":\"https:\\\/\\\/ipautomationinc.com\\\/wp-content\\\/uploads\\\/2024\\\/08\\\/chamfer-drill.png#36736\",\"datePublished\":\"2024-10-28T16:12:19+00:00\",\"dateModified\":\"2025-06-06T20:46:49+00:00\",\"description\":\"The Chamfer\\\/Drill station is a powerful wire processing accessory that will eliminate hand labor on drilling and chamfering processes.\",\"breadcrumb\":{\"@id\":\"https:\\\/\\\/ipautomationinc.com\\\/accessories\\\/chamfer-drill\\\/#breadcrumb\"},\"inLanguage\":\"fr-FR\",\"potentialAction\":[{\"@type\":\"ReadAction\",\"target\":[\"https:\\\/\\\/ipautomationinc.com\\\/accessories\\\/chamfer-drill\\\/\"]}]},{\"@type\":\"ImageObject\",\"inLanguage\":\"fr-FR\",\"@id\":\"https:\\\/\\\/ipautomationinc.com\\\/accessories\\\/chamfer-drill\\\/#primaryimage\",\"url\":\"https:\\\/\\\/ipautomationinc.com\\\/wp-content\\\/uploads\\\/2024\\\/08\\\/chamfer-drill.png#36736\",\"contentUrl\":\"https:\\\/\\\/ipautomationinc.com\\\/wp-content\\\/uploads\\\/2024\\\/08\\\/chamfer-drill.png#36736\"},{\"@type\":\"BreadcrumbList\",\"@id\":\"https:\\\/\\\/ipautomationinc.com\\\/accessories\\\/chamfer-drill\\\/#breadcrumb\",\"itemListElement\":[{\"@type\":\"ListItem\",\"position\":1,\"name\":\"Accessories\",\"item\":\"https:\\\/\\\/ipautomationinc.com\\\/accessories\\\/\"},{\"@type\":\"ListItem\",\"position\":2,\"name\":\"Chamfer Drilling Station\"}]},{\"@type\":\"WebSite\",\"@id\":\"https:\\\/\\\/ipautomationinc.com\\\/#website\",\"url\":\"https:\\\/\\\/ipautomationinc.com\\\/\",\"name\":\"IP Automation Inc\",\"description\":\"Concept... Creation... Reality...\",\"publisher\":{\"@id\":\"https:\\\/\\\/ipautomationinc.com\\\/#organization\"},\"potentialAction\":[{\"@type\":\"SearchAction\",\"target\":{\"@type\":\"EntryPoint\",\"urlTemplate\":\"https:\\\/\\\/ipautomationinc.com\\\/?s={search_term_string}\"},\"query-input\":{\"@type\":\"PropertyValueSpecification\",\"valueRequired\":true,\"valueName\":\"search_term_string\"}}],\"inLanguage\":\"fr-FR\"},{\"@type\":\"Organization\",\"@id\":\"https:\\\/\\\/ipautomationinc.com\\\/#organization\",\"name\":\"IP Automation Inc\",\"url\":\"https:\\\/\\\/ipautomationinc.com\\\/\",\"logo\":{\"@type\":\"ImageObject\",\"inLanguage\":\"fr-FR\",\"@id\":\"https:\\\/\\\/ipautomationinc.com\\\/#\\\/schema\\\/logo\\\/image\\\/\",\"url\":\"https:\\\/\\\/ipautomationinc.com\\\/wp-content\\\/uploads\\\/2022\\\/05\\\/IPA-Favicon.png\",\"contentUrl\":\"https:\\\/\\\/ipautomationinc.com\\\/wp-content\\\/uploads\\\/2022\\\/05\\\/IPA-Favicon.png\",\"width\":513,\"height\":513,\"caption\":\"IP Automation Inc\"},\"image\":{\"@id\":\"https:\\\/\\\/ipautomationinc.com\\\/#\\\/schema\\\/logo\\\/image\\\/\"},\"sameAs\":[\"https:\\\/\\\/www.facebook.com\\\/ipautomationinc\\\/\",\"https:\\\/\\\/www.linkedin.com\\\/company\\\/ip-automation-inc\\\/\",\"https:\\\/\\\/www.youtube.com\\\/@IPAutomation\"]}]}<\/script>\n<!-- \/ Yoast SEO plugin. -->","yoast_head_json":{"title":"Station de per\u00e7age \u00e0 chanfrein | IP Automation Inc","description":"La station de chanfreinage\/per\u00e7age est un puissant accessoire de traitement de fil qui \u00e9liminera le travail manuel sur les processus de per\u00e7age et de chanfreinage.","robots":{"index":"index","follow":"follow","max-snippet":"max-snippet:-1","max-image-preview":"max-image-preview:large","max-video-preview":"max-video-preview:-1"},"canonical":"https:\/\/ipautomationinc.com\/fr\/accessoires\/foret-a-chanfreiner\/","og_locale":"fr_FR","og_type":"article","og_title":"Chamfer Drilling Station | IP Automation Inc","og_description":"The Chamfer\/Drill station is a powerful wire processing accessory that will eliminate hand labor on drilling and chamfering processes.","og_url":"https:\/\/ipautomationinc.com\/fr\/accessoires\/foret-a-chanfreiner\/","og_site_name":"IP Automation Inc","article_publisher":"https:\/\/www.facebook.com\/ipautomationinc\/","article_modified_time":"2025-06-06T20:46:49+00:00","og_image":[{"url":"https:\/\/ipautomationinc.com\/wp-content\/uploads\/2024\/08\/chamfer-drill.png#36736","type":"","width":"","height":""}],"schema":{"@context":"https:\/\/schema.org","@graph":[{"@type":"WebPage","@id":"https:\/\/ipautomationinc.com\/accessories\/chamfer-drill\/","url":"https:\/\/ipautomationinc.com\/accessories\/chamfer-drill\/","name":"Station de per\u00e7age \u00e0 chanfrein | IP Automation Inc","isPartOf":{"@id":"https:\/\/ipautomationinc.com\/#website"},"primaryImageOfPage":{"@id":"https:\/\/ipautomationinc.com\/accessories\/chamfer-drill\/#primaryimage"},"image":{"@id":"https:\/\/ipautomationinc.com\/accessories\/chamfer-drill\/#primaryimage"},"thumbnailUrl":"https:\/\/ipautomationinc.com\/wp-content\/uploads\/2024\/08\/chamfer-drill.png#36736","datePublished":"2024-10-28T16:12:19+00:00","dateModified":"2025-06-06T20:46:49+00:00","description":"La station de chanfreinage\/per\u00e7age est un puissant accessoire de traitement de fil qui \u00e9liminera le travail manuel sur les processus de per\u00e7age et de chanfreinage.","breadcrumb":{"@id":"https:\/\/ipautomationinc.com\/accessories\/chamfer-drill\/#breadcrumb"},"inLanguage":"fr-FR","potentialAction":[{"@type":"ReadAction","target":["https:\/\/ipautomationinc.com\/accessories\/chamfer-drill\/"]}]},{"@type":"ImageObject","inLanguage":"fr-FR","@id":"https:\/\/ipautomationinc.com\/accessories\/chamfer-drill\/#primaryimage","url":"https:\/\/ipautomationinc.com\/wp-content\/uploads\/2024\/08\/chamfer-drill.png#36736","contentUrl":"https:\/\/ipautomationinc.com\/wp-content\/uploads\/2024\/08\/chamfer-drill.png#36736"},{"@type":"BreadcrumbList","@id":"https:\/\/ipautomationinc.com\/accessories\/chamfer-drill\/#breadcrumb","itemListElement":[{"@type":"ListItem","position":1,"name":"Accessories","item":"https:\/\/ipautomationinc.com\/accessories\/"},{"@type":"ListItem","position":2,"name":"Chamfer Drilling Station"}]},{"@type":"WebSite","@id":"https:\/\/ipautomationinc.com\/#website","url":"https:\/\/ipautomationinc.com\/","name":"IP Automatisation Inc","description":"Concept... Cr\u00e9ation... R\u00e9alit\u00e9...","publisher":{"@id":"https:\/\/ipautomationinc.com\/#organization"},"potentialAction":[{"@type":"SearchAction","target":{"@type":"EntryPoint","urlTemplate":"https:\/\/ipautomationinc.com\/?s={search_term_string}"},"query-input":{"@type":"PropertyValueSpecification","valueRequired":true,"valueName":"search_term_string"}}],"inLanguage":"fr-FR"},{"@type":"Organization","@id":"https:\/\/ipautomationinc.com\/#organization","name":"IP Automatisation Inc","url":"https:\/\/ipautomationinc.com\/","logo":{"@type":"ImageObject","inLanguage":"fr-FR","@id":"https:\/\/ipautomationinc.com\/#\/schema\/logo\/image\/","url":"https:\/\/ipautomationinc.com\/wp-content\/uploads\/2022\/05\/IPA-Favicon.png","contentUrl":"https:\/\/ipautomationinc.com\/wp-content\/uploads\/2022\/05\/IPA-Favicon.png","width":513,"height":513,"caption":"IP Automation Inc"},"image":{"@id":"https:\/\/ipautomationinc.com\/#\/schema\/logo\/image\/"},"sameAs":["https:\/\/www.facebook.com\/ipautomationinc\/","https:\/\/www.linkedin.com\/company\/ip-automation-inc\/","https:\/\/www.youtube.com\/@IPAutomation"]}]}},"_links":{"self":[{"href":"https:\/\/ipautomationinc.com\/fr\/wp-json\/wp\/v2\/pages\/36733","targetHints":{"allow":["GET"]}}],"collection":[{"href":"https:\/\/ipautomationinc.com\/fr\/wp-json\/wp\/v2\/pages"}],"about":[{"href":"https:\/\/ipautomationinc.com\/fr\/wp-json\/wp\/v2\/types\/page"}],"author":[{"embeddable":true,"href":"https:\/\/ipautomationinc.com\/fr\/wp-json\/wp\/v2\/users\/3"}],"replies":[{"embeddable":true,"href":"https:\/\/ipautomationinc.com\/fr\/wp-json\/wp\/v2\/comments?post=36733"}],"version-history":[{"count":2,"href":"https:\/\/ipautomationinc.com\/fr\/wp-json\/wp\/v2\/pages\/36733\/revisions"}],"predecessor-version":[{"id":36839,"href":"https:\/\/ipautomationinc.com\/fr\/wp-json\/wp\/v2\/pages\/36733\/revisions\/36839"}],"up":[{"embeddable":true,"href":"https:\/\/ipautomationinc.com\/fr\/wp-json\/wp\/v2\/pages\/7745"}],"wp:attachment":[{"href":"https:\/\/ipautomationinc.com\/fr\/wp-json\/wp\/v2\/media?parent=36733"}],"curies":[{"name":"wp","href":"https:\/\/api.w.org\/{rel}","templated":true}]}}