{"id":36690,"date":"2024-07-25T15:28:26","date_gmt":"2024-07-25T20:28:26","guid":{"rendered":"https:\/\/ipautomationinc.com\/?page_id=36690"},"modified":"2026-04-01T11:36:31","modified_gmt":"2026-04-01T16:36:31","slug":"cintreuses-cnc-a-double-tete","status":"publish","type":"page","link":"https:\/\/ipautomationinc.com\/fr\/double-head-cnc-wire-benders\/","title":{"rendered":"Cintreuses de fils CNC \u00e0 double t\u00eate"},"content":{"rendered":"<h6 class=\"wp-block-heading\"><strong>D\u00e9couvrez notre gamme de cintreuses CNC \u00e0 double t\u00eate. S\u00e9rie ID, cintreuse CNC \u00e0 double t\u00eate, diam\u00e8tre de fil\u00a0: 2 \u00e0 10\u00a0mm. S\u00e9rie ID-MS, cintreuse CNC \u00e0 double t\u00eate multi-\u00e9tages, diam\u00e8tre de fil\u00a0: 1,5 \u00e0 6\u00a0mm. S\u00e9rie ID-SS, cintreuse CNC \u00e0 double t\u00eate mono-\u00e9tage, diam\u00e8tre de fil\u00a0: 1,5 \u00e0 6\u00a0mm.<\/strong><\/h6>\n\n\n\n<p>Cintreuses de fils CNC \u00e0 double t\u00eate<br>h1<br>centre centre<br>centre<br>cacher<br><br>large<br><br><img decoding=\"async\" src=\"https:\/\/ipautomationinc.com\/wp-content\/uploads\/2024\/05\/NEW-i8-D-RGB.png#36635\" alt=\"NOUVEAU i8-D RVB\"><br>complet<br><a href=\"https:\/\/ipautomationinc.com\/fr\/serie-i-d\/\">https:\/\/ipautomationinc.com\/i-d-series\/<\/a><br>d\u00e9sactiver<br>cintreuse de fil CNC \u00e0 double t\u00eate<br>contenir<br>centre centre<br>centre<br>cacher<br><br>S\u00e9rie i-D<br>h2<br>centre centre<br>centre<br>cacher<br><br>Apprendre encore plus<br><a href=\"https:\/\/ipautomationinc.com\/fr\/serie-i-d\/\">https:\/\/ipautomationinc.com\/i-d-series\/<\/a><br>gauche<br>2<br>bouton_th\u00e8me<br>centre<br>cacher<br><br>Cintreuses de fils CNC \u00e0 double t\u00eate<br>h3<br>centre centre<br>centre<br>cacher<br><br><h5>La machine de formage de fil CNC 3D \u00e0 double t\u00eate de la s\u00e9rie i-D est un choix id\u00e9al et populaire pour les applications n\u00e9cessitant de grandes armatures m\u00e9talliques pr\u00e9cises.<\/h5><br><br><br><br>2-10 mm* Diam\u00e8tre du fil<br><br>Parfait pour les bordures de si\u00e8ges automobiles, les cadres d&#039;assemblage de si\u00e8ges, les bordures d&#039;\u00e9tag\u00e8res, les grilles de four.<br><br><br>centre<br>cacher<br><br><img decoding=\"async\" src=\"https:\/\/ipautomationinc.com\/wp-content\/uploads\/2024\/07\/i4-d-ms-web.png#36681\" alt=\"i4-d-ms web\"><br>complet<br><a href=\"https:\/\/ipautomationinc.com\/fr\/serie-i-d-ms\/\">https:\/\/ipautomationinc.com\/i-d-ms-series\/<\/a><br>d\u00e9sactiver<br>cintreuse de fil CNC \u00e0 double t\u00eate<br>contenir<br>centre centre<br>76.5%<br>centre<br>cacher<br><br>S\u00e9rie i-D-MS<br>h2<br>centre centre<br>centre<br>cacher<br><br>Apprendre encore plus<br><a href=\"https:\/\/ipautomationinc.com\/fr\/serie-i-d-ms\/\">https:\/\/ipautomationinc.com\/i-d-ms-series\/<\/a><br>gauche<br>2<br>bouton_th\u00e8me<br>centre<br>cacher<br><br>Cintreuses de fil CNC \u00e0 double t\u00eate \u00e0 plusieurs \u00e9tages<br>h3<br>centre centre<br>centre<br>cacher<br><br><h5>La cintreuse de fil CNC multi-\u00e9tapes de la s\u00e9rie i-D-MS est con\u00e7ue pour les formes de fil sp\u00e9cialis\u00e9es de haute pr\u00e9cision n\u00e9cessitant des op\u00e9rations de pliage s\u00e9par\u00e9es.<\/h5><br><br><br><br>1,5-6 mm* Diam\u00e8tre du fil<br><br>Parfait pour les fils de listage et de si\u00e8ge de pr\u00e9cision, les pi\u00e8ces \u00e0 tol\u00e9rance serr\u00e9e pour les op\u00e9rations de surmoulage<br><br><br>Titre + description<br>centre<br>pas de r\u00e9p\u00e9tition;en haut \u00e0 gauche;;<br>auto<br>20px<br>0 10%<br><br><img decoding=\"async\" src=\"https:\/\/ipautomationinc.com\/wp-content\/uploads\/2024\/07\/i4-D-SS-RGB.png#36680\" alt=\"i4-D-SS RVB\"><br>complet<br><a href=\"https:\/\/ipautomationinc.com\/fr\/serie-i-d-ss\/\">https:\/\/ipautomationinc.com\/i-d-ss-series\/<\/a><br>d\u00e9sactiver<br>cintreuse de fil CNC \u00e0 double t\u00eate<br>contenir<br>centre centre<br>80%<br>centre<br>cacher<br><br>S\u00e9rie i-D-SS<br>h2<br>centre centre<br>centre<br>cacher<br><br>Apprendre encore plus<br><a href=\"https:\/\/ipautomationinc.com\/fr\/serie-i-d-ss\/\">https:\/\/ipautomationinc.com\/i-d-ss-series\/<\/a><br>gauche<br>2<br>bouton_th\u00e8me<br>centre<br>cacher<br><br>Cintreuses de fils CNC \u00e0 double t\u00eate en une seule \u00e9tape pour les fils de garniture\/liste<br>h3<br>centre centre<br>centre<br>cacher<br><br><h5>La s\u00e9rie iD-SS est id\u00e9ale pour le pliage 3D en grand volume de fils simples. Elle permet de cr\u00e9er de nombreuses formes courantes, comparables \u00e0 celles de l&#039;iD-MS, \u00e0 un co\u00fbt nettement inf\u00e9rieur.<\/h5><br><br><br><br>1,5-6 mm* Diam\u00e8tre du fil<br><br>Parfait pour les fils de listage et de si\u00e8ge de pr\u00e9cision, les pi\u00e8ces \u00e0 tol\u00e9rance serr\u00e9e pour les op\u00e9rations de surmoulage<br><br><br>Titre + description<br>centre<br>pas de r\u00e9p\u00e9tition;en haut \u00e0 gauche;;<br>auto<br>20px<br>0 10%<br><br><\/p>","protected":false},"excerpt":{"rendered":"<p>Explore our range of double head CNC wire benders. I-D series double head CNC wire bender, 2-10mm wire diameter. I-D-MS<span class=\"excerpt-hellip\"> [\u2026]<\/span><\/p>\n","protected":false},"author":3,"featured_media":0,"parent":0,"menu_order":0,"comment_status":"closed","ping_status":"closed","template":"","meta":{"footnotes":""},"class_list":["post-36690","page","type-page","status-publish","hentry"],"yoast_head":"<!-- This site is optimized with the Yoast SEO plugin v27.3 - https:\/\/yoast.com\/product\/yoast-seo-wordpress\/ -->\n<title>Double Head CNC Wire Benders | IP Automation Inc<\/title>\n<meta name=\"description\" content=\"Explore our selection of Double Head CNC Wire Benders to find the perfect one for you. Quality made in the USA machinery.\" \/>\n<meta name=\"robots\" content=\"index, follow, max-snippet:-1, max-image-preview:large, max-video-preview:-1\" \/>\n<link rel=\"canonical\" href=\"https:\/\/ipautomationinc.com\/fr\/cintreuses-cnc-a-double-tete\/\" \/>\n<meta property=\"og:locale\" content=\"fr_FR\" \/>\n<meta property=\"og:type\" content=\"article\" \/>\n<meta property=\"og:title\" content=\"Double Head CNC Wire Benders | IP Automation Inc\" \/>\n<meta property=\"og:description\" content=\"Explore our selection of Double Head CNC Wire Benders to find the perfect one for you. Quality made in the USA machinery.\" \/>\n<meta property=\"og:url\" content=\"https:\/\/ipautomationinc.com\/fr\/cintreuses-cnc-a-double-tete\/\" \/>\n<meta property=\"og:site_name\" content=\"IP Automation Inc\" \/>\n<meta property=\"article:publisher\" content=\"https:\/\/www.facebook.com\/ipautomationinc\/\" \/>\n<meta property=\"article:modified_time\" content=\"2026-04-01T16:36:31+00:00\" \/>\n<meta property=\"og:image\" content=\"https:\/\/ipautomationinc.com\/wp-content\/uploads\/2024\/05\/NEW-i8-D-RGB.png#36635\" \/>\n<script type=\"application\/ld+json\" class=\"yoast-schema-graph\">{\"@context\":\"https:\\\/\\\/schema.org\",\"@graph\":[{\"@type\":\"WebPage\",\"@id\":\"https:\\\/\\\/ipautomationinc.com\\\/double-head-cnc-wire-benders\\\/\",\"url\":\"https:\\\/\\\/ipautomationinc.com\\\/double-head-cnc-wire-benders\\\/\",\"name\":\"Double Head CNC Wire Benders | IP Automation Inc\",\"isPartOf\":{\"@id\":\"https:\\\/\\\/ipautomationinc.com\\\/#website\"},\"primaryImageOfPage\":{\"@id\":\"https:\\\/\\\/ipautomationinc.com\\\/double-head-cnc-wire-benders\\\/#primaryimage\"},\"image\":{\"@id\":\"https:\\\/\\\/ipautomationinc.com\\\/double-head-cnc-wire-benders\\\/#primaryimage\"},\"thumbnailUrl\":\"https:\\\/\\\/ipautomationinc.com\\\/wp-content\\\/uploads\\\/2024\\\/05\\\/NEW-i8-D-RGB.png#36635\",\"datePublished\":\"2024-07-25T20:28:26+00:00\",\"dateModified\":\"2026-04-01T16:36:31+00:00\",\"description\":\"Explore our selection of Double Head CNC Wire Benders to find the perfect one for you. Quality made in the USA machinery.\",\"inLanguage\":\"fr-FR\",\"potentialAction\":[{\"@type\":\"ReadAction\",\"target\":[\"https:\\\/\\\/ipautomationinc.com\\\/double-head-cnc-wire-benders\\\/\"]}]},{\"@type\":\"ImageObject\",\"inLanguage\":\"fr-FR\",\"@id\":\"https:\\\/\\\/ipautomationinc.com\\\/double-head-cnc-wire-benders\\\/#primaryimage\",\"url\":\"https:\\\/\\\/ipautomationinc.com\\\/wp-content\\\/uploads\\\/2024\\\/05\\\/NEW-i8-D-RGB.png#36635\",\"contentUrl\":\"https:\\\/\\\/ipautomationinc.com\\\/wp-content\\\/uploads\\\/2024\\\/05\\\/NEW-i8-D-RGB.png#36635\"},{\"@type\":\"WebSite\",\"@id\":\"https:\\\/\\\/ipautomationinc.com\\\/#website\",\"url\":\"https:\\\/\\\/ipautomationinc.com\\\/\",\"name\":\"IP Automation Inc\",\"description\":\"Concept... Creation... Reality...\",\"publisher\":{\"@id\":\"https:\\\/\\\/ipautomationinc.com\\\/#organization\"},\"potentialAction\":[{\"@type\":\"SearchAction\",\"target\":{\"@type\":\"EntryPoint\",\"urlTemplate\":\"https:\\\/\\\/ipautomationinc.com\\\/?s={search_term_string}\"},\"query-input\":{\"@type\":\"PropertyValueSpecification\",\"valueRequired\":true,\"valueName\":\"search_term_string\"}}],\"inLanguage\":\"fr-FR\"},{\"@type\":\"Organization\",\"@id\":\"https:\\\/\\\/ipautomationinc.com\\\/#organization\",\"name\":\"IP Automation Inc\",\"url\":\"https:\\\/\\\/ipautomationinc.com\\\/\",\"logo\":{\"@type\":\"ImageObject\",\"inLanguage\":\"fr-FR\",\"@id\":\"https:\\\/\\\/ipautomationinc.com\\\/#\\\/schema\\\/logo\\\/image\\\/\",\"url\":\"https:\\\/\\\/ipautomationinc.com\\\/wp-content\\\/uploads\\\/2022\\\/05\\\/IPA-Favicon.png\",\"contentUrl\":\"https:\\\/\\\/ipautomationinc.com\\\/wp-content\\\/uploads\\\/2022\\\/05\\\/IPA-Favicon.png\",\"width\":513,\"height\":513,\"caption\":\"IP Automation Inc\"},\"image\":{\"@id\":\"https:\\\/\\\/ipautomationinc.com\\\/#\\\/schema\\\/logo\\\/image\\\/\"},\"sameAs\":[\"https:\\\/\\\/www.facebook.com\\\/ipautomationinc\\\/\",\"https:\\\/\\\/www.linkedin.com\\\/company\\\/ip-automation-inc\\\/\",\"https:\\\/\\\/www.youtube.com\\\/@IPAutomation\"]}]}<\/script>\n<!-- \/ Yoast SEO plugin. -->","yoast_head_json":{"title":"Cintreuses de fil CNC \u00e0 double t\u00eate | IP Automatisation Inc","description":"Explorez notre s\u00e9lection de cintreuses CNC \u00e0 double t\u00eate pour trouver celle qui vous convient le mieux. Machines de qualit\u00e9 fabriqu\u00e9es aux \u00c9tats-Unis.","robots":{"index":"index","follow":"follow","max-snippet":"max-snippet:-1","max-image-preview":"max-image-preview:large","max-video-preview":"max-video-preview:-1"},"canonical":"https:\/\/ipautomationinc.com\/fr\/cintreuses-cnc-a-double-tete\/","og_locale":"fr_FR","og_type":"article","og_title":"Double Head CNC Wire Benders | IP Automation Inc","og_description":"Explore our selection of Double Head CNC Wire Benders to find the perfect one for you. Quality made in the USA machinery.","og_url":"https:\/\/ipautomationinc.com\/fr\/cintreuses-cnc-a-double-tete\/","og_site_name":"IP Automation Inc","article_publisher":"https:\/\/www.facebook.com\/ipautomationinc\/","article_modified_time":"2026-04-01T16:36:31+00:00","og_image":[{"url":"https:\/\/ipautomationinc.com\/wp-content\/uploads\/2024\/05\/NEW-i8-D-RGB.png#36635","type":"","width":"","height":""}],"schema":{"@context":"https:\/\/schema.org","@graph":[{"@type":"WebPage","@id":"https:\/\/ipautomationinc.com\/double-head-cnc-wire-benders\/","url":"https:\/\/ipautomationinc.com\/double-head-cnc-wire-benders\/","name":"Cintreuses de fil CNC \u00e0 double t\u00eate | IP Automatisation Inc","isPartOf":{"@id":"https:\/\/ipautomationinc.com\/#website"},"primaryImageOfPage":{"@id":"https:\/\/ipautomationinc.com\/double-head-cnc-wire-benders\/#primaryimage"},"image":{"@id":"https:\/\/ipautomationinc.com\/double-head-cnc-wire-benders\/#primaryimage"},"thumbnailUrl":"https:\/\/ipautomationinc.com\/wp-content\/uploads\/2024\/05\/NEW-i8-D-RGB.png#36635","datePublished":"2024-07-25T20:28:26+00:00","dateModified":"2026-04-01T16:36:31+00:00","description":"Explorez notre s\u00e9lection de cintreuses CNC \u00e0 double t\u00eate pour trouver celle qui vous convient le mieux. Machines de qualit\u00e9 fabriqu\u00e9es aux \u00c9tats-Unis.","inLanguage":"fr-FR","potentialAction":[{"@type":"ReadAction","target":["https:\/\/ipautomationinc.com\/double-head-cnc-wire-benders\/"]}]},{"@type":"ImageObject","inLanguage":"fr-FR","@id":"https:\/\/ipautomationinc.com\/double-head-cnc-wire-benders\/#primaryimage","url":"https:\/\/ipautomationinc.com\/wp-content\/uploads\/2024\/05\/NEW-i8-D-RGB.png#36635","contentUrl":"https:\/\/ipautomationinc.com\/wp-content\/uploads\/2024\/05\/NEW-i8-D-RGB.png#36635"},{"@type":"WebSite","@id":"https:\/\/ipautomationinc.com\/#website","url":"https:\/\/ipautomationinc.com\/","name":"IP Automatisation Inc","description":"Concept... Cr\u00e9ation... R\u00e9alit\u00e9...","publisher":{"@id":"https:\/\/ipautomationinc.com\/#organization"},"potentialAction":[{"@type":"SearchAction","target":{"@type":"EntryPoint","urlTemplate":"https:\/\/ipautomationinc.com\/?s={search_term_string}"},"query-input":{"@type":"PropertyValueSpecification","valueRequired":true,"valueName":"search_term_string"}}],"inLanguage":"fr-FR"},{"@type":"Organization","@id":"https:\/\/ipautomationinc.com\/#organization","name":"IP Automatisation Inc","url":"https:\/\/ipautomationinc.com\/","logo":{"@type":"ImageObject","inLanguage":"fr-FR","@id":"https:\/\/ipautomationinc.com\/#\/schema\/logo\/image\/","url":"https:\/\/ipautomationinc.com\/wp-content\/uploads\/2022\/05\/IPA-Favicon.png","contentUrl":"https:\/\/ipautomationinc.com\/wp-content\/uploads\/2022\/05\/IPA-Favicon.png","width":513,"height":513,"caption":"IP Automation Inc"},"image":{"@id":"https:\/\/ipautomationinc.com\/#\/schema\/logo\/image\/"},"sameAs":["https:\/\/www.facebook.com\/ipautomationinc\/","https:\/\/www.linkedin.com\/company\/ip-automation-inc\/","https:\/\/www.youtube.com\/@IPAutomation"]}]}},"_links":{"self":[{"href":"https:\/\/ipautomationinc.com\/fr\/wp-json\/wp\/v2\/pages\/36690","targetHints":{"allow":["GET"]}}],"collection":[{"href":"https:\/\/ipautomationinc.com\/fr\/wp-json\/wp\/v2\/pages"}],"about":[{"href":"https:\/\/ipautomationinc.com\/fr\/wp-json\/wp\/v2\/types\/page"}],"author":[{"embeddable":true,"href":"https:\/\/ipautomationinc.com\/fr\/wp-json\/wp\/v2\/users\/3"}],"replies":[{"embeddable":true,"href":"https:\/\/ipautomationinc.com\/fr\/wp-json\/wp\/v2\/comments?post=36690"}],"version-history":[{"count":4,"href":"https:\/\/ipautomationinc.com\/fr\/wp-json\/wp\/v2\/pages\/36690\/revisions"}],"predecessor-version":[{"id":36708,"href":"https:\/\/ipautomationinc.com\/fr\/wp-json\/wp\/v2\/pages\/36690\/revisions\/36708"}],"wp:attachment":[{"href":"https:\/\/ipautomationinc.com\/fr\/wp-json\/wp\/v2\/media?parent=36690"}],"curies":[{"name":"wp","href":"https:\/\/api.w.org\/{rel}","templated":true}]}}