{"id":36673,"date":"2024-07-25T16:36:10","date_gmt":"2024-07-25T21:36:10","guid":{"rendered":"https:\/\/ipautomationinc.com\/?page_id=36673"},"modified":"2024-08-14T19:59:44","modified_gmt":"2024-08-14T19:59:44","slug":"chanfrein-en-ligne","status":"publish","type":"page","link":"https:\/\/ipautomationinc.com\/fr\/accessories\/in-line-chamfer\/","title":{"rendered":"Chanfrein en ligne"},"content":{"rendered":"<p><strong>The in-line chamfer accessory is indispensable for wire form manufactures seeking efficient part chamfering without added labor costs. It&#8217;s equally crucial in tubing applications where it can pre-cut parts to controlled depths for easier detachment at the bender cutter.<\/strong><\/p>\n\n\n\n<p>&gt;retour aux accessoires<br>h2<br><a href=\"https:\/\/ipautomationinc.com\/fr\/accessoires\/\">https:\/\/ipautomationinc.com\/accessories\/<\/a><br>centre centre<br>gauche<br>#949494<br>cacher<br><br>Chanfrein en ligne<br>h1<br>centre centre<br>gauche<br>cacher<br><br><img decoding=\"async\" src=\"https:\/\/ipautomationinc.com\/wp-content\/uploads\/2024\/01\/internal-chamfer.png#35611\" alt=\"internal chamfer\"><br>complet<br>contenir<br>centre centre<br>cacher<br><br><h4>The in-line chamfer accessory is indispensable for wire form manufactures seeking efficient part chamfering without added labor costs. It\\&#8217;s equally crucial in tubing applications where it can pre-cut parts to controlled depths for easier detachment at the bender cutter.<\/h4><br><br><h4>La conception du servomoteur garantit la coh\u00e9rence et le contr\u00f4le de la vitesse d&#039;avancement de la fraise, de la profondeur de coupe et du contr\u00f4le du r\u00e9gime. Associ\u00e9 \u00e0 notre m\u00e9canisme d&#039;alimentation de pr\u00e9cision \u00e0 4 roues motrices et \u00e0 engrenages, il aligne pr\u00e9cis\u00e9ment l&#039;emplacement rainur\u00e9 avec la cisaille sur le bras de pliage. De plus, l&#039;unit\u00e9 comprend l&#039;\u00e9limination des copeaux sous vide vers un r\u00e9servoir de collecte externe, maintenant ainsi un espace de travail propre.<\/h4><br>#000000<br>cacher<br><br>35613,35615,35616,36677<br>vignette<br>4<br>200px<br>300px<br>solide<br>img_caption_overlay<br>cacher<br><br>10<br>cacher<br><br>M\u00e9dias<br>h3<br>centre centre<br>centre<br>cacher<br><br>899881742<br>h=4a96747443<br>contenir<br>centre centre<br><br>10<br>cacher<br><br>Caract\u00e9ristiques<br>h3<br>centre centre<br>centre<br>cacher<br><br>Principales caract\u00e9ristiques<br><br><br>Profondeur de coupe et r\u00e9gime servocommand\u00e9s<br><br>Plaquettes carbure standards<br><br>\u00c9limination des copeaux sous vide<br><br><br>#EBEBEB<br>#222222<br>cacher<br><br>10<br>cacher<br><br>Sp\u00e9cifications.<br>h3<br>centre centre<br>centre<br>cacher<br><br><br>cacher<br><br>Plus de sp\u00e9cifications disponibles sur demande.<br><br><\/p>\n\n\n\n<p><\/p>","protected":false},"excerpt":{"rendered":"<p>The in-line chamfer accessory is indispensable for wire form manufactures seeking efficient part chamfering without added labor costs. It&#8217;s equally<span class=\"excerpt-hellip\"> [\u2026]<\/span><\/p>\n","protected":false},"author":3,"featured_media":0,"parent":7745,"menu_order":0,"comment_status":"closed","ping_status":"closed","template":"","meta":{"footnotes":""},"class_list":["post-36673","page","type-page","status-publish","hentry"],"yoast_head":"<!-- This site is optimized with the Yoast SEO plugin v27.3 - https:\/\/yoast.com\/product\/yoast-seo-wordpress\/ -->\n<title>In-Line Chamfer | IP Automation Inc<\/title>\n<meta name=\"description\" content=\"Our in-line chamfer accessory is essential for wire form manufacturers who need to efficiently chamfer parts in-line without labor expense.\" \/>\n<meta name=\"robots\" content=\"index, follow, max-snippet:-1, max-image-preview:large, max-video-preview:-1\" \/>\n<link rel=\"canonical\" href=\"https:\/\/ipautomationinc.com\/fr\/accessoires\/chanfrein-en-ligne\/\" \/>\n<meta property=\"og:locale\" content=\"fr_FR\" \/>\n<meta property=\"og:type\" content=\"article\" \/>\n<meta property=\"og:title\" content=\"In-Line Chamfer | IP Automation Inc\" \/>\n<meta property=\"og:description\" content=\"Our in-line chamfer accessory is essential for wire form manufacturers who need to efficiently chamfer parts in-line without labor expense.\" \/>\n<meta property=\"og:url\" content=\"https:\/\/ipautomationinc.com\/fr\/accessoires\/chanfrein-en-ligne\/\" \/>\n<meta property=\"og:site_name\" content=\"IP Automation Inc\" \/>\n<meta property=\"article:publisher\" content=\"https:\/\/www.facebook.com\/ipautomationinc\/\" \/>\n<meta property=\"article:modified_time\" content=\"2024-08-14T19:59:44+00:00\" \/>\n<meta property=\"og:image\" content=\"https:\/\/ipautomationinc.com\/wp-content\/uploads\/2024\/01\/internal-chamfer.png#35611\" \/>\n<script type=\"application\/ld+json\" class=\"yoast-schema-graph\">{\"@context\":\"https:\\\/\\\/schema.org\",\"@graph\":[{\"@type\":\"WebPage\",\"@id\":\"https:\\\/\\\/ipautomationinc.com\\\/accessories\\\/in-line-chamfer\\\/\",\"url\":\"https:\\\/\\\/ipautomationinc.com\\\/accessories\\\/in-line-chamfer\\\/\",\"name\":\"In-Line Chamfer | IP Automation Inc\",\"isPartOf\":{\"@id\":\"https:\\\/\\\/ipautomationinc.com\\\/#website\"},\"primaryImageOfPage\":{\"@id\":\"https:\\\/\\\/ipautomationinc.com\\\/accessories\\\/in-line-chamfer\\\/#primaryimage\"},\"image\":{\"@id\":\"https:\\\/\\\/ipautomationinc.com\\\/accessories\\\/in-line-chamfer\\\/#primaryimage\"},\"thumbnailUrl\":\"https:\\\/\\\/ipautomationinc.com\\\/wp-content\\\/uploads\\\/2024\\\/01\\\/internal-chamfer.png#35611\",\"datePublished\":\"2024-07-25T21:36:10+00:00\",\"dateModified\":\"2024-08-14T19:59:44+00:00\",\"description\":\"Our in-line chamfer accessory is essential for wire form manufacturers who need to efficiently chamfer parts in-line without labor expense.\",\"breadcrumb\":{\"@id\":\"https:\\\/\\\/ipautomationinc.com\\\/accessories\\\/in-line-chamfer\\\/#breadcrumb\"},\"inLanguage\":\"fr-FR\",\"potentialAction\":[{\"@type\":\"ReadAction\",\"target\":[\"https:\\\/\\\/ipautomationinc.com\\\/accessories\\\/in-line-chamfer\\\/\"]}]},{\"@type\":\"ImageObject\",\"inLanguage\":\"fr-FR\",\"@id\":\"https:\\\/\\\/ipautomationinc.com\\\/accessories\\\/in-line-chamfer\\\/#primaryimage\",\"url\":\"https:\\\/\\\/ipautomationinc.com\\\/wp-content\\\/uploads\\\/2024\\\/01\\\/internal-chamfer.png#35611\",\"contentUrl\":\"https:\\\/\\\/ipautomationinc.com\\\/wp-content\\\/uploads\\\/2024\\\/01\\\/internal-chamfer.png#35611\"},{\"@type\":\"BreadcrumbList\",\"@id\":\"https:\\\/\\\/ipautomationinc.com\\\/accessories\\\/in-line-chamfer\\\/#breadcrumb\",\"itemListElement\":[{\"@type\":\"ListItem\",\"position\":1,\"name\":\"Accessories\",\"item\":\"https:\\\/\\\/ipautomationinc.com\\\/accessories\\\/\"},{\"@type\":\"ListItem\",\"position\":2,\"name\":\"In-Line Chamfer\"}]},{\"@type\":\"WebSite\",\"@id\":\"https:\\\/\\\/ipautomationinc.com\\\/#website\",\"url\":\"https:\\\/\\\/ipautomationinc.com\\\/\",\"name\":\"IP Automation Inc\",\"description\":\"Concept... Creation... Reality...\",\"publisher\":{\"@id\":\"https:\\\/\\\/ipautomationinc.com\\\/#organization\"},\"potentialAction\":[{\"@type\":\"SearchAction\",\"target\":{\"@type\":\"EntryPoint\",\"urlTemplate\":\"https:\\\/\\\/ipautomationinc.com\\\/?s={search_term_string}\"},\"query-input\":{\"@type\":\"PropertyValueSpecification\",\"valueRequired\":true,\"valueName\":\"search_term_string\"}}],\"inLanguage\":\"fr-FR\"},{\"@type\":\"Organization\",\"@id\":\"https:\\\/\\\/ipautomationinc.com\\\/#organization\",\"name\":\"IP Automation Inc\",\"url\":\"https:\\\/\\\/ipautomationinc.com\\\/\",\"logo\":{\"@type\":\"ImageObject\",\"inLanguage\":\"fr-FR\",\"@id\":\"https:\\\/\\\/ipautomationinc.com\\\/#\\\/schema\\\/logo\\\/image\\\/\",\"url\":\"https:\\\/\\\/ipautomationinc.com\\\/wp-content\\\/uploads\\\/2022\\\/05\\\/IPA-Favicon.png\",\"contentUrl\":\"https:\\\/\\\/ipautomationinc.com\\\/wp-content\\\/uploads\\\/2022\\\/05\\\/IPA-Favicon.png\",\"width\":513,\"height\":513,\"caption\":\"IP Automation Inc\"},\"image\":{\"@id\":\"https:\\\/\\\/ipautomationinc.com\\\/#\\\/schema\\\/logo\\\/image\\\/\"},\"sameAs\":[\"https:\\\/\\\/www.facebook.com\\\/ipautomationinc\\\/\",\"https:\\\/\\\/www.linkedin.com\\\/company\\\/ip-automation-inc\\\/\",\"https:\\\/\\\/www.youtube.com\\\/@IPAutomation\"]}]}<\/script>\n<!-- \/ Yoast SEO plugin. -->","yoast_head_json":{"title":"Chanfrein en ligne | IP Automatisation Inc","description":"Notre accessoire de chanfrein en ligne est essentiel pour les fabricants de formes en fil qui ont besoin de chanfreiner efficacement des pi\u00e8ces en ligne sans frais de main d&#039;\u0153uvre.","robots":{"index":"index","follow":"follow","max-snippet":"max-snippet:-1","max-image-preview":"max-image-preview:large","max-video-preview":"max-video-preview:-1"},"canonical":"https:\/\/ipautomationinc.com\/fr\/accessoires\/chanfrein-en-ligne\/","og_locale":"fr_FR","og_type":"article","og_title":"In-Line Chamfer | IP Automation Inc","og_description":"Our in-line chamfer accessory is essential for wire form manufacturers who need to efficiently chamfer parts in-line without labor expense.","og_url":"https:\/\/ipautomationinc.com\/fr\/accessoires\/chanfrein-en-ligne\/","og_site_name":"IP Automation Inc","article_publisher":"https:\/\/www.facebook.com\/ipautomationinc\/","article_modified_time":"2024-08-14T19:59:44+00:00","og_image":[{"url":"https:\/\/ipautomationinc.com\/wp-content\/uploads\/2024\/01\/internal-chamfer.png#35611","type":"","width":"","height":""}],"schema":{"@context":"https:\/\/schema.org","@graph":[{"@type":"WebPage","@id":"https:\/\/ipautomationinc.com\/accessories\/in-line-chamfer\/","url":"https:\/\/ipautomationinc.com\/accessories\/in-line-chamfer\/","name":"Chanfrein en ligne | IP Automatisation Inc","isPartOf":{"@id":"https:\/\/ipautomationinc.com\/#website"},"primaryImageOfPage":{"@id":"https:\/\/ipautomationinc.com\/accessories\/in-line-chamfer\/#primaryimage"},"image":{"@id":"https:\/\/ipautomationinc.com\/accessories\/in-line-chamfer\/#primaryimage"},"thumbnailUrl":"https:\/\/ipautomationinc.com\/wp-content\/uploads\/2024\/01\/internal-chamfer.png#35611","datePublished":"2024-07-25T21:36:10+00:00","dateModified":"2024-08-14T19:59:44+00:00","description":"Notre accessoire de chanfrein en ligne est essentiel pour les fabricants de formes en fil qui ont besoin de chanfreiner efficacement des pi\u00e8ces en ligne sans frais de main d&#039;\u0153uvre.","breadcrumb":{"@id":"https:\/\/ipautomationinc.com\/accessories\/in-line-chamfer\/#breadcrumb"},"inLanguage":"fr-FR","potentialAction":[{"@type":"ReadAction","target":["https:\/\/ipautomationinc.com\/accessories\/in-line-chamfer\/"]}]},{"@type":"ImageObject","inLanguage":"fr-FR","@id":"https:\/\/ipautomationinc.com\/accessories\/in-line-chamfer\/#primaryimage","url":"https:\/\/ipautomationinc.com\/wp-content\/uploads\/2024\/01\/internal-chamfer.png#35611","contentUrl":"https:\/\/ipautomationinc.com\/wp-content\/uploads\/2024\/01\/internal-chamfer.png#35611"},{"@type":"BreadcrumbList","@id":"https:\/\/ipautomationinc.com\/accessories\/in-line-chamfer\/#breadcrumb","itemListElement":[{"@type":"ListItem","position":1,"name":"Accessories","item":"https:\/\/ipautomationinc.com\/accessories\/"},{"@type":"ListItem","position":2,"name":"In-Line Chamfer"}]},{"@type":"WebSite","@id":"https:\/\/ipautomationinc.com\/#website","url":"https:\/\/ipautomationinc.com\/","name":"IP Automatisation Inc","description":"Concept... Cr\u00e9ation... R\u00e9alit\u00e9...","publisher":{"@id":"https:\/\/ipautomationinc.com\/#organization"},"potentialAction":[{"@type":"SearchAction","target":{"@type":"EntryPoint","urlTemplate":"https:\/\/ipautomationinc.com\/?s={search_term_string}"},"query-input":{"@type":"PropertyValueSpecification","valueRequired":true,"valueName":"search_term_string"}}],"inLanguage":"fr-FR"},{"@type":"Organization","@id":"https:\/\/ipautomationinc.com\/#organization","name":"IP Automatisation Inc","url":"https:\/\/ipautomationinc.com\/","logo":{"@type":"ImageObject","inLanguage":"fr-FR","@id":"https:\/\/ipautomationinc.com\/#\/schema\/logo\/image\/","url":"https:\/\/ipautomationinc.com\/wp-content\/uploads\/2022\/05\/IPA-Favicon.png","contentUrl":"https:\/\/ipautomationinc.com\/wp-content\/uploads\/2022\/05\/IPA-Favicon.png","width":513,"height":513,"caption":"IP Automation Inc"},"image":{"@id":"https:\/\/ipautomationinc.com\/#\/schema\/logo\/image\/"},"sameAs":["https:\/\/www.facebook.com\/ipautomationinc\/","https:\/\/www.linkedin.com\/company\/ip-automation-inc\/","https:\/\/www.youtube.com\/@IPAutomation"]}]}},"_links":{"self":[{"href":"https:\/\/ipautomationinc.com\/fr\/wp-json\/wp\/v2\/pages\/36673","targetHints":{"allow":["GET"]}}],"collection":[{"href":"https:\/\/ipautomationinc.com\/fr\/wp-json\/wp\/v2\/pages"}],"about":[{"href":"https:\/\/ipautomationinc.com\/fr\/wp-json\/wp\/v2\/types\/page"}],"author":[{"embeddable":true,"href":"https:\/\/ipautomationinc.com\/fr\/wp-json\/wp\/v2\/users\/3"}],"replies":[{"embeddable":true,"href":"https:\/\/ipautomationinc.com\/fr\/wp-json\/wp\/v2\/comments?post=36673"}],"version-history":[{"count":2,"href":"https:\/\/ipautomationinc.com\/fr\/wp-json\/wp\/v2\/pages\/36673\/revisions"}],"predecessor-version":[{"id":36745,"href":"https:\/\/ipautomationinc.com\/fr\/wp-json\/wp\/v2\/pages\/36673\/revisions\/36745"}],"up":[{"embeddable":true,"href":"https:\/\/ipautomationinc.com\/fr\/wp-json\/wp\/v2\/pages\/7745"}],"wp:attachment":[{"href":"https:\/\/ipautomationinc.com\/fr\/wp-json\/wp\/v2\/media?parent=36673"}],"curies":[{"name":"wp","href":"https:\/\/api.w.org\/{rel}","templated":true}]}}