{"id":35632,"date":"2024-06-18T14:23:37","date_gmt":"2024-06-18T19:23:37","guid":{"rendered":"https:\/\/ipautomationinc.com\/?page_id=35632"},"modified":"2026-04-06T10:20:12","modified_gmt":"2026-04-06T15:20:12","slug":"serie-ip","status":"publish","type":"page","link":"https:\/\/ipautomationinc.com\/fr\/i-p-series\/","title":{"rendered":"P Series Single Piece CNC Wire Bender"},"content":{"rendered":"<p>The P series Single Piece CNC wire bender is designed to make easy work of your challenging parts and part mixes that require versatility and flexibility for low volume applications. For low volume applications, setup and changeover is faster with fewer elements to adjust. For special materials, tubing, pre-machined rods, and end formed parts that cannot be fed from coil, the pre-cut piece loading will allow you to have incredible 3D CNC bending capability. A magazine feeding option is available for a significant increase in production and un-attended operation.<\/p>\n\n\n\n<p><span class=\"builder2seo\"><\/span>Cintreuse de fil CNC 3D monobloc<br><br>S\u00e9rie iP<br><br><img decoding=\"async\" src=\"https:\/\/ipautomationinc.com\/wp-content\/uploads\/2026\/02\/i10-S\u00b2-P-Single-Piece-3D-CNC-Wire-Bender-and-Kiosk.png#39503\" alt=\"i10-S\u00b2-P Single Piece 3D CNC Wire Bender and Kiosk\"><br>cintreuse de fil CNC i-S\u00b2-T<br>400px<br><br>Cliquez ici pour le d\u00e9pliant PDF<br><a href=\"https:\/\/ipautomationinc.com\/wp-content\/uploads\/2026\/03\/i-P-Flyer.pdf\">https:\/\/ipautomationinc.com\/wp-content\/uploads\/2026\/03\/i-P-Flyer.pdf<\/a><br>fas fa-fichier-pdf<br>bouton_th\u00e8me<br>https:\/\/ipautomationinc.com\/wp-content\/uploads\/2026\/03\/i-P-Flyer.pdf<br><br>35673,35674,36656,36655<br>#0455B3<br>3px 3px 3px 3px<br><br><h4>La cintreuse de fil CNC monobloc iP est con\u00e7ue pour faciliter le travail sur vos pi\u00e8ces complexes et les m\u00e9langes de pi\u00e8ces qui n\u00e9cessitent polyvalence et flexibilit\u00e9 pour les applications \u00e0 faible volume.<\/h4><br><br><h4>Pour les applications \u00e0 faible volume, la configuration et le changement sont plus rapides avec moins d\u2019\u00e9l\u00e9ments \u00e0 ajuster.<\/h4><br><br><h4>Pour les mat\u00e9riaux sp\u00e9ciaux, les tubes, les tiges pr\u00e9-usin\u00e9es et les pi\u00e8ces form\u00e9es en extr\u00e9mit\u00e9 qui ne peuvent pas \u00eatre aliment\u00e9es \u00e0 partir de bobines, le chargement de pi\u00e8ces pr\u00e9d\u00e9coup\u00e9es vous permettra d&#039;avoir une incroyable capacit\u00e9 de pliage CNC 3D.<\/h4><br><br><h4>Un syst\u00e8me d&#039;alimentation par magasin est disponible pour une augmentation significative de la production et un fonctionnement sans surveillance. Option de t\u00eate \u00e0 simple ou double courbure.<\/h4><br><br><h3>Applications<\/h3><br><br><h4>Supports d&#039;\u00e9chappement, pi\u00e8ces \u00e0 faible volume et m\u00e9lange \u00e9lev\u00e9, \u00e9l\u00e9ments chauffants et pi\u00e8ces en boucle ferm\u00e9e.<\/h4><br>#EBEBEB<br><br><img decoding=\"async\" src=\"https:\/\/ipautomationinc.com\/wp-content\/uploads\/2026\/02\/i10-S\u00b2-P-Single-Piece-3D-CNC-Wire-Bender-and-Kiosk.png#39503\" alt=\"i10-S\u00b2-P Single Piece 3D CNC Wire Bender and Kiosk\"><br>cintreuse de fil CNC i-S\u00b2-T<br><br>Cliquez ici pour le d\u00e9pliant PDF<br><a href=\"https:\/\/ipautomationinc.com\/wp-content\/uploads\/2026\/03\/i-P-Flyer.pdf\">https:\/\/ipautomationinc.com\/wp-content\/uploads\/2026\/03\/i-P-Flyer.pdf<\/a><br>fas fa-fichier-pdf<br>bouton_th\u00e8me<br>https:\/\/ipautomationinc.com\/wp-content\/uploads\/2026\/03\/i-P-Flyer.pdf<br><br>36656,36655,35674,35673<br>#0455B3<br>3px 3px 3px 3px<br>coutume<br>80%<br><br><h4>La cintreuse de fil CNC monobloc iP est con\u00e7ue pour faciliter le travail sur vos pi\u00e8ces complexes et les m\u00e9langes de pi\u00e8ces qui n\u00e9cessitent polyvalence et flexibilit\u00e9 pour les applications \u00e0 faible volume.<\/h4><br><br><h4>Pour les applications \u00e0 faible volume, la configuration et le changement sont plus rapides avec moins d\u2019\u00e9l\u00e9ments \u00e0 ajuster.<\/h4><br><br><h4>Pour les mat\u00e9riaux sp\u00e9ciaux, les tubes, les tiges pr\u00e9-usin\u00e9es et les pi\u00e8ces form\u00e9es en extr\u00e9mit\u00e9 qui ne peuvent pas \u00eatre aliment\u00e9es \u00e0 partir de bobines, le chargement de pi\u00e8ces pr\u00e9d\u00e9coup\u00e9es vous permettra d&#039;avoir une incroyable capacit\u00e9 de pliage CNC 3D.<\/h4><br><br><h4>Un syst\u00e8me d&#039;alimentation par magasin est disponible pour une augmentation significative de la production et un fonctionnement sans surveillance. Option de t\u00eate \u00e0 simple ou double courbure.<\/h4><br><br><h3>Applications<\/h3><br><br><h4>Supports d&#039;\u00e9chappement, pi\u00e8ces \u00e0 faible volume et m\u00e9lange \u00e9lev\u00e9, \u00e9l\u00e9ments chauffants et pi\u00e8ces en boucle ferm\u00e9e<\/h4><br>#EBEBEB<br><br><br>M\u00e9dias<br><br>grand<br><br><br>Caract\u00e9ristiques<br><br>Pliant<br>La programmation<br>D\u00e9tails<br>Disposition des machines<br><br><br><p>T\u00eate courb\u00e9e S\u00b2 (S-carr\u00e9)<\/p><br><br>Deux t\u00eates avec jusqu&#039;\u00e0 16 rayons ou des outils de pliage personnalis\u00e9s<br><br>Repositionnement \u00e0 la demande sur l&#039;une ou l&#039;autre des t\u00eates de pliage pour le mandrin, le nez et le pliage g\u00e9n\u00e9r\u00e9<br><br>La hauteur de la t\u00eate de pliage servocommand\u00e9e permet un outillage multicouche<br><br>Le pliage hors s\u00e9quence est possible avec le positionnement absolu de la t\u00eate de pliage<br><br>La conception de l&#039;outillage modulaire permet un remplacement facile des broches de pliage<br><br>Le positionnement hors plan permet d&#039;utiliser des outils de cintrage de tubes et un cintrage rapide et pr\u00e9cis de type mandrin<br><br><p>M\u00e9canisme de serrage creux et guide r\u00e9tractable<\/p><br><br>La pince creuse saisit pneumatiquement le mat\u00e9riau et permet un mouvement contr\u00f4l\u00e9 de l&#039;axe X vers la t\u00eate de pliage.<br><br>Les pi\u00e8ces peuvent mesurer plusieurs m\u00e8tres de plus que la machine si elles sont correctement soutenues.<br><br>La t\u00eate de pliage peut maintenir la pi\u00e8ce stationnaire, tandis que les pinces reviennent pour se ressaisir.<br><br>Le guide r\u00e9tractable fournit un soutien pendant l&#039;alimentation et le pliage et s&#039;\u00e9carte pour permettre \u00e0 la pince mobile de se d\u00e9placer jusqu&#039;\u00e0 la t\u00eate de pliage.<br><br><br><br><br>\t<a href=\"https:\/\/ipautomationinc.com\/fr\/capacites-des-machines\/\">Logiciel Intellibend <\/a> sur le syst\u00e8me d&#039;exploitation Windows 10<br><br>Format du programme CNC Longueur-Rotation-Angle<br><br>\tTableau de bord de production, avec programmation des cadences et des lots en temps r\u00e9el<br><br>\t\u00c9cran multi-touch 18,5\u2033 int\u00e9gr\u00e9 au PC industriel<br><br>\tConnectivit\u00e9 \u00e0 distance via tunnel VPN<br><br>\tProtocole OPC-UA pour l&#039;industrie 4.0<br><br>Fonctions d&#039;E\/S personnalis\u00e9es disponibles<br><br><p>Centre de contr\u00f4le du kiosque<\/p><br><br>L&#039;unit\u00e9 de contr\u00f4le du kiosque abrite l&#039;ordinateur avec le logiciel Intellibend et l&#039;arr\u00eat d&#039;urgence<br><br>Fournit un positionnement flexible pour une vari\u00e9t\u00e9 de configurations de cellules<br><br>Permet plus d&#039;espace si une alimentation de magazine est utilis\u00e9e<br><br><br><br>\t<br><br><br>Surface de la matrice de coupe r\u00e9aff\u00fbtable<br><br>Formation sur site disponible<br><br>Int\u00e9gration robotique capable<br><div class=\"image_frame image_item scale-with-grid element_classes no_border hover-disable mfn-img-box\"  role=\"link\" aria-label=\"Image avec liens\" tabindex=\"0\"><div class=\"image_wrapper\"><a href=\"https:\/\/ipautomationinc.com\/wp-content\/uploads\/2024\/02\/i10-S\u00b2-T-layout.jpg\" rel=\"prettyphoto\"   class=\"\"  tabindex=\"-1\" title=\"\"><div class=\"mask\"><\/div><img decoding=\"async\" class=\"scale-with-grid\" src=\"https:\/\/ipautomationinc.com\/wp-content\/uploads\/2024\/02\/i10-S\u00b2-T-layout.jpg\" fetchpriority=\"high\" alt=\"Disposition i10-S\u00b2-T\" title=\"\" width=\"300\" height=\"901\" style=\"\"\/><\/a><div class=\"image_links\"><a href=\"https:\/\/ipautomationinc.com\/wp-content\/uploads\/2024\/02\/i10-S\u00b2-T-layout.jpg\" class=\"zoom\" rel=\"prettyphoto\" tabindex=\"-1\" aria-label=\"zoomer l&#039;image\" title=\"\"><svg viewbox=\"0 0 26 26\"><defs><style>.path{fill:none;stroke:#333;stroke-miterlimit:10;stroke-width:1.5px;}<\/style><\/defs><circle cx=\"11.35\" cy=\"11.35\" r=\"6\" class=\"path\"\/><line x1=\"15.59\" y1=\"15.59\" x2=\"20.65\" y2=\"20.65\" class=\"path\"\/><\/svg><\/a><\/div><\/div><p class=\"wp-caption-text\">Disposition i-S\u00b2-T<\/p><\/div>\n<br>#EBEBEB<br>#222222<br><br><br>Caract\u00e9ristiques<br><br><br><br><p>*La capacit\u00e9 de diam\u00e8tre minimum et maximum est influenc\u00e9e par la limite d&#039;\u00e9lasticit\u00e9 du fil. Contactez-nous pour obtenir des \u00e9claircissements sur la plage min\/max pour votre type de fil.<\/p><br><br>Obtenez les prix maintenant\u00a0!<br>ic\u00f4ne en avant<br><a href=\"https:\/\/ipautomationinc.com\/fr\/contactez-nous\/#form\">https:\/\/ipautomationinc.com\/contact-us\/#form<\/a><br>50px<br><br>Autres cintreuses de fils CNC<br><br><h4>Cintreuses de fils \u00e0 t\u00eate unique<\/h4><br><br><p><hr class=\"no_line\" style=\"margin: 0 auto 0px auto\"\/>\n <a href=\"https:\/\/ipautomationinc.com\/fr\/cintreuses-de-fil-cnc-a-tete-unique\/\"> <img decoding=\"async\" src=\"https:\/\/ipautomationinc.com\/wp-content\/uploads\/2023\/02\/i8-S-RGB-1.png\" alt=\"iS CNC Fil Ancien\"> <\/a> <hr class=\"no_line\" style=\"margin: 0 auto 0px auto\"\/>\n <a class=\"mfn-link mfn-link-1\" href=\"\" style=\"\" data-hover=\"\"   ><span data-hover=\"\"><\/span><\/a><\/p><br>pas de r\u00e9p\u00e9tition;en haut \u00e0 gauche;;<br>auto<br><br><h4>Cintreuses de fil \u00e0 double t\u00eate<\/h4><br><br><p><hr class=\"no_line\" style=\"margin: 0 auto 0px auto\"\/>\n <a href=\"https:\/\/ipautomationinc.com\/fr\/cintreuses-cnc-a-double-tete\/\"> <img decoding=\"async\" src=\"https:\/\/ipautomationinc.com\/wp-content\/uploads\/2024\/07\/i8-D-double-head-1.png\" alt=\"\"> <\/a> <hr class=\"no_line\" style=\"margin: 0 auto 0px auto\"\/>\n <a class=\"mfn-link mfn-link-1\" href=\"\" style=\"\" data-hover=\"\"   ><span data-hover=\"\"><\/span><\/a><\/p><br>pas de r\u00e9p\u00e9tition;en haut \u00e0 gauche;;<br>auto<br><br><h4>Cintreuses de fils 2D<\/h4><br><br><p><hr class=\"no_line\" style=\"margin: 0 auto 0px auto\"\/>\n <a href=\"https:\/\/ipautomationinc.com\/fr\/serie-2d\/\"> <img decoding=\"async\" src=\"https:\/\/ipautomationinc.com\/wp-content\/uploads\/2026\/02\/i10-S-2D-2D-CNC-Wire-Bending-Machine-With-Automated-Welder.png\" alt=\"cintreuse de fil CNC 2D\"> <\/a> <hr class=\"no_line\" style=\"margin: 0 auto 0px auto\"\/>\n <a class=\"mfn-link mfn-link-1\" href=\"\" style=\"\" data-hover=\"\"   ><span data-hover=\"\"><\/span><\/a><\/p><br>pas de r\u00e9p\u00e9tition;en haut \u00e0 gauche;;<br>auto<br><br><\/p>","protected":false},"excerpt":{"rendered":"<p>The P series Single Piece CNC wire bender is designed to make easy work of your challenging parts and part<span class=\"excerpt-hellip\"> [\u2026]<\/span><\/p>\n","protected":false},"author":3,"featured_media":0,"parent":0,"menu_order":0,"comment_status":"closed","ping_status":"closed","template":"","meta":{"footnotes":""},"class_list":["post-35632","page","type-page","status-publish","hentry"],"yoast_head":"<!-- This site is optimized with the Yoast SEO plugin v27.4 - https:\/\/yoast.com\/product\/yoast-seo-wordpress\/ -->\n<title>P Series Single Piece CNC Wire Bender | IP Automation Inc<\/title>\n<meta name=\"description\" content=\"The P series single piece CNC wire bender is designed to make easy work of your challenging parts and part mixes that require versatility and flexibility.\" \/>\n<meta name=\"robots\" content=\"index, follow, max-snippet:-1, max-image-preview:large, max-video-preview:-1\" \/>\n<link rel=\"canonical\" href=\"https:\/\/ipautomationinc.com\/fr\/serie-ip\/\" \/>\n<meta property=\"og:locale\" content=\"fr_FR\" \/>\n<meta property=\"og:type\" content=\"article\" \/>\n<meta property=\"og:title\" content=\"P Series Single Piece CNC Wire Bender | IP Automation Inc\" \/>\n<meta property=\"og:description\" content=\"The P series single piece CNC wire bender is designed to make easy work of your challenging parts and part mixes that require versatility and flexibility.\" \/>\n<meta property=\"og:url\" content=\"https:\/\/ipautomationinc.com\/fr\/serie-ip\/\" \/>\n<meta property=\"og:site_name\" content=\"IP Automation Inc\" \/>\n<meta property=\"article:publisher\" content=\"https:\/\/www.facebook.com\/ipautomationinc\/\" \/>\n<meta property=\"article:modified_time\" content=\"2026-04-06T15:20:12+00:00\" \/>\n<meta property=\"og:image\" content=\"https:\/\/ipautomationinc.com\/wp-content\/uploads\/2023\/02\/i8-S-RGB-1.png\" \/>\n<script type=\"application\/ld+json\" class=\"yoast-schema-graph\">{\"@context\":\"https:\\\/\\\/schema.org\",\"@graph\":[{\"@type\":\"WebPage\",\"@id\":\"https:\\\/\\\/ipautomationinc.com\\\/i-p-series\\\/\",\"url\":\"https:\\\/\\\/ipautomationinc.com\\\/i-p-series\\\/\",\"name\":\"P Series Single Piece CNC Wire Bender | IP Automation Inc\",\"isPartOf\":{\"@id\":\"https:\\\/\\\/ipautomationinc.com\\\/#website\"},\"primaryImageOfPage\":{\"@id\":\"https:\\\/\\\/ipautomationinc.com\\\/i-p-series\\\/#primaryimage\"},\"image\":{\"@id\":\"https:\\\/\\\/ipautomationinc.com\\\/i-p-series\\\/#primaryimage\"},\"thumbnailUrl\":\"https:\\\/\\\/ipautomationinc.com\\\/wp-content\\\/uploads\\\/2023\\\/02\\\/i8-S-RGB-1.png\",\"datePublished\":\"2024-06-18T19:23:37+00:00\",\"dateModified\":\"2026-04-06T15:20:12+00:00\",\"description\":\"The P series single piece CNC wire bender is designed to make easy work of your challenging parts and part mixes that require versatility and flexibility.\",\"inLanguage\":\"fr-FR\",\"potentialAction\":[{\"@type\":\"ReadAction\",\"target\":[\"https:\\\/\\\/ipautomationinc.com\\\/i-p-series\\\/\"]}]},{\"@type\":\"ImageObject\",\"inLanguage\":\"fr-FR\",\"@id\":\"https:\\\/\\\/ipautomationinc.com\\\/i-p-series\\\/#primaryimage\",\"url\":\"https:\\\/\\\/ipautomationinc.com\\\/wp-content\\\/uploads\\\/2023\\\/02\\\/i8-S-RGB-1.png\",\"contentUrl\":\"https:\\\/\\\/ipautomationinc.com\\\/wp-content\\\/uploads\\\/2023\\\/02\\\/i8-S-RGB-1.png\"},{\"@type\":\"WebSite\",\"@id\":\"https:\\\/\\\/ipautomationinc.com\\\/#website\",\"url\":\"https:\\\/\\\/ipautomationinc.com\\\/\",\"name\":\"IP Automation Inc\",\"description\":\"Concept... Creation... Reality...\",\"publisher\":{\"@id\":\"https:\\\/\\\/ipautomationinc.com\\\/#organization\"},\"potentialAction\":[{\"@type\":\"SearchAction\",\"target\":{\"@type\":\"EntryPoint\",\"urlTemplate\":\"https:\\\/\\\/ipautomationinc.com\\\/?s={search_term_string}\"},\"query-input\":{\"@type\":\"PropertyValueSpecification\",\"valueRequired\":true,\"valueName\":\"search_term_string\"}}],\"inLanguage\":\"fr-FR\"},{\"@type\":\"Organization\",\"@id\":\"https:\\\/\\\/ipautomationinc.com\\\/#organization\",\"name\":\"IP Automation Inc\",\"url\":\"https:\\\/\\\/ipautomationinc.com\\\/\",\"logo\":{\"@type\":\"ImageObject\",\"inLanguage\":\"fr-FR\",\"@id\":\"https:\\\/\\\/ipautomationinc.com\\\/#\\\/schema\\\/logo\\\/image\\\/\",\"url\":\"https:\\\/\\\/ipautomationinc.com\\\/wp-content\\\/uploads\\\/2022\\\/05\\\/IPA-Favicon.png\",\"contentUrl\":\"https:\\\/\\\/ipautomationinc.com\\\/wp-content\\\/uploads\\\/2022\\\/05\\\/IPA-Favicon.png\",\"width\":513,\"height\":513,\"caption\":\"IP Automation Inc\"},\"image\":{\"@id\":\"https:\\\/\\\/ipautomationinc.com\\\/#\\\/schema\\\/logo\\\/image\\\/\"},\"sameAs\":[\"https:\\\/\\\/www.facebook.com\\\/ipautomationinc\\\/\",\"https:\\\/\\\/www.linkedin.com\\\/company\\\/ip-automation-inc\\\/\",\"https:\\\/\\\/www.youtube.com\\\/@IPAutomation\"]}]}<\/script>\n<!-- \/ Yoast SEO plugin. -->","yoast_head_json":{"title":"Cintreuse de fil CNC monobloc s\u00e9rie P | IP Automation Inc","description":"La cintreuse de fil CNC monobloc de la s\u00e9rie P est con\u00e7ue pour faciliter le travail sur vos pi\u00e8ces complexes et les m\u00e9langes de pi\u00e8ces qui n\u00e9cessitent polyvalence et flexibilit\u00e9.","robots":{"index":"index","follow":"follow","max-snippet":"max-snippet:-1","max-image-preview":"max-image-preview:large","max-video-preview":"max-video-preview:-1"},"canonical":"https:\/\/ipautomationinc.com\/fr\/serie-ip\/","og_locale":"fr_FR","og_type":"article","og_title":"P Series Single Piece CNC Wire Bender | IP Automation Inc","og_description":"The P series single piece CNC wire bender is designed to make easy work of your challenging parts and part mixes that require versatility and flexibility.","og_url":"https:\/\/ipautomationinc.com\/fr\/serie-ip\/","og_site_name":"IP Automation Inc","article_publisher":"https:\/\/www.facebook.com\/ipautomationinc\/","article_modified_time":"2026-04-06T15:20:12+00:00","og_image":[{"url":"https:\/\/ipautomationinc.com\/wp-content\/uploads\/2023\/02\/i8-S-RGB-1.png","type":"","width":"","height":""}],"schema":{"@context":"https:\/\/schema.org","@graph":[{"@type":"WebPage","@id":"https:\/\/ipautomationinc.com\/i-p-series\/","url":"https:\/\/ipautomationinc.com\/i-p-series\/","name":"Cintreuse de fil CNC monobloc s\u00e9rie P | IP Automation Inc","isPartOf":{"@id":"https:\/\/ipautomationinc.com\/#website"},"primaryImageOfPage":{"@id":"https:\/\/ipautomationinc.com\/i-p-series\/#primaryimage"},"image":{"@id":"https:\/\/ipautomationinc.com\/i-p-series\/#primaryimage"},"thumbnailUrl":"https:\/\/ipautomationinc.com\/wp-content\/uploads\/2023\/02\/i8-S-RGB-1.png","datePublished":"2024-06-18T19:23:37+00:00","dateModified":"2026-04-06T15:20:12+00:00","description":"La cintreuse de fil CNC monobloc de la s\u00e9rie P est con\u00e7ue pour faciliter le travail sur vos pi\u00e8ces complexes et les m\u00e9langes de pi\u00e8ces qui n\u00e9cessitent polyvalence et flexibilit\u00e9.","inLanguage":"fr-FR","potentialAction":[{"@type":"ReadAction","target":["https:\/\/ipautomationinc.com\/i-p-series\/"]}]},{"@type":"ImageObject","inLanguage":"fr-FR","@id":"https:\/\/ipautomationinc.com\/i-p-series\/#primaryimage","url":"https:\/\/ipautomationinc.com\/wp-content\/uploads\/2023\/02\/i8-S-RGB-1.png","contentUrl":"https:\/\/ipautomationinc.com\/wp-content\/uploads\/2023\/02\/i8-S-RGB-1.png"},{"@type":"WebSite","@id":"https:\/\/ipautomationinc.com\/#website","url":"https:\/\/ipautomationinc.com\/","name":"IP Automatisation Inc","description":"Concept... Cr\u00e9ation... R\u00e9alit\u00e9...","publisher":{"@id":"https:\/\/ipautomationinc.com\/#organization"},"potentialAction":[{"@type":"SearchAction","target":{"@type":"EntryPoint","urlTemplate":"https:\/\/ipautomationinc.com\/?s={search_term_string}"},"query-input":{"@type":"PropertyValueSpecification","valueRequired":true,"valueName":"search_term_string"}}],"inLanguage":"fr-FR"},{"@type":"Organization","@id":"https:\/\/ipautomationinc.com\/#organization","name":"IP Automatisation Inc","url":"https:\/\/ipautomationinc.com\/","logo":{"@type":"ImageObject","inLanguage":"fr-FR","@id":"https:\/\/ipautomationinc.com\/#\/schema\/logo\/image\/","url":"https:\/\/ipautomationinc.com\/wp-content\/uploads\/2022\/05\/IPA-Favicon.png","contentUrl":"https:\/\/ipautomationinc.com\/wp-content\/uploads\/2022\/05\/IPA-Favicon.png","width":513,"height":513,"caption":"IP Automation Inc"},"image":{"@id":"https:\/\/ipautomationinc.com\/#\/schema\/logo\/image\/"},"sameAs":["https:\/\/www.facebook.com\/ipautomationinc\/","https:\/\/www.linkedin.com\/company\/ip-automation-inc\/","https:\/\/www.youtube.com\/@IPAutomation"]}]}},"_links":{"self":[{"href":"https:\/\/ipautomationinc.com\/fr\/wp-json\/wp\/v2\/pages\/35632","targetHints":{"allow":["GET"]}}],"collection":[{"href":"https:\/\/ipautomationinc.com\/fr\/wp-json\/wp\/v2\/pages"}],"about":[{"href":"https:\/\/ipautomationinc.com\/fr\/wp-json\/wp\/v2\/types\/page"}],"author":[{"embeddable":true,"href":"https:\/\/ipautomationinc.com\/fr\/wp-json\/wp\/v2\/users\/3"}],"replies":[{"embeddable":true,"href":"https:\/\/ipautomationinc.com\/fr\/wp-json\/wp\/v2\/comments?post=35632"}],"version-history":[{"count":9,"href":"https:\/\/ipautomationinc.com\/fr\/wp-json\/wp\/v2\/pages\/35632\/revisions"}],"predecessor-version":[{"id":39657,"href":"https:\/\/ipautomationinc.com\/fr\/wp-json\/wp\/v2\/pages\/35632\/revisions\/39657"}],"wp:attachment":[{"href":"https:\/\/ipautomationinc.com\/fr\/wp-json\/wp\/v2\/media?parent=35632"}],"curies":[{"name":"wp","href":"https:\/\/api.w.org\/{rel}","templated":true}]}}