{"id":32686,"date":"2026-02-10T16:33:39","date_gmt":"2026-02-10T22:33:39","guid":{"rendered":"https:\/\/ipautomationinc.com\/?page_id=32686"},"modified":"2026-02-17T14:05:01","modified_gmt":"2026-02-17T20:05:01","slug":"carrieres","status":"publish","type":"page","link":"https:\/\/ipautomationinc.com\/fr\/careers\/","title":{"rendered":"Carri\u00e8res"},"content":{"rendered":"<p>IP Automation Inc is an industry leader in CNC wire bending machinery. We design and manufacture precision equipment used by manufacturers across a range of industries. Our work is driven by quality, reliability, and attention to detail. We\u2019re looking for individuals who take pride in their work and want to contribute to a well-run, growing company. Below you\u2019ll find our current open positions and links to apply.<\/p>\n\n\n\n<p><span class=\"builder2seo\"><\/span>Carri\u00e8res<br><br><p><span>IP Automation Inc. est un chef de file du secteur des machines de cintrage de fil \u00e0 commande num\u00e9rique. Nous concevons et fabriquons des \u00e9quipements de pr\u00e9cision utilis\u00e9s par des fabricants de divers secteurs. La qualit\u00e9, la fiabilit\u00e9 et le souci du d\u00e9tail sont au c\u0153ur de notre travail. Nous recherchons des personnes fi\u00e8res de leur travail et d\u00e9sireuses de contribuer \u00e0 la croissance d&#039;une entreprise performante et bien g\u00e9r\u00e9e.<\/span><\/p><br><br><p><span>Vous trouverez ci-dessous nos postes vacants actuels et les liens pour postuler.<\/span><\/p><br><br>Technicien en ing\u00e9nierie<br><br><br><p>Responsable du d\u00e9veloppement et des essais de solutions aux probl\u00e8mes techniques li\u00e9s \u00e0 la recherche et au d\u00e9veloppement de machines de pliage automatis\u00e9es et de syst\u00e8mes d&#039;assemblage robotis\u00e9s. Assiste les ing\u00e9nieurs, inspecte les produits, effectue des essais et v\u00e9rifie la conformit\u00e9 des \u00e9quipements aux sp\u00e9cifications.<\/p><br><br>Principales responsabilit\u00e9s<br>Exp\u00e9rience<br>\u00c9ducation<br><br><br>Concevoir des solutions \u00e0 des probl\u00e8mes techniques complexes dans divers secteurs d&#039;activit\u00e9<br><br>Aider les ing\u00e9nieurs et l&#039;\u00e9quipe commerciale \u00e0 cr\u00e9er, modifier et proposer des produits et des processus<br><br>Aider les clients en mati\u00e8re de formation et d&#039;assistance technique<br><br>Participer \u00e0 la conception, au d\u00e9veloppement et \u00e0 la production des produits<br><br>Construire et installer l&#039;\u00e9quipement<br><br>Programmer et contribuer \u00e0 la supervision de la construction de machines de formage de fil CNC et d&#039;\u00e9quipements robotis\u00e9s<br><br>Peut utiliser des \u00e9quipements de conception et de dessin assist\u00e9s par ordinateur pendant la phase de conception ou pour v\u00e9rifier les conceptions.<br><br>Tester et fabriquer des \u00e9quipements \u00e9lectriques et \u00e9lectroniques tels que des panneaux \u00e9lectriques, des c\u00e2bles multiconducteurs et des ordinateurs<br><br>Fabrication et test de syst\u00e8mes \u00e9lectroniques et m\u00e9caniques \u00e0 commande informatique<br><br>D\u00e9velopper des m\u00e9thodes utilis\u00e9es pour la pr\u00e9vention, le contr\u00f4le ou la rem\u00e9diation des risques environnementaux<br><br>Syst\u00e8mes robotiques programm\u00e9s<br><br>Jusqu&#039;\u00e0 30% de voyage<br><br><br><br><br>Au moins deux ans d&#039;exp\u00e9rience dans les syst\u00e8mes m\u00e9caniques automatis\u00e9s ou les syst\u00e8mes \u00e9lectroniques automatis\u00e9s. Une exp\u00e9rience dans le secteur automobile sera \u00e9galement prise en compte.<br><br>L&#039;exp\u00e9rience en CNC est un atout.<br><br><br><br><br>Dipl\u00f4me d&#039;\u00e9tudes coll\u00e9giales en g\u00e9nie m\u00e9canique ou exp\u00e9rience pratique en construction et d\u00e9pannage de machines automatis\u00e9es<br><br><br>unordered<br>enable<br>fas fa-plus<br>fas fa-minus<br>rotate<br>12px<br><br>Voir l&#039;annonce compl\u00e8te et postuler<br><a href=\"https:\/\/www.indeed.com\/viewjob?jk=08578505451981bb&amp;from=shareddesktop_copy\">https:\/\/www.indeed.com\/viewjob?jk=08578505451981bb&amp;from=shareddesktop_copy<\/a><br>bouton_th\u00e8me<br><br>Op\u00e9rateur\/programmeur CNC (\u00e9quipe de jour)<br><br><br><p>Vous ferez partie de l&#039;\u00e9quipe op\u00e9rationnelle qui assure la continuit\u00e9 de la production : vous travaillerez sur les machines, collaborerez avec vos coll\u00e8gues et veillerez \u00e0 ce que chaque pi\u00e8ce finie r\u00e9ponde \u00e0 nos exigences de qualit\u00e9.<\/p><br><br>Principales responsabilit\u00e9s<br>Exp\u00e9rience<br>\u00c9ducation<br><br><br>Programmer et configurer les machines CNC pour les productions \u00e0 forte mixit\u00e9 et faible volume, et contr\u00f4ler la qualit\u00e9 pendant la production.<br><br>Charger les mati\u00e8res premi\u00e8res et les composants dans les machines CNC avec soin et attention aux d\u00e9tails<br><br>Effectuez les ajustements n\u00e9cessaires pour que les pi\u00e8ces restent conformes aux sp\u00e9cifications et pour maintenir une qualit\u00e9 constante.<br><br>Utiliser des machines manuelles telles que des fraiseuses, des tours, des rectifieuses de surface et des scies \u00e0 ruban pour usiner des pi\u00e8ces de pr\u00e9cision<br><br>Collaborer avec l&#039;\u00e9quipe d&#039;ing\u00e9nierie pour am\u00e9liorer la conception des pi\u00e8ces et optimiser leur fabricabilit\u00e9<br><br>Inspecter et mesurer les pi\u00e8ces finies pour s&#039;assurer qu&#039;elles r\u00e9pondent aux exigences du plan.<br><br>Effectuer des contr\u00f4les et un entretien quotidiens des machines pour assurer leur bon fonctionnement.<br><br>Respectez toutes les consignes de s\u00e9curit\u00e9 et contribuez \u00e0 maintenir un environnement de travail propre, organis\u00e9 et s\u00fbr.<br><br><br><br><br>Exp\u00e9rience confirm\u00e9e en tant que machiniste CNC<br><br>Comp\u00e9tences en programmation et r\u00e9glage de machines CNC, d&#039;outillage et d&#039;instruments de mesure de pr\u00e9cision<br><br>Comfortable reading and interpreting mechanical drawings and documentation, including GD&amp;T<br><br>Aptitudes m\u00e9caniques et solides comp\u00e9tences en math\u00e9matiques<br><br>Programmation CAM\u00a0: 5 ans (souhaitable)<br><br><br><br><br>Dipl\u00f4me d&#039;\u00e9tudes secondaires ou \u00e9quivalent requis; un certificat ou un dipl\u00f4me technique dans un domaine connexe est un atout<br><br><br>unordered<br>enable<br>fas fa-plus<br>fas fa-minus<br>rotate<br>12px<br><br>Voir l&#039;annonce compl\u00e8te et postuler<br><a href=\"https:\/\/www.indeed.com\/viewjob?jk=06e8e30a921ced7e&amp;from=shareddesktop_copy\">https:\/\/www.indeed.com\/viewjob?jk=06e8e30a921ced7e&amp;from=shareddesktop_copy<\/a><br>bouton_th\u00e8me<br><br>Technicien en ing\u00e9nierie<br><br><br><p>Responsable du d\u00e9veloppement et des essais de solutions aux probl\u00e8mes techniques li\u00e9s \u00e0 la recherche et au d\u00e9veloppement de machines de pliage automatis\u00e9es et de syst\u00e8mes d&#039;assemblage robotis\u00e9s. Assiste les ing\u00e9nieurs, inspecte les produits, effectue des essais et v\u00e9rifie la conformit\u00e9 des \u00e9quipements aux sp\u00e9cifications.<\/p><br><br>Principales responsabilit\u00e9s<br>Exp\u00e9rience<br>\u00c9ducation<br><br><br>Concevoir des solutions \u00e0 des probl\u00e8mes techniques complexes dans divers secteurs d&#039;activit\u00e9<br><br>Aider les ing\u00e9nieurs et l&#039;\u00e9quipe commerciale \u00e0 cr\u00e9er, modifier et proposer des produits et des processus<br><br>Aider les clients en mati\u00e8re de formation et d&#039;assistance technique<br><br>Participer \u00e0 la conception, au d\u00e9veloppement et \u00e0 la production des produits<br><br>Construire et installer l&#039;\u00e9quipement<br><br>Programmer et contribuer \u00e0 la supervision de la construction de machines de formage de fil CNC et d&#039;\u00e9quipements robotis\u00e9s<br><br>Peut utiliser des \u00e9quipements de conception et de dessin assist\u00e9s par ordinateur pendant la phase de conception ou pour v\u00e9rifier les conceptions.<br><br>Tester et fabriquer des \u00e9quipements \u00e9lectriques et \u00e9lectroniques tels que des panneaux \u00e9lectriques, des c\u00e2bles multiconducteurs et des ordinateurs<br><br>Fabrication et test de syst\u00e8mes \u00e9lectroniques et m\u00e9caniques \u00e0 commande informatique<br><br>D\u00e9velopper des m\u00e9thodes utilis\u00e9es pour la pr\u00e9vention, le contr\u00f4le ou la rem\u00e9diation des risques environnementaux<br><br>Up to 10% travel<br><br><br><br><br>Au moins deux ans d&#039;exp\u00e9rience dans les syst\u00e8mes m\u00e9caniques automatis\u00e9s ou les syst\u00e8mes \u00e9lectroniques automatis\u00e9s. Une exp\u00e9rience dans le secteur automobile sera \u00e9galement prise en compte.<br><br>L&#039;exp\u00e9rience en CNC est un atout.<br><br><br><br><br>Associates Degree in Mechanical Engineering or hands on experience in building and troubleshooting automated machinery : 2 Years<br><br><br>unordered<br>enable<br>fas fa-plus<br>fas fa-minus<br>rotate<br><br>Apply Here<br><a href=\"https:\/\/www.linkedin.com\/jobs\/view\/3984475847\/\">https:\/\/www.linkedin.com\/jobs\/view\/3984475847\/<\/a><br>bouton_th\u00e8me<br><br>Op\u00e9rateur\/programmeur CNC (\u00e9quipe de jour)<br><br><br><p>Vous ferez partie de l&#039;\u00e9quipe op\u00e9rationnelle qui assure la continuit\u00e9 de la production : vous travaillerez sur les machines, collaborerez avec vos coll\u00e8gues et veillerez \u00e0 ce que chaque pi\u00e8ce finie r\u00e9ponde \u00e0 nos exigences de qualit\u00e9.<\/p><br><br>Principales responsabilit\u00e9s<br>Exp\u00e9rience<br>\u00c9ducation<br><br><br>Concevoir des solutions \u00e0 des probl\u00e8mes techniques complexes dans divers secteurs d&#039;activit\u00e9<br><br>Aider les ing\u00e9nieurs et l&#039;\u00e9quipe commerciale \u00e0 cr\u00e9er, modifier et proposer des produits et des processus<br><br>Aider les clients en mati\u00e8re de formation et d&#039;assistance technique<br><br>Participer \u00e0 la conception, au d\u00e9veloppement et \u00e0 la production des produits<br><br>Construire et installer l&#039;\u00e9quipement<br><br>Programmer et contribuer \u00e0 la supervision de la construction de machines de formage de fil CNC et d&#039;\u00e9quipements robotis\u00e9s<br><br>Peut utiliser des \u00e9quipements de conception et de dessin assist\u00e9s par ordinateur pendant la phase de conception ou pour v\u00e9rifier les conceptions.<br><br>Tester et fabriquer des \u00e9quipements \u00e9lectriques et \u00e9lectroniques tels que des panneaux \u00e9lectriques, des c\u00e2bles multiconducteurs et des ordinateurs<br><br>Fabrication et test de syst\u00e8mes \u00e9lectroniques et m\u00e9caniques \u00e0 commande informatique<br><br>D\u00e9velopper des m\u00e9thodes utilis\u00e9es pour la pr\u00e9vention, le contr\u00f4le ou la rem\u00e9diation des risques environnementaux<br><br>Up to 10% travel<br><br><br><br><br>Au moins deux ans d&#039;exp\u00e9rience dans les syst\u00e8mes m\u00e9caniques automatis\u00e9s ou les syst\u00e8mes \u00e9lectroniques automatis\u00e9s. Une exp\u00e9rience dans le secteur automobile sera \u00e9galement prise en compte.<br><br>CNC experience is required<br><br><br><br><br>Dipl\u00f4me d&#039;\u00e9tudes coll\u00e9giales en g\u00e9nie m\u00e9canique ou exp\u00e9rience pratique en construction et d\u00e9pannage de machines automatis\u00e9es<br><br><br>unordered<br>enable<br>fas fa-plus<br>fas fa-minus<br>rotate<br><br>Apply Here<br><a href=\"https:\/\/www.linkedin.com\/jobs\/view\/3984475847\/\">https:\/\/www.linkedin.com\/jobs\/view\/3984475847\/<\/a><br>bouton_th\u00e8me<br><br><\/p>","protected":false},"excerpt":{"rendered":"<p>IP Automation Inc is an industry leader in CNC wire bending machinery. We design and manufacture precision equipment used by<span class=\"excerpt-hellip\"> [\u2026]<\/span><\/p>\n","protected":false},"author":3,"featured_media":0,"parent":0,"menu_order":0,"comment_status":"closed","ping_status":"closed","template":"","meta":{"footnotes":""},"class_list":["post-32686","page","type-page","status-publish","hentry"],"yoast_head":"<!-- This site is optimized with the Yoast SEO plugin v27.3 - https:\/\/yoast.com\/product\/yoast-seo-wordpress\/ -->\n<title>Careers | IP Automation Inc<\/title>\n<meta name=\"description\" content=\"IP Automation Inc is looking for individuals who take pride in their work and want to contribute to a well-run, growing company. Explore open positions.\" \/>\n<meta name=\"robots\" content=\"index, follow, max-snippet:-1, max-image-preview:large, max-video-preview:-1\" \/>\n<link rel=\"canonical\" href=\"https:\/\/ipautomationinc.com\/fr\/carrieres\/\" \/>\n<meta property=\"og:locale\" content=\"fr_FR\" \/>\n<meta property=\"og:type\" content=\"article\" \/>\n<meta property=\"og:title\" content=\"Careers | IP Automation Inc\" \/>\n<meta property=\"og:description\" content=\"IP Automation Inc is looking for individuals who take pride in their work and want to contribute to a well-run, growing company. Explore open positions.\" \/>\n<meta property=\"og:url\" content=\"https:\/\/ipautomationinc.com\/fr\/carrieres\/\" \/>\n<meta property=\"og:site_name\" content=\"IP Automation Inc\" \/>\n<meta property=\"article:publisher\" content=\"https:\/\/www.facebook.com\/ipautomationinc\/\" \/>\n<meta property=\"article:modified_time\" content=\"2026-02-17T20:05:01+00:00\" \/>\n<script type=\"application\/ld+json\" class=\"yoast-schema-graph\">{\"@context\":\"https:\\\/\\\/schema.org\",\"@graph\":[{\"@type\":\"WebPage\",\"@id\":\"https:\\\/\\\/ipautomationinc.com\\\/careers\\\/\",\"url\":\"https:\\\/\\\/ipautomationinc.com\\\/careers\\\/\",\"name\":\"Careers | IP Automation Inc\",\"isPartOf\":{\"@id\":\"https:\\\/\\\/ipautomationinc.com\\\/#website\"},\"datePublished\":\"2026-02-10T22:33:39+00:00\",\"dateModified\":\"2026-02-17T20:05:01+00:00\",\"description\":\"IP Automation Inc is looking for individuals who take pride in their work and want to contribute to a well-run, growing company. Explore open positions.\",\"inLanguage\":\"fr-FR\",\"potentialAction\":[{\"@type\":\"ReadAction\",\"target\":[\"https:\\\/\\\/ipautomationinc.com\\\/careers\\\/\"]}]},{\"@type\":\"WebSite\",\"@id\":\"https:\\\/\\\/ipautomationinc.com\\\/#website\",\"url\":\"https:\\\/\\\/ipautomationinc.com\\\/\",\"name\":\"IP Automation Inc\",\"description\":\"Concept... Creation... Reality...\",\"publisher\":{\"@id\":\"https:\\\/\\\/ipautomationinc.com\\\/#organization\"},\"potentialAction\":[{\"@type\":\"SearchAction\",\"target\":{\"@type\":\"EntryPoint\",\"urlTemplate\":\"https:\\\/\\\/ipautomationinc.com\\\/?s={search_term_string}\"},\"query-input\":{\"@type\":\"PropertyValueSpecification\",\"valueRequired\":true,\"valueName\":\"search_term_string\"}}],\"inLanguage\":\"fr-FR\"},{\"@type\":\"Organization\",\"@id\":\"https:\\\/\\\/ipautomationinc.com\\\/#organization\",\"name\":\"IP Automation Inc\",\"url\":\"https:\\\/\\\/ipautomationinc.com\\\/\",\"logo\":{\"@type\":\"ImageObject\",\"inLanguage\":\"fr-FR\",\"@id\":\"https:\\\/\\\/ipautomationinc.com\\\/#\\\/schema\\\/logo\\\/image\\\/\",\"url\":\"https:\\\/\\\/ipautomationinc.com\\\/wp-content\\\/uploads\\\/2022\\\/05\\\/IPA-Favicon.png\",\"contentUrl\":\"https:\\\/\\\/ipautomationinc.com\\\/wp-content\\\/uploads\\\/2022\\\/05\\\/IPA-Favicon.png\",\"width\":513,\"height\":513,\"caption\":\"IP Automation Inc\"},\"image\":{\"@id\":\"https:\\\/\\\/ipautomationinc.com\\\/#\\\/schema\\\/logo\\\/image\\\/\"},\"sameAs\":[\"https:\\\/\\\/www.facebook.com\\\/ipautomationinc\\\/\",\"https:\\\/\\\/www.linkedin.com\\\/company\\\/ip-automation-inc\\\/\",\"https:\\\/\\\/www.youtube.com\\\/@IPAutomation\"]}]}<\/script>\n<!-- \/ Yoast SEO plugin. -->","yoast_head_json":{"title":"Carri\u00e8res | IP Automation Inc.","description":"IP Automation Inc. recherche des personnes fi\u00e8res de leur travail et d\u00e9sireuses de contribuer \u00e0 la croissance d&#039;une entreprise performante. Consultez nos offres d&#039;emploi.","robots":{"index":"index","follow":"follow","max-snippet":"max-snippet:-1","max-image-preview":"max-image-preview:large","max-video-preview":"max-video-preview:-1"},"canonical":"https:\/\/ipautomationinc.com\/fr\/carrieres\/","og_locale":"fr_FR","og_type":"article","og_title":"Careers | IP Automation Inc","og_description":"IP Automation Inc is looking for individuals who take pride in their work and want to contribute to a well-run, growing company. Explore open positions.","og_url":"https:\/\/ipautomationinc.com\/fr\/carrieres\/","og_site_name":"IP Automation Inc","article_publisher":"https:\/\/www.facebook.com\/ipautomationinc\/","article_modified_time":"2026-02-17T20:05:01+00:00","schema":{"@context":"https:\/\/schema.org","@graph":[{"@type":"WebPage","@id":"https:\/\/ipautomationinc.com\/careers\/","url":"https:\/\/ipautomationinc.com\/careers\/","name":"Carri\u00e8res | IP Automation Inc.","isPartOf":{"@id":"https:\/\/ipautomationinc.com\/#website"},"datePublished":"2026-02-10T22:33:39+00:00","dateModified":"2026-02-17T20:05:01+00:00","description":"IP Automation Inc. recherche des personnes fi\u00e8res de leur travail et d\u00e9sireuses de contribuer \u00e0 la croissance d&#039;une entreprise performante. Consultez nos offres d&#039;emploi.","inLanguage":"fr-FR","potentialAction":[{"@type":"ReadAction","target":["https:\/\/ipautomationinc.com\/careers\/"]}]},{"@type":"WebSite","@id":"https:\/\/ipautomationinc.com\/#website","url":"https:\/\/ipautomationinc.com\/","name":"IP Automatisation Inc","description":"Concept... Cr\u00e9ation... R\u00e9alit\u00e9...","publisher":{"@id":"https:\/\/ipautomationinc.com\/#organization"},"potentialAction":[{"@type":"SearchAction","target":{"@type":"EntryPoint","urlTemplate":"https:\/\/ipautomationinc.com\/?s={search_term_string}"},"query-input":{"@type":"PropertyValueSpecification","valueRequired":true,"valueName":"search_term_string"}}],"inLanguage":"fr-FR"},{"@type":"Organization","@id":"https:\/\/ipautomationinc.com\/#organization","name":"IP Automatisation Inc","url":"https:\/\/ipautomationinc.com\/","logo":{"@type":"ImageObject","inLanguage":"fr-FR","@id":"https:\/\/ipautomationinc.com\/#\/schema\/logo\/image\/","url":"https:\/\/ipautomationinc.com\/wp-content\/uploads\/2022\/05\/IPA-Favicon.png","contentUrl":"https:\/\/ipautomationinc.com\/wp-content\/uploads\/2022\/05\/IPA-Favicon.png","width":513,"height":513,"caption":"IP Automation Inc"},"image":{"@id":"https:\/\/ipautomationinc.com\/#\/schema\/logo\/image\/"},"sameAs":["https:\/\/www.facebook.com\/ipautomationinc\/","https:\/\/www.linkedin.com\/company\/ip-automation-inc\/","https:\/\/www.youtube.com\/@IPAutomation"]}]}},"_links":{"self":[{"href":"https:\/\/ipautomationinc.com\/fr\/wp-json\/wp\/v2\/pages\/32686","targetHints":{"allow":["GET"]}}],"collection":[{"href":"https:\/\/ipautomationinc.com\/fr\/wp-json\/wp\/v2\/pages"}],"about":[{"href":"https:\/\/ipautomationinc.com\/fr\/wp-json\/wp\/v2\/types\/page"}],"author":[{"embeddable":true,"href":"https:\/\/ipautomationinc.com\/fr\/wp-json\/wp\/v2\/users\/3"}],"replies":[{"embeddable":true,"href":"https:\/\/ipautomationinc.com\/fr\/wp-json\/wp\/v2\/comments?post=32686"}],"version-history":[{"count":6,"href":"https:\/\/ipautomationinc.com\/fr\/wp-json\/wp\/v2\/pages\/32686\/revisions"}],"predecessor-version":[{"id":39420,"href":"https:\/\/ipautomationinc.com\/fr\/wp-json\/wp\/v2\/pages\/32686\/revisions\/39420"}],"wp:attachment":[{"href":"https:\/\/ipautomationinc.com\/fr\/wp-json\/wp\/v2\/media?parent=32686"}],"curies":[{"name":"wp","href":"https:\/\/api.w.org\/{rel}","templated":true}]}}