{"id":1244,"date":"2022-06-16T16:18:04","date_gmt":"2022-06-16T21:18:04","guid":{"rendered":"https:\/\/ipautomationinc.com\/?page_id=1244"},"modified":"2026-02-24T10:08:44","modified_gmt":"2026-02-24T16:08:44","slug":"serie-i-d","status":"publish","type":"page","link":"https:\/\/ipautomationinc.com\/fr\/i-d-series\/","title":{"rendered":"Machine de formage de fil CNC s\u00e9rie iD"},"content":{"rendered":"<h6 class=\"wp-block-heading\"><strong>La machine de formage de fil CNC 3D \u00e0 double t\u00eate de la s\u00e9rie iD est un choix id\u00e9al et populaire pour les applications n\u00e9cessitant de grandes armatures m\u00e9talliques pr\u00e9cises. Le 16 axes enti\u00e8rement \u00e9lectrique et configurable jusqu&#039;\u00e0 19 axes est parfait pour les applications automobiles et \u00e9lectrom\u00e9nagers n\u00e9cessitant une plus grande vitesse ou des dimensions trop grandes pour \u00eatre manipul\u00e9es sur une seule t\u00eate. Nos t\u00eates de cintrage traversantes uniques vous permettront de cr\u00e9er des cintrages \u00e0 grands rayons et la pince brevet\u00e9e permet une rotation infinie du fil. Souvent associ\u00e9 de mani\u00e8re robotique \u00e0 une cintreuse secondaire hors ligne pour fournir une capacit\u00e9 de formage de fil encore plus avanc\u00e9e.<\/strong><\/h6>\n\n\n\n<p><span class=\"builder2seo\"><\/span>Machine de formage de fil CNC \u00e0 double t\u00eate<br><br>S\u00e9rie i-D<br><br><img decoding=\"async\" src=\"https:\/\/ipautomationinc.com\/wp-content\/uploads\/2024\/05\/NEW-i8-D-RGB.png#36635\" alt=\"NOUVEAU i8-D RVB\"><br>Formeur de fil CNC iD<br>400px<br><br>Cliquez ici pour la vid\u00e9o<br><a href=\"https:\/\/ipautomationinc.com\/fr\/serie-i-d\/#video\">https:\/\/ipautomationinc.com\/i-d-series\/#video<\/a><br>fas fa-play-circle<br>bouton_th\u00e8me<br><br>Cliquez ici pour le d\u00e9pliant PDF<br><a href=\"https:\/\/ipautomationinc.com\/wp-content\/uploads\/2025\/09\/2025-i-D-Flyer.pdf\">https:\/\/ipautomationinc.com\/wp-content\/uploads\/2025\/09\/2025-i-D-Flyer.pdf<\/a><br>fas fa-fichier-pdf<br>bouton_th\u00e8me<br>https:\/\/ipautomationinc.com\/wp-content\/uploads\/2025\/09\/2025-i-D-Flyer.pdf<br><br>166,185,191,170,255<br>#0455B3<br>3px 3px 3px 3px<br><br><h4>The i-D series double head 3D CNC wire forming machine is an ideal choice for applications requiring precise large wire forms. The all electric 16 Axis and configurable up to 19 Axis is perfect for automotive and appliance applications requiring greater speed or dimensionally too large to handle on a single head.Our unique traversing bend heads will allow you to create large radii bends and the patented clamp provides infinite wire rotation. Often Robotically paired with an off- line secondary bender to provide even more advanced wire forming capability.<\/h4><br><br><h3>Applications<\/h3><h4>Fil de bordure de si\u00e8ge automobile, cadres d&#039;assemblage de coussins, bordures d&#039;\u00e9tag\u00e8res, grilles de four <\/h4><br>#EBEBEB<br><br><img decoding=\"async\" src=\"https:\/\/ipautomationinc.com\/wp-content\/uploads\/2024\/05\/NEW-i8-D-RGB.png#36635\" alt=\"NOUVEAU i8-D RVB\"><br><br>Cliquez ici pour la vid\u00e9o<br><a href=\"https:\/\/ipautomationinc.com\/fr\/serie-i-d\/#video\">https:\/\/ipautomationinc.com\/i-d-series\/#video<\/a><br>fas fa-play-circle<br>bouton_th\u00e8me<br><br>Cliquez ici pour le d\u00e9pliant PDF<br><a href=\"https:\/\/ipautomationinc.com\/wp-content\/uploads\/2025\/09\/2025-i-D-Flyer.pdf\">https:\/\/ipautomationinc.com\/wp-content\/uploads\/2025\/09\/2025-i-D-Flyer.pdf<\/a><br>fas fa-fichier-pdf<br>bouton_th\u00e8me<br>https:\/\/ipautomationinc.com\/wp-content\/uploads\/2025\/09\/2025-i-D-Flyer.pdf<br><br>166,185,191,170,255<br>#0455B3<br>3px 3px 3px 3px<br>coutume<br>80%<br><br><h4>The i-D series double head 3D CNC wire forming machine is an ideal choice for applications requiring precise large wire forms. The all electric 16 Axis and configurable up to 19 Axis is perfect for automotive and appliance applications requiring greater speed or dimensionally too large to handle on a single head.Our unique traversing bend heads will allow you to create large radii bends and the patented clamp provides infinite wire rotation. Often Robotically paired with an off- line secondary bender to provide even more advanced wire forming capability.<\/h4><br><br><h3>Applications<\/h3><h4>Fil de bordure de si\u00e8ge automobile, cadres d&#039;assemblage de coussins, bordures d&#039;\u00e9tag\u00e8res, grilles de four <\/h4><br>#EBEBEB<br><br><br>M\u00e9dias<br><br>;c;;<br><br>Vid\u00e9o i6-D<br><a href=\"https:\/\/player.vimeo.com\/video\/1018761944\">https:\/\/player.vimeo.com\/video\/1018761944<\/a><br>lightbox<br>bouton_th\u00e8me<br>exit-mfn-popup<br><br>1302,1301,1208,1300,1204<br>grand<br><br><br>Caract\u00e9ristiques<br><br>Pliant<br>La programmation<br>D\u00e9tails<br>Disposition des machines<br><br><br>\t16-19 Servo Axes:  X &#8211; feed, rotary straightener, C &#8211; cutter, Y &#8211; bender pin rotation(2X) , Z &#8211; clamp &amp; rotate, U &#8211;  tool pivot (2x),  P &#8211; bend head height (2X),  transfer, <br><br>\t4 ou 8 rayons de courbure<br><br>Les ing\u00e9nieurs IP Automation et les machines CNC toutes les t\u00eates de pliage, les couteaux et les rouleaux d&#039;alimentation en fil en interne \u00e0 un co\u00fbt raisonnable avec un d\u00e9lai d&#039;ex\u00e9cution rapide<br><br><br><br><br>\t<a href=\"https:\/\/ipautomationinc.com\/fr\/capacites-des-machines\/\">Logiciel Intellibend <\/a> sur le syst\u00e8me d&#039;exploitation Windows 10<br><br>Format du programme CNC Longueur-Rotation-Angle<br><br>\tTableau de bord de production, avec programmation des cadences et des lots en temps r\u00e9el<br><br>\t\u00c9cran multi-touch 21,5\u2033<br><br>\tConnectivit\u00e9 \u00e0 distance via tunnel VPN<br><br>\tProtocole OPC-UA pour l&#039;industrie 4.0<br><br>Fonctions d&#039;E\/S personnalis\u00e9es disponibles<br><br>\t<br><br><br>Gain de fil avec capacit\u00e9 du bras \u00e0 mouvement lin\u00e9aire\u00a0: 3\u00a0000 lb. inclus (option 4 500 lb disponible) <br><br>Cage de s\u00e9curit\u00e9 de 7 pi (2,13 m) avec porte de verrouillage de s\u00e9curit\u00e9<br><br>Redresseur de fil \u00e0 arbre, programmable<br><br>Tous les syst\u00e8mes d&#039;entra\u00eenement d&#039;alimentation et de pliage ont des engrenages tremp\u00e9s et sont enti\u00e8rement ferm\u00e9s.<br><br>Rouleaux d&#039;alimentation tremp\u00e9s \u00e0 retournement rapide pour 2 tailles de fil<br><br>Codeur lin\u00e9aire sur d\u00e9vidoir pour la pr\u00e9cision et la d\u00e9tection de glissement<br><br>Surface de la matrice de coupe r\u00e9aff\u00fbtable<br><br>Guide-fils r\u00e9tractables programmables<br><br>Formation sur site disponible<br><br>Int\u00e9gration robotique capable<br><br>Pince centrale r\u00e9tractable en option<br><br><br><div class=\"image_frame image_item scale-with-grid element_classes no_border hover-disable mfn-img-box\"  role=\"link\" aria-label=\"Image avec liens\" tabindex=\"0\"><div class=\"image_wrapper\"><a href=\"https:\/\/ipautomationinc.com\/wp-content\/uploads\/2022\/07\/605-top.png\" rel=\"prettyphoto\"   class=\"\"  tabindex=\"-1\" title=\"\"><div class=\"mask\"><\/div><img decoding=\"async\" class=\"scale-with-grid\" src=\"https:\/\/ipautomationinc.com\/wp-content\/uploads\/2022\/07\/605-top.png\" fetchpriority=\"high\" alt=\"605 haut\" title=\"\" width=\"300\" height=\"424\" style=\"\"\/><\/a><div class=\"image_links\"><a href=\"https:\/\/ipautomationinc.com\/wp-content\/uploads\/2022\/07\/605-top.png\" class=\"zoom\" rel=\"prettyphoto\" tabindex=\"-1\" aria-label=\"zoomer l&#039;image\" title=\"\"><svg viewbox=\"0 0 26 26\"><defs><style>.path{fill:none;stroke:#333;stroke-miterlimit:10;stroke-width:1.5px;}<\/style><\/defs><circle cx=\"11.35\" cy=\"11.35\" r=\"6\" class=\"path\"\/><line x1=\"15.59\" y1=\"15.59\" x2=\"20.65\" y2=\"20.65\" class=\"path\"\/><\/svg><\/a><\/div><\/div><p class=\"wp-caption-text\">Vue de dessus de l&#039;iD<\/p><\/div>\n<br><br><br><br><div class=\"image_frame image_item scale-with-grid element_classes no_border hover-disable mfn-img-box\"  role=\"link\" aria-label=\"Image avec liens\" tabindex=\"0\"><div class=\"image_wrapper\"><a href=\"https:\/\/ipautomationinc.com\/wp-content\/uploads\/2022\/07\/603-ISO-1.png\" rel=\"prettyphoto\"   class=\"\"  tabindex=\"-1\" title=\"\"><div class=\"mask\"><\/div><img decoding=\"async\" class=\"scale-with-grid\" src=\"https:\/\/ipautomationinc.com\/wp-content\/uploads\/2022\/07\/603-ISO-1.png\" fetchpriority=\"high\" alt=\"603 ISO\" title=\"\" width=\"300\" height=\"581\" style=\"\"\/><\/a><div class=\"image_links\"><a href=\"https:\/\/ipautomationinc.com\/wp-content\/uploads\/2022\/07\/603-ISO-1.png\" class=\"zoom\" rel=\"prettyphoto\" tabindex=\"-1\" aria-label=\"zoomer l&#039;image\" title=\"\"><svg viewbox=\"0 0 26 26\"><defs><style>.path{fill:none;stroke:#333;stroke-miterlimit:10;stroke-width:1.5px;}<\/style><\/defs><circle cx=\"11.35\" cy=\"11.35\" r=\"6\" class=\"path\"\/><line x1=\"15.59\" y1=\"15.59\" x2=\"20.65\" y2=\"20.65\" class=\"path\"\/><\/svg><\/a><\/div><\/div><p class=\"wp-caption-text\">Vue isom\u00e9trique iD<\/p><\/div>\n<br>#EBEBEB<br>#222222<br><br><br>Caract\u00e9ristiques<br><br><br><br><p>*La capacit\u00e9 de diam\u00e8tre minimum et maximum est influenc\u00e9e par la limite d&#039;\u00e9lasticit\u00e9 du fil. Contactez-nous pour obtenir des \u00e9claircissements sur la plage min\/max pour votre type de fil.<\/p><br><br><br>Options de la machine<br><br>Robotique intelligente<br>avec EOAT personnalis\u00e9<br><img decoding=\"async\" src=\"https:\/\/ipautomationinc.com\/wp-content\/uploads\/2022\/06\/machine-options_robot.png#1271\" alt=\"machine-options_robot\"><br><a href=\"https:\/\/ipautomationinc.com\/fr\/accessoires\/robotique\/\">https:\/\/ipautomationinc.com\/accessories\/robotics\/<\/a><br>\u00e9chelle-bo\u00eete<br>70%<br><br>Soudeuse bout \u00e0 bout iBW-45<br>avec presse rotative<br><img decoding=\"async\" src=\"https:\/\/ipautomationinc.com\/wp-content\/uploads\/2025\/08\/machine-options_iBW-45.png#38050\" alt=\"machine-options_iBW-45\"><br><a href=\"https:\/\/ipautomationinc.com\/fr\/accessoires\/soudeuses-automatisees\/\">https:\/\/ipautomationinc.com\/accessories\/automated-welders\/<\/a><br>\u00e9chelle-bo\u00eete<br>70%<br><br>Presse \u00e0 sertir<br><img decoding=\"async\" src=\"https:\/\/ipautomationinc.com\/wp-content\/uploads\/2024\/08\/crimping-press-icon-crop.png#36758\" alt=\"crimping press icon crop\"><br><a href=\"https:\/\/ipautomationinc.com\/fr\/accessoires\/presse-a-sertir\/\">https:\/\/ipautomationinc.com\/accessories\/crimping-press\/<\/a><br>\u00e9chelle-bo\u00eete<br>70%<br><br>T\u00eate de courbure traversante<br>pour le pliage hors axe et le pliage de grandes matrices<br><img decoding=\"async\" src=\"https:\/\/ipautomationinc.com\/wp-content\/uploads\/2022\/06\/machine-options_traversing-bend.png#1324\" alt=\"machine-options_traversing-bend\"><br>\u00e9chelle-bo\u00eete<br>70%<br><br>Inspection visuelle<br><img decoding=\"async\" src=\"https:\/\/ipautomationinc.com\/wp-content\/uploads\/2022\/06\/machine-options_vision-inspection-closeup.png#1305\" alt=\"machine-options_vision-inspection-gros plan\"><br>\u00e9chelle-bo\u00eete<br>70%<br><br>Presse servo<br><img decoding=\"async\" src=\"https:\/\/ipautomationinc.com\/wp-content\/uploads\/2022\/06\/machine-options_servo-press.png#1272\" alt=\"machine-options_servo-presse\"><br>\u00e9chelle-bo\u00eete<br>70%<br><br>Station de soulagement du stress<br><img decoding=\"async\" src=\"https:\/\/ipautomationinc.com\/wp-content\/uploads\/2022\/06\/machine-options_stress-relieving.png#1287\" alt=\"options-machine_soulagement-du-stress\"><br>\u00e9chelle-bo\u00eete<br>70%<br><br>Obtenez les prix maintenant\u00a0!<br>ic\u00f4ne en avant<br><a href=\"https:\/\/ipautomationinc.com\/fr\/contactez-nous\/#form\">https:\/\/ipautomationinc.com\/contact-us\/#form<\/a><br>50px<br><br>Autres cintreuses de fils CNC<br><br><h4>Cintreuses de fils \u00e0 t\u00eate unique<\/h4><br><br><p><hr class=\"no_line\" style=\"margin: 0 auto 0px auto\"\/>\n <a href=\"https:\/\/ipautomationinc.com\/fr\/cintreuses-de-fil-cnc-a-tete-unique\/\"> <img decoding=\"async\" src=\"https:\/\/ipautomationinc.com\/wp-content\/uploads\/2023\/02\/i8-S-RGB-1.png\" alt=\"iS CNC Fil Ancien\"> <\/a> <hr class=\"no_line\" style=\"margin: 0 auto 0px auto\"\/>\n <a class=\"mfn-link mfn-link-1\" href=\"\" style=\"\" data-hover=\"\"   ><span data-hover=\"\"><\/span><\/a><\/p><br>pas de r\u00e9p\u00e9tition;en haut \u00e0 gauche;;<br>auto<br><br><h4>Cintreuses de fils 2D<\/h4><br><br><p><hr class=\"no_line\" style=\"margin: 0 auto 0px auto\"\/>\n <a href=\"https:\/\/ipautomationinc.com\/fr\/serie-2d\/\"> <img decoding=\"async\" src=\"https:\/\/ipautomationinc.com\/wp-content\/uploads\/2026\/02\/i10-S-2D-2D-CNC-Wire-Bending-Machine-With-Automated-Welder.png\" alt=\"cintreuse de fil CNC 2D\"> <\/a> <hr class=\"no_line\" style=\"margin: 0 auto 0px auto\"\/>\n <a class=\"mfn-link mfn-link-1\" href=\"\" style=\"\" data-hover=\"\"   ><span data-hover=\"\"><\/span><\/a><\/p><br>pas de r\u00e9p\u00e9tition;en haut \u00e0 gauche;;<br>auto<br><br><\/p>","protected":false},"excerpt":{"rendered":"<p>The i-D series double head 3D CNC wire forming machine is an ideal and popular choice for applications requiring precise<span class=\"excerpt-hellip\"> [\u2026]<\/span><\/p>\n","protected":false},"author":3,"featured_media":0,"parent":0,"menu_order":0,"comment_status":"closed","ping_status":"closed","template":"","meta":{"footnotes":""},"class_list":["post-1244","page","type-page","status-publish","hentry"],"yoast_head":"<!-- This site is optimized with the Yoast SEO plugin v27.3 - https:\/\/yoast.com\/product\/yoast-seo-wordpress\/ -->\n<title>i-D Series CNC Wire Forming Machine | IP Automation Inc<\/title>\n<meta name=\"description\" content=\"The i-D series double head CNC wire forming machine is an ideal and popular choice for applications requiring precise large wire frames.\" \/>\n<meta name=\"robots\" content=\"index, follow, max-snippet:-1, max-image-preview:large, max-video-preview:-1\" \/>\n<link rel=\"canonical\" href=\"https:\/\/ipautomationinc.com\/fr\/serie-i-d\/\" \/>\n<meta property=\"og:locale\" content=\"fr_FR\" \/>\n<meta property=\"og:type\" content=\"article\" \/>\n<meta property=\"og:title\" content=\"i-D Series CNC Wire Forming Machine | IP Automation Inc\" \/>\n<meta property=\"og:description\" content=\"The i-D series double head CNC wire forming machine is an ideal and popular choice for applications requiring precise large wire frames.\" \/>\n<meta property=\"og:url\" content=\"https:\/\/ipautomationinc.com\/fr\/serie-i-d\/\" \/>\n<meta property=\"og:site_name\" content=\"IP Automation Inc\" \/>\n<meta property=\"article:publisher\" content=\"https:\/\/www.facebook.com\/ipautomationinc\/\" \/>\n<meta property=\"article:modified_time\" content=\"2026-02-24T16:08:44+00:00\" \/>\n<meta property=\"og:image\" content=\"https:\/\/ipautomationinc.com\/wp-content\/uploads\/2024\/05\/NEW-i8-D-RGB.png#36635\" \/>\n<script type=\"application\/ld+json\" class=\"yoast-schema-graph\">{\"@context\":\"https:\\\/\\\/schema.org\",\"@graph\":[{\"@type\":\"WebPage\",\"@id\":\"https:\\\/\\\/ipautomationinc.com\\\/i-d-series\\\/\",\"url\":\"https:\\\/\\\/ipautomationinc.com\\\/i-d-series\\\/\",\"name\":\"i-D Series CNC Wire Forming Machine | IP Automation Inc\",\"isPartOf\":{\"@id\":\"https:\\\/\\\/ipautomationinc.com\\\/#website\"},\"primaryImageOfPage\":{\"@id\":\"https:\\\/\\\/ipautomationinc.com\\\/i-d-series\\\/#primaryimage\"},\"image\":{\"@id\":\"https:\\\/\\\/ipautomationinc.com\\\/i-d-series\\\/#primaryimage\"},\"thumbnailUrl\":\"https:\\\/\\\/ipautomationinc.com\\\/wp-content\\\/uploads\\\/2024\\\/05\\\/NEW-i8-D-RGB.png#36635\",\"datePublished\":\"2022-06-16T21:18:04+00:00\",\"dateModified\":\"2026-02-24T16:08:44+00:00\",\"description\":\"The i-D series double head CNC wire forming machine is an ideal and popular choice for applications requiring precise large wire frames.\",\"inLanguage\":\"fr-FR\",\"potentialAction\":[{\"@type\":\"ReadAction\",\"target\":[\"https:\\\/\\\/ipautomationinc.com\\\/i-d-series\\\/\"]}]},{\"@type\":\"ImageObject\",\"inLanguage\":\"fr-FR\",\"@id\":\"https:\\\/\\\/ipautomationinc.com\\\/i-d-series\\\/#primaryimage\",\"url\":\"https:\\\/\\\/ipautomationinc.com\\\/wp-content\\\/uploads\\\/2024\\\/05\\\/NEW-i8-D-RGB.png#36635\",\"contentUrl\":\"https:\\\/\\\/ipautomationinc.com\\\/wp-content\\\/uploads\\\/2024\\\/05\\\/NEW-i8-D-RGB.png#36635\"},{\"@type\":\"WebSite\",\"@id\":\"https:\\\/\\\/ipautomationinc.com\\\/#website\",\"url\":\"https:\\\/\\\/ipautomationinc.com\\\/\",\"name\":\"IP Automation Inc\",\"description\":\"Concept... Creation... Reality...\",\"publisher\":{\"@id\":\"https:\\\/\\\/ipautomationinc.com\\\/#organization\"},\"potentialAction\":[{\"@type\":\"SearchAction\",\"target\":{\"@type\":\"EntryPoint\",\"urlTemplate\":\"https:\\\/\\\/ipautomationinc.com\\\/?s={search_term_string}\"},\"query-input\":{\"@type\":\"PropertyValueSpecification\",\"valueRequired\":true,\"valueName\":\"search_term_string\"}}],\"inLanguage\":\"fr-FR\"},{\"@type\":\"Organization\",\"@id\":\"https:\\\/\\\/ipautomationinc.com\\\/#organization\",\"name\":\"IP Automation Inc\",\"url\":\"https:\\\/\\\/ipautomationinc.com\\\/\",\"logo\":{\"@type\":\"ImageObject\",\"inLanguage\":\"fr-FR\",\"@id\":\"https:\\\/\\\/ipautomationinc.com\\\/#\\\/schema\\\/logo\\\/image\\\/\",\"url\":\"https:\\\/\\\/ipautomationinc.com\\\/wp-content\\\/uploads\\\/2022\\\/05\\\/IPA-Favicon.png\",\"contentUrl\":\"https:\\\/\\\/ipautomationinc.com\\\/wp-content\\\/uploads\\\/2022\\\/05\\\/IPA-Favicon.png\",\"width\":513,\"height\":513,\"caption\":\"IP Automation Inc\"},\"image\":{\"@id\":\"https:\\\/\\\/ipautomationinc.com\\\/#\\\/schema\\\/logo\\\/image\\\/\"},\"sameAs\":[\"https:\\\/\\\/www.facebook.com\\\/ipautomationinc\\\/\",\"https:\\\/\\\/www.linkedin.com\\\/company\\\/ip-automation-inc\\\/\",\"https:\\\/\\\/www.youtube.com\\\/@IPAutomation\"]}]}<\/script>\n<!-- \/ Yoast SEO plugin. -->","yoast_head_json":{"title":"Machine de formage de fil CNC s\u00e9rie iD | IP Automatisation Inc","description":"La machine de formage de fil CNC \u00e0 double t\u00eate de la s\u00e9rie iD est un choix id\u00e9al et populaire pour les applications n\u00e9cessitant de grandes armatures m\u00e9talliques pr\u00e9cises.","robots":{"index":"index","follow":"follow","max-snippet":"max-snippet:-1","max-image-preview":"max-image-preview:large","max-video-preview":"max-video-preview:-1"},"canonical":"https:\/\/ipautomationinc.com\/fr\/serie-i-d\/","og_locale":"fr_FR","og_type":"article","og_title":"i-D Series CNC Wire Forming Machine | IP Automation Inc","og_description":"The i-D series double head CNC wire forming machine is an ideal and popular choice for applications requiring precise large wire frames.","og_url":"https:\/\/ipautomationinc.com\/fr\/serie-i-d\/","og_site_name":"IP Automation Inc","article_publisher":"https:\/\/www.facebook.com\/ipautomationinc\/","article_modified_time":"2026-02-24T16:08:44+00:00","og_image":[{"url":"https:\/\/ipautomationinc.com\/wp-content\/uploads\/2024\/05\/NEW-i8-D-RGB.png#36635","type":"","width":"","height":""}],"schema":{"@context":"https:\/\/schema.org","@graph":[{"@type":"WebPage","@id":"https:\/\/ipautomationinc.com\/i-d-series\/","url":"https:\/\/ipautomationinc.com\/i-d-series\/","name":"Machine de formage de fil CNC s\u00e9rie iD | IP Automatisation Inc","isPartOf":{"@id":"https:\/\/ipautomationinc.com\/#website"},"primaryImageOfPage":{"@id":"https:\/\/ipautomationinc.com\/i-d-series\/#primaryimage"},"image":{"@id":"https:\/\/ipautomationinc.com\/i-d-series\/#primaryimage"},"thumbnailUrl":"https:\/\/ipautomationinc.com\/wp-content\/uploads\/2024\/05\/NEW-i8-D-RGB.png#36635","datePublished":"2022-06-16T21:18:04+00:00","dateModified":"2026-02-24T16:08:44+00:00","description":"La machine de formage de fil CNC \u00e0 double t\u00eate de la s\u00e9rie iD est un choix id\u00e9al et populaire pour les applications n\u00e9cessitant de grandes armatures m\u00e9talliques pr\u00e9cises.","inLanguage":"fr-FR","potentialAction":[{"@type":"ReadAction","target":["https:\/\/ipautomationinc.com\/i-d-series\/"]}]},{"@type":"ImageObject","inLanguage":"fr-FR","@id":"https:\/\/ipautomationinc.com\/i-d-series\/#primaryimage","url":"https:\/\/ipautomationinc.com\/wp-content\/uploads\/2024\/05\/NEW-i8-D-RGB.png#36635","contentUrl":"https:\/\/ipautomationinc.com\/wp-content\/uploads\/2024\/05\/NEW-i8-D-RGB.png#36635"},{"@type":"WebSite","@id":"https:\/\/ipautomationinc.com\/#website","url":"https:\/\/ipautomationinc.com\/","name":"IP Automatisation Inc","description":"Concept... Cr\u00e9ation... R\u00e9alit\u00e9...","publisher":{"@id":"https:\/\/ipautomationinc.com\/#organization"},"potentialAction":[{"@type":"SearchAction","target":{"@type":"EntryPoint","urlTemplate":"https:\/\/ipautomationinc.com\/?s={search_term_string}"},"query-input":{"@type":"PropertyValueSpecification","valueRequired":true,"valueName":"search_term_string"}}],"inLanguage":"fr-FR"},{"@type":"Organization","@id":"https:\/\/ipautomationinc.com\/#organization","name":"IP Automatisation Inc","url":"https:\/\/ipautomationinc.com\/","logo":{"@type":"ImageObject","inLanguage":"fr-FR","@id":"https:\/\/ipautomationinc.com\/#\/schema\/logo\/image\/","url":"https:\/\/ipautomationinc.com\/wp-content\/uploads\/2022\/05\/IPA-Favicon.png","contentUrl":"https:\/\/ipautomationinc.com\/wp-content\/uploads\/2022\/05\/IPA-Favicon.png","width":513,"height":513,"caption":"IP Automation Inc"},"image":{"@id":"https:\/\/ipautomationinc.com\/#\/schema\/logo\/image\/"},"sameAs":["https:\/\/www.facebook.com\/ipautomationinc\/","https:\/\/www.linkedin.com\/company\/ip-automation-inc\/","https:\/\/www.youtube.com\/@IPAutomation"]}]}},"_links":{"self":[{"href":"https:\/\/ipautomationinc.com\/fr\/wp-json\/wp\/v2\/pages\/1244","targetHints":{"allow":["GET"]}}],"collection":[{"href":"https:\/\/ipautomationinc.com\/fr\/wp-json\/wp\/v2\/pages"}],"about":[{"href":"https:\/\/ipautomationinc.com\/fr\/wp-json\/wp\/v2\/types\/page"}],"author":[{"embeddable":true,"href":"https:\/\/ipautomationinc.com\/fr\/wp-json\/wp\/v2\/users\/3"}],"replies":[{"embeddable":true,"href":"https:\/\/ipautomationinc.com\/fr\/wp-json\/wp\/v2\/comments?post=1244"}],"version-history":[{"count":3,"href":"https:\/\/ipautomationinc.com\/fr\/wp-json\/wp\/v2\/pages\/1244\/revisions"}],"predecessor-version":[{"id":39489,"href":"https:\/\/ipautomationinc.com\/fr\/wp-json\/wp\/v2\/pages\/1244\/revisions\/39489"}],"wp:attachment":[{"href":"https:\/\/ipautomationinc.com\/fr\/wp-json\/wp\/v2\/media?parent=1244"}],"curies":[{"name":"wp","href":"https:\/\/api.w.org\/{rel}","templated":true}]}}