{"id":1241,"date":"2022-06-16T15:42:09","date_gmt":"2022-06-16T20:42:09","guid":{"rendered":"https:\/\/ipautomationinc.com\/?page_id=1241"},"modified":"2026-03-27T15:44:39","modified_gmt":"2026-03-27T20:44:39","slug":"serie-2d","status":"publish","type":"page","link":"https:\/\/ipautomationinc.com\/fr\/2d-series\/","title":{"rendered":"i-2D Series 2D CNC Wire Bending Machine"},"content":{"rendered":"<h6 class=\"wp-block-heading\"><strong>The i-H series is the most advanced 2D CNC wire bending mThe i-2D series (previously known as the i-H series) is the most advanced 2D CNC wire bending machine on the market today. Featuring all electric design for optimal performance and reliability. The wire cutting unit can be user configured for open die cutting which integrates perfectly with the optional welding unit. Alternately, a side cut tooling change provides a very square cut.achine on the market today. Featuring all electric design for optimal performance and reliability. The wire cutting unit can be user configured for open die cutting which integrates perfectly with the optional welding unit. Alternately, a side cut tooling change provides a very square cut.<\/strong><\/h6>\n\n\n\n<p><span class=\"builder2seo\"><\/span>Machines \u00e0 cintrer les fils CNC 2D<br><br>S\u00e9rie i-2D<br><br><img decoding=\"async\" src=\"https:\/\/ipautomationinc.com\/wp-content\/uploads\/2026\/02\/i10-S-2D-2D-CNC-Wire-Bending-Machine-With-Automated-Welder-text.png#39480\" alt=\"i10-S-2D 2D CNC Wire Bending Machine With Automated Welder text\"><br>Machine \u00e0 cintrer les fils CNC iH 2D<br>400px<br><br>Cliquez ici pour la vid\u00e9o<br><a href=\"https:\/\/ipautomationinc.com\/fr\/serie-i-h\/#video\">https:\/\/ipautomationinc.com\/i-h-series\/#video<\/a><br>fas fa-play-circle<br>bouton_th\u00e8me<br><br>Cliquez ici pour le d\u00e9pliant PDF<br><a href=\"https:\/\/ipautomationinc.com\/wp-content\/uploads\/2025\/09\/2025-i-H-Flyer.pdf\">https:\/\/ipautomationinc.com\/wp-content\/uploads\/2025\/09\/2025-i-H-Flyer.pdf<\/a><br>fas fa-fichier-pdf<br>bouton_th\u00e8me<br>https:\/\/ipautomationinc.com\/wp-content\/uploads\/2025\/09\/2025-i-H-Flyer.pdf<br><br>1291,1290,1390<br>#0455B3<br>3px 3px 3px 3px<br>coutume<br>60%<br><br><h4>The i-2D series (previously known as the i-H series) is the most advanced 2D CNC wire bending machine on the market today. Featuring all electric design for optimal performance and reliability. The wire cutting unit can be user configured for open die cutting which integrates perfectly with the optional welding unit. Alternately, a side cut tooling change provides a very square cut. The servo adjustable bend head height provides precision tool positioning not available on competitive machines. With an innovative coordination of the cutter motion with bend head height, you\\&#8217;ll have more bending and cutting control than any machine in it\\&#8217;s class. Available in both horizontal and angled table formats. The programming and feed mechanisms are the same American-Made quality you will find on our more advanced systems.<\/h4><br><br><h3>Applications<\/h3><h4>Cadres de filtre, cadres de signalisation, paniers m\u00e9talliques pour p\u00e9pini\u00e8re, couronnes, courbures g\u00e9n\u00e9r\u00e9es pour les formes rondes. <\/h4><br>#EBEBEB<br><br><img decoding=\"async\" src=\"https:\/\/ipautomationinc.com\/wp-content\/uploads\/2026\/02\/i10-S-2D-2D-CNC-Wire-Bending-Machine-With-Automated-Welder-text.png#39480\" alt=\"i10-S-2D 2D CNC Wire Bending Machine With Automated Welder text\"><br><br>Cliquez ici pour la vid\u00e9o<br><a href=\"https:\/\/ipautomationinc.com\/fr\/serie-i-h\/#video\">https:\/\/ipautomationinc.com\/i-h-series\/#video<\/a><br>fas fa-play-circle<br>bouton_th\u00e8me<br><br>Cliquez ici pour le d\u00e9pliant PDF<br><a href=\"https:\/\/ipautomationinc.com\/wp-content\/uploads\/2025\/09\/2025-i-H-Flyer.pdf\">https:\/\/ipautomationinc.com\/wp-content\/uploads\/2025\/09\/2025-i-H-Flyer.pdf<\/a><br>fas fa-fichier-pdf<br>bouton_th\u00e8me<br>https:\/\/ipautomationinc.com\/wp-content\/uploads\/2025\/09\/2025-i-H-Flyer.pdf<br><br>1291,1290,1390<br>#0455B3<br>3px 3px 3px 3px<br>coutume<br>380px<br>80%<br><br><h4>The i-2D series (previously known as the i-H series) is the most advanced 2D CNC wire bending machine on the market today. Featuring all electric design for optimal performance and reliability. The wire cutting unit can be user configured for open die cutting which integrates perfectly with the optional welding unit. Alternately, a side cut tooling change provides a very square cut. The servo adjustable bend head height provides precision tool positioning not available on competitive machines. With an innovative coordination of the cutter motion with bend head height, you\\&#8217;ll have more bending and cutting control than any machine in it\\&#8217;s class. Available in both horizontal and angled table formats. The programming and feed mechanisms are the same American-Made quality you will find on our more advanced systems.<\/h4><br><br><h3>Applications<\/h3><h4>Cadres de filtre, cadres de signalisation, paniers m\u00e9talliques pour p\u00e9pini\u00e8re, couronnes, courbures g\u00e9n\u00e9r\u00e9es pour les formes rondes. <\/h4><br>#EBEBEB<br><br><br>M\u00e9dias<br><br>;c;;<br><br>Vid\u00e9o i6-2D<br><a href=\"https:\/\/player.vimeo.com\/video\/971008651\">https:\/\/player.vimeo.com\/video\/971008651<\/a><br>lightbox<br>bouton_th\u00e8me<br>exit-mfn-popup<br><br>1306,1307,1312,1204,36775<br>grand<br><br><br>Caract\u00e9ristiques<br><br>Pliant<br>La programmation<br>D\u00e9tails<br>Disposition des machines<br><br><br>\t4 Servo Axes:  X &#8211; feed, Y &#8211; bend, combined servo cutter and bend head height<br><br>\t2 \u00e0 8 rayons de courbure avec hauteur de courbure r\u00e9glable<br><br>Les ing\u00e9nieurs IP Automation et les machines CNC toutes les t\u00eates de pliage, les couteaux et les rouleaux d&#039;alimentation en fil en interne \u00e0 un co\u00fbt raisonnable avec un d\u00e9lai d&#039;ex\u00e9cution rapide<br><br><br><br><br>\t<a href=\"https:\/\/ipautomationinc.com\/fr\/capacites-des-machines\/\">Logiciel Intellibend <\/a> sur le syst\u00e8me d&#039;exploitation Windows 10<br><br>\tTableau de bord de production, avec programmation des cadences et des lots en temps r\u00e9el<br><br>\t\u00c9cran multi-touch 18,5\u2033<br><br>\tConnectivit\u00e9 \u00e0 distance via tunnel VPN<br><br>\tProtocole OPC-UA pour l&#039;industrie 4.0<br><br>Fonctions d&#039;E\/S personnalis\u00e9es disponibles<br><br>\t<br><br><br>Gain de fil avec capacit\u00e9 du bras \u00e0 mouvement lin\u00e9aire\u00a0: 3\u00a0000 lb.<br><br>Redresseur de fil \u00e0 double plan \u00e0 large gamme<br><br>Tous les syst\u00e8mes d&#039;entra\u00eenement d&#039;alimentation et de pliage ont des engrenages tremp\u00e9s et sont enti\u00e8rement ferm\u00e9s.<br><br>Rouleaux d&#039;alimentation tremp\u00e9s \u00e0 retournement rapide pour 2 tailles de fil<br><br>Codeur lin\u00e9aire sur d\u00e9vidoir pour la pr\u00e9cision et la d\u00e9tection de glissement<br><br>Surface de la matrice de coupe r\u00e9aff\u00fbtable<br><br><br><br>L&#039;option unit\u00e9 de soudage automatis\u00e9e r\u00e9alise des soudures simultan\u00e9es aux op\u00e9rations de pliage.<br><br><br><br>n\u00e9cessite 2 GPM de refroidissement par eau (option de refroidisseur d&#039;eau autonome disponible)<br><br><br><br><br><br>Formation sur site disponible<br><br>Int\u00e9gration robotique capable<br><br><br><div class=\"image_frame image_item scale-with-grid element_classes no_border hover-disable mfn-img-box\"  role=\"link\" aria-label=\"Image avec liens\" tabindex=\"0\"><div class=\"image_wrapper\"><a href=\"https:\/\/ipautomationinc.com\/wp-content\/uploads\/2022\/06\/i6-H.png\" rel=\"prettyphoto\"   class=\"\"  tabindex=\"-1\" title=\"\"><div class=\"mask\"><\/div><img decoding=\"async\" class=\"scale-with-grid\" src=\"https:\/\/ipautomationinc.com\/wp-content\/uploads\/2022\/06\/i6-H.png\" fetchpriority=\"high\" alt=\"Mesures de la machine \u00e0 cintrer les fils CNC i6-H\" title=\"\" width=\"225\" height=\"505\" style=\"\"\/><\/a><div class=\"image_links\"><a href=\"https:\/\/ipautomationinc.com\/wp-content\/uploads\/2022\/06\/i6-H.png\" class=\"zoom\" rel=\"prettyphoto\" tabindex=\"-1\" aria-label=\"zoomer l&#039;image\" title=\"\"><svg viewbox=\"0 0 26 26\"><defs><style>.path{fill:none;stroke:#333;stroke-miterlimit:10;stroke-width:1.5px;}<\/style><\/defs><circle cx=\"11.35\" cy=\"11.35\" r=\"6\" class=\"path\"\/><line x1=\"15.59\" y1=\"15.59\" x2=\"20.65\" y2=\"20.65\" class=\"path\"\/><\/svg><\/a><\/div><\/div><p class=\"wp-caption-text\">Vue avant du i6-H<\/p><\/div>\n<br><br><br><br><div class=\"image_frame image_item scale-with-grid element_classes no_border hover-disable mfn-img-box\"  role=\"link\" aria-label=\"Image avec liens\" tabindex=\"0\"><div class=\"image_wrapper\"><a href=\"https:\/\/ipautomationinc.com\/wp-content\/uploads\/2022\/06\/i6-H-ISO.png\" rel=\"prettyphoto\"   class=\"\"  tabindex=\"-1\" title=\"\"><div class=\"mask\"><\/div><img decoding=\"async\" class=\"scale-with-grid\" src=\"https:\/\/ipautomationinc.com\/wp-content\/uploads\/2022\/06\/i6-H-ISO.png\" fetchpriority=\"high\" alt=\"Disposition iso de la machine \u00e0 cintrer les fils cnc iH 2D\" title=\"\" width=\"225\" height=\"613\" style=\"\"\/><\/a><div class=\"image_links\"><a href=\"https:\/\/ipautomationinc.com\/wp-content\/uploads\/2022\/06\/i6-H-ISO.png\" class=\"zoom\" rel=\"prettyphoto\" tabindex=\"-1\" aria-label=\"zoomer l&#039;image\" title=\"\"><svg viewbox=\"0 0 26 26\"><defs><style>.path{fill:none;stroke:#333;stroke-miterlimit:10;stroke-width:1.5px;}<\/style><\/defs><circle cx=\"11.35\" cy=\"11.35\" r=\"6\" class=\"path\"\/><line x1=\"15.59\" y1=\"15.59\" x2=\"20.65\" y2=\"20.65\" class=\"path\"\/><\/svg><\/a><\/div><\/div><p class=\"wp-caption-text\">Vue isom\u00e9trique du i6-H<\/p><\/div>\n<br><br><br><br><div class=\"image_frame image_item scale-with-grid element_classes no_border hover-disable mfn-img-box\"  role=\"link\" aria-label=\"Image avec liens\" tabindex=\"0\"><div class=\"image_wrapper\"><a href=\"https:\/\/ipautomationinc.com\/wp-content\/uploads\/2022\/06\/701-Side.png\" rel=\"prettyphoto\"   class=\"\"  tabindex=\"-1\" title=\"\"><div class=\"mask\"><\/div><img decoding=\"async\" class=\"scale-with-grid\" src=\"https:\/\/ipautomationinc.com\/wp-content\/uploads\/2022\/06\/701-Side.png\" fetchpriority=\"high\" alt=\"C\u00f4t\u00e9 701\" title=\"\" width=\"225\" height=\"241\" style=\"\"\/><\/a><div class=\"image_links\"><a href=\"https:\/\/ipautomationinc.com\/wp-content\/uploads\/2022\/06\/701-Side.png\" class=\"zoom\" rel=\"prettyphoto\" tabindex=\"-1\" aria-label=\"zoomer l&#039;image\" title=\"\"><svg viewbox=\"0 0 26 26\"><defs><style>.path{fill:none;stroke:#333;stroke-miterlimit:10;stroke-width:1.5px;}<\/style><\/defs><circle cx=\"11.35\" cy=\"11.35\" r=\"6\" class=\"path\"\/><line x1=\"15.59\" y1=\"15.59\" x2=\"20.65\" y2=\"20.65\" class=\"path\"\/><\/svg><\/a><\/div><\/div><p class=\"wp-caption-text\">Vue avant du i13-H<\/p><\/div>\n<br><br><br><br><div class=\"image_frame image_item scale-with-grid element_classes no_border hover-disable mfn-img-box\"  role=\"link\" aria-label=\"Image avec liens\" tabindex=\"0\"><div class=\"image_wrapper\"><a href=\"https:\/\/ipautomationinc.com\/wp-content\/uploads\/2022\/06\/701-Top.png\" rel=\"prettyphoto\"   class=\"\"  tabindex=\"-1\" title=\"\"><div class=\"mask\"><\/div><img decoding=\"async\" class=\"scale-with-grid\" src=\"https:\/\/ipautomationinc.com\/wp-content\/uploads\/2022\/06\/701-Top.png\" fetchpriority=\"high\" alt=\"Vue de dessus de la machine \u00e0 cintrer les fils CNC iH\" title=\"\" width=\"225\" height=\"412\" style=\"\"\/><\/a><div class=\"image_links\"><a href=\"https:\/\/ipautomationinc.com\/wp-content\/uploads\/2022\/06\/701-Top.png\" class=\"zoom\" rel=\"prettyphoto\" tabindex=\"-1\" aria-label=\"zoomer l&#039;image\" title=\"\"><svg viewbox=\"0 0 26 26\"><defs><style>.path{fill:none;stroke:#333;stroke-miterlimit:10;stroke-width:1.5px;}<\/style><\/defs><circle cx=\"11.35\" cy=\"11.35\" r=\"6\" class=\"path\"\/><line x1=\"15.59\" y1=\"15.59\" x2=\"20.65\" y2=\"20.65\" class=\"path\"\/><\/svg><\/a><\/div><\/div><p class=\"wp-caption-text\">i13-H Vue de dessus<\/p><\/div>\n<br><br><br><br><div class=\"image_frame image_item scale-with-grid element_classes no_border hover-disable mfn-img-box\"  role=\"link\" aria-label=\"Image avec liens\" tabindex=\"0\"><div class=\"image_wrapper\"><a href=\"https:\/\/ipautomationinc.com\/wp-content\/uploads\/2022\/06\/701-ISO-A.png\" rel=\"prettyphoto\"   class=\"\"  tabindex=\"-1\" title=\"\"><div class=\"mask\"><\/div><img decoding=\"async\" class=\"scale-with-grid\" src=\"https:\/\/ipautomationinc.com\/wp-content\/uploads\/2022\/06\/701-ISO-A.png\" fetchpriority=\"high\" alt=\"701 ISOA\" title=\"\" width=\"225\" height=\"468\" style=\"\"\/><\/a><div class=\"image_links\"><a href=\"https:\/\/ipautomationinc.com\/wp-content\/uploads\/2022\/06\/701-ISO-A.png\" class=\"zoom\" rel=\"prettyphoto\" tabindex=\"-1\" aria-label=\"zoomer l&#039;image\" title=\"\"><svg viewbox=\"0 0 26 26\"><defs><style>.path{fill:none;stroke:#333;stroke-miterlimit:10;stroke-width:1.5px;}<\/style><\/defs><circle cx=\"11.35\" cy=\"11.35\" r=\"6\" class=\"path\"\/><line x1=\"15.59\" y1=\"15.59\" x2=\"20.65\" y2=\"20.65\" class=\"path\"\/><\/svg><\/a><\/div><\/div><p class=\"wp-caption-text\">Vue isom\u00e9trique du i13-H<\/p><\/div>\n<br>#EBEBEB<br>#222222<br><br><br>Caract\u00e9ristiques<br><br><br><br><p>*La capacit\u00e9 de diam\u00e8tre minimum et maximum est influenc\u00e9e par la limite d&#039;\u00e9lasticit\u00e9 du fil. Contactez-nous pour obtenir des \u00e9claircissements sur la plage min\/max pour votre type de fil.<\/p><br><br><br>Options de la machine<br><br>Robotique intelligente<br>avec EOAT personnalis\u00e9<br><img decoding=\"async\" src=\"https:\/\/ipautomationinc.com\/wp-content\/uploads\/2022\/06\/machine-options_robot.png#1271\" alt=\"machine-options_robot\"><br><a href=\"https:\/\/ipautomationinc.com\/fr\/accessoires\/robotique\/\">https:\/\/ipautomationinc.com\/accessories\/robotics\/<\/a><br>\u00e9chelle-bo\u00eete<br>70%<br><br>Soudeuse bout \u00e0 bout int\u00e9gr\u00e9e<br><img decoding=\"async\" src=\"https:\/\/ipautomationinc.com\/wp-content\/uploads\/2024\/08\/i-H-Welder-highligt.png#36775\" alt=\"i-H Welder highligt\"><br><a href=\"https:\/\/ipautomationinc.com\/fr\/accessoires\/soudeuses-automatisees\/\">https:\/\/ipautomationinc.com\/accessories\/automated-welders\/<\/a><br>\u00e9chelle-bo\u00eete<br>100%<br><br>Centre d&#039;usinage iFM<br><img decoding=\"async\" src=\"https:\/\/ipautomationinc.com\/wp-content\/uploads\/2023\/11\/ifm-icon-1.png#35422\" alt=\"ic\u00f4ne ifm\"><br><a href=\"https:\/\/ipautomationinc.com\/fr\/accessoires\/centre-dusinage\/\">https:\/\/ipautomationinc.com\/accessories\/machining-center\/<\/a><br>\u00e9chelle-bo\u00eete<br>70%<br><br>Soudeuse bout \u00e0 bout iBW-45<br>Avec presse rotative<br><img decoding=\"async\" src=\"https:\/\/ipautomationinc.com\/wp-content\/uploads\/2025\/08\/machine-options_iBW-45.png#38050\" alt=\"machine-options_iBW-45\"><br><a href=\"https:\/\/ipautomationinc.com\/fr\/accessoires\/soudeuses-automatisees\/\">https:\/\/ipautomationinc.com\/accessories\/automated-welders\/<\/a><br>\u00e9chelle-bo\u00eete<br>70%<br><br>Station de chanfreinage\/per\u00e7age<br><img decoding=\"async\" src=\"https:\/\/ipautomationinc.com\/wp-content\/uploads\/2024\/08\/chamfer-drill.png#36736\" alt=\"foret \u00e0 chanfreiner\"><br><a href=\"https:\/\/ipautomationinc.com\/fr\/accessoires\/foret-a-chanfreiner\/\">https:\/\/ipautomationinc.com\/accessories\/chamfer-drill\/<\/a><br>\u00e9chelle-bo\u00eete<br>70%<br><br>Inspection visuelle<br><img decoding=\"async\" src=\"https:\/\/ipautomationinc.com\/wp-content\/uploads\/2022\/06\/machine-options_vision-inspection-closeup.png#1305\" alt=\"machine-options_vision-inspection-gros plan\"><br>\u00e9chelle-bo\u00eete<br>70%<br><br>Presse servo<br><img decoding=\"async\" src=\"https:\/\/ipautomationinc.com\/wp-content\/uploads\/2022\/06\/machine-options_servo-press.png#1272\" alt=\"machine-options_servo-presse\"><br>\u00e9chelle-bo\u00eete<br>70%<br><br>Station de soulagement du stress<br>lampe-ic\u00f4ne<br><img decoding=\"async\" src=\"https:\/\/ipautomationinc.com\/wp-content\/uploads\/2022\/06\/machine-options_stress-relieving.png#1287\" alt=\"options-machine_soulagement-du-stress\"><br>\u00e9chelle-bo\u00eete<br>70%<br><br>Obtenez les prix maintenant\u00a0!<br>ic\u00f4ne en avant<br><a href=\"https:\/\/ipautomationinc.com\/fr\/contactez-nous\/#form\">https:\/\/ipautomationinc.com\/contact-us\/#form<\/a><br>50px<br><br>Autres cintreuses de fils CNC<br><br><h4>Cintreuses de fils \u00e0 t\u00eate unique<\/h4><br><br><p><hr class=\"no_line\" style=\"margin: 0 auto 0px auto\"\/>\n <a href=\"https:\/\/ipautomationinc.com\/fr\/cintreuses-de-fil-cnc-a-tete-unique\/\"> <img decoding=\"async\" src=\"https:\/\/ipautomationinc.com\/wp-content\/uploads\/2023\/02\/i8-S-RGB-1.png\" alt=\"iS CNC Fil Ancien\"> <\/a> <hr class=\"no_line\" style=\"margin: 0 auto 0px auto\"\/>\n <a class=\"mfn-link mfn-link-1\" href=\"\" style=\"\" data-hover=\"\"   ><span data-hover=\"\"><\/span><\/a><\/p><br>pas de r\u00e9p\u00e9tition;en haut \u00e0 gauche;;<br>auto<br><br><h4>Cintreuses de fil \u00e0 double t\u00eate<\/h4><br><br><p><hr class=\"no_line\" style=\"margin: 0 auto 0px auto\"\/>\n <a href=\"https:\/\/ipautomationinc.com\/fr\/cintreuses-cnc-a-double-tete\/\"> <img decoding=\"async\" src=\"https:\/\/ipautomationinc.com\/wp-content\/uploads\/2024\/07\/i8-D-double-head-1.png\" alt=\"\"> <\/a> <hr class=\"no_line\" style=\"margin: 0 auto 0px auto\"\/>\n <a class=\"mfn-link mfn-link-1\" href=\"\" style=\"\" data-hover=\"\"   ><span data-hover=\"\"><\/span><\/a><\/p><br>pas de r\u00e9p\u00e9tition;en haut \u00e0 gauche;;<br>auto<br><br><\/p>","protected":false},"excerpt":{"rendered":"<p>The i-H series is the most advanced 2D CNC wire bending mThe i-2D series (previously known as the i-H series)<span class=\"excerpt-hellip\"> [\u2026]<\/span><\/p>\n","protected":false},"author":3,"featured_media":0,"parent":0,"menu_order":0,"comment_status":"closed","ping_status":"closed","template":"","meta":{"footnotes":""},"class_list":["post-1241","page","type-page","status-publish","hentry"],"yoast_head":"<!-- This site is optimized with the Yoast SEO plugin v27.2 - https:\/\/yoast.com\/product\/yoast-seo-wordpress\/ -->\n<title>i-2D Series 2D CNC Wire Bending Machine | IP Automation Inc<\/title>\n<meta name=\"description\" content=\"The i-2D series is the the most advanced 2D CNC wire bending machine on the market. Featuring all servo electric bending, feeding and cutting.\" \/>\n<meta name=\"robots\" content=\"index, follow, max-snippet:-1, max-image-preview:large, max-video-preview:-1\" \/>\n<link rel=\"canonical\" href=\"https:\/\/ipautomationinc.com\/fr\/serie-2d\/\" \/>\n<meta property=\"og:locale\" content=\"fr_FR\" \/>\n<meta property=\"og:type\" content=\"article\" \/>\n<meta property=\"og:title\" content=\"i-2D Series 2D CNC Wire Bending Machine | IP Automation Inc\" \/>\n<meta property=\"og:description\" content=\"The i-2D series is the the most advanced 2D CNC wire bending machine on the market. Featuring all servo electric bending, feeding and cutting.\" \/>\n<meta property=\"og:url\" content=\"https:\/\/ipautomationinc.com\/fr\/serie-2d\/\" \/>\n<meta property=\"og:site_name\" content=\"IP Automation Inc\" \/>\n<meta property=\"article:publisher\" content=\"https:\/\/www.facebook.com\/ipautomationinc\/\" \/>\n<meta property=\"article:modified_time\" content=\"2026-03-27T20:44:39+00:00\" \/>\n<meta property=\"og:image\" content=\"https:\/\/ipautomationinc.com\/wp-content\/uploads\/2026\/02\/i10-S-2D-2D-CNC-Wire-Bending-Machine-With-Automated-Welder-text.png#39480\" \/>\n<script type=\"application\/ld+json\" class=\"yoast-schema-graph\">{\"@context\":\"https:\/\/schema.org\",\"@graph\":[{\"@type\":\"WebPage\",\"@id\":\"https:\/\/ipautomationinc.com\/2d-series\/\",\"url\":\"https:\/\/ipautomationinc.com\/2d-series\/\",\"name\":\"i-2D Series 2D CNC Wire Bending Machine | IP Automation Inc\",\"isPartOf\":{\"@id\":\"https:\/\/ipautomationinc.com\/#website\"},\"primaryImageOfPage\":{\"@id\":\"https:\/\/ipautomationinc.com\/2d-series\/#primaryimage\"},\"image\":{\"@id\":\"https:\/\/ipautomationinc.com\/2d-series\/#primaryimage\"},\"thumbnailUrl\":\"https:\/\/ipautomationinc.com\/wp-content\/uploads\/2026\/02\/i10-S-2D-2D-CNC-Wire-Bending-Machine-With-Automated-Welder-text.png#39480\",\"datePublished\":\"2022-06-16T20:42:09+00:00\",\"dateModified\":\"2026-03-27T20:44:39+00:00\",\"description\":\"The i-2D series is the the most advanced 2D CNC wire bending machine on the market. Featuring all servo electric bending, feeding and cutting.\",\"inLanguage\":\"fr-FR\",\"potentialAction\":[{\"@type\":\"ReadAction\",\"target\":[\"https:\/\/ipautomationinc.com\/2d-series\/\"]}]},{\"@type\":\"ImageObject\",\"inLanguage\":\"fr-FR\",\"@id\":\"https:\/\/ipautomationinc.com\/2d-series\/#primaryimage\",\"url\":\"https:\/\/ipautomationinc.com\/wp-content\/uploads\/2026\/02\/i10-S-2D-2D-CNC-Wire-Bending-Machine-With-Automated-Welder-text.png#39480\",\"contentUrl\":\"https:\/\/ipautomationinc.com\/wp-content\/uploads\/2026\/02\/i10-S-2D-2D-CNC-Wire-Bending-Machine-With-Automated-Welder-text.png#39480\"},{\"@type\":\"WebSite\",\"@id\":\"https:\/\/ipautomationinc.com\/#website\",\"url\":\"https:\/\/ipautomationinc.com\/\",\"name\":\"IP Automation Inc\",\"description\":\"Concept... Creation... Reality...\",\"publisher\":{\"@id\":\"https:\/\/ipautomationinc.com\/#organization\"},\"potentialAction\":[{\"@type\":\"SearchAction\",\"target\":{\"@type\":\"EntryPoint\",\"urlTemplate\":\"https:\/\/ipautomationinc.com\/?s={search_term_string}\"},\"query-input\":{\"@type\":\"PropertyValueSpecification\",\"valueRequired\":true,\"valueName\":\"search_term_string\"}}],\"inLanguage\":\"fr-FR\"},{\"@type\":\"Organization\",\"@id\":\"https:\/\/ipautomationinc.com\/#organization\",\"name\":\"IP Automation Inc\",\"url\":\"https:\/\/ipautomationinc.com\/\",\"logo\":{\"@type\":\"ImageObject\",\"inLanguage\":\"fr-FR\",\"@id\":\"https:\/\/ipautomationinc.com\/#\/schema\/logo\/image\/\",\"url\":\"https:\/\/ipautomationinc.com\/wp-content\/uploads\/2022\/05\/IPA-Favicon.png\",\"contentUrl\":\"https:\/\/ipautomationinc.com\/wp-content\/uploads\/2022\/05\/IPA-Favicon.png\",\"width\":513,\"height\":513,\"caption\":\"IP Automation Inc\"},\"image\":{\"@id\":\"https:\/\/ipautomationinc.com\/#\/schema\/logo\/image\/\"},\"sameAs\":[\"https:\/\/www.facebook.com\/ipautomationinc\/\",\"https:\/\/www.linkedin.com\/company\/ip-automation-inc\/\",\"https:\/\/www.youtube.com\/@IPAutomation\"]}]}<\/script>\n<!-- \/ Yoast SEO plugin. -->","yoast_head_json":{"title":"Machine de cintrage de fil CNC 2D s\u00e9rie i-2D | IP Automation Inc","description":"La s\u00e9rie i-2D est la machine de cintrage de fil CNC 2D la plus avanc\u00e9e du march\u00e9. Elle est enti\u00e8rement servo-\u00e9lectrique pour le cintrage, l&#039;alimentation et la coupe.","robots":{"index":"index","follow":"follow","max-snippet":"max-snippet:-1","max-image-preview":"max-image-preview:large","max-video-preview":"max-video-preview:-1"},"canonical":"https:\/\/ipautomationinc.com\/fr\/serie-2d\/","og_locale":"fr_FR","og_type":"article","og_title":"i-2D Series 2D CNC Wire Bending Machine | IP Automation Inc","og_description":"The i-2D series is the the most advanced 2D CNC wire bending machine on the market. Featuring all servo electric bending, feeding and cutting.","og_url":"https:\/\/ipautomationinc.com\/fr\/serie-2d\/","og_site_name":"IP Automation Inc","article_publisher":"https:\/\/www.facebook.com\/ipautomationinc\/","article_modified_time":"2026-03-27T20:44:39+00:00","og_image":[{"url":"https:\/\/ipautomationinc.com\/wp-content\/uploads\/2026\/02\/i10-S-2D-2D-CNC-Wire-Bending-Machine-With-Automated-Welder-text.png#39480","type":"","width":"","height":""}],"schema":{"@context":"https:\/\/schema.org","@graph":[{"@type":"WebPage","@id":"https:\/\/ipautomationinc.com\/2d-series\/","url":"https:\/\/ipautomationinc.com\/2d-series\/","name":"Machine de cintrage de fil CNC 2D s\u00e9rie i-2D | IP Automation Inc","isPartOf":{"@id":"https:\/\/ipautomationinc.com\/#website"},"primaryImageOfPage":{"@id":"https:\/\/ipautomationinc.com\/2d-series\/#primaryimage"},"image":{"@id":"https:\/\/ipautomationinc.com\/2d-series\/#primaryimage"},"thumbnailUrl":"https:\/\/ipautomationinc.com\/wp-content\/uploads\/2026\/02\/i10-S-2D-2D-CNC-Wire-Bending-Machine-With-Automated-Welder-text.png#39480","datePublished":"2022-06-16T20:42:09+00:00","dateModified":"2026-03-27T20:44:39+00:00","description":"La s\u00e9rie i-2D est la machine de cintrage de fil CNC 2D la plus avanc\u00e9e du march\u00e9. Elle est enti\u00e8rement servo-\u00e9lectrique pour le cintrage, l&#039;alimentation et la coupe.","inLanguage":"fr-FR","potentialAction":[{"@type":"ReadAction","target":["https:\/\/ipautomationinc.com\/2d-series\/"]}]},{"@type":"ImageObject","inLanguage":"fr-FR","@id":"https:\/\/ipautomationinc.com\/2d-series\/#primaryimage","url":"https:\/\/ipautomationinc.com\/wp-content\/uploads\/2026\/02\/i10-S-2D-2D-CNC-Wire-Bending-Machine-With-Automated-Welder-text.png#39480","contentUrl":"https:\/\/ipautomationinc.com\/wp-content\/uploads\/2026\/02\/i10-S-2D-2D-CNC-Wire-Bending-Machine-With-Automated-Welder-text.png#39480"},{"@type":"WebSite","@id":"https:\/\/ipautomationinc.com\/#website","url":"https:\/\/ipautomationinc.com\/","name":"IP Automatisation Inc","description":"Concept... Cr\u00e9ation... R\u00e9alit\u00e9...","publisher":{"@id":"https:\/\/ipautomationinc.com\/#organization"},"potentialAction":[{"@type":"SearchAction","target":{"@type":"EntryPoint","urlTemplate":"https:\/\/ipautomationinc.com\/?s={search_term_string}"},"query-input":{"@type":"PropertyValueSpecification","valueRequired":true,"valueName":"search_term_string"}}],"inLanguage":"fr-FR"},{"@type":"Organization","@id":"https:\/\/ipautomationinc.com\/#organization","name":"IP Automatisation Inc","url":"https:\/\/ipautomationinc.com\/","logo":{"@type":"ImageObject","inLanguage":"fr-FR","@id":"https:\/\/ipautomationinc.com\/#\/schema\/logo\/image\/","url":"https:\/\/ipautomationinc.com\/wp-content\/uploads\/2022\/05\/IPA-Favicon.png","contentUrl":"https:\/\/ipautomationinc.com\/wp-content\/uploads\/2022\/05\/IPA-Favicon.png","width":513,"height":513,"caption":"IP Automation Inc"},"image":{"@id":"https:\/\/ipautomationinc.com\/#\/schema\/logo\/image\/"},"sameAs":["https:\/\/www.facebook.com\/ipautomationinc\/","https:\/\/www.linkedin.com\/company\/ip-automation-inc\/","https:\/\/www.youtube.com\/@IPAutomation"]}]}},"_links":{"self":[{"href":"https:\/\/ipautomationinc.com\/fr\/wp-json\/wp\/v2\/pages\/1241","targetHints":{"allow":["GET"]}}],"collection":[{"href":"https:\/\/ipautomationinc.com\/fr\/wp-json\/wp\/v2\/pages"}],"about":[{"href":"https:\/\/ipautomationinc.com\/fr\/wp-json\/wp\/v2\/types\/page"}],"author":[{"embeddable":true,"href":"https:\/\/ipautomationinc.com\/fr\/wp-json\/wp\/v2\/users\/3"}],"replies":[{"embeddable":true,"href":"https:\/\/ipautomationinc.com\/fr\/wp-json\/wp\/v2\/comments?post=1241"}],"version-history":[{"count":3,"href":"https:\/\/ipautomationinc.com\/fr\/wp-json\/wp\/v2\/pages\/1241\/revisions"}],"predecessor-version":[{"id":39483,"href":"https:\/\/ipautomationinc.com\/fr\/wp-json\/wp\/v2\/pages\/1241\/revisions\/39483"}],"wp:attachment":[{"href":"https:\/\/ipautomationinc.com\/fr\/wp-json\/wp\/v2\/media?parent=1241"}],"curies":[{"name":"wp","href":"https:\/\/api.w.org\/{rel}","templated":true}]}}