{"id":1234,"date":"2022-06-16T14:54:40","date_gmt":"2022-06-16T19:54:40","guid":{"rendered":"https:\/\/ipautomationinc.com\/?page_id=1234"},"modified":"2026-03-31T15:29:37","modified_gmt":"2026-03-31T20:29:37","slug":"serie-i-s-carre","status":"publish","type":"page","link":"https:\/\/ipautomationinc.com\/fr\/i-s-squared-series\/","title":{"rendered":"Machine \u00e0 cintrer les fils CNC 3D s\u00e9rie i-S\u00b2"},"content":{"rendered":"<h6 class=\"wp-block-heading\"><strong>Les cintreuses de fils CNC 3D de la s\u00e9rie i-S\u00b2 sont bas\u00e9es sur la conception de notre s\u00e9rie iS, mais nous avons ajout\u00e9 une t\u00eate de pliage suppl\u00e9mentaire mont\u00e9e sur un axe de pliage transversal. La deuxi\u00e8me t\u00eate de pliage ouvre une multitude d&#039;options impossibles \u00e0 cr\u00e9er avec une seule t\u00eate de pliage. La flexibilit\u00e9 du pliage du nez et du mandrin dans une seule machine offre une incroyable polyvalence.<\/strong><\/h6>\n\n\n\n<p><\/p>\n\n\n\n<p><span class=\"builder2seo\"><\/span>Cintreuses de fils CNC \u00e0 t\u00eates de courbure multiples<br><br>S\u00e9rie i-S\u00b2<br><br><img decoding=\"async\" src=\"https:\/\/ipautomationinc.com\/wp-content\/uploads\/2024\/08\/i10-S\u00b2-rgb.png#36757\" alt=\"i10-S\u00b2-rgb\"><br>Machine \u00e0 cintrer les fils CNC 3D<br>400px<br><br>Cliquez ici pour la vid\u00e9o<br><a href=\"https:\/\/ipautomationinc.com\/fr\/serie-i-s-carre\/#video\">https:\/\/ipautomationinc.com\/i-s-squared-series\/#video<\/a><br>fas fa-play-circle<br>bouton_th\u00e8me<br><br>Cliquez ici pour le d\u00e9pliant PDF<br><a href=\"https:\/\/ipautomationinc.com\/wp-content\/uploads\/2025\/09\/2025-i-S-Squared-Bifold-Flyer.pdf\">https:\/\/ipautomationinc.com\/wp-content\/uploads\/2025\/09\/2025-i-S-Squared-Bifold-Flyer.pdf<\/a><br>fas fa-fichier-pdf<br>bouton_th\u00e8me<br>https:\/\/ipautomationinc.com\/wp-content\/uploads\/2025\/09\/2025-i-S-Squared-Bifold-Flyer.pdf<br><br>261,260,262,251,246<br>#0455B3<br>3px 3px 3px 3px<br><br><h4>Les cintreuses de fils CNC 3D de la s\u00e9rie i-S\u00b2 sont bas\u00e9es sur la conception de notre s\u00e9rie iS, mais nous avons ajout\u00e9 une t\u00eate de pliage suppl\u00e9mentaire mont\u00e9e sur un axe de pliage transversal. La deuxi\u00e8me t\u00eate de pliage ouvre une multitude d&#039;options impossibles \u00e0 cr\u00e9er avec une seule t\u00eate de pliage. La flexibilit\u00e9 du pliage du nez et du mandrin dans une seule machine offre une incroyable polyvalence. La cintreuse de fils CNC i-S\u00b2 3D se pr\u00eate \u00e9galement au cintrage de tubes \u00e0 partir de bobines gr\u00e2ce \u00e0 l&#039;ajout de nos options de rainurage ou de chanfreinage en ligne.<\/h4><br><br><h3>Applications<\/h3><h4>Multitude de pi\u00e8ces en 2 et 3 dimensions provenant d&#039;attaches de construction, de barres de torsion pour si\u00e8ges automobiles, \u00e9quipements ext\u00e9rieurs et agricoles, CVC, leviers, grilles, liaisons, crochets, pi\u00e8ces de meubles, pr\u00e9sentoirs POP, supports, pi\u00e8ces pli\u00e9es par mandrin et pi\u00e8ces de tubes pli\u00e9es. une bobine telle que des conduites de frein, des conduites de compresseur d&#039;air, des tubes de r\u00e9frig\u00e9ration.<\/h4><br>#EBEBEB<br><br><img decoding=\"async\" src=\"https:\/\/ipautomationinc.com\/wp-content\/uploads\/2024\/08\/i10-S\u00b2-rgb.png#36757\" alt=\"i10-S\u00b2-rgb\"><br>Machine \u00e0 cintrer les fils CNC 3D<br><br>Cliquez ici pour la vid\u00e9o<br><a href=\"https:\/\/ipautomationinc.com\/fr\/serie-i-s-carre\/#video\">https:\/\/ipautomationinc.com\/i-s-squared-series\/#video<\/a><br>fas fa-play-circle<br>bouton_th\u00e8me<br><br>Cliquez ici pour le d\u00e9pliant PDF<br><a href=\"https:\/\/ipautomationinc.com\/wp-content\/uploads\/2025\/09\/2025-i-S-Squared-Bifold-Flyer.pdf\">https:\/\/ipautomationinc.com\/wp-content\/uploads\/2025\/09\/2025-i-S-Squared-Bifold-Flyer.pdf<\/a><br>fas fa-fichier-pdf<br>bouton_th\u00e8me<br>https:\/\/ipautomationinc.com\/wp-content\/uploads\/2025\/09\/2025-i-S-Squared-Bifold-Flyer.pdf<br><br>261,260,262,251,246<br>#0455B3<br>3px 3px 3px 3px<br>coutume<br>80%<br><br><h4>Les cintreuses de fils CNC 3D de la s\u00e9rie i-S\u00b2 sont bas\u00e9es sur la conception de notre s\u00e9rie iS, mais nous avons ajout\u00e9 une t\u00eate de pliage suppl\u00e9mentaire mont\u00e9e sur un axe de pliage transversal. La deuxi\u00e8me t\u00eate de pliage ouvre une multitude d&#039;options impossibles \u00e0 cr\u00e9er avec une seule t\u00eate de pliage. La flexibilit\u00e9 du pliage du nez et du mandrin dans une seule machine offre une incroyable polyvalence. La cintreuse de fils CNC i-S\u00b2 3D se pr\u00eate \u00e9galement au cintrage de tubes \u00e0 partir de bobines gr\u00e2ce \u00e0 l&#039;ajout de nos options de rainurage ou de chanfreinage en ligne.<\/h4><br><br><h3>Applications<\/h3><h4>Multitude de pi\u00e8ces en 2 et 3 dimensions provenant d&#039;attaches de construction, de barres de torsion pour si\u00e8ges automobiles, \u00e9quipements ext\u00e9rieurs et agricoles, CVC, leviers, grilles, liaisons, crochets, pi\u00e8ces de meubles, pr\u00e9sentoirs POP, supports, pi\u00e8ces pli\u00e9es par mandrin et pi\u00e8ces de tubes pli\u00e9es. une bobine telle que des conduites de frein, des conduites de compresseur d&#039;air, des tubes de r\u00e9frig\u00e9ration.<\/h4><br>#EBEBEB<br><br><br>M\u00e9dias<br><br>;c;;<br><br>Vid\u00e9o i13-S\u00b2<br><a href=\"https:\/\/player.vimeo.com\/video\/1020329518\">https:\/\/player.vimeo.com\/video\/1020329518<\/a><br>lightbox<br>bouton_th\u00e8me<br>exit-mfn-popup<br><br>1309,1311,1671,35649,1204<br>grand<br><br><br>Caract\u00e9ristiques<br><br>Pliant<br>La programmation<br>D\u00e9tails<br>Disposition des machines<br><br><br>\t8 Servo Axes: X-feed, Y &#8211; bender pin rotation, Z &#8211; arm rotation, T &#8211; center turret rotation, P &#8211; bend head height , C &#8211; cutter<br><br>\tJusqu&#039;\u00e0 16 rayons de courbure possibles gr\u00e2ce \u00e0 la hauteur de cintreuse r\u00e9glable et aux doubles tourelles<br><br>Les ing\u00e9nieurs IP Automation et les machines CNC toutes les t\u00eates de pliage, les couteaux et les rouleaux d&#039;alimentation en fil en interne \u00e0 un co\u00fbt raisonnable avec un d\u00e9lai d&#039;ex\u00e9cution rapide<br><br><br><br><br>\t<a href=\"https:\/\/ipautomationinc.com\/fr\/capacites-des-machines\/\">Logiciel Intellibend <\/a> sur le syst\u00e8me d&#039;exploitation Windows 10<br><br>Format du programme CNC Longueur-Rotation-Angle<br><br>\tTableau de bord de production, avec programmation des cadences et des lots en temps r\u00e9el<br><br>\t\u00c9cran multi-touch 21,5\u2033<br><br>\tConnectivit\u00e9 \u00e0 distance via tunnel VPN<br><br>\tProtocole OPC-UA pour l&#039;industrie 4.0<br><br>Fonctions d&#039;E\/S personnalis\u00e9es disponibles<br><br>\t<br><br><br>Gain de fil avec capacit\u00e9 du bras \u00e0 mouvement lin\u00e9aire\u00a0: 3\u00a0000 lb. inclus (option 4 500 lb disponible)<br><br>Cage de s\u00e9curit\u00e9 de 7 pi (2,13 m) avec porte de verrouillage de s\u00e9curit\u00e9<br><br>Redresseur de fil \u00e0 double plan \u00e0 large gamme<br><br>Tous les syst\u00e8mes d&#039;entra\u00eenement d&#039;alimentation et de pliage ont des engrenages tremp\u00e9s et sont enti\u00e8rement ferm\u00e9s.<br><br>Rouleaux d&#039;alimentation tremp\u00e9s \u00e0 retournement rapide pour 2 tailles de fil<br><br>Codeur lin\u00e9aire sur d\u00e9vidoir pour la pr\u00e9cision et la d\u00e9tection de glissement<br><br>Stabilisateur de fil<br><br>Surface de la matrice de coupe r\u00e9aff\u00fbtable<br><br>Formation sur site disponible<br><br>Int\u00e9gration robotique capable<br><br><br><div class=\"image_frame image_item scale-with-grid element_classes no_border hover-disable mfn-img-box\"  role=\"link\" aria-label=\"Image avec liens\" tabindex=\"0\"><div class=\"image_wrapper\"><a href=\"https:\/\/ipautomationinc.com\/wp-content\/uploads\/2022\/07\/502-Front.png\" rel=\"prettyphoto\"   class=\"\"  tabindex=\"-1\" title=\"\"><div class=\"mask\"><\/div><img decoding=\"async\" class=\"scale-with-grid\" src=\"https:\/\/ipautomationinc.com\/wp-content\/uploads\/2022\/07\/502-Front.png\" fetchpriority=\"high\" alt=\"Disposition de la machine \u00e0 cintrer les fils CNC 3D\" title=\"\" width=\"380\" height=\"460\" style=\"\"\/><\/a><div class=\"image_links\"><a href=\"https:\/\/ipautomationinc.com\/wp-content\/uploads\/2022\/07\/502-Front.png\" class=\"zoom\" rel=\"prettyphoto\" tabindex=\"-1\" aria-label=\"zoomer l&#039;image\" title=\"\"><svg viewbox=\"0 0 26 26\"><defs><style>.path{fill:none;stroke:#333;stroke-miterlimit:10;stroke-width:1.5px;}<\/style><\/defs><circle cx=\"11.35\" cy=\"11.35\" r=\"6\" class=\"path\"\/><line x1=\"15.59\" y1=\"15.59\" x2=\"20.65\" y2=\"20.65\" class=\"path\"\/><\/svg><\/a><\/div><\/div><p class=\"wp-caption-text\">Vue avant du i10-S\u00b2<\/p><\/div>\n<br><br><br><br><div class=\"image_frame image_item scale-with-grid element_classes no_border hover-disable mfn-img-box\"  role=\"link\" aria-label=\"Image avec liens\" tabindex=\"0\"><div class=\"image_wrapper\"><a href=\"https:\/\/ipautomationinc.com\/wp-content\/uploads\/2022\/07\/502-Top.png\" rel=\"prettyphoto\"   class=\"\"  tabindex=\"-1\" title=\"\"><div class=\"mask\"><\/div><img decoding=\"async\" class=\"scale-with-grid\" src=\"https:\/\/ipautomationinc.com\/wp-content\/uploads\/2022\/07\/502-Top.png\" fetchpriority=\"high\" alt=\"Disposition de la machine \u00e0 cintrer les fils CNC 3D\" title=\"\" width=\"380\" height=\"352\" style=\"\"\/><\/a><div class=\"image_links\"><a href=\"https:\/\/ipautomationinc.com\/wp-content\/uploads\/2022\/07\/502-Top.png\" class=\"zoom\" rel=\"prettyphoto\" tabindex=\"-1\" aria-label=\"zoomer l&#039;image\" title=\"\"><svg viewbox=\"0 0 26 26\"><defs><style>.path{fill:none;stroke:#333;stroke-miterlimit:10;stroke-width:1.5px;}<\/style><\/defs><circle cx=\"11.35\" cy=\"11.35\" r=\"6\" class=\"path\"\/><line x1=\"15.59\" y1=\"15.59\" x2=\"20.65\" y2=\"20.65\" class=\"path\"\/><\/svg><\/a><\/div><\/div><p class=\"wp-caption-text\">Vue de dessus du i10-S\u00b2<\/p><\/div>\n<br><br><br><br><div class=\"image_frame image_item scale-with-grid element_classes no_border hover-disable mfn-img-box\"  role=\"link\" aria-label=\"Image avec liens\" tabindex=\"0\"><div class=\"image_wrapper\"><a href=\"https:\/\/ipautomationinc.com\/wp-content\/uploads\/2022\/07\/502-ISO.png\" rel=\"prettyphoto\"   class=\"\"  tabindex=\"-1\" title=\"\"><div class=\"mask\"><\/div><img decoding=\"async\" class=\"scale-with-grid\" src=\"https:\/\/ipautomationinc.com\/wp-content\/uploads\/2022\/07\/502-ISO.png\" fetchpriority=\"high\" alt=\"502 ISO\" title=\"\" width=\"380\" height=\"473\" style=\"\"\/><\/a><div class=\"image_links\"><a href=\"https:\/\/ipautomationinc.com\/wp-content\/uploads\/2022\/07\/502-ISO.png\" class=\"zoom\" rel=\"prettyphoto\" tabindex=\"-1\" aria-label=\"zoomer l&#039;image\" title=\"\"><svg viewbox=\"0 0 26 26\"><defs><style>.path{fill:none;stroke:#333;stroke-miterlimit:10;stroke-width:1.5px;}<\/style><\/defs><circle cx=\"11.35\" cy=\"11.35\" r=\"6\" class=\"path\"\/><line x1=\"15.59\" y1=\"15.59\" x2=\"20.65\" y2=\"20.65\" class=\"path\"\/><\/svg><\/a><\/div><\/div><p class=\"wp-caption-text\">Vue isom\u00e9trique du i10-S\u00b2<\/p><\/div>\n<br>#EBEBEB<br>#222222<br><br><br>Caract\u00e9ristiques<br><br><br><br><p>*La capacit\u00e9 de diam\u00e8tre minimum et maximum est influenc\u00e9e par la limite d&#039;\u00e9lasticit\u00e9 du fil. Contactez-nous pour obtenir des \u00e9claircissements sur la plage min\/max pour votre type de fil.<\/p><br><br><br>Options de la machine<br><br>Robotique intelligente<br>avec EOAT personnalis\u00e9<br><img decoding=\"async\" src=\"https:\/\/ipautomationinc.com\/wp-content\/uploads\/2022\/06\/machine-options_robot.png\" alt=\"machine-options_robot\"><br><a href=\"https:\/\/ipautomationinc.com\/fr\/accessoires\/robotique\/\">https:\/\/ipautomationinc.com\/accessories\/robotics\/<\/a><br>\u00e9chelle-bo\u00eete<br>70%<br><br>Centre d&#039;usinage iFM<br><img decoding=\"async\" src=\"https:\/\/ipautomationinc.com\/wp-content\/uploads\/2023\/11\/ifm-icon-1.png#35422\" alt=\"ic\u00f4ne ifm\"><br><a href=\"https:\/\/ipautomationinc.com\/fr\/accessoires\/centre-dusinage\/\">https:\/\/ipautomationinc.com\/accessories\/machining-center\/<\/a><br>\u00e9chelle-bo\u00eete<br>70%<br><br>Chanfreinage en ligne<br><img decoding=\"async\" src=\"https:\/\/ipautomationinc.com\/wp-content\/uploads\/2024\/01\/internal-chamfer.png#35611\" alt=\"internal chamfer\"><br><a href=\"https:\/\/ipautomationinc.com\/fr\/accessoires\/chanfrein-en-ligne\/\">https:\/\/ipautomationinc.com\/accessories\/in-line-chamfer\/<\/a><br>\u00e9chelle-bo\u00eete<br>70%<br><br>Station de chanfreinage\/per\u00e7age<br><img decoding=\"async\" src=\"https:\/\/ipautomationinc.com\/wp-content\/uploads\/2024\/08\/chamfer-drill.png#36736\" alt=\"foret \u00e0 chanfreiner\"><br><a href=\"https:\/\/ipautomationinc.com\/fr\/accessoires\/foret-a-chanfreiner\/\">https:\/\/ipautomationinc.com\/accessories\/chamfer-drill\/<\/a><br>\u00e9chelle-bo\u00eete<br>70%<br><br>Alimentateur\/redresseur traversant<br><img decoding=\"async\" src=\"https:\/\/ipautomationinc.com\/wp-content\/uploads\/2022\/06\/machine-options_traversing-straightener.png\" alt=\"machine-options_traversing-redresseur\"><br>\u00e9chelle-bo\u00eete<br>70%<br><br>En-t\u00eate froid<br><img decoding=\"async\" src=\"https:\/\/ipautomationinc.com\/wp-content\/uploads\/2022\/06\/machine-options_cold-heading.png\" alt=\"machine-options_cold-heading\"><br>\u00e9chelle-bo\u00eete<br>70%<br><br>Station de soulagement du stress<br><img decoding=\"async\" src=\"https:\/\/ipautomationinc.com\/wp-content\/uploads\/2022\/06\/machine-options_stress-relieving.png\" alt=\"options-machine_soulagement-du-stress\"><br>\u00e9chelle-bo\u00eete<br>70%<br><br>Presse servo<br><img decoding=\"async\" src=\"https:\/\/ipautomationinc.com\/wp-content\/uploads\/2022\/06\/machine-options_servo-press.png\" alt=\"machine-options_servo-presse\"><br>\u00e9chelle-bo\u00eete<br>70%<br><br>Inspection visuelle<br><img decoding=\"async\" src=\"https:\/\/ipautomationinc.com\/wp-content\/uploads\/2022\/06\/machine-options_vision-inspection-closeup.png\" alt=\"machine-options_vision-inspection-gros plan\"><br>\u00e9chelle-bo\u00eete<br>70%<br><br>Obtenez les prix maintenant\u00a0!<br>ic\u00f4ne en avant<br><a href=\"https:\/\/ipautomationinc.com\/fr\/contactez-nous\/#form\">https:\/\/ipautomationinc.com\/contact-us\/#form<\/a><br>50px<br><br>Autres cintreuses de fils CNC<br><br><h4>S\u00e9rie i-S\u00b2-P<\/h4><br><br><p><hr class=\"no_line\" style=\"margin: 0 auto 0px auto\"\/>\n <a href=\"https:\/\/ipautomationinc.com\/fr\/serie-i-s-carre-p\/\"> <img decoding=\"async\" src=\"https:\/\/ipautomationinc.com\/wp-content\/uploads\/2026\/02\/i10-S\u00b2-P-Single-Piece-3D-CNC-Wire-Bender.png\" alt=\"i-S\u00b2-P Formeur de fil CNC monobloc\"> <\/a> <hr class=\"no_line\" style=\"margin: 0 auto 0px auto\"\/>\n<\/p><br><br><p>La s\u00e9rie S\u00b2-P est con\u00e7ue pour faciliter le travail des formes de fil complexes de 2,5 \u00e0 13 mm.<\/p><br><br><a class=\"mfn-link mfn-link-1\" href=\"\" style=\"\" data-hover=\"\"   ><span data-hover=\"\"><\/span><\/a><br>pas de r\u00e9p\u00e9tition;en haut \u00e0 gauche;;<br>auto<br><br><h4>S\u00e9rie i-S<\/h4><br><br><p><hr class=\"no_line\" style=\"margin: 0 auto 0px auto\"\/>\n <a href=\"https:\/\/ipautomationinc.com\/fr\/serie-i-s\/\"> <img decoding=\"async\" src=\"https:\/\/ipautomationinc.com\/wp-content\/uploads\/2023\/02\/i8-S-RGB-1.png\" alt=\"iS CNC Fil Ancien\"> <\/a> <hr class=\"no_line\" style=\"margin: 0 auto 0px auto\"\/>\n<\/p><br><br><p>La s\u00e9rie S est une b\u00eate de somme de pr\u00e9cision pour les formes filaires 3D de 2 \u00e0 16 mm<\/p><br><br><a class=\"mfn-link mfn-link-1\" href=\"\" style=\"\" data-hover=\"\"   ><span data-hover=\"\"><\/span><\/a><br>pas de r\u00e9p\u00e9tition;en haut \u00e0 gauche;;<br>auto<br><br><h4>S\u00e9rie i-SC<\/h4><br><br><p><hr class=\"no_line\" style=\"margin: 0 auto 0px auto\"\/>\n <a href=\"https:\/\/ipautomationinc.com\/fr\/serie-i-sc\/\"> <img decoding=\"async\" src=\"https:\/\/ipautomationinc.com\/wp-content\/uploads\/2025\/09\/i8-SC-RGB.png\" alt=\"\"> <\/a> <hr class=\"no_line\" style=\"margin: 0 auto 0px auto\"\/>\n<\/p><br><br><p>La s\u00e9rie SC est une machine parfaite pour les formes de fils 3D plus courtes \u00e0 partir de fils de 2 \u00e0 8 mm.<\/p><br><br><a class=\"mfn-link mfn-link-1\" href=\"\" style=\"\" data-hover=\"\"   ><span data-hover=\"\"><\/span><\/a><br>pas de r\u00e9p\u00e9tition;en haut \u00e0 gauche;;<br>auto<br><br><\/p>","protected":false},"excerpt":{"rendered":"<p>The i-S\u00b2 series 3D CNC wire bending machines are based off of our i-S series design, but we added an<span class=\"excerpt-hellip\"> [\u2026]<\/span><\/p>\n","protected":false},"author":3,"featured_media":0,"parent":0,"menu_order":0,"comment_status":"closed","ping_status":"closed","template":"","meta":{"footnotes":""},"class_list":["post-1234","page","type-page","status-publish","hentry"],"yoast_head":"<!-- This site is optimized with the Yoast SEO plugin v27.3 - https:\/\/yoast.com\/product\/yoast-seo-wordpress\/ -->\n<title>i-S\u00b2 Series 3D CNC Wire Bending Machine | IP Automation Inc<\/title>\n<meta name=\"description\" content=\"The i-S\u00b2 3D CNC wire bending machine has an additional bend head mounted on a traverse bend axis. The second bend head opens a multitude of options for wire forms.\" \/>\n<meta name=\"robots\" content=\"index, follow, max-snippet:-1, max-image-preview:large, max-video-preview:-1\" \/>\n<link rel=\"canonical\" href=\"https:\/\/ipautomationinc.com\/fr\/serie-i-s-carre\/\" \/>\n<meta property=\"og:locale\" content=\"fr_FR\" \/>\n<meta property=\"og:type\" content=\"article\" \/>\n<meta property=\"og:title\" content=\"i-S\u00b2 Series 3D CNC Wire Bending Machine | IP Automation Inc\" \/>\n<meta property=\"og:description\" content=\"The i-S\u00b2 3D CNC wire bending machine has an additional bend head mounted on a traverse bend axis. The second bend head opens a multitude of options for wire forms.\" \/>\n<meta property=\"og:url\" content=\"https:\/\/ipautomationinc.com\/fr\/serie-i-s-carre\/\" \/>\n<meta property=\"og:site_name\" content=\"IP Automation Inc\" \/>\n<meta property=\"article:publisher\" content=\"https:\/\/www.facebook.com\/ipautomationinc\/\" \/>\n<meta property=\"article:modified_time\" content=\"2026-03-31T20:29:37+00:00\" \/>\n<meta property=\"og:image\" content=\"https:\/\/ipautomationinc.com\/wp-content\/uploads\/2022\/06\/machine-options_robot.png\" \/>\n<script type=\"application\/ld+json\" class=\"yoast-schema-graph\">{\"@context\":\"https:\\\/\\\/schema.org\",\"@graph\":[{\"@type\":\"WebPage\",\"@id\":\"https:\\\/\\\/ipautomationinc.com\\\/i-s-squared-series\\\/\",\"url\":\"https:\\\/\\\/ipautomationinc.com\\\/i-s-squared-series\\\/\",\"name\":\"i-S\u00b2 Series 3D CNC Wire Bending Machine | IP Automation Inc\",\"isPartOf\":{\"@id\":\"https:\\\/\\\/ipautomationinc.com\\\/#website\"},\"primaryImageOfPage\":{\"@id\":\"https:\\\/\\\/ipautomationinc.com\\\/i-s-squared-series\\\/#primaryimage\"},\"image\":{\"@id\":\"https:\\\/\\\/ipautomationinc.com\\\/i-s-squared-series\\\/#primaryimage\"},\"thumbnailUrl\":\"https:\\\/\\\/ipautomationinc.com\\\/wp-content\\\/uploads\\\/2022\\\/06\\\/machine-options_robot.png\",\"datePublished\":\"2022-06-16T19:54:40+00:00\",\"dateModified\":\"2026-03-31T20:29:37+00:00\",\"description\":\"The i-S\u00b2 3D CNC wire bending machine has an additional bend head mounted on a traverse bend axis. The second bend head opens a multitude of options for wire forms.\",\"inLanguage\":\"fr-FR\",\"potentialAction\":[{\"@type\":\"ReadAction\",\"target\":[\"https:\\\/\\\/ipautomationinc.com\\\/i-s-squared-series\\\/\"]}]},{\"@type\":\"ImageObject\",\"inLanguage\":\"fr-FR\",\"@id\":\"https:\\\/\\\/ipautomationinc.com\\\/i-s-squared-series\\\/#primaryimage\",\"url\":\"https:\\\/\\\/ipautomationinc.com\\\/wp-content\\\/uploads\\\/2022\\\/06\\\/machine-options_robot.png\",\"contentUrl\":\"https:\\\/\\\/ipautomationinc.com\\\/wp-content\\\/uploads\\\/2022\\\/06\\\/machine-options_robot.png\"},{\"@type\":\"WebSite\",\"@id\":\"https:\\\/\\\/ipautomationinc.com\\\/#website\",\"url\":\"https:\\\/\\\/ipautomationinc.com\\\/\",\"name\":\"IP Automation Inc\",\"description\":\"Concept... Creation... Reality...\",\"publisher\":{\"@id\":\"https:\\\/\\\/ipautomationinc.com\\\/#organization\"},\"potentialAction\":[{\"@type\":\"SearchAction\",\"target\":{\"@type\":\"EntryPoint\",\"urlTemplate\":\"https:\\\/\\\/ipautomationinc.com\\\/?s={search_term_string}\"},\"query-input\":{\"@type\":\"PropertyValueSpecification\",\"valueRequired\":true,\"valueName\":\"search_term_string\"}}],\"inLanguage\":\"fr-FR\"},{\"@type\":\"Organization\",\"@id\":\"https:\\\/\\\/ipautomationinc.com\\\/#organization\",\"name\":\"IP Automation Inc\",\"url\":\"https:\\\/\\\/ipautomationinc.com\\\/\",\"logo\":{\"@type\":\"ImageObject\",\"inLanguage\":\"fr-FR\",\"@id\":\"https:\\\/\\\/ipautomationinc.com\\\/#\\\/schema\\\/logo\\\/image\\\/\",\"url\":\"https:\\\/\\\/ipautomationinc.com\\\/wp-content\\\/uploads\\\/2022\\\/05\\\/IPA-Favicon.png\",\"contentUrl\":\"https:\\\/\\\/ipautomationinc.com\\\/wp-content\\\/uploads\\\/2022\\\/05\\\/IPA-Favicon.png\",\"width\":513,\"height\":513,\"caption\":\"IP Automation Inc\"},\"image\":{\"@id\":\"https:\\\/\\\/ipautomationinc.com\\\/#\\\/schema\\\/logo\\\/image\\\/\"},\"sameAs\":[\"https:\\\/\\\/www.facebook.com\\\/ipautomationinc\\\/\",\"https:\\\/\\\/www.linkedin.com\\\/company\\\/ip-automation-inc\\\/\",\"https:\\\/\\\/www.youtube.com\\\/@IPAutomation\"]}]}<\/script>\n<!-- \/ Yoast SEO plugin. -->","yoast_head_json":{"title":"Machine \u00e0 cintrer les fils CNC 3D s\u00e9rie i-S\u00b2 | IP Automatisation Inc","description":"La cintreuse de fil CNC i-S\u00b2 3D dispose d&#039;une t\u00eate de pliage suppl\u00e9mentaire mont\u00e9e sur un axe de pliage transversal. La deuxi\u00e8me t\u00eate de pliage ouvre une multitude d&#039;options pour les formes de fils.","robots":{"index":"index","follow":"follow","max-snippet":"max-snippet:-1","max-image-preview":"max-image-preview:large","max-video-preview":"max-video-preview:-1"},"canonical":"https:\/\/ipautomationinc.com\/fr\/serie-i-s-carre\/","og_locale":"fr_FR","og_type":"article","og_title":"i-S\u00b2 Series 3D CNC Wire Bending Machine | IP Automation Inc","og_description":"The i-S\u00b2 3D CNC wire bending machine has an additional bend head mounted on a traverse bend axis. The second bend head opens a multitude of options for wire forms.","og_url":"https:\/\/ipautomationinc.com\/fr\/serie-i-s-carre\/","og_site_name":"IP Automation Inc","article_publisher":"https:\/\/www.facebook.com\/ipautomationinc\/","article_modified_time":"2026-03-31T20:29:37+00:00","og_image":[{"url":"https:\/\/ipautomationinc.com\/wp-content\/uploads\/2022\/06\/machine-options_robot.png","type":"","width":"","height":""}],"schema":{"@context":"https:\/\/schema.org","@graph":[{"@type":"WebPage","@id":"https:\/\/ipautomationinc.com\/i-s-squared-series\/","url":"https:\/\/ipautomationinc.com\/i-s-squared-series\/","name":"Machine \u00e0 cintrer les fils CNC 3D s\u00e9rie i-S\u00b2 | IP Automatisation Inc","isPartOf":{"@id":"https:\/\/ipautomationinc.com\/#website"},"primaryImageOfPage":{"@id":"https:\/\/ipautomationinc.com\/i-s-squared-series\/#primaryimage"},"image":{"@id":"https:\/\/ipautomationinc.com\/i-s-squared-series\/#primaryimage"},"thumbnailUrl":"https:\/\/ipautomationinc.com\/wp-content\/uploads\/2022\/06\/machine-options_robot.png","datePublished":"2022-06-16T19:54:40+00:00","dateModified":"2026-03-31T20:29:37+00:00","description":"La cintreuse de fil CNC i-S\u00b2 3D dispose d&#039;une t\u00eate de pliage suppl\u00e9mentaire mont\u00e9e sur un axe de pliage transversal. La deuxi\u00e8me t\u00eate de pliage ouvre une multitude d&#039;options pour les formes de fils.","inLanguage":"fr-FR","potentialAction":[{"@type":"ReadAction","target":["https:\/\/ipautomationinc.com\/i-s-squared-series\/"]}]},{"@type":"ImageObject","inLanguage":"fr-FR","@id":"https:\/\/ipautomationinc.com\/i-s-squared-series\/#primaryimage","url":"https:\/\/ipautomationinc.com\/wp-content\/uploads\/2022\/06\/machine-options_robot.png","contentUrl":"https:\/\/ipautomationinc.com\/wp-content\/uploads\/2022\/06\/machine-options_robot.png"},{"@type":"WebSite","@id":"https:\/\/ipautomationinc.com\/#website","url":"https:\/\/ipautomationinc.com\/","name":"IP Automatisation Inc","description":"Concept... Cr\u00e9ation... R\u00e9alit\u00e9...","publisher":{"@id":"https:\/\/ipautomationinc.com\/#organization"},"potentialAction":[{"@type":"SearchAction","target":{"@type":"EntryPoint","urlTemplate":"https:\/\/ipautomationinc.com\/?s={search_term_string}"},"query-input":{"@type":"PropertyValueSpecification","valueRequired":true,"valueName":"search_term_string"}}],"inLanguage":"fr-FR"},{"@type":"Organization","@id":"https:\/\/ipautomationinc.com\/#organization","name":"IP Automatisation Inc","url":"https:\/\/ipautomationinc.com\/","logo":{"@type":"ImageObject","inLanguage":"fr-FR","@id":"https:\/\/ipautomationinc.com\/#\/schema\/logo\/image\/","url":"https:\/\/ipautomationinc.com\/wp-content\/uploads\/2022\/05\/IPA-Favicon.png","contentUrl":"https:\/\/ipautomationinc.com\/wp-content\/uploads\/2022\/05\/IPA-Favicon.png","width":513,"height":513,"caption":"IP Automation Inc"},"image":{"@id":"https:\/\/ipautomationinc.com\/#\/schema\/logo\/image\/"},"sameAs":["https:\/\/www.facebook.com\/ipautomationinc\/","https:\/\/www.linkedin.com\/company\/ip-automation-inc\/","https:\/\/www.youtube.com\/@IPAutomation"]}]}},"_links":{"self":[{"href":"https:\/\/ipautomationinc.com\/fr\/wp-json\/wp\/v2\/pages\/1234","targetHints":{"allow":["GET"]}}],"collection":[{"href":"https:\/\/ipautomationinc.com\/fr\/wp-json\/wp\/v2\/pages"}],"about":[{"href":"https:\/\/ipautomationinc.com\/fr\/wp-json\/wp\/v2\/types\/page"}],"author":[{"embeddable":true,"href":"https:\/\/ipautomationinc.com\/fr\/wp-json\/wp\/v2\/users\/3"}],"replies":[{"embeddable":true,"href":"https:\/\/ipautomationinc.com\/fr\/wp-json\/wp\/v2\/comments?post=1234"}],"version-history":[{"count":4,"href":"https:\/\/ipautomationinc.com\/fr\/wp-json\/wp\/v2\/pages\/1234\/revisions"}],"predecessor-version":[{"id":39520,"href":"https:\/\/ipautomationinc.com\/fr\/wp-json\/wp\/v2\/pages\/1234\/revisions\/39520"}],"wp:attachment":[{"href":"https:\/\/ipautomationinc.com\/fr\/wp-json\/wp\/v2\/media?parent=1234"}],"curies":[{"name":"wp","href":"https:\/\/api.w.org\/{rel}","templated":true}]}}