{"id":122,"date":"2017-10-27T17:57:09","date_gmt":"2017-10-27T22:57:09","guid":{"rendered":"http:\/\/ipautomationinc.com\/?page_id=122"},"modified":"2025-06-03T16:36:10","modified_gmt":"2025-06-03T21:36:10","slug":"soutien","status":"publish","type":"page","link":"https:\/\/ipautomationinc.com\/fr\/support\/","title":{"rendered":"Soutien"},"content":{"rendered":"<h6 class=\"wp-block-heading\"><strong>Pour obtenir de l&#039;aide, veuillez nous contacter par SMS au (630) 376-9903, par e-mail \u00e0 support@ipautomationinc.com ou par message. Assistance \u00e0 distance. Nous r\u00e9pondons au t\u00e9l\u00e9phone. Nous sommes l\u00e0 pour vous. Pi\u00e8ces d\u00e9tach\u00e9es. Documentation. Service apr\u00e8s-vente.<\/strong><\/h6>\n\n\n\n<p><span class=\"builder2seo\"><\/span><h3>Pour obtenir de l&#039;aide, vous pouvez envoyer un SMS \u00e0 notre ligne d&#039;assistance au (630)-376-9903<\/h3><br><br><hr class=\"no_line\" style=\"margin: 0 auto 0px auto\"\/>\n<br><br><h3><span>Envoyez-nous un e-mail directement \u00e0 support@ipautomationinc.com<\/span><\/h3><br><br><hr class=\"no_line\" style=\"margin: 0 auto 0px auto\"\/>\n<br><br><h3><span>ou <\/span>envoyez-nous un message en utilisant le formulaire ci-dessous.<\/h3><br>pas de r\u00e9p\u00e9tition;en haut \u00e0 gauche;;<br>auto<br><br><p class=\"wpcf7-contact-form-not-found\"><strong>Erreur :<\/strong> Formulaire de contact non trouv\u00e9 !<\/p><br><br><h3>Prise en charge de la connectivit\u00e9 \u00e0 distance<\/h3><br><br><h6>Si vous poss\u00e9dez une machine de formage de fil IP Automation, nous pouvons nous connecter \u00e0 votre machine via une connexion Ethernet pour r\u00e9soudre les probl\u00e8mes logiciels et mat\u00e9riels. Appelez-nous ou envoyez-nous un e-mail et nous vous guiderons tout au long du processus.<\/h6><br><br><br><br><h3>Nous prenons le t\u00e9l\u00e9phone<\/h3><br><br><h6>Si votre probl\u00e8me est trop complexe pour \u00eatre expliqu\u00e9 dans un e-mail, n&#039;h\u00e9sitez pas \u00e0 nous appeler au 630-656-1215 avec vos questions ou probl\u00e8mes de service. Nous vous fournirons un support r\u00e9actif sans emb\u00fbches.<\/h6><br><br><br><br><h3>Nous pouvons \u00eatre l\u00e0<\/h3><br><br><h6>Nous disposons de techniciens de service pr\u00eats \u00e0 assurer la maintenance et les r\u00e9parations sur site. Nos techniciens installeront \u00e9galement, effectueront des tests d\u2019acceptation sur site et des formations.<\/h6><br><br><br><br><h3>Pi\u00e8ces de rechange<\/h3><br><br><h6>Nous stockons la grande majorit\u00e9 des pi\u00e8ces de rechange dont nos clients peuvent avoir besoin. Nous fournissons m\u00eame les fichiers de dessin d&#039;outillage personnalis\u00e9s afin que vous puissiez cr\u00e9er le v\u00f4tre en un clin d&#039;\u0153il. Nous gravons au laser les pi\u00e8ces de rechange avec les num\u00e9ros de pi\u00e8ces pour une identification facile.<\/h6><br><br><br><br><h3>Documentation<\/h3><br><br><h6>La documentation peut \u00eatre perdue, il suffit de fournir le mod\u00e8le et le num\u00e9ro de s\u00e9rie de la machine et d&#039;utiliser le formulaire de contact ci-dessus.<\/h6><br><br><br><br><h3>Assistance apr\u00e8s-vente<\/h3><br><br><h6>Notre service apr\u00e8s-vente comprend une formation des op\u00e9rateurs et des ing\u00e9nieurs, une liste compl\u00e8te des nomenclatures de tous les principaux composants, des proc\u00e9dures op\u00e9rationnelles standard et des directives de d\u00e9pannage. De plus, nous assurons un accompagnement personnalis\u00e9 pour tous vos op\u00e9rateurs et ing\u00e9nieurs afin de garantir une mise en service sans probl\u00e8me de votre projet et une dur\u00e9e de vie sans probl\u00e8me du projet.<\/h6><br><br><br>pas de r\u00e9p\u00e9tition;en haut \u00e0 gauche;;<br>auto<br><br><p class=\"wpcf7-contact-form-not-found\"><strong>Erreur :<\/strong> Formulaire de contact non trouv\u00e9 !<\/p><br>pas de r\u00e9p\u00e9tition;en haut \u00e0 gauche;;<br>auto<br>cacher-ordinateur-portable cacher-tablette<br><br><\/p>","protected":false},"excerpt":{"rendered":"<p>For support please text our support line at (630)376-9903, email us directly at support@ipautomationinc.com or send us a message. Remote<span class=\"excerpt-hellip\"> [\u2026]<\/span><\/p>\n","protected":false},"author":3,"featured_media":0,"parent":0,"menu_order":0,"comment_status":"open","ping_status":"closed","template":"","meta":{"footnotes":""},"class_list":["post-122","page","type-page","status-publish","hentry"],"yoast_head":"<!-- This site is optimized with the Yoast SEO plugin v27.3 - https:\/\/yoast.com\/product\/yoast-seo-wordpress\/ -->\n<title>Support | IP Automation Inc<\/title>\n<meta name=\"description\" content=\"Need support for your wire bending machine? Give us a call or email us with any questions you may have.\" \/>\n<meta name=\"robots\" content=\"index, follow, max-snippet:-1, max-image-preview:large, max-video-preview:-1\" \/>\n<link rel=\"canonical\" href=\"https:\/\/ipautomationinc.com\/fr\/soutien\/\" \/>\n<meta property=\"og:locale\" content=\"fr_FR\" \/>\n<meta property=\"og:type\" content=\"article\" \/>\n<meta property=\"og:title\" content=\"Support | IP Automation Inc\" \/>\n<meta property=\"og:description\" content=\"Need support for your wire bending machine? Give us a call or email us with any questions you may have.\" \/>\n<meta property=\"og:url\" content=\"https:\/\/ipautomationinc.com\/fr\/soutien\/\" \/>\n<meta property=\"og:site_name\" content=\"IP Automation Inc\" \/>\n<meta property=\"article:publisher\" content=\"https:\/\/www.facebook.com\/ipautomationinc\/\" \/>\n<meta property=\"article:modified_time\" content=\"2025-06-03T21:36:10+00:00\" \/>\n<script type=\"application\/ld+json\" class=\"yoast-schema-graph\">{\"@context\":\"https:\\\/\\\/schema.org\",\"@graph\":[{\"@type\":\"WebPage\",\"@id\":\"https:\\\/\\\/ipautomationinc.com\\\/support\\\/\",\"url\":\"https:\\\/\\\/ipautomationinc.com\\\/support\\\/\",\"name\":\"Support | IP Automation Inc\",\"isPartOf\":{\"@id\":\"https:\\\/\\\/ipautomationinc.com\\\/#website\"},\"datePublished\":\"2017-10-27T22:57:09+00:00\",\"dateModified\":\"2025-06-03T21:36:10+00:00\",\"description\":\"Need support for your wire bending machine? Give us a call or email us with any questions you may have.\",\"inLanguage\":\"fr-FR\",\"potentialAction\":[{\"@type\":\"ReadAction\",\"target\":[\"https:\\\/\\\/ipautomationinc.com\\\/support\\\/\"]}]},{\"@type\":\"WebSite\",\"@id\":\"https:\\\/\\\/ipautomationinc.com\\\/#website\",\"url\":\"https:\\\/\\\/ipautomationinc.com\\\/\",\"name\":\"IP Automation Inc\",\"description\":\"Concept... Creation... Reality...\",\"publisher\":{\"@id\":\"https:\\\/\\\/ipautomationinc.com\\\/#organization\"},\"potentialAction\":[{\"@type\":\"SearchAction\",\"target\":{\"@type\":\"EntryPoint\",\"urlTemplate\":\"https:\\\/\\\/ipautomationinc.com\\\/?s={search_term_string}\"},\"query-input\":{\"@type\":\"PropertyValueSpecification\",\"valueRequired\":true,\"valueName\":\"search_term_string\"}}],\"inLanguage\":\"fr-FR\"},{\"@type\":\"Organization\",\"@id\":\"https:\\\/\\\/ipautomationinc.com\\\/#organization\",\"name\":\"IP Automation Inc\",\"url\":\"https:\\\/\\\/ipautomationinc.com\\\/\",\"logo\":{\"@type\":\"ImageObject\",\"inLanguage\":\"fr-FR\",\"@id\":\"https:\\\/\\\/ipautomationinc.com\\\/#\\\/schema\\\/logo\\\/image\\\/\",\"url\":\"https:\\\/\\\/ipautomationinc.com\\\/wp-content\\\/uploads\\\/2022\\\/05\\\/IPA-Favicon.png\",\"contentUrl\":\"https:\\\/\\\/ipautomationinc.com\\\/wp-content\\\/uploads\\\/2022\\\/05\\\/IPA-Favicon.png\",\"width\":513,\"height\":513,\"caption\":\"IP Automation Inc\"},\"image\":{\"@id\":\"https:\\\/\\\/ipautomationinc.com\\\/#\\\/schema\\\/logo\\\/image\\\/\"},\"sameAs\":[\"https:\\\/\\\/www.facebook.com\\\/ipautomationinc\\\/\",\"https:\\\/\\\/www.linkedin.com\\\/company\\\/ip-automation-inc\\\/\",\"https:\\\/\\\/www.youtube.com\\\/@IPAutomation\"]}]}<\/script>\n<!-- \/ Yoast SEO plugin. -->","yoast_head_json":{"title":"Assistance | IP Automatisation Inc","description":"Besoin d&#039;aide pour votre cintreuse de fils\u00a0? Appelez-nous ou envoyez-nous un e-mail pour toute question.","robots":{"index":"index","follow":"follow","max-snippet":"max-snippet:-1","max-image-preview":"max-image-preview:large","max-video-preview":"max-video-preview:-1"},"canonical":"https:\/\/ipautomationinc.com\/fr\/soutien\/","og_locale":"fr_FR","og_type":"article","og_title":"Support | IP Automation Inc","og_description":"Need support for your wire bending machine? Give us a call or email us with any questions you may have.","og_url":"https:\/\/ipautomationinc.com\/fr\/soutien\/","og_site_name":"IP Automation Inc","article_publisher":"https:\/\/www.facebook.com\/ipautomationinc\/","article_modified_time":"2025-06-03T21:36:10+00:00","schema":{"@context":"https:\/\/schema.org","@graph":[{"@type":"WebPage","@id":"https:\/\/ipautomationinc.com\/support\/","url":"https:\/\/ipautomationinc.com\/support\/","name":"Assistance | IP Automatisation Inc","isPartOf":{"@id":"https:\/\/ipautomationinc.com\/#website"},"datePublished":"2017-10-27T22:57:09+00:00","dateModified":"2025-06-03T21:36:10+00:00","description":"Besoin d&#039;aide pour votre cintreuse de fils\u00a0? Appelez-nous ou envoyez-nous un e-mail pour toute question.","inLanguage":"fr-FR","potentialAction":[{"@type":"ReadAction","target":["https:\/\/ipautomationinc.com\/support\/"]}]},{"@type":"WebSite","@id":"https:\/\/ipautomationinc.com\/#website","url":"https:\/\/ipautomationinc.com\/","name":"IP Automatisation Inc","description":"Concept... Cr\u00e9ation... R\u00e9alit\u00e9...","publisher":{"@id":"https:\/\/ipautomationinc.com\/#organization"},"potentialAction":[{"@type":"SearchAction","target":{"@type":"EntryPoint","urlTemplate":"https:\/\/ipautomationinc.com\/?s={search_term_string}"},"query-input":{"@type":"PropertyValueSpecification","valueRequired":true,"valueName":"search_term_string"}}],"inLanguage":"fr-FR"},{"@type":"Organization","@id":"https:\/\/ipautomationinc.com\/#organization","name":"IP Automatisation Inc","url":"https:\/\/ipautomationinc.com\/","logo":{"@type":"ImageObject","inLanguage":"fr-FR","@id":"https:\/\/ipautomationinc.com\/#\/schema\/logo\/image\/","url":"https:\/\/ipautomationinc.com\/wp-content\/uploads\/2022\/05\/IPA-Favicon.png","contentUrl":"https:\/\/ipautomationinc.com\/wp-content\/uploads\/2022\/05\/IPA-Favicon.png","width":513,"height":513,"caption":"IP Automation Inc"},"image":{"@id":"https:\/\/ipautomationinc.com\/#\/schema\/logo\/image\/"},"sameAs":["https:\/\/www.facebook.com\/ipautomationinc\/","https:\/\/www.linkedin.com\/company\/ip-automation-inc\/","https:\/\/www.youtube.com\/@IPAutomation"]}]}},"_links":{"self":[{"href":"https:\/\/ipautomationinc.com\/fr\/wp-json\/wp\/v2\/pages\/122","targetHints":{"allow":["GET"]}}],"collection":[{"href":"https:\/\/ipautomationinc.com\/fr\/wp-json\/wp\/v2\/pages"}],"about":[{"href":"https:\/\/ipautomationinc.com\/fr\/wp-json\/wp\/v2\/types\/page"}],"author":[{"embeddable":true,"href":"https:\/\/ipautomationinc.com\/fr\/wp-json\/wp\/v2\/users\/3"}],"replies":[{"embeddable":true,"href":"https:\/\/ipautomationinc.com\/fr\/wp-json\/wp\/v2\/comments?post=122"}],"version-history":[{"count":1,"href":"https:\/\/ipautomationinc.com\/fr\/wp-json\/wp\/v2\/pages\/122\/revisions"}],"predecessor-version":[{"id":37720,"href":"https:\/\/ipautomationinc.com\/fr\/wp-json\/wp\/v2\/pages\/122\/revisions\/37720"}],"wp:attachment":[{"href":"https:\/\/ipautomationinc.com\/fr\/wp-json\/wp\/v2\/media?parent=122"}],"curies":[{"name":"wp","href":"https:\/\/api.w.org\/{rel}","templated":true}]}}