{"id":120,"date":"2017-10-27T17:55:58","date_gmt":"2017-10-27T22:55:58","guid":{"rendered":"http:\/\/ipautomationinc.com\/?page_id=120"},"modified":"2026-02-12T15:09:31","modified_gmt":"2026-02-12T21:09:31","slug":"a-propos-de-nous","status":"publish","type":"page","link":"https:\/\/ipautomationinc.com\/fr\/about-us\/","title":{"rendered":"\u00c0 propos de l&#039;automatisation IP"},"content":{"rendered":"<p>Nous cumulons plus de 100 ans d&#039;exp\u00e9rience dans le pliage et l&#039;automatisation des fils. Ing\u00e9nierie, production d&#039;outillage et construction de machines en interne. Assistance r\u00e9active sur site et \u00e0 distance.<\/p>\n\n\n\n<p><span class=\"builder2seo\"><\/span><img decoding=\"async\" src=\"https:\/\/ipautomationinc.com\/wp-content\/uploads\/2023\/07\/1.1-with-logo.jpg#24683\" alt=\"1.1 avec logo\"><br><br><img decoding=\"async\" src=\"https:\/\/ipautomationinc.com\/wp-content\/uploads\/2022\/10\/10years.png\" alt=\"\"><br>coutume<br>205px<br><br><img decoding=\"async\" src=\"https:\/\/ipautomationinc.com\/wp-content\/uploads\/2022\/10\/10years.png\" alt=\"\"><br><br><br><br><br><br><h6>Plus de 100 ans d&#039;exp\u00e9rience combin\u00e9e dans le pliage de fils et l&#039;automatisation<\/h6><br><br><br><br><br><br><h6>Machines de pliage de fils CNC enti\u00e8rement \u00e9lectriques avec logiciel Intellibend facile \u00e0 utiliser et simulations de pointe<\/h6><br><br><br><br><br><br><h6>Des sp\u00e9cialistes des cellules d&#039;automatisation sur mesure centr\u00e9s autour de nos cintreuses de fils CNC<\/h6><br><br><br><br><br><br><h6>Ing\u00e9nierie, production d&#039;outillage et construction de machines en interne<\/h6><br><br><br><br><br><br><h6>Gestion de projet et service client d\u00e9di\u00e9s<\/h6><br><br><br><br><br><br><h6>Assistance r\u00e9active sur site et \u00e0 distance<\/h6><br><br><br><br><br>Titre<br>pas de r\u00e9p\u00e9tition\u00a0; centre en haut\u00a0;;<br>auto<br>10px<br><br><h6><br><br>\t<br><br>Notre gamme compl\u00e8te de machines de formage de fil 2D, 3D \u00e0 t\u00eate simple et double de nouvelle g\u00e9n\u00e9ration offre un contr\u00f4le de pliage ultime et une maintenance r\u00e9duite avec des servomoteurs sur toutes les fonctions de pliage et de coupe.<br><br>\t<br><br>Nos conceptions sont con\u00e7ues avec de nombreux raffinements innovants n\u00e9s de 80 ans d&#039;exp\u00e9rience combin\u00e9e dans la m\u00e9canique et les logiciels de pliage de fils, offrant une productivit\u00e9 sans souci \u00e0 nos clients.<br><br>\t<br><br>Int\u00e9gration robotique des op\u00e9rations secondaires telles que le soudage, l&#039;emboutissage, l&#039;usinage, la relaxation des contraintes, l&#039;inspection, le rev\u00eatement en poudre, le pliage secondaire et le sertissage.<br><br>\t<br><br>La conception et la fabrication de toutes nos machines se font dans la banlieue de Chicago. Tous les stocks, la fabrication d\u2019outillage, le support, l\u2019ing\u00e9nierie, le d\u00e9veloppement de logiciels, la construction et les tests de machines sont tous sous un m\u00eame toit.<br><br>\t<br><br>Nos techniciens de service fournissent un service de niveau expert, une assistance \u00e0 l&#039;installation et une formation. Nous pouvons facilement d\u00e9panner le mat\u00e9riel et les logiciels \u00e0 distance sur toutes les machines dot\u00e9es d&#039;une connectivit\u00e9 \u00e0 distance int\u00e9gr\u00e9e.<br><br><br><br><\/h6><br>Titre<br>pas de r\u00e9p\u00e9tition\u00a0; centre en haut\u00a0;;<br>auto<br><br>Entrer en contact<br><a href=\"https:\/\/ipautomationinc.com\/fr\/contactez-nous\/\">https:\/\/ipautomationinc.com\/contact-us\/<\/a><br>ic\u00f4ne en avant<br>bouton_th\u00e8me<br><br>#ffffff<br><br><h3><span>Associations et affiliations<\/span><\/h3><br>pas de r\u00e9p\u00e9tition;centre;;<br>auto<br><br><img decoding=\"async\" src=\"https:\/\/ipautomationinc.com\/wp-content\/uploads\/2023\/12\/asi-logo.png#35542\" alt=\"asi-logo\"><br><a href=\"https:\/\/www.fanucamerica.com\/solutions\/applications\/material-handling-robots\">https:\/\/www.fanucamerica.com\/solutions\/applications\/material-handling-robots<\/a><br>agrandir<br><br><img decoding=\"async\" src=\"https:\/\/ipautomationinc.com\/wp-content\/uploads\/2022\/04\/tma-logo.png\" alt=\"logo tma\"><br><a href=\"https:\/\/www.tmaillinois.org\/\">https:\/\/www.tmaillinois.org\/<\/a><br>agrandir<br><br><img decoding=\"async\" src=\"https:\/\/ipautomationinc.com\/wp-content\/uploads\/2022\/04\/Imec-logo-1.jpg\" alt=\"logo Imec\"><br><a href=\"https:\/\/www.imec.org\/\">https:\/\/www.imec.org\/<\/a><br>agrandir<br><br><img decoding=\"async\" src=\"https:\/\/ipautomationinc.com\/wp-content\/uploads\/2022\/04\/br22.jpg\" alt=\"br22\"><br><a href=\"https:\/\/www.br-automation.com\/\">https:\/\/www.br-automation.com\/<\/a><br>agrandir<br><br><img decoding=\"async\" src=\"https:\/\/ipautomationinc.com\/wp-content\/uploads\/2022\/04\/powerlink-logo.png\" alt=\"logo powerlink\"><br><a href=\"https:\/\/www.ethernet-powerlink.org\/\">https:\/\/www.ethernet-powerlink.org\/<\/a><br>agrandir<br><br><img decoding=\"async\" src=\"https:\/\/ipautomationinc.com\/wp-content\/uploads\/2022\/04\/casmi.jpg\" alt=\"casmi\"><br><a href=\"https:\/\/www.casmi-springworld.org\/\">https:\/\/www.casmi-springworld.org\/<\/a><br>agrandir<br><br><\/p>","protected":false},"excerpt":{"rendered":"<p>We have over 100 years of combined experience in wire bending and automation. In-house engineering, tooling production, and machine building.<span class=\"excerpt-hellip\"> [\u2026]<\/span><\/p>\n","protected":false},"author":3,"featured_media":0,"parent":0,"menu_order":0,"comment_status":"open","ping_status":"closed","template":"","meta":{"footnotes":""},"class_list":["post-120","page","type-page","status-publish","hentry"],"yoast_head":"<!-- This site is optimized with the Yoast SEO plugin v27.3 - https:\/\/yoast.com\/product\/yoast-seo-wordpress\/ -->\n<title>About IP Automation | IP Automation Inc<\/title>\n<meta name=\"description\" content=\"Over 100 years combined experience in wire bending. In-house engineering, tooling, and production. Learn more about IP Automation.\" \/>\n<meta name=\"robots\" content=\"index, follow, max-snippet:-1, max-image-preview:large, max-video-preview:-1\" \/>\n<link rel=\"canonical\" href=\"https:\/\/ipautomationinc.com\/fr\/a-propos-de-nous\/\" \/>\n<meta property=\"og:locale\" content=\"fr_FR\" \/>\n<meta property=\"og:type\" content=\"article\" \/>\n<meta property=\"og:title\" content=\"About IP Automation | IP Automation Inc\" \/>\n<meta property=\"og:description\" content=\"Over 100 years combined experience in wire bending. In-house engineering, tooling, and production. Learn more about IP Automation.\" \/>\n<meta property=\"og:url\" content=\"https:\/\/ipautomationinc.com\/fr\/a-propos-de-nous\/\" \/>\n<meta property=\"og:site_name\" content=\"IP Automation Inc\" \/>\n<meta property=\"article:publisher\" content=\"https:\/\/www.facebook.com\/ipautomationinc\/\" \/>\n<meta property=\"article:modified_time\" content=\"2026-02-12T21:09:31+00:00\" \/>\n<meta property=\"og:image\" content=\"https:\/\/ipautomationinc.com\/wp-content\/uploads\/2023\/07\/1.1-with-logo.jpg#24683\" \/>\n<script type=\"application\/ld+json\" class=\"yoast-schema-graph\">{\"@context\":\"https:\\\/\\\/schema.org\",\"@graph\":[{\"@type\":\"WebPage\",\"@id\":\"https:\\\/\\\/ipautomationinc.com\\\/about-us\\\/\",\"url\":\"https:\\\/\\\/ipautomationinc.com\\\/about-us\\\/\",\"name\":\"About IP Automation | IP Automation Inc\",\"isPartOf\":{\"@id\":\"https:\\\/\\\/ipautomationinc.com\\\/#website\"},\"primaryImageOfPage\":{\"@id\":\"https:\\\/\\\/ipautomationinc.com\\\/about-us\\\/#primaryimage\"},\"image\":{\"@id\":\"https:\\\/\\\/ipautomationinc.com\\\/about-us\\\/#primaryimage\"},\"thumbnailUrl\":\"https:\\\/\\\/ipautomationinc.com\\\/wp-content\\\/uploads\\\/2023\\\/07\\\/1.1-with-logo.jpg#24683\",\"datePublished\":\"2017-10-27T22:55:58+00:00\",\"dateModified\":\"2026-02-12T21:09:31+00:00\",\"description\":\"Over 100 years combined experience in wire bending. In-house engineering, tooling, and production. Learn more about IP Automation.\",\"inLanguage\":\"fr-FR\",\"potentialAction\":[{\"@type\":\"ReadAction\",\"target\":[\"https:\\\/\\\/ipautomationinc.com\\\/about-us\\\/\"]}]},{\"@type\":\"ImageObject\",\"inLanguage\":\"fr-FR\",\"@id\":\"https:\\\/\\\/ipautomationinc.com\\\/about-us\\\/#primaryimage\",\"url\":\"https:\\\/\\\/ipautomationinc.com\\\/wp-content\\\/uploads\\\/2023\\\/07\\\/1.1-with-logo.jpg#24683\",\"contentUrl\":\"https:\\\/\\\/ipautomationinc.com\\\/wp-content\\\/uploads\\\/2023\\\/07\\\/1.1-with-logo.jpg#24683\"},{\"@type\":\"WebSite\",\"@id\":\"https:\\\/\\\/ipautomationinc.com\\\/#website\",\"url\":\"https:\\\/\\\/ipautomationinc.com\\\/\",\"name\":\"IP Automation Inc\",\"description\":\"Concept... Creation... Reality...\",\"publisher\":{\"@id\":\"https:\\\/\\\/ipautomationinc.com\\\/#organization\"},\"potentialAction\":[{\"@type\":\"SearchAction\",\"target\":{\"@type\":\"EntryPoint\",\"urlTemplate\":\"https:\\\/\\\/ipautomationinc.com\\\/?s={search_term_string}\"},\"query-input\":{\"@type\":\"PropertyValueSpecification\",\"valueRequired\":true,\"valueName\":\"search_term_string\"}}],\"inLanguage\":\"fr-FR\"},{\"@type\":\"Organization\",\"@id\":\"https:\\\/\\\/ipautomationinc.com\\\/#organization\",\"name\":\"IP Automation Inc\",\"url\":\"https:\\\/\\\/ipautomationinc.com\\\/\",\"logo\":{\"@type\":\"ImageObject\",\"inLanguage\":\"fr-FR\",\"@id\":\"https:\\\/\\\/ipautomationinc.com\\\/#\\\/schema\\\/logo\\\/image\\\/\",\"url\":\"https:\\\/\\\/ipautomationinc.com\\\/wp-content\\\/uploads\\\/2022\\\/05\\\/IPA-Favicon.png\",\"contentUrl\":\"https:\\\/\\\/ipautomationinc.com\\\/wp-content\\\/uploads\\\/2022\\\/05\\\/IPA-Favicon.png\",\"width\":513,\"height\":513,\"caption\":\"IP Automation Inc\"},\"image\":{\"@id\":\"https:\\\/\\\/ipautomationinc.com\\\/#\\\/schema\\\/logo\\\/image\\\/\"},\"sameAs\":[\"https:\\\/\\\/www.facebook.com\\\/ipautomationinc\\\/\",\"https:\\\/\\\/www.linkedin.com\\\/company\\\/ip-automation-inc\\\/\",\"https:\\\/\\\/www.youtube.com\\\/@IPAutomation\"]}]}<\/script>\n<!-- \/ Yoast SEO plugin. -->","yoast_head_json":{"title":"\u00c0 propos de l&#039;automatisation IP | IP Automatisation Inc","description":"Plus de 100 ans d&#039;exp\u00e9rience cumul\u00e9e dans le pliage de fils. Ing\u00e9nierie, outillage et production en interne. En savoir plus sur IP Automation.","robots":{"index":"index","follow":"follow","max-snippet":"max-snippet:-1","max-image-preview":"max-image-preview:large","max-video-preview":"max-video-preview:-1"},"canonical":"https:\/\/ipautomationinc.com\/fr\/a-propos-de-nous\/","og_locale":"fr_FR","og_type":"article","og_title":"About IP Automation | IP Automation Inc","og_description":"Over 100 years combined experience in wire bending. In-house engineering, tooling, and production. Learn more about IP Automation.","og_url":"https:\/\/ipautomationinc.com\/fr\/a-propos-de-nous\/","og_site_name":"IP Automation Inc","article_publisher":"https:\/\/www.facebook.com\/ipautomationinc\/","article_modified_time":"2026-02-12T21:09:31+00:00","og_image":[{"url":"https:\/\/ipautomationinc.com\/wp-content\/uploads\/2023\/07\/1.1-with-logo.jpg#24683","type":"","width":"","height":""}],"schema":{"@context":"https:\/\/schema.org","@graph":[{"@type":"WebPage","@id":"https:\/\/ipautomationinc.com\/about-us\/","url":"https:\/\/ipautomationinc.com\/about-us\/","name":"\u00c0 propos de l&#039;automatisation IP | IP Automatisation Inc","isPartOf":{"@id":"https:\/\/ipautomationinc.com\/#website"},"primaryImageOfPage":{"@id":"https:\/\/ipautomationinc.com\/about-us\/#primaryimage"},"image":{"@id":"https:\/\/ipautomationinc.com\/about-us\/#primaryimage"},"thumbnailUrl":"https:\/\/ipautomationinc.com\/wp-content\/uploads\/2023\/07\/1.1-with-logo.jpg#24683","datePublished":"2017-10-27T22:55:58+00:00","dateModified":"2026-02-12T21:09:31+00:00","description":"Plus de 100 ans d&#039;exp\u00e9rience cumul\u00e9e dans le pliage de fils. Ing\u00e9nierie, outillage et production en interne. En savoir plus sur IP Automation.","inLanguage":"fr-FR","potentialAction":[{"@type":"ReadAction","target":["https:\/\/ipautomationinc.com\/about-us\/"]}]},{"@type":"ImageObject","inLanguage":"fr-FR","@id":"https:\/\/ipautomationinc.com\/about-us\/#primaryimage","url":"https:\/\/ipautomationinc.com\/wp-content\/uploads\/2023\/07\/1.1-with-logo.jpg#24683","contentUrl":"https:\/\/ipautomationinc.com\/wp-content\/uploads\/2023\/07\/1.1-with-logo.jpg#24683"},{"@type":"WebSite","@id":"https:\/\/ipautomationinc.com\/#website","url":"https:\/\/ipautomationinc.com\/","name":"IP Automatisation Inc","description":"Concept... Cr\u00e9ation... R\u00e9alit\u00e9...","publisher":{"@id":"https:\/\/ipautomationinc.com\/#organization"},"potentialAction":[{"@type":"SearchAction","target":{"@type":"EntryPoint","urlTemplate":"https:\/\/ipautomationinc.com\/?s={search_term_string}"},"query-input":{"@type":"PropertyValueSpecification","valueRequired":true,"valueName":"search_term_string"}}],"inLanguage":"fr-FR"},{"@type":"Organization","@id":"https:\/\/ipautomationinc.com\/#organization","name":"IP Automatisation Inc","url":"https:\/\/ipautomationinc.com\/","logo":{"@type":"ImageObject","inLanguage":"fr-FR","@id":"https:\/\/ipautomationinc.com\/#\/schema\/logo\/image\/","url":"https:\/\/ipautomationinc.com\/wp-content\/uploads\/2022\/05\/IPA-Favicon.png","contentUrl":"https:\/\/ipautomationinc.com\/wp-content\/uploads\/2022\/05\/IPA-Favicon.png","width":513,"height":513,"caption":"IP Automation Inc"},"image":{"@id":"https:\/\/ipautomationinc.com\/#\/schema\/logo\/image\/"},"sameAs":["https:\/\/www.facebook.com\/ipautomationinc\/","https:\/\/www.linkedin.com\/company\/ip-automation-inc\/","https:\/\/www.youtube.com\/@IPAutomation"]}]}},"_links":{"self":[{"href":"https:\/\/ipautomationinc.com\/fr\/wp-json\/wp\/v2\/pages\/120","targetHints":{"allow":["GET"]}}],"collection":[{"href":"https:\/\/ipautomationinc.com\/fr\/wp-json\/wp\/v2\/pages"}],"about":[{"href":"https:\/\/ipautomationinc.com\/fr\/wp-json\/wp\/v2\/types\/page"}],"author":[{"embeddable":true,"href":"https:\/\/ipautomationinc.com\/fr\/wp-json\/wp\/v2\/users\/3"}],"replies":[{"embeddable":true,"href":"https:\/\/ipautomationinc.com\/fr\/wp-json\/wp\/v2\/comments?post=120"}],"version-history":[{"count":1,"href":"https:\/\/ipautomationinc.com\/fr\/wp-json\/wp\/v2\/pages\/120\/revisions"}],"predecessor-version":[{"id":37722,"href":"https:\/\/ipautomationinc.com\/fr\/wp-json\/wp\/v2\/pages\/120\/revisions\/37722"}],"wp:attachment":[{"href":"https:\/\/ipautomationinc.com\/fr\/wp-json\/wp\/v2\/media?parent=120"}],"curies":[{"name":"wp","href":"https:\/\/api.w.org\/{rel}","templated":true}]}}