{"id":118,"date":"2017-10-27T17:51:34","date_gmt":"2017-10-27T22:51:34","guid":{"rendered":"http:\/\/ipautomationinc.com\/?page_id=118"},"modified":"2024-03-13T21:59:50","modified_gmt":"2024-03-13T21:59:50","slug":"capacites-des-machines","status":"publish","type":"page","link":"https:\/\/ipautomationinc.com\/fr\/machine-capabilities\/","title":{"rendered":"Technologie des machines"},"content":{"rendered":"<h6 class=\"wp-block-heading\">Fonctionnalit\u00e9s du logiciel Intellibend <br>Interface de programmation simple sur \u00e9cran multi-touch 21,5\u2033 <br>Contr\u00f4le CNC complet de tous les axes servo <br>Simulation anim\u00e9e 3D mise \u00e0 jour avec d\u00e9tection de collision <br>Contr\u00f4le des lots et comptage de pi\u00e8ces int\u00e9gr\u00e9s <br>Connectivit\u00e9 r\u00e9seau int\u00e9gr\u00e9e pour l&#039;assistance technique et le d\u00e9pannage \u00e0 distance<br>Fonctionnalit\u00e9 d&#039;annulation\/r\u00e9tablissement compl\u00e8te de Windows 10 <br>Fonctionnalit\u00e9 OPC UA pour la mise en \u0153uvre de \u00ab\u00a0IIOT\u00a0\u00bb <br>Fonctions d&#039;E\/S personnalis\u00e9es disponibles <br>Utilitaires de sauvegarde\/sauvegarde automatiques <br>R\u00e9cup\u00e9ration automatique des appels et des pannes avec la robotique Fanuc <br>Mises \u00e0 jour logicielles fournies gratuitement <br>Colonnes de notes int\u00e9gr\u00e9es <br>Fonctionnalit\u00e9s logicielles communes<\/h6>\n\n\n\n<p><h3>Fonctionnalit\u00e9s du logiciel Intellibend<\/h3>\n<br>\n<br>\n<br><h6>Interface de programmation simple sur \u00e9cran multi-touch 21,5\u2033<\/h6>\n<br>\n<br>\n<br><h6>Contr\u00f4le CNC complet de tous les axes servo<\/h6>\n<br>\n<br>\n<br><h6>Simulation anim\u00e9e 3D mise \u00e0 jour avec d\u00e9tection de collision<\/h6>\n<br>\n<br>\n<br><h6>Contr\u00f4le des lots et comptage de pi\u00e8ces int\u00e9gr\u00e9s<\/h6>\n<br>\n<br>\n<br><h6> Connectivit\u00e9 r\u00e9seau int\u00e9gr\u00e9e pour l&#039;assistance technique et le d\u00e9pannage \u00e0 distance<\/h6>\n<br>\n<br>\n<br><h6>Fonctionnalit\u00e9 d&#039;annulation\/r\u00e9tablissement compl\u00e8te de Windows 10<\/h6>\n<br>\n<br>\n<br><h6>Fonctionnalit\u00e9 OPC UA pour la mise en \u0153uvre de \u00ab\u00a0IIOT\u00a0\u00bb<\/h6>\n<br>\n<br>\n<br><h6>Fonctions d&#039;E\/S personnalis\u00e9es disponibles<\/h6>\n<br>\n<br>\n<br><h6>Utilitaires de sauvegarde\/sauvegarde automatiques<\/h6>\n<br>\n<br>\n<br><h6>R\u00e9cup\u00e9ration automatique des appels et des pannes avec la robotique Fanuc<\/h6>\n<br>\n<br>\n<br><h6>Mises \u00e0 jour logicielles fournies gratuitement<\/h6>\n<br>\n<br>\n<br><h6>Colonnes de notes int\u00e9gr\u00e9es<\/h6>\n<br>\n<br><br>Fonctionnalit\u00e9s logicielles communes<br>gauche<br>pas de r\u00e9p\u00e9tition\u00a0; centre en haut\u00a0;;<br>auto<br><br><img decoding=\"async\" src=\"https:\/\/ipautomationinc.com\/wp-content\/uploads\/2022\/05\/DH-Simulation_Moment-trim.jpg\" alt=\"DH Simulation_Moment-trim\" \/><br>complet<br>10<br><br><img decoding=\"async\" src=\"https:\/\/ipautomationinc.com\/wp-content\/uploads\/2021\/12\/3D-EDIT-e1640878763153.png\" alt=\"MODIFICATION 3D\" \/><br>moyen<br><br><img decoding=\"async\" src=\"https:\/\/ipautomationinc.com\/wp-content\/uploads\/2021\/11\/3D-Feature-e1640879116681.png\" alt=\"Fonctionnalit\u00e9 3D\" \/><br>moyen<br><br><h3>Simulation de programme 3D<\/h3>\n<br>\n<br>\t<h6>La simulation anim\u00e9e g\u00e9n\u00e8re la cr\u00e9ation de formes de fil et les mouvements de la machine<\/h6>\n<br>\t<h6>Le mode conception permet la s\u00e9lection de segments pour \u00e9diter le code CNC correspondant<\/h6>\n<br>\t<h6>Vue de cam\u00e9ra mobile \u00e0 360\u00a0degr\u00e9s de la forme du fil g\u00e9n\u00e9r\u00e9<\/h6>\n<br>\t<h6>Ex\u00e9cutez une simulation compl\u00e8te en une seule fois ou \u00e9tape par \u00e9tape<\/h6>\n<br>\t<h6>D\u00e9tection de collision du fil avec lui-m\u00eame et la machine<\/h6>\n<br><br>gauche<br>pas de r\u00e9p\u00e9tition;en haut \u00e0 gauche;;<br>auto<br><br><h3>Caract\u00e9ristiques m\u00e9caniques<\/h3>\n<br>\n<br>\n<br><h6>M\u00e9canisme d&#039;alimentation en fil \u00e0 engrenages - pas de courroies \u00e0 porter<\/h6>\n<br>\n<br>\n<br><h6>Rouleaux d&#039;alimentation \u00e0 2 tailles de fil \u00e0 changement rapide qui s&#039;alignent parfaitement<\/h6>\n<br>\n<br>\n<br><h6>Tous les engrenages sont durcis pour la long\u00e9vit\u00e9<\/h6>\n<br>\n<br>\n<br><h6>Stabilisateur de fil pour une r\u00e9p\u00e9tabilit\u00e9 accrue de la forme du fil<\/h6>\n<br>\n<br>\n<br><h6>Redresseur de fil large gamme \u00e0 2 plans<\/h6>\n<br>\n<br>\n<br><h6>Dessins d&#039;outils pour les consommables inclus<\/h6>\n<br>\n<br>\n<br><h6>Construction de cadre en caisson super rigide<\/h6>\n<br>\n<br>\n<br><h6>Unit\u00e9 de gain aliment\u00e9e standard de 3 000 lb incluse<\/h6>\n<br>\n<br><br>Description<br>gauche<br>pas de r\u00e9p\u00e9tition\u00a0; centre en haut\u00a0;;<br>auto<br><br><img decoding=\"async\" src=\"https:\/\/ipautomationinc.com\/wp-content\/uploads\/2022\/05\/roller-front-2.jpg\" alt=\"rouleau avant\" \/><br>moyen<br><br><img decoding=\"async\" src=\"https:\/\/ipautomationinc.com\/wp-content\/uploads\/2022\/05\/roller-side.jpg\" alt=\"c\u00f4t\u00e9 rouleau\" \/><br>moyen<br><br><img decoding=\"async\" src=\"https:\/\/ipautomationinc.com\/wp-content\/uploads\/2021\/10\/pannel-e1640882866614.png\" alt=\"panneau\" \/><br>complet<br>contenir<br>centre centre<br>cacher<br><br><img decoding=\"async\" src=\"https:\/\/ipautomationinc.com\/wp-content\/uploads\/2022\/04\/SDM.png\" alt=\"MJF\" \/><br>moyen<br><br><h3>Fonctions de contr\u00f4le\/logiciel<\/h3>\n<br>\n<br>\t<h6>Gestionnaire de diagnostics syst\u00e8me pour une vue d&#039;ensemble compl\u00e8te de la machine<\/h6>\n<br>\t<h6>Moniteur de consommation d&#039;\u00e9nergie pour la consommation d&#039;\u00e9nergie et l&#039;efficacit\u00e9 de la machine<\/h6>\n<br>\t<h6>Alimentations actives pour augmenter la tension du bus CC pour de meilleures performances de la machine<\/h6>\n<br>\t<h6>Tension de bus CC partag\u00e9e pour l&#039;efficacit\u00e9 de la machine, la puissance suppl\u00e9mentaire est filtr\u00e9e vers la ligne<\/h6>\n<br>\t<h6>Encodeur de position du fil pour d\u00e9tecter le glissement du chargeur<\/h6>\n<br><br>Description<br>gauche<br>pas de r\u00e9p\u00e9tition\u00a0; centre en haut\u00a0;;<br>auto<br><br>Entrer en contact<br><a href=\"https:\/\/ipautomationinc.com\/fr\/contactez-nous\/\">https:\/\/ipautomationinc.com\/contact-us\/<\/a><br>ic\u00f4ne en avant<br>droite<br>4<br>bouton_th\u00e8me<br>centre<br><br><\/p>","protected":false},"excerpt":{"rendered":"<p>Intellibend Software features Simple programming interface on 21.5&#8243; multi touch screen Full CNC control of all servo axis Updated 3D<span class=\"excerpt-hellip\"> [\u2026]<\/span><\/p>\n","protected":false},"author":3,"featured_media":0,"parent":0,"menu_order":0,"comment_status":"open","ping_status":"closed","template":"","meta":{"footnotes":""},"class_list":["post-118","page","type-page","status-publish","hentry"],"yoast_head":"<!-- This site is optimized with the Yoast SEO plugin v27.3 - https:\/\/yoast.com\/product\/yoast-seo-wordpress\/ -->\n<title>Machine Technology | IP Automation Inc<\/title>\n<meta name=\"description\" content=\"Learn about the mechanical and programming machine features that goes into our machinery. Intellibend software with simulation.\" \/>\n<meta name=\"robots\" content=\"index, follow, max-snippet:-1, max-image-preview:large, max-video-preview:-1\" \/>\n<link rel=\"canonical\" href=\"https:\/\/ipautomationinc.com\/fr\/capacites-des-machines\/\" \/>\n<meta property=\"og:locale\" content=\"fr_FR\" \/>\n<meta property=\"og:type\" content=\"article\" \/>\n<meta property=\"og:title\" content=\"Machine Technology | IP Automation Inc\" \/>\n<meta property=\"og:description\" content=\"Learn about the mechanical and programming machine features that goes into our machinery. Intellibend software with simulation.\" \/>\n<meta property=\"og:url\" content=\"https:\/\/ipautomationinc.com\/fr\/capacites-des-machines\/\" \/>\n<meta property=\"og:site_name\" content=\"IP Automation Inc\" \/>\n<meta property=\"article:publisher\" content=\"https:\/\/www.facebook.com\/ipautomationinc\/\" \/>\n<meta property=\"article:modified_time\" content=\"2024-03-13T21:59:50+00:00\" \/>\n<meta property=\"og:image\" content=\"https:\/\/ipautomationinc.com\/wp-content\/uploads\/2022\/05\/web-header_Artboard-6.jpg\" \/>\n\t<meta property=\"og:image:width\" content=\"1920\" \/>\n\t<meta property=\"og:image:height\" content=\"815\" \/>\n\t<meta property=\"og:image:type\" content=\"image\/jpeg\" \/>\n<script type=\"application\/ld+json\" class=\"yoast-schema-graph\">{\"@context\":\"https:\\\/\\\/schema.org\",\"@graph\":[{\"@type\":\"WebPage\",\"@id\":\"https:\\\/\\\/ipautomationinc.com\\\/machine-capabilities\\\/\",\"url\":\"https:\\\/\\\/ipautomationinc.com\\\/machine-capabilities\\\/\",\"name\":\"Machine Technology | IP Automation Inc\",\"isPartOf\":{\"@id\":\"https:\\\/\\\/ipautomationinc.com\\\/#website\"},\"primaryImageOfPage\":{\"@id\":\"https:\\\/\\\/ipautomationinc.com\\\/machine-capabilities\\\/#primaryimage\"},\"image\":{\"@id\":\"https:\\\/\\\/ipautomationinc.com\\\/machine-capabilities\\\/#primaryimage\"},\"thumbnailUrl\":\"https:\\\/\\\/ipautomationinc.com\\\/wp-content\\\/uploads\\\/2022\\\/05\\\/DH-Simulation_Moment-trim.jpg\",\"datePublished\":\"2017-10-27T22:51:34+00:00\",\"dateModified\":\"2024-03-13T21:59:50+00:00\",\"description\":\"Learn about the mechanical and programming machine features that goes into our machinery. Intellibend software with simulation.\",\"inLanguage\":\"fr-FR\",\"potentialAction\":[{\"@type\":\"ReadAction\",\"target\":[\"https:\\\/\\\/ipautomationinc.com\\\/machine-capabilities\\\/\"]}]},{\"@type\":\"ImageObject\",\"inLanguage\":\"fr-FR\",\"@id\":\"https:\\\/\\\/ipautomationinc.com\\\/machine-capabilities\\\/#primaryimage\",\"url\":\"https:\\\/\\\/ipautomationinc.com\\\/wp-content\\\/uploads\\\/2022\\\/05\\\/DH-Simulation_Moment-trim.jpg\",\"contentUrl\":\"https:\\\/\\\/ipautomationinc.com\\\/wp-content\\\/uploads\\\/2022\\\/05\\\/DH-Simulation_Moment-trim.jpg\"},{\"@type\":\"WebSite\",\"@id\":\"https:\\\/\\\/ipautomationinc.com\\\/#website\",\"url\":\"https:\\\/\\\/ipautomationinc.com\\\/\",\"name\":\"IP Automation Inc\",\"description\":\"Concept... Creation... Reality...\",\"publisher\":{\"@id\":\"https:\\\/\\\/ipautomationinc.com\\\/#organization\"},\"potentialAction\":[{\"@type\":\"SearchAction\",\"target\":{\"@type\":\"EntryPoint\",\"urlTemplate\":\"https:\\\/\\\/ipautomationinc.com\\\/?s={search_term_string}\"},\"query-input\":{\"@type\":\"PropertyValueSpecification\",\"valueRequired\":true,\"valueName\":\"search_term_string\"}}],\"inLanguage\":\"fr-FR\"},{\"@type\":\"Organization\",\"@id\":\"https:\\\/\\\/ipautomationinc.com\\\/#organization\",\"name\":\"IP Automation Inc\",\"url\":\"https:\\\/\\\/ipautomationinc.com\\\/\",\"logo\":{\"@type\":\"ImageObject\",\"inLanguage\":\"fr-FR\",\"@id\":\"https:\\\/\\\/ipautomationinc.com\\\/#\\\/schema\\\/logo\\\/image\\\/\",\"url\":\"https:\\\/\\\/ipautomationinc.com\\\/wp-content\\\/uploads\\\/2022\\\/05\\\/IPA-Favicon.png\",\"contentUrl\":\"https:\\\/\\\/ipautomationinc.com\\\/wp-content\\\/uploads\\\/2022\\\/05\\\/IPA-Favicon.png\",\"width\":513,\"height\":513,\"caption\":\"IP Automation Inc\"},\"image\":{\"@id\":\"https:\\\/\\\/ipautomationinc.com\\\/#\\\/schema\\\/logo\\\/image\\\/\"},\"sameAs\":[\"https:\\\/\\\/www.facebook.com\\\/ipautomationinc\\\/\",\"https:\\\/\\\/www.linkedin.com\\\/company\\\/ip-automation-inc\\\/\",\"https:\\\/\\\/www.youtube.com\\\/@IPAutomation\"]}]}<\/script>\n<!-- \/ Yoast SEO plugin. -->","yoast_head_json":{"title":"Technologie des machines | IP Automatisation Inc","description":"D\u00e9couvrez les caract\u00e9ristiques m\u00e9caniques et de programmation de nos machines. Logiciel Intellibend avec simulation.","robots":{"index":"index","follow":"follow","max-snippet":"max-snippet:-1","max-image-preview":"max-image-preview:large","max-video-preview":"max-video-preview:-1"},"canonical":"https:\/\/ipautomationinc.com\/fr\/capacites-des-machines\/","og_locale":"fr_FR","og_type":"article","og_title":"Machine Technology | IP Automation Inc","og_description":"Learn about the mechanical and programming machine features that goes into our machinery. Intellibend software with simulation.","og_url":"https:\/\/ipautomationinc.com\/fr\/capacites-des-machines\/","og_site_name":"IP Automation Inc","article_publisher":"https:\/\/www.facebook.com\/ipautomationinc\/","article_modified_time":"2024-03-13T21:59:50+00:00","og_image":[{"width":1920,"height":815,"url":"https:\/\/ipautomationinc.com\/wp-content\/uploads\/2022\/05\/web-header_Artboard-6.jpg","type":"image\/jpeg"}],"schema":{"@context":"https:\/\/schema.org","@graph":[{"@type":"WebPage","@id":"https:\/\/ipautomationinc.com\/machine-capabilities\/","url":"https:\/\/ipautomationinc.com\/machine-capabilities\/","name":"Technologie des machines | IP Automatisation Inc","isPartOf":{"@id":"https:\/\/ipautomationinc.com\/#website"},"primaryImageOfPage":{"@id":"https:\/\/ipautomationinc.com\/machine-capabilities\/#primaryimage"},"image":{"@id":"https:\/\/ipautomationinc.com\/machine-capabilities\/#primaryimage"},"thumbnailUrl":"https:\/\/ipautomationinc.com\/wp-content\/uploads\/2022\/05\/DH-Simulation_Moment-trim.jpg","datePublished":"2017-10-27T22:51:34+00:00","dateModified":"2024-03-13T21:59:50+00:00","description":"D\u00e9couvrez les caract\u00e9ristiques m\u00e9caniques et de programmation de nos machines. Logiciel Intellibend avec simulation.","inLanguage":"fr-FR","potentialAction":[{"@type":"ReadAction","target":["https:\/\/ipautomationinc.com\/machine-capabilities\/"]}]},{"@type":"ImageObject","inLanguage":"fr-FR","@id":"https:\/\/ipautomationinc.com\/machine-capabilities\/#primaryimage","url":"https:\/\/ipautomationinc.com\/wp-content\/uploads\/2022\/05\/DH-Simulation_Moment-trim.jpg","contentUrl":"https:\/\/ipautomationinc.com\/wp-content\/uploads\/2022\/05\/DH-Simulation_Moment-trim.jpg"},{"@type":"WebSite","@id":"https:\/\/ipautomationinc.com\/#website","url":"https:\/\/ipautomationinc.com\/","name":"IP Automatisation Inc","description":"Concept... Cr\u00e9ation... R\u00e9alit\u00e9...","publisher":{"@id":"https:\/\/ipautomationinc.com\/#organization"},"potentialAction":[{"@type":"SearchAction","target":{"@type":"EntryPoint","urlTemplate":"https:\/\/ipautomationinc.com\/?s={search_term_string}"},"query-input":{"@type":"PropertyValueSpecification","valueRequired":true,"valueName":"search_term_string"}}],"inLanguage":"fr-FR"},{"@type":"Organization","@id":"https:\/\/ipautomationinc.com\/#organization","name":"IP Automatisation Inc","url":"https:\/\/ipautomationinc.com\/","logo":{"@type":"ImageObject","inLanguage":"fr-FR","@id":"https:\/\/ipautomationinc.com\/#\/schema\/logo\/image\/","url":"https:\/\/ipautomationinc.com\/wp-content\/uploads\/2022\/05\/IPA-Favicon.png","contentUrl":"https:\/\/ipautomationinc.com\/wp-content\/uploads\/2022\/05\/IPA-Favicon.png","width":513,"height":513,"caption":"IP Automation Inc"},"image":{"@id":"https:\/\/ipautomationinc.com\/#\/schema\/logo\/image\/"},"sameAs":["https:\/\/www.facebook.com\/ipautomationinc\/","https:\/\/www.linkedin.com\/company\/ip-automation-inc\/","https:\/\/www.youtube.com\/@IPAutomation"]}]}},"_links":{"self":[{"href":"https:\/\/ipautomationinc.com\/fr\/wp-json\/wp\/v2\/pages\/118","targetHints":{"allow":["GET"]}}],"collection":[{"href":"https:\/\/ipautomationinc.com\/fr\/wp-json\/wp\/v2\/pages"}],"about":[{"href":"https:\/\/ipautomationinc.com\/fr\/wp-json\/wp\/v2\/types\/page"}],"author":[{"embeddable":true,"href":"https:\/\/ipautomationinc.com\/fr\/wp-json\/wp\/v2\/users\/3"}],"replies":[{"embeddable":true,"href":"https:\/\/ipautomationinc.com\/fr\/wp-json\/wp\/v2\/comments?post=118"}],"version-history":[{"count":0,"href":"https:\/\/ipautomationinc.com\/fr\/wp-json\/wp\/v2\/pages\/118\/revisions"}],"wp:attachment":[{"href":"https:\/\/ipautomationinc.com\/fr\/wp-json\/wp\/v2\/media?parent=118"}],"curies":[{"name":"wp","href":"https:\/\/api.w.org\/{rel}","templated":true}]}}